{"id":12736,"date":"2026-03-20T05:49:07","date_gmt":"2026-03-20T05:49:07","guid":{"rendered":"https:\/\/www.alovey.com\/?post_type=product&#038;p=12736"},"modified":"2026-03-20T06:01:16","modified_gmt":"2026-03-20T06:01:16","slug":"luxury-square-metallic-lip-gloss-tube-4-5ml","status":"publish","type":"product","link":"https:\/\/www.alovey.com\/fr\/produit\/luxury-square-metallic-lip-gloss-tube-4-5ml\/","title":{"rendered":"Luxury Square Metallic  Lip Gloss Tube 4.5ml With Clear Double Wall"},"content":{"rendered":"<p><strong>This luxury metallic \u00a0lip gloss tube with square shape\u00a0(4.5ml)\u00a0features a metallic gold design with a clear double-wall structure, creating an elegant and premium appearance for cosmetic brands. The transparent body allows the product color to be clearly visible, enhancing product display.<\/strong><\/p>\n<p><strong>The lightweight and compact design\u00a0makes it easy to carry in handbags or cosmetic bags, making it perfect for daily use or travel. The lip gloss tube is easy to fill and suitable for a variety of lip products.<\/strong><\/p>\n<p><strong>With its stylish look and practical structure, this packaging is ideal for lip gloss, lip mud, lip oil, lip glaze, and other liquid cosmetics. It is also a great choice for beginners who want to practice making lip gloss or prepare product samples.<\/strong><\/p>\n<h3><strong>Product Features<\/strong><\/h3>\n<p><strong>Capacity: 4.5ml<\/strong><\/p>\n<p><strong>Square luxury design with metallic gold finish<\/strong><\/p>\n<p><strong>Clear double-wall structure\u00a0for premium appearance<\/strong><\/p>\n<p><strong>Lightweight and portable for travel and daily use<\/strong><\/p>\n<p><strong>Easy to fill and refill<\/strong><\/p>\n<p><strong>Suitable for lip gloss, lip mud, lip oil, lip glaze<\/strong><\/p>\n<p><strong>Ideal for DIY lip gloss samples and cosmetic brands<\/strong><\/p>\n<p><strong>Custom logo and private label available<\/strong><\/p>\n<p><strong>Alovey, fabricant professionnel chinois d'emballages cosm\u00e9tiques, produit une gamme exquise d'emballages cosm\u00e9tiques personnalis\u00e9s, m\u00e9ticuleusement con\u00e7us pour rehausser votre marque. Notre s\u00e9lection vari\u00e9e de mat\u00e9riaux de premi\u00e8re qualit\u00e9, associ\u00e9e \u00e0 des techniques de finition de surface d\u00e9licates telles que la s\u00e9rigraphie, l'estampage \u00e0 chaud et la pulv\u00e9risation mate, fait de chaque emballage un chef-d'\u0153uvre unique.<\/strong><\/p>\n<figure id=\"attachment_12737\" aria-describedby=\"caption-attachment-12737\" style=\"width: 750px\" class=\"wp-caption alignnone\"><img fetchpriority=\"high\" decoding=\"async\" class=\"size-full wp-image-12737\" src=\"https:\/\/www.alovey.com\/wp-content\/uploads\/2026\/03\/Luxury-Square-Metallic-Lip-Gloss-Tube-4.5ml-With-Clear-Double-Wall-6.jpg\" alt=\"Metallic Lip Gloss Tube\" width=\"750\" height=\"750\" srcset=\"https:\/\/www.alovey.com\/wp-content\/uploads\/2026\/03\/Luxury-Square-Metallic-Lip-Gloss-Tube-4.5ml-With-Clear-Double-Wall-6.jpg 750w, https:\/\/www.alovey.com\/wp-content\/uploads\/2026\/03\/Luxury-Square-Metallic-Lip-Gloss-Tube-4.5ml-With-Clear-Double-Wall-6-300x300.jpg 300w, https:\/\/www.alovey.com\/wp-content\/uploads\/2026\/03\/Luxury-Square-Metallic-Lip-Gloss-Tube-4.5ml-With-Clear-Double-Wall-6-150x150.jpg 150w, https:\/\/www.alovey.com\/wp-content\/uploads\/2026\/03\/Luxury-Square-Metallic-Lip-Gloss-Tube-4.5ml-With-Clear-Double-Wall-6-12x12.jpg 12w, https:\/\/www.alovey.com\/wp-content\/uploads\/2026\/03\/Luxury-Square-Metallic-Lip-Gloss-Tube-4.5ml-With-Clear-Double-Wall-6-600x600.jpg 600w, https:\/\/www.alovey.com\/wp-content\/uploads\/2026\/03\/Luxury-Square-Metallic-Lip-Gloss-Tube-4.5ml-With-Clear-Double-Wall-6-100x100.jpg 100w\" sizes=\"(max-width: 750px) 100vw, 750px\" \/><figcaption id=\"caption-attachment-12737\" class=\"wp-caption-text\">\u00a0<\/figcaption><\/figure>\n<figure id=\"attachment_12738\" aria-describedby=\"caption-attachment-12738\" style=\"width: 750px\" class=\"wp-caption alignnone\"><img decoding=\"async\" class=\"size-full wp-image-12738\" src=\"https:\/\/www.alovey.com\/wp-content\/uploads\/2026\/03\/Luxury-Square-Metallic-Lip-Gloss-Tube-4.5ml-With-Clear-Double-Wall-1.jpg\" alt=\"Metallic Lip Gloss Tube\" width=\"750\" height=\"750\" srcset=\"https:\/\/www.alovey.com\/wp-content\/uploads\/2026\/03\/Luxury-Square-Metallic-Lip-Gloss-Tube-4.5ml-With-Clear-Double-Wall-1.jpg 750w, https:\/\/www.alovey.com\/wp-content\/uploads\/2026\/03\/Luxury-Square-Metallic-Lip-Gloss-Tube-4.5ml-With-Clear-Double-Wall-1-300x300.jpg 300w, https:\/\/www.alovey.com\/wp-content\/uploads\/2026\/03\/Luxury-Square-Metallic-Lip-Gloss-Tube-4.5ml-With-Clear-Double-Wall-1-150x150.jpg 150w, https:\/\/www.alovey.com\/wp-content\/uploads\/2026\/03\/Luxury-Square-Metallic-Lip-Gloss-Tube-4.5ml-With-Clear-Double-Wall-1-12x12.jpg 12w, https:\/\/www.alovey.com\/wp-content\/uploads\/2026\/03\/Luxury-Square-Metallic-Lip-Gloss-Tube-4.5ml-With-Clear-Double-Wall-1-600x600.jpg 600w, https:\/\/www.alovey.com\/wp-content\/uploads\/2026\/03\/Luxury-Square-Metallic-Lip-Gloss-Tube-4.5ml-With-Clear-Double-Wall-1-100x100.jpg 100w\" sizes=\"(max-width: 750px) 100vw, 750px\" \/><figcaption id=\"caption-attachment-12738\" class=\"wp-caption-text\">\u00a0<\/figcaption><\/figure>\n<figure id=\"attachment_12739\" aria-describedby=\"caption-attachment-12739\" style=\"width: 750px\" class=\"wp-caption alignnone\"><img decoding=\"async\" class=\"size-full wp-image-12739\" src=\"https:\/\/www.alovey.com\/wp-content\/uploads\/2026\/03\/Luxury-Square-Metallic-Lip-Gloss-Tube-4.5ml-With-Clear-Double-Wall-2.jpg\" alt=\"Metallic Lip Gloss Tube\" width=\"750\" height=\"750\" srcset=\"https:\/\/www.alovey.com\/wp-content\/uploads\/2026\/03\/Luxury-Square-Metallic-Lip-Gloss-Tube-4.5ml-With-Clear-Double-Wall-2.jpg 750w, https:\/\/www.alovey.com\/wp-content\/uploads\/2026\/03\/Luxury-Square-Metallic-Lip-Gloss-Tube-4.5ml-With-Clear-Double-Wall-2-300x300.jpg 300w, https:\/\/www.alovey.com\/wp-content\/uploads\/2026\/03\/Luxury-Square-Metallic-Lip-Gloss-Tube-4.5ml-With-Clear-Double-Wall-2-150x150.jpg 150w, https:\/\/www.alovey.com\/wp-content\/uploads\/2026\/03\/Luxury-Square-Metallic-Lip-Gloss-Tube-4.5ml-With-Clear-Double-Wall-2-12x12.jpg 12w, https:\/\/www.alovey.com\/wp-content\/uploads\/2026\/03\/Luxury-Square-Metallic-Lip-Gloss-Tube-4.5ml-With-Clear-Double-Wall-2-600x600.jpg 600w, https:\/\/www.alovey.com\/wp-content\/uploads\/2026\/03\/Luxury-Square-Metallic-Lip-Gloss-Tube-4.5ml-With-Clear-Double-Wall-2-100x100.jpg 100w\" sizes=\"(max-width: 750px) 100vw, 750px\" \/><figcaption id=\"caption-attachment-12739\" class=\"wp-caption-text\">\u00a0<\/figcaption><\/figure>\n<figure id=\"attachment_12740\" aria-describedby=\"caption-attachment-12740\" style=\"width: 750px\" class=\"wp-caption alignnone\"><img loading=\"lazy\" decoding=\"async\" class=\"size-full wp-image-12740\" src=\"https:\/\/www.alovey.com\/wp-content\/uploads\/2026\/03\/Luxury-Square-Metallic-Lip-Gloss-Tube-4.5ml-With-Clear-Double-Wall-3.jpg\" alt=\"Metallic Lip Gloss Tube\" width=\"750\" height=\"750\" srcset=\"https:\/\/www.alovey.com\/wp-content\/uploads\/2026\/03\/Luxury-Square-Metallic-Lip-Gloss-Tube-4.5ml-With-Clear-Double-Wall-3.jpg 750w, https:\/\/www.alovey.com\/wp-content\/uploads\/2026\/03\/Luxury-Square-Metallic-Lip-Gloss-Tube-4.5ml-With-Clear-Double-Wall-3-300x300.jpg 300w, https:\/\/www.alovey.com\/wp-content\/uploads\/2026\/03\/Luxury-Square-Metallic-Lip-Gloss-Tube-4.5ml-With-Clear-Double-Wall-3-150x150.jpg 150w, https:\/\/www.alovey.com\/wp-content\/uploads\/2026\/03\/Luxury-Square-Metallic-Lip-Gloss-Tube-4.5ml-With-Clear-Double-Wall-3-12x12.jpg 12w, https:\/\/www.alovey.com\/wp-content\/uploads\/2026\/03\/Luxury-Square-Metallic-Lip-Gloss-Tube-4.5ml-With-Clear-Double-Wall-3-600x600.jpg 600w, https:\/\/www.alovey.com\/wp-content\/uploads\/2026\/03\/Luxury-Square-Metallic-Lip-Gloss-Tube-4.5ml-With-Clear-Double-Wall-3-100x100.jpg 100w\" sizes=\"(max-width: 750px) 100vw, 750px\" \/><figcaption id=\"caption-attachment-12740\" class=\"wp-caption-text\">\u00a0<\/figcaption><\/figure>\n<figure id=\"attachment_12741\" aria-describedby=\"caption-attachment-12741\" style=\"width: 750px\" class=\"wp-caption alignnone\"><img loading=\"lazy\" decoding=\"async\" class=\"size-full wp-image-12741\" src=\"https:\/\/www.alovey.com\/wp-content\/uploads\/2026\/03\/Luxury-Square-Metallic-Lip-Gloss-Tube-4.5ml-With-Clear-Double-Wall-4.jpg\" alt=\"Metallic Lip Gloss Tube\" width=\"750\" height=\"750\" srcset=\"https:\/\/www.alovey.com\/wp-content\/uploads\/2026\/03\/Luxury-Square-Metallic-Lip-Gloss-Tube-4.5ml-With-Clear-Double-Wall-4.jpg 750w, https:\/\/www.alovey.com\/wp-content\/uploads\/2026\/03\/Luxury-Square-Metallic-Lip-Gloss-Tube-4.5ml-With-Clear-Double-Wall-4-300x300.jpg 300w, https:\/\/www.alovey.com\/wp-content\/uploads\/2026\/03\/Luxury-Square-Metallic-Lip-Gloss-Tube-4.5ml-With-Clear-Double-Wall-4-150x150.jpg 150w, https:\/\/www.alovey.com\/wp-content\/uploads\/2026\/03\/Luxury-Square-Metallic-Lip-Gloss-Tube-4.5ml-With-Clear-Double-Wall-4-12x12.jpg 12w, https:\/\/www.alovey.com\/wp-content\/uploads\/2026\/03\/Luxury-Square-Metallic-Lip-Gloss-Tube-4.5ml-With-Clear-Double-Wall-4-600x600.jpg 600w, https:\/\/www.alovey.com\/wp-content\/uploads\/2026\/03\/Luxury-Square-Metallic-Lip-Gloss-Tube-4.5ml-With-Clear-Double-Wall-4-100x100.jpg 100w\" sizes=\"(max-width: 750px) 100vw, 750px\" \/><figcaption id=\"caption-attachment-12741\" class=\"wp-caption-text\">\u00a0<\/figcaption><\/figure>\n<figure id=\"attachment_12742\" aria-describedby=\"caption-attachment-12742\" style=\"width: 750px\" class=\"wp-caption alignnone\"><img loading=\"lazy\" decoding=\"async\" class=\"size-full wp-image-12742\" src=\"https:\/\/www.alovey.com\/wp-content\/uploads\/2026\/03\/Luxury-Square-Metallic-Lip-Gloss-Tube-4.5ml-With-Clear-Double-Wall-5.jpg\" alt=\"Metallic Lip Gloss Tube\" width=\"750\" height=\"750\" srcset=\"https:\/\/www.alovey.com\/wp-content\/uploads\/2026\/03\/Luxury-Square-Metallic-Lip-Gloss-Tube-4.5ml-With-Clear-Double-Wall-5.jpg 750w, https:\/\/www.alovey.com\/wp-content\/uploads\/2026\/03\/Luxury-Square-Metallic-Lip-Gloss-Tube-4.5ml-With-Clear-Double-Wall-5-300x300.jpg 300w, https:\/\/www.alovey.com\/wp-content\/uploads\/2026\/03\/Luxury-Square-Metallic-Lip-Gloss-Tube-4.5ml-With-Clear-Double-Wall-5-150x150.jpg 150w, https:\/\/www.alovey.com\/wp-content\/uploads\/2026\/03\/Luxury-Square-Metallic-Lip-Gloss-Tube-4.5ml-With-Clear-Double-Wall-5-12x12.jpg 12w, https:\/\/www.alovey.com\/wp-content\/uploads\/2026\/03\/Luxury-Square-Metallic-Lip-Gloss-Tube-4.5ml-With-Clear-Double-Wall-5-600x600.jpg 600w, https:\/\/www.alovey.com\/wp-content\/uploads\/2026\/03\/Luxury-Square-Metallic-Lip-Gloss-Tube-4.5ml-With-Clear-Double-Wall-5-100x100.jpg 100w\" sizes=\"(max-width: 750px) 100vw, 750px\" \/><figcaption id=\"caption-attachment-12742\" class=\"wp-caption-text\">\u00a0<\/figcaption><\/figure>\n<p>&nbsp;<\/p>\n<p>&nbsp;<\/p>\n<p>&nbsp;<\/p>\n<p>&nbsp;<\/p>\n<p>&nbsp;<\/p>\n<p>&nbsp;<\/p>\n<p>&nbsp;<\/p>\n<p>&nbsp;<\/p>\n<p>&nbsp;<\/p>\n<p>&nbsp;<\/p>\n<p>&nbsp;<\/p>\n<p>&nbsp;<\/p>\n<p>&nbsp;<\/p>\n<p>&nbsp;<\/p>\n<p>&nbsp;<\/p>\n<p>&nbsp;<\/p>\n<p>&nbsp;<\/p>\n<p>&nbsp;<\/p>\n<p>&nbsp;<\/p>\n<p>&nbsp;<\/p>\n<p>&nbsp;<\/p>\n<p>&nbsp;<\/p>\n<p>&nbsp;<\/p>\n<p>&nbsp;<\/p>\n<p>&nbsp;<\/p>\n<p>&nbsp;<\/p>\n<p>&nbsp;<\/p>\n<p>&nbsp;<\/p>\n<p>&nbsp;<\/p>\n<p>&nbsp;<\/p>\n<p>&nbsp;<\/p>\n<p>&nbsp;<\/p>\n<p>&nbsp;<\/p>\n<p>&nbsp;<\/p>\n<p>&nbsp;<\/p>\n<p>&nbsp;<\/p>\n<p>&nbsp;<\/p>\n<p>&nbsp;<\/p>\n<p>&nbsp;<\/p>\n<p>&nbsp;<\/p>\n<p>&nbsp;<\/p>\n<p>&nbsp;<\/p>\n<p>&nbsp;<\/p>\n<p>&nbsp;<\/p>\n<p>&nbsp;<\/p>\n<p>&nbsp;<\/p>\n<p>&nbsp;<\/p>\n<p>&nbsp;<\/p>\n<p>&nbsp;<\/p>\n<p>&nbsp;<\/p>\n<p>&nbsp;<\/p>\n<p>&nbsp;<\/p>\n<p>&nbsp;<\/p>\n<p>&nbsp;<\/p>\n<p>&nbsp;<\/p>\n<p>&nbsp;<\/p>\n<p>&nbsp;<\/p>\n<p>&nbsp;<\/p>\n<p>&nbsp;<\/p>\n<p>&nbsp;<\/p>\n<p>&nbsp;<\/p>\n<p>&nbsp;<\/p>\n<p>&nbsp;<\/p>\n<p>&nbsp;<\/p>\n<p>&nbsp;<\/p>\n<p>&nbsp;<\/p>\n<p>&nbsp;<\/p>\n<p>&nbsp;<\/p>\n<p>&nbsp;<\/p>\n<p>&nbsp;<\/p>\n<p>&nbsp;<\/p>\n<p>&nbsp;<\/p>\n<p>&nbsp;<\/p>\n<p>&nbsp;<\/p>\n<p>&nbsp;<\/p>\n<p>&nbsp;<\/p>\n<p>&nbsp;<\/p>\n<p>&nbsp;<\/p>\n<p>&nbsp;<\/p>\n<p>&nbsp;<\/p>\n<p>&nbsp;<\/p>\n<p>&nbsp;<\/p>\n<p>&nbsp;<\/p>\n<p>&nbsp;<\/p>\n<p>&nbsp;<\/p>\n<p>&nbsp;<\/p>\n<p>&nbsp;<\/p>\n<p>&nbsp;<\/p>\n<p>&nbsp;<\/p>\n<p>&nbsp;<\/p>\n<p>&nbsp;<\/p>\n<p>&nbsp;<\/p>\n<p>&nbsp;<\/p>\n<p>&nbsp;<\/p>\n<p>&nbsp;<\/p>\n<p>&nbsp;<\/p>\n<p>&nbsp;<\/p>\n<p>&nbsp;<\/p>\n<p>&nbsp;<\/p>\n<p>&nbsp;<\/p>\n<p>&nbsp;<\/p>\n<p>&nbsp;<\/p>\n<p>&nbsp;<\/p>\n<p>&nbsp;<\/p>\n<p>&nbsp;<\/p>\n<p>&nbsp;<\/p>\n<p>&nbsp;<\/p>\n<p>&nbsp;<\/p>\n<p>&nbsp;<\/p>\n<p>&nbsp;<\/p>\n<p>&nbsp;<\/p>\n<p>&nbsp;<\/p>\n<p>&nbsp;<\/p>\n<p>&nbsp;<\/p>\n<p>&nbsp;<\/p>\n<p>&nbsp;<\/p>\n<p>&nbsp;<\/p>\n<p>&nbsp;<\/p>\n<p>&nbsp;<\/p>\n<p>&nbsp;<\/p>\n<p>&nbsp;<\/p>\n<p>&nbsp;<\/p>\n<p>&nbsp;<\/p>\n<p>&nbsp;<\/p>\n<p>&nbsp;<\/p>\n<p>&nbsp;<\/p>\n<p>&nbsp;<\/p>\n<p>&nbsp;<\/p>\n<p>&nbsp;<\/p>\n<p>&nbsp;<\/p>\n<p>&nbsp;<\/p>\n<p>&nbsp;<\/p>\n<p>&nbsp;<\/p>\n<p>&nbsp;<\/p>\n<p>&nbsp;<\/p>\n<p>&nbsp;<\/p>\n<p>&nbsp;<\/p>\n<p>&nbsp;<\/p>\n<p>&nbsp;<\/p>\n<p>&nbsp;<\/p>\n<p>&nbsp;<\/p>\n<p>&nbsp;<\/p>\n<p>&nbsp;<\/p>\n<p>&nbsp;<\/p>","protected":false},"excerpt":{"rendered":"<ul>\n<li>Item No: LG-0610B<\/li>\n<li>Capacity: 4.5ml<\/li>\n<li>Size:\u00a0W20.5*H75MM<\/li>\n<li>Applications : Produits de beaut\u00e9<\/li>\n<li>MOQ : 12 000 pi\u00e8ces<\/li>\n<li>Couleur : couleur personnalis\u00e9e<\/li>\n<li>Surface treatment: Injection\/Matte\/Metalization\/UV coating<\/li>\n<li>Nom de marque : OEM\/ODM<\/li>\n<li>Logo : Logo du client<\/li>\n<li>Capacit\u00e9 de production : 100 000 pi\u00e8ces par mois<\/li>\n<\/ul>\n<p>&nbsp;<\/p>\n<p>&nbsp;<\/p>","protected":false},"featured_media":12738,"template":"","meta":{"_acf_changed":false},"product_brand":[],"product_cat":[15,372],"product_tag":[388],"class_list":{"0":"post-12736","1":"product","2":"type-product","3":"status-publish","4":"has-post-thumbnail","6":"product_cat-wholesale-lip-cosmetic-packaging","7":"product_cat-lipgloss-tube","8":"product_tag-lip-gloss-tube","10":"first","11":"instock","12":"shipping-taxable","13":"product-type-simple"},"acf":[],"yoast_head":"<!-- This site is optimized with the Yoast SEO plugin v24.1 - https:\/\/yoast.com\/wordpress\/plugins\/seo\/ -->\n<title>Luxury Square Metallic Lip Gloss Tube 4.5ml<\/title>\n<meta name=\"description\" content=\"This luxury metallic lip gloss tube features a metallic gold design with a clear double-wall structure, creating an elegant and premium cosmetic brands.\" \/>\n<meta name=\"robots\" content=\"index, follow, max-snippet:-1, max-image-preview:large, max-video-preview:-1\" \/>\n<link rel=\"canonical\" href=\"https:\/\/www.alovey.com\/fr\/produit\/luxury-square-metallic-lip-gloss-tube-4-5ml\/\" \/>\n<meta property=\"og:locale\" content=\"fr_FR\" \/>\n<meta property=\"og:type\" content=\"article\" \/>\n<meta property=\"og:title\" content=\"Luxury Square Metallic Lip Gloss Tube 4.5ml\" \/>\n<meta property=\"og:description\" content=\"This luxury metallic lip gloss tube features a metallic gold design with a clear double-wall structure, creating an elegant and premium cosmetic brands.\" \/>\n<meta property=\"og:url\" content=\"https:\/\/www.alovey.com\/fr\/produit\/luxury-square-metallic-lip-gloss-tube-4-5ml\/\" \/>\n<meta property=\"og:site_name\" content=\"Best Cosmetic Packaging Manufacture\" \/>\n<meta property=\"article:modified_time\" content=\"2026-03-20T06:01:16+00:00\" \/>\n<meta property=\"og:image\" content=\"https:\/\/www.alovey.com\/wp-content\/uploads\/2026\/03\/Luxury-Square-Metallic-Lip-Gloss-Tube-4.5ml-With-Clear-Double-Wall-1.jpg\" \/>\n\t<meta property=\"og:image:width\" content=\"750\" \/>\n\t<meta property=\"og:image:height\" content=\"750\" \/>\n\t<meta property=\"og:image:type\" content=\"image\/jpeg\" \/>\n<meta name=\"twitter:card\" content=\"summary_large_image\" \/>\n<meta name=\"twitter:label1\" content=\"Dur\u00e9e de lecture estim\u00e9e\" \/>\n\t<meta name=\"twitter:data1\" content=\"3 minutes\" \/>\n<script type=\"application\/ld+json\" class=\"yoast-schema-graph\">{\"@context\":\"https:\/\/schema.org\",\"@graph\":[{\"@type\":\"WebPage\",\"@id\":\"https:\/\/www.alovey.com\/product\/luxury-square-metallic-lip-gloss-tube-4-5ml\/\",\"url\":\"https:\/\/www.alovey.com\/product\/luxury-square-metallic-lip-gloss-tube-4-5ml\/\",\"name\":\"Luxury Square Metallic Lip Gloss Tube 4.5ml\",\"isPartOf\":{\"@id\":\"https:\/\/www.alovey.com\/#website\"},\"primaryImageOfPage\":{\"@id\":\"https:\/\/www.alovey.com\/product\/luxury-square-metallic-lip-gloss-tube-4-5ml\/#primaryimage\"},\"image\":{\"@id\":\"https:\/\/www.alovey.com\/product\/luxury-square-metallic-lip-gloss-tube-4-5ml\/#primaryimage\"},\"thumbnailUrl\":\"https:\/\/www.alovey.com\/wp-content\/uploads\/2026\/03\/Luxury-Square-Metallic-Lip-Gloss-Tube-4.5ml-With-Clear-Double-Wall-1.jpg\",\"datePublished\":\"2026-03-20T05:49:07+00:00\",\"dateModified\":\"2026-03-20T06:01:16+00:00\",\"description\":\"This luxury metallic lip gloss tube features a metallic gold design with a clear double-wall structure, creating an elegant and premium cosmetic brands.\",\"breadcrumb\":{\"@id\":\"https:\/\/www.alovey.com\/product\/luxury-square-metallic-lip-gloss-tube-4-5ml\/#breadcrumb\"},\"inLanguage\":\"fr-FR\",\"potentialAction\":[{\"@type\":\"ReadAction\",\"target\":[\"https:\/\/www.alovey.com\/product\/luxury-square-metallic-lip-gloss-tube-4-5ml\/\"]}]},{\"@type\":\"ImageObject\",\"inLanguage\":\"fr-FR\",\"@id\":\"https:\/\/www.alovey.com\/product\/luxury-square-metallic-lip-gloss-tube-4-5ml\/#primaryimage\",\"url\":\"https:\/\/www.alovey.com\/wp-content\/uploads\/2026\/03\/Luxury-Square-Metallic-Lip-Gloss-Tube-4.5ml-With-Clear-Double-Wall-1.jpg\",\"contentUrl\":\"https:\/\/www.alovey.com\/wp-content\/uploads\/2026\/03\/Luxury-Square-Metallic-Lip-Gloss-Tube-4.5ml-With-Clear-Double-Wall-1.jpg\",\"width\":750,\"height\":750,\"caption\":\"Luxury Square Metallic Lip Gloss Tube 4.5ml With Clear Double Wall\"},{\"@type\":\"BreadcrumbList\",\"@id\":\"https:\/\/www.alovey.com\/product\/luxury-square-metallic-lip-gloss-tube-4-5ml\/#breadcrumb\",\"itemListElement\":[{\"@type\":\"ListItem\",\"position\":1,\"name\":\"\u9996\u9875\",\"item\":\"https:\/\/www.alovey.com\/\"},{\"@type\":\"ListItem\",\"position\":2,\"name\":\"Products\",\"item\":\"https:\/\/www.alovey.com\/products\/\"},{\"@type\":\"ListItem\",\"position\":3,\"name\":\"Luxury Square Metallic Lip Gloss Tube 4.5ml With Clear Double Wall\"}]},{\"@type\":\"WebSite\",\"@id\":\"https:\/\/www.alovey.com\/#website\",\"url\":\"https:\/\/www.alovey.com\/\",\"name\":\"Best Cosmetic Packaging Manufacture\",\"description\":\"Alovey Cosmetic Packaging Co.,Ltd\",\"publisher\":{\"@id\":\"https:\/\/www.alovey.com\/#organization\"},\"potentialAction\":[{\"@type\":\"SearchAction\",\"target\":{\"@type\":\"EntryPoint\",\"urlTemplate\":\"https:\/\/www.alovey.com\/?s={search_term_string}\"},\"query-input\":{\"@type\":\"PropertyValueSpecification\",\"valueRequired\":true,\"valueName\":\"search_term_string\"}}],\"inLanguage\":\"fr-FR\"},{\"@type\":\"Organization\",\"@id\":\"https:\/\/www.alovey.com\/#organization\",\"name\":\"Best Cosmetic Packaging Manufacture\",\"url\":\"https:\/\/www.alovey.com\/\",\"logo\":{\"@type\":\"ImageObject\",\"inLanguage\":\"fr-FR\",\"@id\":\"https:\/\/www.alovey.com\/#\/schema\/logo\/image\/\",\"url\":\"https:\/\/www.alovey.com\/wp-content\/uploads\/2023\/03\/logo.png\",\"contentUrl\":\"https:\/\/www.alovey.com\/wp-content\/uploads\/2023\/03\/logo.png\",\"width\":505,\"height\":180,\"caption\":\"Best  Cosmetic Packaging Manufacture\"},\"image\":{\"@id\":\"https:\/\/www.alovey.com\/#\/schema\/logo\/image\/\"}}]}<\/script>\n<!-- \/ Yoast SEO plugin. -->","yoast_head_json":{"title":"Luxury Square Metallic Lip Gloss Tube 4.5ml","description":"This luxury metallic lip gloss tube features a metallic gold design with a clear double-wall structure, creating an elegant and premium cosmetic brands.","robots":{"index":"index","follow":"follow","max-snippet":"max-snippet:-1","max-image-preview":"max-image-preview:large","max-video-preview":"max-video-preview:-1"},"canonical":"https:\/\/www.alovey.com\/fr\/produit\/luxury-square-metallic-lip-gloss-tube-4-5ml\/","og_locale":"fr_FR","og_type":"article","og_title":"Luxury Square Metallic Lip Gloss Tube 4.5ml","og_description":"This luxury metallic lip gloss tube features a metallic gold design with a clear double-wall structure, creating an elegant and premium cosmetic brands.","og_url":"https:\/\/www.alovey.com\/fr\/produit\/luxury-square-metallic-lip-gloss-tube-4-5ml\/","og_site_name":"Best Cosmetic Packaging Manufacture","article_modified_time":"2026-03-20T06:01:16+00:00","og_image":[{"width":750,"height":750,"url":"https:\/\/www.alovey.com\/wp-content\/uploads\/2026\/03\/Luxury-Square-Metallic-Lip-Gloss-Tube-4.5ml-With-Clear-Double-Wall-1.jpg","type":"image\/jpeg"}],"twitter_card":"summary_large_image","twitter_misc":{"Dur\u00e9e de lecture estim\u00e9e":"3 minutes"},"schema":{"@context":"https:\/\/schema.org","@graph":[{"@type":"WebPage","@id":"https:\/\/www.alovey.com\/product\/luxury-square-metallic-lip-gloss-tube-4-5ml\/","url":"https:\/\/www.alovey.com\/product\/luxury-square-metallic-lip-gloss-tube-4-5ml\/","name":"Luxury Square Metallic Lip Gloss Tube 4.5ml","isPartOf":{"@id":"https:\/\/www.alovey.com\/#website"},"primaryImageOfPage":{"@id":"https:\/\/www.alovey.com\/product\/luxury-square-metallic-lip-gloss-tube-4-5ml\/#primaryimage"},"image":{"@id":"https:\/\/www.alovey.com\/product\/luxury-square-metallic-lip-gloss-tube-4-5ml\/#primaryimage"},"thumbnailUrl":"https:\/\/www.alovey.com\/wp-content\/uploads\/2026\/03\/Luxury-Square-Metallic-Lip-Gloss-Tube-4.5ml-With-Clear-Double-Wall-1.jpg","datePublished":"2026-03-20T05:49:07+00:00","dateModified":"2026-03-20T06:01:16+00:00","description":"This luxury metallic lip gloss tube features a metallic gold design with a clear double-wall structure, creating an elegant and premium cosmetic brands.","breadcrumb":{"@id":"https:\/\/www.alovey.com\/product\/luxury-square-metallic-lip-gloss-tube-4-5ml\/#breadcrumb"},"inLanguage":"fr-FR","potentialAction":[{"@type":"ReadAction","target":["https:\/\/www.alovey.com\/product\/luxury-square-metallic-lip-gloss-tube-4-5ml\/"]}]},{"@type":"ImageObject","inLanguage":"fr-FR","@id":"https:\/\/www.alovey.com\/product\/luxury-square-metallic-lip-gloss-tube-4-5ml\/#primaryimage","url":"https:\/\/www.alovey.com\/wp-content\/uploads\/2026\/03\/Luxury-Square-Metallic-Lip-Gloss-Tube-4.5ml-With-Clear-Double-Wall-1.jpg","contentUrl":"https:\/\/www.alovey.com\/wp-content\/uploads\/2026\/03\/Luxury-Square-Metallic-Lip-Gloss-Tube-4.5ml-With-Clear-Double-Wall-1.jpg","width":750,"height":750,"caption":"Luxury Square Metallic Lip Gloss Tube 4.5ml With Clear Double Wall"},{"@type":"BreadcrumbList","@id":"https:\/\/www.alovey.com\/product\/luxury-square-metallic-lip-gloss-tube-4-5ml\/#breadcrumb","itemListElement":[{"@type":"ListItem","position":1,"name":"\u9996\u9875","item":"https:\/\/www.alovey.com\/"},{"@type":"ListItem","position":2,"name":"Products","item":"https:\/\/www.alovey.com\/products\/"},{"@type":"ListItem","position":3,"name":"Luxury Square Metallic Lip Gloss Tube 4.5ml With Clear Double Wall"}]},{"@type":"WebSite","@id":"https:\/\/www.alovey.com\/#website","url":"https:\/\/www.alovey.com\/","name":"Best Cosmetic Packaging Manufacture","description":"Alovey Cosmetic Packaging Co.,Ltd","publisher":{"@id":"https:\/\/www.alovey.com\/#organization"},"potentialAction":[{"@type":"SearchAction","target":{"@type":"EntryPoint","urlTemplate":"https:\/\/www.alovey.com\/?s={search_term_string}"},"query-input":{"@type":"PropertyValueSpecification","valueRequired":true,"valueName":"search_term_string"}}],"inLanguage":"fr-FR"},{"@type":"Organization","@id":"https:\/\/www.alovey.com\/#organization","name":"Best Cosmetic Packaging Manufacture","url":"https:\/\/www.alovey.com\/","logo":{"@type":"ImageObject","inLanguage":"fr-FR","@id":"https:\/\/www.alovey.com\/#\/schema\/logo\/image\/","url":"https:\/\/www.alovey.com\/wp-content\/uploads\/2023\/03\/logo.png","contentUrl":"https:\/\/www.alovey.com\/wp-content\/uploads\/2023\/03\/logo.png","width":505,"height":180,"caption":"Best  Cosmetic Packaging Manufacture"},"image":{"@id":"https:\/\/www.alovey.com\/#\/schema\/logo\/image\/"}}]}},"_links":{"self":[{"href":"https:\/\/www.alovey.com\/fr\/wp-json\/wp\/v2\/product\/12736"}],"collection":[{"href":"https:\/\/www.alovey.com\/fr\/wp-json\/wp\/v2\/product"}],"about":[{"href":"https:\/\/www.alovey.com\/fr\/wp-json\/wp\/v2\/types\/product"}],"wp:featuredmedia":[{"embeddable":true,"href":"https:\/\/www.alovey.com\/fr\/wp-json\/wp\/v2\/media\/12738"}],"wp:attachment":[{"href":"https:\/\/www.alovey.com\/fr\/wp-json\/wp\/v2\/media?parent=12736"}],"wp:term":[{"taxonomy":"product_brand","embeddable":true,"href":"https:\/\/www.alovey.com\/fr\/wp-json\/wp\/v2\/product_brand?post=12736"},{"taxonomy":"product_cat","embeddable":true,"href":"https:\/\/www.alovey.com\/fr\/wp-json\/wp\/v2\/product_cat?post=12736"},{"taxonomy":"product_tag","embeddable":true,"href":"https:\/\/www.alovey.com\/fr\/wp-json\/wp\/v2\/product_tag?post=12736"}],"curies":[{"name":"wp","href":"https:\/\/api.w.org\/{rel}","templated":true}]}}