{"id":12655,"date":"2026-03-05T03:26:05","date_gmt":"2026-03-05T03:26:05","guid":{"rendered":"https:\/\/www.alovey.com\/?post_type=product&#038;p=12655"},"modified":"2026-03-05T06:14:40","modified_gmt":"2026-03-05T06:14:40","slug":"square-double-wall-lip-tint-tube-4ml-with-plug-insert","status":"publish","type":"product","link":"https:\/\/www.alovey.com\/fr\/produit\/square-double-wall-lip-tint-tube-4ml-with-plug-insert\/","title":{"rendered":"Square shape double wall liptint tube lip oil packaging 4ml"},"content":{"rendered":"<p><strong>Our 4ml square double wall lip tint tube\u00a0is a premium cosmetic packaging solution designed for lip gloss, lip tint, and lip oil formulations. The elegant square silhouette combined with a double wall structure\u00a0enhances product appearance while providing a high-end, luxury feel.<\/strong><\/p>\n<p><strong>Equipped with a plug insert (inner stopper)\u00a0at the bottle opening, this\u00a0lip tint tube \u00a0\u00a0\u00a0effectively removes excess product from the applicator, minimizes air exposure, and prevents unwanted leakage\u2014helping maintain formula stability and product quality.<\/strong><\/p>\n<h3><strong>Key Features<\/strong><\/h3>\n<p><strong>Capacity:\u00a04ml<\/strong><\/p>\n<p><strong>Shape:\u00a0Modern square design<\/strong><\/p>\n<p><strong>Structure:\u00a0Double wall for luxury appearance<\/strong><\/p>\n<p><strong>Inner Plug:\u00a0Reduces air contact &amp; prevents leaking<\/strong><\/p>\n<p><strong>Material:\u00a0PETG \/ AS bottle \/ABS<\/strong><\/p>\n<p><strong>Applicator Options:\u00a0Doe-foot, flocked tip, lip oil brush<\/strong><\/p>\n<h3><strong>Advantages<\/strong><\/h3>\n<p><strong>Leak-proof screw design<\/strong><\/p>\n<p><strong>\u00a0Maintains freshness of lip oil &amp; lip tint<\/strong><br \/>\n<strong>Smooth wiping system for controlled application<\/strong><br \/>\n<strong>Travel-friendly &amp; portable<\/strong><\/p>\n<p><strong>\u00a0Suitable for high-viscosity and lightweight formulas<\/strong><\/p>\n<h3><strong>Available For <\/strong><\/h3>\n<ul>\n<li><strong>Lip gloss packaging<\/strong><\/li>\n<li><strong>Lip tint container<\/strong><\/li>\n<li><strong>Lip oil tube<\/strong><\/li>\n<li><strong>Liquid lipstick sample packaging<\/strong><\/li>\n<li><strong>Private label cosmetic brand packaging<\/strong><\/li>\n<\/ul>\n<p><strong>Alovey, fabricant professionnel chinois d'emballages cosm\u00e9tiques, produit une gamme exquise d'emballages cosm\u00e9tiques personnalis\u00e9s, m\u00e9ticuleusement con\u00e7us pour rehausser votre marque. Notre s\u00e9lection vari\u00e9e de mat\u00e9riaux de premi\u00e8re qualit\u00e9, associ\u00e9e \u00e0 des techniques de finition de surface d\u00e9licates telles que la s\u00e9rigraphie, l'estampage \u00e0 chaud et la pulv\u00e9risation mate, fait de chaque emballage un chef-d'\u0153uvre unique.<\/strong><\/p>\n<p><img fetchpriority=\"high\" decoding=\"async\" class=\"size-full wp-image-12661\" src=\"https:\/\/www.alovey.com\/wp-content\/uploads\/2026\/03\/Square-Double-Wall-Lip-Tint-Tube-4ml-with-Plug-Insert-5.jpg\" alt=\"lip tint tube\" width=\"750\" height=\"750\" srcset=\"https:\/\/www.alovey.com\/wp-content\/uploads\/2026\/03\/Square-Double-Wall-Lip-Tint-Tube-4ml-with-Plug-Insert-5.jpg 750w, https:\/\/www.alovey.com\/wp-content\/uploads\/2026\/03\/Square-Double-Wall-Lip-Tint-Tube-4ml-with-Plug-Insert-5-300x300.jpg 300w, https:\/\/www.alovey.com\/wp-content\/uploads\/2026\/03\/Square-Double-Wall-Lip-Tint-Tube-4ml-with-Plug-Insert-5-150x150.jpg 150w, https:\/\/www.alovey.com\/wp-content\/uploads\/2026\/03\/Square-Double-Wall-Lip-Tint-Tube-4ml-with-Plug-Insert-5-12x12.jpg 12w, https:\/\/www.alovey.com\/wp-content\/uploads\/2026\/03\/Square-Double-Wall-Lip-Tint-Tube-4ml-with-Plug-Insert-5-600x600.jpg 600w, https:\/\/www.alovey.com\/wp-content\/uploads\/2026\/03\/Square-Double-Wall-Lip-Tint-Tube-4ml-with-Plug-Insert-5-100x100.jpg 100w\" sizes=\"(max-width: 750px) 100vw, 750px\" \/> <img decoding=\"async\" class=\"size-full wp-image-12660\" src=\"https:\/\/www.alovey.com\/wp-content\/uploads\/2026\/03\/Square-Double-Wall-Lip-Tint-Tube-4ml-with-Plug-Insert-4.jpg\" alt=\"lip tint tube\" width=\"750\" height=\"750\" srcset=\"https:\/\/www.alovey.com\/wp-content\/uploads\/2026\/03\/Square-Double-Wall-Lip-Tint-Tube-4ml-with-Plug-Insert-4.jpg 750w, https:\/\/www.alovey.com\/wp-content\/uploads\/2026\/03\/Square-Double-Wall-Lip-Tint-Tube-4ml-with-Plug-Insert-4-300x300.jpg 300w, https:\/\/www.alovey.com\/wp-content\/uploads\/2026\/03\/Square-Double-Wall-Lip-Tint-Tube-4ml-with-Plug-Insert-4-150x150.jpg 150w, https:\/\/www.alovey.com\/wp-content\/uploads\/2026\/03\/Square-Double-Wall-Lip-Tint-Tube-4ml-with-Plug-Insert-4-12x12.jpg 12w, https:\/\/www.alovey.com\/wp-content\/uploads\/2026\/03\/Square-Double-Wall-Lip-Tint-Tube-4ml-with-Plug-Insert-4-600x600.jpg 600w, https:\/\/www.alovey.com\/wp-content\/uploads\/2026\/03\/Square-Double-Wall-Lip-Tint-Tube-4ml-with-Plug-Insert-4-100x100.jpg 100w\" sizes=\"(max-width: 750px) 100vw, 750px\" \/><\/p>\n<p><img decoding=\"async\" class=\"alignnone size-full wp-image-12659\" src=\"https:\/\/www.alovey.com\/wp-content\/uploads\/2026\/03\/Square-Double-Wall-Lip-Tint-Tube-4ml-with-Plug-Insert-3.jpg\" alt=\"\" width=\"750\" height=\"750\" srcset=\"https:\/\/www.alovey.com\/wp-content\/uploads\/2026\/03\/Square-Double-Wall-Lip-Tint-Tube-4ml-with-Plug-Insert-3.jpg 750w, https:\/\/www.alovey.com\/wp-content\/uploads\/2026\/03\/Square-Double-Wall-Lip-Tint-Tube-4ml-with-Plug-Insert-3-300x300.jpg 300w, https:\/\/www.alovey.com\/wp-content\/uploads\/2026\/03\/Square-Double-Wall-Lip-Tint-Tube-4ml-with-Plug-Insert-3-150x150.jpg 150w, https:\/\/www.alovey.com\/wp-content\/uploads\/2026\/03\/Square-Double-Wall-Lip-Tint-Tube-4ml-with-Plug-Insert-3-12x12.jpg 12w, https:\/\/www.alovey.com\/wp-content\/uploads\/2026\/03\/Square-Double-Wall-Lip-Tint-Tube-4ml-with-Plug-Insert-3-600x600.jpg 600w, https:\/\/www.alovey.com\/wp-content\/uploads\/2026\/03\/Square-Double-Wall-Lip-Tint-Tube-4ml-with-Plug-Insert-3-100x100.jpg 100w\" sizes=\"(max-width: 750px) 100vw, 750px\" \/><\/p>\n<p><img loading=\"lazy\" decoding=\"async\" class=\"size-full wp-image-12658\" src=\"https:\/\/www.alovey.com\/wp-content\/uploads\/2026\/03\/Square-Double-Wall-Lip-Tint-Tube-4ml-with-Plug-Insert-2.jpg\" alt=\"lip tint tube\" width=\"750\" height=\"750\" srcset=\"https:\/\/www.alovey.com\/wp-content\/uploads\/2026\/03\/Square-Double-Wall-Lip-Tint-Tube-4ml-with-Plug-Insert-2.jpg 750w, https:\/\/www.alovey.com\/wp-content\/uploads\/2026\/03\/Square-Double-Wall-Lip-Tint-Tube-4ml-with-Plug-Insert-2-300x300.jpg 300w, https:\/\/www.alovey.com\/wp-content\/uploads\/2026\/03\/Square-Double-Wall-Lip-Tint-Tube-4ml-with-Plug-Insert-2-150x150.jpg 150w, https:\/\/www.alovey.com\/wp-content\/uploads\/2026\/03\/Square-Double-Wall-Lip-Tint-Tube-4ml-with-Plug-Insert-2-12x12.jpg 12w, https:\/\/www.alovey.com\/wp-content\/uploads\/2026\/03\/Square-Double-Wall-Lip-Tint-Tube-4ml-with-Plug-Insert-2-600x600.jpg 600w, https:\/\/www.alovey.com\/wp-content\/uploads\/2026\/03\/Square-Double-Wall-Lip-Tint-Tube-4ml-with-Plug-Insert-2-100x100.jpg 100w\" sizes=\"(max-width: 750px) 100vw, 750px\" \/> <img loading=\"lazy\" decoding=\"async\" class=\"size-full wp-image-12657\" src=\"https:\/\/www.alovey.com\/wp-content\/uploads\/2026\/03\/Square-Double-Wall-Lip-Tint-Tube-4ml-with-Plug-Insert-1.jpg\" alt=\"lip tint tube\" width=\"750\" height=\"750\" srcset=\"https:\/\/www.alovey.com\/wp-content\/uploads\/2026\/03\/Square-Double-Wall-Lip-Tint-Tube-4ml-with-Plug-Insert-1.jpg 750w, https:\/\/www.alovey.com\/wp-content\/uploads\/2026\/03\/Square-Double-Wall-Lip-Tint-Tube-4ml-with-Plug-Insert-1-300x300.jpg 300w, https:\/\/www.alovey.com\/wp-content\/uploads\/2026\/03\/Square-Double-Wall-Lip-Tint-Tube-4ml-with-Plug-Insert-1-150x150.jpg 150w, https:\/\/www.alovey.com\/wp-content\/uploads\/2026\/03\/Square-Double-Wall-Lip-Tint-Tube-4ml-with-Plug-Insert-1-12x12.jpg 12w, https:\/\/www.alovey.com\/wp-content\/uploads\/2026\/03\/Square-Double-Wall-Lip-Tint-Tube-4ml-with-Plug-Insert-1-600x600.jpg 600w, https:\/\/www.alovey.com\/wp-content\/uploads\/2026\/03\/Square-Double-Wall-Lip-Tint-Tube-4ml-with-Plug-Insert-1-100x100.jpg 100w\" sizes=\"(max-width: 750px) 100vw, 750px\" \/> <img loading=\"lazy\" decoding=\"async\" class=\"size-full wp-image-12656\" src=\"https:\/\/www.alovey.com\/wp-content\/uploads\/2026\/03\/Square-Double-Wall-Lip-Tint-Tube-4ml-with-Plug-Insert-6.jpg\" alt=\"lip tint tube\" width=\"750\" height=\"750\" srcset=\"https:\/\/www.alovey.com\/wp-content\/uploads\/2026\/03\/Square-Double-Wall-Lip-Tint-Tube-4ml-with-Plug-Insert-6.jpg 750w, https:\/\/www.alovey.com\/wp-content\/uploads\/2026\/03\/Square-Double-Wall-Lip-Tint-Tube-4ml-with-Plug-Insert-6-300x300.jpg 300w, https:\/\/www.alovey.com\/wp-content\/uploads\/2026\/03\/Square-Double-Wall-Lip-Tint-Tube-4ml-with-Plug-Insert-6-150x150.jpg 150w, https:\/\/www.alovey.com\/wp-content\/uploads\/2026\/03\/Square-Double-Wall-Lip-Tint-Tube-4ml-with-Plug-Insert-6-12x12.jpg 12w, https:\/\/www.alovey.com\/wp-content\/uploads\/2026\/03\/Square-Double-Wall-Lip-Tint-Tube-4ml-with-Plug-Insert-6-600x600.jpg 600w, https:\/\/www.alovey.com\/wp-content\/uploads\/2026\/03\/Square-Double-Wall-Lip-Tint-Tube-4ml-with-Plug-Insert-6-100x100.jpg 100w\" sizes=\"(max-width: 750px) 100vw, 750px\" \/><\/p>\n<p>&nbsp;<\/p>\n<p>&nbsp;<\/p>\n<p>&nbsp;<\/p>\n<p>&nbsp;<\/p>\n<p>&nbsp;<\/p>\n<p>&nbsp;<\/p>\n<p>&nbsp;<\/p>\n<p>&nbsp;<\/p>\n<p>&nbsp;<\/p>\n<p>&nbsp;<\/p>\n<p>&nbsp;<\/p>\n<p>&nbsp;<\/p>\n<p>&nbsp;<\/p>\n<p>&nbsp;<\/p>\n<p>&nbsp;<\/p>\n<p>&nbsp;<\/p>\n<p>&nbsp;<\/p>\n<p>&nbsp;<\/p>\n<p>&nbsp;<\/p>\n<p>&nbsp;<\/p>\n<p>&nbsp;<\/p>\n<p>&nbsp;<\/p>\n<p>&nbsp;<\/p>\n<p>&nbsp;<\/p>\n<p>&nbsp;<\/p>\n<p>&nbsp;<\/p>\n<p>&nbsp;<\/p>\n<p>&nbsp;<\/p>\n<p>&nbsp;<\/p>\n<p>&nbsp;<\/p>\n<p>&nbsp;<\/p>\n<p>&nbsp;<\/p>\n<p>&nbsp;<\/p>\n<p>&nbsp;<\/p>\n<p>&nbsp;<\/p>\n<p>&nbsp;<\/p>\n<p>&nbsp;<\/p>\n<p>&nbsp;<\/p>\n<p>&nbsp;<\/p>\n<p>&nbsp;<\/p>\n<p>&nbsp;<\/p>\n<p>&nbsp;<\/p>\n<p>&nbsp;<\/p>\n<p>&nbsp;<\/p>\n<p>&nbsp;<\/p>\n<p>&nbsp;<\/p>\n<p>&nbsp;<\/p>\n<p>&nbsp;<\/p>\n<p>&nbsp;<\/p>\n<p>&nbsp;<\/p>\n<p>&nbsp;<\/p>\n<p>&nbsp;<\/p>\n<p>&nbsp;<\/p>\n<p>&nbsp;<\/p>\n<p>&nbsp;<\/p>\n<p>&nbsp;<\/p>\n<p>&nbsp;<\/p>\n<p>&nbsp;<\/p>\n<p>&nbsp;<\/p>\n<p>&nbsp;<\/p>\n<p>&nbsp;<\/p>\n<p>&nbsp;<\/p>\n<p>&nbsp;<\/p>\n<p>&nbsp;<\/p>\n<p>&nbsp;<\/p>\n<p>&nbsp;<\/p>\n<p>&nbsp;<\/p>\n<p>&nbsp;<\/p>\n<p>&nbsp;<\/p>\n<p>&nbsp;<\/p>\n<p>&nbsp;<\/p>\n<p>&nbsp;<\/p>\n<p>&nbsp;<\/p>\n<p>&nbsp;<\/p>\n<p>&nbsp;<\/p>\n<p>&nbsp;<\/p>\n<p>&nbsp;<\/p>\n<p>&nbsp;<\/p>\n<p>&nbsp;<\/p>\n<p>&nbsp;<\/p>\n<p>&nbsp;<\/p>\n<p>&nbsp;<\/p>\n<p>&nbsp;<\/p>\n<p>&nbsp;<\/p>\n<p>&nbsp;<\/p>\n<p>&nbsp;<\/p>\n<p>&nbsp;<\/p>\n<p>&nbsp;<\/p>\n<p>&nbsp;<\/p>\n<p>&nbsp;<\/p>\n<p>&nbsp;<\/p>\n<p>&nbsp;<\/p>\n<p>&nbsp;<\/p>\n<p>&nbsp;<\/p>\n<p>&nbsp;<\/p>\n<p>&nbsp;<\/p>\n<p>&nbsp;<\/p>\n<p>&nbsp;<\/p>\n<p>&nbsp;<\/p>\n<p>&nbsp;<\/p>\n<p>&nbsp;<\/p>\n<p>&nbsp;<\/p>\n<p>&nbsp;<\/p>\n<p>&nbsp;<\/p>\n<p>&nbsp;<\/p>\n<p>&nbsp;<\/p>\n<p>&nbsp;<\/p>\n<p>&nbsp;<\/p>\n<p>&nbsp;<\/p>\n<p>&nbsp;<\/p>\n<p>&nbsp;<\/p>\n<p>&nbsp;<\/p>\n<p>&nbsp;<\/p>\n<p>&nbsp;<\/p>\n<p>&nbsp;<\/p>\n<p>&nbsp;<\/p>\n<p>&nbsp;<\/p>\n<p>&nbsp;<\/p>\n<p>&nbsp;<\/p>\n<p>&nbsp;<\/p>\n<p>&nbsp;<\/p>\n<p>&nbsp;<\/p>\n<p>&nbsp;<\/p>\n<p>&nbsp;<\/p>\n<p>&nbsp;<\/p>\n<p>&nbsp;<\/p>\n<p>&nbsp;<\/p>\n<p>&nbsp;<\/p>\n<p>&nbsp;<\/p>\n<p>&nbsp;<\/p>\n<p>&nbsp;<\/p>\n<p>&nbsp;<\/p>\n<p>&nbsp;<\/p>\n<p>&nbsp;<\/p>\n<p>&nbsp;<\/p>\n<p>&nbsp;<\/p>\n<p>&nbsp;<\/p>\n<p>&nbsp;<\/p>","protected":false},"excerpt":{"rendered":"<ul>\n<li>Item No: LG-0420A<\/li>\n<li>Mat\u00e9riau : Plastique<\/li>\n<li>Size:\u00a0W21*H84.5MM<\/li>\n<li>Capacity:4ml<\/li>\n<li>Applications : Produits de beaut\u00e9<\/li>\n<li>MOQ : 12 000 pi\u00e8ces<\/li>\n<li>Couleur : couleur personnalis\u00e9e<\/li>\n<li>Surface treatment: Injection\/Matte\/Metalization\/UV coating<\/li>\n<li>Nom de marque : OEM\/ODM<\/li>\n<li>Logo : Logo du client<\/li>\n<li>Capacit\u00e9 de production : 100 000 pi\u00e8ces par mois<\/li>\n<\/ul>\n<p>&nbsp;<\/p>\n<p>&nbsp;<\/p>","protected":false},"featured_media":12657,"template":"","meta":{"_acf_changed":false},"product_brand":[],"product_cat":[15,372],"product_tag":[388,453],"class_list":{"0":"post-12655","1":"product","2":"type-product","3":"status-publish","4":"has-post-thumbnail","6":"product_cat-wholesale-lip-cosmetic-packaging","7":"product_cat-lipgloss-tube","8":"product_tag-lip-gloss-tube","9":"product_tag-mini-cosmetic-packaging","11":"first","12":"instock","13":"shipping-taxable","14":"product-type-simple"},"acf":[],"yoast_head":"<!-- This site is optimized with the Yoast SEO plugin v24.1 - https:\/\/yoast.com\/wordpress\/plugins\/seo\/ -->\n<title>Square Double Wall Lip Tint Tube 4ml with Plug Insert<\/title>\n<meta name=\"description\" content=\"Custom 4ml lip tint tube with inner plug insert for leak-proof sealing. Ideal for lip gloss &amp; lip oil packaging. Private label available.\" \/>\n<meta name=\"robots\" content=\"index, follow, max-snippet:-1, max-image-preview:large, max-video-preview:-1\" \/>\n<link rel=\"canonical\" href=\"https:\/\/www.alovey.com\/fr\/produit\/square-double-wall-lip-tint-tube-4ml-with-plug-insert\/\" \/>\n<meta property=\"og:locale\" content=\"fr_FR\" \/>\n<meta property=\"og:type\" content=\"article\" \/>\n<meta property=\"og:title\" content=\"Square Double Wall Lip Tint Tube 4ml with Plug Insert\" \/>\n<meta property=\"og:description\" content=\"Custom 4ml lip tint tube with inner plug insert for leak-proof sealing. Ideal for lip gloss &amp; lip oil packaging. Private label available.\" \/>\n<meta property=\"og:url\" content=\"https:\/\/www.alovey.com\/fr\/produit\/square-double-wall-lip-tint-tube-4ml-with-plug-insert\/\" \/>\n<meta property=\"og:site_name\" content=\"Best Cosmetic Packaging Manufacture\" \/>\n<meta property=\"article:modified_time\" content=\"2026-03-05T06:14:40+00:00\" \/>\n<meta property=\"og:image\" content=\"https:\/\/www.alovey.com\/wp-content\/uploads\/2026\/03\/Square-Double-Wall-Lip-Tint-Tube-4ml-with-Plug-Insert-1.jpg\" \/>\n\t<meta property=\"og:image:width\" content=\"750\" \/>\n\t<meta property=\"og:image:height\" content=\"750\" \/>\n\t<meta property=\"og:image:type\" content=\"image\/jpeg\" \/>\n<meta name=\"twitter:card\" content=\"summary_large_image\" \/>\n<meta name=\"twitter:label1\" content=\"Dur\u00e9e de lecture estim\u00e9e\" \/>\n\t<meta name=\"twitter:data1\" content=\"3 minutes\" \/>\n<script type=\"application\/ld+json\" class=\"yoast-schema-graph\">{\"@context\":\"https:\/\/schema.org\",\"@graph\":[{\"@type\":\"WebPage\",\"@id\":\"https:\/\/www.alovey.com\/product\/square-double-wall-lip-tint-tube-4ml-with-plug-insert\/\",\"url\":\"https:\/\/www.alovey.com\/product\/square-double-wall-lip-tint-tube-4ml-with-plug-insert\/\",\"name\":\"Square Double Wall Lip Tint Tube 4ml with Plug Insert\",\"isPartOf\":{\"@id\":\"https:\/\/www.alovey.com\/#website\"},\"primaryImageOfPage\":{\"@id\":\"https:\/\/www.alovey.com\/product\/square-double-wall-lip-tint-tube-4ml-with-plug-insert\/#primaryimage\"},\"image\":{\"@id\":\"https:\/\/www.alovey.com\/product\/square-double-wall-lip-tint-tube-4ml-with-plug-insert\/#primaryimage\"},\"thumbnailUrl\":\"https:\/\/www.alovey.com\/wp-content\/uploads\/2026\/03\/Square-Double-Wall-Lip-Tint-Tube-4ml-with-Plug-Insert-1.jpg\",\"datePublished\":\"2026-03-05T03:26:05+00:00\",\"dateModified\":\"2026-03-05T06:14:40+00:00\",\"description\":\"Custom 4ml lip tint tube with inner plug insert for leak-proof sealing. Ideal for lip gloss & lip oil packaging. Private label available.\",\"breadcrumb\":{\"@id\":\"https:\/\/www.alovey.com\/product\/square-double-wall-lip-tint-tube-4ml-with-plug-insert\/#breadcrumb\"},\"inLanguage\":\"fr-FR\",\"potentialAction\":[{\"@type\":\"ReadAction\",\"target\":[\"https:\/\/www.alovey.com\/product\/square-double-wall-lip-tint-tube-4ml-with-plug-insert\/\"]}]},{\"@type\":\"ImageObject\",\"inLanguage\":\"fr-FR\",\"@id\":\"https:\/\/www.alovey.com\/product\/square-double-wall-lip-tint-tube-4ml-with-plug-insert\/#primaryimage\",\"url\":\"https:\/\/www.alovey.com\/wp-content\/uploads\/2026\/03\/Square-Double-Wall-Lip-Tint-Tube-4ml-with-Plug-Insert-1.jpg\",\"contentUrl\":\"https:\/\/www.alovey.com\/wp-content\/uploads\/2026\/03\/Square-Double-Wall-Lip-Tint-Tube-4ml-with-Plug-Insert-1.jpg\",\"width\":750,\"height\":750,\"caption\":\"Square Double Wall Lip Tint Tube 4ml with Plug Insert\"},{\"@type\":\"BreadcrumbList\",\"@id\":\"https:\/\/www.alovey.com\/product\/square-double-wall-lip-tint-tube-4ml-with-plug-insert\/#breadcrumb\",\"itemListElement\":[{\"@type\":\"ListItem\",\"position\":1,\"name\":\"\u9996\u9875\",\"item\":\"https:\/\/www.alovey.com\/\"},{\"@type\":\"ListItem\",\"position\":2,\"name\":\"Products\",\"item\":\"https:\/\/www.alovey.com\/products\/\"},{\"@type\":\"ListItem\",\"position\":3,\"name\":\"Square shape double wall liptint tube lip oil packaging 4ml\"}]},{\"@type\":\"WebSite\",\"@id\":\"https:\/\/www.alovey.com\/#website\",\"url\":\"https:\/\/www.alovey.com\/\",\"name\":\"Best Cosmetic Packaging Manufacture\",\"description\":\"Alovey Cosmetic Packaging Co.,Ltd\",\"publisher\":{\"@id\":\"https:\/\/www.alovey.com\/#organization\"},\"potentialAction\":[{\"@type\":\"SearchAction\",\"target\":{\"@type\":\"EntryPoint\",\"urlTemplate\":\"https:\/\/www.alovey.com\/?s={search_term_string}\"},\"query-input\":{\"@type\":\"PropertyValueSpecification\",\"valueRequired\":true,\"valueName\":\"search_term_string\"}}],\"inLanguage\":\"fr-FR\"},{\"@type\":\"Organization\",\"@id\":\"https:\/\/www.alovey.com\/#organization\",\"name\":\"Best Cosmetic Packaging Manufacture\",\"url\":\"https:\/\/www.alovey.com\/\",\"logo\":{\"@type\":\"ImageObject\",\"inLanguage\":\"fr-FR\",\"@id\":\"https:\/\/www.alovey.com\/#\/schema\/logo\/image\/\",\"url\":\"https:\/\/www.alovey.com\/wp-content\/uploads\/2023\/03\/logo.png\",\"contentUrl\":\"https:\/\/www.alovey.com\/wp-content\/uploads\/2023\/03\/logo.png\",\"width\":505,\"height\":180,\"caption\":\"Best  Cosmetic Packaging Manufacture\"},\"image\":{\"@id\":\"https:\/\/www.alovey.com\/#\/schema\/logo\/image\/\"}}]}<\/script>\n<!-- \/ Yoast SEO plugin. -->","yoast_head_json":{"title":"Square Double Wall Lip Tint Tube 4ml with Plug Insert","description":"Custom 4ml lip tint tube with inner plug insert for leak-proof sealing. Ideal for lip gloss & lip oil packaging. Private label available.","robots":{"index":"index","follow":"follow","max-snippet":"max-snippet:-1","max-image-preview":"max-image-preview:large","max-video-preview":"max-video-preview:-1"},"canonical":"https:\/\/www.alovey.com\/fr\/produit\/square-double-wall-lip-tint-tube-4ml-with-plug-insert\/","og_locale":"fr_FR","og_type":"article","og_title":"Square Double Wall Lip Tint Tube 4ml with Plug Insert","og_description":"Custom 4ml lip tint tube with inner plug insert for leak-proof sealing. Ideal for lip gloss & lip oil packaging. Private label available.","og_url":"https:\/\/www.alovey.com\/fr\/produit\/square-double-wall-lip-tint-tube-4ml-with-plug-insert\/","og_site_name":"Best Cosmetic Packaging Manufacture","article_modified_time":"2026-03-05T06:14:40+00:00","og_image":[{"width":750,"height":750,"url":"https:\/\/www.alovey.com\/wp-content\/uploads\/2026\/03\/Square-Double-Wall-Lip-Tint-Tube-4ml-with-Plug-Insert-1.jpg","type":"image\/jpeg"}],"twitter_card":"summary_large_image","twitter_misc":{"Dur\u00e9e de lecture estim\u00e9e":"3 minutes"},"schema":{"@context":"https:\/\/schema.org","@graph":[{"@type":"WebPage","@id":"https:\/\/www.alovey.com\/product\/square-double-wall-lip-tint-tube-4ml-with-plug-insert\/","url":"https:\/\/www.alovey.com\/product\/square-double-wall-lip-tint-tube-4ml-with-plug-insert\/","name":"Square Double Wall Lip Tint Tube 4ml with Plug Insert","isPartOf":{"@id":"https:\/\/www.alovey.com\/#website"},"primaryImageOfPage":{"@id":"https:\/\/www.alovey.com\/product\/square-double-wall-lip-tint-tube-4ml-with-plug-insert\/#primaryimage"},"image":{"@id":"https:\/\/www.alovey.com\/product\/square-double-wall-lip-tint-tube-4ml-with-plug-insert\/#primaryimage"},"thumbnailUrl":"https:\/\/www.alovey.com\/wp-content\/uploads\/2026\/03\/Square-Double-Wall-Lip-Tint-Tube-4ml-with-Plug-Insert-1.jpg","datePublished":"2026-03-05T03:26:05+00:00","dateModified":"2026-03-05T06:14:40+00:00","description":"Custom 4ml lip tint tube with inner plug insert for leak-proof sealing. Ideal for lip gloss & lip oil packaging. Private label available.","breadcrumb":{"@id":"https:\/\/www.alovey.com\/product\/square-double-wall-lip-tint-tube-4ml-with-plug-insert\/#breadcrumb"},"inLanguage":"fr-FR","potentialAction":[{"@type":"ReadAction","target":["https:\/\/www.alovey.com\/product\/square-double-wall-lip-tint-tube-4ml-with-plug-insert\/"]}]},{"@type":"ImageObject","inLanguage":"fr-FR","@id":"https:\/\/www.alovey.com\/product\/square-double-wall-lip-tint-tube-4ml-with-plug-insert\/#primaryimage","url":"https:\/\/www.alovey.com\/wp-content\/uploads\/2026\/03\/Square-Double-Wall-Lip-Tint-Tube-4ml-with-Plug-Insert-1.jpg","contentUrl":"https:\/\/www.alovey.com\/wp-content\/uploads\/2026\/03\/Square-Double-Wall-Lip-Tint-Tube-4ml-with-Plug-Insert-1.jpg","width":750,"height":750,"caption":"Square Double Wall Lip Tint Tube 4ml with Plug Insert"},{"@type":"BreadcrumbList","@id":"https:\/\/www.alovey.com\/product\/square-double-wall-lip-tint-tube-4ml-with-plug-insert\/#breadcrumb","itemListElement":[{"@type":"ListItem","position":1,"name":"\u9996\u9875","item":"https:\/\/www.alovey.com\/"},{"@type":"ListItem","position":2,"name":"Products","item":"https:\/\/www.alovey.com\/products\/"},{"@type":"ListItem","position":3,"name":"Square shape double wall liptint tube lip oil packaging 4ml"}]},{"@type":"WebSite","@id":"https:\/\/www.alovey.com\/#website","url":"https:\/\/www.alovey.com\/","name":"Best Cosmetic Packaging Manufacture","description":"Alovey Cosmetic Packaging Co.,Ltd","publisher":{"@id":"https:\/\/www.alovey.com\/#organization"},"potentialAction":[{"@type":"SearchAction","target":{"@type":"EntryPoint","urlTemplate":"https:\/\/www.alovey.com\/?s={search_term_string}"},"query-input":{"@type":"PropertyValueSpecification","valueRequired":true,"valueName":"search_term_string"}}],"inLanguage":"fr-FR"},{"@type":"Organization","@id":"https:\/\/www.alovey.com\/#organization","name":"Best Cosmetic Packaging Manufacture","url":"https:\/\/www.alovey.com\/","logo":{"@type":"ImageObject","inLanguage":"fr-FR","@id":"https:\/\/www.alovey.com\/#\/schema\/logo\/image\/","url":"https:\/\/www.alovey.com\/wp-content\/uploads\/2023\/03\/logo.png","contentUrl":"https:\/\/www.alovey.com\/wp-content\/uploads\/2023\/03\/logo.png","width":505,"height":180,"caption":"Best  Cosmetic Packaging Manufacture"},"image":{"@id":"https:\/\/www.alovey.com\/#\/schema\/logo\/image\/"}}]}},"_links":{"self":[{"href":"https:\/\/www.alovey.com\/fr\/wp-json\/wp\/v2\/product\/12655"}],"collection":[{"href":"https:\/\/www.alovey.com\/fr\/wp-json\/wp\/v2\/product"}],"about":[{"href":"https:\/\/www.alovey.com\/fr\/wp-json\/wp\/v2\/types\/product"}],"wp:featuredmedia":[{"embeddable":true,"href":"https:\/\/www.alovey.com\/fr\/wp-json\/wp\/v2\/media\/12657"}],"wp:attachment":[{"href":"https:\/\/www.alovey.com\/fr\/wp-json\/wp\/v2\/media?parent=12655"}],"wp:term":[{"taxonomy":"product_brand","embeddable":true,"href":"https:\/\/www.alovey.com\/fr\/wp-json\/wp\/v2\/product_brand?post=12655"},{"taxonomy":"product_cat","embeddable":true,"href":"https:\/\/www.alovey.com\/fr\/wp-json\/wp\/v2\/product_cat?post=12655"},{"taxonomy":"product_tag","embeddable":true,"href":"https:\/\/www.alovey.com\/fr\/wp-json\/wp\/v2\/product_tag?post=12655"}],"curies":[{"name":"wp","href":"https:\/\/api.w.org\/{rel}","templated":true}]}}