{"id":12599,"date":"2026-02-27T06:47:51","date_gmt":"2026-02-27T06:47:51","guid":{"rendered":"https:\/\/www.alovey.com\/?post_type=product&#038;p=12599"},"modified":"2026-02-27T07:45:13","modified_gmt":"2026-02-27T07:45:13","slug":"lipstick-tube-manufacturer-for-lipstick-packaging","status":"publish","type":"product","link":"https:\/\/www.alovey.com\/fr\/produit\/lipstick-tube-manufacturer-for-lipstick-packaging\/","title":{"rendered":"Lipstick Tube manufacturer for lipstick packaging"},"content":{"rendered":"<p><strong>As professional lipstick tube manufacture , we produce these matte white cylinder empty Lipstick Component\u00a0combines minimalist elegance with functional design, offering a simple luxury look\u00a0that complements any cosmetic collection.<\/strong><\/p>\n<p><strong>Each lipstick tube features a rotating pusher mechanism, allowing users to effortlessly push the lipstick to the top for quick and precise application.<\/strong><\/p>\n<p><strong>Compact and lightweight, this matte white lipstick tube is perfect for on-the-go use, easily fitting into makeup bags, purses, or travel kits. Its sleek, cylindrical design not only enhances portability but also provides a comfortable grip for smooth application anytime and anywhere.<\/strong><\/p>\n<p><strong>Crafted from high-quality materials, this empty lipstick container is durable, reusable, and compatible with a variety of lipstick formulations, making it an excellent choice for custom cosmetic brands, private label projects, OEM\/ODM production, and promotional products.<\/strong><\/p>\n<p><strong>With its combination of simple luxury aesthetics, practicality, and portability, the matte white cylinder lipstick tube is an ideal packaging solution for brands looking to create premium, user-friendly, and travel-ready lipstick products.<\/strong><\/p>\n<p><strong>Alovey, fabricant professionnel chinois d'emballages cosm\u00e9tiques, produit une gamme exquise d'emballages cosm\u00e9tiques personnalis\u00e9s, m\u00e9ticuleusement con\u00e7us pour rehausser votre marque. Notre s\u00e9lection vari\u00e9e de mat\u00e9riaux de premi\u00e8re qualit\u00e9, associ\u00e9e \u00e0 des techniques de finition de surface d\u00e9licates telles que la s\u00e9rigraphie, l'estampage \u00e0 chaud et la pulv\u00e9risation mate, fait de chaque emballage un chef-d'\u0153uvre unique.<\/strong><\/p>\n<p><img fetchpriority=\"high\" decoding=\"async\" class=\"size-full wp-image-12605\" src=\"https:\/\/www.alovey.com\/wp-content\/uploads\/2026\/02\/Lipstick-Tube-manufacturer-for-lipstick-packaging-5.jpg\" alt=\"Lipstick Tube manufacturer\" width=\"750\" height=\"750\" srcset=\"https:\/\/www.alovey.com\/wp-content\/uploads\/2026\/02\/Lipstick-Tube-manufacturer-for-lipstick-packaging-5.jpg 750w, https:\/\/www.alovey.com\/wp-content\/uploads\/2026\/02\/Lipstick-Tube-manufacturer-for-lipstick-packaging-5-300x300.jpg 300w, https:\/\/www.alovey.com\/wp-content\/uploads\/2026\/02\/Lipstick-Tube-manufacturer-for-lipstick-packaging-5-150x150.jpg 150w, https:\/\/www.alovey.com\/wp-content\/uploads\/2026\/02\/Lipstick-Tube-manufacturer-for-lipstick-packaging-5-12x12.jpg 12w, https:\/\/www.alovey.com\/wp-content\/uploads\/2026\/02\/Lipstick-Tube-manufacturer-for-lipstick-packaging-5-600x600.jpg 600w, https:\/\/www.alovey.com\/wp-content\/uploads\/2026\/02\/Lipstick-Tube-manufacturer-for-lipstick-packaging-5-100x100.jpg 100w\" sizes=\"(max-width: 750px) 100vw, 750px\" \/> <img decoding=\"async\" class=\"size-full wp-image-12604\" src=\"https:\/\/www.alovey.com\/wp-content\/uploads\/2026\/02\/Lipstick-Tube-manufacturer-for-lipstick-packaging-4.jpg\" alt=\"Lipstick Tube manufacturer\" width=\"750\" height=\"750\" srcset=\"https:\/\/www.alovey.com\/wp-content\/uploads\/2026\/02\/Lipstick-Tube-manufacturer-for-lipstick-packaging-4.jpg 750w, https:\/\/www.alovey.com\/wp-content\/uploads\/2026\/02\/Lipstick-Tube-manufacturer-for-lipstick-packaging-4-300x300.jpg 300w, https:\/\/www.alovey.com\/wp-content\/uploads\/2026\/02\/Lipstick-Tube-manufacturer-for-lipstick-packaging-4-150x150.jpg 150w, https:\/\/www.alovey.com\/wp-content\/uploads\/2026\/02\/Lipstick-Tube-manufacturer-for-lipstick-packaging-4-12x12.jpg 12w, https:\/\/www.alovey.com\/wp-content\/uploads\/2026\/02\/Lipstick-Tube-manufacturer-for-lipstick-packaging-4-600x600.jpg 600w, https:\/\/www.alovey.com\/wp-content\/uploads\/2026\/02\/Lipstick-Tube-manufacturer-for-lipstick-packaging-4-100x100.jpg 100w\" sizes=\"(max-width: 750px) 100vw, 750px\" \/> <img decoding=\"async\" class=\"size-full wp-image-12603\" src=\"https:\/\/www.alovey.com\/wp-content\/uploads\/2026\/02\/Lipstick-Tube-manufacturer-for-lipstick-packaging-3.jpg\" alt=\"Lipstick Tube manufacturer\" width=\"750\" height=\"750\" srcset=\"https:\/\/www.alovey.com\/wp-content\/uploads\/2026\/02\/Lipstick-Tube-manufacturer-for-lipstick-packaging-3.jpg 750w, https:\/\/www.alovey.com\/wp-content\/uploads\/2026\/02\/Lipstick-Tube-manufacturer-for-lipstick-packaging-3-300x300.jpg 300w, https:\/\/www.alovey.com\/wp-content\/uploads\/2026\/02\/Lipstick-Tube-manufacturer-for-lipstick-packaging-3-150x150.jpg 150w, https:\/\/www.alovey.com\/wp-content\/uploads\/2026\/02\/Lipstick-Tube-manufacturer-for-lipstick-packaging-3-12x12.jpg 12w, https:\/\/www.alovey.com\/wp-content\/uploads\/2026\/02\/Lipstick-Tube-manufacturer-for-lipstick-packaging-3-600x600.jpg 600w, https:\/\/www.alovey.com\/wp-content\/uploads\/2026\/02\/Lipstick-Tube-manufacturer-for-lipstick-packaging-3-100x100.jpg 100w\" sizes=\"(max-width: 750px) 100vw, 750px\" \/> <img loading=\"lazy\" decoding=\"async\" class=\"size-full wp-image-12602\" src=\"https:\/\/www.alovey.com\/wp-content\/uploads\/2026\/02\/Lipstick-Tube-manufacturer-for-lipstick-packaging-2.jpg\" alt=\"Lipstick Tube manufacturer\" width=\"750\" height=\"750\" srcset=\"https:\/\/www.alovey.com\/wp-content\/uploads\/2026\/02\/Lipstick-Tube-manufacturer-for-lipstick-packaging-2.jpg 750w, https:\/\/www.alovey.com\/wp-content\/uploads\/2026\/02\/Lipstick-Tube-manufacturer-for-lipstick-packaging-2-300x300.jpg 300w, https:\/\/www.alovey.com\/wp-content\/uploads\/2026\/02\/Lipstick-Tube-manufacturer-for-lipstick-packaging-2-150x150.jpg 150w, https:\/\/www.alovey.com\/wp-content\/uploads\/2026\/02\/Lipstick-Tube-manufacturer-for-lipstick-packaging-2-12x12.jpg 12w, https:\/\/www.alovey.com\/wp-content\/uploads\/2026\/02\/Lipstick-Tube-manufacturer-for-lipstick-packaging-2-600x600.jpg 600w, https:\/\/www.alovey.com\/wp-content\/uploads\/2026\/02\/Lipstick-Tube-manufacturer-for-lipstick-packaging-2-100x100.jpg 100w\" sizes=\"(max-width: 750px) 100vw, 750px\" \/> <img loading=\"lazy\" decoding=\"async\" class=\"size-full wp-image-12600\" src=\"https:\/\/www.alovey.com\/wp-content\/uploads\/2026\/02\/Lipstick-Tube-manufacturer-for-lipstick-packaging-6.jpg\" alt=\"Lipstick Tube manufacturer\" width=\"750\" height=\"750\" srcset=\"https:\/\/www.alovey.com\/wp-content\/uploads\/2026\/02\/Lipstick-Tube-manufacturer-for-lipstick-packaging-6.jpg 750w, https:\/\/www.alovey.com\/wp-content\/uploads\/2026\/02\/Lipstick-Tube-manufacturer-for-lipstick-packaging-6-300x300.jpg 300w, https:\/\/www.alovey.com\/wp-content\/uploads\/2026\/02\/Lipstick-Tube-manufacturer-for-lipstick-packaging-6-150x150.jpg 150w, https:\/\/www.alovey.com\/wp-content\/uploads\/2026\/02\/Lipstick-Tube-manufacturer-for-lipstick-packaging-6-12x12.jpg 12w, https:\/\/www.alovey.com\/wp-content\/uploads\/2026\/02\/Lipstick-Tube-manufacturer-for-lipstick-packaging-6-600x600.jpg 600w, https:\/\/www.alovey.com\/wp-content\/uploads\/2026\/02\/Lipstick-Tube-manufacturer-for-lipstick-packaging-6-100x100.jpg 100w\" sizes=\"(max-width: 750px) 100vw, 750px\" \/><\/p>\n<figure id=\"attachment_12601\" aria-describedby=\"caption-attachment-12601\" style=\"width: 750px\" class=\"wp-caption alignnone\"><img loading=\"lazy\" decoding=\"async\" class=\"size-full wp-image-12601\" src=\"https:\/\/www.alovey.com\/wp-content\/uploads\/2026\/02\/Lipstick-Tube-manufacturer-for-lipstick-packaging-1.jpg\" alt=\"Lipstick Tube manufacturer\" width=\"750\" height=\"750\" srcset=\"https:\/\/www.alovey.com\/wp-content\/uploads\/2026\/02\/Lipstick-Tube-manufacturer-for-lipstick-packaging-1.jpg 750w, https:\/\/www.alovey.com\/wp-content\/uploads\/2026\/02\/Lipstick-Tube-manufacturer-for-lipstick-packaging-1-300x300.jpg 300w, https:\/\/www.alovey.com\/wp-content\/uploads\/2026\/02\/Lipstick-Tube-manufacturer-for-lipstick-packaging-1-150x150.jpg 150w, https:\/\/www.alovey.com\/wp-content\/uploads\/2026\/02\/Lipstick-Tube-manufacturer-for-lipstick-packaging-1-12x12.jpg 12w, https:\/\/www.alovey.com\/wp-content\/uploads\/2026\/02\/Lipstick-Tube-manufacturer-for-lipstick-packaging-1-600x600.jpg 600w, https:\/\/www.alovey.com\/wp-content\/uploads\/2026\/02\/Lipstick-Tube-manufacturer-for-lipstick-packaging-1-100x100.jpg 100w\" sizes=\"(max-width: 750px) 100vw, 750px\" \/><figcaption id=\"caption-attachment-12601\" class=\"wp-caption-text\">\u00a0<\/figcaption><\/figure>\n<p>&nbsp;<\/p>\n<p>&nbsp;<\/p>\n<p>&nbsp;<\/p>\n<p>&nbsp;<\/p>\n<p>&nbsp;<\/p>\n<p>&nbsp;<\/p>\n<p>&nbsp;<\/p>\n<p>&nbsp;<\/p>\n<p>&nbsp;<\/p>\n<p>&nbsp;<\/p>\n<p>&nbsp;<\/p>\n<p>&nbsp;<\/p>\n<p>&nbsp;<\/p>\n<p>&nbsp;<\/p>\n<p>&nbsp;<\/p>\n<p>&nbsp;<\/p>\n<p>&nbsp;<\/p>\n<p>&nbsp;<\/p>\n<p>&nbsp;<\/p>\n<p>&nbsp;<\/p>\n<p>&nbsp;<\/p>\n<p>&nbsp;<\/p>\n<p>&nbsp;<\/p>\n<p>&nbsp;<\/p>\n<p>&nbsp;<\/p>\n<p>&nbsp;<\/p>\n<p>&nbsp;<\/p>\n<p>&nbsp;<\/p>\n<p>&nbsp;<\/p>\n<p>&nbsp;<\/p>\n<p>&nbsp;<\/p>\n<p>&nbsp;<\/p>\n<p>&nbsp;<\/p>\n<p>&nbsp;<\/p>\n<p>&nbsp;<\/p>\n<p>&nbsp;<\/p>\n<p>&nbsp;<\/p>\n<p>&nbsp;<\/p>\n<p>&nbsp;<\/p>\n<p>&nbsp;<\/p>\n<p>&nbsp;<\/p>\n<p>&nbsp;<\/p>\n<p>&nbsp;<\/p>\n<p>&nbsp;<\/p>\n<p>&nbsp;<\/p>\n<p>&nbsp;<\/p>\n<p>&nbsp;<\/p>\n<p>&nbsp;<\/p>\n<p>&nbsp;<\/p>\n<p>&nbsp;<\/p>\n<p>&nbsp;<\/p>\n<p>&nbsp;<\/p>\n<p>&nbsp;<\/p>\n<p>&nbsp;<\/p>\n<p>&nbsp;<\/p>\n<p>&nbsp;<\/p>\n<p>&nbsp;<\/p>\n<p>&nbsp;<\/p>\n<p>&nbsp;<\/p>\n<p>&nbsp;<\/p>\n<p>&nbsp;<\/p>\n<p>&nbsp;<\/p>\n<p>&nbsp;<\/p>\n<p>&nbsp;<\/p>\n<p>&nbsp;<\/p>\n<p>&nbsp;<\/p>\n<p>&nbsp;<\/p>\n<p>&nbsp;<\/p>\n<p>&nbsp;<\/p>\n<p>&nbsp;<\/p>\n<p>&nbsp;<\/p>\n<p>&nbsp;<\/p>\n<p>&nbsp;<\/p>\n<p>&nbsp;<\/p>\n<p>&nbsp;<\/p>\n<p>&nbsp;<\/p>\n<p>&nbsp;<\/p>\n<p>&nbsp;<\/p>\n<p>&nbsp;<\/p>\n<p>&nbsp;<\/p>\n<p>&nbsp;<\/p>\n<p>&nbsp;<\/p>\n<p>&nbsp;<\/p>\n<p>&nbsp;<\/p>\n<p>&nbsp;<\/p>\n<p>&nbsp;<\/p>\n<p>&nbsp;<\/p>\n<p>&nbsp;<\/p>\n<p>&nbsp;<\/p>\n<p>&nbsp;<\/p>\n<p>&nbsp;<\/p>\n<p>&nbsp;<\/p>\n<p>&nbsp;<\/p>\n<p>&nbsp;<\/p>\n<p>&nbsp;<\/p>\n<p>&nbsp;<\/p>\n<p>&nbsp;<\/p>\n<p>&nbsp;<\/p>\n<p>&nbsp;<\/p>\n<p>&nbsp;<\/p>\n<p>&nbsp;<\/p>\n<p>&nbsp;<\/p>\n<p>&nbsp;<\/p>\n<p>&nbsp;<\/p>\n<p>&nbsp;<\/p>\n<p>&nbsp;<\/p>\n<p>&nbsp;<\/p>\n<p>&nbsp;<\/p>\n<p>&nbsp;<\/p>\n<p>&nbsp;<\/p>\n<p>&nbsp;<\/p>\n<p>&nbsp;<\/p>\n<p>&nbsp;<\/p>","protected":false},"excerpt":{"rendered":"<ul>\n<li>Item No: LS-0605A<\/li>\n<li>Mat\u00e9riau : Plastique<\/li>\n<li>Size:\u00a0D21*H66MM<\/li>\n<li>Applications : Produits de beaut\u00e9<\/li>\n<li>MOQ : 12 000 pi\u00e8ces<\/li>\n<li>Couleur : couleur personnalis\u00e9e<\/li>\n<li>Surface treatment: Injection\/Matte\/Metalization\/UV coating<\/li>\n<li>Nom de marque : OEM\/ODM<\/li>\n<li>Logo : Logo du client<\/li>\n<li>Capacit\u00e9 de production : 100 000 pi\u00e8ces par mois<\/li>\n<\/ul>\n<p>&nbsp;<\/p>\n<p>&nbsp;<\/p>","protected":false},"featured_media":12605,"template":"","meta":{"_acf_changed":false},"product_brand":[],"product_cat":[373],"product_tag":[389],"class_list":{"0":"post-12599","1":"product","2":"type-product","3":"status-publish","4":"has-post-thumbnail","6":"product_cat-professional-lipstick-tube-supplier","7":"product_tag-lip-stick-tube","9":"first","10":"instock","11":"shipping-taxable","12":"product-type-simple"},"acf":[],"yoast_head":"<!-- This site is optimized with the Yoast SEO plugin v24.1 - https:\/\/yoast.com\/wordpress\/plugins\/seo\/ -->\n<title>Lipstick Tube manufacturer for lipstick packaging<\/title>\n<meta name=\"description\" content=\"As professional lipstick tube manufacture , we produce these matte white cylinder empty Lipstick Component combines minimalist elegance with functional design\" \/>\n<meta name=\"robots\" content=\"index, follow, max-snippet:-1, max-image-preview:large, max-video-preview:-1\" \/>\n<link rel=\"canonical\" href=\"https:\/\/www.alovey.com\/fr\/produit\/lipstick-tube-manufacturer-for-lipstick-packaging\/\" \/>\n<meta property=\"og:locale\" content=\"fr_FR\" \/>\n<meta property=\"og:type\" content=\"article\" \/>\n<meta property=\"og:title\" content=\"Lipstick Tube manufacturer for lipstick packaging\" \/>\n<meta property=\"og:description\" content=\"As professional lipstick tube manufacture , we produce these matte white cylinder empty Lipstick Component combines minimalist elegance with functional design\" \/>\n<meta property=\"og:url\" content=\"https:\/\/www.alovey.com\/fr\/produit\/lipstick-tube-manufacturer-for-lipstick-packaging\/\" \/>\n<meta property=\"og:site_name\" content=\"Best Cosmetic Packaging Manufacture\" \/>\n<meta property=\"article:modified_time\" content=\"2026-02-27T07:45:13+00:00\" \/>\n<meta property=\"og:image\" content=\"https:\/\/www.alovey.com\/wp-content\/uploads\/2026\/02\/Lipstick-Tube-manufacturer-for-lipstick-packaging-5.jpg\" \/>\n\t<meta property=\"og:image:width\" content=\"750\" \/>\n\t<meta property=\"og:image:height\" content=\"750\" \/>\n\t<meta property=\"og:image:type\" content=\"image\/jpeg\" \/>\n<meta name=\"twitter:card\" content=\"summary_large_image\" \/>\n<meta name=\"twitter:label1\" content=\"Dur\u00e9e de lecture estim\u00e9e\" \/>\n\t<meta name=\"twitter:data1\" content=\"3 minutes\" \/>\n<script type=\"application\/ld+json\" class=\"yoast-schema-graph\">{\"@context\":\"https:\/\/schema.org\",\"@graph\":[{\"@type\":\"WebPage\",\"@id\":\"https:\/\/www.alovey.com\/product\/lipstick-tube-manufacturer-for-lipstick-packaging\/\",\"url\":\"https:\/\/www.alovey.com\/product\/lipstick-tube-manufacturer-for-lipstick-packaging\/\",\"name\":\"Lipstick Tube manufacturer for lipstick packaging\",\"isPartOf\":{\"@id\":\"https:\/\/www.alovey.com\/#website\"},\"primaryImageOfPage\":{\"@id\":\"https:\/\/www.alovey.com\/product\/lipstick-tube-manufacturer-for-lipstick-packaging\/#primaryimage\"},\"image\":{\"@id\":\"https:\/\/www.alovey.com\/product\/lipstick-tube-manufacturer-for-lipstick-packaging\/#primaryimage\"},\"thumbnailUrl\":\"https:\/\/www.alovey.com\/wp-content\/uploads\/2026\/02\/Lipstick-Tube-manufacturer-for-lipstick-packaging-5.jpg\",\"datePublished\":\"2026-02-27T06:47:51+00:00\",\"dateModified\":\"2026-02-27T07:45:13+00:00\",\"description\":\"As professional lipstick tube manufacture , we produce these matte white cylinder empty Lipstick Component combines minimalist elegance with functional design\",\"breadcrumb\":{\"@id\":\"https:\/\/www.alovey.com\/product\/lipstick-tube-manufacturer-for-lipstick-packaging\/#breadcrumb\"},\"inLanguage\":\"fr-FR\",\"potentialAction\":[{\"@type\":\"ReadAction\",\"target\":[\"https:\/\/www.alovey.com\/product\/lipstick-tube-manufacturer-for-lipstick-packaging\/\"]}]},{\"@type\":\"ImageObject\",\"inLanguage\":\"fr-FR\",\"@id\":\"https:\/\/www.alovey.com\/product\/lipstick-tube-manufacturer-for-lipstick-packaging\/#primaryimage\",\"url\":\"https:\/\/www.alovey.com\/wp-content\/uploads\/2026\/02\/Lipstick-Tube-manufacturer-for-lipstick-packaging-5.jpg\",\"contentUrl\":\"https:\/\/www.alovey.com\/wp-content\/uploads\/2026\/02\/Lipstick-Tube-manufacturer-for-lipstick-packaging-5.jpg\",\"width\":750,\"height\":750,\"caption\":\"Lipstick Tube manufacturer\"},{\"@type\":\"BreadcrumbList\",\"@id\":\"https:\/\/www.alovey.com\/product\/lipstick-tube-manufacturer-for-lipstick-packaging\/#breadcrumb\",\"itemListElement\":[{\"@type\":\"ListItem\",\"position\":1,\"name\":\"\u9996\u9875\",\"item\":\"https:\/\/www.alovey.com\/\"},{\"@type\":\"ListItem\",\"position\":2,\"name\":\"Products\",\"item\":\"https:\/\/www.alovey.com\/products\/\"},{\"@type\":\"ListItem\",\"position\":3,\"name\":\"Lipstick Tube manufacturer for lipstick packaging\"}]},{\"@type\":\"WebSite\",\"@id\":\"https:\/\/www.alovey.com\/#website\",\"url\":\"https:\/\/www.alovey.com\/\",\"name\":\"Best Cosmetic Packaging Manufacture\",\"description\":\"Alovey Cosmetic Packaging Co.,Ltd\",\"publisher\":{\"@id\":\"https:\/\/www.alovey.com\/#organization\"},\"potentialAction\":[{\"@type\":\"SearchAction\",\"target\":{\"@type\":\"EntryPoint\",\"urlTemplate\":\"https:\/\/www.alovey.com\/?s={search_term_string}\"},\"query-input\":{\"@type\":\"PropertyValueSpecification\",\"valueRequired\":true,\"valueName\":\"search_term_string\"}}],\"inLanguage\":\"fr-FR\"},{\"@type\":\"Organization\",\"@id\":\"https:\/\/www.alovey.com\/#organization\",\"name\":\"Best Cosmetic Packaging Manufacture\",\"url\":\"https:\/\/www.alovey.com\/\",\"logo\":{\"@type\":\"ImageObject\",\"inLanguage\":\"fr-FR\",\"@id\":\"https:\/\/www.alovey.com\/#\/schema\/logo\/image\/\",\"url\":\"https:\/\/www.alovey.com\/wp-content\/uploads\/2023\/03\/logo.png\",\"contentUrl\":\"https:\/\/www.alovey.com\/wp-content\/uploads\/2023\/03\/logo.png\",\"width\":505,\"height\":180,\"caption\":\"Best  Cosmetic Packaging Manufacture\"},\"image\":{\"@id\":\"https:\/\/www.alovey.com\/#\/schema\/logo\/image\/\"}}]}<\/script>\n<!-- \/ Yoast SEO plugin. -->","yoast_head_json":{"title":"Lipstick Tube manufacturer for lipstick packaging","description":"As professional lipstick tube manufacture , we produce these matte white cylinder empty Lipstick Component combines minimalist elegance with functional design","robots":{"index":"index","follow":"follow","max-snippet":"max-snippet:-1","max-image-preview":"max-image-preview:large","max-video-preview":"max-video-preview:-1"},"canonical":"https:\/\/www.alovey.com\/fr\/produit\/lipstick-tube-manufacturer-for-lipstick-packaging\/","og_locale":"fr_FR","og_type":"article","og_title":"Lipstick Tube manufacturer for lipstick packaging","og_description":"As professional lipstick tube manufacture , we produce these matte white cylinder empty Lipstick Component combines minimalist elegance with functional design","og_url":"https:\/\/www.alovey.com\/fr\/produit\/lipstick-tube-manufacturer-for-lipstick-packaging\/","og_site_name":"Best Cosmetic Packaging Manufacture","article_modified_time":"2026-02-27T07:45:13+00:00","og_image":[{"width":750,"height":750,"url":"https:\/\/www.alovey.com\/wp-content\/uploads\/2026\/02\/Lipstick-Tube-manufacturer-for-lipstick-packaging-5.jpg","type":"image\/jpeg"}],"twitter_card":"summary_large_image","twitter_misc":{"Dur\u00e9e de lecture estim\u00e9e":"3 minutes"},"schema":{"@context":"https:\/\/schema.org","@graph":[{"@type":"WebPage","@id":"https:\/\/www.alovey.com\/product\/lipstick-tube-manufacturer-for-lipstick-packaging\/","url":"https:\/\/www.alovey.com\/product\/lipstick-tube-manufacturer-for-lipstick-packaging\/","name":"Lipstick Tube manufacturer for lipstick packaging","isPartOf":{"@id":"https:\/\/www.alovey.com\/#website"},"primaryImageOfPage":{"@id":"https:\/\/www.alovey.com\/product\/lipstick-tube-manufacturer-for-lipstick-packaging\/#primaryimage"},"image":{"@id":"https:\/\/www.alovey.com\/product\/lipstick-tube-manufacturer-for-lipstick-packaging\/#primaryimage"},"thumbnailUrl":"https:\/\/www.alovey.com\/wp-content\/uploads\/2026\/02\/Lipstick-Tube-manufacturer-for-lipstick-packaging-5.jpg","datePublished":"2026-02-27T06:47:51+00:00","dateModified":"2026-02-27T07:45:13+00:00","description":"As professional lipstick tube manufacture , we produce these matte white cylinder empty Lipstick Component combines minimalist elegance with functional design","breadcrumb":{"@id":"https:\/\/www.alovey.com\/product\/lipstick-tube-manufacturer-for-lipstick-packaging\/#breadcrumb"},"inLanguage":"fr-FR","potentialAction":[{"@type":"ReadAction","target":["https:\/\/www.alovey.com\/product\/lipstick-tube-manufacturer-for-lipstick-packaging\/"]}]},{"@type":"ImageObject","inLanguage":"fr-FR","@id":"https:\/\/www.alovey.com\/product\/lipstick-tube-manufacturer-for-lipstick-packaging\/#primaryimage","url":"https:\/\/www.alovey.com\/wp-content\/uploads\/2026\/02\/Lipstick-Tube-manufacturer-for-lipstick-packaging-5.jpg","contentUrl":"https:\/\/www.alovey.com\/wp-content\/uploads\/2026\/02\/Lipstick-Tube-manufacturer-for-lipstick-packaging-5.jpg","width":750,"height":750,"caption":"Lipstick Tube manufacturer"},{"@type":"BreadcrumbList","@id":"https:\/\/www.alovey.com\/product\/lipstick-tube-manufacturer-for-lipstick-packaging\/#breadcrumb","itemListElement":[{"@type":"ListItem","position":1,"name":"\u9996\u9875","item":"https:\/\/www.alovey.com\/"},{"@type":"ListItem","position":2,"name":"Products","item":"https:\/\/www.alovey.com\/products\/"},{"@type":"ListItem","position":3,"name":"Lipstick Tube manufacturer for lipstick packaging"}]},{"@type":"WebSite","@id":"https:\/\/www.alovey.com\/#website","url":"https:\/\/www.alovey.com\/","name":"Best Cosmetic Packaging Manufacture","description":"Alovey Cosmetic Packaging Co.,Ltd","publisher":{"@id":"https:\/\/www.alovey.com\/#organization"},"potentialAction":[{"@type":"SearchAction","target":{"@type":"EntryPoint","urlTemplate":"https:\/\/www.alovey.com\/?s={search_term_string}"},"query-input":{"@type":"PropertyValueSpecification","valueRequired":true,"valueName":"search_term_string"}}],"inLanguage":"fr-FR"},{"@type":"Organization","@id":"https:\/\/www.alovey.com\/#organization","name":"Best Cosmetic Packaging Manufacture","url":"https:\/\/www.alovey.com\/","logo":{"@type":"ImageObject","inLanguage":"fr-FR","@id":"https:\/\/www.alovey.com\/#\/schema\/logo\/image\/","url":"https:\/\/www.alovey.com\/wp-content\/uploads\/2023\/03\/logo.png","contentUrl":"https:\/\/www.alovey.com\/wp-content\/uploads\/2023\/03\/logo.png","width":505,"height":180,"caption":"Best  Cosmetic Packaging Manufacture"},"image":{"@id":"https:\/\/www.alovey.com\/#\/schema\/logo\/image\/"}}]}},"_links":{"self":[{"href":"https:\/\/www.alovey.com\/fr\/wp-json\/wp\/v2\/product\/12599"}],"collection":[{"href":"https:\/\/www.alovey.com\/fr\/wp-json\/wp\/v2\/product"}],"about":[{"href":"https:\/\/www.alovey.com\/fr\/wp-json\/wp\/v2\/types\/product"}],"wp:featuredmedia":[{"embeddable":true,"href":"https:\/\/www.alovey.com\/fr\/wp-json\/wp\/v2\/media\/12605"}],"wp:attachment":[{"href":"https:\/\/www.alovey.com\/fr\/wp-json\/wp\/v2\/media?parent=12599"}],"wp:term":[{"taxonomy":"product_brand","embeddable":true,"href":"https:\/\/www.alovey.com\/fr\/wp-json\/wp\/v2\/product_brand?post=12599"},{"taxonomy":"product_cat","embeddable":true,"href":"https:\/\/www.alovey.com\/fr\/wp-json\/wp\/v2\/product_cat?post=12599"},{"taxonomy":"product_tag","embeddable":true,"href":"https:\/\/www.alovey.com\/fr\/wp-json\/wp\/v2\/product_tag?post=12599"}],"curies":[{"name":"wp","href":"https:\/\/api.w.org\/{rel}","templated":true}]}}