{"id":12523,"date":"2026-01-24T06:26:38","date_gmt":"2026-01-24T06:26:38","guid":{"rendered":"https:\/\/www.alovey.com\/?post_type=product&#038;p=12523"},"modified":"2026-01-24T06:53:28","modified_gmt":"2026-01-24T06:53:28","slug":"oem-round-lip-balm-tube-with-large-capacity-8g","status":"publish","type":"product","link":"https:\/\/www.alovey.com\/fr\/produit\/oem-round-lip-balm-tube-with-large-capacity-8g\/","title":{"rendered":"OEM Round Lip Balm Tube with Large Capacity 8g"},"content":{"rendered":"<p><strong>\u00a0Adopt our OEM Round Lip Balm Tube\u00a0to upgrade your lip care packaging. \u00a0It is<\/strong><\/p>\n<p><strong>designed for both style and functionality. With a generous 8g capacity, this round tube is perfect for solid lip balms, tinted balms, and other stick-format cosmetic products. Its sleek, minimal design offers a premium feel while ensuring convenience for everyday use.<\/strong><\/p>\n<p><strong>Key Features:<\/strong><\/p>\n<p><strong>Large 8g Capacity:\u00a0Ideal for professional brands or DIY projects, reducing the need for frequent refills.<\/strong><\/p>\n<p><strong>Round Tube Design:\u00a0Classic, ergonomic, and easy to apply.<\/strong><\/p>\n<p><strong>Customizable Options:\u00a0Supports custom logos, colors, and finishes to match your brand identity.<\/strong><\/p>\n<p><strong>Durable Material:\u00a0Made from high-quality, cosmetic-safe plastics ensuring product protection.<\/strong><\/p>\n<p><strong>User-Friendly:\u00a0Smooth twist-up mechanism for precise application.<\/strong><\/p>\n<p><strong>\u00a0<\/strong><\/p>\n<p><strong>Applications:<\/strong><\/p>\n<p><strong>Lip balms<\/strong><\/p>\n<p><strong>Tinted lip balms<\/strong><\/p>\n<p><strong>Solid skincare sticks<\/strong><\/p>\n<p><strong>Other stick-format cosmetic products<\/strong><\/p>\n<p><strong>Why Choose Our OEM Tubes:<\/strong><\/p>\n<p><strong>Perfect for private label brands\u00a0or custom collections.<\/strong><\/p>\n<p><strong>High-quality production standards\u00a0ensure consistent size, weight, and performance.<\/strong><\/p>\n<p><strong>Supports bulk orders\u00a0and custom branding options for global distribution.<\/strong><\/p>\n<p><strong>Specifications:<\/strong><\/p>\n<p><strong>Shape: Round<\/strong><\/p>\n<p><strong>Capacity: 8g<\/strong><\/p>\n<p><strong>Material: Cosmetic-grade plastic<\/strong><\/p>\n<p><strong>Finish: Matte or glossy or metalization options available<\/strong><\/p>\n<p><strong>Customization: Logo printing, color matching, or packaging design<\/strong><\/p>\n<p><strong>Alovey produit une gamme exquise d'emballages cosm\u00e9tiques personnalis\u00e9s, m\u00e9ticuleusement con\u00e7us pour rehausser votre marque. Notre s\u00e9lection vari\u00e9e de mat\u00e9riaux de premi\u00e8re qualit\u00e9, associ\u00e9e \u00e0 des techniques de finition de surface d\u00e9licates telles que la s\u00e9rigraphie, le marquage \u00e0 chaud et la pulv\u00e9risation mate, fait de chaque emballage un chef-d'\u0153uvre unique.<\/strong><\/p>\n<p><img fetchpriority=\"high\" decoding=\"async\" class=\"size-full wp-image-12529\" src=\"https:\/\/www.alovey.com\/wp-content\/uploads\/2026\/01\/OEM-Round-Lip-Balm-Tube-with-Large-Capacity-8g-6.jpg\" alt=\"Lip Balm Tube\" width=\"750\" height=\"750\" srcset=\"https:\/\/www.alovey.com\/wp-content\/uploads\/2026\/01\/OEM-Round-Lip-Balm-Tube-with-Large-Capacity-8g-6.jpg 750w, https:\/\/www.alovey.com\/wp-content\/uploads\/2026\/01\/OEM-Round-Lip-Balm-Tube-with-Large-Capacity-8g-6-300x300.jpg 300w, https:\/\/www.alovey.com\/wp-content\/uploads\/2026\/01\/OEM-Round-Lip-Balm-Tube-with-Large-Capacity-8g-6-150x150.jpg 150w, https:\/\/www.alovey.com\/wp-content\/uploads\/2026\/01\/OEM-Round-Lip-Balm-Tube-with-Large-Capacity-8g-6-12x12.jpg 12w, https:\/\/www.alovey.com\/wp-content\/uploads\/2026\/01\/OEM-Round-Lip-Balm-Tube-with-Large-Capacity-8g-6-600x600.jpg 600w, https:\/\/www.alovey.com\/wp-content\/uploads\/2026\/01\/OEM-Round-Lip-Balm-Tube-with-Large-Capacity-8g-6-100x100.jpg 100w\" sizes=\"(max-width: 750px) 100vw, 750px\" \/> <img decoding=\"async\" class=\"size-full wp-image-12528\" src=\"https:\/\/www.alovey.com\/wp-content\/uploads\/2026\/01\/OEM-Round-Lip-Balm-Tube-with-Large-Capacity-8g-5.jpg\" alt=\"Lip Balm Tube\" width=\"750\" height=\"750\" srcset=\"https:\/\/www.alovey.com\/wp-content\/uploads\/2026\/01\/OEM-Round-Lip-Balm-Tube-with-Large-Capacity-8g-5.jpg 750w, https:\/\/www.alovey.com\/wp-content\/uploads\/2026\/01\/OEM-Round-Lip-Balm-Tube-with-Large-Capacity-8g-5-300x300.jpg 300w, https:\/\/www.alovey.com\/wp-content\/uploads\/2026\/01\/OEM-Round-Lip-Balm-Tube-with-Large-Capacity-8g-5-150x150.jpg 150w, https:\/\/www.alovey.com\/wp-content\/uploads\/2026\/01\/OEM-Round-Lip-Balm-Tube-with-Large-Capacity-8g-5-12x12.jpg 12w, https:\/\/www.alovey.com\/wp-content\/uploads\/2026\/01\/OEM-Round-Lip-Balm-Tube-with-Large-Capacity-8g-5-600x600.jpg 600w, https:\/\/www.alovey.com\/wp-content\/uploads\/2026\/01\/OEM-Round-Lip-Balm-Tube-with-Large-Capacity-8g-5-100x100.jpg 100w\" sizes=\"(max-width: 750px) 100vw, 750px\" \/> <img decoding=\"async\" class=\"size-full wp-image-12527\" src=\"https:\/\/www.alovey.com\/wp-content\/uploads\/2026\/01\/OEM-Round-Lip-Balm-Tube-with-Large-Capacity-8g-4.jpg\" alt=\"Lip Balm Tube\" width=\"750\" height=\"750\" srcset=\"https:\/\/www.alovey.com\/wp-content\/uploads\/2026\/01\/OEM-Round-Lip-Balm-Tube-with-Large-Capacity-8g-4.jpg 750w, https:\/\/www.alovey.com\/wp-content\/uploads\/2026\/01\/OEM-Round-Lip-Balm-Tube-with-Large-Capacity-8g-4-300x300.jpg 300w, https:\/\/www.alovey.com\/wp-content\/uploads\/2026\/01\/OEM-Round-Lip-Balm-Tube-with-Large-Capacity-8g-4-150x150.jpg 150w, https:\/\/www.alovey.com\/wp-content\/uploads\/2026\/01\/OEM-Round-Lip-Balm-Tube-with-Large-Capacity-8g-4-12x12.jpg 12w, https:\/\/www.alovey.com\/wp-content\/uploads\/2026\/01\/OEM-Round-Lip-Balm-Tube-with-Large-Capacity-8g-4-600x600.jpg 600w, https:\/\/www.alovey.com\/wp-content\/uploads\/2026\/01\/OEM-Round-Lip-Balm-Tube-with-Large-Capacity-8g-4-100x100.jpg 100w\" sizes=\"(max-width: 750px) 100vw, 750px\" \/> <img loading=\"lazy\" decoding=\"async\" class=\"size-full wp-image-12526\" src=\"https:\/\/www.alovey.com\/wp-content\/uploads\/2026\/01\/OEM-Round-Lip-Balm-Tube-with-Large-Capacity-8g-3.jpg\" alt=\"Lip Balm Tube\" width=\"750\" height=\"750\" srcset=\"https:\/\/www.alovey.com\/wp-content\/uploads\/2026\/01\/OEM-Round-Lip-Balm-Tube-with-Large-Capacity-8g-3.jpg 750w, https:\/\/www.alovey.com\/wp-content\/uploads\/2026\/01\/OEM-Round-Lip-Balm-Tube-with-Large-Capacity-8g-3-300x300.jpg 300w, https:\/\/www.alovey.com\/wp-content\/uploads\/2026\/01\/OEM-Round-Lip-Balm-Tube-with-Large-Capacity-8g-3-150x150.jpg 150w, https:\/\/www.alovey.com\/wp-content\/uploads\/2026\/01\/OEM-Round-Lip-Balm-Tube-with-Large-Capacity-8g-3-12x12.jpg 12w, https:\/\/www.alovey.com\/wp-content\/uploads\/2026\/01\/OEM-Round-Lip-Balm-Tube-with-Large-Capacity-8g-3-600x600.jpg 600w, https:\/\/www.alovey.com\/wp-content\/uploads\/2026\/01\/OEM-Round-Lip-Balm-Tube-with-Large-Capacity-8g-3-100x100.jpg 100w\" sizes=\"(max-width: 750px) 100vw, 750px\" \/> <img loading=\"lazy\" decoding=\"async\" class=\"size-full wp-image-12525\" src=\"https:\/\/www.alovey.com\/wp-content\/uploads\/2026\/01\/OEM-Round-Lip-Balm-Tube-with-Large-Capacity-8g-2.jpg\" alt=\"Lip Balm Tube\" width=\"750\" height=\"750\" srcset=\"https:\/\/www.alovey.com\/wp-content\/uploads\/2026\/01\/OEM-Round-Lip-Balm-Tube-with-Large-Capacity-8g-2.jpg 750w, https:\/\/www.alovey.com\/wp-content\/uploads\/2026\/01\/OEM-Round-Lip-Balm-Tube-with-Large-Capacity-8g-2-300x300.jpg 300w, https:\/\/www.alovey.com\/wp-content\/uploads\/2026\/01\/OEM-Round-Lip-Balm-Tube-with-Large-Capacity-8g-2-150x150.jpg 150w, https:\/\/www.alovey.com\/wp-content\/uploads\/2026\/01\/OEM-Round-Lip-Balm-Tube-with-Large-Capacity-8g-2-12x12.jpg 12w, https:\/\/www.alovey.com\/wp-content\/uploads\/2026\/01\/OEM-Round-Lip-Balm-Tube-with-Large-Capacity-8g-2-600x600.jpg 600w, https:\/\/www.alovey.com\/wp-content\/uploads\/2026\/01\/OEM-Round-Lip-Balm-Tube-with-Large-Capacity-8g-2-100x100.jpg 100w\" sizes=\"(max-width: 750px) 100vw, 750px\" \/> <img loading=\"lazy\" decoding=\"async\" class=\"size-full wp-image-12524\" src=\"https:\/\/www.alovey.com\/wp-content\/uploads\/2026\/01\/OEM-Round-Lip-Balm-Tube-with-Large-Capacity-8g-1.jpg\" alt=\"Lip Balm Tube\" width=\"750\" height=\"750\" srcset=\"https:\/\/www.alovey.com\/wp-content\/uploads\/2026\/01\/OEM-Round-Lip-Balm-Tube-with-Large-Capacity-8g-1.jpg 750w, https:\/\/www.alovey.com\/wp-content\/uploads\/2026\/01\/OEM-Round-Lip-Balm-Tube-with-Large-Capacity-8g-1-300x300.jpg 300w, https:\/\/www.alovey.com\/wp-content\/uploads\/2026\/01\/OEM-Round-Lip-Balm-Tube-with-Large-Capacity-8g-1-150x150.jpg 150w, https:\/\/www.alovey.com\/wp-content\/uploads\/2026\/01\/OEM-Round-Lip-Balm-Tube-with-Large-Capacity-8g-1-12x12.jpg 12w, https:\/\/www.alovey.com\/wp-content\/uploads\/2026\/01\/OEM-Round-Lip-Balm-Tube-with-Large-Capacity-8g-1-600x600.jpg 600w, https:\/\/www.alovey.com\/wp-content\/uploads\/2026\/01\/OEM-Round-Lip-Balm-Tube-with-Large-Capacity-8g-1-100x100.jpg 100w\" sizes=\"(max-width: 750px) 100vw, 750px\" \/><\/p>\n<p>&nbsp;<\/p>\n<p>&nbsp;<\/p>\n<p>&nbsp;<\/p>\n<p>&nbsp;<\/p>\n<p>&nbsp;<\/p>\n<p>&nbsp;<\/p>\n<p>&nbsp;<\/p>\n<p>&nbsp;<\/p>\n<p>&nbsp;<\/p>\n<p>&nbsp;<\/p>","protected":false},"excerpt":{"rendered":"<ul>\n<li>Item No: P-J0245B<\/li>\n<li>Mat\u00e9riau : Plastique<\/li>\n<li>Size:\u00a0\u00a0D25*H80MM<\/li>\n<li>Applications : Produits de beaut\u00e9<\/li>\n<li>MOQ : 12 000 pi\u00e8ces<\/li>\n<li>Couleur : couleur personnalis\u00e9e<\/li>\n<li>Surface treatment: Injection\/Matte\/Materialization\/UV coating<\/li>\n<li>Nom de marque : OEM\/ODM<\/li>\n<li>Logo : Logo du client<\/li>\n<li>Capacit\u00e9 de production : 100 000 pi\u00e8ces par mois<\/li>\n<\/ul>","protected":false},"featured_media":12526,"template":"","meta":{"_acf_changed":false},"product_brand":[],"product_cat":[374,397],"product_tag":[408,394,384],"class_list":{"0":"post-12523","1":"product","2":"type-product","3":"status-publish","4":"has-post-thumbnail","6":"product_cat-china-professional-lip-balm-tube-manufacture","7":"product_cat-unique-cosmetic-packaging","8":"product_tag-concealer-tube","9":"product_tag-foundation-stick-tube","10":"product_tag-lip-balm-tube","12":"first","13":"instock","14":"shipping-taxable","15":"product-type-simple"},"acf":[],"yoast_head":"<!-- This site is optimized with the Yoast SEO plugin v24.1 - https:\/\/yoast.com\/wordpress\/plugins\/seo\/ -->\n<title>oem-round-lip-balm-tube-with-large-capacity-8g<\/title>\n<meta name=\"description\" content=\"This adorable carrot shaped lip balm tube is designed especially for children, featuring bottom filling for easy production and a secure, leakproof seal.\" \/>\n<meta name=\"robots\" content=\"index, follow, max-snippet:-1, max-image-preview:large, max-video-preview:-1\" \/>\n<link rel=\"canonical\" href=\"https:\/\/www.alovey.com\/fr\/produit\/oem-round-lip-balm-tube-with-large-capacity-8g\/\" \/>\n<meta property=\"og:locale\" content=\"fr_FR\" \/>\n<meta property=\"og:type\" content=\"article\" \/>\n<meta property=\"og:title\" content=\"oem-round-lip-balm-tube-with-large-capacity-8g\" \/>\n<meta property=\"og:description\" content=\"This adorable carrot shaped lip balm tube is designed especially for children, featuring bottom filling for easy production and a secure, leakproof seal.\" \/>\n<meta property=\"og:url\" content=\"https:\/\/www.alovey.com\/fr\/produit\/oem-round-lip-balm-tube-with-large-capacity-8g\/\" \/>\n<meta property=\"og:site_name\" content=\"Best Cosmetic Packaging Manufacture\" \/>\n<meta property=\"article:modified_time\" content=\"2026-01-24T06:53:28+00:00\" \/>\n<meta property=\"og:image\" content=\"https:\/\/www.alovey.com\/wp-content\/uploads\/2026\/01\/OEM-Round-Lip-Balm-Tube-with-Large-Capacity-8g-3.jpg\" \/>\n\t<meta property=\"og:image:width\" content=\"750\" \/>\n\t<meta property=\"og:image:height\" content=\"750\" \/>\n\t<meta property=\"og:image:type\" content=\"image\/jpeg\" \/>\n<meta name=\"twitter:card\" content=\"summary_large_image\" \/>\n<meta name=\"twitter:label1\" content=\"Dur\u00e9e de lecture estim\u00e9e\" \/>\n\t<meta name=\"twitter:data1\" content=\"3 minutes\" \/>\n<script type=\"application\/ld+json\" class=\"yoast-schema-graph\">{\"@context\":\"https:\/\/schema.org\",\"@graph\":[{\"@type\":\"WebPage\",\"@id\":\"https:\/\/www.alovey.com\/product\/oem-round-lip-balm-tube-with-large-capacity-8g\/\",\"url\":\"https:\/\/www.alovey.com\/product\/oem-round-lip-balm-tube-with-large-capacity-8g\/\",\"name\":\"oem-round-lip-balm-tube-with-large-capacity-8g\",\"isPartOf\":{\"@id\":\"https:\/\/www.alovey.com\/#website\"},\"primaryImageOfPage\":{\"@id\":\"https:\/\/www.alovey.com\/product\/oem-round-lip-balm-tube-with-large-capacity-8g\/#primaryimage\"},\"image\":{\"@id\":\"https:\/\/www.alovey.com\/product\/oem-round-lip-balm-tube-with-large-capacity-8g\/#primaryimage\"},\"thumbnailUrl\":\"https:\/\/www.alovey.com\/wp-content\/uploads\/2026\/01\/OEM-Round-Lip-Balm-Tube-with-Large-Capacity-8g-3.jpg\",\"datePublished\":\"2026-01-24T06:26:38+00:00\",\"dateModified\":\"2026-01-24T06:53:28+00:00\",\"description\":\"This adorable carrot shaped lip balm tube is designed especially for children, featuring bottom filling for easy production and a secure, leakproof seal.\",\"breadcrumb\":{\"@id\":\"https:\/\/www.alovey.com\/product\/oem-round-lip-balm-tube-with-large-capacity-8g\/#breadcrumb\"},\"inLanguage\":\"fr-FR\",\"potentialAction\":[{\"@type\":\"ReadAction\",\"target\":[\"https:\/\/www.alovey.com\/product\/oem-round-lip-balm-tube-with-large-capacity-8g\/\"]}]},{\"@type\":\"ImageObject\",\"inLanguage\":\"fr-FR\",\"@id\":\"https:\/\/www.alovey.com\/product\/oem-round-lip-balm-tube-with-large-capacity-8g\/#primaryimage\",\"url\":\"https:\/\/www.alovey.com\/wp-content\/uploads\/2026\/01\/OEM-Round-Lip-Balm-Tube-with-Large-Capacity-8g-3.jpg\",\"contentUrl\":\"https:\/\/www.alovey.com\/wp-content\/uploads\/2026\/01\/OEM-Round-Lip-Balm-Tube-with-Large-Capacity-8g-3.jpg\",\"width\":750,\"height\":750,\"caption\":\"OEM Round Lip Balm Tube with Large Capacity 8g\"},{\"@type\":\"BreadcrumbList\",\"@id\":\"https:\/\/www.alovey.com\/product\/oem-round-lip-balm-tube-with-large-capacity-8g\/#breadcrumb\",\"itemListElement\":[{\"@type\":\"ListItem\",\"position\":1,\"name\":\"\u9996\u9875\",\"item\":\"https:\/\/www.alovey.com\/\"},{\"@type\":\"ListItem\",\"position\":2,\"name\":\"Products\",\"item\":\"https:\/\/www.alovey.com\/products\/\"},{\"@type\":\"ListItem\",\"position\":3,\"name\":\"OEM Round Lip Balm Tube with Large Capacity 8g\"}]},{\"@type\":\"WebSite\",\"@id\":\"https:\/\/www.alovey.com\/#website\",\"url\":\"https:\/\/www.alovey.com\/\",\"name\":\"Best Cosmetic Packaging Manufacture\",\"description\":\"Alovey Cosmetic Packaging Co.,Ltd\",\"publisher\":{\"@id\":\"https:\/\/www.alovey.com\/#organization\"},\"potentialAction\":[{\"@type\":\"SearchAction\",\"target\":{\"@type\":\"EntryPoint\",\"urlTemplate\":\"https:\/\/www.alovey.com\/?s={search_term_string}\"},\"query-input\":{\"@type\":\"PropertyValueSpecification\",\"valueRequired\":true,\"valueName\":\"search_term_string\"}}],\"inLanguage\":\"fr-FR\"},{\"@type\":\"Organization\",\"@id\":\"https:\/\/www.alovey.com\/#organization\",\"name\":\"Best Cosmetic Packaging Manufacture\",\"url\":\"https:\/\/www.alovey.com\/\",\"logo\":{\"@type\":\"ImageObject\",\"inLanguage\":\"fr-FR\",\"@id\":\"https:\/\/www.alovey.com\/#\/schema\/logo\/image\/\",\"url\":\"https:\/\/www.alovey.com\/wp-content\/uploads\/2023\/03\/logo.png\",\"contentUrl\":\"https:\/\/www.alovey.com\/wp-content\/uploads\/2023\/03\/logo.png\",\"width\":505,\"height\":180,\"caption\":\"Best  Cosmetic Packaging Manufacture\"},\"image\":{\"@id\":\"https:\/\/www.alovey.com\/#\/schema\/logo\/image\/\"}}]}<\/script>\n<!-- \/ Yoast SEO plugin. -->","yoast_head_json":{"title":"oem-round-lip-balm-tube-with-large-capacity-8g","description":"This adorable carrot shaped lip balm tube is designed especially for children, featuring bottom filling for easy production and a secure, leakproof seal.","robots":{"index":"index","follow":"follow","max-snippet":"max-snippet:-1","max-image-preview":"max-image-preview:large","max-video-preview":"max-video-preview:-1"},"canonical":"https:\/\/www.alovey.com\/fr\/produit\/oem-round-lip-balm-tube-with-large-capacity-8g\/","og_locale":"fr_FR","og_type":"article","og_title":"oem-round-lip-balm-tube-with-large-capacity-8g","og_description":"This adorable carrot shaped lip balm tube is designed especially for children, featuring bottom filling for easy production and a secure, leakproof seal.","og_url":"https:\/\/www.alovey.com\/fr\/produit\/oem-round-lip-balm-tube-with-large-capacity-8g\/","og_site_name":"Best Cosmetic Packaging Manufacture","article_modified_time":"2026-01-24T06:53:28+00:00","og_image":[{"width":750,"height":750,"url":"https:\/\/www.alovey.com\/wp-content\/uploads\/2026\/01\/OEM-Round-Lip-Balm-Tube-with-Large-Capacity-8g-3.jpg","type":"image\/jpeg"}],"twitter_card":"summary_large_image","twitter_misc":{"Dur\u00e9e de lecture estim\u00e9e":"3 minutes"},"schema":{"@context":"https:\/\/schema.org","@graph":[{"@type":"WebPage","@id":"https:\/\/www.alovey.com\/product\/oem-round-lip-balm-tube-with-large-capacity-8g\/","url":"https:\/\/www.alovey.com\/product\/oem-round-lip-balm-tube-with-large-capacity-8g\/","name":"oem-round-lip-balm-tube-with-large-capacity-8g","isPartOf":{"@id":"https:\/\/www.alovey.com\/#website"},"primaryImageOfPage":{"@id":"https:\/\/www.alovey.com\/product\/oem-round-lip-balm-tube-with-large-capacity-8g\/#primaryimage"},"image":{"@id":"https:\/\/www.alovey.com\/product\/oem-round-lip-balm-tube-with-large-capacity-8g\/#primaryimage"},"thumbnailUrl":"https:\/\/www.alovey.com\/wp-content\/uploads\/2026\/01\/OEM-Round-Lip-Balm-Tube-with-Large-Capacity-8g-3.jpg","datePublished":"2026-01-24T06:26:38+00:00","dateModified":"2026-01-24T06:53:28+00:00","description":"This adorable carrot shaped lip balm tube is designed especially for children, featuring bottom filling for easy production and a secure, leakproof seal.","breadcrumb":{"@id":"https:\/\/www.alovey.com\/product\/oem-round-lip-balm-tube-with-large-capacity-8g\/#breadcrumb"},"inLanguage":"fr-FR","potentialAction":[{"@type":"ReadAction","target":["https:\/\/www.alovey.com\/product\/oem-round-lip-balm-tube-with-large-capacity-8g\/"]}]},{"@type":"ImageObject","inLanguage":"fr-FR","@id":"https:\/\/www.alovey.com\/product\/oem-round-lip-balm-tube-with-large-capacity-8g\/#primaryimage","url":"https:\/\/www.alovey.com\/wp-content\/uploads\/2026\/01\/OEM-Round-Lip-Balm-Tube-with-Large-Capacity-8g-3.jpg","contentUrl":"https:\/\/www.alovey.com\/wp-content\/uploads\/2026\/01\/OEM-Round-Lip-Balm-Tube-with-Large-Capacity-8g-3.jpg","width":750,"height":750,"caption":"OEM Round Lip Balm Tube with Large Capacity 8g"},{"@type":"BreadcrumbList","@id":"https:\/\/www.alovey.com\/product\/oem-round-lip-balm-tube-with-large-capacity-8g\/#breadcrumb","itemListElement":[{"@type":"ListItem","position":1,"name":"\u9996\u9875","item":"https:\/\/www.alovey.com\/"},{"@type":"ListItem","position":2,"name":"Products","item":"https:\/\/www.alovey.com\/products\/"},{"@type":"ListItem","position":3,"name":"OEM Round Lip Balm Tube with Large Capacity 8g"}]},{"@type":"WebSite","@id":"https:\/\/www.alovey.com\/#website","url":"https:\/\/www.alovey.com\/","name":"Best Cosmetic Packaging Manufacture","description":"Alovey Cosmetic Packaging Co.,Ltd","publisher":{"@id":"https:\/\/www.alovey.com\/#organization"},"potentialAction":[{"@type":"SearchAction","target":{"@type":"EntryPoint","urlTemplate":"https:\/\/www.alovey.com\/?s={search_term_string}"},"query-input":{"@type":"PropertyValueSpecification","valueRequired":true,"valueName":"search_term_string"}}],"inLanguage":"fr-FR"},{"@type":"Organization","@id":"https:\/\/www.alovey.com\/#organization","name":"Best Cosmetic Packaging Manufacture","url":"https:\/\/www.alovey.com\/","logo":{"@type":"ImageObject","inLanguage":"fr-FR","@id":"https:\/\/www.alovey.com\/#\/schema\/logo\/image\/","url":"https:\/\/www.alovey.com\/wp-content\/uploads\/2023\/03\/logo.png","contentUrl":"https:\/\/www.alovey.com\/wp-content\/uploads\/2023\/03\/logo.png","width":505,"height":180,"caption":"Best  Cosmetic Packaging Manufacture"},"image":{"@id":"https:\/\/www.alovey.com\/#\/schema\/logo\/image\/"}}]}},"_links":{"self":[{"href":"https:\/\/www.alovey.com\/fr\/wp-json\/wp\/v2\/product\/12523"}],"collection":[{"href":"https:\/\/www.alovey.com\/fr\/wp-json\/wp\/v2\/product"}],"about":[{"href":"https:\/\/www.alovey.com\/fr\/wp-json\/wp\/v2\/types\/product"}],"wp:featuredmedia":[{"embeddable":true,"href":"https:\/\/www.alovey.com\/fr\/wp-json\/wp\/v2\/media\/12526"}],"wp:attachment":[{"href":"https:\/\/www.alovey.com\/fr\/wp-json\/wp\/v2\/media?parent=12523"}],"wp:term":[{"taxonomy":"product_brand","embeddable":true,"href":"https:\/\/www.alovey.com\/fr\/wp-json\/wp\/v2\/product_brand?post=12523"},{"taxonomy":"product_cat","embeddable":true,"href":"https:\/\/www.alovey.com\/fr\/wp-json\/wp\/v2\/product_cat?post=12523"},{"taxonomy":"product_tag","embeddable":true,"href":"https:\/\/www.alovey.com\/fr\/wp-json\/wp\/v2\/product_tag?post=12523"}],"curies":[{"name":"wp","href":"https:\/\/api.w.org\/{rel}","templated":true}]}}