{"id":12475,"date":"2026-01-22T06:33:50","date_gmt":"2026-01-22T06:33:50","guid":{"rendered":"https:\/\/www.alovey.com\/?post_type=product&#038;p=12475"},"modified":"2026-01-27T03:14:47","modified_gmt":"2026-01-27T03:14:47","slug":"bottom-rotating-lip-crayon-tube-with-clear-lid","status":"publish","type":"product","link":"https:\/\/www.alovey.com\/fr\/produit\/bottom-rotating-lip-crayon-tube-with-clear-lid\/","title":{"rendered":"Bottom Rotating Lip Crayon Tube With Clear Lid"},"content":{"rendered":"<p><strong>This round lip crayon tube\u00a0features a bottom-rotating for smooth, precise dispensing and a clear protective lid\u00a0that showcases the product color while keeping it clean and secure.<\/strong><\/p>\n<p><strong>Designed for versatility and ease of use, it\u2019s ideal for lip crayons, chubby lipsticks, lip balms, and concealer sticks.<\/strong><\/p>\n<p><strong>With a simple yet functional design, this empty lip crayon container is perfect for OEM\/ODM cosmetic packaging\u00a0and private-label beauty brands seeking practical, modern packaging solutions.<\/strong><\/p>\n<p><strong>Key Features:<\/strong><\/p>\n<p><strong>Bottom-Rotating Design\u00a0\u2014 smooth twist-up application<\/strong><\/p>\n<p><strong>Clear Lid\u00a0\u2014 easy color visibility and product protection<\/strong><\/p>\n<p><strong>\u00a0Round Tube Shape\u00a0\u2014 comfortable grip and classic look<\/strong><\/p>\n<p><strong>\u00a0Customizable\u00a0\u2014 color, logo printing, and surface finishes available<\/strong><\/p>\n<p><strong>Empty Container\u00a0\u2014 ready for filling and bulk production<\/strong><\/p>\n<p><strong>Ideal for lip crayon, lipstick, lip balm, and multi-use cosmetic sticks.<\/strong><\/p>\n<p><strong>Alovey, fabricant professionnel chinois d'emballages cosm\u00e9tiques, produit une gamme exquise d'emballages cosm\u00e9tiques personnalis\u00e9s, m\u00e9ticuleusement con\u00e7us pour rehausser votre marque. Notre s\u00e9lection vari\u00e9e de mat\u00e9riaux de premi\u00e8re qualit\u00e9, associ\u00e9e \u00e0 des techniques de finition de surface d\u00e9licates telles que la s\u00e9rigraphie, l'estampage \u00e0 chaud et la pulv\u00e9risation mate, fait de chaque emballage un chef-d'\u0153uvre unique.<\/strong><\/p>\n<p><img fetchpriority=\"high\" decoding=\"async\" class=\"size-full wp-image-12481\" src=\"https:\/\/www.alovey.com\/wp-content\/uploads\/2026\/01\/Bottom-Rotating-Lip-Crayon-Tube-With-Clear-Lid-7.jpg\" alt=\"\" width=\"750\" height=\"750\" srcset=\"https:\/\/www.alovey.com\/wp-content\/uploads\/2026\/01\/Bottom-Rotating-Lip-Crayon-Tube-With-Clear-Lid-7.jpg 750w, https:\/\/www.alovey.com\/wp-content\/uploads\/2026\/01\/Bottom-Rotating-Lip-Crayon-Tube-With-Clear-Lid-7-300x300.jpg 300w, https:\/\/www.alovey.com\/wp-content\/uploads\/2026\/01\/Bottom-Rotating-Lip-Crayon-Tube-With-Clear-Lid-7-150x150.jpg 150w, https:\/\/www.alovey.com\/wp-content\/uploads\/2026\/01\/Bottom-Rotating-Lip-Crayon-Tube-With-Clear-Lid-7-12x12.jpg 12w, https:\/\/www.alovey.com\/wp-content\/uploads\/2026\/01\/Bottom-Rotating-Lip-Crayon-Tube-With-Clear-Lid-7-600x600.jpg 600w, https:\/\/www.alovey.com\/wp-content\/uploads\/2026\/01\/Bottom-Rotating-Lip-Crayon-Tube-With-Clear-Lid-7-100x100.jpg 100w\" sizes=\"(max-width: 750px) 100vw, 750px\" \/> <img decoding=\"async\" class=\"size-full wp-image-12479\" src=\"https:\/\/www.alovey.com\/wp-content\/uploads\/2026\/01\/Bottom-Rotating-Lip-Crayon-Tube-With-Clear-Lid-5.jpg\" alt=\"\" width=\"750\" height=\"750\" srcset=\"https:\/\/www.alovey.com\/wp-content\/uploads\/2026\/01\/Bottom-Rotating-Lip-Crayon-Tube-With-Clear-Lid-5.jpg 750w, https:\/\/www.alovey.com\/wp-content\/uploads\/2026\/01\/Bottom-Rotating-Lip-Crayon-Tube-With-Clear-Lid-5-300x300.jpg 300w, https:\/\/www.alovey.com\/wp-content\/uploads\/2026\/01\/Bottom-Rotating-Lip-Crayon-Tube-With-Clear-Lid-5-150x150.jpg 150w, https:\/\/www.alovey.com\/wp-content\/uploads\/2026\/01\/Bottom-Rotating-Lip-Crayon-Tube-With-Clear-Lid-5-12x12.jpg 12w, https:\/\/www.alovey.com\/wp-content\/uploads\/2026\/01\/Bottom-Rotating-Lip-Crayon-Tube-With-Clear-Lid-5-600x600.jpg 600w, https:\/\/www.alovey.com\/wp-content\/uploads\/2026\/01\/Bottom-Rotating-Lip-Crayon-Tube-With-Clear-Lid-5-100x100.jpg 100w\" sizes=\"(max-width: 750px) 100vw, 750px\" \/> <img decoding=\"async\" class=\"size-full wp-image-12478\" src=\"https:\/\/www.alovey.com\/wp-content\/uploads\/2026\/01\/Bottom-Rotating-Lip-Crayon-Tube-With-Clear-Lid-4.jpg\" alt=\"\" width=\"750\" height=\"750\" srcset=\"https:\/\/www.alovey.com\/wp-content\/uploads\/2026\/01\/Bottom-Rotating-Lip-Crayon-Tube-With-Clear-Lid-4.jpg 750w, https:\/\/www.alovey.com\/wp-content\/uploads\/2026\/01\/Bottom-Rotating-Lip-Crayon-Tube-With-Clear-Lid-4-300x300.jpg 300w, https:\/\/www.alovey.com\/wp-content\/uploads\/2026\/01\/Bottom-Rotating-Lip-Crayon-Tube-With-Clear-Lid-4-150x150.jpg 150w, https:\/\/www.alovey.com\/wp-content\/uploads\/2026\/01\/Bottom-Rotating-Lip-Crayon-Tube-With-Clear-Lid-4-12x12.jpg 12w, https:\/\/www.alovey.com\/wp-content\/uploads\/2026\/01\/Bottom-Rotating-Lip-Crayon-Tube-With-Clear-Lid-4-600x600.jpg 600w, https:\/\/www.alovey.com\/wp-content\/uploads\/2026\/01\/Bottom-Rotating-Lip-Crayon-Tube-With-Clear-Lid-4-100x100.jpg 100w\" sizes=\"(max-width: 750px) 100vw, 750px\" \/> <img loading=\"lazy\" decoding=\"async\" class=\"size-full wp-image-12476\" src=\"https:\/\/www.alovey.com\/wp-content\/uploads\/2026\/01\/Bottom-Rotating-Lip-Crayon-Tube-With-Clear-Lid-2.jpg\" alt=\"\" width=\"750\" height=\"750\" srcset=\"https:\/\/www.alovey.com\/wp-content\/uploads\/2026\/01\/Bottom-Rotating-Lip-Crayon-Tube-With-Clear-Lid-2.jpg 750w, https:\/\/www.alovey.com\/wp-content\/uploads\/2026\/01\/Bottom-Rotating-Lip-Crayon-Tube-With-Clear-Lid-2-300x300.jpg 300w, https:\/\/www.alovey.com\/wp-content\/uploads\/2026\/01\/Bottom-Rotating-Lip-Crayon-Tube-With-Clear-Lid-2-150x150.jpg 150w, https:\/\/www.alovey.com\/wp-content\/uploads\/2026\/01\/Bottom-Rotating-Lip-Crayon-Tube-With-Clear-Lid-2-12x12.jpg 12w, https:\/\/www.alovey.com\/wp-content\/uploads\/2026\/01\/Bottom-Rotating-Lip-Crayon-Tube-With-Clear-Lid-2-600x600.jpg 600w, https:\/\/www.alovey.com\/wp-content\/uploads\/2026\/01\/Bottom-Rotating-Lip-Crayon-Tube-With-Clear-Lid-2-100x100.jpg 100w\" sizes=\"(max-width: 750px) 100vw, 750px\" \/> <img loading=\"lazy\" decoding=\"async\" class=\"size-full wp-image-12477\" src=\"https:\/\/www.alovey.com\/wp-content\/uploads\/2026\/01\/Bottom-Rotating-Lip-Crayon-Tube-With-Clear-Lid-3.jpg\" alt=\"\" width=\"750\" height=\"750\" srcset=\"https:\/\/www.alovey.com\/wp-content\/uploads\/2026\/01\/Bottom-Rotating-Lip-Crayon-Tube-With-Clear-Lid-3.jpg 750w, https:\/\/www.alovey.com\/wp-content\/uploads\/2026\/01\/Bottom-Rotating-Lip-Crayon-Tube-With-Clear-Lid-3-300x300.jpg 300w, https:\/\/www.alovey.com\/wp-content\/uploads\/2026\/01\/Bottom-Rotating-Lip-Crayon-Tube-With-Clear-Lid-3-150x150.jpg 150w, https:\/\/www.alovey.com\/wp-content\/uploads\/2026\/01\/Bottom-Rotating-Lip-Crayon-Tube-With-Clear-Lid-3-12x12.jpg 12w, https:\/\/www.alovey.com\/wp-content\/uploads\/2026\/01\/Bottom-Rotating-Lip-Crayon-Tube-With-Clear-Lid-3-600x600.jpg 600w, https:\/\/www.alovey.com\/wp-content\/uploads\/2026\/01\/Bottom-Rotating-Lip-Crayon-Tube-With-Clear-Lid-3-100x100.jpg 100w\" sizes=\"(max-width: 750px) 100vw, 750px\" \/> <img loading=\"lazy\" decoding=\"async\" class=\"size-full wp-image-12480\" src=\"https:\/\/www.alovey.com\/wp-content\/uploads\/2026\/01\/Bottom-Rotating-Lip-Crayon-Tube-With-Clear-Lid-6.jpg\" alt=\"\" width=\"630\" height=\"630\" srcset=\"https:\/\/www.alovey.com\/wp-content\/uploads\/2026\/01\/Bottom-Rotating-Lip-Crayon-Tube-With-Clear-Lid-6.jpg 630w, https:\/\/www.alovey.com\/wp-content\/uploads\/2026\/01\/Bottom-Rotating-Lip-Crayon-Tube-With-Clear-Lid-6-300x300.jpg 300w, https:\/\/www.alovey.com\/wp-content\/uploads\/2026\/01\/Bottom-Rotating-Lip-Crayon-Tube-With-Clear-Lid-6-150x150.jpg 150w, https:\/\/www.alovey.com\/wp-content\/uploads\/2026\/01\/Bottom-Rotating-Lip-Crayon-Tube-With-Clear-Lid-6-12x12.jpg 12w, https:\/\/www.alovey.com\/wp-content\/uploads\/2026\/01\/Bottom-Rotating-Lip-Crayon-Tube-With-Clear-Lid-6-600x600.jpg 600w, https:\/\/www.alovey.com\/wp-content\/uploads\/2026\/01\/Bottom-Rotating-Lip-Crayon-Tube-With-Clear-Lid-6-100x100.jpg 100w\" sizes=\"(max-width: 630px) 100vw, 630px\" \/><\/p>\n<p>&nbsp;<\/p>\n<p>&nbsp;<\/p>\n<p>&nbsp;<\/p>\n<p>&nbsp;<\/p>\n<p>&nbsp;<\/p>\n<p>&nbsp;<\/p>\n<p>&nbsp;<\/p>\n<p>&nbsp;<\/p>\n<p>&nbsp;<\/p>\n<p>&nbsp;<\/p>\n<p>&nbsp;<\/p>\n<p>&nbsp;<\/p>\n<p>&nbsp;<\/p>\n<p>&nbsp;<\/p>\n<p>&nbsp;<\/p>\n<p>&nbsp;<\/p>\n<p>&nbsp;<\/p>\n<p>&nbsp;<\/p>\n<p>&nbsp;<\/p>\n<p>&nbsp;<\/p>\n<p>&nbsp;<\/p>\n<p>&nbsp;<\/p>\n<p>&nbsp;<\/p>\n<p>&nbsp;<\/p>\n<p>&nbsp;<\/p>\n<p>&nbsp;<\/p>\n<p>&nbsp;<\/p>\n<p>&nbsp;<\/p>\n<p>&nbsp;<\/p>\n<p>&nbsp;<\/p>\n<p>&nbsp;<\/p>\n<p>&nbsp;<\/p>\n<p>&nbsp;<\/p>\n<p>&nbsp;<\/p>\n<p>&nbsp;<\/p>\n<p>&nbsp;<\/p>\n<p>&nbsp;<\/p>\n<p>&nbsp;<\/p>\n<p>&nbsp;<\/p>\n<p>&nbsp;<\/p>\n<p>&nbsp;<\/p>\n<p>&nbsp;<\/p>\n<p>&nbsp;<\/p>\n<p>&nbsp;<\/p>\n<p>&nbsp;<\/p>\n<p>&nbsp;<\/p>\n<p>&nbsp;<\/p>\n<p>&nbsp;<\/p>\n<p>&nbsp;<\/p>\n<p>&nbsp;<\/p>\n<p>&nbsp;<\/p>\n<p>&nbsp;<\/p>\n<p>&nbsp;<\/p>\n<p>&nbsp;<\/p>\n<p>&nbsp;<\/p>\n<p>&nbsp;<\/p>\n<p>&nbsp;<\/p>\n<p>&nbsp;<\/p>\n<p>&nbsp;<\/p>\n<p>&nbsp;<\/p>\n<p>&nbsp;<\/p>\n<p>&nbsp;<\/p>\n<p>&nbsp;<\/p>\n<p>&nbsp;<\/p>\n<p>&nbsp;<\/p>\n<p>&nbsp;<\/p>\n<p>&nbsp;<\/p>\n<p>&nbsp;<\/p>\n<p>&nbsp;<\/p>\n<p>&nbsp;<\/p>\n<p>&nbsp;<\/p>\n<p>&nbsp;<\/p>\n<p>&nbsp;<\/p>\n<p>&nbsp;<\/p>\n<p>&nbsp;<\/p>\n<p>&nbsp;<\/p>\n<p>&nbsp;<\/p>\n<p>&nbsp;<\/p>\n<p>&nbsp;<\/p>\n<p>&nbsp;<\/p>\n<p>&nbsp;<\/p>\n<p>&nbsp;<\/p>\n<p>&nbsp;<\/p>\n<p>&nbsp;<\/p>\n<p>&nbsp;<\/p>\n<p>&nbsp;<\/p>\n<p>&nbsp;<\/p>\n<p>&nbsp;<\/p>\n<p>&nbsp;<\/p>\n<p>&nbsp;<\/p>\n<p>&nbsp;<\/p>\n<p>&nbsp;<\/p>\n<p>&nbsp;<\/p>\n<p>&nbsp;<\/p>\n<p>&nbsp;<\/p>\n<p>&nbsp;<\/p>\n<p>&nbsp;<\/p>\n<p>&nbsp;<\/p>\n<p>&nbsp;<\/p>\n<p>&nbsp;<\/p>\n<p>&nbsp;<\/p>\n<p>&nbsp;<\/p>\n<p>&nbsp;<\/p>\n<p>&nbsp;<\/p>\n<p>&nbsp;<\/p>\n<p>&nbsp;<\/p>\n<p>&nbsp;<\/p>\n<p>&nbsp;<\/p>\n<p>&nbsp;<\/p>\n<p>&nbsp;<\/p>\n<p>&nbsp;<\/p>\n<p>&nbsp;<\/p>\n<p>&nbsp;<\/p>\n<p>&nbsp;<\/p>\n<p>&nbsp;<\/p>\n<p>&nbsp;<\/p>","protected":false},"excerpt":{"rendered":"<ul>\n<li>Item No: LS-P0015D<\/li>\n<li>Mat\u00e9riau : Plastique<\/li>\n<li>Size:\u00a0D18*H88 MM<\/li>\n<li>Applications : Produits de beaut\u00e9<\/li>\n<li>MOQ : 12 000 pi\u00e8ces<\/li>\n<li>Couleur : couleur personnalis\u00e9e<\/li>\n<li>Surface treatment: Injection\/Matte\/Materialization\/UV coating<\/li>\n<li>Nom de marque : OEM\/ODM<\/li>\n<li>Logo : Logo du client<\/li>\n<li>Capacit\u00e9 de production : 100 000 pi\u00e8ces par mois<\/li>\n<\/ul>\n<p>&nbsp;<\/p>\n<p>&nbsp;<\/p>","protected":false},"featured_media":12481,"template":"","meta":{"_acf_changed":false},"product_brand":[],"product_cat":[373],"product_tag":[389],"class_list":{"0":"post-12475","1":"product","2":"type-product","3":"status-publish","4":"has-post-thumbnail","6":"product_cat-professional-lipstick-tube-supplier","7":"product_tag-lip-stick-tube","9":"first","10":"instock","11":"shipping-taxable","12":"product-type-simple"},"acf":[],"yoast_head":"<!-- This site is optimized with the Yoast SEO plugin v24.1 - https:\/\/yoast.com\/wordpress\/plugins\/seo\/ -->\n<title>Bottom Rotating Lip Crayon Tube With Clear Lid<\/title>\n<meta name=\"description\" content=\"This round lip crayon tube features a bottom-rotating for smooth, precise dispensing and a clear protective lid,sutiable for solid lipstick filling\" \/>\n<meta name=\"robots\" content=\"index, follow, max-snippet:-1, max-image-preview:large, max-video-preview:-1\" \/>\n<link rel=\"canonical\" href=\"https:\/\/www.alovey.com\/fr\/produit\/bottom-rotating-lip-crayon-tube-with-clear-lid\/\" \/>\n<meta property=\"og:locale\" content=\"fr_FR\" \/>\n<meta property=\"og:type\" content=\"article\" \/>\n<meta property=\"og:title\" content=\"Bottom Rotating Lip Crayon Tube With Clear Lid\" \/>\n<meta property=\"og:description\" content=\"This round lip crayon tube features a bottom-rotating for smooth, precise dispensing and a clear protective lid,sutiable for solid lipstick filling\" \/>\n<meta property=\"og:url\" content=\"https:\/\/www.alovey.com\/fr\/produit\/bottom-rotating-lip-crayon-tube-with-clear-lid\/\" \/>\n<meta property=\"og:site_name\" content=\"Best Cosmetic Packaging Manufacture\" \/>\n<meta property=\"article:modified_time\" content=\"2026-01-27T03:14:47+00:00\" \/>\n<meta property=\"og:image\" content=\"https:\/\/www.alovey.com\/wp-content\/uploads\/2026\/01\/Bottom-Rotating-Lip-Crayon-Tube-With-Clear-Lid-7.jpg\" \/>\n\t<meta property=\"og:image:width\" content=\"750\" \/>\n\t<meta property=\"og:image:height\" content=\"750\" \/>\n\t<meta property=\"og:image:type\" content=\"image\/jpeg\" \/>\n<meta name=\"twitter:card\" content=\"summary_large_image\" \/>\n<meta name=\"twitter:label1\" content=\"Dur\u00e9e de lecture estim\u00e9e\" \/>\n\t<meta name=\"twitter:data1\" content=\"3 minutes\" \/>\n<script type=\"application\/ld+json\" class=\"yoast-schema-graph\">{\"@context\":\"https:\/\/schema.org\",\"@graph\":[{\"@type\":\"WebPage\",\"@id\":\"https:\/\/www.alovey.com\/product\/bottom-rotating-lip-crayon-tube-with-clear-lid\/\",\"url\":\"https:\/\/www.alovey.com\/product\/bottom-rotating-lip-crayon-tube-with-clear-lid\/\",\"name\":\"Bottom Rotating Lip Crayon Tube With Clear Lid\",\"isPartOf\":{\"@id\":\"https:\/\/www.alovey.com\/#website\"},\"primaryImageOfPage\":{\"@id\":\"https:\/\/www.alovey.com\/product\/bottom-rotating-lip-crayon-tube-with-clear-lid\/#primaryimage\"},\"image\":{\"@id\":\"https:\/\/www.alovey.com\/product\/bottom-rotating-lip-crayon-tube-with-clear-lid\/#primaryimage\"},\"thumbnailUrl\":\"https:\/\/www.alovey.com\/wp-content\/uploads\/2026\/01\/Bottom-Rotating-Lip-Crayon-Tube-With-Clear-Lid-7.jpg\",\"datePublished\":\"2026-01-22T06:33:50+00:00\",\"dateModified\":\"2026-01-27T03:14:47+00:00\",\"description\":\"This round lip crayon tube features a bottom-rotating for smooth, precise dispensing and a clear protective lid,sutiable for solid lipstick filling\",\"breadcrumb\":{\"@id\":\"https:\/\/www.alovey.com\/product\/bottom-rotating-lip-crayon-tube-with-clear-lid\/#breadcrumb\"},\"inLanguage\":\"fr-FR\",\"potentialAction\":[{\"@type\":\"ReadAction\",\"target\":[\"https:\/\/www.alovey.com\/product\/bottom-rotating-lip-crayon-tube-with-clear-lid\/\"]}]},{\"@type\":\"ImageObject\",\"inLanguage\":\"fr-FR\",\"@id\":\"https:\/\/www.alovey.com\/product\/bottom-rotating-lip-crayon-tube-with-clear-lid\/#primaryimage\",\"url\":\"https:\/\/www.alovey.com\/wp-content\/uploads\/2026\/01\/Bottom-Rotating-Lip-Crayon-Tube-With-Clear-Lid-7.jpg\",\"contentUrl\":\"https:\/\/www.alovey.com\/wp-content\/uploads\/2026\/01\/Bottom-Rotating-Lip-Crayon-Tube-With-Clear-Lid-7.jpg\",\"width\":750,\"height\":750,\"caption\":\"Bottom Rotating Lip Crayon Tube With Clear Lid\"},{\"@type\":\"BreadcrumbList\",\"@id\":\"https:\/\/www.alovey.com\/product\/bottom-rotating-lip-crayon-tube-with-clear-lid\/#breadcrumb\",\"itemListElement\":[{\"@type\":\"ListItem\",\"position\":1,\"name\":\"\u9996\u9875\",\"item\":\"https:\/\/www.alovey.com\/\"},{\"@type\":\"ListItem\",\"position\":2,\"name\":\"Products\",\"item\":\"https:\/\/www.alovey.com\/products\/\"},{\"@type\":\"ListItem\",\"position\":3,\"name\":\"Bottom Rotating Lip Crayon Tube With Clear Lid\"}]},{\"@type\":\"WebSite\",\"@id\":\"https:\/\/www.alovey.com\/#website\",\"url\":\"https:\/\/www.alovey.com\/\",\"name\":\"Best Cosmetic Packaging Manufacture\",\"description\":\"Alovey Cosmetic Packaging Co.,Ltd\",\"publisher\":{\"@id\":\"https:\/\/www.alovey.com\/#organization\"},\"potentialAction\":[{\"@type\":\"SearchAction\",\"target\":{\"@type\":\"EntryPoint\",\"urlTemplate\":\"https:\/\/www.alovey.com\/?s={search_term_string}\"},\"query-input\":{\"@type\":\"PropertyValueSpecification\",\"valueRequired\":true,\"valueName\":\"search_term_string\"}}],\"inLanguage\":\"fr-FR\"},{\"@type\":\"Organization\",\"@id\":\"https:\/\/www.alovey.com\/#organization\",\"name\":\"Best Cosmetic Packaging Manufacture\",\"url\":\"https:\/\/www.alovey.com\/\",\"logo\":{\"@type\":\"ImageObject\",\"inLanguage\":\"fr-FR\",\"@id\":\"https:\/\/www.alovey.com\/#\/schema\/logo\/image\/\",\"url\":\"https:\/\/www.alovey.com\/wp-content\/uploads\/2023\/03\/logo.png\",\"contentUrl\":\"https:\/\/www.alovey.com\/wp-content\/uploads\/2023\/03\/logo.png\",\"width\":505,\"height\":180,\"caption\":\"Best  Cosmetic Packaging Manufacture\"},\"image\":{\"@id\":\"https:\/\/www.alovey.com\/#\/schema\/logo\/image\/\"}}]}<\/script>\n<!-- \/ Yoast SEO plugin. -->","yoast_head_json":{"title":"Bottom Rotating Lip Crayon Tube With Clear Lid","description":"This round lip crayon tube features a bottom-rotating for smooth, precise dispensing and a clear protective lid,sutiable for solid lipstick filling","robots":{"index":"index","follow":"follow","max-snippet":"max-snippet:-1","max-image-preview":"max-image-preview:large","max-video-preview":"max-video-preview:-1"},"canonical":"https:\/\/www.alovey.com\/fr\/produit\/bottom-rotating-lip-crayon-tube-with-clear-lid\/","og_locale":"fr_FR","og_type":"article","og_title":"Bottom Rotating Lip Crayon Tube With Clear Lid","og_description":"This round lip crayon tube features a bottom-rotating for smooth, precise dispensing and a clear protective lid,sutiable for solid lipstick filling","og_url":"https:\/\/www.alovey.com\/fr\/produit\/bottom-rotating-lip-crayon-tube-with-clear-lid\/","og_site_name":"Best Cosmetic Packaging Manufacture","article_modified_time":"2026-01-27T03:14:47+00:00","og_image":[{"width":750,"height":750,"url":"https:\/\/www.alovey.com\/wp-content\/uploads\/2026\/01\/Bottom-Rotating-Lip-Crayon-Tube-With-Clear-Lid-7.jpg","type":"image\/jpeg"}],"twitter_card":"summary_large_image","twitter_misc":{"Dur\u00e9e de lecture estim\u00e9e":"3 minutes"},"schema":{"@context":"https:\/\/schema.org","@graph":[{"@type":"WebPage","@id":"https:\/\/www.alovey.com\/product\/bottom-rotating-lip-crayon-tube-with-clear-lid\/","url":"https:\/\/www.alovey.com\/product\/bottom-rotating-lip-crayon-tube-with-clear-lid\/","name":"Bottom Rotating Lip Crayon Tube With Clear Lid","isPartOf":{"@id":"https:\/\/www.alovey.com\/#website"},"primaryImageOfPage":{"@id":"https:\/\/www.alovey.com\/product\/bottom-rotating-lip-crayon-tube-with-clear-lid\/#primaryimage"},"image":{"@id":"https:\/\/www.alovey.com\/product\/bottom-rotating-lip-crayon-tube-with-clear-lid\/#primaryimage"},"thumbnailUrl":"https:\/\/www.alovey.com\/wp-content\/uploads\/2026\/01\/Bottom-Rotating-Lip-Crayon-Tube-With-Clear-Lid-7.jpg","datePublished":"2026-01-22T06:33:50+00:00","dateModified":"2026-01-27T03:14:47+00:00","description":"This round lip crayon tube features a bottom-rotating for smooth, precise dispensing and a clear protective lid,sutiable for solid lipstick filling","breadcrumb":{"@id":"https:\/\/www.alovey.com\/product\/bottom-rotating-lip-crayon-tube-with-clear-lid\/#breadcrumb"},"inLanguage":"fr-FR","potentialAction":[{"@type":"ReadAction","target":["https:\/\/www.alovey.com\/product\/bottom-rotating-lip-crayon-tube-with-clear-lid\/"]}]},{"@type":"ImageObject","inLanguage":"fr-FR","@id":"https:\/\/www.alovey.com\/product\/bottom-rotating-lip-crayon-tube-with-clear-lid\/#primaryimage","url":"https:\/\/www.alovey.com\/wp-content\/uploads\/2026\/01\/Bottom-Rotating-Lip-Crayon-Tube-With-Clear-Lid-7.jpg","contentUrl":"https:\/\/www.alovey.com\/wp-content\/uploads\/2026\/01\/Bottom-Rotating-Lip-Crayon-Tube-With-Clear-Lid-7.jpg","width":750,"height":750,"caption":"Bottom Rotating Lip Crayon Tube With Clear Lid"},{"@type":"BreadcrumbList","@id":"https:\/\/www.alovey.com\/product\/bottom-rotating-lip-crayon-tube-with-clear-lid\/#breadcrumb","itemListElement":[{"@type":"ListItem","position":1,"name":"\u9996\u9875","item":"https:\/\/www.alovey.com\/"},{"@type":"ListItem","position":2,"name":"Products","item":"https:\/\/www.alovey.com\/products\/"},{"@type":"ListItem","position":3,"name":"Bottom Rotating Lip Crayon Tube With Clear Lid"}]},{"@type":"WebSite","@id":"https:\/\/www.alovey.com\/#website","url":"https:\/\/www.alovey.com\/","name":"Best Cosmetic Packaging Manufacture","description":"Alovey Cosmetic Packaging Co.,Ltd","publisher":{"@id":"https:\/\/www.alovey.com\/#organization"},"potentialAction":[{"@type":"SearchAction","target":{"@type":"EntryPoint","urlTemplate":"https:\/\/www.alovey.com\/?s={search_term_string}"},"query-input":{"@type":"PropertyValueSpecification","valueRequired":true,"valueName":"search_term_string"}}],"inLanguage":"fr-FR"},{"@type":"Organization","@id":"https:\/\/www.alovey.com\/#organization","name":"Best Cosmetic Packaging Manufacture","url":"https:\/\/www.alovey.com\/","logo":{"@type":"ImageObject","inLanguage":"fr-FR","@id":"https:\/\/www.alovey.com\/#\/schema\/logo\/image\/","url":"https:\/\/www.alovey.com\/wp-content\/uploads\/2023\/03\/logo.png","contentUrl":"https:\/\/www.alovey.com\/wp-content\/uploads\/2023\/03\/logo.png","width":505,"height":180,"caption":"Best  Cosmetic Packaging Manufacture"},"image":{"@id":"https:\/\/www.alovey.com\/#\/schema\/logo\/image\/"}}]}},"_links":{"self":[{"href":"https:\/\/www.alovey.com\/fr\/wp-json\/wp\/v2\/product\/12475"}],"collection":[{"href":"https:\/\/www.alovey.com\/fr\/wp-json\/wp\/v2\/product"}],"about":[{"href":"https:\/\/www.alovey.com\/fr\/wp-json\/wp\/v2\/types\/product"}],"wp:featuredmedia":[{"embeddable":true,"href":"https:\/\/www.alovey.com\/fr\/wp-json\/wp\/v2\/media\/12481"}],"wp:attachment":[{"href":"https:\/\/www.alovey.com\/fr\/wp-json\/wp\/v2\/media?parent=12475"}],"wp:term":[{"taxonomy":"product_brand","embeddable":true,"href":"https:\/\/www.alovey.com\/fr\/wp-json\/wp\/v2\/product_brand?post=12475"},{"taxonomy":"product_cat","embeddable":true,"href":"https:\/\/www.alovey.com\/fr\/wp-json\/wp\/v2\/product_cat?post=12475"},{"taxonomy":"product_tag","embeddable":true,"href":"https:\/\/www.alovey.com\/fr\/wp-json\/wp\/v2\/product_tag?post=12475"}],"curies":[{"name":"wp","href":"https:\/\/api.w.org\/{rel}","templated":true}]}}