{"id":12459,"date":"2026-01-21T02:05:03","date_gmt":"2026-01-21T02:05:03","guid":{"rendered":"https:\/\/www.alovey.com\/?post_type=product&#038;p=12459"},"modified":"2026-01-21T03:40:48","modified_gmt":"2026-01-21T03:40:48","slug":"luxury-lip-gloss-packaging-with-collar-8ml","status":"publish","type":"product","link":"https:\/\/www.alovey.com\/fr\/produit\/luxury-lip-gloss-packaging-with-collar-8ml\/","title":{"rendered":"Luxury Lip gloss Packaging with Collar 8ml"},"content":{"rendered":"<p><strong>Using this luxury lip gloss packaging \u00a0to elevate your lip product line\u00a0.It is designed to deliver a bold, modern, and premium look. With an 8 ml capacity, it\u2019s ideal for lip gloss, lip oil, lip tint, and liquid lipstick formulas.<\/strong><\/p>\n<p><strong>The built-in collar and wiper system\u00a0ensure controlled dispensing, reduced leakage, and a clean user experience, while the matte black finish adds a sophisticated, high-end aesthetic suitable for luxury and private-label beauty brands.<\/strong><\/p>\n<p><strong>Key Features:<\/strong><\/p>\n<p><strong>\u00a0Rectangle Shape\u00a0\u2014 sleek, modern design that stands out on shelves<\/strong><\/p>\n<p><strong>\u00a0Matte Black Finish\u00a0\u2014 premium, luxury appearance<\/strong><\/p>\n<p><strong>\u00a08 ml Capacity\u00a0\u2014 suitable for lip gloss, lip oil, lip tint, and liquid lipstick<\/strong><\/p>\n<p><strong>\u00a0With Collar &amp; Wiper\u00a0\u2014 clean application and excellent leakage control<\/strong><\/p>\n<p><strong>Customizable\u00a0\u2014 logo printing, color matching, and applicator options available<\/strong><\/p>\n<p><strong>Alovey, fabricant professionnel chinois d'emballages cosm\u00e9tiques, produit une gamme exquise d'emballages cosm\u00e9tiques personnalis\u00e9s, m\u00e9ticuleusement con\u00e7us pour rehausser votre marque. Notre s\u00e9lection vari\u00e9e de mat\u00e9riaux de premi\u00e8re qualit\u00e9, associ\u00e9e \u00e0 des techniques de finition de surface d\u00e9licates telles que la s\u00e9rigraphie, l'estampage \u00e0 chaud et la pulv\u00e9risation mate, fait de chaque emballage un chef-d'\u0153uvre unique.<\/strong><\/p>\n<p><img fetchpriority=\"high\" decoding=\"async\" class=\"size-full wp-image-12461\" src=\"https:\/\/www.alovey.com\/wp-content\/uploads\/2026\/01\/Luxury-Lip-gloss-Packaging-with-Collar-8ml-8.jpg\" alt=\"Luxury Lipgloss Packaging\" width=\"750\" height=\"750\" srcset=\"https:\/\/www.alovey.com\/wp-content\/uploads\/2026\/01\/Luxury-Lip-gloss-Packaging-with-Collar-8ml-8.jpg 750w, https:\/\/www.alovey.com\/wp-content\/uploads\/2026\/01\/Luxury-Lip-gloss-Packaging-with-Collar-8ml-8-300x300.jpg 300w, https:\/\/www.alovey.com\/wp-content\/uploads\/2026\/01\/Luxury-Lip-gloss-Packaging-with-Collar-8ml-8-150x150.jpg 150w, https:\/\/www.alovey.com\/wp-content\/uploads\/2026\/01\/Luxury-Lip-gloss-Packaging-with-Collar-8ml-8-12x12.jpg 12w, https:\/\/www.alovey.com\/wp-content\/uploads\/2026\/01\/Luxury-Lip-gloss-Packaging-with-Collar-8ml-8-600x600.jpg 600w, https:\/\/www.alovey.com\/wp-content\/uploads\/2026\/01\/Luxury-Lip-gloss-Packaging-with-Collar-8ml-8-100x100.jpg 100w\" sizes=\"(max-width: 750px) 100vw, 750px\" \/><\/p>\n<p><img decoding=\"async\" class=\"size-full wp-image-12462\" src=\"https:\/\/www.alovey.com\/wp-content\/uploads\/2026\/01\/Luxury-Lip-gloss-Packaging-with-Collar-8ml-2.jpg\" alt=\"Luxury Lipgloss Packaging\" width=\"750\" height=\"750\" srcset=\"https:\/\/www.alovey.com\/wp-content\/uploads\/2026\/01\/Luxury-Lip-gloss-Packaging-with-Collar-8ml-2.jpg 750w, https:\/\/www.alovey.com\/wp-content\/uploads\/2026\/01\/Luxury-Lip-gloss-Packaging-with-Collar-8ml-2-300x300.jpg 300w, https:\/\/www.alovey.com\/wp-content\/uploads\/2026\/01\/Luxury-Lip-gloss-Packaging-with-Collar-8ml-2-150x150.jpg 150w, https:\/\/www.alovey.com\/wp-content\/uploads\/2026\/01\/Luxury-Lip-gloss-Packaging-with-Collar-8ml-2-12x12.jpg 12w, https:\/\/www.alovey.com\/wp-content\/uploads\/2026\/01\/Luxury-Lip-gloss-Packaging-with-Collar-8ml-2-600x600.jpg 600w, https:\/\/www.alovey.com\/wp-content\/uploads\/2026\/01\/Luxury-Lip-gloss-Packaging-with-Collar-8ml-2-100x100.jpg 100w\" sizes=\"(max-width: 750px) 100vw, 750px\" \/><\/p>\n<p><img decoding=\"async\" class=\"size-full wp-image-12463\" src=\"https:\/\/www.alovey.com\/wp-content\/uploads\/2026\/01\/Luxury-Lip-gloss-Packaging-with-Collar-8ml-3.jpg\" alt=\"Luxury Lipgloss Packaging\" width=\"750\" height=\"750\" srcset=\"https:\/\/www.alovey.com\/wp-content\/uploads\/2026\/01\/Luxury-Lip-gloss-Packaging-with-Collar-8ml-3.jpg 750w, https:\/\/www.alovey.com\/wp-content\/uploads\/2026\/01\/Luxury-Lip-gloss-Packaging-with-Collar-8ml-3-300x300.jpg 300w, https:\/\/www.alovey.com\/wp-content\/uploads\/2026\/01\/Luxury-Lip-gloss-Packaging-with-Collar-8ml-3-150x150.jpg 150w, https:\/\/www.alovey.com\/wp-content\/uploads\/2026\/01\/Luxury-Lip-gloss-Packaging-with-Collar-8ml-3-12x12.jpg 12w, https:\/\/www.alovey.com\/wp-content\/uploads\/2026\/01\/Luxury-Lip-gloss-Packaging-with-Collar-8ml-3-600x600.jpg 600w, https:\/\/www.alovey.com\/wp-content\/uploads\/2026\/01\/Luxury-Lip-gloss-Packaging-with-Collar-8ml-3-100x100.jpg 100w\" sizes=\"(max-width: 750px) 100vw, 750px\" \/><\/p>\n<p><img loading=\"lazy\" decoding=\"async\" class=\"size-full wp-image-12465\" src=\"https:\/\/www.alovey.com\/wp-content\/uploads\/2026\/01\/Luxury-Lip-gloss-Packaging-with-Collar-8ml-5.jpg\" alt=\"Luxury Lipgloss Packaging\" width=\"750\" height=\"750\" srcset=\"https:\/\/www.alovey.com\/wp-content\/uploads\/2026\/01\/Luxury-Lip-gloss-Packaging-with-Collar-8ml-5.jpg 750w, https:\/\/www.alovey.com\/wp-content\/uploads\/2026\/01\/Luxury-Lip-gloss-Packaging-with-Collar-8ml-5-300x300.jpg 300w, https:\/\/www.alovey.com\/wp-content\/uploads\/2026\/01\/Luxury-Lip-gloss-Packaging-with-Collar-8ml-5-150x150.jpg 150w, https:\/\/www.alovey.com\/wp-content\/uploads\/2026\/01\/Luxury-Lip-gloss-Packaging-with-Collar-8ml-5-12x12.jpg 12w, https:\/\/www.alovey.com\/wp-content\/uploads\/2026\/01\/Luxury-Lip-gloss-Packaging-with-Collar-8ml-5-600x600.jpg 600w, https:\/\/www.alovey.com\/wp-content\/uploads\/2026\/01\/Luxury-Lip-gloss-Packaging-with-Collar-8ml-5-100x100.jpg 100w\" sizes=\"(max-width: 750px) 100vw, 750px\" \/><\/p>\n<p><img loading=\"lazy\" decoding=\"async\" class=\"size-full wp-image-12466\" src=\"https:\/\/www.alovey.com\/wp-content\/uploads\/2026\/01\/Luxury-Lip-gloss-Packaging-with-Collar-8ml-6.jpg\" alt=\"Luxury Lipgloss Packaging\" width=\"630\" height=\"630\" srcset=\"https:\/\/www.alovey.com\/wp-content\/uploads\/2026\/01\/Luxury-Lip-gloss-Packaging-with-Collar-8ml-6.jpg 630w, https:\/\/www.alovey.com\/wp-content\/uploads\/2026\/01\/Luxury-Lip-gloss-Packaging-with-Collar-8ml-6-300x300.jpg 300w, https:\/\/www.alovey.com\/wp-content\/uploads\/2026\/01\/Luxury-Lip-gloss-Packaging-with-Collar-8ml-6-150x150.jpg 150w, https:\/\/www.alovey.com\/wp-content\/uploads\/2026\/01\/Luxury-Lip-gloss-Packaging-with-Collar-8ml-6-12x12.jpg 12w, https:\/\/www.alovey.com\/wp-content\/uploads\/2026\/01\/Luxury-Lip-gloss-Packaging-with-Collar-8ml-6-600x600.jpg 600w, https:\/\/www.alovey.com\/wp-content\/uploads\/2026\/01\/Luxury-Lip-gloss-Packaging-with-Collar-8ml-6-100x100.jpg 100w\" sizes=\"(max-width: 630px) 100vw, 630px\" \/><\/p>\n<p><img loading=\"lazy\" decoding=\"async\" class=\"size-full wp-image-12460\" src=\"https:\/\/www.alovey.com\/wp-content\/uploads\/2026\/01\/Luxury-Lip-gloss-Packaging-with-Collar-8ml-7.jpg\" alt=\"Luxury Lipgloss Packaging\" width=\"630\" height=\"630\" srcset=\"https:\/\/www.alovey.com\/wp-content\/uploads\/2026\/01\/Luxury-Lip-gloss-Packaging-with-Collar-8ml-7.jpg 630w, https:\/\/www.alovey.com\/wp-content\/uploads\/2026\/01\/Luxury-Lip-gloss-Packaging-with-Collar-8ml-7-300x300.jpg 300w, https:\/\/www.alovey.com\/wp-content\/uploads\/2026\/01\/Luxury-Lip-gloss-Packaging-with-Collar-8ml-7-150x150.jpg 150w, https:\/\/www.alovey.com\/wp-content\/uploads\/2026\/01\/Luxury-Lip-gloss-Packaging-with-Collar-8ml-7-12x12.jpg 12w, https:\/\/www.alovey.com\/wp-content\/uploads\/2026\/01\/Luxury-Lip-gloss-Packaging-with-Collar-8ml-7-600x600.jpg 600w, https:\/\/www.alovey.com\/wp-content\/uploads\/2026\/01\/Luxury-Lip-gloss-Packaging-with-Collar-8ml-7-100x100.jpg 100w\" sizes=\"(max-width: 630px) 100vw, 630px\" \/><\/p>\n<p>&nbsp;<\/p>\n<p>&nbsp;<\/p>\n<p>&nbsp;<\/p>\n<p>&nbsp;<\/p>\n<p>&nbsp;<\/p>\n<p>&nbsp;<\/p>\n<p>&nbsp;<\/p>\n<p>&nbsp;<\/p>\n<p>&nbsp;<\/p>\n<p>&nbsp;<\/p>\n<p>&nbsp;<\/p>\n<p>&nbsp;<\/p>\n<p>&nbsp;<\/p>\n<p>&nbsp;<\/p>\n<p>&nbsp;<\/p>\n<p>&nbsp;<\/p>\n<p>&nbsp;<\/p>\n<p>&nbsp;<\/p>\n<p>&nbsp;<\/p>\n<p>&nbsp;<\/p>\n<p>&nbsp;<\/p>\n<p>&nbsp;<\/p>\n<p>&nbsp;<\/p>\n<p>&nbsp;<\/p>\n<p>&nbsp;<\/p>\n<p>&nbsp;<\/p>\n<p>&nbsp;<\/p>\n<p>&nbsp;<\/p>\n<p>&nbsp;<\/p>\n<p>&nbsp;<\/p>\n<p>&nbsp;<\/p>\n<p>&nbsp;<\/p>\n<p>&nbsp;<\/p>\n<p>&nbsp;<\/p>\n<p>&nbsp;<\/p>\n<p>&nbsp;<\/p>\n<p>&nbsp;<\/p>\n<p>&nbsp;<\/p>\n<p>&nbsp;<\/p>\n<p>&nbsp;<\/p>\n<p>&nbsp;<\/p>\n<p>&nbsp;<\/p>\n<p>&nbsp;<\/p>\n<p>&nbsp;<\/p>\n<p>&nbsp;<\/p>\n<p>&nbsp;<\/p>\n<p>&nbsp;<\/p>\n<p>&nbsp;<\/p>\n<p>&nbsp;<\/p>\n<p>&nbsp;<\/p>\n<p>&nbsp;<\/p>\n<p>&nbsp;<\/p>\n<p>&nbsp;<\/p>\n<p>&nbsp;<\/p>\n<p>&nbsp;<\/p>\n<p>&nbsp;<\/p>\n<p>&nbsp;<\/p>\n<p>&nbsp;<\/p>\n<p>&nbsp;<\/p>\n<p>&nbsp;<\/p>\n<p>&nbsp;<\/p>\n<p>&nbsp;<\/p>\n<p>&nbsp;<\/p>\n<p>&nbsp;<\/p>\n<p>&nbsp;<\/p>\n<p>&nbsp;<\/p>\n<p>&nbsp;<\/p>\n<p>&nbsp;<\/p>\n<p>&nbsp;<\/p>\n<p>&nbsp;<\/p>\n<p>&nbsp;<\/p>\n<p>&nbsp;<\/p>\n<p>&nbsp;<\/p>\n<p>&nbsp;<\/p>\n<p>&nbsp;<\/p>\n<p>&nbsp;<\/p>\n<p>&nbsp;<\/p>\n<p>&nbsp;<\/p>\n<p>&nbsp;<\/p>\n<p>&nbsp;<\/p>\n<p>&nbsp;<\/p>\n<p>&nbsp;<\/p>\n<p>&nbsp;<\/p>\n<p>&nbsp;<\/p>\n<p>&nbsp;<\/p>\n<p>&nbsp;<\/p>\n<p>&nbsp;<\/p>\n<p>&nbsp;<\/p>\n<p>&nbsp;<\/p>\n<p>&nbsp;<\/p>\n<p>&nbsp;<\/p>\n<p>&nbsp;<\/p>\n<p>&nbsp;<\/p>\n<p>&nbsp;<\/p>\n<p>&nbsp;<\/p>\n<p>&nbsp;<\/p>\n<p>&nbsp;<\/p>\n<p>&nbsp;<\/p>\n<p>&nbsp;<\/p>\n<p>&nbsp;<\/p>\n<p>&nbsp;<\/p>\n<p>&nbsp;<\/p>\n<p>&nbsp;<\/p>\n<p>&nbsp;<\/p>\n<p>&nbsp;<\/p>\n<p>&nbsp;<\/p>\n<p>&nbsp;<\/p>\n<p>&nbsp;<\/p>\n<p>&nbsp;<\/p>\n<p>&nbsp;<\/p>\n<p>&nbsp;<\/p>\n<p>&nbsp;<\/p>\n<p>&nbsp;<\/p>\n<p>&nbsp;<\/p>\n<p>&nbsp;<\/p>\n<p>&nbsp;<\/p>\n<p>&nbsp;<\/p>\n<p>&nbsp;<\/p>\n<p>&nbsp;<\/p>\n<p>&nbsp;<\/p>\n<p>&nbsp;<\/p>\n<p>&nbsp;<\/p>\n<p>&nbsp;<\/p>\n<p>&nbsp;<\/p>\n<p>&nbsp;<\/p>\n<p>&nbsp;<\/p>\n<p>&nbsp;<\/p>\n<p>&nbsp;<\/p>\n<p>&nbsp;<\/p>\n<p>&nbsp;<\/p>\n<p>&nbsp;<\/p>","protected":false},"excerpt":{"rendered":"<ul>\n<li>Item No: LG-0166A<\/li>\n<li>Mat\u00e9riau : Plastique<\/li>\n<li>Capacity: 8ml<\/li>\n<li>Size:\u00a0W19 *H108 MM<\/li>\n<li>Applications : Produits de beaut\u00e9<\/li>\n<li>MOQ : 12 000 pi\u00e8ces<\/li>\n<li>Couleur : couleur personnalis\u00e9e<\/li>\n<li>Surface treatment: Injection\/Matte\/Materialization\/UV coating<\/li>\n<li>Nom de marque : OEM\/ODM<\/li>\n<li>Logo : Logo du client<\/li>\n<li>Capacit\u00e9 de production : 100 000 pi\u00e8ces par mois<\/li>\n<\/ul>\n<p>&nbsp;<\/p>\n<p>&nbsp;<\/p>\n<p>&nbsp;<\/p>\n<p>&nbsp;<\/p>","protected":false},"featured_media":12462,"template":"","meta":{"_acf_changed":false},"product_brand":[],"product_cat":[15,372],"product_tag":[388],"class_list":{"0":"post-12459","1":"product","2":"type-product","3":"status-publish","4":"has-post-thumbnail","6":"product_cat-wholesale-lip-cosmetic-packaging","7":"product_cat-lipgloss-tube","8":"product_tag-lip-gloss-tube","10":"first","11":"instock","12":"shipping-taxable","13":"product-type-simple"},"acf":[],"yoast_head":"<!-- This site is optimized with the Yoast SEO plugin v24.1 - https:\/\/yoast.com\/wordpress\/plugins\/seo\/ -->\n<title>Luxury Lip gloss Packaging with Collar 8ml<\/title>\n<meta name=\"description\" content=\"Using this luxury lip gloss packaging to elevate your lip product line .It is designed to deliver a bold, modern, and premium look.\" \/>\n<meta name=\"robots\" content=\"index, follow, max-snippet:-1, max-image-preview:large, max-video-preview:-1\" \/>\n<link rel=\"canonical\" href=\"https:\/\/www.alovey.com\/fr\/produit\/luxury-lip-gloss-packaging-with-collar-8ml\/\" \/>\n<meta property=\"og:locale\" content=\"fr_FR\" \/>\n<meta property=\"og:type\" content=\"article\" \/>\n<meta property=\"og:title\" content=\"Luxury Lip gloss Packaging with Collar 8ml\" \/>\n<meta property=\"og:description\" content=\"Using this luxury lip gloss packaging to elevate your lip product line .It is designed to deliver a bold, modern, and premium look.\" \/>\n<meta property=\"og:url\" content=\"https:\/\/www.alovey.com\/fr\/produit\/luxury-lip-gloss-packaging-with-collar-8ml\/\" \/>\n<meta property=\"og:site_name\" content=\"Best Cosmetic Packaging Manufacture\" \/>\n<meta property=\"article:modified_time\" content=\"2026-01-21T03:40:48+00:00\" \/>\n<meta property=\"og:image\" content=\"https:\/\/www.alovey.com\/wp-content\/uploads\/2026\/01\/Luxury-Lip-gloss-Packaging-with-Collar-8ml-2.jpg\" \/>\n\t<meta property=\"og:image:width\" content=\"750\" \/>\n\t<meta property=\"og:image:height\" content=\"750\" \/>\n\t<meta property=\"og:image:type\" content=\"image\/jpeg\" \/>\n<meta name=\"twitter:card\" content=\"summary_large_image\" \/>\n<meta name=\"twitter:label1\" content=\"Dur\u00e9e de lecture estim\u00e9e\" \/>\n\t<meta name=\"twitter:data1\" content=\"3 minutes\" \/>\n<script type=\"application\/ld+json\" class=\"yoast-schema-graph\">{\"@context\":\"https:\/\/schema.org\",\"@graph\":[{\"@type\":\"WebPage\",\"@id\":\"https:\/\/www.alovey.com\/product\/luxury-lip-gloss-packaging-with-collar-8ml\/\",\"url\":\"https:\/\/www.alovey.com\/product\/luxury-lip-gloss-packaging-with-collar-8ml\/\",\"name\":\"Luxury Lip gloss Packaging with Collar 8ml\",\"isPartOf\":{\"@id\":\"https:\/\/www.alovey.com\/#website\"},\"primaryImageOfPage\":{\"@id\":\"https:\/\/www.alovey.com\/product\/luxury-lip-gloss-packaging-with-collar-8ml\/#primaryimage\"},\"image\":{\"@id\":\"https:\/\/www.alovey.com\/product\/luxury-lip-gloss-packaging-with-collar-8ml\/#primaryimage\"},\"thumbnailUrl\":\"https:\/\/www.alovey.com\/wp-content\/uploads\/2026\/01\/Luxury-Lip-gloss-Packaging-with-Collar-8ml-2.jpg\",\"datePublished\":\"2026-01-21T02:05:03+00:00\",\"dateModified\":\"2026-01-21T03:40:48+00:00\",\"description\":\"Using this luxury lip gloss packaging to elevate your lip product line .It is designed to deliver a bold, modern, and premium look.\",\"breadcrumb\":{\"@id\":\"https:\/\/www.alovey.com\/product\/luxury-lip-gloss-packaging-with-collar-8ml\/#breadcrumb\"},\"inLanguage\":\"fr-FR\",\"potentialAction\":[{\"@type\":\"ReadAction\",\"target\":[\"https:\/\/www.alovey.com\/product\/luxury-lip-gloss-packaging-with-collar-8ml\/\"]}]},{\"@type\":\"ImageObject\",\"inLanguage\":\"fr-FR\",\"@id\":\"https:\/\/www.alovey.com\/product\/luxury-lip-gloss-packaging-with-collar-8ml\/#primaryimage\",\"url\":\"https:\/\/www.alovey.com\/wp-content\/uploads\/2026\/01\/Luxury-Lip-gloss-Packaging-with-Collar-8ml-2.jpg\",\"contentUrl\":\"https:\/\/www.alovey.com\/wp-content\/uploads\/2026\/01\/Luxury-Lip-gloss-Packaging-with-Collar-8ml-2.jpg\",\"width\":750,\"height\":750,\"caption\":\"Luxury Lipgloss Packaging\"},{\"@type\":\"BreadcrumbList\",\"@id\":\"https:\/\/www.alovey.com\/product\/luxury-lip-gloss-packaging-with-collar-8ml\/#breadcrumb\",\"itemListElement\":[{\"@type\":\"ListItem\",\"position\":1,\"name\":\"\u9996\u9875\",\"item\":\"https:\/\/www.alovey.com\/\"},{\"@type\":\"ListItem\",\"position\":2,\"name\":\"Products\",\"item\":\"https:\/\/www.alovey.com\/products\/\"},{\"@type\":\"ListItem\",\"position\":3,\"name\":\"Luxury Lip gloss Packaging with Collar 8ml\"}]},{\"@type\":\"WebSite\",\"@id\":\"https:\/\/www.alovey.com\/#website\",\"url\":\"https:\/\/www.alovey.com\/\",\"name\":\"Best Cosmetic Packaging Manufacture\",\"description\":\"Alovey Cosmetic Packaging Co.,Ltd\",\"publisher\":{\"@id\":\"https:\/\/www.alovey.com\/#organization\"},\"potentialAction\":[{\"@type\":\"SearchAction\",\"target\":{\"@type\":\"EntryPoint\",\"urlTemplate\":\"https:\/\/www.alovey.com\/?s={search_term_string}\"},\"query-input\":{\"@type\":\"PropertyValueSpecification\",\"valueRequired\":true,\"valueName\":\"search_term_string\"}}],\"inLanguage\":\"fr-FR\"},{\"@type\":\"Organization\",\"@id\":\"https:\/\/www.alovey.com\/#organization\",\"name\":\"Best Cosmetic Packaging Manufacture\",\"url\":\"https:\/\/www.alovey.com\/\",\"logo\":{\"@type\":\"ImageObject\",\"inLanguage\":\"fr-FR\",\"@id\":\"https:\/\/www.alovey.com\/#\/schema\/logo\/image\/\",\"url\":\"https:\/\/www.alovey.com\/wp-content\/uploads\/2023\/03\/logo.png\",\"contentUrl\":\"https:\/\/www.alovey.com\/wp-content\/uploads\/2023\/03\/logo.png\",\"width\":505,\"height\":180,\"caption\":\"Best  Cosmetic Packaging Manufacture\"},\"image\":{\"@id\":\"https:\/\/www.alovey.com\/#\/schema\/logo\/image\/\"}}]}<\/script>\n<!-- \/ Yoast SEO plugin. -->","yoast_head_json":{"title":"Luxury Lip gloss Packaging with Collar 8ml","description":"Using this luxury lip gloss packaging to elevate your lip product line .It is designed to deliver a bold, modern, and premium look.","robots":{"index":"index","follow":"follow","max-snippet":"max-snippet:-1","max-image-preview":"max-image-preview:large","max-video-preview":"max-video-preview:-1"},"canonical":"https:\/\/www.alovey.com\/fr\/produit\/luxury-lip-gloss-packaging-with-collar-8ml\/","og_locale":"fr_FR","og_type":"article","og_title":"Luxury Lip gloss Packaging with Collar 8ml","og_description":"Using this luxury lip gloss packaging to elevate your lip product line .It is designed to deliver a bold, modern, and premium look.","og_url":"https:\/\/www.alovey.com\/fr\/produit\/luxury-lip-gloss-packaging-with-collar-8ml\/","og_site_name":"Best Cosmetic Packaging Manufacture","article_modified_time":"2026-01-21T03:40:48+00:00","og_image":[{"width":750,"height":750,"url":"https:\/\/www.alovey.com\/wp-content\/uploads\/2026\/01\/Luxury-Lip-gloss-Packaging-with-Collar-8ml-2.jpg","type":"image\/jpeg"}],"twitter_card":"summary_large_image","twitter_misc":{"Dur\u00e9e de lecture estim\u00e9e":"3 minutes"},"schema":{"@context":"https:\/\/schema.org","@graph":[{"@type":"WebPage","@id":"https:\/\/www.alovey.com\/product\/luxury-lip-gloss-packaging-with-collar-8ml\/","url":"https:\/\/www.alovey.com\/product\/luxury-lip-gloss-packaging-with-collar-8ml\/","name":"Luxury Lip gloss Packaging with Collar 8ml","isPartOf":{"@id":"https:\/\/www.alovey.com\/#website"},"primaryImageOfPage":{"@id":"https:\/\/www.alovey.com\/product\/luxury-lip-gloss-packaging-with-collar-8ml\/#primaryimage"},"image":{"@id":"https:\/\/www.alovey.com\/product\/luxury-lip-gloss-packaging-with-collar-8ml\/#primaryimage"},"thumbnailUrl":"https:\/\/www.alovey.com\/wp-content\/uploads\/2026\/01\/Luxury-Lip-gloss-Packaging-with-Collar-8ml-2.jpg","datePublished":"2026-01-21T02:05:03+00:00","dateModified":"2026-01-21T03:40:48+00:00","description":"Using this luxury lip gloss packaging to elevate your lip product line .It is designed to deliver a bold, modern, and premium look.","breadcrumb":{"@id":"https:\/\/www.alovey.com\/product\/luxury-lip-gloss-packaging-with-collar-8ml\/#breadcrumb"},"inLanguage":"fr-FR","potentialAction":[{"@type":"ReadAction","target":["https:\/\/www.alovey.com\/product\/luxury-lip-gloss-packaging-with-collar-8ml\/"]}]},{"@type":"ImageObject","inLanguage":"fr-FR","@id":"https:\/\/www.alovey.com\/product\/luxury-lip-gloss-packaging-with-collar-8ml\/#primaryimage","url":"https:\/\/www.alovey.com\/wp-content\/uploads\/2026\/01\/Luxury-Lip-gloss-Packaging-with-Collar-8ml-2.jpg","contentUrl":"https:\/\/www.alovey.com\/wp-content\/uploads\/2026\/01\/Luxury-Lip-gloss-Packaging-with-Collar-8ml-2.jpg","width":750,"height":750,"caption":"Luxury Lipgloss Packaging"},{"@type":"BreadcrumbList","@id":"https:\/\/www.alovey.com\/product\/luxury-lip-gloss-packaging-with-collar-8ml\/#breadcrumb","itemListElement":[{"@type":"ListItem","position":1,"name":"\u9996\u9875","item":"https:\/\/www.alovey.com\/"},{"@type":"ListItem","position":2,"name":"Products","item":"https:\/\/www.alovey.com\/products\/"},{"@type":"ListItem","position":3,"name":"Luxury Lip gloss Packaging with Collar 8ml"}]},{"@type":"WebSite","@id":"https:\/\/www.alovey.com\/#website","url":"https:\/\/www.alovey.com\/","name":"Best Cosmetic Packaging Manufacture","description":"Alovey Cosmetic Packaging Co.,Ltd","publisher":{"@id":"https:\/\/www.alovey.com\/#organization"},"potentialAction":[{"@type":"SearchAction","target":{"@type":"EntryPoint","urlTemplate":"https:\/\/www.alovey.com\/?s={search_term_string}"},"query-input":{"@type":"PropertyValueSpecification","valueRequired":true,"valueName":"search_term_string"}}],"inLanguage":"fr-FR"},{"@type":"Organization","@id":"https:\/\/www.alovey.com\/#organization","name":"Best Cosmetic Packaging Manufacture","url":"https:\/\/www.alovey.com\/","logo":{"@type":"ImageObject","inLanguage":"fr-FR","@id":"https:\/\/www.alovey.com\/#\/schema\/logo\/image\/","url":"https:\/\/www.alovey.com\/wp-content\/uploads\/2023\/03\/logo.png","contentUrl":"https:\/\/www.alovey.com\/wp-content\/uploads\/2023\/03\/logo.png","width":505,"height":180,"caption":"Best  Cosmetic Packaging Manufacture"},"image":{"@id":"https:\/\/www.alovey.com\/#\/schema\/logo\/image\/"}}]}},"_links":{"self":[{"href":"https:\/\/www.alovey.com\/fr\/wp-json\/wp\/v2\/product\/12459"}],"collection":[{"href":"https:\/\/www.alovey.com\/fr\/wp-json\/wp\/v2\/product"}],"about":[{"href":"https:\/\/www.alovey.com\/fr\/wp-json\/wp\/v2\/types\/product"}],"wp:featuredmedia":[{"embeddable":true,"href":"https:\/\/www.alovey.com\/fr\/wp-json\/wp\/v2\/media\/12462"}],"wp:attachment":[{"href":"https:\/\/www.alovey.com\/fr\/wp-json\/wp\/v2\/media?parent=12459"}],"wp:term":[{"taxonomy":"product_brand","embeddable":true,"href":"https:\/\/www.alovey.com\/fr\/wp-json\/wp\/v2\/product_brand?post=12459"},{"taxonomy":"product_cat","embeddable":true,"href":"https:\/\/www.alovey.com\/fr\/wp-json\/wp\/v2\/product_cat?post=12459"},{"taxonomy":"product_tag","embeddable":true,"href":"https:\/\/www.alovey.com\/fr\/wp-json\/wp\/v2\/product_tag?post=12459"}],"curies":[{"name":"wp","href":"https:\/\/api.w.org\/{rel}","templated":true}]}}