{"id":12399,"date":"2026-01-10T06:47:43","date_gmt":"2026-01-10T06:47:43","guid":{"rendered":"https:\/\/www.alovey.com\/?post_type=product&#038;p=12399"},"modified":"2026-01-10T07:25:02","modified_gmt":"2026-01-10T07:25:02","slug":"slim-eyeliner-container-10ml","status":"publish","type":"product","link":"https:\/\/www.alovey.com\/fr\/produit\/slim-eyeliner-container-10ml\/","title":{"rendered":"Slim  Eyeliner Container 10ml"},"content":{"rendered":"<p><strong>This slim eyeliner container is made from high-quality PETG,\u00a0with capacity \u00a010ml\u00a0,offers a premium look with reliable performance.<\/strong><\/p>\n<p><strong>The sturdy, durable structure is resistant to breakage\u00a0and designed to effectively prevent liquid leakage, giving you confidence in daily use and transportation.<\/strong><\/p>\n<p><strong>Key Features<\/strong><\/p>\n<p><strong>Material:\u00a0High-quality PETG plastic<\/strong><\/p>\n<p><strong>Capacity:\u00a010ml<\/strong><\/p>\n<p><strong>Design:\u00a0Slim, elegant profile for precise application<\/strong><\/p>\n<p><strong>Durability:\u00a0Strong and impact-resistant<\/strong><\/p>\n<p><strong>Leak-proof:\u00a0Secure sealing to protect formulas<\/strong><\/p>\n<p><strong>Applications:\u00a0Eyelash serum, liquid eyeliner, growth serums<\/strong><\/p>\n<p><strong>Ideal for brands seeking safe, professional, and attractive cosmetic packaging\u00a0with dependable quality.<\/strong><\/p>\n<p><strong>Alovey, fabricant professionnel chinois d'emballages cosm\u00e9tiques, produit une gamme exquise d'emballages cosm\u00e9tiques personnalis\u00e9s, m\u00e9ticuleusement con\u00e7us pour rehausser votre marque. Notre s\u00e9lection vari\u00e9e de mat\u00e9riaux de premi\u00e8re qualit\u00e9, associ\u00e9e \u00e0 des techniques de finition de surface d\u00e9licates telles que la s\u00e9rigraphie, l'estampage \u00e0 chaud et la pulv\u00e9risation mate, fait de chaque emballage un chef-d'\u0153uvre unique.<\/strong><\/p>\n<p><img fetchpriority=\"high\" decoding=\"async\" class=\"size-full wp-image-12404\" src=\"https:\/\/www.alovey.com\/wp-content\/uploads\/2026\/01\/Slim-Eyeliner-Container-10ml-4.jpg\" alt=\"Eyeliner Container\" width=\"750\" height=\"750\" srcset=\"https:\/\/www.alovey.com\/wp-content\/uploads\/2026\/01\/Slim-Eyeliner-Container-10ml-4.jpg 750w, https:\/\/www.alovey.com\/wp-content\/uploads\/2026\/01\/Slim-Eyeliner-Container-10ml-4-300x300.jpg 300w, https:\/\/www.alovey.com\/wp-content\/uploads\/2026\/01\/Slim-Eyeliner-Container-10ml-4-150x150.jpg 150w, https:\/\/www.alovey.com\/wp-content\/uploads\/2026\/01\/Slim-Eyeliner-Container-10ml-4-12x12.jpg 12w, https:\/\/www.alovey.com\/wp-content\/uploads\/2026\/01\/Slim-Eyeliner-Container-10ml-4-600x600.jpg 600w, https:\/\/www.alovey.com\/wp-content\/uploads\/2026\/01\/Slim-Eyeliner-Container-10ml-4-100x100.jpg 100w\" sizes=\"(max-width: 750px) 100vw, 750px\" \/> <img decoding=\"async\" class=\"size-full wp-image-12403\" src=\"https:\/\/www.alovey.com\/wp-content\/uploads\/2026\/01\/Slim-Eyeliner-Container-10ml-3.jpg\" alt=\"Eyeliner Container\" width=\"750\" height=\"750\" srcset=\"https:\/\/www.alovey.com\/wp-content\/uploads\/2026\/01\/Slim-Eyeliner-Container-10ml-3.jpg 750w, https:\/\/www.alovey.com\/wp-content\/uploads\/2026\/01\/Slim-Eyeliner-Container-10ml-3-300x300.jpg 300w, https:\/\/www.alovey.com\/wp-content\/uploads\/2026\/01\/Slim-Eyeliner-Container-10ml-3-150x150.jpg 150w, https:\/\/www.alovey.com\/wp-content\/uploads\/2026\/01\/Slim-Eyeliner-Container-10ml-3-12x12.jpg 12w, https:\/\/www.alovey.com\/wp-content\/uploads\/2026\/01\/Slim-Eyeliner-Container-10ml-3-600x600.jpg 600w, https:\/\/www.alovey.com\/wp-content\/uploads\/2026\/01\/Slim-Eyeliner-Container-10ml-3-100x100.jpg 100w\" sizes=\"(max-width: 750px) 100vw, 750px\" \/> <img decoding=\"async\" class=\"size-full wp-image-12402\" src=\"https:\/\/www.alovey.com\/wp-content\/uploads\/2026\/01\/Slim-Eyeliner-Container-10ml-2.jpg\" alt=\"Eyeliner Container\" width=\"750\" height=\"750\" srcset=\"https:\/\/www.alovey.com\/wp-content\/uploads\/2026\/01\/Slim-Eyeliner-Container-10ml-2.jpg 750w, https:\/\/www.alovey.com\/wp-content\/uploads\/2026\/01\/Slim-Eyeliner-Container-10ml-2-300x300.jpg 300w, https:\/\/www.alovey.com\/wp-content\/uploads\/2026\/01\/Slim-Eyeliner-Container-10ml-2-150x150.jpg 150w, https:\/\/www.alovey.com\/wp-content\/uploads\/2026\/01\/Slim-Eyeliner-Container-10ml-2-12x12.jpg 12w, https:\/\/www.alovey.com\/wp-content\/uploads\/2026\/01\/Slim-Eyeliner-Container-10ml-2-600x600.jpg 600w, https:\/\/www.alovey.com\/wp-content\/uploads\/2026\/01\/Slim-Eyeliner-Container-10ml-2-100x100.jpg 100w\" sizes=\"(max-width: 750px) 100vw, 750px\" \/> <img loading=\"lazy\" decoding=\"async\" class=\"size-full wp-image-12401\" src=\"https:\/\/www.alovey.com\/wp-content\/uploads\/2026\/01\/Slim-Eyeliner-Container-10ml.jpg\" alt=\"Eyeliner Container\" width=\"750\" height=\"750\" srcset=\"https:\/\/www.alovey.com\/wp-content\/uploads\/2026\/01\/Slim-Eyeliner-Container-10ml.jpg 750w, https:\/\/www.alovey.com\/wp-content\/uploads\/2026\/01\/Slim-Eyeliner-Container-10ml-300x300.jpg 300w, https:\/\/www.alovey.com\/wp-content\/uploads\/2026\/01\/Slim-Eyeliner-Container-10ml-150x150.jpg 150w, https:\/\/www.alovey.com\/wp-content\/uploads\/2026\/01\/Slim-Eyeliner-Container-10ml-12x12.jpg 12w, https:\/\/www.alovey.com\/wp-content\/uploads\/2026\/01\/Slim-Eyeliner-Container-10ml-600x600.jpg 600w, https:\/\/www.alovey.com\/wp-content\/uploads\/2026\/01\/Slim-Eyeliner-Container-10ml-100x100.jpg 100w\" sizes=\"(max-width: 750px) 100vw, 750px\" \/> <img loading=\"lazy\" decoding=\"async\" class=\"size-full wp-image-12400\" src=\"https:\/\/www.alovey.com\/wp-content\/uploads\/2026\/01\/Slim-Eyeliner-Container-10ml-6.jpg\" alt=\"Eyeliner Container\" width=\"750\" height=\"750\" srcset=\"https:\/\/www.alovey.com\/wp-content\/uploads\/2026\/01\/Slim-Eyeliner-Container-10ml-6.jpg 750w, https:\/\/www.alovey.com\/wp-content\/uploads\/2026\/01\/Slim-Eyeliner-Container-10ml-6-300x300.jpg 300w, https:\/\/www.alovey.com\/wp-content\/uploads\/2026\/01\/Slim-Eyeliner-Container-10ml-6-150x150.jpg 150w, https:\/\/www.alovey.com\/wp-content\/uploads\/2026\/01\/Slim-Eyeliner-Container-10ml-6-12x12.jpg 12w, https:\/\/www.alovey.com\/wp-content\/uploads\/2026\/01\/Slim-Eyeliner-Container-10ml-6-600x600.jpg 600w, https:\/\/www.alovey.com\/wp-content\/uploads\/2026\/01\/Slim-Eyeliner-Container-10ml-6-100x100.jpg 100w\" sizes=\"(max-width: 750px) 100vw, 750px\" \/> <img loading=\"lazy\" decoding=\"async\" class=\"size-full wp-image-12405\" src=\"https:\/\/www.alovey.com\/wp-content\/uploads\/2026\/01\/Slim-Eyeliner-Container-10ml-5.jpg\" alt=\"Eyeliner Container\" width=\"750\" height=\"750\" srcset=\"https:\/\/www.alovey.com\/wp-content\/uploads\/2026\/01\/Slim-Eyeliner-Container-10ml-5.jpg 750w, https:\/\/www.alovey.com\/wp-content\/uploads\/2026\/01\/Slim-Eyeliner-Container-10ml-5-300x300.jpg 300w, https:\/\/www.alovey.com\/wp-content\/uploads\/2026\/01\/Slim-Eyeliner-Container-10ml-5-150x150.jpg 150w, https:\/\/www.alovey.com\/wp-content\/uploads\/2026\/01\/Slim-Eyeliner-Container-10ml-5-12x12.jpg 12w, https:\/\/www.alovey.com\/wp-content\/uploads\/2026\/01\/Slim-Eyeliner-Container-10ml-5-600x600.jpg 600w, https:\/\/www.alovey.com\/wp-content\/uploads\/2026\/01\/Slim-Eyeliner-Container-10ml-5-100x100.jpg 100w\" sizes=\"(max-width: 750px) 100vw, 750px\" \/><\/p>\n<p>&nbsp;<\/p>\n<p>&nbsp;<\/p>\n<p>&nbsp;<\/p>\n<p>&nbsp;<\/p>\n<p>&nbsp;<\/p>\n<p>&nbsp;<\/p>\n<p>&nbsp;<\/p>\n<p>&nbsp;<\/p>\n<p>&nbsp;<\/p>\n<p>&nbsp;<\/p>\n<p>&nbsp;<\/p>\n<p>&nbsp;<\/p>\n<p>&nbsp;<\/p>\n<p>&nbsp;<\/p>\n<p>&nbsp;<\/p>\n<p>&nbsp;<\/p>\n<p>&nbsp;<\/p>\n<p>&nbsp;<\/p>\n<p>&nbsp;<\/p>\n<p>&nbsp;<\/p>\n<p>&nbsp;<\/p>\n<p>&nbsp;<\/p>\n<p>&nbsp;<\/p>\n<p>&nbsp;<\/p>\n<p>&nbsp;<\/p>\n<p>&nbsp;<\/p>\n<p>&nbsp;<\/p>\n<p>&nbsp;<\/p>\n<p>&nbsp;<\/p>\n<p>&nbsp;<\/p>\n<p>&nbsp;<\/p>\n<p>&nbsp;<\/p>\n<p>&nbsp;<\/p>\n<p>&nbsp;<\/p>\n<p>&nbsp;<\/p>\n<p>&nbsp;<\/p>\n<p>&nbsp;<\/p>\n<p>&nbsp;<\/p>\n<p>&nbsp;<\/p>\n<p>&nbsp;<\/p>\n<p>&nbsp;<\/p>\n<p>&nbsp;<\/p>\n<p>&nbsp;<\/p>\n<p>&nbsp;<\/p>\n<p>&nbsp;<\/p>\n<p>&nbsp;<\/p>\n<p>&nbsp;<\/p>\n<p>&nbsp;<\/p>\n<p>&nbsp;<\/p>\n<p>&nbsp;<\/p>\n<p>&nbsp;<\/p>\n<p>&nbsp;<\/p>\n<p>&nbsp;<\/p>\n<p>&nbsp;<\/p>\n<p>&nbsp;<\/p>\n<p>&nbsp;<\/p>\n<p>&nbsp;<\/p>\n<p>&nbsp;<\/p>\n<p>&nbsp;<\/p>\n<p>&nbsp;<\/p>\n<p>&nbsp;<\/p>\n<p>&nbsp;<\/p>\n<p>&nbsp;<\/p>\n<p>&nbsp;<\/p>\n<p>&nbsp;<\/p>\n<p>&nbsp;<\/p>\n<p>&nbsp;<\/p>\n<p>&nbsp;<\/p>\n<p>&nbsp;<\/p>\n<p>&nbsp;<\/p>\n<p>&nbsp;<\/p>\n<p>&nbsp;<\/p>\n<p>&nbsp;<\/p>\n<p>&nbsp;<\/p>\n<p>&nbsp;<\/p>\n<p>&nbsp;<\/p>\n<p>&nbsp;<\/p>\n<p>&nbsp;<\/p>\n<p>&nbsp;<\/p>\n<p>&nbsp;<\/p>\n<p>&nbsp;<\/p>\n<p>&nbsp;<\/p>\n<p>&nbsp;<\/p>\n<p>&nbsp;<\/p>\n<p>&nbsp;<\/p>\n<p>&nbsp;<\/p>\n<p>&nbsp;<\/p>\n<p>&nbsp;<\/p>\n<p>&nbsp;<\/p>\n<p>&nbsp;<\/p>\n<p>&nbsp;<\/p>\n<p>&nbsp;<\/p>\n<p>&nbsp;<\/p>\n<p>&nbsp;<\/p>\n<p>&nbsp;<\/p>\n<p>&nbsp;<\/p>\n<p>&nbsp;<\/p>\n<p>&nbsp;<\/p>\n<p>&nbsp;<\/p>\n<p>&nbsp;<\/p>\n<p>&nbsp;<\/p>\n<p>&nbsp;<\/p>\n<p>&nbsp;<\/p>\n<p>&nbsp;<\/p>","protected":false},"excerpt":{"rendered":"<ul>\n<li>Item No: EL-0119D<\/li>\n<li>Mat\u00e9riau : Plastique<\/li>\n<li>Capacity: 10ml<\/li>\n<li>Size:\u00a0D16*H120MM<\/li>\n<li>Applications : Produits de beaut\u00e9<\/li>\n<li>MOQ : 12 000 pi\u00e8ces<\/li>\n<li>Couleur : couleur personnalis\u00e9e<\/li>\n<li>Surface treatment: Injection\/Matte\/Materialization\/UV coating<\/li>\n<li>Nom de marque : OEM\/ODM<\/li>\n<li>Logo : Logo du client<\/li>\n<li>Capacit\u00e9 de production : 100 000 pi\u00e8ces par mois<\/li>\n<\/ul>","protected":false},"featured_media":12403,"template":"","meta":{"_acf_changed":false},"product_brand":[],"product_cat":[377],"product_tag":[396],"class_list":{"0":"post-12399","1":"product","2":"type-product","3":"status-publish","4":"has-post-thumbnail","6":"product_cat-china-custom-eyeliner-tubes-manufacturers","7":"product_tag-eyeliner-tube","9":"first","10":"instock","11":"shipping-taxable","12":"product-type-simple"},"acf":[],"yoast_head":"<!-- This site is optimized with the Yoast SEO plugin v24.1 - https:\/\/yoast.com\/wordpress\/plugins\/seo\/ -->\n<title>Slim Eyeliner Container 10ml<\/title>\n<meta name=\"description\" content=\"High-quality 10ml slim eyelash serum and eyeliner tube made of durable PETG. Leak-proof, sturdy, and ideal for liquid cosmetics packaging.\" \/>\n<meta name=\"robots\" content=\"index, follow, max-snippet:-1, max-image-preview:large, max-video-preview:-1\" \/>\n<link rel=\"canonical\" href=\"https:\/\/www.alovey.com\/fr\/produit\/slim-eyeliner-container-10ml\/\" \/>\n<meta property=\"og:locale\" content=\"fr_FR\" \/>\n<meta property=\"og:type\" content=\"article\" \/>\n<meta property=\"og:title\" content=\"Slim Eyeliner Container 10ml\" \/>\n<meta property=\"og:description\" content=\"High-quality 10ml slim eyelash serum and eyeliner tube made of durable PETG. Leak-proof, sturdy, and ideal for liquid cosmetics packaging.\" \/>\n<meta property=\"og:url\" content=\"https:\/\/www.alovey.com\/fr\/produit\/slim-eyeliner-container-10ml\/\" \/>\n<meta property=\"og:site_name\" content=\"Best Cosmetic Packaging Manufacture\" \/>\n<meta property=\"article:modified_time\" content=\"2026-01-10T07:25:02+00:00\" \/>\n<meta property=\"og:image\" content=\"https:\/\/www.alovey.com\/wp-content\/uploads\/2026\/01\/Slim-Eyeliner-Container-10ml-3.jpg\" \/>\n\t<meta property=\"og:image:width\" content=\"750\" \/>\n\t<meta property=\"og:image:height\" content=\"750\" \/>\n\t<meta property=\"og:image:type\" content=\"image\/jpeg\" \/>\n<meta name=\"twitter:card\" content=\"summary_large_image\" \/>\n<meta name=\"twitter:label1\" content=\"Dur\u00e9e de lecture estim\u00e9e\" \/>\n\t<meta name=\"twitter:data1\" content=\"2 minutes\" \/>\n<script type=\"application\/ld+json\" class=\"yoast-schema-graph\">{\"@context\":\"https:\/\/schema.org\",\"@graph\":[{\"@type\":\"WebPage\",\"@id\":\"https:\/\/www.alovey.com\/product\/slim-eyeliner-container-10ml\/\",\"url\":\"https:\/\/www.alovey.com\/product\/slim-eyeliner-container-10ml\/\",\"name\":\"Slim Eyeliner Container 10ml\",\"isPartOf\":{\"@id\":\"https:\/\/www.alovey.com\/#website\"},\"primaryImageOfPage\":{\"@id\":\"https:\/\/www.alovey.com\/product\/slim-eyeliner-container-10ml\/#primaryimage\"},\"image\":{\"@id\":\"https:\/\/www.alovey.com\/product\/slim-eyeliner-container-10ml\/#primaryimage\"},\"thumbnailUrl\":\"https:\/\/www.alovey.com\/wp-content\/uploads\/2026\/01\/Slim-Eyeliner-Container-10ml-3.jpg\",\"datePublished\":\"2026-01-10T06:47:43+00:00\",\"dateModified\":\"2026-01-10T07:25:02+00:00\",\"description\":\"High-quality 10ml slim eyelash serum and eyeliner tube made of durable PETG. Leak-proof, sturdy, and ideal for liquid cosmetics packaging.\",\"breadcrumb\":{\"@id\":\"https:\/\/www.alovey.com\/product\/slim-eyeliner-container-10ml\/#breadcrumb\"},\"inLanguage\":\"fr-FR\",\"potentialAction\":[{\"@type\":\"ReadAction\",\"target\":[\"https:\/\/www.alovey.com\/product\/slim-eyeliner-container-10ml\/\"]}]},{\"@type\":\"ImageObject\",\"inLanguage\":\"fr-FR\",\"@id\":\"https:\/\/www.alovey.com\/product\/slim-eyeliner-container-10ml\/#primaryimage\",\"url\":\"https:\/\/www.alovey.com\/wp-content\/uploads\/2026\/01\/Slim-Eyeliner-Container-10ml-3.jpg\",\"contentUrl\":\"https:\/\/www.alovey.com\/wp-content\/uploads\/2026\/01\/Slim-Eyeliner-Container-10ml-3.jpg\",\"width\":750,\"height\":750,\"caption\":\"Slim Eyeliner Container 10ml\"},{\"@type\":\"BreadcrumbList\",\"@id\":\"https:\/\/www.alovey.com\/product\/slim-eyeliner-container-10ml\/#breadcrumb\",\"itemListElement\":[{\"@type\":\"ListItem\",\"position\":1,\"name\":\"\u9996\u9875\",\"item\":\"https:\/\/www.alovey.com\/\"},{\"@type\":\"ListItem\",\"position\":2,\"name\":\"Products\",\"item\":\"https:\/\/www.alovey.com\/products\/\"},{\"@type\":\"ListItem\",\"position\":3,\"name\":\"Slim Eyeliner Container 10ml\"}]},{\"@type\":\"WebSite\",\"@id\":\"https:\/\/www.alovey.com\/#website\",\"url\":\"https:\/\/www.alovey.com\/\",\"name\":\"Best Cosmetic Packaging Manufacture\",\"description\":\"Alovey Cosmetic Packaging Co.,Ltd\",\"publisher\":{\"@id\":\"https:\/\/www.alovey.com\/#organization\"},\"potentialAction\":[{\"@type\":\"SearchAction\",\"target\":{\"@type\":\"EntryPoint\",\"urlTemplate\":\"https:\/\/www.alovey.com\/?s={search_term_string}\"},\"query-input\":{\"@type\":\"PropertyValueSpecification\",\"valueRequired\":true,\"valueName\":\"search_term_string\"}}],\"inLanguage\":\"fr-FR\"},{\"@type\":\"Organization\",\"@id\":\"https:\/\/www.alovey.com\/#organization\",\"name\":\"Best Cosmetic Packaging Manufacture\",\"url\":\"https:\/\/www.alovey.com\/\",\"logo\":{\"@type\":\"ImageObject\",\"inLanguage\":\"fr-FR\",\"@id\":\"https:\/\/www.alovey.com\/#\/schema\/logo\/image\/\",\"url\":\"https:\/\/www.alovey.com\/wp-content\/uploads\/2023\/03\/logo.png\",\"contentUrl\":\"https:\/\/www.alovey.com\/wp-content\/uploads\/2023\/03\/logo.png\",\"width\":505,\"height\":180,\"caption\":\"Best  Cosmetic Packaging Manufacture\"},\"image\":{\"@id\":\"https:\/\/www.alovey.com\/#\/schema\/logo\/image\/\"}}]}<\/script>\n<!-- \/ Yoast SEO plugin. -->","yoast_head_json":{"title":"Slim Eyeliner Container 10ml","description":"High-quality 10ml slim eyelash serum and eyeliner tube made of durable PETG. Leak-proof, sturdy, and ideal for liquid cosmetics packaging.","robots":{"index":"index","follow":"follow","max-snippet":"max-snippet:-1","max-image-preview":"max-image-preview:large","max-video-preview":"max-video-preview:-1"},"canonical":"https:\/\/www.alovey.com\/fr\/produit\/slim-eyeliner-container-10ml\/","og_locale":"fr_FR","og_type":"article","og_title":"Slim Eyeliner Container 10ml","og_description":"High-quality 10ml slim eyelash serum and eyeliner tube made of durable PETG. Leak-proof, sturdy, and ideal for liquid cosmetics packaging.","og_url":"https:\/\/www.alovey.com\/fr\/produit\/slim-eyeliner-container-10ml\/","og_site_name":"Best Cosmetic Packaging Manufacture","article_modified_time":"2026-01-10T07:25:02+00:00","og_image":[{"width":750,"height":750,"url":"https:\/\/www.alovey.com\/wp-content\/uploads\/2026\/01\/Slim-Eyeliner-Container-10ml-3.jpg","type":"image\/jpeg"}],"twitter_card":"summary_large_image","twitter_misc":{"Dur\u00e9e de lecture estim\u00e9e":"2 minutes"},"schema":{"@context":"https:\/\/schema.org","@graph":[{"@type":"WebPage","@id":"https:\/\/www.alovey.com\/product\/slim-eyeliner-container-10ml\/","url":"https:\/\/www.alovey.com\/product\/slim-eyeliner-container-10ml\/","name":"Slim Eyeliner Container 10ml","isPartOf":{"@id":"https:\/\/www.alovey.com\/#website"},"primaryImageOfPage":{"@id":"https:\/\/www.alovey.com\/product\/slim-eyeliner-container-10ml\/#primaryimage"},"image":{"@id":"https:\/\/www.alovey.com\/product\/slim-eyeliner-container-10ml\/#primaryimage"},"thumbnailUrl":"https:\/\/www.alovey.com\/wp-content\/uploads\/2026\/01\/Slim-Eyeliner-Container-10ml-3.jpg","datePublished":"2026-01-10T06:47:43+00:00","dateModified":"2026-01-10T07:25:02+00:00","description":"High-quality 10ml slim eyelash serum and eyeliner tube made of durable PETG. Leak-proof, sturdy, and ideal for liquid cosmetics packaging.","breadcrumb":{"@id":"https:\/\/www.alovey.com\/product\/slim-eyeliner-container-10ml\/#breadcrumb"},"inLanguage":"fr-FR","potentialAction":[{"@type":"ReadAction","target":["https:\/\/www.alovey.com\/product\/slim-eyeliner-container-10ml\/"]}]},{"@type":"ImageObject","inLanguage":"fr-FR","@id":"https:\/\/www.alovey.com\/product\/slim-eyeliner-container-10ml\/#primaryimage","url":"https:\/\/www.alovey.com\/wp-content\/uploads\/2026\/01\/Slim-Eyeliner-Container-10ml-3.jpg","contentUrl":"https:\/\/www.alovey.com\/wp-content\/uploads\/2026\/01\/Slim-Eyeliner-Container-10ml-3.jpg","width":750,"height":750,"caption":"Slim Eyeliner Container 10ml"},{"@type":"BreadcrumbList","@id":"https:\/\/www.alovey.com\/product\/slim-eyeliner-container-10ml\/#breadcrumb","itemListElement":[{"@type":"ListItem","position":1,"name":"\u9996\u9875","item":"https:\/\/www.alovey.com\/"},{"@type":"ListItem","position":2,"name":"Products","item":"https:\/\/www.alovey.com\/products\/"},{"@type":"ListItem","position":3,"name":"Slim Eyeliner Container 10ml"}]},{"@type":"WebSite","@id":"https:\/\/www.alovey.com\/#website","url":"https:\/\/www.alovey.com\/","name":"Best Cosmetic Packaging Manufacture","description":"Alovey Cosmetic Packaging Co.,Ltd","publisher":{"@id":"https:\/\/www.alovey.com\/#organization"},"potentialAction":[{"@type":"SearchAction","target":{"@type":"EntryPoint","urlTemplate":"https:\/\/www.alovey.com\/?s={search_term_string}"},"query-input":{"@type":"PropertyValueSpecification","valueRequired":true,"valueName":"search_term_string"}}],"inLanguage":"fr-FR"},{"@type":"Organization","@id":"https:\/\/www.alovey.com\/#organization","name":"Best Cosmetic Packaging Manufacture","url":"https:\/\/www.alovey.com\/","logo":{"@type":"ImageObject","inLanguage":"fr-FR","@id":"https:\/\/www.alovey.com\/#\/schema\/logo\/image\/","url":"https:\/\/www.alovey.com\/wp-content\/uploads\/2023\/03\/logo.png","contentUrl":"https:\/\/www.alovey.com\/wp-content\/uploads\/2023\/03\/logo.png","width":505,"height":180,"caption":"Best  Cosmetic Packaging Manufacture"},"image":{"@id":"https:\/\/www.alovey.com\/#\/schema\/logo\/image\/"}}]}},"_links":{"self":[{"href":"https:\/\/www.alovey.com\/fr\/wp-json\/wp\/v2\/product\/12399"}],"collection":[{"href":"https:\/\/www.alovey.com\/fr\/wp-json\/wp\/v2\/product"}],"about":[{"href":"https:\/\/www.alovey.com\/fr\/wp-json\/wp\/v2\/types\/product"}],"wp:featuredmedia":[{"embeddable":true,"href":"https:\/\/www.alovey.com\/fr\/wp-json\/wp\/v2\/media\/12403"}],"wp:attachment":[{"href":"https:\/\/www.alovey.com\/fr\/wp-json\/wp\/v2\/media?parent=12399"}],"wp:term":[{"taxonomy":"product_brand","embeddable":true,"href":"https:\/\/www.alovey.com\/fr\/wp-json\/wp\/v2\/product_brand?post=12399"},{"taxonomy":"product_cat","embeddable":true,"href":"https:\/\/www.alovey.com\/fr\/wp-json\/wp\/v2\/product_cat?post=12399"},{"taxonomy":"product_tag","embeddable":true,"href":"https:\/\/www.alovey.com\/fr\/wp-json\/wp\/v2\/product_tag?post=12399"}],"curies":[{"name":"wp","href":"https:\/\/api.w.org\/{rel}","templated":true}]}}