{"id":12391,"date":"2026-01-05T02:25:24","date_gmt":"2026-01-05T02:25:24","guid":{"rendered":"https:\/\/www.alovey.com\/?post_type=product&#038;p=12391"},"modified":"2026-01-05T03:14:11","modified_gmt":"2026-01-05T03:14:11","slug":"custom-round-single-eyeshadow-case","status":"publish","type":"product","link":"https:\/\/www.alovey.com\/fr\/produit\/custom-round-single-eyeshadow-case\/","title":{"rendered":"Custom Round Single Eyeshadow Case"},"content":{"rendered":"<p><strong>We welcome customized round single eyeshadow case.<\/strong><\/p>\n<p><strong>It is crafted from high-quality AS material, offering excellent clarity and durability. Designed with a 42mm godet size, it provides a full, unobstructed view of the product inside\u2014making shade identification quick and effortless.<\/strong><\/p>\n<p><strong>Ideal for blush, highlighter, or single eyeshadow, the minimalist clear design highlights the formula itself and supports easy, precise makeup application. A perfect choice for brands seeking clean aesthetics, practicality, and reliable quality\u00a0in cosmetic packaging.<\/strong><\/p>\n<p><strong>Alovey, fabricant professionnel chinois d'emballages cosm\u00e9tiques, produit une gamme exquise d'emballages cosm\u00e9tiques personnalis\u00e9s, m\u00e9ticuleusement con\u00e7us pour rehausser votre marque. Notre s\u00e9lection vari\u00e9e de mat\u00e9riaux de premi\u00e8re qualit\u00e9, associ\u00e9e \u00e0 des techniques de finition de surface d\u00e9licates telles que la s\u00e9rigraphie, l'estampage \u00e0 chaud et la pulv\u00e9risation mate, fait de chaque emballage un chef-d'\u0153uvre unique.<\/strong><\/p>\n<p><img fetchpriority=\"high\" decoding=\"async\" class=\"size-full wp-image-12397\" src=\"https:\/\/www.alovey.com\/wp-content\/uploads\/2026\/01\/Custom-Round-Single-Eyeshadow-Case-5.jpg\" alt=\"Single Eyeshadow Case\" width=\"750\" height=\"750\" srcset=\"https:\/\/www.alovey.com\/wp-content\/uploads\/2026\/01\/Custom-Round-Single-Eyeshadow-Case-5.jpg 750w, https:\/\/www.alovey.com\/wp-content\/uploads\/2026\/01\/Custom-Round-Single-Eyeshadow-Case-5-300x300.jpg 300w, https:\/\/www.alovey.com\/wp-content\/uploads\/2026\/01\/Custom-Round-Single-Eyeshadow-Case-5-150x150.jpg 150w, https:\/\/www.alovey.com\/wp-content\/uploads\/2026\/01\/Custom-Round-Single-Eyeshadow-Case-5-12x12.jpg 12w, https:\/\/www.alovey.com\/wp-content\/uploads\/2026\/01\/Custom-Round-Single-Eyeshadow-Case-5-600x600.jpg 600w, https:\/\/www.alovey.com\/wp-content\/uploads\/2026\/01\/Custom-Round-Single-Eyeshadow-Case-5-100x100.jpg 100w\" sizes=\"(max-width: 750px) 100vw, 750px\" \/><\/p>\n<p><img decoding=\"async\" class=\"size-full wp-image-12393\" src=\"https:\/\/www.alovey.com\/wp-content\/uploads\/2026\/01\/Custom-Round-Single-Eyeshadow-Case-1.jpg\" alt=\"Single Eyeshadow Case\" width=\"750\" height=\"750\" srcset=\"https:\/\/www.alovey.com\/wp-content\/uploads\/2026\/01\/Custom-Round-Single-Eyeshadow-Case-1.jpg 750w, https:\/\/www.alovey.com\/wp-content\/uploads\/2026\/01\/Custom-Round-Single-Eyeshadow-Case-1-300x300.jpg 300w, https:\/\/www.alovey.com\/wp-content\/uploads\/2026\/01\/Custom-Round-Single-Eyeshadow-Case-1-150x150.jpg 150w, https:\/\/www.alovey.com\/wp-content\/uploads\/2026\/01\/Custom-Round-Single-Eyeshadow-Case-1-12x12.jpg 12w, https:\/\/www.alovey.com\/wp-content\/uploads\/2026\/01\/Custom-Round-Single-Eyeshadow-Case-1-600x600.jpg 600w, https:\/\/www.alovey.com\/wp-content\/uploads\/2026\/01\/Custom-Round-Single-Eyeshadow-Case-1-100x100.jpg 100w\" sizes=\"(max-width: 750px) 100vw, 750px\" \/><\/p>\n<p>&nbsp;<\/p>\n<p><img decoding=\"async\" class=\"size-full wp-image-12396\" src=\"https:\/\/www.alovey.com\/wp-content\/uploads\/2026\/01\/Custom-Round-Single-Eyeshadow-Case-4.jpg\" alt=\"Single Eyeshadow Case\" width=\"750\" height=\"750\" srcset=\"https:\/\/www.alovey.com\/wp-content\/uploads\/2026\/01\/Custom-Round-Single-Eyeshadow-Case-4.jpg 750w, https:\/\/www.alovey.com\/wp-content\/uploads\/2026\/01\/Custom-Round-Single-Eyeshadow-Case-4-300x300.jpg 300w, https:\/\/www.alovey.com\/wp-content\/uploads\/2026\/01\/Custom-Round-Single-Eyeshadow-Case-4-150x150.jpg 150w, https:\/\/www.alovey.com\/wp-content\/uploads\/2026\/01\/Custom-Round-Single-Eyeshadow-Case-4-12x12.jpg 12w, https:\/\/www.alovey.com\/wp-content\/uploads\/2026\/01\/Custom-Round-Single-Eyeshadow-Case-4-600x600.jpg 600w, https:\/\/www.alovey.com\/wp-content\/uploads\/2026\/01\/Custom-Round-Single-Eyeshadow-Case-4-100x100.jpg 100w\" sizes=\"(max-width: 750px) 100vw, 750px\" \/><\/p>\n<p><img loading=\"lazy\" decoding=\"async\" class=\"size-full wp-image-12395\" src=\"https:\/\/www.alovey.com\/wp-content\/uploads\/2026\/01\/Custom-Round-Single-Eyeshadow-Case-3.jpg\" alt=\"Single Eyeshadow Case\" width=\"750\" height=\"750\" srcset=\"https:\/\/www.alovey.com\/wp-content\/uploads\/2026\/01\/Custom-Round-Single-Eyeshadow-Case-3.jpg 750w, https:\/\/www.alovey.com\/wp-content\/uploads\/2026\/01\/Custom-Round-Single-Eyeshadow-Case-3-300x300.jpg 300w, https:\/\/www.alovey.com\/wp-content\/uploads\/2026\/01\/Custom-Round-Single-Eyeshadow-Case-3-150x150.jpg 150w, https:\/\/www.alovey.com\/wp-content\/uploads\/2026\/01\/Custom-Round-Single-Eyeshadow-Case-3-12x12.jpg 12w, https:\/\/www.alovey.com\/wp-content\/uploads\/2026\/01\/Custom-Round-Single-Eyeshadow-Case-3-600x600.jpg 600w, https:\/\/www.alovey.com\/wp-content\/uploads\/2026\/01\/Custom-Round-Single-Eyeshadow-Case-3-100x100.jpg 100w\" sizes=\"(max-width: 750px) 100vw, 750px\" \/><\/p>\n<p><img loading=\"lazy\" decoding=\"async\" class=\"size-full wp-image-12394\" src=\"https:\/\/www.alovey.com\/wp-content\/uploads\/2026\/01\/Custom-Round-Single-Eyeshadow-Case-2.jpg\" alt=\"Single Eyeshadow Case\" width=\"750\" height=\"750\" srcset=\"https:\/\/www.alovey.com\/wp-content\/uploads\/2026\/01\/Custom-Round-Single-Eyeshadow-Case-2.jpg 750w, https:\/\/www.alovey.com\/wp-content\/uploads\/2026\/01\/Custom-Round-Single-Eyeshadow-Case-2-300x300.jpg 300w, https:\/\/www.alovey.com\/wp-content\/uploads\/2026\/01\/Custom-Round-Single-Eyeshadow-Case-2-150x150.jpg 150w, https:\/\/www.alovey.com\/wp-content\/uploads\/2026\/01\/Custom-Round-Single-Eyeshadow-Case-2-12x12.jpg 12w, https:\/\/www.alovey.com\/wp-content\/uploads\/2026\/01\/Custom-Round-Single-Eyeshadow-Case-2-600x600.jpg 600w, https:\/\/www.alovey.com\/wp-content\/uploads\/2026\/01\/Custom-Round-Single-Eyeshadow-Case-2-100x100.jpg 100w\" sizes=\"(max-width: 750px) 100vw, 750px\" \/><\/p>\n<p>&nbsp;<\/p>\n<p><img loading=\"lazy\" decoding=\"async\" class=\"size-full wp-image-12392\" src=\"https:\/\/www.alovey.com\/wp-content\/uploads\/2026\/01\/Custom-Round-Single-Eyeshadow-Case-6.jpg\" alt=\"Single Eyeshadow Case\" width=\"750\" height=\"750\" srcset=\"https:\/\/www.alovey.com\/wp-content\/uploads\/2026\/01\/Custom-Round-Single-Eyeshadow-Case-6.jpg 750w, https:\/\/www.alovey.com\/wp-content\/uploads\/2026\/01\/Custom-Round-Single-Eyeshadow-Case-6-300x300.jpg 300w, https:\/\/www.alovey.com\/wp-content\/uploads\/2026\/01\/Custom-Round-Single-Eyeshadow-Case-6-150x150.jpg 150w, https:\/\/www.alovey.com\/wp-content\/uploads\/2026\/01\/Custom-Round-Single-Eyeshadow-Case-6-12x12.jpg 12w, https:\/\/www.alovey.com\/wp-content\/uploads\/2026\/01\/Custom-Round-Single-Eyeshadow-Case-6-600x600.jpg 600w, https:\/\/www.alovey.com\/wp-content\/uploads\/2026\/01\/Custom-Round-Single-Eyeshadow-Case-6-100x100.jpg 100w\" sizes=\"(max-width: 750px) 100vw, 750px\" \/><\/p>\n<p>&nbsp;<\/p>\n<p>&nbsp;<\/p>\n<p>&nbsp;<\/p>\n<p>&nbsp;<\/p>\n<p>&nbsp;<\/p>\n<p>&nbsp;<\/p>\n<p>&nbsp;<\/p>\n<p>&nbsp;<\/p>\n<p>&nbsp;<\/p>\n<p>&nbsp;<\/p>\n<p>&nbsp;<\/p>\n<p>&nbsp;<\/p>\n<p>&nbsp;<\/p>\n<p>&nbsp;<\/p>\n<p>&nbsp;<\/p>\n<p>&nbsp;<\/p>\n<p>&nbsp;<\/p>\n<p>&nbsp;<\/p>\n<p>&nbsp;<\/p>\n<p>&nbsp;<\/p>\n<p>&nbsp;<\/p>\n<p>&nbsp;<\/p>\n<p>&nbsp;<\/p>\n<p>&nbsp;<\/p>\n<p>&nbsp;<\/p>\n<p>&nbsp;<\/p>\n<p>&nbsp;<\/p>\n<p>&nbsp;<\/p>\n<p>&nbsp;<\/p>\n<p>&nbsp;<\/p>\n<p>&nbsp;<\/p>\n<p>&nbsp;<\/p>\n<p>&nbsp;<\/p>\n<p>&nbsp;<\/p>\n<p>&nbsp;<\/p>\n<p>&nbsp;<\/p>\n<p>&nbsp;<\/p>\n<p>&nbsp;<\/p>\n<p>&nbsp;<\/p>\n<p>&nbsp;<\/p>\n<p>&nbsp;<\/p>\n<p>&nbsp;<\/p>\n<p>&nbsp;<\/p>\n<p>&nbsp;<\/p>\n<p>&nbsp;<\/p>\n<p>&nbsp;<\/p>\n<p>&nbsp;<\/p>\n<p>&nbsp;<\/p>\n<p>&nbsp;<\/p>\n<p>&nbsp;<\/p>\n<p>&nbsp;<\/p>\n<p>&nbsp;<\/p>\n<p>&nbsp;<\/p>\n<p>&nbsp;<\/p>\n<p>&nbsp;<\/p>\n<p>&nbsp;<\/p>\n<p>&nbsp;<\/p>\n<p>&nbsp;<\/p>\n<p>&nbsp;<\/p>\n<p>&nbsp;<\/p>\n<p>&nbsp;<\/p>\n<p>&nbsp;<\/p>\n<p>&nbsp;<\/p>\n<p>&nbsp;<\/p>\n<p>&nbsp;<\/p>\n<p>&nbsp;<\/p>\n<p>&nbsp;<\/p>\n<p>&nbsp;<\/p>\n<p>&nbsp;<\/p>\n<p>&nbsp;<\/p>\n<p>&nbsp;<\/p>\n<p>&nbsp;<\/p>\n<p>&nbsp;<\/p>\n<p>&nbsp;<\/p>\n<p>&nbsp;<\/p>\n<p>&nbsp;<\/p>\n<p>&nbsp;<\/p>\n<p>&nbsp;<\/p>\n<p>&nbsp;<\/p>\n<p>&nbsp;<\/p>\n<p>&nbsp;<\/p>\n<p>&nbsp;<\/p>\n<p>&nbsp;<\/p>\n<p>&nbsp;<\/p>\n<p>&nbsp;<\/p>\n<p>&nbsp;<\/p>\n<p>&nbsp;<\/p>\n<p>&nbsp;<\/p>\n<p>&nbsp;<\/p>\n<p>&nbsp;<\/p>\n<p>&nbsp;<\/p>\n<p>&nbsp;<\/p>\n<p>&nbsp;<\/p>\n<p>&nbsp;<\/p>\n<p>&nbsp;<\/p>\n<p>&nbsp;<\/p>\n<p>&nbsp;<\/p>\n<p>&nbsp;<\/p>\n<p>&nbsp;<\/p>\n<p>&nbsp;<\/p>\n<p>&nbsp;<\/p>\n<p>&nbsp;<\/p>\n<p>&nbsp;<\/p>\n<p>&nbsp;<\/p>\n<p>&nbsp;<\/p>\n<p>&nbsp;<\/p>\n<p>&nbsp;<\/p>\n<p>&nbsp;<\/p>\n<p>&nbsp;<\/p>\n<p>&nbsp;<\/p>\n<p>&nbsp;<\/p>\n<p>&nbsp;<\/p>\n<p>&nbsp;<\/p>","protected":false},"excerpt":{"rendered":"<ul>\n<li>Item No: P-0017C<\/li>\n<li>Mat\u00e9riau : Plastique<\/li>\n<li>Size: D56*H14MM<\/li>\n<li>Applications : Produits de beaut\u00e9<\/li>\n<li>MOQ : 12 000 pi\u00e8ces<\/li>\n<li>Couleur : couleur personnalis\u00e9e<\/li>\n<li>Surface treatment: Injection\/Matte\/Metalization\/UV coating<\/li>\n<li>Brand Name: OEM\/ODM<\/li>\n<li>Logo: Client\u2019s Logo<\/li>\n<li>Supply Ability: 100,000 Pieces per Month<\/li>\n<\/ul>","protected":false},"featured_media":12394,"template":"","meta":{"_acf_changed":false},"product_brand":[],"product_cat":[380],"product_tag":[387],"class_list":{"0":"post-12391","1":"product","2":"type-product","3":"status-publish","4":"has-post-thumbnail","6":"product_cat-cosmetic-compact-powder-cases","7":"product_tag-compact-powder-case","9":"first","10":"instock","11":"shipping-taxable","12":"product-type-simple"},"acf":[],"yoast_head":"<!-- This site is optimized with the Yoast SEO plugin v24.1 - https:\/\/yoast.com\/wordpress\/plugins\/seo\/ -->\n<title>Custom Round Single Eyeshadow Case<\/title>\n<meta name=\"description\" content=\"We welcome customized round single eyeshadow case. It offers excellent clarity and durability and provides a full, unobstructed view of the product inside\" \/>\n<meta name=\"robots\" content=\"index, follow, max-snippet:-1, max-image-preview:large, max-video-preview:-1\" \/>\n<link rel=\"canonical\" href=\"https:\/\/www.alovey.com\/fr\/produit\/custom-round-single-eyeshadow-case\/\" \/>\n<meta property=\"og:locale\" content=\"fr_FR\" \/>\n<meta property=\"og:type\" content=\"article\" \/>\n<meta property=\"og:title\" content=\"Custom Round Single Eyeshadow Case\" \/>\n<meta property=\"og:description\" content=\"We welcome customized round single eyeshadow case. It offers excellent clarity and durability and provides a full, unobstructed view of the product inside\" \/>\n<meta property=\"og:url\" content=\"https:\/\/www.alovey.com\/fr\/produit\/custom-round-single-eyeshadow-case\/\" \/>\n<meta property=\"og:site_name\" content=\"Best Cosmetic Packaging Manufacture\" \/>\n<meta property=\"article:modified_time\" content=\"2026-01-05T03:14:11+00:00\" \/>\n<meta property=\"og:image\" content=\"https:\/\/www.alovey.com\/wp-content\/uploads\/2026\/01\/Custom-Round-Single-Eyeshadow-Case-2.jpg\" \/>\n\t<meta property=\"og:image:width\" content=\"750\" \/>\n\t<meta property=\"og:image:height\" content=\"750\" \/>\n\t<meta property=\"og:image:type\" content=\"image\/jpeg\" \/>\n<meta name=\"twitter:card\" content=\"summary_large_image\" \/>\n<meta name=\"twitter:label1\" content=\"Dur\u00e9e de lecture estim\u00e9e\" \/>\n\t<meta name=\"twitter:data1\" content=\"2 minutes\" \/>\n<script type=\"application\/ld+json\" class=\"yoast-schema-graph\">{\"@context\":\"https:\/\/schema.org\",\"@graph\":[{\"@type\":\"WebPage\",\"@id\":\"https:\/\/www.alovey.com\/product\/custom-round-single-eyeshadow-case\/\",\"url\":\"https:\/\/www.alovey.com\/product\/custom-round-single-eyeshadow-case\/\",\"name\":\"Custom Round Single Eyeshadow Case\",\"isPartOf\":{\"@id\":\"https:\/\/www.alovey.com\/#website\"},\"primaryImageOfPage\":{\"@id\":\"https:\/\/www.alovey.com\/product\/custom-round-single-eyeshadow-case\/#primaryimage\"},\"image\":{\"@id\":\"https:\/\/www.alovey.com\/product\/custom-round-single-eyeshadow-case\/#primaryimage\"},\"thumbnailUrl\":\"https:\/\/www.alovey.com\/wp-content\/uploads\/2026\/01\/Custom-Round-Single-Eyeshadow-Case-2.jpg\",\"datePublished\":\"2026-01-05T02:25:24+00:00\",\"dateModified\":\"2026-01-05T03:14:11+00:00\",\"description\":\"We welcome customized round single eyeshadow case. It offers excellent clarity and durability and provides a full, unobstructed view of the product inside\",\"breadcrumb\":{\"@id\":\"https:\/\/www.alovey.com\/product\/custom-round-single-eyeshadow-case\/#breadcrumb\"},\"inLanguage\":\"fr-FR\",\"potentialAction\":[{\"@type\":\"ReadAction\",\"target\":[\"https:\/\/www.alovey.com\/product\/custom-round-single-eyeshadow-case\/\"]}]},{\"@type\":\"ImageObject\",\"inLanguage\":\"fr-FR\",\"@id\":\"https:\/\/www.alovey.com\/product\/custom-round-single-eyeshadow-case\/#primaryimage\",\"url\":\"https:\/\/www.alovey.com\/wp-content\/uploads\/2026\/01\/Custom-Round-Single-Eyeshadow-Case-2.jpg\",\"contentUrl\":\"https:\/\/www.alovey.com\/wp-content\/uploads\/2026\/01\/Custom-Round-Single-Eyeshadow-Case-2.jpg\",\"width\":750,\"height\":750,\"caption\":\"Custom Round Single Eyeshadow Case\"},{\"@type\":\"BreadcrumbList\",\"@id\":\"https:\/\/www.alovey.com\/product\/custom-round-single-eyeshadow-case\/#breadcrumb\",\"itemListElement\":[{\"@type\":\"ListItem\",\"position\":1,\"name\":\"\u9996\u9875\",\"item\":\"https:\/\/www.alovey.com\/\"},{\"@type\":\"ListItem\",\"position\":2,\"name\":\"Products\",\"item\":\"https:\/\/www.alovey.com\/products\/\"},{\"@type\":\"ListItem\",\"position\":3,\"name\":\"Custom Round Single Eyeshadow Case\"}]},{\"@type\":\"WebSite\",\"@id\":\"https:\/\/www.alovey.com\/#website\",\"url\":\"https:\/\/www.alovey.com\/\",\"name\":\"Best Cosmetic Packaging Manufacture\",\"description\":\"Alovey Cosmetic Packaging Co.,Ltd\",\"publisher\":{\"@id\":\"https:\/\/www.alovey.com\/#organization\"},\"potentialAction\":[{\"@type\":\"SearchAction\",\"target\":{\"@type\":\"EntryPoint\",\"urlTemplate\":\"https:\/\/www.alovey.com\/?s={search_term_string}\"},\"query-input\":{\"@type\":\"PropertyValueSpecification\",\"valueRequired\":true,\"valueName\":\"search_term_string\"}}],\"inLanguage\":\"fr-FR\"},{\"@type\":\"Organization\",\"@id\":\"https:\/\/www.alovey.com\/#organization\",\"name\":\"Best Cosmetic Packaging Manufacture\",\"url\":\"https:\/\/www.alovey.com\/\",\"logo\":{\"@type\":\"ImageObject\",\"inLanguage\":\"fr-FR\",\"@id\":\"https:\/\/www.alovey.com\/#\/schema\/logo\/image\/\",\"url\":\"https:\/\/www.alovey.com\/wp-content\/uploads\/2023\/03\/logo.png\",\"contentUrl\":\"https:\/\/www.alovey.com\/wp-content\/uploads\/2023\/03\/logo.png\",\"width\":505,\"height\":180,\"caption\":\"Best  Cosmetic Packaging Manufacture\"},\"image\":{\"@id\":\"https:\/\/www.alovey.com\/#\/schema\/logo\/image\/\"}}]}<\/script>\n<!-- \/ Yoast SEO plugin. -->","yoast_head_json":{"title":"Custom Round Single Eyeshadow Case","description":"We welcome customized round single eyeshadow case. It offers excellent clarity and durability and provides a full, unobstructed view of the product inside","robots":{"index":"index","follow":"follow","max-snippet":"max-snippet:-1","max-image-preview":"max-image-preview:large","max-video-preview":"max-video-preview:-1"},"canonical":"https:\/\/www.alovey.com\/fr\/produit\/custom-round-single-eyeshadow-case\/","og_locale":"fr_FR","og_type":"article","og_title":"Custom Round Single Eyeshadow Case","og_description":"We welcome customized round single eyeshadow case. It offers excellent clarity and durability and provides a full, unobstructed view of the product inside","og_url":"https:\/\/www.alovey.com\/fr\/produit\/custom-round-single-eyeshadow-case\/","og_site_name":"Best Cosmetic Packaging Manufacture","article_modified_time":"2026-01-05T03:14:11+00:00","og_image":[{"width":750,"height":750,"url":"https:\/\/www.alovey.com\/wp-content\/uploads\/2026\/01\/Custom-Round-Single-Eyeshadow-Case-2.jpg","type":"image\/jpeg"}],"twitter_card":"summary_large_image","twitter_misc":{"Dur\u00e9e de lecture estim\u00e9e":"2 minutes"},"schema":{"@context":"https:\/\/schema.org","@graph":[{"@type":"WebPage","@id":"https:\/\/www.alovey.com\/product\/custom-round-single-eyeshadow-case\/","url":"https:\/\/www.alovey.com\/product\/custom-round-single-eyeshadow-case\/","name":"Custom Round Single Eyeshadow Case","isPartOf":{"@id":"https:\/\/www.alovey.com\/#website"},"primaryImageOfPage":{"@id":"https:\/\/www.alovey.com\/product\/custom-round-single-eyeshadow-case\/#primaryimage"},"image":{"@id":"https:\/\/www.alovey.com\/product\/custom-round-single-eyeshadow-case\/#primaryimage"},"thumbnailUrl":"https:\/\/www.alovey.com\/wp-content\/uploads\/2026\/01\/Custom-Round-Single-Eyeshadow-Case-2.jpg","datePublished":"2026-01-05T02:25:24+00:00","dateModified":"2026-01-05T03:14:11+00:00","description":"We welcome customized round single eyeshadow case. It offers excellent clarity and durability and provides a full, unobstructed view of the product inside","breadcrumb":{"@id":"https:\/\/www.alovey.com\/product\/custom-round-single-eyeshadow-case\/#breadcrumb"},"inLanguage":"fr-FR","potentialAction":[{"@type":"ReadAction","target":["https:\/\/www.alovey.com\/product\/custom-round-single-eyeshadow-case\/"]}]},{"@type":"ImageObject","inLanguage":"fr-FR","@id":"https:\/\/www.alovey.com\/product\/custom-round-single-eyeshadow-case\/#primaryimage","url":"https:\/\/www.alovey.com\/wp-content\/uploads\/2026\/01\/Custom-Round-Single-Eyeshadow-Case-2.jpg","contentUrl":"https:\/\/www.alovey.com\/wp-content\/uploads\/2026\/01\/Custom-Round-Single-Eyeshadow-Case-2.jpg","width":750,"height":750,"caption":"Custom Round Single Eyeshadow Case"},{"@type":"BreadcrumbList","@id":"https:\/\/www.alovey.com\/product\/custom-round-single-eyeshadow-case\/#breadcrumb","itemListElement":[{"@type":"ListItem","position":1,"name":"\u9996\u9875","item":"https:\/\/www.alovey.com\/"},{"@type":"ListItem","position":2,"name":"Products","item":"https:\/\/www.alovey.com\/products\/"},{"@type":"ListItem","position":3,"name":"Custom Round Single Eyeshadow Case"}]},{"@type":"WebSite","@id":"https:\/\/www.alovey.com\/#website","url":"https:\/\/www.alovey.com\/","name":"Best Cosmetic Packaging Manufacture","description":"Alovey Cosmetic Packaging Co.,Ltd","publisher":{"@id":"https:\/\/www.alovey.com\/#organization"},"potentialAction":[{"@type":"SearchAction","target":{"@type":"EntryPoint","urlTemplate":"https:\/\/www.alovey.com\/?s={search_term_string}"},"query-input":{"@type":"PropertyValueSpecification","valueRequired":true,"valueName":"search_term_string"}}],"inLanguage":"fr-FR"},{"@type":"Organization","@id":"https:\/\/www.alovey.com\/#organization","name":"Best Cosmetic Packaging Manufacture","url":"https:\/\/www.alovey.com\/","logo":{"@type":"ImageObject","inLanguage":"fr-FR","@id":"https:\/\/www.alovey.com\/#\/schema\/logo\/image\/","url":"https:\/\/www.alovey.com\/wp-content\/uploads\/2023\/03\/logo.png","contentUrl":"https:\/\/www.alovey.com\/wp-content\/uploads\/2023\/03\/logo.png","width":505,"height":180,"caption":"Best  Cosmetic Packaging Manufacture"},"image":{"@id":"https:\/\/www.alovey.com\/#\/schema\/logo\/image\/"}}]}},"_links":{"self":[{"href":"https:\/\/www.alovey.com\/fr\/wp-json\/wp\/v2\/product\/12391"}],"collection":[{"href":"https:\/\/www.alovey.com\/fr\/wp-json\/wp\/v2\/product"}],"about":[{"href":"https:\/\/www.alovey.com\/fr\/wp-json\/wp\/v2\/types\/product"}],"wp:featuredmedia":[{"embeddable":true,"href":"https:\/\/www.alovey.com\/fr\/wp-json\/wp\/v2\/media\/12394"}],"wp:attachment":[{"href":"https:\/\/www.alovey.com\/fr\/wp-json\/wp\/v2\/media?parent=12391"}],"wp:term":[{"taxonomy":"product_brand","embeddable":true,"href":"https:\/\/www.alovey.com\/fr\/wp-json\/wp\/v2\/product_brand?post=12391"},{"taxonomy":"product_cat","embeddable":true,"href":"https:\/\/www.alovey.com\/fr\/wp-json\/wp\/v2\/product_cat?post=12391"},{"taxonomy":"product_tag","embeddable":true,"href":"https:\/\/www.alovey.com\/fr\/wp-json\/wp\/v2\/product_tag?post=12391"}],"curies":[{"name":"wp","href":"https:\/\/api.w.org\/{rel}","templated":true}]}}