{"id":12266,"date":"2025-12-23T02:11:43","date_gmt":"2025-12-23T02:11:43","guid":{"rendered":"https:\/\/www.alovey.com\/?post_type=product&#038;p=12266"},"modified":"2025-12-23T03:03:36","modified_gmt":"2025-12-23T03:03:36","slug":"oem-cute-heart-lip-gloss-tube-6ml","status":"publish","type":"product","link":"https:\/\/www.alovey.com\/fr\/produit\/oem-cute-heart-lip-gloss-tube-6ml\/","title":{"rendered":"OEM Cute Heart Top Lip Gloss Tube 6ml"},"content":{"rendered":"<p><strong>We welcome oem this heart lip gloss tube.<\/strong><\/p>\n<p><strong>Add a playful, romantic touch to your lip products with our OEM Cute Heart Top Lip Gloss Tube (6ml)\u2014designed for beauty brands that want eye-catching packaging with reliable performance.<\/strong><\/p>\n<h3><strong>Key Features<\/strong><\/h3>\n<h3><strong>Capacity:\u00a06ml (ideal for daily lip gloss, lip oil, or liquid tint)<\/strong><\/h3>\n<p><strong>Design:\u00a0Cute heart-shaped top cap\u00a0for strong shelf appeal<\/strong><\/p>\n<p><strong>Material:\u00a0PETG \/ ABS \/ PP (customizable)<\/strong><\/p>\n<p><strong>Applicator:\u00a0Soft doe-foot wand\u00a0for smooth, even application<\/strong><\/p>\n<p><strong>Leak-proof:\u00a0Secure wiper system to prevent mess and control dosage<\/strong><\/p>\n<p><strong>Filling:\u00a0Standard filling compatible with automatic or semi-auto lines<\/strong><\/p>\n<h3><strong>OEM \/ Customization Options<\/strong><\/h3>\n<p><strong>Cap &amp; tube colors (solid, transparent, gradient)<\/strong><\/p>\n<p><strong>Logo printing (silk screen, hot stamping)<\/strong><\/p>\n<p><strong>Surface finishes (glossy \/ matte)<\/strong><\/p>\n<p><strong>Applicator color &amp; flocking<\/strong><\/p>\n<p><strong>Sustainable options (PCR material upon evaluation)<\/strong><\/p>\n<h3><strong>Ideal For<\/strong><\/h3>\n<p><strong>Lip gloss<\/strong><\/p>\n<p><strong>Lip oil<\/strong><\/p>\n<p><strong>Lip serum<\/strong><\/p>\n<p><strong>Tinted lip treatments<\/strong><\/p>\n<p><strong>Alovey, fabricant professionnel chinois d'emballages cosm\u00e9tiques, produit une gamme exquise d'emballages cosm\u00e9tiques personnalis\u00e9s, m\u00e9ticuleusement con\u00e7us pour rehausser votre marque. Notre s\u00e9lection vari\u00e9e de mat\u00e9riaux de premi\u00e8re qualit\u00e9, associ\u00e9e \u00e0 des techniques de finition de surface d\u00e9licates telles que la s\u00e9rigraphie, l'estampage \u00e0 chaud et la pulv\u00e9risation mate, fait de chaque emballage un chef-d'\u0153uvre unique.<\/strong><\/p>\n<p><img fetchpriority=\"high\" decoding=\"async\" class=\"size-full wp-image-12273\" src=\"https:\/\/www.alovey.com\/wp-content\/uploads\/2025\/12\/OEM-Cute-Heart-Top-Lip-Gloss-Tube-6ml-8.jpg\" alt=\"heart lip gloss tubes\" width=\"750\" height=\"750\" srcset=\"https:\/\/www.alovey.com\/wp-content\/uploads\/2025\/12\/OEM-Cute-Heart-Top-Lip-Gloss-Tube-6ml-8.jpg 750w, https:\/\/www.alovey.com\/wp-content\/uploads\/2025\/12\/OEM-Cute-Heart-Top-Lip-Gloss-Tube-6ml-8-300x300.jpg 300w, https:\/\/www.alovey.com\/wp-content\/uploads\/2025\/12\/OEM-Cute-Heart-Top-Lip-Gloss-Tube-6ml-8-150x150.jpg 150w, https:\/\/www.alovey.com\/wp-content\/uploads\/2025\/12\/OEM-Cute-Heart-Top-Lip-Gloss-Tube-6ml-8-12x12.jpg 12w, https:\/\/www.alovey.com\/wp-content\/uploads\/2025\/12\/OEM-Cute-Heart-Top-Lip-Gloss-Tube-6ml-8-600x600.jpg 600w, https:\/\/www.alovey.com\/wp-content\/uploads\/2025\/12\/OEM-Cute-Heart-Top-Lip-Gloss-Tube-6ml-8-100x100.jpg 100w\" sizes=\"(max-width: 750px) 100vw, 750px\" \/><\/p>\n<p><img decoding=\"async\" class=\"size-full wp-image-12270\" src=\"https:\/\/www.alovey.com\/wp-content\/uploads\/2025\/12\/OEM-Cute-Heart-Top-Lip-Gloss-Tube-6ml-5.jpg\" alt=\"heart lip gloss tubes\" width=\"750\" height=\"750\" srcset=\"https:\/\/www.alovey.com\/wp-content\/uploads\/2025\/12\/OEM-Cute-Heart-Top-Lip-Gloss-Tube-6ml-5.jpg 750w, https:\/\/www.alovey.com\/wp-content\/uploads\/2025\/12\/OEM-Cute-Heart-Top-Lip-Gloss-Tube-6ml-5-300x300.jpg 300w, https:\/\/www.alovey.com\/wp-content\/uploads\/2025\/12\/OEM-Cute-Heart-Top-Lip-Gloss-Tube-6ml-5-150x150.jpg 150w, https:\/\/www.alovey.com\/wp-content\/uploads\/2025\/12\/OEM-Cute-Heart-Top-Lip-Gloss-Tube-6ml-5-12x12.jpg 12w, https:\/\/www.alovey.com\/wp-content\/uploads\/2025\/12\/OEM-Cute-Heart-Top-Lip-Gloss-Tube-6ml-5-600x600.jpg 600w, https:\/\/www.alovey.com\/wp-content\/uploads\/2025\/12\/OEM-Cute-Heart-Top-Lip-Gloss-Tube-6ml-5-100x100.jpg 100w\" sizes=\"(max-width: 750px) 100vw, 750px\" \/><\/p>\n<p><img decoding=\"async\" class=\"size-full wp-image-12269\" src=\"https:\/\/www.alovey.com\/wp-content\/uploads\/2025\/12\/OEM-Cute-Heart-Top-Lip-Gloss-Tube-6ml-4.jpg\" alt=\"heart lip gloss tubes\" width=\"750\" height=\"750\" srcset=\"https:\/\/www.alovey.com\/wp-content\/uploads\/2025\/12\/OEM-Cute-Heart-Top-Lip-Gloss-Tube-6ml-4.jpg 750w, https:\/\/www.alovey.com\/wp-content\/uploads\/2025\/12\/OEM-Cute-Heart-Top-Lip-Gloss-Tube-6ml-4-300x300.jpg 300w, https:\/\/www.alovey.com\/wp-content\/uploads\/2025\/12\/OEM-Cute-Heart-Top-Lip-Gloss-Tube-6ml-4-150x150.jpg 150w, https:\/\/www.alovey.com\/wp-content\/uploads\/2025\/12\/OEM-Cute-Heart-Top-Lip-Gloss-Tube-6ml-4-12x12.jpg 12w, https:\/\/www.alovey.com\/wp-content\/uploads\/2025\/12\/OEM-Cute-Heart-Top-Lip-Gloss-Tube-6ml-4-600x600.jpg 600w, https:\/\/www.alovey.com\/wp-content\/uploads\/2025\/12\/OEM-Cute-Heart-Top-Lip-Gloss-Tube-6ml-4-100x100.jpg 100w\" sizes=\"(max-width: 750px) 100vw, 750px\" \/><\/p>\n<p><img loading=\"lazy\" decoding=\"async\" class=\"size-full wp-image-12268\" src=\"https:\/\/www.alovey.com\/wp-content\/uploads\/2025\/12\/OEM-Cute-Heart-Top-Lip-Gloss-Tube-6ml-3.jpg\" alt=\"heart lip gloss tubes\" width=\"750\" height=\"750\" srcset=\"https:\/\/www.alovey.com\/wp-content\/uploads\/2025\/12\/OEM-Cute-Heart-Top-Lip-Gloss-Tube-6ml-3.jpg 750w, https:\/\/www.alovey.com\/wp-content\/uploads\/2025\/12\/OEM-Cute-Heart-Top-Lip-Gloss-Tube-6ml-3-300x300.jpg 300w, https:\/\/www.alovey.com\/wp-content\/uploads\/2025\/12\/OEM-Cute-Heart-Top-Lip-Gloss-Tube-6ml-3-150x150.jpg 150w, https:\/\/www.alovey.com\/wp-content\/uploads\/2025\/12\/OEM-Cute-Heart-Top-Lip-Gloss-Tube-6ml-3-12x12.jpg 12w, https:\/\/www.alovey.com\/wp-content\/uploads\/2025\/12\/OEM-Cute-Heart-Top-Lip-Gloss-Tube-6ml-3-600x600.jpg 600w, https:\/\/www.alovey.com\/wp-content\/uploads\/2025\/12\/OEM-Cute-Heart-Top-Lip-Gloss-Tube-6ml-3-100x100.jpg 100w\" sizes=\"(max-width: 750px) 100vw, 750px\" \/><\/p>\n<p><img loading=\"lazy\" decoding=\"async\" class=\"size-full wp-image-12267\" src=\"https:\/\/www.alovey.com\/wp-content\/uploads\/2025\/12\/OEM-Cute-Heart-Top-Lip-Gloss-Tube-6ml-2.jpg\" alt=\"heart lip gloss tubes\" width=\"750\" height=\"750\" srcset=\"https:\/\/www.alovey.com\/wp-content\/uploads\/2025\/12\/OEM-Cute-Heart-Top-Lip-Gloss-Tube-6ml-2.jpg 750w, https:\/\/www.alovey.com\/wp-content\/uploads\/2025\/12\/OEM-Cute-Heart-Top-Lip-Gloss-Tube-6ml-2-300x300.jpg 300w, https:\/\/www.alovey.com\/wp-content\/uploads\/2025\/12\/OEM-Cute-Heart-Top-Lip-Gloss-Tube-6ml-2-150x150.jpg 150w, https:\/\/www.alovey.com\/wp-content\/uploads\/2025\/12\/OEM-Cute-Heart-Top-Lip-Gloss-Tube-6ml-2-12x12.jpg 12w, https:\/\/www.alovey.com\/wp-content\/uploads\/2025\/12\/OEM-Cute-Heart-Top-Lip-Gloss-Tube-6ml-2-600x600.jpg 600w, https:\/\/www.alovey.com\/wp-content\/uploads\/2025\/12\/OEM-Cute-Heart-Top-Lip-Gloss-Tube-6ml-2-100x100.jpg 100w\" sizes=\"(max-width: 750px) 100vw, 750px\" \/><\/p>\n<p><img loading=\"lazy\" decoding=\"async\" class=\"size-full wp-image-12272\" src=\"https:\/\/www.alovey.com\/wp-content\/uploads\/2025\/12\/OEM-Cute-Heart-Top-Lip-Gloss-Tube-6ml-7.jpg\" alt=\"heart lip gloss tubes\" width=\"630\" height=\"630\" srcset=\"https:\/\/www.alovey.com\/wp-content\/uploads\/2025\/12\/OEM-Cute-Heart-Top-Lip-Gloss-Tube-6ml-7.jpg 630w, https:\/\/www.alovey.com\/wp-content\/uploads\/2025\/12\/OEM-Cute-Heart-Top-Lip-Gloss-Tube-6ml-7-300x300.jpg 300w, https:\/\/www.alovey.com\/wp-content\/uploads\/2025\/12\/OEM-Cute-Heart-Top-Lip-Gloss-Tube-6ml-7-150x150.jpg 150w, https:\/\/www.alovey.com\/wp-content\/uploads\/2025\/12\/OEM-Cute-Heart-Top-Lip-Gloss-Tube-6ml-7-12x12.jpg 12w, https:\/\/www.alovey.com\/wp-content\/uploads\/2025\/12\/OEM-Cute-Heart-Top-Lip-Gloss-Tube-6ml-7-600x600.jpg 600w, https:\/\/www.alovey.com\/wp-content\/uploads\/2025\/12\/OEM-Cute-Heart-Top-Lip-Gloss-Tube-6ml-7-100x100.jpg 100w\" sizes=\"(max-width: 630px) 100vw, 630px\" \/><\/p>\n<p><img loading=\"lazy\" decoding=\"async\" class=\"size-full wp-image-12271\" src=\"https:\/\/www.alovey.com\/wp-content\/uploads\/2025\/12\/OEM-Cute-Heart-Top-Lip-Gloss-Tube-6ml-6.jpg\" alt=\"heart lip gloss tubes\" width=\"630\" height=\"630\" srcset=\"https:\/\/www.alovey.com\/wp-content\/uploads\/2025\/12\/OEM-Cute-Heart-Top-Lip-Gloss-Tube-6ml-6.jpg 630w, https:\/\/www.alovey.com\/wp-content\/uploads\/2025\/12\/OEM-Cute-Heart-Top-Lip-Gloss-Tube-6ml-6-300x300.jpg 300w, https:\/\/www.alovey.com\/wp-content\/uploads\/2025\/12\/OEM-Cute-Heart-Top-Lip-Gloss-Tube-6ml-6-150x150.jpg 150w, https:\/\/www.alovey.com\/wp-content\/uploads\/2025\/12\/OEM-Cute-Heart-Top-Lip-Gloss-Tube-6ml-6-12x12.jpg 12w, https:\/\/www.alovey.com\/wp-content\/uploads\/2025\/12\/OEM-Cute-Heart-Top-Lip-Gloss-Tube-6ml-6-600x600.jpg 600w, https:\/\/www.alovey.com\/wp-content\/uploads\/2025\/12\/OEM-Cute-Heart-Top-Lip-Gloss-Tube-6ml-6-100x100.jpg 100w\" sizes=\"(max-width: 630px) 100vw, 630px\" \/><\/p>\n<p>&nbsp;<\/p>\n<p>&nbsp;<\/p>\n<p>&nbsp;<\/p>\n<p>&nbsp;<\/p>\n<p>&nbsp;<\/p>\n<p>&nbsp;<\/p>\n<p>&nbsp;<\/p>\n<p>&nbsp;<\/p>\n<p>&nbsp;<\/p>\n<p>&nbsp;<\/p>\n<p>&nbsp;<\/p>\n<p>&nbsp;<\/p>\n<p>&nbsp;<\/p>\n<p>&nbsp;<\/p>\n<p>&nbsp;<\/p>\n<p>&nbsp;<\/p>\n<p>&nbsp;<\/p>\n<p>&nbsp;<\/p>\n<p>&nbsp;<\/p>\n<p>&nbsp;<\/p>\n<p>&nbsp;<\/p>\n<p>&nbsp;<\/p>\n<p>&nbsp;<\/p>\n<p>&nbsp;<\/p>\n<p>&nbsp;<\/p>\n<p>&nbsp;<\/p>\n<p>&nbsp;<\/p>\n<p>&nbsp;<\/p>\n<p>&nbsp;<\/p>\n<p>&nbsp;<\/p>\n<p>&nbsp;<\/p>\n<p>&nbsp;<\/p>\n<p>&nbsp;<\/p>\n<p>&nbsp;<\/p>\n<p>&nbsp;<\/p>\n<p>&nbsp;<\/p>\n<p>&nbsp;<\/p>\n<p>&nbsp;<\/p>\n<p>&nbsp;<\/p>\n<p>&nbsp;<\/p>\n<p>&nbsp;<\/p>\n<p>&nbsp;<\/p>\n<p>&nbsp;<\/p>\n<p>&nbsp;<\/p>\n<p>&nbsp;<\/p>\n<p>&nbsp;<\/p>\n<p>&nbsp;<\/p>\n<p>&nbsp;<\/p>\n<p>&nbsp;<\/p>\n<p>&nbsp;<\/p>\n<p>&nbsp;<\/p>\n<p>&nbsp;<\/p>\n<p>&nbsp;<\/p>\n<p>&nbsp;<\/p>\n<p>&nbsp;<\/p>\n<p>&nbsp;<\/p>\n<p>&nbsp;<\/p>\n<p>&nbsp;<\/p>\n<p>&nbsp;<\/p>\n<p>&nbsp;<\/p>\n<p>&nbsp;<\/p>\n<p>&nbsp;<\/p>\n<p>&nbsp;<\/p>\n<p>&nbsp;<\/p>\n<p>&nbsp;<\/p>\n<p>&nbsp;<\/p>\n<p>&nbsp;<\/p>\n<p>&nbsp;<\/p>\n<p>&nbsp;<\/p>\n<p>&nbsp;<\/p>\n<p>&nbsp;<\/p>\n<p>&nbsp;<\/p>\n<p>&nbsp;<\/p>\n<p>&nbsp;<\/p>\n<p>&nbsp;<\/p>\n<p>&nbsp;<\/p>\n<p>&nbsp;<\/p>\n<p>&nbsp;<\/p>\n<p>&nbsp;<\/p>\n<p>&nbsp;<\/p>\n<p>&nbsp;<\/p>\n<p>&nbsp;<\/p>\n<p>&nbsp;<\/p>\n<p>&nbsp;<\/p>\n<p>&nbsp;<\/p>\n<p>&nbsp;<\/p>\n<p>&nbsp;<\/p>\n<p>&nbsp;<\/p>\n<p>&nbsp;<\/p>\n<p>&nbsp;<\/p>\n<p>&nbsp;<\/p>\n<p>&nbsp;<\/p>\n<p>&nbsp;<\/p>\n<p>&nbsp;<\/p>\n<p>&nbsp;<\/p>\n<p>&nbsp;<\/p>\n<p>&nbsp;<\/p>\n<p>&nbsp;<\/p>\n<p>&nbsp;<\/p>\n<p>&nbsp;<\/p>\n<p>&nbsp;<\/p>\n<p>&nbsp;<\/p>\n<p>&nbsp;<\/p>\n<p>&nbsp;<\/p>\n<p>&nbsp;<\/p>\n<p>&nbsp;<\/p>\n<p>&nbsp;<\/p>\n<p>&nbsp;<\/p>\n<p>&nbsp;<\/p>\n<p>&nbsp;<\/p>\n<p>&nbsp;<\/p>\n<p>&nbsp;<\/p>\n<p>&nbsp;<\/p>\n<p>&nbsp;<\/p>\n<p>&nbsp;<\/p>\n<p>&nbsp;<\/p>\n<p>&nbsp;<\/p>\n<p>&nbsp;<\/p>\n<p>&nbsp;<\/p>\n<p>&nbsp;<\/p>\n<p>&nbsp;<\/p>\n<p>&nbsp;<\/p>\n<p>&nbsp;<\/p>\n<p>&nbsp;<\/p>\n<p>&nbsp;<\/p>\n<p>&nbsp;<\/p>\n<p>&nbsp;<\/p>\n<p>&nbsp;<\/p>\n<p>&nbsp;<\/p>\n<p>&nbsp;<\/p>\n<p>&nbsp;<\/p>\n<p>&nbsp;<\/p>\n<p>&nbsp;<\/p>\n<p>&nbsp;<\/p>\n<p>&nbsp;<\/p>\n<p>&nbsp;<\/p>\n<p>&nbsp;<\/p>\n<p>&nbsp;<\/p>\n<p>&nbsp;<\/p>\n<p>&nbsp;<\/p>\n<p>&nbsp;<\/p>\n<p>&nbsp;<\/p>","protected":false},"excerpt":{"rendered":"<ul>\n<li>Item No: LG-0505C<\/li>\n<li>Mat\u00e9riau : Plastique<\/li>\n<li>Size:\u00a0D23.5*H97MM<\/li>\n<li>Capacity: 6ml<\/li>\n<li>Applications : Produits de beaut\u00e9<\/li>\n<li>MOQ : 12 000 pi\u00e8ces<\/li>\n<li>Couleur : couleur personnalis\u00e9e<\/li>\n<li>Surface treatment: Injection\/Matte\/Materialization\/UV coating<\/li>\n<li>Nom de marque : OEM\/ODM<\/li>\n<li>Logo : Logo du client<\/li>\n<li>Capacit\u00e9 de production : 100 000 pi\u00e8ces par mois<\/li>\n<\/ul>","protected":false},"featured_media":12269,"template":"","meta":{"_acf_changed":false},"product_brand":[],"product_cat":[372],"product_tag":[457,447,388,451],"class_list":{"0":"post-12266","1":"product","2":"type-product","3":"status-publish","4":"has-post-thumbnail","6":"product_cat-lipgloss-tube","7":"product_tag-large-lip-gloss-tube","8":"product_tag-lip-gel-tube","9":"product_tag-lip-gloss-tube","10":"product_tag-unique-lip-gloss-tube","12":"first","13":"instock","14":"shipping-taxable","15":"product-type-simple"},"acf":[],"yoast_head":"<!-- This site is optimized with the Yoast SEO plugin v24.1 - https:\/\/yoast.com\/wordpress\/plugins\/seo\/ -->\n<title>OEM Cute Heart Lip Gloss Tube 6ml<\/title>\n<meta name=\"description\" content=\"We welcome oem this heart lip gloss tube. Add a playful, romantic touch to your lip products with our OEM Cute Heart Top Lip Gloss Tube (6ml)\" \/>\n<meta name=\"robots\" content=\"index, follow, max-snippet:-1, max-image-preview:large, max-video-preview:-1\" \/>\n<link rel=\"canonical\" href=\"https:\/\/www.alovey.com\/fr\/produit\/oem-cute-heart-lip-gloss-tube-6ml\/\" \/>\n<meta property=\"og:locale\" content=\"fr_FR\" \/>\n<meta property=\"og:type\" content=\"article\" \/>\n<meta property=\"og:title\" content=\"OEM Cute Heart Lip Gloss Tube 6ml\" \/>\n<meta property=\"og:description\" content=\"We welcome oem this heart lip gloss tube. Add a playful, romantic touch to your lip products with our OEM Cute Heart Top Lip Gloss Tube (6ml)\" \/>\n<meta property=\"og:url\" content=\"https:\/\/www.alovey.com\/fr\/produit\/oem-cute-heart-lip-gloss-tube-6ml\/\" \/>\n<meta property=\"og:site_name\" content=\"Best Cosmetic Packaging Manufacture\" \/>\n<meta property=\"article:modified_time\" content=\"2025-12-23T03:03:36+00:00\" \/>\n<meta property=\"og:image\" content=\"https:\/\/www.alovey.com\/wp-content\/uploads\/2025\/12\/OEM-Cute-Heart-Top-Lip-Gloss-Tube-6ml-4.jpg\" \/>\n\t<meta property=\"og:image:width\" content=\"750\" \/>\n\t<meta property=\"og:image:height\" content=\"750\" \/>\n\t<meta property=\"og:image:type\" content=\"image\/jpeg\" \/>\n<meta name=\"twitter:card\" content=\"summary_large_image\" \/>\n<meta name=\"twitter:label1\" content=\"Dur\u00e9e de lecture estim\u00e9e\" \/>\n\t<meta name=\"twitter:data1\" content=\"3 minutes\" \/>\n<script type=\"application\/ld+json\" class=\"yoast-schema-graph\">{\"@context\":\"https:\/\/schema.org\",\"@graph\":[{\"@type\":\"WebPage\",\"@id\":\"https:\/\/www.alovey.com\/product\/oem-cute-heart-lip-gloss-tube-6ml\/\",\"url\":\"https:\/\/www.alovey.com\/product\/oem-cute-heart-lip-gloss-tube-6ml\/\",\"name\":\"OEM Cute Heart Lip Gloss Tube 6ml\",\"isPartOf\":{\"@id\":\"https:\/\/www.alovey.com\/#website\"},\"primaryImageOfPage\":{\"@id\":\"https:\/\/www.alovey.com\/product\/oem-cute-heart-lip-gloss-tube-6ml\/#primaryimage\"},\"image\":{\"@id\":\"https:\/\/www.alovey.com\/product\/oem-cute-heart-lip-gloss-tube-6ml\/#primaryimage\"},\"thumbnailUrl\":\"https:\/\/www.alovey.com\/wp-content\/uploads\/2025\/12\/OEM-Cute-Heart-Top-Lip-Gloss-Tube-6ml-4.jpg\",\"datePublished\":\"2025-12-23T02:11:43+00:00\",\"dateModified\":\"2025-12-23T03:03:36+00:00\",\"description\":\"We welcome oem this heart lip gloss tube. Add a playful, romantic touch to your lip products with our OEM Cute Heart Top Lip Gloss Tube (6ml)\",\"breadcrumb\":{\"@id\":\"https:\/\/www.alovey.com\/product\/oem-cute-heart-lip-gloss-tube-6ml\/#breadcrumb\"},\"inLanguage\":\"fr-FR\",\"potentialAction\":[{\"@type\":\"ReadAction\",\"target\":[\"https:\/\/www.alovey.com\/product\/oem-cute-heart-lip-gloss-tube-6ml\/\"]}]},{\"@type\":\"ImageObject\",\"inLanguage\":\"fr-FR\",\"@id\":\"https:\/\/www.alovey.com\/product\/oem-cute-heart-lip-gloss-tube-6ml\/#primaryimage\",\"url\":\"https:\/\/www.alovey.com\/wp-content\/uploads\/2025\/12\/OEM-Cute-Heart-Top-Lip-Gloss-Tube-6ml-4.jpg\",\"contentUrl\":\"https:\/\/www.alovey.com\/wp-content\/uploads\/2025\/12\/OEM-Cute-Heart-Top-Lip-Gloss-Tube-6ml-4.jpg\",\"width\":750,\"height\":750,\"caption\":\"OEM Cute Heart Top Lip Gloss Tube 6ml\"},{\"@type\":\"BreadcrumbList\",\"@id\":\"https:\/\/www.alovey.com\/product\/oem-cute-heart-lip-gloss-tube-6ml\/#breadcrumb\",\"itemListElement\":[{\"@type\":\"ListItem\",\"position\":1,\"name\":\"\u9996\u9875\",\"item\":\"https:\/\/www.alovey.com\/\"},{\"@type\":\"ListItem\",\"position\":2,\"name\":\"Products\",\"item\":\"https:\/\/www.alovey.com\/products\/\"},{\"@type\":\"ListItem\",\"position\":3,\"name\":\"OEM Cute Heart Top Lip Gloss Tube 6ml\"}]},{\"@type\":\"WebSite\",\"@id\":\"https:\/\/www.alovey.com\/#website\",\"url\":\"https:\/\/www.alovey.com\/\",\"name\":\"Best Cosmetic Packaging Manufacture\",\"description\":\"Alovey Cosmetic Packaging Co.,Ltd\",\"publisher\":{\"@id\":\"https:\/\/www.alovey.com\/#organization\"},\"potentialAction\":[{\"@type\":\"SearchAction\",\"target\":{\"@type\":\"EntryPoint\",\"urlTemplate\":\"https:\/\/www.alovey.com\/?s={search_term_string}\"},\"query-input\":{\"@type\":\"PropertyValueSpecification\",\"valueRequired\":true,\"valueName\":\"search_term_string\"}}],\"inLanguage\":\"fr-FR\"},{\"@type\":\"Organization\",\"@id\":\"https:\/\/www.alovey.com\/#organization\",\"name\":\"Best Cosmetic Packaging Manufacture\",\"url\":\"https:\/\/www.alovey.com\/\",\"logo\":{\"@type\":\"ImageObject\",\"inLanguage\":\"fr-FR\",\"@id\":\"https:\/\/www.alovey.com\/#\/schema\/logo\/image\/\",\"url\":\"https:\/\/www.alovey.com\/wp-content\/uploads\/2023\/03\/logo.png\",\"contentUrl\":\"https:\/\/www.alovey.com\/wp-content\/uploads\/2023\/03\/logo.png\",\"width\":505,\"height\":180,\"caption\":\"Best  Cosmetic Packaging Manufacture\"},\"image\":{\"@id\":\"https:\/\/www.alovey.com\/#\/schema\/logo\/image\/\"}}]}<\/script>\n<!-- \/ Yoast SEO plugin. -->","yoast_head_json":{"title":"OEM Cute Heart Lip Gloss Tube 6ml","description":"We welcome oem this heart lip gloss tube. Add a playful, romantic touch to your lip products with our OEM Cute Heart Top Lip Gloss Tube (6ml)","robots":{"index":"index","follow":"follow","max-snippet":"max-snippet:-1","max-image-preview":"max-image-preview:large","max-video-preview":"max-video-preview:-1"},"canonical":"https:\/\/www.alovey.com\/fr\/produit\/oem-cute-heart-lip-gloss-tube-6ml\/","og_locale":"fr_FR","og_type":"article","og_title":"OEM Cute Heart Lip Gloss Tube 6ml","og_description":"We welcome oem this heart lip gloss tube. Add a playful, romantic touch to your lip products with our OEM Cute Heart Top Lip Gloss Tube (6ml)","og_url":"https:\/\/www.alovey.com\/fr\/produit\/oem-cute-heart-lip-gloss-tube-6ml\/","og_site_name":"Best Cosmetic Packaging Manufacture","article_modified_time":"2025-12-23T03:03:36+00:00","og_image":[{"width":750,"height":750,"url":"https:\/\/www.alovey.com\/wp-content\/uploads\/2025\/12\/OEM-Cute-Heart-Top-Lip-Gloss-Tube-6ml-4.jpg","type":"image\/jpeg"}],"twitter_card":"summary_large_image","twitter_misc":{"Dur\u00e9e de lecture estim\u00e9e":"3 minutes"},"schema":{"@context":"https:\/\/schema.org","@graph":[{"@type":"WebPage","@id":"https:\/\/www.alovey.com\/product\/oem-cute-heart-lip-gloss-tube-6ml\/","url":"https:\/\/www.alovey.com\/product\/oem-cute-heart-lip-gloss-tube-6ml\/","name":"OEM Cute Heart Lip Gloss Tube 6ml","isPartOf":{"@id":"https:\/\/www.alovey.com\/#website"},"primaryImageOfPage":{"@id":"https:\/\/www.alovey.com\/product\/oem-cute-heart-lip-gloss-tube-6ml\/#primaryimage"},"image":{"@id":"https:\/\/www.alovey.com\/product\/oem-cute-heart-lip-gloss-tube-6ml\/#primaryimage"},"thumbnailUrl":"https:\/\/www.alovey.com\/wp-content\/uploads\/2025\/12\/OEM-Cute-Heart-Top-Lip-Gloss-Tube-6ml-4.jpg","datePublished":"2025-12-23T02:11:43+00:00","dateModified":"2025-12-23T03:03:36+00:00","description":"We welcome oem this heart lip gloss tube. Add a playful, romantic touch to your lip products with our OEM Cute Heart Top Lip Gloss Tube (6ml)","breadcrumb":{"@id":"https:\/\/www.alovey.com\/product\/oem-cute-heart-lip-gloss-tube-6ml\/#breadcrumb"},"inLanguage":"fr-FR","potentialAction":[{"@type":"ReadAction","target":["https:\/\/www.alovey.com\/product\/oem-cute-heart-lip-gloss-tube-6ml\/"]}]},{"@type":"ImageObject","inLanguage":"fr-FR","@id":"https:\/\/www.alovey.com\/product\/oem-cute-heart-lip-gloss-tube-6ml\/#primaryimage","url":"https:\/\/www.alovey.com\/wp-content\/uploads\/2025\/12\/OEM-Cute-Heart-Top-Lip-Gloss-Tube-6ml-4.jpg","contentUrl":"https:\/\/www.alovey.com\/wp-content\/uploads\/2025\/12\/OEM-Cute-Heart-Top-Lip-Gloss-Tube-6ml-4.jpg","width":750,"height":750,"caption":"OEM Cute Heart Top Lip Gloss Tube 6ml"},{"@type":"BreadcrumbList","@id":"https:\/\/www.alovey.com\/product\/oem-cute-heart-lip-gloss-tube-6ml\/#breadcrumb","itemListElement":[{"@type":"ListItem","position":1,"name":"\u9996\u9875","item":"https:\/\/www.alovey.com\/"},{"@type":"ListItem","position":2,"name":"Products","item":"https:\/\/www.alovey.com\/products\/"},{"@type":"ListItem","position":3,"name":"OEM Cute Heart Top Lip Gloss Tube 6ml"}]},{"@type":"WebSite","@id":"https:\/\/www.alovey.com\/#website","url":"https:\/\/www.alovey.com\/","name":"Best Cosmetic Packaging Manufacture","description":"Alovey Cosmetic Packaging Co.,Ltd","publisher":{"@id":"https:\/\/www.alovey.com\/#organization"},"potentialAction":[{"@type":"SearchAction","target":{"@type":"EntryPoint","urlTemplate":"https:\/\/www.alovey.com\/?s={search_term_string}"},"query-input":{"@type":"PropertyValueSpecification","valueRequired":true,"valueName":"search_term_string"}}],"inLanguage":"fr-FR"},{"@type":"Organization","@id":"https:\/\/www.alovey.com\/#organization","name":"Best Cosmetic Packaging Manufacture","url":"https:\/\/www.alovey.com\/","logo":{"@type":"ImageObject","inLanguage":"fr-FR","@id":"https:\/\/www.alovey.com\/#\/schema\/logo\/image\/","url":"https:\/\/www.alovey.com\/wp-content\/uploads\/2023\/03\/logo.png","contentUrl":"https:\/\/www.alovey.com\/wp-content\/uploads\/2023\/03\/logo.png","width":505,"height":180,"caption":"Best  Cosmetic Packaging Manufacture"},"image":{"@id":"https:\/\/www.alovey.com\/#\/schema\/logo\/image\/"}}]}},"_links":{"self":[{"href":"https:\/\/www.alovey.com\/fr\/wp-json\/wp\/v2\/product\/12266"}],"collection":[{"href":"https:\/\/www.alovey.com\/fr\/wp-json\/wp\/v2\/product"}],"about":[{"href":"https:\/\/www.alovey.com\/fr\/wp-json\/wp\/v2\/types\/product"}],"wp:featuredmedia":[{"embeddable":true,"href":"https:\/\/www.alovey.com\/fr\/wp-json\/wp\/v2\/media\/12269"}],"wp:attachment":[{"href":"https:\/\/www.alovey.com\/fr\/wp-json\/wp\/v2\/media?parent=12266"}],"wp:term":[{"taxonomy":"product_brand","embeddable":true,"href":"https:\/\/www.alovey.com\/fr\/wp-json\/wp\/v2\/product_brand?post=12266"},{"taxonomy":"product_cat","embeddable":true,"href":"https:\/\/www.alovey.com\/fr\/wp-json\/wp\/v2\/product_cat?post=12266"},{"taxonomy":"product_tag","embeddable":true,"href":"https:\/\/www.alovey.com\/fr\/wp-json\/wp\/v2\/product_tag?post=12266"}],"curies":[{"name":"wp","href":"https:\/\/api.w.org\/{rel}","templated":true}]}}