{"id":12232,"date":"2025-12-16T02:36:15","date_gmt":"2025-12-16T02:36:15","guid":{"rendered":"https:\/\/www.alovey.com\/?post_type=product&#038;p=12232"},"modified":"2025-12-16T02:42:49","modified_gmt":"2025-12-16T02:42:49","slug":"private-label-2-in-1-best-eyeshadow-palette","status":"publish","type":"product","link":"https:\/\/www.alovey.com\/fr\/produit\/private-label-2-in-1-best-eyeshadow-palette\/","title":{"rendered":"Private Label 2 in 1 Best Eyeshadow\u2002Palette"},"content":{"rendered":"<p><strong>This private label 2-in-1 best eyeshadow palette\u00a0features a sleek rectangular compact\u00a0with a round inner pan, combining modern aesthetics with practical functionality. Designed for versatility, it can be used as a single eyeshadow, highlighter, or blush, making it ideal for everyday makeup and travel-friendly collections.<\/strong><\/p>\n<p><strong>Key Features<\/strong><\/p>\n<p><strong>2-in-1 Functional Design: One compact suitable for eyeshadow, blush, or highlighting formulas<\/strong><\/p>\n<p><strong>Rectangle Outer Case + Round Pan: Clean, minimalist look with excellent powder compatibility<\/strong><\/p>\n<p><strong>Compact &amp; Portable: Slim profile, easy to carry in handbags or cosmetic pouches<\/strong><\/p>\n<p><strong>Durable Construction: Protects pressed powder from cracking during transport<\/strong><\/p>\n<p><strong>Private Label Ready: Custom colors, logo printing, surface finishes, and pan sizes available<\/strong><\/p>\n<p><strong>Benefits for Brands<\/strong><\/p>\n<p><strong>Ideal for mix-and-match shade programs\u00a0and curated collections<\/strong><\/p>\n<p><strong>Perfect for private label, OEM &amp; ODM\u00a0beauty brands<\/strong><\/p>\n<p><strong>Helps create a premium yet cost-effective\u00a0product line<\/strong><\/p>\n<p><strong>\u00a0A smart packaging choice that balances design, performance, and customization, helping your eyeshadow products stand out on shelves and online.<\/strong><\/p>\n<p><strong>Alovey, fabricant professionnel chinois d'emballages cosm\u00e9tiques, produit une gamme exquise d'emballages cosm\u00e9tiques personnalis\u00e9s, m\u00e9ticuleusement con\u00e7us pour rehausser votre marque. Notre s\u00e9lection vari\u00e9e de mat\u00e9riaux de premi\u00e8re qualit\u00e9, associ\u00e9e \u00e0 des techniques de finition de surface d\u00e9licates telles que la s\u00e9rigraphie, l'estampage \u00e0 chaud et la pulv\u00e9risation mate, fait de chaque emballage un chef-d'\u0153uvre unique.<\/strong><\/p>\n<p><img fetchpriority=\"high\" decoding=\"async\" class=\"size-full wp-image-12239\" src=\"https:\/\/www.alovey.com\/wp-content\/uploads\/2025\/12\/Private-Label-2-in-1-Best-Eyeshadow\u2002Palette-4.jpg\" alt=\"best eyeshadow palette\" width=\"750\" height=\"750\" srcset=\"https:\/\/www.alovey.com\/wp-content\/uploads\/2025\/12\/Private-Label-2-in-1-Best-Eyeshadow\u2002Palette-4.jpg 750w, https:\/\/www.alovey.com\/wp-content\/uploads\/2025\/12\/Private-Label-2-in-1-Best-Eyeshadow\u2002Palette-4-300x300.jpg 300w, https:\/\/www.alovey.com\/wp-content\/uploads\/2025\/12\/Private-Label-2-in-1-Best-Eyeshadow\u2002Palette-4-150x150.jpg 150w, https:\/\/www.alovey.com\/wp-content\/uploads\/2025\/12\/Private-Label-2-in-1-Best-Eyeshadow\u2002Palette-4-12x12.jpg 12w, https:\/\/www.alovey.com\/wp-content\/uploads\/2025\/12\/Private-Label-2-in-1-Best-Eyeshadow\u2002Palette-4-600x600.jpg 600w, https:\/\/www.alovey.com\/wp-content\/uploads\/2025\/12\/Private-Label-2-in-1-Best-Eyeshadow\u2002Palette-4-100x100.jpg 100w\" sizes=\"(max-width: 750px) 100vw, 750px\" \/> <img decoding=\"async\" class=\"size-full wp-image-12238\" src=\"https:\/\/www.alovey.com\/wp-content\/uploads\/2025\/12\/Private-Label-2-in-1-Best-Eyeshadow\u2002Palette-3.jpg\" alt=\"best eyeshadow palette\" width=\"750\" height=\"750\" srcset=\"https:\/\/www.alovey.com\/wp-content\/uploads\/2025\/12\/Private-Label-2-in-1-Best-Eyeshadow\u2002Palette-3.jpg 750w, https:\/\/www.alovey.com\/wp-content\/uploads\/2025\/12\/Private-Label-2-in-1-Best-Eyeshadow\u2002Palette-3-300x300.jpg 300w, https:\/\/www.alovey.com\/wp-content\/uploads\/2025\/12\/Private-Label-2-in-1-Best-Eyeshadow\u2002Palette-3-150x150.jpg 150w, https:\/\/www.alovey.com\/wp-content\/uploads\/2025\/12\/Private-Label-2-in-1-Best-Eyeshadow\u2002Palette-3-12x12.jpg 12w, https:\/\/www.alovey.com\/wp-content\/uploads\/2025\/12\/Private-Label-2-in-1-Best-Eyeshadow\u2002Palette-3-600x600.jpg 600w, https:\/\/www.alovey.com\/wp-content\/uploads\/2025\/12\/Private-Label-2-in-1-Best-Eyeshadow\u2002Palette-3-100x100.jpg 100w\" sizes=\"(max-width: 750px) 100vw, 750px\" \/> <img decoding=\"async\" class=\"size-full wp-image-12237\" src=\"https:\/\/www.alovey.com\/wp-content\/uploads\/2025\/12\/Private-Label-2-in-1-Best-Eyeshadow\u2002Palette-2.jpg\" alt=\"best eyeshadow palette\" width=\"750\" height=\"750\" srcset=\"https:\/\/www.alovey.com\/wp-content\/uploads\/2025\/12\/Private-Label-2-in-1-Best-Eyeshadow\u2002Palette-2.jpg 750w, https:\/\/www.alovey.com\/wp-content\/uploads\/2025\/12\/Private-Label-2-in-1-Best-Eyeshadow\u2002Palette-2-300x300.jpg 300w, https:\/\/www.alovey.com\/wp-content\/uploads\/2025\/12\/Private-Label-2-in-1-Best-Eyeshadow\u2002Palette-2-150x150.jpg 150w, https:\/\/www.alovey.com\/wp-content\/uploads\/2025\/12\/Private-Label-2-in-1-Best-Eyeshadow\u2002Palette-2-12x12.jpg 12w, https:\/\/www.alovey.com\/wp-content\/uploads\/2025\/12\/Private-Label-2-in-1-Best-Eyeshadow\u2002Palette-2-600x600.jpg 600w, https:\/\/www.alovey.com\/wp-content\/uploads\/2025\/12\/Private-Label-2-in-1-Best-Eyeshadow\u2002Palette-2-100x100.jpg 100w\" sizes=\"(max-width: 750px) 100vw, 750px\" \/> <img loading=\"lazy\" decoding=\"async\" class=\"size-full wp-image-12235\" src=\"https:\/\/www.alovey.com\/wp-content\/uploads\/2025\/12\/Private-Label-2-in-1-Best-Eyeshadow\u2002Palette-7.jpg\" alt=\"best eyeshadow palette\" width=\"750\" height=\"750\" srcset=\"https:\/\/www.alovey.com\/wp-content\/uploads\/2025\/12\/Private-Label-2-in-1-Best-Eyeshadow\u2002Palette-7.jpg 750w, https:\/\/www.alovey.com\/wp-content\/uploads\/2025\/12\/Private-Label-2-in-1-Best-Eyeshadow\u2002Palette-7-300x300.jpg 300w, https:\/\/www.alovey.com\/wp-content\/uploads\/2025\/12\/Private-Label-2-in-1-Best-Eyeshadow\u2002Palette-7-150x150.jpg 150w, https:\/\/www.alovey.com\/wp-content\/uploads\/2025\/12\/Private-Label-2-in-1-Best-Eyeshadow\u2002Palette-7-12x12.jpg 12w, https:\/\/www.alovey.com\/wp-content\/uploads\/2025\/12\/Private-Label-2-in-1-Best-Eyeshadow\u2002Palette-7-600x600.jpg 600w, https:\/\/www.alovey.com\/wp-content\/uploads\/2025\/12\/Private-Label-2-in-1-Best-Eyeshadow\u2002Palette-7-100x100.jpg 100w\" sizes=\"(max-width: 750px) 100vw, 750px\" \/> <img loading=\"lazy\" decoding=\"async\" class=\"size-full wp-image-12233\" src=\"https:\/\/www.alovey.com\/wp-content\/uploads\/2025\/12\/Private-Label-2-in-1-Best-Eyeshadow\u2002Palette-5.jpg\" alt=\"best eyeshadow palette\" width=\"750\" height=\"750\" srcset=\"https:\/\/www.alovey.com\/wp-content\/uploads\/2025\/12\/Private-Label-2-in-1-Best-Eyeshadow\u2002Palette-5.jpg 750w, https:\/\/www.alovey.com\/wp-content\/uploads\/2025\/12\/Private-Label-2-in-1-Best-Eyeshadow\u2002Palette-5-300x300.jpg 300w, https:\/\/www.alovey.com\/wp-content\/uploads\/2025\/12\/Private-Label-2-in-1-Best-Eyeshadow\u2002Palette-5-150x150.jpg 150w, https:\/\/www.alovey.com\/wp-content\/uploads\/2025\/12\/Private-Label-2-in-1-Best-Eyeshadow\u2002Palette-5-12x12.jpg 12w, https:\/\/www.alovey.com\/wp-content\/uploads\/2025\/12\/Private-Label-2-in-1-Best-Eyeshadow\u2002Palette-5-600x600.jpg 600w, https:\/\/www.alovey.com\/wp-content\/uploads\/2025\/12\/Private-Label-2-in-1-Best-Eyeshadow\u2002Palette-5-100x100.jpg 100w\" sizes=\"(max-width: 750px) 100vw, 750px\" \/> <img loading=\"lazy\" decoding=\"async\" class=\"size-full wp-image-12234\" src=\"https:\/\/www.alovey.com\/wp-content\/uploads\/2025\/12\/Private-Label-2-in-1-Best-Eyeshadow\u2002Palette-6.jpg\" alt=\"best eyeshadow palette\" width=\"630\" height=\"630\" srcset=\"https:\/\/www.alovey.com\/wp-content\/uploads\/2025\/12\/Private-Label-2-in-1-Best-Eyeshadow\u2002Palette-6.jpg 630w, https:\/\/www.alovey.com\/wp-content\/uploads\/2025\/12\/Private-Label-2-in-1-Best-Eyeshadow\u2002Palette-6-300x300.jpg 300w, https:\/\/www.alovey.com\/wp-content\/uploads\/2025\/12\/Private-Label-2-in-1-Best-Eyeshadow\u2002Palette-6-150x150.jpg 150w, https:\/\/www.alovey.com\/wp-content\/uploads\/2025\/12\/Private-Label-2-in-1-Best-Eyeshadow\u2002Palette-6-12x12.jpg 12w, https:\/\/www.alovey.com\/wp-content\/uploads\/2025\/12\/Private-Label-2-in-1-Best-Eyeshadow\u2002Palette-6-600x600.jpg 600w, https:\/\/www.alovey.com\/wp-content\/uploads\/2025\/12\/Private-Label-2-in-1-Best-Eyeshadow\u2002Palette-6-100x100.jpg 100w\" sizes=\"(max-width: 630px) 100vw, 630px\" \/><\/p>\n<p>&nbsp;<\/p>\n<p>&nbsp;<\/p>\n<p>&nbsp;<\/p>\n<p>&nbsp;<\/p>\n<p>&nbsp;<\/p>\n<p>&nbsp;<\/p>\n<p>&nbsp;<\/p>\n<p>&nbsp;<\/p>\n<p>&nbsp;<\/p>\n<p>&nbsp;<\/p>\n<p>&nbsp;<\/p>\n<p>&nbsp;<\/p>\n<p>&nbsp;<\/p>\n<p>&nbsp;<\/p>\n<p>&nbsp;<\/p>\n<p>&nbsp;<\/p>\n<p>&nbsp;<\/p>\n<p>&nbsp;<\/p>\n<p>&nbsp;<\/p>\n<p>&nbsp;<\/p>\n<p>&nbsp;<\/p>\n<p>&nbsp;<\/p>\n<p>&nbsp;<\/p>\n<p>&nbsp;<\/p>\n<p>&nbsp;<\/p>\n<p>&nbsp;<\/p>\n<p>&nbsp;<\/p>\n<p>&nbsp;<\/p>\n<p>&nbsp;<\/p>\n<p>&nbsp;<\/p>\n<p>&nbsp;<\/p>\n<p>&nbsp;<\/p>\n<p>&nbsp;<\/p>\n<p>&nbsp;<\/p>\n<p>&nbsp;<\/p>\n<p>&nbsp;<\/p>\n<p>&nbsp;<\/p>\n<p>&nbsp;<\/p>\n<p>&nbsp;<\/p>\n<p>&nbsp;<\/p>\n<p>&nbsp;<\/p>\n<p>&nbsp;<\/p>\n<p>&nbsp;<\/p>\n<p>&nbsp;<\/p>\n<p>&nbsp;<\/p>\n<p>&nbsp;<\/p>\n<p>&nbsp;<\/p>\n<p>&nbsp;<\/p>\n<p>&nbsp;<\/p>\n<p>&nbsp;<\/p>\n<p>&nbsp;<\/p>\n<p>&nbsp;<\/p>\n<p>&nbsp;<\/p>\n<p>&nbsp;<\/p>\n<p>&nbsp;<\/p>\n<p>&nbsp;<\/p>\n<p>&nbsp;<\/p>\n<p>&nbsp;<\/p>\n<p>&nbsp;<\/p>\n<p>&nbsp;<\/p>\n<p>&nbsp;<\/p>\n<p>&nbsp;<\/p>\n<p>&nbsp;<\/p>\n<p>&nbsp;<\/p>\n<p>&nbsp;<\/p>\n<p>&nbsp;<\/p>\n<p>&nbsp;<\/p>\n<p>&nbsp;<\/p>\n<p>&nbsp;<\/p>\n<p>&nbsp;<\/p>\n<p>&nbsp;<\/p>\n<p>&nbsp;<\/p>\n<p>&nbsp;<\/p>\n<p>&nbsp;<\/p>\n<p>&nbsp;<\/p>\n<p>&nbsp;<\/p>\n<p>&nbsp;<\/p>\n<p>&nbsp;<\/p>\n<p>&nbsp;<\/p>\n<p>&nbsp;<\/p>\n<p>&nbsp;<\/p>\n<p>&nbsp;<\/p>\n<p>&nbsp;<\/p>\n<p>&nbsp;<\/p>\n<p>&nbsp;<\/p>\n<p>&nbsp;<\/p>\n<p>&nbsp;<\/p>\n<p>&nbsp;<\/p>\n<p>&nbsp;<\/p>\n<p>&nbsp;<\/p>\n<p>&nbsp;<\/p>\n<p>&nbsp;<\/p>\n<p>&nbsp;<\/p>\n<p>&nbsp;<\/p>\n<p>&nbsp;<\/p>\n<p>&nbsp;<\/p>\n<p>&nbsp;<\/p>\n<p>&nbsp;<\/p>\n<p>&nbsp;<\/p>\n<p>&nbsp;<\/p>\n<p>&nbsp;<\/p>\n<p>&nbsp;<\/p>\n<p>&nbsp;<\/p>\n<p>&nbsp;<\/p>\n<p>&nbsp;<\/p>\n<p>&nbsp;<\/p>\n<p>&nbsp;<\/p>\n<p>&nbsp;<\/p>\n<p>&nbsp;<\/p>\n<p>&nbsp;<\/p>\n<p>&nbsp;<\/p>\n<p>&nbsp;<\/p>\n<p>&nbsp;<\/p>\n<p>&nbsp;<\/p>\n<p>&nbsp;<\/p>\n<p>&nbsp;<\/p>\n<p>&nbsp;<\/p>\n<p>&nbsp;<\/p>\n<p>&nbsp;<\/p>\n<p>&nbsp;<\/p>\n<p>&nbsp;<\/p>\n<p>&nbsp;<\/p>\n<p>&nbsp;<\/p>\n<p>&nbsp;<\/p>\n<p>&nbsp;<\/p>\n<p>&nbsp;<\/p>\n<p>&nbsp;<\/p>\n<p>&nbsp;<\/p>\n<p>&nbsp;<\/p>\n<p>&nbsp;<\/p>\n<p>&nbsp;<\/p>\n<p>&nbsp;<\/p>\n<p>&nbsp;<\/p>\n<p>&nbsp;<\/p>\n<p>&nbsp;<\/p>\n<p>&nbsp;<\/p>\n<p>&nbsp;<\/p>\n<p>&nbsp;<\/p>\n<p>&nbsp;<\/p>\n<p>&nbsp;<\/p>\n<p>&nbsp;<\/p>\n<p>&nbsp;<\/p>\n<p>&nbsp;<\/p>\n<p>&nbsp;<\/p>\n<p>&nbsp;<\/p>\n<p>&nbsp;<\/p>\n<p>&nbsp;<\/p>\n<p>&nbsp;<\/p>\n<p>&nbsp;<\/p>\n<p>&nbsp;<\/p>\n<p>&nbsp;<\/p>\n<p>&nbsp;<\/p>\n<p>&nbsp;<\/p>\n<p>&nbsp;<\/p>\n<p>&nbsp;<\/p>\n<p>&nbsp;<\/p>\n<p>&nbsp;<\/p>\n<p>&nbsp;<\/p>\n<p>&nbsp;<\/p>\n<p>&nbsp;<\/p>\n<p>&nbsp;<\/p>","protected":false},"excerpt":{"rendered":"<ul>\n<li>Item No: E-0536A<\/li>\n<li>Mat\u00e9riau : Plastique<\/li>\n<li>Size:\u00a0L68*36*H11mm(d23.5)<\/li>\n<li>Applications : Produits de beaut\u00e9<\/li>\n<li>MOQ : 12 000 pi\u00e8ces<\/li>\n<li>Couleur : couleur personnalis\u00e9e<\/li>\n<li>Surface treatment: Injection\/Matte\/Materialization\/UV coating<\/li>\n<li>Nom de marque : OEM\/ODM<\/li>\n<li>Logo : Logo du client<\/li>\n<li>Capacit\u00e9 de production : 100 000 pi\u00e8ces par mois<\/li>\n<\/ul>","protected":false},"featured_media":12237,"template":"","meta":{"_acf_changed":false},"product_brand":[],"product_cat":[380],"product_tag":[448,387],"class_list":{"0":"post-12232","1":"product","2":"type-product","3":"status-publish","4":"has-post-thumbnail","6":"product_cat-cosmetic-compact-powder-cases","7":"product_tag-2-in-1cosmetic-tube","8":"product_tag-compact-powder-case","10":"first","11":"instock","12":"shipping-taxable","13":"product-type-simple"},"acf":[],"yoast_head":"<!-- This site is optimized with the Yoast SEO plugin v24.1 - https:\/\/yoast.com\/wordpress\/plugins\/seo\/ -->\n<title>Private Label 2 in 1 Best Eyeshadow\u2002Palette<\/title>\n<meta name=\"description\" content=\"This private label 2-in-1 best eyeshadow palette features a sleek rectangular compact with a round inner pan, combining modern aesthetics with practical functionality.\" \/>\n<meta name=\"robots\" content=\"index, follow, max-snippet:-1, max-image-preview:large, max-video-preview:-1\" \/>\n<link rel=\"canonical\" href=\"https:\/\/www.alovey.com\/fr\/produit\/private-label-2-in-1-best-eyeshadow-palette\/\" \/>\n<meta property=\"og:locale\" content=\"fr_FR\" \/>\n<meta property=\"og:type\" content=\"article\" \/>\n<meta property=\"og:title\" content=\"Private Label 2 in 1 Best Eyeshadow\u2002Palette\" \/>\n<meta property=\"og:description\" content=\"This private label 2-in-1 best eyeshadow palette features a sleek rectangular compact with a round inner pan, combining modern aesthetics with practical functionality.\" \/>\n<meta property=\"og:url\" content=\"https:\/\/www.alovey.com\/fr\/produit\/private-label-2-in-1-best-eyeshadow-palette\/\" \/>\n<meta property=\"og:site_name\" content=\"Best Cosmetic Packaging Manufacture\" \/>\n<meta property=\"article:modified_time\" content=\"2025-12-16T02:42:49+00:00\" \/>\n<meta property=\"og:image\" content=\"https:\/\/www.alovey.com\/wp-content\/uploads\/2025\/12\/Private-Label-2-in-1-Best-Eyeshadow\u2002Palette-2.jpg\" \/>\n\t<meta property=\"og:image:width\" content=\"750\" \/>\n\t<meta property=\"og:image:height\" content=\"750\" \/>\n\t<meta property=\"og:image:type\" content=\"image\/jpeg\" \/>\n<meta name=\"twitter:card\" content=\"summary_large_image\" \/>\n<meta name=\"twitter:label1\" content=\"Dur\u00e9e de lecture estim\u00e9e\" \/>\n\t<meta name=\"twitter:data1\" content=\"3 minutes\" \/>\n<script type=\"application\/ld+json\" class=\"yoast-schema-graph\">{\"@context\":\"https:\/\/schema.org\",\"@graph\":[{\"@type\":\"WebPage\",\"@id\":\"https:\/\/www.alovey.com\/product\/private-label-2-in-1-best-eyeshadow-palette\/\",\"url\":\"https:\/\/www.alovey.com\/product\/private-label-2-in-1-best-eyeshadow-palette\/\",\"name\":\"Private Label 2 in 1 Best Eyeshadow\u2002Palette\",\"isPartOf\":{\"@id\":\"https:\/\/www.alovey.com\/#website\"},\"primaryImageOfPage\":{\"@id\":\"https:\/\/www.alovey.com\/product\/private-label-2-in-1-best-eyeshadow-palette\/#primaryimage\"},\"image\":{\"@id\":\"https:\/\/www.alovey.com\/product\/private-label-2-in-1-best-eyeshadow-palette\/#primaryimage\"},\"thumbnailUrl\":\"https:\/\/www.alovey.com\/wp-content\/uploads\/2025\/12\/Private-Label-2-in-1-Best-Eyeshadow\u2002Palette-2.jpg\",\"datePublished\":\"2025-12-16T02:36:15+00:00\",\"dateModified\":\"2025-12-16T02:42:49+00:00\",\"description\":\"This private label 2-in-1 best eyeshadow palette features a sleek rectangular compact with a round inner pan, combining modern aesthetics with practical functionality.\",\"breadcrumb\":{\"@id\":\"https:\/\/www.alovey.com\/product\/private-label-2-in-1-best-eyeshadow-palette\/#breadcrumb\"},\"inLanguage\":\"fr-FR\",\"potentialAction\":[{\"@type\":\"ReadAction\",\"target\":[\"https:\/\/www.alovey.com\/product\/private-label-2-in-1-best-eyeshadow-palette\/\"]}]},{\"@type\":\"ImageObject\",\"inLanguage\":\"fr-FR\",\"@id\":\"https:\/\/www.alovey.com\/product\/private-label-2-in-1-best-eyeshadow-palette\/#primaryimage\",\"url\":\"https:\/\/www.alovey.com\/wp-content\/uploads\/2025\/12\/Private-Label-2-in-1-Best-Eyeshadow\u2002Palette-2.jpg\",\"contentUrl\":\"https:\/\/www.alovey.com\/wp-content\/uploads\/2025\/12\/Private-Label-2-in-1-Best-Eyeshadow\u2002Palette-2.jpg\",\"width\":750,\"height\":750,\"caption\":\"best eyeshadow palette\"},{\"@type\":\"BreadcrumbList\",\"@id\":\"https:\/\/www.alovey.com\/product\/private-label-2-in-1-best-eyeshadow-palette\/#breadcrumb\",\"itemListElement\":[{\"@type\":\"ListItem\",\"position\":1,\"name\":\"\u9996\u9875\",\"item\":\"https:\/\/www.alovey.com\/\"},{\"@type\":\"ListItem\",\"position\":2,\"name\":\"Products\",\"item\":\"https:\/\/www.alovey.com\/products\/\"},{\"@type\":\"ListItem\",\"position\":3,\"name\":\"Private Label 2 in 1 Best Eyeshadow\u2002Palette\"}]},{\"@type\":\"WebSite\",\"@id\":\"https:\/\/www.alovey.com\/#website\",\"url\":\"https:\/\/www.alovey.com\/\",\"name\":\"Best Cosmetic Packaging Manufacture\",\"description\":\"Alovey Cosmetic Packaging Co.,Ltd\",\"publisher\":{\"@id\":\"https:\/\/www.alovey.com\/#organization\"},\"potentialAction\":[{\"@type\":\"SearchAction\",\"target\":{\"@type\":\"EntryPoint\",\"urlTemplate\":\"https:\/\/www.alovey.com\/?s={search_term_string}\"},\"query-input\":{\"@type\":\"PropertyValueSpecification\",\"valueRequired\":true,\"valueName\":\"search_term_string\"}}],\"inLanguage\":\"fr-FR\"},{\"@type\":\"Organization\",\"@id\":\"https:\/\/www.alovey.com\/#organization\",\"name\":\"Best Cosmetic Packaging Manufacture\",\"url\":\"https:\/\/www.alovey.com\/\",\"logo\":{\"@type\":\"ImageObject\",\"inLanguage\":\"fr-FR\",\"@id\":\"https:\/\/www.alovey.com\/#\/schema\/logo\/image\/\",\"url\":\"https:\/\/www.alovey.com\/wp-content\/uploads\/2023\/03\/logo.png\",\"contentUrl\":\"https:\/\/www.alovey.com\/wp-content\/uploads\/2023\/03\/logo.png\",\"width\":505,\"height\":180,\"caption\":\"Best  Cosmetic Packaging Manufacture\"},\"image\":{\"@id\":\"https:\/\/www.alovey.com\/#\/schema\/logo\/image\/\"}}]}<\/script>\n<!-- \/ Yoast SEO plugin. -->","yoast_head_json":{"title":"Private Label 2 in 1 Best Eyeshadow\u2002Palette","description":"This private label 2-in-1 best eyeshadow palette features a sleek rectangular compact with a round inner pan, combining modern aesthetics with practical functionality.","robots":{"index":"index","follow":"follow","max-snippet":"max-snippet:-1","max-image-preview":"max-image-preview:large","max-video-preview":"max-video-preview:-1"},"canonical":"https:\/\/www.alovey.com\/fr\/produit\/private-label-2-in-1-best-eyeshadow-palette\/","og_locale":"fr_FR","og_type":"article","og_title":"Private Label 2 in 1 Best Eyeshadow\u2002Palette","og_description":"This private label 2-in-1 best eyeshadow palette features a sleek rectangular compact with a round inner pan, combining modern aesthetics with practical functionality.","og_url":"https:\/\/www.alovey.com\/fr\/produit\/private-label-2-in-1-best-eyeshadow-palette\/","og_site_name":"Best Cosmetic Packaging Manufacture","article_modified_time":"2025-12-16T02:42:49+00:00","og_image":[{"width":750,"height":750,"url":"https:\/\/www.alovey.com\/wp-content\/uploads\/2025\/12\/Private-Label-2-in-1-Best-Eyeshadow\u2002Palette-2.jpg","type":"image\/jpeg"}],"twitter_card":"summary_large_image","twitter_misc":{"Dur\u00e9e de lecture estim\u00e9e":"3 minutes"},"schema":{"@context":"https:\/\/schema.org","@graph":[{"@type":"WebPage","@id":"https:\/\/www.alovey.com\/product\/private-label-2-in-1-best-eyeshadow-palette\/","url":"https:\/\/www.alovey.com\/product\/private-label-2-in-1-best-eyeshadow-palette\/","name":"Private Label 2 in 1 Best Eyeshadow\u2002Palette","isPartOf":{"@id":"https:\/\/www.alovey.com\/#website"},"primaryImageOfPage":{"@id":"https:\/\/www.alovey.com\/product\/private-label-2-in-1-best-eyeshadow-palette\/#primaryimage"},"image":{"@id":"https:\/\/www.alovey.com\/product\/private-label-2-in-1-best-eyeshadow-palette\/#primaryimage"},"thumbnailUrl":"https:\/\/www.alovey.com\/wp-content\/uploads\/2025\/12\/Private-Label-2-in-1-Best-Eyeshadow\u2002Palette-2.jpg","datePublished":"2025-12-16T02:36:15+00:00","dateModified":"2025-12-16T02:42:49+00:00","description":"This private label 2-in-1 best eyeshadow palette features a sleek rectangular compact with a round inner pan, combining modern aesthetics with practical functionality.","breadcrumb":{"@id":"https:\/\/www.alovey.com\/product\/private-label-2-in-1-best-eyeshadow-palette\/#breadcrumb"},"inLanguage":"fr-FR","potentialAction":[{"@type":"ReadAction","target":["https:\/\/www.alovey.com\/product\/private-label-2-in-1-best-eyeshadow-palette\/"]}]},{"@type":"ImageObject","inLanguage":"fr-FR","@id":"https:\/\/www.alovey.com\/product\/private-label-2-in-1-best-eyeshadow-palette\/#primaryimage","url":"https:\/\/www.alovey.com\/wp-content\/uploads\/2025\/12\/Private-Label-2-in-1-Best-Eyeshadow\u2002Palette-2.jpg","contentUrl":"https:\/\/www.alovey.com\/wp-content\/uploads\/2025\/12\/Private-Label-2-in-1-Best-Eyeshadow\u2002Palette-2.jpg","width":750,"height":750,"caption":"best eyeshadow palette"},{"@type":"BreadcrumbList","@id":"https:\/\/www.alovey.com\/product\/private-label-2-in-1-best-eyeshadow-palette\/#breadcrumb","itemListElement":[{"@type":"ListItem","position":1,"name":"\u9996\u9875","item":"https:\/\/www.alovey.com\/"},{"@type":"ListItem","position":2,"name":"Products","item":"https:\/\/www.alovey.com\/products\/"},{"@type":"ListItem","position":3,"name":"Private Label 2 in 1 Best Eyeshadow\u2002Palette"}]},{"@type":"WebSite","@id":"https:\/\/www.alovey.com\/#website","url":"https:\/\/www.alovey.com\/","name":"Best Cosmetic Packaging Manufacture","description":"Alovey Cosmetic Packaging Co.,Ltd","publisher":{"@id":"https:\/\/www.alovey.com\/#organization"},"potentialAction":[{"@type":"SearchAction","target":{"@type":"EntryPoint","urlTemplate":"https:\/\/www.alovey.com\/?s={search_term_string}"},"query-input":{"@type":"PropertyValueSpecification","valueRequired":true,"valueName":"search_term_string"}}],"inLanguage":"fr-FR"},{"@type":"Organization","@id":"https:\/\/www.alovey.com\/#organization","name":"Best Cosmetic Packaging Manufacture","url":"https:\/\/www.alovey.com\/","logo":{"@type":"ImageObject","inLanguage":"fr-FR","@id":"https:\/\/www.alovey.com\/#\/schema\/logo\/image\/","url":"https:\/\/www.alovey.com\/wp-content\/uploads\/2023\/03\/logo.png","contentUrl":"https:\/\/www.alovey.com\/wp-content\/uploads\/2023\/03\/logo.png","width":505,"height":180,"caption":"Best  Cosmetic Packaging Manufacture"},"image":{"@id":"https:\/\/www.alovey.com\/#\/schema\/logo\/image\/"}}]}},"_links":{"self":[{"href":"https:\/\/www.alovey.com\/fr\/wp-json\/wp\/v2\/product\/12232"}],"collection":[{"href":"https:\/\/www.alovey.com\/fr\/wp-json\/wp\/v2\/product"}],"about":[{"href":"https:\/\/www.alovey.com\/fr\/wp-json\/wp\/v2\/types\/product"}],"wp:featuredmedia":[{"embeddable":true,"href":"https:\/\/www.alovey.com\/fr\/wp-json\/wp\/v2\/media\/12237"}],"wp:attachment":[{"href":"https:\/\/www.alovey.com\/fr\/wp-json\/wp\/v2\/media?parent=12232"}],"wp:term":[{"taxonomy":"product_brand","embeddable":true,"href":"https:\/\/www.alovey.com\/fr\/wp-json\/wp\/v2\/product_brand?post=12232"},{"taxonomy":"product_cat","embeddable":true,"href":"https:\/\/www.alovey.com\/fr\/wp-json\/wp\/v2\/product_cat?post=12232"},{"taxonomy":"product_tag","embeddable":true,"href":"https:\/\/www.alovey.com\/fr\/wp-json\/wp\/v2\/product_tag?post=12232"}],"curies":[{"name":"wp","href":"https:\/\/api.w.org\/{rel}","templated":true}]}}