{"id":12171,"date":"2025-12-10T09:11:36","date_gmt":"2025-12-10T09:11:36","guid":{"rendered":"https:\/\/www.alovey.com\/?post_type=product&#038;p=12171"},"modified":"2025-12-10T09:26:03","modified_gmt":"2025-12-10T09:26:03","slug":"cute-carrot-shaped-bottom-filling-lip-balm-tube-for-kids","status":"publish","type":"product","link":"https:\/\/www.alovey.com\/fr\/produit\/cute-carrot-shaped-bottom-filling-lip-balm-tube-for-kids\/","title":{"rendered":"Cute Carrot Shaped Bottom Filling Lip Balm Tube for Kids"},"content":{"rendered":"<p><strong>This adorable carrot shaped lip balm tube is designed especially for children, featuring bottom filling for easy production and a secure, leakproof seal.<\/strong><\/p>\n<p><strong>Made \u00a0from thickened, non-toxic ABS material, it provides safe and durable chapstick packaging that kids will love.<\/strong><\/p>\n<p><strong>Perfect for fun lip balm lines or themed collections.<\/strong><\/p>\n<p><strong>Alovey produit une gamme exquise d'emballages cosm\u00e9tiques personnalis\u00e9s, m\u00e9ticuleusement con\u00e7us pour rehausser votre marque. Notre s\u00e9lection vari\u00e9e de mat\u00e9riaux de premi\u00e8re qualit\u00e9, associ\u00e9e \u00e0 des techniques de finition de surface d\u00e9licates telles que la s\u00e9rigraphie, le marquage \u00e0 chaud et la pulv\u00e9risation mate, fait de chaque emballage un chef-d'\u0153uvre unique.<\/strong><\/p>\n<figure id=\"attachment_12177\" aria-describedby=\"caption-attachment-12177\" style=\"width: 750px\" class=\"wp-caption alignnone\"><img fetchpriority=\"high\" decoding=\"async\" class=\"size-full wp-image-12177\" src=\"https:\/\/www.alovey.com\/wp-content\/uploads\/2025\/12\/Cute-Carrot-Shaped-Bottom-Filling-Lip-Balm-Tube-for-Kids-5.jpg\" alt=\"Lip balm tube\" width=\"750\" height=\"750\" srcset=\"https:\/\/www.alovey.com\/wp-content\/uploads\/2025\/12\/Cute-Carrot-Shaped-Bottom-Filling-Lip-Balm-Tube-for-Kids-5.jpg 750w, https:\/\/www.alovey.com\/wp-content\/uploads\/2025\/12\/Cute-Carrot-Shaped-Bottom-Filling-Lip-Balm-Tube-for-Kids-5-300x300.jpg 300w, https:\/\/www.alovey.com\/wp-content\/uploads\/2025\/12\/Cute-Carrot-Shaped-Bottom-Filling-Lip-Balm-Tube-for-Kids-5-150x150.jpg 150w, https:\/\/www.alovey.com\/wp-content\/uploads\/2025\/12\/Cute-Carrot-Shaped-Bottom-Filling-Lip-Balm-Tube-for-Kids-5-12x12.jpg 12w, https:\/\/www.alovey.com\/wp-content\/uploads\/2025\/12\/Cute-Carrot-Shaped-Bottom-Filling-Lip-Balm-Tube-for-Kids-5-600x600.jpg 600w, https:\/\/www.alovey.com\/wp-content\/uploads\/2025\/12\/Cute-Carrot-Shaped-Bottom-Filling-Lip-Balm-Tube-for-Kids-5-100x100.jpg 100w\" sizes=\"(max-width: 750px) 100vw, 750px\" \/><figcaption id=\"caption-attachment-12177\" class=\"wp-caption-text\">\u00a0<\/figcaption><\/figure>\n<figure id=\"attachment_12176\" aria-describedby=\"caption-attachment-12176\" style=\"width: 750px\" class=\"wp-caption alignnone\"><img decoding=\"async\" class=\"size-full wp-image-12176\" src=\"https:\/\/www.alovey.com\/wp-content\/uploads\/2025\/12\/Cute-Carrot-Shaped-Bottom-Filling-Lip-Balm-Tube-for-Kids-1.jpg\" alt=\"Lip balm tube\" width=\"750\" height=\"750\" srcset=\"https:\/\/www.alovey.com\/wp-content\/uploads\/2025\/12\/Cute-Carrot-Shaped-Bottom-Filling-Lip-Balm-Tube-for-Kids-1.jpg 750w, https:\/\/www.alovey.com\/wp-content\/uploads\/2025\/12\/Cute-Carrot-Shaped-Bottom-Filling-Lip-Balm-Tube-for-Kids-1-300x300.jpg 300w, https:\/\/www.alovey.com\/wp-content\/uploads\/2025\/12\/Cute-Carrot-Shaped-Bottom-Filling-Lip-Balm-Tube-for-Kids-1-150x150.jpg 150w, https:\/\/www.alovey.com\/wp-content\/uploads\/2025\/12\/Cute-Carrot-Shaped-Bottom-Filling-Lip-Balm-Tube-for-Kids-1-12x12.jpg 12w, https:\/\/www.alovey.com\/wp-content\/uploads\/2025\/12\/Cute-Carrot-Shaped-Bottom-Filling-Lip-Balm-Tube-for-Kids-1-600x600.jpg 600w, https:\/\/www.alovey.com\/wp-content\/uploads\/2025\/12\/Cute-Carrot-Shaped-Bottom-Filling-Lip-Balm-Tube-for-Kids-1-100x100.jpg 100w\" sizes=\"(max-width: 750px) 100vw, 750px\" \/><figcaption id=\"caption-attachment-12176\" class=\"wp-caption-text\">\u00a0<\/figcaption><\/figure>\n<figure id=\"attachment_12175\" aria-describedby=\"caption-attachment-12175\" style=\"width: 750px\" class=\"wp-caption alignnone\"><img decoding=\"async\" class=\"size-full wp-image-12175\" src=\"https:\/\/www.alovey.com\/wp-content\/uploads\/2025\/12\/Cute-Carrot-Shaped-Bottom-Filling-Lip-Balm-Tube-for-Kids-8.jpg\" alt=\"Lip balm tube\" width=\"750\" height=\"750\" srcset=\"https:\/\/www.alovey.com\/wp-content\/uploads\/2025\/12\/Cute-Carrot-Shaped-Bottom-Filling-Lip-Balm-Tube-for-Kids-8.jpg 750w, https:\/\/www.alovey.com\/wp-content\/uploads\/2025\/12\/Cute-Carrot-Shaped-Bottom-Filling-Lip-Balm-Tube-for-Kids-8-300x300.jpg 300w, https:\/\/www.alovey.com\/wp-content\/uploads\/2025\/12\/Cute-Carrot-Shaped-Bottom-Filling-Lip-Balm-Tube-for-Kids-8-150x150.jpg 150w, https:\/\/www.alovey.com\/wp-content\/uploads\/2025\/12\/Cute-Carrot-Shaped-Bottom-Filling-Lip-Balm-Tube-for-Kids-8-12x12.jpg 12w, https:\/\/www.alovey.com\/wp-content\/uploads\/2025\/12\/Cute-Carrot-Shaped-Bottom-Filling-Lip-Balm-Tube-for-Kids-8-600x600.jpg 600w, https:\/\/www.alovey.com\/wp-content\/uploads\/2025\/12\/Cute-Carrot-Shaped-Bottom-Filling-Lip-Balm-Tube-for-Kids-8-100x100.jpg 100w\" sizes=\"(max-width: 750px) 100vw, 750px\" \/><figcaption id=\"caption-attachment-12175\" class=\"wp-caption-text\">\u00a0<\/figcaption><\/figure>\n<figure id=\"attachment_12174\" aria-describedby=\"caption-attachment-12174\" style=\"width: 750px\" class=\"wp-caption alignnone\"><img loading=\"lazy\" decoding=\"async\" class=\"size-full wp-image-12174\" src=\"https:\/\/www.alovey.com\/wp-content\/uploads\/2025\/12\/Cute-Carrot-Shaped-Bottom-Filling-Lip-Balm-Tube-for-Kids-7.jpg\" alt=\"Lip balm tube\" width=\"750\" height=\"750\" srcset=\"https:\/\/www.alovey.com\/wp-content\/uploads\/2025\/12\/Cute-Carrot-Shaped-Bottom-Filling-Lip-Balm-Tube-for-Kids-7.jpg 750w, https:\/\/www.alovey.com\/wp-content\/uploads\/2025\/12\/Cute-Carrot-Shaped-Bottom-Filling-Lip-Balm-Tube-for-Kids-7-300x300.jpg 300w, https:\/\/www.alovey.com\/wp-content\/uploads\/2025\/12\/Cute-Carrot-Shaped-Bottom-Filling-Lip-Balm-Tube-for-Kids-7-150x150.jpg 150w, https:\/\/www.alovey.com\/wp-content\/uploads\/2025\/12\/Cute-Carrot-Shaped-Bottom-Filling-Lip-Balm-Tube-for-Kids-7-12x12.jpg 12w, https:\/\/www.alovey.com\/wp-content\/uploads\/2025\/12\/Cute-Carrot-Shaped-Bottom-Filling-Lip-Balm-Tube-for-Kids-7-600x600.jpg 600w, https:\/\/www.alovey.com\/wp-content\/uploads\/2025\/12\/Cute-Carrot-Shaped-Bottom-Filling-Lip-Balm-Tube-for-Kids-7-100x100.jpg 100w\" sizes=\"(max-width: 750px) 100vw, 750px\" \/><figcaption id=\"caption-attachment-12174\" class=\"wp-caption-text\">\u00a0<\/figcaption><\/figure>\n<figure id=\"attachment_12173\" aria-describedby=\"caption-attachment-12173\" style=\"width: 750px\" class=\"wp-caption alignnone\"><img loading=\"lazy\" decoding=\"async\" class=\"size-full wp-image-12173\" src=\"https:\/\/www.alovey.com\/wp-content\/uploads\/2025\/12\/Cute-Carrot-Shaped-Bottom-Filling-Lip-Balm-Tube-for-Kids-6.jpg\" alt=\"Lip balm tube\" width=\"750\" height=\"750\" srcset=\"https:\/\/www.alovey.com\/wp-content\/uploads\/2025\/12\/Cute-Carrot-Shaped-Bottom-Filling-Lip-Balm-Tube-for-Kids-6.jpg 750w, https:\/\/www.alovey.com\/wp-content\/uploads\/2025\/12\/Cute-Carrot-Shaped-Bottom-Filling-Lip-Balm-Tube-for-Kids-6-300x300.jpg 300w, https:\/\/www.alovey.com\/wp-content\/uploads\/2025\/12\/Cute-Carrot-Shaped-Bottom-Filling-Lip-Balm-Tube-for-Kids-6-150x150.jpg 150w, https:\/\/www.alovey.com\/wp-content\/uploads\/2025\/12\/Cute-Carrot-Shaped-Bottom-Filling-Lip-Balm-Tube-for-Kids-6-12x12.jpg 12w, https:\/\/www.alovey.com\/wp-content\/uploads\/2025\/12\/Cute-Carrot-Shaped-Bottom-Filling-Lip-Balm-Tube-for-Kids-6-600x600.jpg 600w, https:\/\/www.alovey.com\/wp-content\/uploads\/2025\/12\/Cute-Carrot-Shaped-Bottom-Filling-Lip-Balm-Tube-for-Kids-6-100x100.jpg 100w\" sizes=\"(max-width: 750px) 100vw, 750px\" \/><figcaption id=\"caption-attachment-12173\" class=\"wp-caption-text\">\u00a0<\/figcaption><\/figure>\n<figure id=\"attachment_12172\" aria-describedby=\"caption-attachment-12172\" style=\"width: 750px\" class=\"wp-caption alignnone\"><img loading=\"lazy\" decoding=\"async\" class=\"size-full wp-image-12172\" src=\"https:\/\/www.alovey.com\/wp-content\/uploads\/2025\/12\/Cute-Carrot-Shaped-Bottom-Filling-Lip-Balm-Tube-for-Kids-2.jpg\" alt=\"Lip balm tube\" width=\"750\" height=\"750\" srcset=\"https:\/\/www.alovey.com\/wp-content\/uploads\/2025\/12\/Cute-Carrot-Shaped-Bottom-Filling-Lip-Balm-Tube-for-Kids-2.jpg 750w, https:\/\/www.alovey.com\/wp-content\/uploads\/2025\/12\/Cute-Carrot-Shaped-Bottom-Filling-Lip-Balm-Tube-for-Kids-2-300x300.jpg 300w, https:\/\/www.alovey.com\/wp-content\/uploads\/2025\/12\/Cute-Carrot-Shaped-Bottom-Filling-Lip-Balm-Tube-for-Kids-2-150x150.jpg 150w, https:\/\/www.alovey.com\/wp-content\/uploads\/2025\/12\/Cute-Carrot-Shaped-Bottom-Filling-Lip-Balm-Tube-for-Kids-2-12x12.jpg 12w, https:\/\/www.alovey.com\/wp-content\/uploads\/2025\/12\/Cute-Carrot-Shaped-Bottom-Filling-Lip-Balm-Tube-for-Kids-2-600x600.jpg 600w, https:\/\/www.alovey.com\/wp-content\/uploads\/2025\/12\/Cute-Carrot-Shaped-Bottom-Filling-Lip-Balm-Tube-for-Kids-2-100x100.jpg 100w\" sizes=\"(max-width: 750px) 100vw, 750px\" \/><figcaption id=\"caption-attachment-12172\" class=\"wp-caption-text\">\u00a0<\/figcaption><\/figure>\n<p>&nbsp;<\/p>\n<p>&nbsp;<\/p>\n<p>&nbsp;<\/p>\n<p>&nbsp;<\/p>\n<p>&nbsp;<\/p>\n<p>&nbsp;<\/p>\n<p>&nbsp;<\/p>\n<p>&nbsp;<\/p>","protected":false},"excerpt":{"rendered":"<ul>\n<li>Item No: LB-0125A<\/li>\n<li>Mat\u00e9riau : Plastique<\/li>\n<li>Size:\u00a0D20*H99MM<\/li>\n<li>Applications : Produits de beaut\u00e9<\/li>\n<li>MOQ : 12 000 pi\u00e8ces<\/li>\n<li>Couleur : couleur personnalis\u00e9e<\/li>\n<li>Surface treatment: Injection\/Matte\/Metalization\/UV coating<\/li>\n<li>Nom de marque : OEM\/ODM<\/li>\n<li>Logo : Logo du client<\/li>\n<li>Capacit\u00e9 de production : 100 000 pi\u00e8ces par mois<\/li>\n<\/ul>","protected":false},"featured_media":12173,"template":"","meta":{"_acf_changed":false},"product_brand":[],"product_cat":[374,397],"product_tag":[459,384,404],"class_list":{"0":"post-12171","1":"product","2":"type-product","3":"status-publish","4":"has-post-thumbnail","6":"product_cat-china-professional-lip-balm-tube-manufacture","7":"product_cat-unique-cosmetic-packaging","8":"product_tag-bottom-filling","9":"product_tag-lip-balm-tube","10":"product_tag-unique-cosmetic-packaging","12":"first","13":"instock","14":"shipping-taxable","15":"product-type-simple"},"acf":[],"yoast_head":"<!-- This site is optimized with the Yoast SEO plugin v24.1 - https:\/\/yoast.com\/wordpress\/plugins\/seo\/ -->\n<title>plastic-empty-lip-balm-tube-with-hook-cap Cute Carrot-Shaped Bottom Filling Lip Balm Tube for KidsCute Carrot-Shaped Bottom Filling Lip Balm Tube for<\/title>\n<meta name=\"description\" content=\"This adorable carrot shaped lip balm tube is designed especially for children, featuring bottom filling for easy production and a secure, leakproof seal.\" \/>\n<meta name=\"robots\" content=\"index, follow, max-snippet:-1, max-image-preview:large, max-video-preview:-1\" \/>\n<link rel=\"canonical\" href=\"https:\/\/www.alovey.com\/fr\/produit\/cute-carrot-shaped-bottom-filling-lip-balm-tube-for-kids\/\" \/>\n<meta property=\"og:locale\" content=\"fr_FR\" \/>\n<meta property=\"og:type\" content=\"article\" \/>\n<meta property=\"og:title\" content=\"plastic-empty-lip-balm-tube-with-hook-cap Cute Carrot-Shaped Bottom Filling Lip Balm Tube for KidsCute Carrot-Shaped Bottom Filling Lip Balm Tube for\" \/>\n<meta property=\"og:description\" content=\"This adorable carrot shaped lip balm tube is designed especially for children, featuring bottom filling for easy production and a secure, leakproof seal.\" \/>\n<meta property=\"og:url\" content=\"https:\/\/www.alovey.com\/fr\/produit\/cute-carrot-shaped-bottom-filling-lip-balm-tube-for-kids\/\" \/>\n<meta property=\"og:site_name\" content=\"Best Cosmetic Packaging Manufacture\" \/>\n<meta property=\"article:modified_time\" content=\"2025-12-10T09:26:03+00:00\" \/>\n<meta property=\"og:image\" content=\"https:\/\/www.alovey.com\/wp-content\/uploads\/2025\/12\/Cute-Carrot-Shaped-Bottom-Filling-Lip-Balm-Tube-for-Kids-6.jpg\" \/>\n\t<meta property=\"og:image:width\" content=\"750\" \/>\n\t<meta property=\"og:image:height\" content=\"750\" \/>\n\t<meta property=\"og:image:type\" content=\"image\/jpeg\" \/>\n<meta name=\"twitter:card\" content=\"summary_large_image\" \/>\n<meta name=\"twitter:label1\" content=\"Dur\u00e9e de lecture estim\u00e9e\" \/>\n\t<meta name=\"twitter:data1\" content=\"2 minutes\" \/>\n<script type=\"application\/ld+json\" class=\"yoast-schema-graph\">{\"@context\":\"https:\/\/schema.org\",\"@graph\":[{\"@type\":\"WebPage\",\"@id\":\"https:\/\/www.alovey.com\/product\/cute-carrot-shaped-bottom-filling-lip-balm-tube-for-kids\/\",\"url\":\"https:\/\/www.alovey.com\/product\/cute-carrot-shaped-bottom-filling-lip-balm-tube-for-kids\/\",\"name\":\"plastic-empty-lip-balm-tube-with-hook-cap Cute Carrot-Shaped Bottom Filling Lip Balm Tube for KidsCute Carrot-Shaped Bottom Filling Lip Balm Tube for\",\"isPartOf\":{\"@id\":\"https:\/\/www.alovey.com\/#website\"},\"primaryImageOfPage\":{\"@id\":\"https:\/\/www.alovey.com\/product\/cute-carrot-shaped-bottom-filling-lip-balm-tube-for-kids\/#primaryimage\"},\"image\":{\"@id\":\"https:\/\/www.alovey.com\/product\/cute-carrot-shaped-bottom-filling-lip-balm-tube-for-kids\/#primaryimage\"},\"thumbnailUrl\":\"https:\/\/www.alovey.com\/wp-content\/uploads\/2025\/12\/Cute-Carrot-Shaped-Bottom-Filling-Lip-Balm-Tube-for-Kids-6.jpg\",\"datePublished\":\"2025-12-10T09:11:36+00:00\",\"dateModified\":\"2025-12-10T09:26:03+00:00\",\"description\":\"This adorable carrot shaped lip balm tube is designed especially for children, featuring bottom filling for easy production and a secure, leakproof seal.\",\"breadcrumb\":{\"@id\":\"https:\/\/www.alovey.com\/product\/cute-carrot-shaped-bottom-filling-lip-balm-tube-for-kids\/#breadcrumb\"},\"inLanguage\":\"fr-FR\",\"potentialAction\":[{\"@type\":\"ReadAction\",\"target\":[\"https:\/\/www.alovey.com\/product\/cute-carrot-shaped-bottom-filling-lip-balm-tube-for-kids\/\"]}]},{\"@type\":\"ImageObject\",\"inLanguage\":\"fr-FR\",\"@id\":\"https:\/\/www.alovey.com\/product\/cute-carrot-shaped-bottom-filling-lip-balm-tube-for-kids\/#primaryimage\",\"url\":\"https:\/\/www.alovey.com\/wp-content\/uploads\/2025\/12\/Cute-Carrot-Shaped-Bottom-Filling-Lip-Balm-Tube-for-Kids-6.jpg\",\"contentUrl\":\"https:\/\/www.alovey.com\/wp-content\/uploads\/2025\/12\/Cute-Carrot-Shaped-Bottom-Filling-Lip-Balm-Tube-for-Kids-6.jpg\",\"width\":750,\"height\":750,\"caption\":\"Cute Carrot-Shaped Bottom Filling Lip Balm Tube for Kids\"},{\"@type\":\"BreadcrumbList\",\"@id\":\"https:\/\/www.alovey.com\/product\/cute-carrot-shaped-bottom-filling-lip-balm-tube-for-kids\/#breadcrumb\",\"itemListElement\":[{\"@type\":\"ListItem\",\"position\":1,\"name\":\"\u9996\u9875\",\"item\":\"https:\/\/www.alovey.com\/\"},{\"@type\":\"ListItem\",\"position\":2,\"name\":\"Products\",\"item\":\"https:\/\/www.alovey.com\/products\/\"},{\"@type\":\"ListItem\",\"position\":3,\"name\":\"Cute Carrot Shaped Bottom Filling Lip Balm Tube for Kids\"}]},{\"@type\":\"WebSite\",\"@id\":\"https:\/\/www.alovey.com\/#website\",\"url\":\"https:\/\/www.alovey.com\/\",\"name\":\"Best Cosmetic Packaging Manufacture\",\"description\":\"Alovey Cosmetic Packaging Co.,Ltd\",\"publisher\":{\"@id\":\"https:\/\/www.alovey.com\/#organization\"},\"potentialAction\":[{\"@type\":\"SearchAction\",\"target\":{\"@type\":\"EntryPoint\",\"urlTemplate\":\"https:\/\/www.alovey.com\/?s={search_term_string}\"},\"query-input\":{\"@type\":\"PropertyValueSpecification\",\"valueRequired\":true,\"valueName\":\"search_term_string\"}}],\"inLanguage\":\"fr-FR\"},{\"@type\":\"Organization\",\"@id\":\"https:\/\/www.alovey.com\/#organization\",\"name\":\"Best Cosmetic Packaging Manufacture\",\"url\":\"https:\/\/www.alovey.com\/\",\"logo\":{\"@type\":\"ImageObject\",\"inLanguage\":\"fr-FR\",\"@id\":\"https:\/\/www.alovey.com\/#\/schema\/logo\/image\/\",\"url\":\"https:\/\/www.alovey.com\/wp-content\/uploads\/2023\/03\/logo.png\",\"contentUrl\":\"https:\/\/www.alovey.com\/wp-content\/uploads\/2023\/03\/logo.png\",\"width\":505,\"height\":180,\"caption\":\"Best  Cosmetic Packaging Manufacture\"},\"image\":{\"@id\":\"https:\/\/www.alovey.com\/#\/schema\/logo\/image\/\"}}]}<\/script>\n<!-- \/ Yoast SEO plugin. -->","yoast_head_json":{"title":"plastic-empty-lip-balm-tube-with-hook-cap Cute Carrot-Shaped Bottom Filling Lip Balm Tube for KidsCute Carrot-Shaped Bottom Filling Lip Balm Tube for","description":"This adorable carrot shaped lip balm tube is designed especially for children, featuring bottom filling for easy production and a secure, leakproof seal.","robots":{"index":"index","follow":"follow","max-snippet":"max-snippet:-1","max-image-preview":"max-image-preview:large","max-video-preview":"max-video-preview:-1"},"canonical":"https:\/\/www.alovey.com\/fr\/produit\/cute-carrot-shaped-bottom-filling-lip-balm-tube-for-kids\/","og_locale":"fr_FR","og_type":"article","og_title":"plastic-empty-lip-balm-tube-with-hook-cap Cute Carrot-Shaped Bottom Filling Lip Balm Tube for KidsCute Carrot-Shaped Bottom Filling Lip Balm Tube for","og_description":"This adorable carrot shaped lip balm tube is designed especially for children, featuring bottom filling for easy production and a secure, leakproof seal.","og_url":"https:\/\/www.alovey.com\/fr\/produit\/cute-carrot-shaped-bottom-filling-lip-balm-tube-for-kids\/","og_site_name":"Best Cosmetic Packaging Manufacture","article_modified_time":"2025-12-10T09:26:03+00:00","og_image":[{"width":750,"height":750,"url":"https:\/\/www.alovey.com\/wp-content\/uploads\/2025\/12\/Cute-Carrot-Shaped-Bottom-Filling-Lip-Balm-Tube-for-Kids-6.jpg","type":"image\/jpeg"}],"twitter_card":"summary_large_image","twitter_misc":{"Dur\u00e9e de lecture estim\u00e9e":"2 minutes"},"schema":{"@context":"https:\/\/schema.org","@graph":[{"@type":"WebPage","@id":"https:\/\/www.alovey.com\/product\/cute-carrot-shaped-bottom-filling-lip-balm-tube-for-kids\/","url":"https:\/\/www.alovey.com\/product\/cute-carrot-shaped-bottom-filling-lip-balm-tube-for-kids\/","name":"plastic-empty-lip-balm-tube-with-hook-cap Cute Carrot-Shaped Bottom Filling Lip Balm Tube for KidsCute Carrot-Shaped Bottom Filling Lip Balm Tube for","isPartOf":{"@id":"https:\/\/www.alovey.com\/#website"},"primaryImageOfPage":{"@id":"https:\/\/www.alovey.com\/product\/cute-carrot-shaped-bottom-filling-lip-balm-tube-for-kids\/#primaryimage"},"image":{"@id":"https:\/\/www.alovey.com\/product\/cute-carrot-shaped-bottom-filling-lip-balm-tube-for-kids\/#primaryimage"},"thumbnailUrl":"https:\/\/www.alovey.com\/wp-content\/uploads\/2025\/12\/Cute-Carrot-Shaped-Bottom-Filling-Lip-Balm-Tube-for-Kids-6.jpg","datePublished":"2025-12-10T09:11:36+00:00","dateModified":"2025-12-10T09:26:03+00:00","description":"This adorable carrot shaped lip balm tube is designed especially for children, featuring bottom filling for easy production and a secure, leakproof seal.","breadcrumb":{"@id":"https:\/\/www.alovey.com\/product\/cute-carrot-shaped-bottom-filling-lip-balm-tube-for-kids\/#breadcrumb"},"inLanguage":"fr-FR","potentialAction":[{"@type":"ReadAction","target":["https:\/\/www.alovey.com\/product\/cute-carrot-shaped-bottom-filling-lip-balm-tube-for-kids\/"]}]},{"@type":"ImageObject","inLanguage":"fr-FR","@id":"https:\/\/www.alovey.com\/product\/cute-carrot-shaped-bottom-filling-lip-balm-tube-for-kids\/#primaryimage","url":"https:\/\/www.alovey.com\/wp-content\/uploads\/2025\/12\/Cute-Carrot-Shaped-Bottom-Filling-Lip-Balm-Tube-for-Kids-6.jpg","contentUrl":"https:\/\/www.alovey.com\/wp-content\/uploads\/2025\/12\/Cute-Carrot-Shaped-Bottom-Filling-Lip-Balm-Tube-for-Kids-6.jpg","width":750,"height":750,"caption":"Cute Carrot-Shaped Bottom Filling Lip Balm Tube for Kids"},{"@type":"BreadcrumbList","@id":"https:\/\/www.alovey.com\/product\/cute-carrot-shaped-bottom-filling-lip-balm-tube-for-kids\/#breadcrumb","itemListElement":[{"@type":"ListItem","position":1,"name":"\u9996\u9875","item":"https:\/\/www.alovey.com\/"},{"@type":"ListItem","position":2,"name":"Products","item":"https:\/\/www.alovey.com\/products\/"},{"@type":"ListItem","position":3,"name":"Cute Carrot Shaped Bottom Filling Lip Balm Tube for Kids"}]},{"@type":"WebSite","@id":"https:\/\/www.alovey.com\/#website","url":"https:\/\/www.alovey.com\/","name":"Best Cosmetic Packaging Manufacture","description":"Alovey Cosmetic Packaging Co.,Ltd","publisher":{"@id":"https:\/\/www.alovey.com\/#organization"},"potentialAction":[{"@type":"SearchAction","target":{"@type":"EntryPoint","urlTemplate":"https:\/\/www.alovey.com\/?s={search_term_string}"},"query-input":{"@type":"PropertyValueSpecification","valueRequired":true,"valueName":"search_term_string"}}],"inLanguage":"fr-FR"},{"@type":"Organization","@id":"https:\/\/www.alovey.com\/#organization","name":"Best Cosmetic Packaging Manufacture","url":"https:\/\/www.alovey.com\/","logo":{"@type":"ImageObject","inLanguage":"fr-FR","@id":"https:\/\/www.alovey.com\/#\/schema\/logo\/image\/","url":"https:\/\/www.alovey.com\/wp-content\/uploads\/2023\/03\/logo.png","contentUrl":"https:\/\/www.alovey.com\/wp-content\/uploads\/2023\/03\/logo.png","width":505,"height":180,"caption":"Best  Cosmetic Packaging Manufacture"},"image":{"@id":"https:\/\/www.alovey.com\/#\/schema\/logo\/image\/"}}]}},"_links":{"self":[{"href":"https:\/\/www.alovey.com\/fr\/wp-json\/wp\/v2\/product\/12171"}],"collection":[{"href":"https:\/\/www.alovey.com\/fr\/wp-json\/wp\/v2\/product"}],"about":[{"href":"https:\/\/www.alovey.com\/fr\/wp-json\/wp\/v2\/types\/product"}],"wp:featuredmedia":[{"embeddable":true,"href":"https:\/\/www.alovey.com\/fr\/wp-json\/wp\/v2\/media\/12173"}],"wp:attachment":[{"href":"https:\/\/www.alovey.com\/fr\/wp-json\/wp\/v2\/media?parent=12171"}],"wp:term":[{"taxonomy":"product_brand","embeddable":true,"href":"https:\/\/www.alovey.com\/fr\/wp-json\/wp\/v2\/product_brand?post=12171"},{"taxonomy":"product_cat","embeddable":true,"href":"https:\/\/www.alovey.com\/fr\/wp-json\/wp\/v2\/product_cat?post=12171"},{"taxonomy":"product_tag","embeddable":true,"href":"https:\/\/www.alovey.com\/fr\/wp-json\/wp\/v2\/product_tag?post=12171"}],"curies":[{"name":"wp","href":"https:\/\/api.w.org\/{rel}","templated":true}]}}