{"id":11970,"date":"2025-11-03T03:30:25","date_gmt":"2025-11-03T03:30:25","guid":{"rendered":"https:\/\/www.alovey.com\/?post_type=product&#038;p=11970"},"modified":"2025-11-03T06:45:41","modified_gmt":"2025-11-03T06:45:41","slug":"yzs-slim-lipstick-tube-triangle-shape","status":"publish","type":"product","link":"https:\/\/www.alovey.com\/fr\/produit\/yzs-slim-lipstick-tube-triangle-shape\/","title":{"rendered":"YZS Slim Lipstick Tube Triangle Shape"},"content":{"rendered":"<p><strong>Stand out with\u00a0slim lipstick tube, designed to bring a modern and stylish touch to your makeup line.<\/strong><\/p>\n<p><strong>\u00a0Its unique triangular shape\u00a0not only enhances visual appeal but also offers a comfortable grip\u00a0and a sleek, compact profile\u00a0perfect for on-the-go use.<\/strong><\/p>\n<p><strong>Made from high-quality, durable plastic materials, this\u00a0slim lipstick\u00a0tube ensures a smooth twist-up function and secure closure to protect your lipstick from damage and contamination.<\/strong><\/p>\n<p><strong>Features:<\/strong><\/p>\n<p><strong>Innovative triangle design\u00a0for a distinctive and elegant look<\/strong><\/p>\n<p><strong>Slim, lightweight structure\u00a0\u2013 easy to carry and apply<\/strong><\/p>\n<p><strong>Smooth twist mechanism\u00a0for effortless use<\/strong><\/p>\n<p><strong>Ideal for lipstick formulas<\/strong><\/p>\n<p><strong>Supports custom colors, finishes, and logo printing<\/strong><\/p>\n<p><strong>Perfect for brands looking to combine modern design\u00a0with premium functionality\u00a0in their lipstick packaging.<\/strong><\/p>\n<p><strong>Alovey, fabricant professionnel chinois d'emballages cosm\u00e9tiques, produit une gamme exquise d'emballages cosm\u00e9tiques personnalis\u00e9s, m\u00e9ticuleusement con\u00e7us pour rehausser votre marque. Notre s\u00e9lection vari\u00e9e de mat\u00e9riaux de premi\u00e8re qualit\u00e9, associ\u00e9e \u00e0 des techniques de finition de surface d\u00e9licates telles que la s\u00e9rigraphie, l'estampage \u00e0 chaud et la pulv\u00e9risation mate, fait de chaque emballage un chef-d'\u0153uvre unique.<\/strong><\/p>\n<p><img fetchpriority=\"high\" decoding=\"async\" class=\"size-full wp-image-11971\" src=\"https:\/\/www.alovey.com\/wp-content\/uploads\/2025\/11\/YZS-Slim-Lipstick-Tube-Triangle-Shape-2.jpg\" alt=\"slim lipstick tube\" width=\"750\" height=\"750\" srcset=\"https:\/\/www.alovey.com\/wp-content\/uploads\/2025\/11\/YZS-Slim-Lipstick-Tube-Triangle-Shape-2.jpg 750w, https:\/\/www.alovey.com\/wp-content\/uploads\/2025\/11\/YZS-Slim-Lipstick-Tube-Triangle-Shape-2-300x300.jpg 300w, https:\/\/www.alovey.com\/wp-content\/uploads\/2025\/11\/YZS-Slim-Lipstick-Tube-Triangle-Shape-2-150x150.jpg 150w, https:\/\/www.alovey.com\/wp-content\/uploads\/2025\/11\/YZS-Slim-Lipstick-Tube-Triangle-Shape-2-12x12.jpg 12w, https:\/\/www.alovey.com\/wp-content\/uploads\/2025\/11\/YZS-Slim-Lipstick-Tube-Triangle-Shape-2-600x600.jpg 600w, https:\/\/www.alovey.com\/wp-content\/uploads\/2025\/11\/YZS-Slim-Lipstick-Tube-Triangle-Shape-2-100x100.jpg 100w\" sizes=\"(max-width: 750px) 100vw, 750px\" \/> <img decoding=\"async\" class=\"size-full wp-image-11972\" src=\"https:\/\/www.alovey.com\/wp-content\/uploads\/2025\/11\/YZS-Slim-Lipstick-Tube-Triangle-Shape-3.jpg\" alt=\"slim lipstick tube\" width=\"750\" height=\"750\" srcset=\"https:\/\/www.alovey.com\/wp-content\/uploads\/2025\/11\/YZS-Slim-Lipstick-Tube-Triangle-Shape-3.jpg 750w, https:\/\/www.alovey.com\/wp-content\/uploads\/2025\/11\/YZS-Slim-Lipstick-Tube-Triangle-Shape-3-300x300.jpg 300w, https:\/\/www.alovey.com\/wp-content\/uploads\/2025\/11\/YZS-Slim-Lipstick-Tube-Triangle-Shape-3-150x150.jpg 150w, https:\/\/www.alovey.com\/wp-content\/uploads\/2025\/11\/YZS-Slim-Lipstick-Tube-Triangle-Shape-3-12x12.jpg 12w, https:\/\/www.alovey.com\/wp-content\/uploads\/2025\/11\/YZS-Slim-Lipstick-Tube-Triangle-Shape-3-600x600.jpg 600w, https:\/\/www.alovey.com\/wp-content\/uploads\/2025\/11\/YZS-Slim-Lipstick-Tube-Triangle-Shape-3-100x100.jpg 100w\" sizes=\"(max-width: 750px) 100vw, 750px\" \/> <img decoding=\"async\" class=\"size-full wp-image-11973\" src=\"https:\/\/www.alovey.com\/wp-content\/uploads\/2025\/11\/YZS-Slim-Lipstick-Tube-Triangle-Shape-4.jpg\" alt=\"slim lipstick tube\" width=\"750\" height=\"750\" srcset=\"https:\/\/www.alovey.com\/wp-content\/uploads\/2025\/11\/YZS-Slim-Lipstick-Tube-Triangle-Shape-4.jpg 750w, https:\/\/www.alovey.com\/wp-content\/uploads\/2025\/11\/YZS-Slim-Lipstick-Tube-Triangle-Shape-4-300x300.jpg 300w, https:\/\/www.alovey.com\/wp-content\/uploads\/2025\/11\/YZS-Slim-Lipstick-Tube-Triangle-Shape-4-150x150.jpg 150w, https:\/\/www.alovey.com\/wp-content\/uploads\/2025\/11\/YZS-Slim-Lipstick-Tube-Triangle-Shape-4-12x12.jpg 12w, https:\/\/www.alovey.com\/wp-content\/uploads\/2025\/11\/YZS-Slim-Lipstick-Tube-Triangle-Shape-4-600x600.jpg 600w, https:\/\/www.alovey.com\/wp-content\/uploads\/2025\/11\/YZS-Slim-Lipstick-Tube-Triangle-Shape-4-100x100.jpg 100w\" sizes=\"(max-width: 750px) 100vw, 750px\" \/> <img loading=\"lazy\" decoding=\"async\" class=\"size-full wp-image-11976\" src=\"https:\/\/www.alovey.com\/wp-content\/uploads\/2025\/11\/YZS-Slim-Lipstick-Tube-Triangle-Shape-7.jpg\" alt=\"slim lipstick tube\" width=\"750\" height=\"750\" srcset=\"https:\/\/www.alovey.com\/wp-content\/uploads\/2025\/11\/YZS-Slim-Lipstick-Tube-Triangle-Shape-7.jpg 750w, https:\/\/www.alovey.com\/wp-content\/uploads\/2025\/11\/YZS-Slim-Lipstick-Tube-Triangle-Shape-7-300x300.jpg 300w, https:\/\/www.alovey.com\/wp-content\/uploads\/2025\/11\/YZS-Slim-Lipstick-Tube-Triangle-Shape-7-150x150.jpg 150w, https:\/\/www.alovey.com\/wp-content\/uploads\/2025\/11\/YZS-Slim-Lipstick-Tube-Triangle-Shape-7-12x12.jpg 12w, https:\/\/www.alovey.com\/wp-content\/uploads\/2025\/11\/YZS-Slim-Lipstick-Tube-Triangle-Shape-7-600x600.jpg 600w, https:\/\/www.alovey.com\/wp-content\/uploads\/2025\/11\/YZS-Slim-Lipstick-Tube-Triangle-Shape-7-100x100.jpg 100w\" sizes=\"(max-width: 750px) 100vw, 750px\" \/> <img loading=\"lazy\" decoding=\"async\" class=\"size-full wp-image-11974\" src=\"https:\/\/www.alovey.com\/wp-content\/uploads\/2025\/11\/YZS-Slim-Lipstick-Tube-Triangle-Shape-5.jpg\" alt=\"slim lipstick tube\" width=\"750\" height=\"750\" srcset=\"https:\/\/www.alovey.com\/wp-content\/uploads\/2025\/11\/YZS-Slim-Lipstick-Tube-Triangle-Shape-5.jpg 750w, https:\/\/www.alovey.com\/wp-content\/uploads\/2025\/11\/YZS-Slim-Lipstick-Tube-Triangle-Shape-5-300x300.jpg 300w, https:\/\/www.alovey.com\/wp-content\/uploads\/2025\/11\/YZS-Slim-Lipstick-Tube-Triangle-Shape-5-150x150.jpg 150w, https:\/\/www.alovey.com\/wp-content\/uploads\/2025\/11\/YZS-Slim-Lipstick-Tube-Triangle-Shape-5-12x12.jpg 12w, https:\/\/www.alovey.com\/wp-content\/uploads\/2025\/11\/YZS-Slim-Lipstick-Tube-Triangle-Shape-5-600x600.jpg 600w, https:\/\/www.alovey.com\/wp-content\/uploads\/2025\/11\/YZS-Slim-Lipstick-Tube-Triangle-Shape-5-100x100.jpg 100w\" sizes=\"(max-width: 750px) 100vw, 750px\" \/> <img loading=\"lazy\" decoding=\"async\" class=\"size-full wp-image-11975\" src=\"https:\/\/www.alovey.com\/wp-content\/uploads\/2025\/11\/YZS-Slim-Lipstick-Tube-Triangle-Shape-6.jpg\" alt=\"slim lipstick tube\" width=\"630\" height=\"630\" srcset=\"https:\/\/www.alovey.com\/wp-content\/uploads\/2025\/11\/YZS-Slim-Lipstick-Tube-Triangle-Shape-6.jpg 630w, https:\/\/www.alovey.com\/wp-content\/uploads\/2025\/11\/YZS-Slim-Lipstick-Tube-Triangle-Shape-6-300x300.jpg 300w, https:\/\/www.alovey.com\/wp-content\/uploads\/2025\/11\/YZS-Slim-Lipstick-Tube-Triangle-Shape-6-150x150.jpg 150w, https:\/\/www.alovey.com\/wp-content\/uploads\/2025\/11\/YZS-Slim-Lipstick-Tube-Triangle-Shape-6-12x12.jpg 12w, https:\/\/www.alovey.com\/wp-content\/uploads\/2025\/11\/YZS-Slim-Lipstick-Tube-Triangle-Shape-6-600x600.jpg 600w, https:\/\/www.alovey.com\/wp-content\/uploads\/2025\/11\/YZS-Slim-Lipstick-Tube-Triangle-Shape-6-100x100.jpg 100w\" sizes=\"(max-width: 630px) 100vw, 630px\" \/><\/p>\n<p>&nbsp;<\/p>\n<p>&nbsp;<\/p>\n<p>&nbsp;<\/p>\n<p>&nbsp;<\/p>\n<p>&nbsp;<\/p>\n<p>&nbsp;<\/p>\n<p>&nbsp;<\/p>\n<p>&nbsp;<\/p>\n<p>&nbsp;<\/p>\n<p>&nbsp;<\/p>\n<p>&nbsp;<\/p>\n<p>&nbsp;<\/p>\n<p>&nbsp;<\/p>\n<p>&nbsp;<\/p>\n<p>&nbsp;<\/p>\n<p>&nbsp;<\/p>\n<p>&nbsp;<\/p>\n<p>&nbsp;<\/p>\n<p>&nbsp;<\/p>\n<p>&nbsp;<\/p>\n<p>&nbsp;<\/p>\n<p>&nbsp;<\/p>\n<p>&nbsp;<\/p>\n<p>&nbsp;<\/p>\n<p>&nbsp;<\/p>\n<p>&nbsp;<\/p>\n<p>&nbsp;<\/p>\n<p>&nbsp;<\/p>\n<p>&nbsp;<\/p>\n<p>&nbsp;<\/p>\n<p>&nbsp;<\/p>\n<p>&nbsp;<\/p>\n<p>&nbsp;<\/p>\n<p>&nbsp;<\/p>\n<p>&nbsp;<\/p>\n<p>&nbsp;<\/p>\n<p>&nbsp;<\/p>\n<p>&nbsp;<\/p>\n<p>&nbsp;<\/p>\n<p>&nbsp;<\/p>\n<p>&nbsp;<\/p>\n<p>&nbsp;<\/p>\n<p>&nbsp;<\/p>\n<p>&nbsp;<\/p>\n<p>&nbsp;<\/p>\n<p>&nbsp;<\/p>\n<p>&nbsp;<\/p>\n<p>&nbsp;<\/p>\n<p>&nbsp;<\/p>\n<p>&nbsp;<\/p>\n<p>&nbsp;<\/p>\n<p>&nbsp;<\/p>\n<p>&nbsp;<\/p>\n<p>&nbsp;<\/p>\n<p>&nbsp;<\/p>\n<p>&nbsp;<\/p>\n<p>&nbsp;<\/p>\n<p>&nbsp;<\/p>\n<p>&nbsp;<\/p>\n<p>&nbsp;<\/p>\n<p>&nbsp;<\/p>\n<p>&nbsp;<\/p>\n<p>&nbsp;<\/p>\n<p>&nbsp;<\/p>\n<p>&nbsp;<\/p>\n<p>&nbsp;<\/p>\n<p>&nbsp;<\/p>\n<p>&nbsp;<\/p>\n<p>&nbsp;<\/p>\n<p>&nbsp;<\/p>\n<p>&nbsp;<\/p>\n<p>&nbsp;<\/p>\n<p>&nbsp;<\/p>\n<p>&nbsp;<\/p>\n<p>&nbsp;<\/p>\n<p>&nbsp;<\/p>\n<p>&nbsp;<\/p>\n<p>&nbsp;<\/p>\n<p>&nbsp;<\/p>\n<p>&nbsp;<\/p>\n<p>&nbsp;<\/p>\n<p>&nbsp;<\/p>\n<p>&nbsp;<\/p>\n<p>&nbsp;<\/p>\n<p>&nbsp;<\/p>\n<p>&nbsp;<\/p>\n<p>&nbsp;<\/p>\n<p>&nbsp;<\/p>\n<p>&nbsp;<\/p>\n<p>&nbsp;<\/p>\n<p>&nbsp;<\/p>\n<p>&nbsp;<\/p>\n<p>&nbsp;<\/p>\n<p>&nbsp;<\/p>\n<p>&nbsp;<\/p>\n<p>&nbsp;<\/p>\n<p>&nbsp;<\/p>\n<p>&nbsp;<\/p>\n<p>&nbsp;<\/p>\n<p>&nbsp;<\/p>\n<p>&nbsp;<\/p>\n<p>&nbsp;<\/p>\n<p>&nbsp;<\/p>\n<p>&nbsp;<\/p>\n<p>&nbsp;<\/p>","protected":false},"excerpt":{"rendered":"<ul>\n<li>Item No\u00a0:LS-X003A<\/li>\n<li>Mat\u00e9riau : Plastique<\/li>\n<li>Size: W13*H117MM (50g)<\/li>\n<li>Applications : Produits de beaut\u00e9<\/li>\n<li>MOQ : 12 000 pi\u00e8ces<\/li>\n<li>Couleur : couleur personnalis\u00e9e<\/li>\n<li>Surface treatment: Injection\/Matte\/Metalization\/UV coating<\/li>\n<li>Nom de marque : OEM\/ODM<\/li>\n<li>Logo : Logo du client<\/li>\n<li>Capacit\u00e9 de production : 100 000 pi\u00e8ces par mois<\/li>\n<\/ul>\n<p>&nbsp;<\/p>","protected":false},"featured_media":11973,"template":"","meta":{"_acf_changed":false},"product_brand":[],"product_cat":[373],"product_tag":[389],"class_list":{"0":"post-11970","1":"product","2":"type-product","3":"status-publish","4":"has-post-thumbnail","6":"product_cat-professional-lipstick-tube-supplier","7":"product_tag-lip-stick-tube","9":"first","10":"instock","11":"shipping-taxable","12":"product-type-simple"},"acf":[],"yoast_head":"<!-- This site is optimized with the Yoast SEO plugin v24.1 - https:\/\/yoast.com\/wordpress\/plugins\/seo\/ -->\n<title>YZS Slim Lipstick Tube Triangle Shape<\/title>\n<meta name=\"description\" content=\"Stand out with slim lipstick tube, designed to bring a modern and stylish touch to your makeup line.\" \/>\n<meta name=\"robots\" content=\"index, follow, max-snippet:-1, max-image-preview:large, max-video-preview:-1\" \/>\n<link rel=\"canonical\" href=\"https:\/\/www.alovey.com\/fr\/produit\/yzs-slim-lipstick-tube-triangle-shape\/\" \/>\n<meta property=\"og:locale\" content=\"fr_FR\" \/>\n<meta property=\"og:type\" content=\"article\" \/>\n<meta property=\"og:title\" content=\"YZS Slim Lipstick Tube Triangle Shape\" \/>\n<meta property=\"og:description\" content=\"Stand out with slim lipstick tube, designed to bring a modern and stylish touch to your makeup line.\" \/>\n<meta property=\"og:url\" content=\"https:\/\/www.alovey.com\/fr\/produit\/yzs-slim-lipstick-tube-triangle-shape\/\" \/>\n<meta property=\"og:site_name\" content=\"Best Cosmetic Packaging Manufacture\" \/>\n<meta property=\"article:modified_time\" content=\"2025-11-03T06:45:41+00:00\" \/>\n<meta property=\"og:image\" content=\"https:\/\/www.alovey.com\/wp-content\/uploads\/2025\/11\/YZS-Slim-Lipstick-Tube-Triangle-Shape-4.jpg\" \/>\n\t<meta property=\"og:image:width\" content=\"750\" \/>\n\t<meta property=\"og:image:height\" content=\"750\" \/>\n\t<meta property=\"og:image:type\" content=\"image\/jpeg\" \/>\n<meta name=\"twitter:card\" content=\"summary_large_image\" \/>\n<meta name=\"twitter:label1\" content=\"Dur\u00e9e de lecture estim\u00e9e\" \/>\n\t<meta name=\"twitter:data1\" content=\"3 minutes\" \/>\n<script type=\"application\/ld+json\" class=\"yoast-schema-graph\">{\"@context\":\"https:\/\/schema.org\",\"@graph\":[{\"@type\":\"WebPage\",\"@id\":\"https:\/\/www.alovey.com\/product\/yzs-slim-lipstick-tube-triangle-shape\/\",\"url\":\"https:\/\/www.alovey.com\/product\/yzs-slim-lipstick-tube-triangle-shape\/\",\"name\":\"YZS Slim Lipstick Tube Triangle Shape\",\"isPartOf\":{\"@id\":\"https:\/\/www.alovey.com\/#website\"},\"primaryImageOfPage\":{\"@id\":\"https:\/\/www.alovey.com\/product\/yzs-slim-lipstick-tube-triangle-shape\/#primaryimage\"},\"image\":{\"@id\":\"https:\/\/www.alovey.com\/product\/yzs-slim-lipstick-tube-triangle-shape\/#primaryimage\"},\"thumbnailUrl\":\"https:\/\/www.alovey.com\/wp-content\/uploads\/2025\/11\/YZS-Slim-Lipstick-Tube-Triangle-Shape-4.jpg\",\"datePublished\":\"2025-11-03T03:30:25+00:00\",\"dateModified\":\"2025-11-03T06:45:41+00:00\",\"description\":\"Stand out with slim lipstick tube, designed to bring a modern and stylish touch to your makeup line.\",\"breadcrumb\":{\"@id\":\"https:\/\/www.alovey.com\/product\/yzs-slim-lipstick-tube-triangle-shape\/#breadcrumb\"},\"inLanguage\":\"fr-FR\",\"potentialAction\":[{\"@type\":\"ReadAction\",\"target\":[\"https:\/\/www.alovey.com\/product\/yzs-slim-lipstick-tube-triangle-shape\/\"]}]},{\"@type\":\"ImageObject\",\"inLanguage\":\"fr-FR\",\"@id\":\"https:\/\/www.alovey.com\/product\/yzs-slim-lipstick-tube-triangle-shape\/#primaryimage\",\"url\":\"https:\/\/www.alovey.com\/wp-content\/uploads\/2025\/11\/YZS-Slim-Lipstick-Tube-Triangle-Shape-4.jpg\",\"contentUrl\":\"https:\/\/www.alovey.com\/wp-content\/uploads\/2025\/11\/YZS-Slim-Lipstick-Tube-Triangle-Shape-4.jpg\",\"width\":750,\"height\":750,\"caption\":\"YZS Slim Lipstick Tube Triangle Shape\"},{\"@type\":\"BreadcrumbList\",\"@id\":\"https:\/\/www.alovey.com\/product\/yzs-slim-lipstick-tube-triangle-shape\/#breadcrumb\",\"itemListElement\":[{\"@type\":\"ListItem\",\"position\":1,\"name\":\"\u9996\u9875\",\"item\":\"https:\/\/www.alovey.com\/\"},{\"@type\":\"ListItem\",\"position\":2,\"name\":\"Products\",\"item\":\"https:\/\/www.alovey.com\/products\/\"},{\"@type\":\"ListItem\",\"position\":3,\"name\":\"YZS Slim Lipstick Tube Triangle Shape\"}]},{\"@type\":\"WebSite\",\"@id\":\"https:\/\/www.alovey.com\/#website\",\"url\":\"https:\/\/www.alovey.com\/\",\"name\":\"Best Cosmetic Packaging Manufacture\",\"description\":\"Alovey Cosmetic Packaging Co.,Ltd\",\"publisher\":{\"@id\":\"https:\/\/www.alovey.com\/#organization\"},\"potentialAction\":[{\"@type\":\"SearchAction\",\"target\":{\"@type\":\"EntryPoint\",\"urlTemplate\":\"https:\/\/www.alovey.com\/?s={search_term_string}\"},\"query-input\":{\"@type\":\"PropertyValueSpecification\",\"valueRequired\":true,\"valueName\":\"search_term_string\"}}],\"inLanguage\":\"fr-FR\"},{\"@type\":\"Organization\",\"@id\":\"https:\/\/www.alovey.com\/#organization\",\"name\":\"Best Cosmetic Packaging Manufacture\",\"url\":\"https:\/\/www.alovey.com\/\",\"logo\":{\"@type\":\"ImageObject\",\"inLanguage\":\"fr-FR\",\"@id\":\"https:\/\/www.alovey.com\/#\/schema\/logo\/image\/\",\"url\":\"https:\/\/www.alovey.com\/wp-content\/uploads\/2023\/03\/logo.png\",\"contentUrl\":\"https:\/\/www.alovey.com\/wp-content\/uploads\/2023\/03\/logo.png\",\"width\":505,\"height\":180,\"caption\":\"Best  Cosmetic Packaging Manufacture\"},\"image\":{\"@id\":\"https:\/\/www.alovey.com\/#\/schema\/logo\/image\/\"}}]}<\/script>\n<!-- \/ Yoast SEO plugin. -->","yoast_head_json":{"title":"YZS Slim Lipstick Tube Triangle Shape","description":"Stand out with slim lipstick tube, designed to bring a modern and stylish touch to your makeup line.","robots":{"index":"index","follow":"follow","max-snippet":"max-snippet:-1","max-image-preview":"max-image-preview:large","max-video-preview":"max-video-preview:-1"},"canonical":"https:\/\/www.alovey.com\/fr\/produit\/yzs-slim-lipstick-tube-triangle-shape\/","og_locale":"fr_FR","og_type":"article","og_title":"YZS Slim Lipstick Tube Triangle Shape","og_description":"Stand out with slim lipstick tube, designed to bring a modern and stylish touch to your makeup line.","og_url":"https:\/\/www.alovey.com\/fr\/produit\/yzs-slim-lipstick-tube-triangle-shape\/","og_site_name":"Best Cosmetic Packaging Manufacture","article_modified_time":"2025-11-03T06:45:41+00:00","og_image":[{"width":750,"height":750,"url":"https:\/\/www.alovey.com\/wp-content\/uploads\/2025\/11\/YZS-Slim-Lipstick-Tube-Triangle-Shape-4.jpg","type":"image\/jpeg"}],"twitter_card":"summary_large_image","twitter_misc":{"Dur\u00e9e de lecture estim\u00e9e":"3 minutes"},"schema":{"@context":"https:\/\/schema.org","@graph":[{"@type":"WebPage","@id":"https:\/\/www.alovey.com\/product\/yzs-slim-lipstick-tube-triangle-shape\/","url":"https:\/\/www.alovey.com\/product\/yzs-slim-lipstick-tube-triangle-shape\/","name":"YZS Slim Lipstick Tube Triangle Shape","isPartOf":{"@id":"https:\/\/www.alovey.com\/#website"},"primaryImageOfPage":{"@id":"https:\/\/www.alovey.com\/product\/yzs-slim-lipstick-tube-triangle-shape\/#primaryimage"},"image":{"@id":"https:\/\/www.alovey.com\/product\/yzs-slim-lipstick-tube-triangle-shape\/#primaryimage"},"thumbnailUrl":"https:\/\/www.alovey.com\/wp-content\/uploads\/2025\/11\/YZS-Slim-Lipstick-Tube-Triangle-Shape-4.jpg","datePublished":"2025-11-03T03:30:25+00:00","dateModified":"2025-11-03T06:45:41+00:00","description":"Stand out with slim lipstick tube, designed to bring a modern and stylish touch to your makeup line.","breadcrumb":{"@id":"https:\/\/www.alovey.com\/product\/yzs-slim-lipstick-tube-triangle-shape\/#breadcrumb"},"inLanguage":"fr-FR","potentialAction":[{"@type":"ReadAction","target":["https:\/\/www.alovey.com\/product\/yzs-slim-lipstick-tube-triangle-shape\/"]}]},{"@type":"ImageObject","inLanguage":"fr-FR","@id":"https:\/\/www.alovey.com\/product\/yzs-slim-lipstick-tube-triangle-shape\/#primaryimage","url":"https:\/\/www.alovey.com\/wp-content\/uploads\/2025\/11\/YZS-Slim-Lipstick-Tube-Triangle-Shape-4.jpg","contentUrl":"https:\/\/www.alovey.com\/wp-content\/uploads\/2025\/11\/YZS-Slim-Lipstick-Tube-Triangle-Shape-4.jpg","width":750,"height":750,"caption":"YZS Slim Lipstick Tube Triangle Shape"},{"@type":"BreadcrumbList","@id":"https:\/\/www.alovey.com\/product\/yzs-slim-lipstick-tube-triangle-shape\/#breadcrumb","itemListElement":[{"@type":"ListItem","position":1,"name":"\u9996\u9875","item":"https:\/\/www.alovey.com\/"},{"@type":"ListItem","position":2,"name":"Products","item":"https:\/\/www.alovey.com\/products\/"},{"@type":"ListItem","position":3,"name":"YZS Slim Lipstick Tube Triangle Shape"}]},{"@type":"WebSite","@id":"https:\/\/www.alovey.com\/#website","url":"https:\/\/www.alovey.com\/","name":"Best Cosmetic Packaging Manufacture","description":"Alovey Cosmetic Packaging Co.,Ltd","publisher":{"@id":"https:\/\/www.alovey.com\/#organization"},"potentialAction":[{"@type":"SearchAction","target":{"@type":"EntryPoint","urlTemplate":"https:\/\/www.alovey.com\/?s={search_term_string}"},"query-input":{"@type":"PropertyValueSpecification","valueRequired":true,"valueName":"search_term_string"}}],"inLanguage":"fr-FR"},{"@type":"Organization","@id":"https:\/\/www.alovey.com\/#organization","name":"Best Cosmetic Packaging Manufacture","url":"https:\/\/www.alovey.com\/","logo":{"@type":"ImageObject","inLanguage":"fr-FR","@id":"https:\/\/www.alovey.com\/#\/schema\/logo\/image\/","url":"https:\/\/www.alovey.com\/wp-content\/uploads\/2023\/03\/logo.png","contentUrl":"https:\/\/www.alovey.com\/wp-content\/uploads\/2023\/03\/logo.png","width":505,"height":180,"caption":"Best  Cosmetic Packaging Manufacture"},"image":{"@id":"https:\/\/www.alovey.com\/#\/schema\/logo\/image\/"}}]}},"_links":{"self":[{"href":"https:\/\/www.alovey.com\/fr\/wp-json\/wp\/v2\/product\/11970"}],"collection":[{"href":"https:\/\/www.alovey.com\/fr\/wp-json\/wp\/v2\/product"}],"about":[{"href":"https:\/\/www.alovey.com\/fr\/wp-json\/wp\/v2\/types\/product"}],"wp:featuredmedia":[{"embeddable":true,"href":"https:\/\/www.alovey.com\/fr\/wp-json\/wp\/v2\/media\/11973"}],"wp:attachment":[{"href":"https:\/\/www.alovey.com\/fr\/wp-json\/wp\/v2\/media?parent=11970"}],"wp:term":[{"taxonomy":"product_brand","embeddable":true,"href":"https:\/\/www.alovey.com\/fr\/wp-json\/wp\/v2\/product_brand?post=11970"},{"taxonomy":"product_cat","embeddable":true,"href":"https:\/\/www.alovey.com\/fr\/wp-json\/wp\/v2\/product_cat?post=11970"},{"taxonomy":"product_tag","embeddable":true,"href":"https:\/\/www.alovey.com\/fr\/wp-json\/wp\/v2\/product_tag?post=11970"}],"curies":[{"name":"wp","href":"https:\/\/api.w.org\/{rel}","templated":true}]}}