{"id":11800,"date":"2025-10-11T04:01:15","date_gmt":"2025-10-11T04:01:15","guid":{"rendered":"https:\/\/www.alovey.com\/?post_type=product&#038;p=11800"},"modified":"2025-10-11T04:09:14","modified_gmt":"2025-10-11T04:09:14","slug":"wholesale-plastic-round-highlighter-brush-container","status":"publish","type":"product","link":"https:\/\/www.alovey.com\/fr\/produit\/wholesale-plastic-round-highlighter-brush-container\/","title":{"rendered":"Wholesale Plastic Round Highlighter Brush Container"},"content":{"rendered":"<p><strong>This highlighter brush container is with \u00a0perfect blend of style and practicality\u00a0with our sleek, multifunctional makeup brush.<\/strong><\/p>\n<p><strong>Designed for convenience and performance, this highlighter brush container\u00a0features an innovative press-and-dispense mechanism, allowing you to store, dispense, and apply your favorite powder, highlighter, or blush\u00a0with ease.<\/strong><\/p>\n<p><strong>Crafted from durable, high-quality materials, this highlighter brush container is\u00a0 built to withstand daily use and frequent travel, making it an essential tool in any beauty routine.<\/strong><\/p>\n<p><strong>The sealed container design\u00a0keeps your powder fresh and protected from air exposure, while preventing spillage during transport.<\/strong><\/p>\n<p><strong>Enjoy even, controlled application\u00a0every time \u2014 ideal for achieving flawless foundation, blush, or highlighter looks. Whether for touch-ups on the go or professional use, this innovative foundation applicator brush\u00a0ensures effortless blending and a smooth, radiant finish.<\/strong><\/p>\n<p><strong>Elevate your cosmetic\u00a0brand \u00a0with this must-have, eco-conscious beauty solution. Contact us to explore private label opportunities!<\/strong><\/p>\n<p><strong>Nos d\u00e9cennies d'exp\u00e9rience nous permettent de fournir un savoir-faire exceptionnel, des pratiques durables et des services personnalis\u00e9s pour r\u00e9pondre aux besoins uniques de nos clients. Chez Alovey, nous nous consacrons \u00e0 la mise en valeur de votre marque gr\u00e2ce \u00e0 des emballages qui allient fonctionnalit\u00e9, \u00e9l\u00e9gance et innovation.<\/strong><\/p>\n<p><img fetchpriority=\"high\" decoding=\"async\" class=\"size-full wp-image-11806\" src=\"https:\/\/www.alovey.com\/wp-content\/uploads\/2025\/10\/Wholesale-Plastic-Round-Highlighter-Brush-Container-5.jpg\" alt=\"Wholesale Plastic Round Highlighter Brush Container\" width=\"750\" height=\"750\" srcset=\"https:\/\/www.alovey.com\/wp-content\/uploads\/2025\/10\/Wholesale-Plastic-Round-Highlighter-Brush-Container-5.jpg 750w, https:\/\/www.alovey.com\/wp-content\/uploads\/2025\/10\/Wholesale-Plastic-Round-Highlighter-Brush-Container-5-300x300.jpg 300w, https:\/\/www.alovey.com\/wp-content\/uploads\/2025\/10\/Wholesale-Plastic-Round-Highlighter-Brush-Container-5-150x150.jpg 150w, https:\/\/www.alovey.com\/wp-content\/uploads\/2025\/10\/Wholesale-Plastic-Round-Highlighter-Brush-Container-5-12x12.jpg 12w, https:\/\/www.alovey.com\/wp-content\/uploads\/2025\/10\/Wholesale-Plastic-Round-Highlighter-Brush-Container-5-600x600.jpg 600w, https:\/\/www.alovey.com\/wp-content\/uploads\/2025\/10\/Wholesale-Plastic-Round-Highlighter-Brush-Container-5-100x100.jpg 100w\" sizes=\"(max-width: 750px) 100vw, 750px\" \/><\/p>\n<p><img decoding=\"async\" class=\"size-full wp-image-11805\" src=\"https:\/\/www.alovey.com\/wp-content\/uploads\/2025\/10\/Wholesale-Plastic-Round-Highlighter-Brush-Container-4.jpg\" alt=\"Highlighter Brush Tube\" width=\"750\" height=\"750\" srcset=\"https:\/\/www.alovey.com\/wp-content\/uploads\/2025\/10\/Wholesale-Plastic-Round-Highlighter-Brush-Container-4.jpg 750w, https:\/\/www.alovey.com\/wp-content\/uploads\/2025\/10\/Wholesale-Plastic-Round-Highlighter-Brush-Container-4-300x300.jpg 300w, https:\/\/www.alovey.com\/wp-content\/uploads\/2025\/10\/Wholesale-Plastic-Round-Highlighter-Brush-Container-4-150x150.jpg 150w, https:\/\/www.alovey.com\/wp-content\/uploads\/2025\/10\/Wholesale-Plastic-Round-Highlighter-Brush-Container-4-12x12.jpg 12w, https:\/\/www.alovey.com\/wp-content\/uploads\/2025\/10\/Wholesale-Plastic-Round-Highlighter-Brush-Container-4-600x600.jpg 600w, https:\/\/www.alovey.com\/wp-content\/uploads\/2025\/10\/Wholesale-Plastic-Round-Highlighter-Brush-Container-4-100x100.jpg 100w\" sizes=\"(max-width: 750px) 100vw, 750px\" \/><\/p>\n<p><img decoding=\"async\" class=\"size-full wp-image-11804\" src=\"https:\/\/www.alovey.com\/wp-content\/uploads\/2025\/10\/Wholesale-Plastic-Round-Highlighter-Brush-Container-3.jpg\" alt=\"Highlighter Brush Tube\" width=\"750\" height=\"750\" srcset=\"https:\/\/www.alovey.com\/wp-content\/uploads\/2025\/10\/Wholesale-Plastic-Round-Highlighter-Brush-Container-3.jpg 750w, https:\/\/www.alovey.com\/wp-content\/uploads\/2025\/10\/Wholesale-Plastic-Round-Highlighter-Brush-Container-3-300x300.jpg 300w, https:\/\/www.alovey.com\/wp-content\/uploads\/2025\/10\/Wholesale-Plastic-Round-Highlighter-Brush-Container-3-150x150.jpg 150w, https:\/\/www.alovey.com\/wp-content\/uploads\/2025\/10\/Wholesale-Plastic-Round-Highlighter-Brush-Container-3-12x12.jpg 12w, https:\/\/www.alovey.com\/wp-content\/uploads\/2025\/10\/Wholesale-Plastic-Round-Highlighter-Brush-Container-3-600x600.jpg 600w, https:\/\/www.alovey.com\/wp-content\/uploads\/2025\/10\/Wholesale-Plastic-Round-Highlighter-Brush-Container-3-100x100.jpg 100w\" sizes=\"(max-width: 750px) 100vw, 750px\" \/><\/p>\n<p><img loading=\"lazy\" decoding=\"async\" class=\"size-full wp-image-11803\" src=\"https:\/\/www.alovey.com\/wp-content\/uploads\/2025\/10\/Wholesale-Plastic-Round-Highlighter-Brush-Container-2.jpg\" alt=\"Highlighter Brush Tube\" width=\"750\" height=\"750\" srcset=\"https:\/\/www.alovey.com\/wp-content\/uploads\/2025\/10\/Wholesale-Plastic-Round-Highlighter-Brush-Container-2.jpg 750w, https:\/\/www.alovey.com\/wp-content\/uploads\/2025\/10\/Wholesale-Plastic-Round-Highlighter-Brush-Container-2-300x300.jpg 300w, https:\/\/www.alovey.com\/wp-content\/uploads\/2025\/10\/Wholesale-Plastic-Round-Highlighter-Brush-Container-2-150x150.jpg 150w, https:\/\/www.alovey.com\/wp-content\/uploads\/2025\/10\/Wholesale-Plastic-Round-Highlighter-Brush-Container-2-12x12.jpg 12w, https:\/\/www.alovey.com\/wp-content\/uploads\/2025\/10\/Wholesale-Plastic-Round-Highlighter-Brush-Container-2-600x600.jpg 600w, https:\/\/www.alovey.com\/wp-content\/uploads\/2025\/10\/Wholesale-Plastic-Round-Highlighter-Brush-Container-2-100x100.jpg 100w\" sizes=\"(max-width: 750px) 100vw, 750px\" \/><\/p>\n<p><img loading=\"lazy\" decoding=\"async\" class=\"size-full wp-image-11802\" src=\"https:\/\/www.alovey.com\/wp-content\/uploads\/2025\/10\/Wholesale-Plastic-Round-Highlighter-Brush-Container-1.jpg\" alt=\"Highlighter Brush Tube\" width=\"750\" height=\"750\" srcset=\"https:\/\/www.alovey.com\/wp-content\/uploads\/2025\/10\/Wholesale-Plastic-Round-Highlighter-Brush-Container-1.jpg 750w, https:\/\/www.alovey.com\/wp-content\/uploads\/2025\/10\/Wholesale-Plastic-Round-Highlighter-Brush-Container-1-300x300.jpg 300w, https:\/\/www.alovey.com\/wp-content\/uploads\/2025\/10\/Wholesale-Plastic-Round-Highlighter-Brush-Container-1-150x150.jpg 150w, https:\/\/www.alovey.com\/wp-content\/uploads\/2025\/10\/Wholesale-Plastic-Round-Highlighter-Brush-Container-1-12x12.jpg 12w, https:\/\/www.alovey.com\/wp-content\/uploads\/2025\/10\/Wholesale-Plastic-Round-Highlighter-Brush-Container-1-600x600.jpg 600w, https:\/\/www.alovey.com\/wp-content\/uploads\/2025\/10\/Wholesale-Plastic-Round-Highlighter-Brush-Container-1-100x100.jpg 100w\" sizes=\"(max-width: 750px) 100vw, 750px\" \/><\/p>\n<p><img loading=\"lazy\" decoding=\"async\" class=\"size-full wp-image-11801\" src=\"https:\/\/www.alovey.com\/wp-content\/uploads\/2025\/10\/Wholesale-Plastic-Round-Highlighter-Brush-Container-6.jpg\" alt=\"Highlighter Brush Tube\" width=\"750\" height=\"750\" srcset=\"https:\/\/www.alovey.com\/wp-content\/uploads\/2025\/10\/Wholesale-Plastic-Round-Highlighter-Brush-Container-6.jpg 750w, https:\/\/www.alovey.com\/wp-content\/uploads\/2025\/10\/Wholesale-Plastic-Round-Highlighter-Brush-Container-6-300x300.jpg 300w, https:\/\/www.alovey.com\/wp-content\/uploads\/2025\/10\/Wholesale-Plastic-Round-Highlighter-Brush-Container-6-150x150.jpg 150w, https:\/\/www.alovey.com\/wp-content\/uploads\/2025\/10\/Wholesale-Plastic-Round-Highlighter-Brush-Container-6-12x12.jpg 12w, https:\/\/www.alovey.com\/wp-content\/uploads\/2025\/10\/Wholesale-Plastic-Round-Highlighter-Brush-Container-6-600x600.jpg 600w, https:\/\/www.alovey.com\/wp-content\/uploads\/2025\/10\/Wholesale-Plastic-Round-Highlighter-Brush-Container-6-100x100.jpg 100w\" sizes=\"(max-width: 750px) 100vw, 750px\" \/><\/p>\n<p>&nbsp;<\/p>\n<p>&nbsp;<\/p>\n<p>&nbsp;<\/p>\n<p>&nbsp;<\/p>\n<p>&nbsp;<\/p>\n<p>&nbsp;<\/p>\n<p>&nbsp;<\/p>\n<p>&nbsp;<\/p>\n<p>&nbsp;<\/p>\n<p>&nbsp;<\/p>\n<p>&nbsp;<\/p>\n<p>&nbsp;<\/p>\n<p>&nbsp;<\/p>\n<p>&nbsp;<\/p>\n<p>&nbsp;<\/p>\n<p>&nbsp;<\/p>\n<p>&nbsp;<\/p>\n<p>&nbsp;<\/p>\n<p>&nbsp;<\/p>\n<p>&nbsp;<\/p>\n<p>&nbsp;<\/p>\n<p>&nbsp;<\/p>\n<p>&nbsp;<\/p>\n<p>&nbsp;<\/p>\n<p>&nbsp;<\/p>\n<p>&nbsp;<\/p>\n<p>&nbsp;<\/p>\n<p>&nbsp;<\/p>\n<p>&nbsp;<\/p>\n<p>&nbsp;<\/p>\n<p>&nbsp;<\/p>\n<p>&nbsp;<\/p>\n<p>&nbsp;<\/p>\n<p>&nbsp;<\/p>\n<p>&nbsp;<\/p>\n<p>&nbsp;<\/p>\n<p>&nbsp;<\/p>\n<p>&nbsp;<\/p>\n<p>&nbsp;<\/p>\n<p>&nbsp;<\/p>\n<p>&nbsp;<\/p>\n<p>&nbsp;<\/p>\n<p>&nbsp;<\/p>\n<p>&nbsp;<\/p>\n<p>&nbsp;<\/p>\n<p>&nbsp;<\/p>\n<p>&nbsp;<\/p>\n<p>&nbsp;<\/p>\n<p>&nbsp;<\/p>\n<p>&nbsp;<\/p>\n<p>&nbsp;<\/p>\n<p>&nbsp;<\/p>\n<p>&nbsp;<\/p>\n<p>&nbsp;<\/p>\n<p>&nbsp;<\/p>\n<p>&nbsp;<\/p>\n<p>&nbsp;<\/p>\n<p>&nbsp;<\/p>\n<p>&nbsp;<\/p>\n<p>&nbsp;<\/p>\n<p>&nbsp;<\/p>\n<p>&nbsp;<\/p>\n<p>&nbsp;<\/p>\n<p>&nbsp;<\/p>\n<p>&nbsp;<\/p>\n<p>&nbsp;<\/p>\n<p>&nbsp;<\/p>\n<p>&nbsp;<\/p>\n<p>&nbsp;<\/p>\n<p>&nbsp;<\/p>\n<p>&nbsp;<\/p>\n<p>&nbsp;<\/p>\n<p>&nbsp;<\/p>\n<p>&nbsp;<\/p>\n<p>&nbsp;<\/p>\n<p>&nbsp;<\/p>\n<p>&nbsp;<\/p>\n<p>&nbsp;<\/p>\n<p>&nbsp;<\/p>\n<p>&nbsp;<\/p>\n<p>&nbsp;<\/p>\n<p>&nbsp;<\/p>\n<p>&nbsp;<\/p>\n<p>&nbsp;<\/p>\n<p>&nbsp;<\/p>\n<p>&nbsp;<\/p>\n<p>&nbsp;<\/p>\n<p>&nbsp;<\/p>\n<p>&nbsp;<\/p>\n<p>&nbsp;<\/p>\n<p>&nbsp;<\/p>\n<p>&nbsp;<\/p>\n<p>&nbsp;<\/p>\n<p>&nbsp;<\/p>\n<p>&nbsp;<\/p>\n<p>&nbsp;<\/p>\n<p>&nbsp;<\/p>\n<p>&nbsp;<\/p>\n<p>&nbsp;<\/p>\n<p>&nbsp;<\/p>\n<p>&nbsp;<\/p>\n<p>&nbsp;<\/p>\n<p>&nbsp;<\/p>\n<p>&nbsp;<\/p>\n<p>&nbsp;<\/p>\n<p>&nbsp;<\/p>\n<p>&nbsp;<\/p>\n<p>&nbsp;<\/p>\n<p>&nbsp;<\/p>\n<p>&nbsp;<\/p>\n<p>&nbsp;<\/p>\n<p>&nbsp;<\/p>\n<p>&nbsp;<\/p>\n<p>&nbsp;<\/p>\n<p>&nbsp;<\/p>\n<p>&nbsp;<\/p>\n<p>&nbsp;<\/p>\n<p>&nbsp;<\/p>\n<p>&nbsp;<\/p>\n<p>&nbsp;<\/p>\n<p>&nbsp;<\/p>\n<p>&nbsp;<\/p>\n<p>&nbsp;<\/p>\n<p>&nbsp;<\/p>\n<p>&nbsp;<\/p>\n<p>&nbsp;<\/p>\n<p>&nbsp;<\/p>\n<p>&nbsp;<\/p>\n<p>&nbsp;<\/p>\n<p>&nbsp;<\/p>\n<p>&nbsp;<\/p>\n<p>&nbsp;<\/p>\n<p>&nbsp;<\/p>\n<p>&nbsp;<\/p>\n<p>&nbsp;<\/p>\n<p>&nbsp;<\/p>\n<p>&nbsp;<\/p>\n<p>&nbsp;<\/p>\n<p>&nbsp;<\/p>\n<p>&nbsp;<\/p>\n<p>&nbsp;<\/p>\n<p>&nbsp;<\/p>","protected":false},"excerpt":{"rendered":"<ul>\n<li>Item No:B-Y015A<\/li>\n<li>Mat\u00e9riau : Plastique<\/li>\n<li>Capacity: 10G<\/li>\n<li>Size:\u00a0D28*H135MM<\/li>\n<li>Applications : Produits de beaut\u00e9<\/li>\n<li>MOQ : 12 000 pi\u00e8ces<\/li>\n<li>Couleur : couleur personnalis\u00e9e<\/li>\n<li>Surface treatment: Injection\/Matte\/Metalization\/UV coating<\/li>\n<li>Nom de marque : OEM\/ODM<\/li>\n<li>Logo : Logo du client<\/li>\n<li>Capacit\u00e9 de production : 100 000 pi\u00e8ces par mois<\/li>\n<\/ul>","protected":false},"featured_media":11804,"template":"","meta":{"_acf_changed":false},"product_brand":[],"product_cat":[381],"product_tag":[408,455],"class_list":{"0":"post-11800","1":"product","2":"type-product","3":"status-publish","4":"has-post-thumbnail","6":"product_cat-the-foundation-stick-tube-for-cosmetic","7":"product_tag-concealer-tube","8":"product_tag-highlighter-tube","10":"first","11":"instock","12":"shipping-taxable","13":"product-type-simple"},"acf":[],"yoast_head":"<!-- This site is optimized with the Yoast SEO plugin v24.1 - https:\/\/yoast.com\/wordpress\/plugins\/seo\/ -->\n<title>Wholesale Plastic Round Highlighter Brush Container<\/title>\n<meta name=\"description\" content=\"This highlighter brush container is with perfect blend of style and practicality with our sleek, multifunctional makeup brush.\" \/>\n<meta name=\"robots\" content=\"index, follow, max-snippet:-1, max-image-preview:large, max-video-preview:-1\" \/>\n<link rel=\"canonical\" href=\"https:\/\/www.alovey.com\/fr\/produit\/wholesale-plastic-round-highlighter-brush-container\/\" \/>\n<meta property=\"og:locale\" content=\"fr_FR\" \/>\n<meta property=\"og:type\" content=\"article\" \/>\n<meta property=\"og:title\" content=\"Wholesale Plastic Round Highlighter Brush Container\" \/>\n<meta property=\"og:description\" content=\"This highlighter brush container is with perfect blend of style and practicality with our sleek, multifunctional makeup brush.\" \/>\n<meta property=\"og:url\" content=\"https:\/\/www.alovey.com\/fr\/produit\/wholesale-plastic-round-highlighter-brush-container\/\" \/>\n<meta property=\"og:site_name\" content=\"Best Cosmetic Packaging Manufacture\" \/>\n<meta property=\"article:modified_time\" content=\"2025-10-11T04:09:14+00:00\" \/>\n<meta property=\"og:image\" content=\"https:\/\/www.alovey.com\/wp-content\/uploads\/2025\/10\/Wholesale-Plastic-Round-Highlighter-Brush-Container-3.jpg\" \/>\n\t<meta property=\"og:image:width\" content=\"750\" \/>\n\t<meta property=\"og:image:height\" content=\"750\" \/>\n\t<meta property=\"og:image:type\" content=\"image\/jpeg\" \/>\n<meta name=\"twitter:card\" content=\"summary_large_image\" \/>\n<meta name=\"twitter:label1\" content=\"Dur\u00e9e de lecture estim\u00e9e\" \/>\n\t<meta name=\"twitter:data1\" content=\"3 minutes\" \/>\n<script type=\"application\/ld+json\" class=\"yoast-schema-graph\">{\"@context\":\"https:\/\/schema.org\",\"@graph\":[{\"@type\":\"WebPage\",\"@id\":\"https:\/\/www.alovey.com\/product\/wholesale-plastic-round-highlighter-brush-container\/\",\"url\":\"https:\/\/www.alovey.com\/product\/wholesale-plastic-round-highlighter-brush-container\/\",\"name\":\"Wholesale Plastic Round Highlighter Brush Container\",\"isPartOf\":{\"@id\":\"https:\/\/www.alovey.com\/#website\"},\"primaryImageOfPage\":{\"@id\":\"https:\/\/www.alovey.com\/product\/wholesale-plastic-round-highlighter-brush-container\/#primaryimage\"},\"image\":{\"@id\":\"https:\/\/www.alovey.com\/product\/wholesale-plastic-round-highlighter-brush-container\/#primaryimage\"},\"thumbnailUrl\":\"https:\/\/www.alovey.com\/wp-content\/uploads\/2025\/10\/Wholesale-Plastic-Round-Highlighter-Brush-Container-3.jpg\",\"datePublished\":\"2025-10-11T04:01:15+00:00\",\"dateModified\":\"2025-10-11T04:09:14+00:00\",\"description\":\"This highlighter brush container is with perfect blend of style and practicality with our sleek, multifunctional makeup brush.\",\"breadcrumb\":{\"@id\":\"https:\/\/www.alovey.com\/product\/wholesale-plastic-round-highlighter-brush-container\/#breadcrumb\"},\"inLanguage\":\"fr-FR\",\"potentialAction\":[{\"@type\":\"ReadAction\",\"target\":[\"https:\/\/www.alovey.com\/product\/wholesale-plastic-round-highlighter-brush-container\/\"]}]},{\"@type\":\"ImageObject\",\"inLanguage\":\"fr-FR\",\"@id\":\"https:\/\/www.alovey.com\/product\/wholesale-plastic-round-highlighter-brush-container\/#primaryimage\",\"url\":\"https:\/\/www.alovey.com\/wp-content\/uploads\/2025\/10\/Wholesale-Plastic-Round-Highlighter-Brush-Container-3.jpg\",\"contentUrl\":\"https:\/\/www.alovey.com\/wp-content\/uploads\/2025\/10\/Wholesale-Plastic-Round-Highlighter-Brush-Container-3.jpg\",\"width\":750,\"height\":750,\"caption\":\"Wholesale Plastic Round Highlighter Brush Container Wholesale Plastic Round Highlighter Brush Container\"},{\"@type\":\"BreadcrumbList\",\"@id\":\"https:\/\/www.alovey.com\/product\/wholesale-plastic-round-highlighter-brush-container\/#breadcrumb\",\"itemListElement\":[{\"@type\":\"ListItem\",\"position\":1,\"name\":\"\u9996\u9875\",\"item\":\"https:\/\/www.alovey.com\/\"},{\"@type\":\"ListItem\",\"position\":2,\"name\":\"Products\",\"item\":\"https:\/\/www.alovey.com\/products\/\"},{\"@type\":\"ListItem\",\"position\":3,\"name\":\"Wholesale Plastic Round Highlighter Brush Container\"}]},{\"@type\":\"WebSite\",\"@id\":\"https:\/\/www.alovey.com\/#website\",\"url\":\"https:\/\/www.alovey.com\/\",\"name\":\"Best Cosmetic Packaging Manufacture\",\"description\":\"Alovey Cosmetic Packaging Co.,Ltd\",\"publisher\":{\"@id\":\"https:\/\/www.alovey.com\/#organization\"},\"potentialAction\":[{\"@type\":\"SearchAction\",\"target\":{\"@type\":\"EntryPoint\",\"urlTemplate\":\"https:\/\/www.alovey.com\/?s={search_term_string}\"},\"query-input\":{\"@type\":\"PropertyValueSpecification\",\"valueRequired\":true,\"valueName\":\"search_term_string\"}}],\"inLanguage\":\"fr-FR\"},{\"@type\":\"Organization\",\"@id\":\"https:\/\/www.alovey.com\/#organization\",\"name\":\"Best Cosmetic Packaging Manufacture\",\"url\":\"https:\/\/www.alovey.com\/\",\"logo\":{\"@type\":\"ImageObject\",\"inLanguage\":\"fr-FR\",\"@id\":\"https:\/\/www.alovey.com\/#\/schema\/logo\/image\/\",\"url\":\"https:\/\/www.alovey.com\/wp-content\/uploads\/2023\/03\/logo.png\",\"contentUrl\":\"https:\/\/www.alovey.com\/wp-content\/uploads\/2023\/03\/logo.png\",\"width\":505,\"height\":180,\"caption\":\"Best  Cosmetic Packaging Manufacture\"},\"image\":{\"@id\":\"https:\/\/www.alovey.com\/#\/schema\/logo\/image\/\"}}]}<\/script>\n<!-- \/ Yoast SEO plugin. -->","yoast_head_json":{"title":"Wholesale Plastic Round Highlighter Brush Container","description":"This highlighter brush container is with perfect blend of style and practicality with our sleek, multifunctional makeup brush.","robots":{"index":"index","follow":"follow","max-snippet":"max-snippet:-1","max-image-preview":"max-image-preview:large","max-video-preview":"max-video-preview:-1"},"canonical":"https:\/\/www.alovey.com\/fr\/produit\/wholesale-plastic-round-highlighter-brush-container\/","og_locale":"fr_FR","og_type":"article","og_title":"Wholesale Plastic Round Highlighter Brush Container","og_description":"This highlighter brush container is with perfect blend of style and practicality with our sleek, multifunctional makeup brush.","og_url":"https:\/\/www.alovey.com\/fr\/produit\/wholesale-plastic-round-highlighter-brush-container\/","og_site_name":"Best Cosmetic Packaging Manufacture","article_modified_time":"2025-10-11T04:09:14+00:00","og_image":[{"width":750,"height":750,"url":"https:\/\/www.alovey.com\/wp-content\/uploads\/2025\/10\/Wholesale-Plastic-Round-Highlighter-Brush-Container-3.jpg","type":"image\/jpeg"}],"twitter_card":"summary_large_image","twitter_misc":{"Dur\u00e9e de lecture estim\u00e9e":"3 minutes"},"schema":{"@context":"https:\/\/schema.org","@graph":[{"@type":"WebPage","@id":"https:\/\/www.alovey.com\/product\/wholesale-plastic-round-highlighter-brush-container\/","url":"https:\/\/www.alovey.com\/product\/wholesale-plastic-round-highlighter-brush-container\/","name":"Wholesale Plastic Round Highlighter Brush Container","isPartOf":{"@id":"https:\/\/www.alovey.com\/#website"},"primaryImageOfPage":{"@id":"https:\/\/www.alovey.com\/product\/wholesale-plastic-round-highlighter-brush-container\/#primaryimage"},"image":{"@id":"https:\/\/www.alovey.com\/product\/wholesale-plastic-round-highlighter-brush-container\/#primaryimage"},"thumbnailUrl":"https:\/\/www.alovey.com\/wp-content\/uploads\/2025\/10\/Wholesale-Plastic-Round-Highlighter-Brush-Container-3.jpg","datePublished":"2025-10-11T04:01:15+00:00","dateModified":"2025-10-11T04:09:14+00:00","description":"This highlighter brush container is with perfect blend of style and practicality with our sleek, multifunctional makeup brush.","breadcrumb":{"@id":"https:\/\/www.alovey.com\/product\/wholesale-plastic-round-highlighter-brush-container\/#breadcrumb"},"inLanguage":"fr-FR","potentialAction":[{"@type":"ReadAction","target":["https:\/\/www.alovey.com\/product\/wholesale-plastic-round-highlighter-brush-container\/"]}]},{"@type":"ImageObject","inLanguage":"fr-FR","@id":"https:\/\/www.alovey.com\/product\/wholesale-plastic-round-highlighter-brush-container\/#primaryimage","url":"https:\/\/www.alovey.com\/wp-content\/uploads\/2025\/10\/Wholesale-Plastic-Round-Highlighter-Brush-Container-3.jpg","contentUrl":"https:\/\/www.alovey.com\/wp-content\/uploads\/2025\/10\/Wholesale-Plastic-Round-Highlighter-Brush-Container-3.jpg","width":750,"height":750,"caption":"Wholesale Plastic Round Highlighter Brush Container Wholesale Plastic Round Highlighter Brush Container"},{"@type":"BreadcrumbList","@id":"https:\/\/www.alovey.com\/product\/wholesale-plastic-round-highlighter-brush-container\/#breadcrumb","itemListElement":[{"@type":"ListItem","position":1,"name":"\u9996\u9875","item":"https:\/\/www.alovey.com\/"},{"@type":"ListItem","position":2,"name":"Products","item":"https:\/\/www.alovey.com\/products\/"},{"@type":"ListItem","position":3,"name":"Wholesale Plastic Round Highlighter Brush Container"}]},{"@type":"WebSite","@id":"https:\/\/www.alovey.com\/#website","url":"https:\/\/www.alovey.com\/","name":"Best Cosmetic Packaging Manufacture","description":"Alovey Cosmetic Packaging Co.,Ltd","publisher":{"@id":"https:\/\/www.alovey.com\/#organization"},"potentialAction":[{"@type":"SearchAction","target":{"@type":"EntryPoint","urlTemplate":"https:\/\/www.alovey.com\/?s={search_term_string}"},"query-input":{"@type":"PropertyValueSpecification","valueRequired":true,"valueName":"search_term_string"}}],"inLanguage":"fr-FR"},{"@type":"Organization","@id":"https:\/\/www.alovey.com\/#organization","name":"Best Cosmetic Packaging Manufacture","url":"https:\/\/www.alovey.com\/","logo":{"@type":"ImageObject","inLanguage":"fr-FR","@id":"https:\/\/www.alovey.com\/#\/schema\/logo\/image\/","url":"https:\/\/www.alovey.com\/wp-content\/uploads\/2023\/03\/logo.png","contentUrl":"https:\/\/www.alovey.com\/wp-content\/uploads\/2023\/03\/logo.png","width":505,"height":180,"caption":"Best  Cosmetic Packaging Manufacture"},"image":{"@id":"https:\/\/www.alovey.com\/#\/schema\/logo\/image\/"}}]}},"_links":{"self":[{"href":"https:\/\/www.alovey.com\/fr\/wp-json\/wp\/v2\/product\/11800"}],"collection":[{"href":"https:\/\/www.alovey.com\/fr\/wp-json\/wp\/v2\/product"}],"about":[{"href":"https:\/\/www.alovey.com\/fr\/wp-json\/wp\/v2\/types\/product"}],"wp:featuredmedia":[{"embeddable":true,"href":"https:\/\/www.alovey.com\/fr\/wp-json\/wp\/v2\/media\/11804"}],"wp:attachment":[{"href":"https:\/\/www.alovey.com\/fr\/wp-json\/wp\/v2\/media?parent=11800"}],"wp:term":[{"taxonomy":"product_brand","embeddable":true,"href":"https:\/\/www.alovey.com\/fr\/wp-json\/wp\/v2\/product_brand?post=11800"},{"taxonomy":"product_cat","embeddable":true,"href":"https:\/\/www.alovey.com\/fr\/wp-json\/wp\/v2\/product_cat?post=11800"},{"taxonomy":"product_tag","embeddable":true,"href":"https:\/\/www.alovey.com\/fr\/wp-json\/wp\/v2\/product_tag?post=11800"}],"curies":[{"name":"wp","href":"https:\/\/api.w.org\/{rel}","templated":true}]}}