{"id":11407,"date":"2025-08-27T07:16:00","date_gmt":"2025-08-27T07:16:00","guid":{"rendered":"https:\/\/www.alovey.com\/?post_type=product&#038;p=11407"},"modified":"2025-08-27T07:31:19","modified_gmt":"2025-08-27T07:31:19","slug":"heart-shaped-lip-oil-bottles-with-clear-tube","status":"publish","type":"product","link":"https:\/\/www.alovey.com\/fr\/produit\/heart-shaped-lip-oil-bottles-with-clear-tube\/","title":{"rendered":"Heart Shaped Lip Oil Bottles with Clear Tube"},"content":{"rendered":"<p><strong>These\u00a0adorable heart-shaped lip oil bottle\u00a0are\u00a0designed to add charm and uniqueness to your cosmetic packaging.<\/strong><\/p>\n<p><strong>Featuring a clear tube body, it beautifully showcases the color and texture of your lip oils, glosses, or serums.<\/strong><\/p>\n<p><strong>The compact design is both stylish and practical, making it easy to carry in a purse or makeup bag.<\/strong><\/p>\n<p><strong>Perfect for cosmetic brands looking to create a fun, trendy, and eye-catching appeal, this cosmetic packaging combines playful aesthetics with everyday functionality.<\/strong><\/p>\n<p><strong>Alovey, fabricant professionnel chinois d'emballages cosm\u00e9tiques, produit une gamme exquise d'emballages cosm\u00e9tiques personnalis\u00e9s, m\u00e9ticuleusement con\u00e7us pour rehausser votre marque. Notre s\u00e9lection vari\u00e9e de mat\u00e9riaux de premi\u00e8re qualit\u00e9, associ\u00e9e \u00e0 des techniques de finition de surface d\u00e9licates telles que la s\u00e9rigraphie, l'estampage \u00e0 chaud et la pulv\u00e9risation mate, fait de chaque emballage un chef-d'\u0153uvre unique.<\/strong><\/p>\n<p><img fetchpriority=\"high\" decoding=\"async\" class=\"size-full wp-image-11412\" src=\"https:\/\/www.alovey.com\/wp-content\/uploads\/2025\/08\/Heart-Shaped-Lip-Oil-Bottles-with-Clear-Tube-4.jpg\" alt=\"lip oil bottles\" width=\"750\" height=\"750\" srcset=\"https:\/\/www.alovey.com\/wp-content\/uploads\/2025\/08\/Heart-Shaped-Lip-Oil-Bottles-with-Clear-Tube-4.jpg 750w, https:\/\/www.alovey.com\/wp-content\/uploads\/2025\/08\/Heart-Shaped-Lip-Oil-Bottles-with-Clear-Tube-4-300x300.jpg 300w, https:\/\/www.alovey.com\/wp-content\/uploads\/2025\/08\/Heart-Shaped-Lip-Oil-Bottles-with-Clear-Tube-4-150x150.jpg 150w, https:\/\/www.alovey.com\/wp-content\/uploads\/2025\/08\/Heart-Shaped-Lip-Oil-Bottles-with-Clear-Tube-4-12x12.jpg 12w, https:\/\/www.alovey.com\/wp-content\/uploads\/2025\/08\/Heart-Shaped-Lip-Oil-Bottles-with-Clear-Tube-4-600x600.jpg 600w, https:\/\/www.alovey.com\/wp-content\/uploads\/2025\/08\/Heart-Shaped-Lip-Oil-Bottles-with-Clear-Tube-4-100x100.jpg 100w\" sizes=\"(max-width: 750px) 100vw, 750px\" \/><\/p>\n<figure id=\"attachment_11411\" aria-describedby=\"caption-attachment-11411\" style=\"width: 750px\" class=\"wp-caption alignnone\"><img decoding=\"async\" class=\"size-full wp-image-11411\" src=\"https:\/\/www.alovey.com\/wp-content\/uploads\/2025\/08\/Heart-Shaped-Lip-Oil-Bottles-with-Clear-Tube-3.jpg\" alt=\"lip oil bottles\" width=\"750\" height=\"750\" srcset=\"https:\/\/www.alovey.com\/wp-content\/uploads\/2025\/08\/Heart-Shaped-Lip-Oil-Bottles-with-Clear-Tube-3.jpg 750w, https:\/\/www.alovey.com\/wp-content\/uploads\/2025\/08\/Heart-Shaped-Lip-Oil-Bottles-with-Clear-Tube-3-300x300.jpg 300w, https:\/\/www.alovey.com\/wp-content\/uploads\/2025\/08\/Heart-Shaped-Lip-Oil-Bottles-with-Clear-Tube-3-150x150.jpg 150w, https:\/\/www.alovey.com\/wp-content\/uploads\/2025\/08\/Heart-Shaped-Lip-Oil-Bottles-with-Clear-Tube-3-12x12.jpg 12w, https:\/\/www.alovey.com\/wp-content\/uploads\/2025\/08\/Heart-Shaped-Lip-Oil-Bottles-with-Clear-Tube-3-600x600.jpg 600w, https:\/\/www.alovey.com\/wp-content\/uploads\/2025\/08\/Heart-Shaped-Lip-Oil-Bottles-with-Clear-Tube-3-100x100.jpg 100w\" sizes=\"(max-width: 750px) 100vw, 750px\" \/><figcaption id=\"caption-attachment-11411\" class=\"wp-caption-text\"><img decoding=\"async\" class=\"size-full wp-image-11410\" src=\"https:\/\/www.alovey.com\/wp-content\/uploads\/2025\/08\/Heart-Shaped-Lip-Oil-Bottles-with-Clear-Tube-2.jpg\" alt=\"lip oil bottles\" width=\"750\" height=\"750\" srcset=\"https:\/\/www.alovey.com\/wp-content\/uploads\/2025\/08\/Heart-Shaped-Lip-Oil-Bottles-with-Clear-Tube-2.jpg 750w, https:\/\/www.alovey.com\/wp-content\/uploads\/2025\/08\/Heart-Shaped-Lip-Oil-Bottles-with-Clear-Tube-2-300x300.jpg 300w, https:\/\/www.alovey.com\/wp-content\/uploads\/2025\/08\/Heart-Shaped-Lip-Oil-Bottles-with-Clear-Tube-2-150x150.jpg 150w, https:\/\/www.alovey.com\/wp-content\/uploads\/2025\/08\/Heart-Shaped-Lip-Oil-Bottles-with-Clear-Tube-2-12x12.jpg 12w, https:\/\/www.alovey.com\/wp-content\/uploads\/2025\/08\/Heart-Shaped-Lip-Oil-Bottles-with-Clear-Tube-2-600x600.jpg 600w, https:\/\/www.alovey.com\/wp-content\/uploads\/2025\/08\/Heart-Shaped-Lip-Oil-Bottles-with-Clear-Tube-2-100x100.jpg 100w\" sizes=\"(max-width: 750px) 100vw, 750px\" \/><\/figcaption><\/figure>\n<p><img loading=\"lazy\" decoding=\"async\" class=\"size-full wp-image-11409\" src=\"https:\/\/www.alovey.com\/wp-content\/uploads\/2025\/08\/Heart-Shaped-Lip-Oil-Bottles-with-Clear-Tube-1.jpg\" alt=\"lip oil bottles\" width=\"750\" height=\"750\" srcset=\"https:\/\/www.alovey.com\/wp-content\/uploads\/2025\/08\/Heart-Shaped-Lip-Oil-Bottles-with-Clear-Tube-1.jpg 750w, https:\/\/www.alovey.com\/wp-content\/uploads\/2025\/08\/Heart-Shaped-Lip-Oil-Bottles-with-Clear-Tube-1-300x300.jpg 300w, https:\/\/www.alovey.com\/wp-content\/uploads\/2025\/08\/Heart-Shaped-Lip-Oil-Bottles-with-Clear-Tube-1-150x150.jpg 150w, https:\/\/www.alovey.com\/wp-content\/uploads\/2025\/08\/Heart-Shaped-Lip-Oil-Bottles-with-Clear-Tube-1-12x12.jpg 12w, https:\/\/www.alovey.com\/wp-content\/uploads\/2025\/08\/Heart-Shaped-Lip-Oil-Bottles-with-Clear-Tube-1-600x600.jpg 600w, https:\/\/www.alovey.com\/wp-content\/uploads\/2025\/08\/Heart-Shaped-Lip-Oil-Bottles-with-Clear-Tube-1-100x100.jpg 100w\" sizes=\"(max-width: 750px) 100vw, 750px\" \/><\/p>\n<p><img loading=\"lazy\" decoding=\"async\" class=\"size-full wp-image-11413\" src=\"https:\/\/www.alovey.com\/wp-content\/uploads\/2025\/08\/Heart-Shaped-Lip-Oil-Bottles-with-Clear-Tube-5.jpg\" alt=\"lip oil bottles\" width=\"750\" height=\"750\" srcset=\"https:\/\/www.alovey.com\/wp-content\/uploads\/2025\/08\/Heart-Shaped-Lip-Oil-Bottles-with-Clear-Tube-5.jpg 750w, https:\/\/www.alovey.com\/wp-content\/uploads\/2025\/08\/Heart-Shaped-Lip-Oil-Bottles-with-Clear-Tube-5-300x300.jpg 300w, https:\/\/www.alovey.com\/wp-content\/uploads\/2025\/08\/Heart-Shaped-Lip-Oil-Bottles-with-Clear-Tube-5-150x150.jpg 150w, https:\/\/www.alovey.com\/wp-content\/uploads\/2025\/08\/Heart-Shaped-Lip-Oil-Bottles-with-Clear-Tube-5-12x12.jpg 12w, https:\/\/www.alovey.com\/wp-content\/uploads\/2025\/08\/Heart-Shaped-Lip-Oil-Bottles-with-Clear-Tube-5-600x600.jpg 600w, https:\/\/www.alovey.com\/wp-content\/uploads\/2025\/08\/Heart-Shaped-Lip-Oil-Bottles-with-Clear-Tube-5-100x100.jpg 100w\" sizes=\"(max-width: 750px) 100vw, 750px\" \/><\/p>\n<p><img loading=\"lazy\" decoding=\"async\" class=\"size-full wp-image-11408\" src=\"https:\/\/www.alovey.com\/wp-content\/uploads\/2025\/08\/Heart-Shaped-Lip-Oil-Bottles-with-Clear-Tube-6.jpg\" alt=\"lip oil bottles\" width=\"750\" height=\"750\" srcset=\"https:\/\/www.alovey.com\/wp-content\/uploads\/2025\/08\/Heart-Shaped-Lip-Oil-Bottles-with-Clear-Tube-6.jpg 750w, https:\/\/www.alovey.com\/wp-content\/uploads\/2025\/08\/Heart-Shaped-Lip-Oil-Bottles-with-Clear-Tube-6-300x300.jpg 300w, https:\/\/www.alovey.com\/wp-content\/uploads\/2025\/08\/Heart-Shaped-Lip-Oil-Bottles-with-Clear-Tube-6-150x150.jpg 150w, https:\/\/www.alovey.com\/wp-content\/uploads\/2025\/08\/Heart-Shaped-Lip-Oil-Bottles-with-Clear-Tube-6-12x12.jpg 12w, https:\/\/www.alovey.com\/wp-content\/uploads\/2025\/08\/Heart-Shaped-Lip-Oil-Bottles-with-Clear-Tube-6-600x600.jpg 600w, https:\/\/www.alovey.com\/wp-content\/uploads\/2025\/08\/Heart-Shaped-Lip-Oil-Bottles-with-Clear-Tube-6-100x100.jpg 100w\" sizes=\"(max-width: 750px) 100vw, 750px\" \/><\/p>\n<p>&nbsp;<\/p>\n<p>&nbsp;<\/p>\n<p>&nbsp;<\/p>\n<p>&nbsp;<\/p>\n<p>&nbsp;<\/p>\n<p>&nbsp;<\/p>\n<p>&nbsp;<\/p>\n<p>&nbsp;<\/p>\n<p>&nbsp;<\/p>\n<p>&nbsp;<\/p>\n<p>&nbsp;<\/p>\n<p>&nbsp;<\/p>\n<p>&nbsp;<\/p>\n<p>&nbsp;<\/p>\n<p>&nbsp;<\/p>\n<p>&nbsp;<\/p>\n<p>&nbsp;<\/p>\n<p>&nbsp;<\/p>\n<p>&nbsp;<\/p>\n<p>&nbsp;<\/p>\n<p>&nbsp;<\/p>\n<p>&nbsp;<\/p>\n<p>&nbsp;<\/p>\n<p>&nbsp;<\/p>\n<p>&nbsp;<\/p>\n<p>&nbsp;<\/p>\n<p>&nbsp;<\/p>\n<p>&nbsp;<\/p>\n<p>&nbsp;<\/p>\n<p>&nbsp;<\/p>\n<p>&nbsp;<\/p>\n<p>&nbsp;<\/p>\n<p>&nbsp;<\/p>\n<p>&nbsp;<\/p>\n<p>&nbsp;<\/p>\n<p>&nbsp;<\/p>\n<p>&nbsp;<\/p>\n<p>&nbsp;<\/p>\n<p>&nbsp;<\/p>\n<p>&nbsp;<\/p>\n<p>&nbsp;<\/p>\n<p>&nbsp;<\/p>\n<p>&nbsp;<\/p>\n<p>&nbsp;<\/p>\n<p>&nbsp;<\/p>\n<p>&nbsp;<\/p>\n<p>&nbsp;<\/p>\n<p>&nbsp;<\/p>\n<p>&nbsp;<\/p>\n<p>&nbsp;<\/p>\n<p>&nbsp;<\/p>\n<p>&nbsp;<\/p>\n<p>&nbsp;<\/p>\n<p>&nbsp;<\/p>\n<p>&nbsp;<\/p>\n<p>&nbsp;<\/p>\n<p>&nbsp;<\/p>\n<p>&nbsp;<\/p>\n<p>&nbsp;<\/p>\n<p>&nbsp;<\/p>\n<p>&nbsp;<\/p>\n<p>&nbsp;<\/p>\n<p>&nbsp;<\/p>\n<p>&nbsp;<\/p>\n<p>&nbsp;<\/p>\n<p>&nbsp;<\/p>\n<p>&nbsp;<\/p>\n<p>&nbsp;<\/p>\n<p>&nbsp;<\/p>\n<p>&nbsp;<\/p>\n<p>&nbsp;<\/p>\n<p>&nbsp;<\/p>\n<p>&nbsp;<\/p>\n<p>&nbsp;<\/p>\n<p>&nbsp;<\/p>\n<p>&nbsp;<\/p>\n<p>&nbsp;<\/p>\n<p>&nbsp;<\/p>\n<p>&nbsp;<\/p>\n<p>&nbsp;<\/p>\n<p>&nbsp;<\/p>\n<p>&nbsp;<\/p>\n<p>&nbsp;<\/p>\n<p>&nbsp;<\/p>\n<p>&nbsp;<\/p>\n<p>&nbsp;<\/p>\n<p>&nbsp;<\/p>\n<p>&nbsp;<\/p>\n<p>&nbsp;<\/p>\n<p>&nbsp;<\/p>\n<p>&nbsp;<\/p>\n<p>&nbsp;<\/p>\n<p>&nbsp;<\/p>\n<p>&nbsp;<\/p>\n<p>&nbsp;<\/p>\n<p>&nbsp;<\/p>","protected":false},"excerpt":{"rendered":"<ul>\n<li>Item No: P-J0425B<\/li>\n<li>Mat\u00e9riau : Plastique<\/li>\n<li>Size:\u00a0D23.5*H95.5MM<\/li>\n<li>Applications : Produits de beaut\u00e9<\/li>\n<li>MOQ : 12 000 pi\u00e8ces<\/li>\n<li>Couleur : couleur personnalis\u00e9e<\/li>\n<li>Surface treatment: Injection\/Matte\/Metalization\/UV coating<\/li>\n<li>Nom de marque : OEM\/ODM<\/li>\n<li>Logo : Logo du client<\/li>\n<li>Capacit\u00e9 de production : 100 000 pi\u00e8ces par mois<\/li>\n<\/ul>","protected":false},"featured_media":11410,"template":"","meta":{"_acf_changed":false},"product_brand":[],"product_cat":[372,381],"product_tag":[394,447,388],"class_list":{"0":"post-11407","1":"product","2":"type-product","3":"status-publish","4":"has-post-thumbnail","6":"product_cat-lipgloss-tube","7":"product_cat-the-foundation-stick-tube-for-cosmetic","8":"product_tag-foundation-stick-tube","9":"product_tag-lip-gel-tube","10":"product_tag-lip-gloss-tube","12":"first","13":"instock","14":"shipping-taxable","15":"product-type-simple"},"acf":[],"yoast_head":"<!-- This site is optimized with the Yoast SEO plugin v24.1 - https:\/\/yoast.com\/wordpress\/plugins\/seo\/ -->\n<title>Heart Shaped Lip Oil Bottles with Clear Tube<\/title>\n<meta name=\"description\" content=\"These adorable heart shaped lip oil bottle are designed to add charm and uniqueness to your cosmetic packaging.\" \/>\n<meta name=\"robots\" content=\"index, follow, max-snippet:-1, max-image-preview:large, max-video-preview:-1\" \/>\n<link rel=\"canonical\" href=\"https:\/\/www.alovey.com\/fr\/produit\/heart-shaped-lip-oil-bottles-with-clear-tube\/\" \/>\n<meta property=\"og:locale\" content=\"fr_FR\" \/>\n<meta property=\"og:type\" content=\"article\" \/>\n<meta property=\"og:title\" content=\"Heart Shaped Lip Oil Bottles with Clear Tube\" \/>\n<meta property=\"og:description\" content=\"These adorable heart shaped lip oil bottle are designed to add charm and uniqueness to your cosmetic packaging.\" \/>\n<meta property=\"og:url\" content=\"https:\/\/www.alovey.com\/fr\/produit\/heart-shaped-lip-oil-bottles-with-clear-tube\/\" \/>\n<meta property=\"og:site_name\" content=\"Best Cosmetic Packaging Manufacture\" \/>\n<meta property=\"article:modified_time\" content=\"2025-08-27T07:31:19+00:00\" \/>\n<meta property=\"og:image\" content=\"https:\/\/www.alovey.com\/wp-content\/uploads\/2025\/08\/Heart-Shaped-Lip-Oil-Bottles-with-Clear-Tube-2.jpg\" \/>\n\t<meta property=\"og:image:width\" content=\"750\" \/>\n\t<meta property=\"og:image:height\" content=\"750\" \/>\n\t<meta property=\"og:image:type\" content=\"image\/jpeg\" \/>\n<meta name=\"twitter:card\" content=\"summary_large_image\" \/>\n<meta name=\"twitter:label1\" content=\"Dur\u00e9e de lecture estim\u00e9e\" \/>\n\t<meta name=\"twitter:data1\" content=\"2 minutes\" \/>\n<script type=\"application\/ld+json\" class=\"yoast-schema-graph\">{\"@context\":\"https:\/\/schema.org\",\"@graph\":[{\"@type\":\"WebPage\",\"@id\":\"https:\/\/www.alovey.com\/product\/heart-shaped-lip-oil-bottles-with-clear-tube\/\",\"url\":\"https:\/\/www.alovey.com\/product\/heart-shaped-lip-oil-bottles-with-clear-tube\/\",\"name\":\"Heart Shaped Lip Oil Bottles with Clear Tube\",\"isPartOf\":{\"@id\":\"https:\/\/www.alovey.com\/#website\"},\"primaryImageOfPage\":{\"@id\":\"https:\/\/www.alovey.com\/product\/heart-shaped-lip-oil-bottles-with-clear-tube\/#primaryimage\"},\"image\":{\"@id\":\"https:\/\/www.alovey.com\/product\/heart-shaped-lip-oil-bottles-with-clear-tube\/#primaryimage\"},\"thumbnailUrl\":\"https:\/\/www.alovey.com\/wp-content\/uploads\/2025\/08\/Heart-Shaped-Lip-Oil-Bottles-with-Clear-Tube-2.jpg\",\"datePublished\":\"2025-08-27T07:16:00+00:00\",\"dateModified\":\"2025-08-27T07:31:19+00:00\",\"description\":\"These adorable heart shaped lip oil bottle are designed to add charm and uniqueness to your cosmetic packaging.\",\"breadcrumb\":{\"@id\":\"https:\/\/www.alovey.com\/product\/heart-shaped-lip-oil-bottles-with-clear-tube\/#breadcrumb\"},\"inLanguage\":\"fr-FR\",\"potentialAction\":[{\"@type\":\"ReadAction\",\"target\":[\"https:\/\/www.alovey.com\/product\/heart-shaped-lip-oil-bottles-with-clear-tube\/\"]}]},{\"@type\":\"ImageObject\",\"inLanguage\":\"fr-FR\",\"@id\":\"https:\/\/www.alovey.com\/product\/heart-shaped-lip-oil-bottles-with-clear-tube\/#primaryimage\",\"url\":\"https:\/\/www.alovey.com\/wp-content\/uploads\/2025\/08\/Heart-Shaped-Lip-Oil-Bottles-with-Clear-Tube-2.jpg\",\"contentUrl\":\"https:\/\/www.alovey.com\/wp-content\/uploads\/2025\/08\/Heart-Shaped-Lip-Oil-Bottles-with-Clear-Tube-2.jpg\",\"width\":750,\"height\":750,\"caption\":\"Heart Shaped Lip Oil Bottles with Clear Tube\"},{\"@type\":\"BreadcrumbList\",\"@id\":\"https:\/\/www.alovey.com\/product\/heart-shaped-lip-oil-bottles-with-clear-tube\/#breadcrumb\",\"itemListElement\":[{\"@type\":\"ListItem\",\"position\":1,\"name\":\"\u9996\u9875\",\"item\":\"https:\/\/www.alovey.com\/\"},{\"@type\":\"ListItem\",\"position\":2,\"name\":\"Products\",\"item\":\"https:\/\/www.alovey.com\/products\/\"},{\"@type\":\"ListItem\",\"position\":3,\"name\":\"Heart Shaped Lip Oil Bottles with Clear Tube\"}]},{\"@type\":\"WebSite\",\"@id\":\"https:\/\/www.alovey.com\/#website\",\"url\":\"https:\/\/www.alovey.com\/\",\"name\":\"Best Cosmetic Packaging Manufacture\",\"description\":\"Alovey Cosmetic Packaging Co.,Ltd\",\"publisher\":{\"@id\":\"https:\/\/www.alovey.com\/#organization\"},\"potentialAction\":[{\"@type\":\"SearchAction\",\"target\":{\"@type\":\"EntryPoint\",\"urlTemplate\":\"https:\/\/www.alovey.com\/?s={search_term_string}\"},\"query-input\":{\"@type\":\"PropertyValueSpecification\",\"valueRequired\":true,\"valueName\":\"search_term_string\"}}],\"inLanguage\":\"fr-FR\"},{\"@type\":\"Organization\",\"@id\":\"https:\/\/www.alovey.com\/#organization\",\"name\":\"Best Cosmetic Packaging Manufacture\",\"url\":\"https:\/\/www.alovey.com\/\",\"logo\":{\"@type\":\"ImageObject\",\"inLanguage\":\"fr-FR\",\"@id\":\"https:\/\/www.alovey.com\/#\/schema\/logo\/image\/\",\"url\":\"https:\/\/www.alovey.com\/wp-content\/uploads\/2023\/03\/logo.png\",\"contentUrl\":\"https:\/\/www.alovey.com\/wp-content\/uploads\/2023\/03\/logo.png\",\"width\":505,\"height\":180,\"caption\":\"Best  Cosmetic Packaging Manufacture\"},\"image\":{\"@id\":\"https:\/\/www.alovey.com\/#\/schema\/logo\/image\/\"}}]}<\/script>\n<!-- \/ Yoast SEO plugin. -->","yoast_head_json":{"title":"Heart Shaped Lip Oil Bottles with Clear Tube","description":"These adorable heart shaped lip oil bottle are designed to add charm and uniqueness to your cosmetic packaging.","robots":{"index":"index","follow":"follow","max-snippet":"max-snippet:-1","max-image-preview":"max-image-preview:large","max-video-preview":"max-video-preview:-1"},"canonical":"https:\/\/www.alovey.com\/fr\/produit\/heart-shaped-lip-oil-bottles-with-clear-tube\/","og_locale":"fr_FR","og_type":"article","og_title":"Heart Shaped Lip Oil Bottles with Clear Tube","og_description":"These adorable heart shaped lip oil bottle are designed to add charm and uniqueness to your cosmetic packaging.","og_url":"https:\/\/www.alovey.com\/fr\/produit\/heart-shaped-lip-oil-bottles-with-clear-tube\/","og_site_name":"Best Cosmetic Packaging Manufacture","article_modified_time":"2025-08-27T07:31:19+00:00","og_image":[{"width":750,"height":750,"url":"https:\/\/www.alovey.com\/wp-content\/uploads\/2025\/08\/Heart-Shaped-Lip-Oil-Bottles-with-Clear-Tube-2.jpg","type":"image\/jpeg"}],"twitter_card":"summary_large_image","twitter_misc":{"Dur\u00e9e de lecture estim\u00e9e":"2 minutes"},"schema":{"@context":"https:\/\/schema.org","@graph":[{"@type":"WebPage","@id":"https:\/\/www.alovey.com\/product\/heart-shaped-lip-oil-bottles-with-clear-tube\/","url":"https:\/\/www.alovey.com\/product\/heart-shaped-lip-oil-bottles-with-clear-tube\/","name":"Heart Shaped Lip Oil Bottles with Clear Tube","isPartOf":{"@id":"https:\/\/www.alovey.com\/#website"},"primaryImageOfPage":{"@id":"https:\/\/www.alovey.com\/product\/heart-shaped-lip-oil-bottles-with-clear-tube\/#primaryimage"},"image":{"@id":"https:\/\/www.alovey.com\/product\/heart-shaped-lip-oil-bottles-with-clear-tube\/#primaryimage"},"thumbnailUrl":"https:\/\/www.alovey.com\/wp-content\/uploads\/2025\/08\/Heart-Shaped-Lip-Oil-Bottles-with-Clear-Tube-2.jpg","datePublished":"2025-08-27T07:16:00+00:00","dateModified":"2025-08-27T07:31:19+00:00","description":"These adorable heart shaped lip oil bottle are designed to add charm and uniqueness to your cosmetic packaging.","breadcrumb":{"@id":"https:\/\/www.alovey.com\/product\/heart-shaped-lip-oil-bottles-with-clear-tube\/#breadcrumb"},"inLanguage":"fr-FR","potentialAction":[{"@type":"ReadAction","target":["https:\/\/www.alovey.com\/product\/heart-shaped-lip-oil-bottles-with-clear-tube\/"]}]},{"@type":"ImageObject","inLanguage":"fr-FR","@id":"https:\/\/www.alovey.com\/product\/heart-shaped-lip-oil-bottles-with-clear-tube\/#primaryimage","url":"https:\/\/www.alovey.com\/wp-content\/uploads\/2025\/08\/Heart-Shaped-Lip-Oil-Bottles-with-Clear-Tube-2.jpg","contentUrl":"https:\/\/www.alovey.com\/wp-content\/uploads\/2025\/08\/Heart-Shaped-Lip-Oil-Bottles-with-Clear-Tube-2.jpg","width":750,"height":750,"caption":"Heart Shaped Lip Oil Bottles with Clear Tube"},{"@type":"BreadcrumbList","@id":"https:\/\/www.alovey.com\/product\/heart-shaped-lip-oil-bottles-with-clear-tube\/#breadcrumb","itemListElement":[{"@type":"ListItem","position":1,"name":"\u9996\u9875","item":"https:\/\/www.alovey.com\/"},{"@type":"ListItem","position":2,"name":"Products","item":"https:\/\/www.alovey.com\/products\/"},{"@type":"ListItem","position":3,"name":"Heart Shaped Lip Oil Bottles with Clear Tube"}]},{"@type":"WebSite","@id":"https:\/\/www.alovey.com\/#website","url":"https:\/\/www.alovey.com\/","name":"Best Cosmetic Packaging Manufacture","description":"Alovey Cosmetic Packaging Co.,Ltd","publisher":{"@id":"https:\/\/www.alovey.com\/#organization"},"potentialAction":[{"@type":"SearchAction","target":{"@type":"EntryPoint","urlTemplate":"https:\/\/www.alovey.com\/?s={search_term_string}"},"query-input":{"@type":"PropertyValueSpecification","valueRequired":true,"valueName":"search_term_string"}}],"inLanguage":"fr-FR"},{"@type":"Organization","@id":"https:\/\/www.alovey.com\/#organization","name":"Best Cosmetic Packaging Manufacture","url":"https:\/\/www.alovey.com\/","logo":{"@type":"ImageObject","inLanguage":"fr-FR","@id":"https:\/\/www.alovey.com\/#\/schema\/logo\/image\/","url":"https:\/\/www.alovey.com\/wp-content\/uploads\/2023\/03\/logo.png","contentUrl":"https:\/\/www.alovey.com\/wp-content\/uploads\/2023\/03\/logo.png","width":505,"height":180,"caption":"Best  Cosmetic Packaging Manufacture"},"image":{"@id":"https:\/\/www.alovey.com\/#\/schema\/logo\/image\/"}}]}},"_links":{"self":[{"href":"https:\/\/www.alovey.com\/fr\/wp-json\/wp\/v2\/product\/11407"}],"collection":[{"href":"https:\/\/www.alovey.com\/fr\/wp-json\/wp\/v2\/product"}],"about":[{"href":"https:\/\/www.alovey.com\/fr\/wp-json\/wp\/v2\/types\/product"}],"wp:featuredmedia":[{"embeddable":true,"href":"https:\/\/www.alovey.com\/fr\/wp-json\/wp\/v2\/media\/11410"}],"wp:attachment":[{"href":"https:\/\/www.alovey.com\/fr\/wp-json\/wp\/v2\/media?parent=11407"}],"wp:term":[{"taxonomy":"product_brand","embeddable":true,"href":"https:\/\/www.alovey.com\/fr\/wp-json\/wp\/v2\/product_brand?post=11407"},{"taxonomy":"product_cat","embeddable":true,"href":"https:\/\/www.alovey.com\/fr\/wp-json\/wp\/v2\/product_cat?post=11407"},{"taxonomy":"product_tag","embeddable":true,"href":"https:\/\/www.alovey.com\/fr\/wp-json\/wp\/v2\/product_tag?post=11407"}],"curies":[{"name":"wp","href":"https:\/\/api.w.org\/{rel}","templated":true}]}}