{"id":11244,"date":"2025-08-18T03:43:56","date_gmt":"2025-08-18T03:43:56","guid":{"rendered":"https:\/\/www.alovey.com\/?post_type=product&#038;p=11244"},"modified":"2025-09-10T03:45:49","modified_gmt":"2025-09-10T03:45:49","slug":"wholesale-eyeliner-tubes-with-luxury-gold-cap-and-black-bottle","status":"publish","type":"product","link":"https:\/\/www.alovey.com\/fr\/produit\/wholesale-eyeliner-tubes-with-luxury-gold-cap-and-black-bottle\/","title":{"rendered":"wholesale eyeliner tubes with luxury gold cap and black bottle"},"content":{"rendered":"<p><strong>We \u00a0wholesale eyeliner tubes feature a sophisticated black body with luxurious gold accents, creating a premium look that enhances any cosmetic line.<\/strong><\/p>\n<p><strong>Designed to hold 6ml of liquid eyeliner or serum, it combines functionality with high-end aesthetics.<\/strong><\/p>\n<p><strong>Premium Design: Sleek black tube paired with a shiny gold cap for a modern, luxurious finish.<\/strong><\/p>\n<p><strong>Versatile Use: Ideal for liquid eyeliner, lash growth serum, or similar cosmetic formulations.<\/strong><\/p>\n<p><strong>Durable Quality: Made from high-grade, leakproof materials to preserve product integrity.<\/strong><\/p>\n<p><strong>Precise Application: Compatible with fine eyeliner brushes for smooth and accurate lines.<\/strong><\/p>\n<p><strong>Customizable Branding: Supports logo printing, hot stamping, or decorative finishes to highlight your brand identity.<\/strong><\/p>\n<p><strong>This gold and black eyeliner container is the perfect packaging choice for brands seeking elegance, functionality, and market appeal.<\/strong><\/p>\n<p><strong>Alovey, fabricant professionnel chinois d'emballages cosm\u00e9tiques, produit une gamme exquise d'emballages cosm\u00e9tiques personnalis\u00e9s, m\u00e9ticuleusement con\u00e7us pour rehausser votre marque. Notre s\u00e9lection vari\u00e9e de mat\u00e9riaux de premi\u00e8re qualit\u00e9, associ\u00e9e \u00e0 des techniques de finition de surface d\u00e9licates telles que la s\u00e9rigraphie, l'estampage \u00e0 chaud et la pulv\u00e9risation mate, fait de chaque emballage un chef-d'\u0153uvre unique.<\/strong><\/p>\n<p><img fetchpriority=\"high\" decoding=\"async\" class=\"size-full wp-image-11528\" src=\"https:\/\/www.alovey.com\/wp-content\/uploads\/2025\/08\/wholesale-eyeliner-tubes-with-luxury-gold-cap-and-black-bottle-2.jpg\" alt=\"wholesale eyeliner tubes\" width=\"750\" height=\"750\" srcset=\"https:\/\/www.alovey.com\/wp-content\/uploads\/2025\/08\/wholesale-eyeliner-tubes-with-luxury-gold-cap-and-black-bottle-2.jpg 750w, https:\/\/www.alovey.com\/wp-content\/uploads\/2025\/08\/wholesale-eyeliner-tubes-with-luxury-gold-cap-and-black-bottle-2-300x300.jpg 300w, https:\/\/www.alovey.com\/wp-content\/uploads\/2025\/08\/wholesale-eyeliner-tubes-with-luxury-gold-cap-and-black-bottle-2-150x150.jpg 150w, https:\/\/www.alovey.com\/wp-content\/uploads\/2025\/08\/wholesale-eyeliner-tubes-with-luxury-gold-cap-and-black-bottle-2-12x12.jpg 12w, https:\/\/www.alovey.com\/wp-content\/uploads\/2025\/08\/wholesale-eyeliner-tubes-with-luxury-gold-cap-and-black-bottle-2-600x600.jpg 600w, https:\/\/www.alovey.com\/wp-content\/uploads\/2025\/08\/wholesale-eyeliner-tubes-with-luxury-gold-cap-and-black-bottle-2-100x100.jpg 100w\" sizes=\"(max-width: 750px) 100vw, 750px\" \/><\/p>\n<p><img decoding=\"async\" class=\"size-full wp-image-11527\" src=\"https:\/\/www.alovey.com\/wp-content\/uploads\/2025\/08\/wholesale-eyeliner-tubes-with-luxury-gold-cap-and-black-bottle-7.jpg\" alt=\"wholesale eyeliner tubes\" width=\"750\" height=\"750\" srcset=\"https:\/\/www.alovey.com\/wp-content\/uploads\/2025\/08\/wholesale-eyeliner-tubes-with-luxury-gold-cap-and-black-bottle-7.jpg 750w, https:\/\/www.alovey.com\/wp-content\/uploads\/2025\/08\/wholesale-eyeliner-tubes-with-luxury-gold-cap-and-black-bottle-7-300x300.jpg 300w, https:\/\/www.alovey.com\/wp-content\/uploads\/2025\/08\/wholesale-eyeliner-tubes-with-luxury-gold-cap-and-black-bottle-7-150x150.jpg 150w, https:\/\/www.alovey.com\/wp-content\/uploads\/2025\/08\/wholesale-eyeliner-tubes-with-luxury-gold-cap-and-black-bottle-7-12x12.jpg 12w, https:\/\/www.alovey.com\/wp-content\/uploads\/2025\/08\/wholesale-eyeliner-tubes-with-luxury-gold-cap-and-black-bottle-7-600x600.jpg 600w, https:\/\/www.alovey.com\/wp-content\/uploads\/2025\/08\/wholesale-eyeliner-tubes-with-luxury-gold-cap-and-black-bottle-7-100x100.jpg 100w\" sizes=\"(max-width: 750px) 100vw, 750px\" \/><\/p>\n<p><img decoding=\"async\" class=\"size-full wp-image-11526\" src=\"https:\/\/www.alovey.com\/wp-content\/uploads\/2025\/08\/wholesale-eyeliner-tubes-with-luxury-gold-cap-and-black-bottle-6.jpg\" alt=\"wholesale eyeliner tubes\" width=\"630\" height=\"630\" srcset=\"https:\/\/www.alovey.com\/wp-content\/uploads\/2025\/08\/wholesale-eyeliner-tubes-with-luxury-gold-cap-and-black-bottle-6.jpg 630w, https:\/\/www.alovey.com\/wp-content\/uploads\/2025\/08\/wholesale-eyeliner-tubes-with-luxury-gold-cap-and-black-bottle-6-300x300.jpg 300w, https:\/\/www.alovey.com\/wp-content\/uploads\/2025\/08\/wholesale-eyeliner-tubes-with-luxury-gold-cap-and-black-bottle-6-150x150.jpg 150w, https:\/\/www.alovey.com\/wp-content\/uploads\/2025\/08\/wholesale-eyeliner-tubes-with-luxury-gold-cap-and-black-bottle-6-12x12.jpg 12w, https:\/\/www.alovey.com\/wp-content\/uploads\/2025\/08\/wholesale-eyeliner-tubes-with-luxury-gold-cap-and-black-bottle-6-600x600.jpg 600w, https:\/\/www.alovey.com\/wp-content\/uploads\/2025\/08\/wholesale-eyeliner-tubes-with-luxury-gold-cap-and-black-bottle-6-100x100.jpg 100w\" sizes=\"(max-width: 630px) 100vw, 630px\" \/><\/p>\n<p><img loading=\"lazy\" decoding=\"async\" class=\"size-full wp-image-11525\" src=\"https:\/\/www.alovey.com\/wp-content\/uploads\/2025\/08\/wholesale-eyeliner-tubes-with-luxury-gold-cap-and-black-bottle-5.jpg\" alt=\"wholesale eyeliner tubes\" width=\"750\" height=\"750\" srcset=\"https:\/\/www.alovey.com\/wp-content\/uploads\/2025\/08\/wholesale-eyeliner-tubes-with-luxury-gold-cap-and-black-bottle-5.jpg 750w, https:\/\/www.alovey.com\/wp-content\/uploads\/2025\/08\/wholesale-eyeliner-tubes-with-luxury-gold-cap-and-black-bottle-5-300x300.jpg 300w, https:\/\/www.alovey.com\/wp-content\/uploads\/2025\/08\/wholesale-eyeliner-tubes-with-luxury-gold-cap-and-black-bottle-5-150x150.jpg 150w, https:\/\/www.alovey.com\/wp-content\/uploads\/2025\/08\/wholesale-eyeliner-tubes-with-luxury-gold-cap-and-black-bottle-5-12x12.jpg 12w, https:\/\/www.alovey.com\/wp-content\/uploads\/2025\/08\/wholesale-eyeliner-tubes-with-luxury-gold-cap-and-black-bottle-5-600x600.jpg 600w, https:\/\/www.alovey.com\/wp-content\/uploads\/2025\/08\/wholesale-eyeliner-tubes-with-luxury-gold-cap-and-black-bottle-5-100x100.jpg 100w\" sizes=\"(max-width: 750px) 100vw, 750px\" \/><\/p>\n<p><img loading=\"lazy\" decoding=\"async\" class=\"size-full wp-image-11524\" src=\"https:\/\/www.alovey.com\/wp-content\/uploads\/2025\/08\/wholesale-eyeliner-tubes-with-luxury-gold-cap-and-black-bottle-4.jpg\" alt=\"wholesale eyeliner tubes\" width=\"750\" height=\"750\" srcset=\"https:\/\/www.alovey.com\/wp-content\/uploads\/2025\/08\/wholesale-eyeliner-tubes-with-luxury-gold-cap-and-black-bottle-4.jpg 750w, https:\/\/www.alovey.com\/wp-content\/uploads\/2025\/08\/wholesale-eyeliner-tubes-with-luxury-gold-cap-and-black-bottle-4-300x300.jpg 300w, https:\/\/www.alovey.com\/wp-content\/uploads\/2025\/08\/wholesale-eyeliner-tubes-with-luxury-gold-cap-and-black-bottle-4-150x150.jpg 150w, https:\/\/www.alovey.com\/wp-content\/uploads\/2025\/08\/wholesale-eyeliner-tubes-with-luxury-gold-cap-and-black-bottle-4-12x12.jpg 12w, https:\/\/www.alovey.com\/wp-content\/uploads\/2025\/08\/wholesale-eyeliner-tubes-with-luxury-gold-cap-and-black-bottle-4-600x600.jpg 600w, https:\/\/www.alovey.com\/wp-content\/uploads\/2025\/08\/wholesale-eyeliner-tubes-with-luxury-gold-cap-and-black-bottle-4-100x100.jpg 100w\" sizes=\"(max-width: 750px) 100vw, 750px\" \/><\/p>\n<p><img loading=\"lazy\" decoding=\"async\" class=\"size-full wp-image-11523\" src=\"https:\/\/www.alovey.com\/wp-content\/uploads\/2025\/08\/wholesale-eyeliner-tubes-with-luxury-gold-cap-and-black-bottle-3.jpg\" alt=\"wholesale eyeliner tubes\" width=\"750\" height=\"750\" srcset=\"https:\/\/www.alovey.com\/wp-content\/uploads\/2025\/08\/wholesale-eyeliner-tubes-with-luxury-gold-cap-and-black-bottle-3.jpg 750w, https:\/\/www.alovey.com\/wp-content\/uploads\/2025\/08\/wholesale-eyeliner-tubes-with-luxury-gold-cap-and-black-bottle-3-300x300.jpg 300w, https:\/\/www.alovey.com\/wp-content\/uploads\/2025\/08\/wholesale-eyeliner-tubes-with-luxury-gold-cap-and-black-bottle-3-150x150.jpg 150w, https:\/\/www.alovey.com\/wp-content\/uploads\/2025\/08\/wholesale-eyeliner-tubes-with-luxury-gold-cap-and-black-bottle-3-12x12.jpg 12w, https:\/\/www.alovey.com\/wp-content\/uploads\/2025\/08\/wholesale-eyeliner-tubes-with-luxury-gold-cap-and-black-bottle-3-600x600.jpg 600w, https:\/\/www.alovey.com\/wp-content\/uploads\/2025\/08\/wholesale-eyeliner-tubes-with-luxury-gold-cap-and-black-bottle-3-100x100.jpg 100w\" sizes=\"(max-width: 750px) 100vw, 750px\" \/><\/p>\n<p>&nbsp;<\/p>\n<p>&nbsp;<\/p>\n<p>&nbsp;<\/p>\n<p>&nbsp;<\/p>\n<p>&nbsp;<\/p>\n<p>&nbsp;<\/p>\n<p>&nbsp;<\/p>\n<p>&nbsp;<\/p>\n<p>&nbsp;<\/p>\n<p>&nbsp;<\/p>\n<p>&nbsp;<\/p>\n<p>&nbsp;<\/p>\n<p>&nbsp;<\/p>\n<p>&nbsp;<\/p>\n<p>&nbsp;<\/p>\n<p>&nbsp;<\/p>\n<p>&nbsp;<\/p>\n<p>&nbsp;<\/p>\n<p>&nbsp;<\/p>\n<p>&nbsp;<\/p>\n<p>&nbsp;<\/p>\n<p>&nbsp;<\/p>\n<p>&nbsp;<\/p>\n<p>&nbsp;<\/p>\n<p>&nbsp;<\/p>\n<p>&nbsp;<\/p>\n<p>&nbsp;<\/p>\n<p>&nbsp;<\/p>\n<p>&nbsp;<\/p>\n<p>&nbsp;<\/p>\n<p>&nbsp;<\/p>\n<p>&nbsp;<\/p>\n<p>&nbsp;<\/p>\n<p>&nbsp;<\/p>\n<p>&nbsp;<\/p>\n<p>&nbsp;<\/p>\n<p>&nbsp;<\/p>\n<p>&nbsp;<\/p>\n<p>&nbsp;<\/p>\n<p>&nbsp;<\/p>\n<p>&nbsp;<\/p>\n<p>&nbsp;<\/p>\n<p>&nbsp;<\/p>\n<p>&nbsp;<\/p>\n<p>&nbsp;<\/p>\n<p>&nbsp;<\/p>\n<p>&nbsp;<\/p>\n<p>&nbsp;<\/p>\n<p>&nbsp;<\/p>\n<p>&nbsp;<\/p>\n<p>&nbsp;<\/p>\n<p>&nbsp;<\/p>\n<p>&nbsp;<\/p>\n<p>&nbsp;<\/p>\n<p>&nbsp;<\/p>\n<p>&nbsp;<\/p>\n<p>&nbsp;<\/p>\n<p>&nbsp;<\/p>\n<p>&nbsp;<\/p>\n<p>&nbsp;<\/p>\n<p>&nbsp;<\/p>\n<p>&nbsp;<\/p>\n<p>&nbsp;<\/p>\n<p>&nbsp;<\/p>\n<p>&nbsp;<\/p>\n<p>&nbsp;<\/p>\n<p>&nbsp;<\/p>\n<p>&nbsp;<\/p>\n<p>&nbsp;<\/p>\n<p>&nbsp;<\/p>\n<p>&nbsp;<\/p>\n<p>&nbsp;<\/p>\n<p>&nbsp;<\/p>\n<p>&nbsp;<\/p>\n<p>&nbsp;<\/p>\n<p>&nbsp;<\/p>\n<p>&nbsp;<\/p>\n<p>&nbsp;<\/p>\n<p>&nbsp;<\/p>\n<p>&nbsp;<\/p>\n<p>&nbsp;<\/p>\n<p>&nbsp;<\/p>\n<p>&nbsp;<\/p>\n<p>&nbsp;<\/p>\n<p>&nbsp;<\/p>\n<p>&nbsp;<\/p>\n<p>&nbsp;<\/p>\n<p>&nbsp;<\/p>\n<p>&nbsp;<\/p>\n<p>&nbsp;<\/p>\n<p>&nbsp;<\/p>\n<p>&nbsp;<\/p>\n<p>&nbsp;<\/p>\n<p>&nbsp;<\/p>\n<p>&nbsp;<\/p>\n<p>&nbsp;<\/p>\n<p>&nbsp;<\/p>\n<p>&nbsp;<\/p>\n<p>&nbsp;<\/p>","protected":false},"excerpt":{"rendered":"<ul>\n<li>Item No: EL-0453A<\/li>\n<li>Mat\u00e9riau : Plastique<\/li>\n<li>\u00a0Size: D20.5*H92MM<\/li>\n<li>Applications : Produits de beaut\u00e9<\/li>\n<li>MOQ : 12 000 pi\u00e8ces<\/li>\n<li>Couleur : couleur personnalis\u00e9e<\/li>\n<li>Surface treatment: Injection\/Matte\/Metalization\/UV coating<\/li>\n<li>Nom de marque : OEM\/ODM<\/li>\n<li>Logo : Logo du client<\/li>\n<li>Capacit\u00e9 de production : 100 000 pi\u00e8ces par mois<\/li>\n<\/ul>","protected":false},"featured_media":11524,"template":"","meta":{"_acf_changed":false},"product_brand":[],"product_cat":[377],"product_tag":[396],"class_list":{"0":"post-11244","1":"product","2":"type-product","3":"status-publish","4":"has-post-thumbnail","6":"product_cat-china-custom-eyeliner-tubes-manufacturers","7":"product_tag-eyeliner-tube","9":"first","10":"instock","11":"shipping-taxable","12":"product-type-simple"},"acf":[],"yoast_head":"<!-- This site is optimized with the Yoast SEO plugin v24.1 - https:\/\/yoast.com\/wordpress\/plugins\/seo\/ -->\n<title>wholesale eyeliner tubes with luxury gold cap and black bottle<\/title>\n<meta name=\"description\" content=\"We wholesale eyeliner tubes, feature a sophisticated black body with luxurious gold accents, creating a premium look that enhances any cosmetic line.\" \/>\n<meta name=\"robots\" content=\"index, follow, max-snippet:-1, max-image-preview:large, max-video-preview:-1\" \/>\n<link rel=\"canonical\" href=\"https:\/\/www.alovey.com\/fr\/produit\/wholesale-eyeliner-tubes-with-luxury-gold-cap-and-black-bottle\/\" \/>\n<meta property=\"og:locale\" content=\"fr_FR\" \/>\n<meta property=\"og:type\" content=\"article\" \/>\n<meta property=\"og:title\" content=\"wholesale eyeliner tubes with luxury gold cap and black bottle\" \/>\n<meta property=\"og:description\" content=\"We wholesale eyeliner tubes, feature a sophisticated black body with luxurious gold accents, creating a premium look that enhances any cosmetic line.\" \/>\n<meta property=\"og:url\" content=\"https:\/\/www.alovey.com\/fr\/produit\/wholesale-eyeliner-tubes-with-luxury-gold-cap-and-black-bottle\/\" \/>\n<meta property=\"og:site_name\" content=\"Best Cosmetic Packaging Manufacture\" \/>\n<meta property=\"article:modified_time\" content=\"2025-09-10T03:45:49+00:00\" \/>\n<meta property=\"og:image\" content=\"https:\/\/www.alovey.com\/wp-content\/uploads\/2025\/08\/wholesale-eyeliner-tubes-with-luxury-gold-cap-and-black-bottle-4.jpg\" \/>\n\t<meta property=\"og:image:width\" content=\"750\" \/>\n\t<meta property=\"og:image:height\" content=\"750\" \/>\n\t<meta property=\"og:image:type\" content=\"image\/jpeg\" \/>\n<meta name=\"twitter:card\" content=\"summary_large_image\" \/>\n<meta name=\"twitter:label1\" content=\"Dur\u00e9e de lecture estim\u00e9e\" \/>\n\t<meta name=\"twitter:data1\" content=\"3 minutes\" \/>\n<script type=\"application\/ld+json\" class=\"yoast-schema-graph\">{\"@context\":\"https:\/\/schema.org\",\"@graph\":[{\"@type\":\"WebPage\",\"@id\":\"https:\/\/www.alovey.com\/product\/wholesale-eyeliner-tubes-with-luxury-gold-cap-and-black-bottle\/\",\"url\":\"https:\/\/www.alovey.com\/product\/wholesale-eyeliner-tubes-with-luxury-gold-cap-and-black-bottle\/\",\"name\":\"wholesale eyeliner tubes with luxury gold cap and black bottle\",\"isPartOf\":{\"@id\":\"https:\/\/www.alovey.com\/#website\"},\"primaryImageOfPage\":{\"@id\":\"https:\/\/www.alovey.com\/product\/wholesale-eyeliner-tubes-with-luxury-gold-cap-and-black-bottle\/#primaryimage\"},\"image\":{\"@id\":\"https:\/\/www.alovey.com\/product\/wholesale-eyeliner-tubes-with-luxury-gold-cap-and-black-bottle\/#primaryimage\"},\"thumbnailUrl\":\"https:\/\/www.alovey.com\/wp-content\/uploads\/2025\/08\/wholesale-eyeliner-tubes-with-luxury-gold-cap-and-black-bottle-4.jpg\",\"datePublished\":\"2025-08-18T03:43:56+00:00\",\"dateModified\":\"2025-09-10T03:45:49+00:00\",\"description\":\"We wholesale eyeliner tubes, feature a sophisticated black body with luxurious gold accents, creating a premium look that enhances any cosmetic line.\",\"breadcrumb\":{\"@id\":\"https:\/\/www.alovey.com\/product\/wholesale-eyeliner-tubes-with-luxury-gold-cap-and-black-bottle\/#breadcrumb\"},\"inLanguage\":\"fr-FR\",\"potentialAction\":[{\"@type\":\"ReadAction\",\"target\":[\"https:\/\/www.alovey.com\/product\/wholesale-eyeliner-tubes-with-luxury-gold-cap-and-black-bottle\/\"]}]},{\"@type\":\"ImageObject\",\"inLanguage\":\"fr-FR\",\"@id\":\"https:\/\/www.alovey.com\/product\/wholesale-eyeliner-tubes-with-luxury-gold-cap-and-black-bottle\/#primaryimage\",\"url\":\"https:\/\/www.alovey.com\/wp-content\/uploads\/2025\/08\/wholesale-eyeliner-tubes-with-luxury-gold-cap-and-black-bottle-4.jpg\",\"contentUrl\":\"https:\/\/www.alovey.com\/wp-content\/uploads\/2025\/08\/wholesale-eyeliner-tubes-with-luxury-gold-cap-and-black-bottle-4.jpg\",\"width\":750,\"height\":750,\"caption\":\"wholesale eyeliner tubes with luxury gold cap and black bottle\"},{\"@type\":\"BreadcrumbList\",\"@id\":\"https:\/\/www.alovey.com\/product\/wholesale-eyeliner-tubes-with-luxury-gold-cap-and-black-bottle\/#breadcrumb\",\"itemListElement\":[{\"@type\":\"ListItem\",\"position\":1,\"name\":\"\u9996\u9875\",\"item\":\"https:\/\/www.alovey.com\/\"},{\"@type\":\"ListItem\",\"position\":2,\"name\":\"Products\",\"item\":\"https:\/\/www.alovey.com\/products\/\"},{\"@type\":\"ListItem\",\"position\":3,\"name\":\"wholesale eyeliner tubes with luxury gold cap and black bottle\"}]},{\"@type\":\"WebSite\",\"@id\":\"https:\/\/www.alovey.com\/#website\",\"url\":\"https:\/\/www.alovey.com\/\",\"name\":\"Best Cosmetic Packaging Manufacture\",\"description\":\"Alovey Cosmetic Packaging Co.,Ltd\",\"publisher\":{\"@id\":\"https:\/\/www.alovey.com\/#organization\"},\"potentialAction\":[{\"@type\":\"SearchAction\",\"target\":{\"@type\":\"EntryPoint\",\"urlTemplate\":\"https:\/\/www.alovey.com\/?s={search_term_string}\"},\"query-input\":{\"@type\":\"PropertyValueSpecification\",\"valueRequired\":true,\"valueName\":\"search_term_string\"}}],\"inLanguage\":\"fr-FR\"},{\"@type\":\"Organization\",\"@id\":\"https:\/\/www.alovey.com\/#organization\",\"name\":\"Best Cosmetic Packaging Manufacture\",\"url\":\"https:\/\/www.alovey.com\/\",\"logo\":{\"@type\":\"ImageObject\",\"inLanguage\":\"fr-FR\",\"@id\":\"https:\/\/www.alovey.com\/#\/schema\/logo\/image\/\",\"url\":\"https:\/\/www.alovey.com\/wp-content\/uploads\/2023\/03\/logo.png\",\"contentUrl\":\"https:\/\/www.alovey.com\/wp-content\/uploads\/2023\/03\/logo.png\",\"width\":505,\"height\":180,\"caption\":\"Best  Cosmetic Packaging Manufacture\"},\"image\":{\"@id\":\"https:\/\/www.alovey.com\/#\/schema\/logo\/image\/\"}}]}<\/script>\n<!-- \/ Yoast SEO plugin. -->","yoast_head_json":{"title":"wholesale eyeliner tubes with luxury gold cap and black bottle","description":"We wholesale eyeliner tubes, feature a sophisticated black body with luxurious gold accents, creating a premium look that enhances any cosmetic line.","robots":{"index":"index","follow":"follow","max-snippet":"max-snippet:-1","max-image-preview":"max-image-preview:large","max-video-preview":"max-video-preview:-1"},"canonical":"https:\/\/www.alovey.com\/fr\/produit\/wholesale-eyeliner-tubes-with-luxury-gold-cap-and-black-bottle\/","og_locale":"fr_FR","og_type":"article","og_title":"wholesale eyeliner tubes with luxury gold cap and black bottle","og_description":"We wholesale eyeliner tubes, feature a sophisticated black body with luxurious gold accents, creating a premium look that enhances any cosmetic line.","og_url":"https:\/\/www.alovey.com\/fr\/produit\/wholesale-eyeliner-tubes-with-luxury-gold-cap-and-black-bottle\/","og_site_name":"Best Cosmetic Packaging Manufacture","article_modified_time":"2025-09-10T03:45:49+00:00","og_image":[{"width":750,"height":750,"url":"https:\/\/www.alovey.com\/wp-content\/uploads\/2025\/08\/wholesale-eyeliner-tubes-with-luxury-gold-cap-and-black-bottle-4.jpg","type":"image\/jpeg"}],"twitter_card":"summary_large_image","twitter_misc":{"Dur\u00e9e de lecture estim\u00e9e":"3 minutes"},"schema":{"@context":"https:\/\/schema.org","@graph":[{"@type":"WebPage","@id":"https:\/\/www.alovey.com\/product\/wholesale-eyeliner-tubes-with-luxury-gold-cap-and-black-bottle\/","url":"https:\/\/www.alovey.com\/product\/wholesale-eyeliner-tubes-with-luxury-gold-cap-and-black-bottle\/","name":"wholesale eyeliner tubes with luxury gold cap and black bottle","isPartOf":{"@id":"https:\/\/www.alovey.com\/#website"},"primaryImageOfPage":{"@id":"https:\/\/www.alovey.com\/product\/wholesale-eyeliner-tubes-with-luxury-gold-cap-and-black-bottle\/#primaryimage"},"image":{"@id":"https:\/\/www.alovey.com\/product\/wholesale-eyeliner-tubes-with-luxury-gold-cap-and-black-bottle\/#primaryimage"},"thumbnailUrl":"https:\/\/www.alovey.com\/wp-content\/uploads\/2025\/08\/wholesale-eyeliner-tubes-with-luxury-gold-cap-and-black-bottle-4.jpg","datePublished":"2025-08-18T03:43:56+00:00","dateModified":"2025-09-10T03:45:49+00:00","description":"We wholesale eyeliner tubes, feature a sophisticated black body with luxurious gold accents, creating a premium look that enhances any cosmetic line.","breadcrumb":{"@id":"https:\/\/www.alovey.com\/product\/wholesale-eyeliner-tubes-with-luxury-gold-cap-and-black-bottle\/#breadcrumb"},"inLanguage":"fr-FR","potentialAction":[{"@type":"ReadAction","target":["https:\/\/www.alovey.com\/product\/wholesale-eyeliner-tubes-with-luxury-gold-cap-and-black-bottle\/"]}]},{"@type":"ImageObject","inLanguage":"fr-FR","@id":"https:\/\/www.alovey.com\/product\/wholesale-eyeliner-tubes-with-luxury-gold-cap-and-black-bottle\/#primaryimage","url":"https:\/\/www.alovey.com\/wp-content\/uploads\/2025\/08\/wholesale-eyeliner-tubes-with-luxury-gold-cap-and-black-bottle-4.jpg","contentUrl":"https:\/\/www.alovey.com\/wp-content\/uploads\/2025\/08\/wholesale-eyeliner-tubes-with-luxury-gold-cap-and-black-bottle-4.jpg","width":750,"height":750,"caption":"wholesale eyeliner tubes with luxury gold cap and black bottle"},{"@type":"BreadcrumbList","@id":"https:\/\/www.alovey.com\/product\/wholesale-eyeliner-tubes-with-luxury-gold-cap-and-black-bottle\/#breadcrumb","itemListElement":[{"@type":"ListItem","position":1,"name":"\u9996\u9875","item":"https:\/\/www.alovey.com\/"},{"@type":"ListItem","position":2,"name":"Products","item":"https:\/\/www.alovey.com\/products\/"},{"@type":"ListItem","position":3,"name":"wholesale eyeliner tubes with luxury gold cap and black bottle"}]},{"@type":"WebSite","@id":"https:\/\/www.alovey.com\/#website","url":"https:\/\/www.alovey.com\/","name":"Best Cosmetic Packaging Manufacture","description":"Alovey Cosmetic Packaging Co.,Ltd","publisher":{"@id":"https:\/\/www.alovey.com\/#organization"},"potentialAction":[{"@type":"SearchAction","target":{"@type":"EntryPoint","urlTemplate":"https:\/\/www.alovey.com\/?s={search_term_string}"},"query-input":{"@type":"PropertyValueSpecification","valueRequired":true,"valueName":"search_term_string"}}],"inLanguage":"fr-FR"},{"@type":"Organization","@id":"https:\/\/www.alovey.com\/#organization","name":"Best Cosmetic Packaging Manufacture","url":"https:\/\/www.alovey.com\/","logo":{"@type":"ImageObject","inLanguage":"fr-FR","@id":"https:\/\/www.alovey.com\/#\/schema\/logo\/image\/","url":"https:\/\/www.alovey.com\/wp-content\/uploads\/2023\/03\/logo.png","contentUrl":"https:\/\/www.alovey.com\/wp-content\/uploads\/2023\/03\/logo.png","width":505,"height":180,"caption":"Best  Cosmetic Packaging Manufacture"},"image":{"@id":"https:\/\/www.alovey.com\/#\/schema\/logo\/image\/"}}]}},"_links":{"self":[{"href":"https:\/\/www.alovey.com\/fr\/wp-json\/wp\/v2\/product\/11244"}],"collection":[{"href":"https:\/\/www.alovey.com\/fr\/wp-json\/wp\/v2\/product"}],"about":[{"href":"https:\/\/www.alovey.com\/fr\/wp-json\/wp\/v2\/types\/product"}],"wp:featuredmedia":[{"embeddable":true,"href":"https:\/\/www.alovey.com\/fr\/wp-json\/wp\/v2\/media\/11524"}],"wp:attachment":[{"href":"https:\/\/www.alovey.com\/fr\/wp-json\/wp\/v2\/media?parent=11244"}],"wp:term":[{"taxonomy":"product_brand","embeddable":true,"href":"https:\/\/www.alovey.com\/fr\/wp-json\/wp\/v2\/product_brand?post=11244"},{"taxonomy":"product_cat","embeddable":true,"href":"https:\/\/www.alovey.com\/fr\/wp-json\/wp\/v2\/product_cat?post=11244"},{"taxonomy":"product_tag","embeddable":true,"href":"https:\/\/www.alovey.com\/fr\/wp-json\/wp\/v2\/product_tag?post=11244"}],"curies":[{"name":"wp","href":"https:\/\/api.w.org\/{rel}","templated":true}]}}