{"id":10982,"date":"2025-07-21T03:07:48","date_gmt":"2025-07-21T03:07:48","guid":{"rendered":"https:\/\/www.alovey.com\/?post_type=product&#038;p=10982"},"modified":"2025-07-23T03:04:26","modified_gmt":"2025-07-23T03:04:26","slug":"wholesale-pill-capsule-shape-lip-stick-tube","status":"publish","type":"product","link":"https:\/\/www.alovey.com\/fr\/produit\/wholesale-pill-capsule-shape-lip-stick-tube\/","title":{"rendered":"Wholesale Pill Capsule   Lip Stick Tube"},"content":{"rendered":"<p><strong>These pill capsule\u00a0 lip stick tube offers a sleek and minimalist look that&#8217;s perfect for trendy cosmetic lines.<\/strong><\/p>\n<p><strong>Made from high-quality ABS material, they are ideal for\u00a0lipstick balm, or tinted treatments.<\/strong><\/p>\n<p><strong>Shape: Pill capsule-inspired, sleek and compact<\/strong><\/p>\n<p><strong>Material: Durable and lightweight ABS<\/strong><\/p>\n<p><strong>Color: Crystal clear body with optional custom cap colors or finishes (matte, metallic, etc.)<\/strong><\/p>\n<p><strong>Features: Refillable, travel-friendly, and customizable with logo printing or label application<\/strong><\/p>\n<p><strong>Ideal for: lipstick, tinted balm, or lip treatments<\/strong><\/p>\n<p><strong>Perfect for indie beauty brands or large-scale cosmetic manufacturers looking to stand out with a clean, elegant design.<\/strong><\/p>\n<p><strong>Alovey, fabricant professionnel chinois d'emballages cosm\u00e9tiques, produit une gamme exquise d'emballages cosm\u00e9tiques personnalis\u00e9s, m\u00e9ticuleusement con\u00e7us pour rehausser votre marque. Notre s\u00e9lection vari\u00e9e de mat\u00e9riaux de premi\u00e8re qualit\u00e9, associ\u00e9e \u00e0 des techniques de finition de surface d\u00e9licates telles que la s\u00e9rigraphie, l'estampage \u00e0 chaud et la pulv\u00e9risation mate, fait de chaque emballage un chef-d'\u0153uvre unique.<\/strong><\/p>\n<p><img fetchpriority=\"high\" decoding=\"async\" class=\"size-full wp-image-10988\" src=\"https:\/\/www.alovey.com\/wp-content\/uploads\/2025\/07\/Wholesale-Pill-Capsule-Shape-Lip-Stick-Tube-7.jpg\" alt=\"Pill Capsule Lipstick Tube\" width=\"750\" height=\"750\" srcset=\"https:\/\/www.alovey.com\/wp-content\/uploads\/2025\/07\/Wholesale-Pill-Capsule-Shape-Lip-Stick-Tube-7.jpg 750w, https:\/\/www.alovey.com\/wp-content\/uploads\/2025\/07\/Wholesale-Pill-Capsule-Shape-Lip-Stick-Tube-7-300x300.jpg 300w, https:\/\/www.alovey.com\/wp-content\/uploads\/2025\/07\/Wholesale-Pill-Capsule-Shape-Lip-Stick-Tube-7-150x150.jpg 150w, https:\/\/www.alovey.com\/wp-content\/uploads\/2025\/07\/Wholesale-Pill-Capsule-Shape-Lip-Stick-Tube-7-600x600.jpg 600w, https:\/\/www.alovey.com\/wp-content\/uploads\/2025\/07\/Wholesale-Pill-Capsule-Shape-Lip-Stick-Tube-7-100x100.jpg 100w\" sizes=\"(max-width: 750px) 100vw, 750px\" \/><\/p>\n<p><img decoding=\"async\" class=\"size-full wp-image-10986\" src=\"https:\/\/www.alovey.com\/wp-content\/uploads\/2025\/07\/Wholesale-Pill-Capsule-Shape-Lip-Stick-Tube-5.jpg\" alt=\"Pill Capsule Lipstick Tube\" width=\"750\" height=\"750\" srcset=\"https:\/\/www.alovey.com\/wp-content\/uploads\/2025\/07\/Wholesale-Pill-Capsule-Shape-Lip-Stick-Tube-5.jpg 750w, https:\/\/www.alovey.com\/wp-content\/uploads\/2025\/07\/Wholesale-Pill-Capsule-Shape-Lip-Stick-Tube-5-300x300.jpg 300w, https:\/\/www.alovey.com\/wp-content\/uploads\/2025\/07\/Wholesale-Pill-Capsule-Shape-Lip-Stick-Tube-5-150x150.jpg 150w, https:\/\/www.alovey.com\/wp-content\/uploads\/2025\/07\/Wholesale-Pill-Capsule-Shape-Lip-Stick-Tube-5-600x600.jpg 600w, https:\/\/www.alovey.com\/wp-content\/uploads\/2025\/07\/Wholesale-Pill-Capsule-Shape-Lip-Stick-Tube-5-100x100.jpg 100w\" sizes=\"(max-width: 750px) 100vw, 750px\" \/><\/p>\n<p><img decoding=\"async\" class=\"size-full wp-image-10985\" src=\"https:\/\/www.alovey.com\/wp-content\/uploads\/2025\/07\/Wholesale-Pill-Capsule-Shape-Lip-Stick-Tube-4.jpg\" alt=\"Pill Capsule Lipstick Tube\" width=\"750\" height=\"750\" srcset=\"https:\/\/www.alovey.com\/wp-content\/uploads\/2025\/07\/Wholesale-Pill-Capsule-Shape-Lip-Stick-Tube-4.jpg 750w, https:\/\/www.alovey.com\/wp-content\/uploads\/2025\/07\/Wholesale-Pill-Capsule-Shape-Lip-Stick-Tube-4-300x300.jpg 300w, https:\/\/www.alovey.com\/wp-content\/uploads\/2025\/07\/Wholesale-Pill-Capsule-Shape-Lip-Stick-Tube-4-150x150.jpg 150w, https:\/\/www.alovey.com\/wp-content\/uploads\/2025\/07\/Wholesale-Pill-Capsule-Shape-Lip-Stick-Tube-4-600x600.jpg 600w, https:\/\/www.alovey.com\/wp-content\/uploads\/2025\/07\/Wholesale-Pill-Capsule-Shape-Lip-Stick-Tube-4-100x100.jpg 100w\" sizes=\"(max-width: 750px) 100vw, 750px\" \/><\/p>\n<p><img loading=\"lazy\" decoding=\"async\" class=\"size-full wp-image-10984\" src=\"https:\/\/www.alovey.com\/wp-content\/uploads\/2025\/07\/Wholesale-Pill-Capsule-Shape-Lip-Stick-Tube-3.jpg\" alt=\"Pill Capsule Lipstick Tube\" width=\"750\" height=\"750\" srcset=\"https:\/\/www.alovey.com\/wp-content\/uploads\/2025\/07\/Wholesale-Pill-Capsule-Shape-Lip-Stick-Tube-3.jpg 750w, https:\/\/www.alovey.com\/wp-content\/uploads\/2025\/07\/Wholesale-Pill-Capsule-Shape-Lip-Stick-Tube-3-300x300.jpg 300w, https:\/\/www.alovey.com\/wp-content\/uploads\/2025\/07\/Wholesale-Pill-Capsule-Shape-Lip-Stick-Tube-3-150x150.jpg 150w, https:\/\/www.alovey.com\/wp-content\/uploads\/2025\/07\/Wholesale-Pill-Capsule-Shape-Lip-Stick-Tube-3-600x600.jpg 600w, https:\/\/www.alovey.com\/wp-content\/uploads\/2025\/07\/Wholesale-Pill-Capsule-Shape-Lip-Stick-Tube-3-100x100.jpg 100w\" sizes=\"(max-width: 750px) 100vw, 750px\" \/><\/p>\n<p><img loading=\"lazy\" decoding=\"async\" class=\"size-full wp-image-10983\" src=\"https:\/\/www.alovey.com\/wp-content\/uploads\/2025\/07\/Wholesale-Pill-Capsule-Shape-Lip-Stick-Tube-2.jpg\" alt=\"Pill Capsule Lipstick Tube\" width=\"750\" height=\"750\" srcset=\"https:\/\/www.alovey.com\/wp-content\/uploads\/2025\/07\/Wholesale-Pill-Capsule-Shape-Lip-Stick-Tube-2.jpg 750w, https:\/\/www.alovey.com\/wp-content\/uploads\/2025\/07\/Wholesale-Pill-Capsule-Shape-Lip-Stick-Tube-2-300x300.jpg 300w, https:\/\/www.alovey.com\/wp-content\/uploads\/2025\/07\/Wholesale-Pill-Capsule-Shape-Lip-Stick-Tube-2-150x150.jpg 150w, https:\/\/www.alovey.com\/wp-content\/uploads\/2025\/07\/Wholesale-Pill-Capsule-Shape-Lip-Stick-Tube-2-600x600.jpg 600w, https:\/\/www.alovey.com\/wp-content\/uploads\/2025\/07\/Wholesale-Pill-Capsule-Shape-Lip-Stick-Tube-2-100x100.jpg 100w\" sizes=\"(max-width: 750px) 100vw, 750px\" \/><\/p>\n<p><img loading=\"lazy\" decoding=\"async\" class=\"size-full wp-image-10987\" src=\"https:\/\/www.alovey.com\/wp-content\/uploads\/2025\/07\/Wholesale-Pill-Capsule-Shape-Lip-Stick-Tube-6.jpg\" alt=\"Pill Capsule Lipstick Tube\" width=\"630\" height=\"630\" srcset=\"https:\/\/www.alovey.com\/wp-content\/uploads\/2025\/07\/Wholesale-Pill-Capsule-Shape-Lip-Stick-Tube-6.jpg 630w, https:\/\/www.alovey.com\/wp-content\/uploads\/2025\/07\/Wholesale-Pill-Capsule-Shape-Lip-Stick-Tube-6-300x300.jpg 300w, https:\/\/www.alovey.com\/wp-content\/uploads\/2025\/07\/Wholesale-Pill-Capsule-Shape-Lip-Stick-Tube-6-150x150.jpg 150w, https:\/\/www.alovey.com\/wp-content\/uploads\/2025\/07\/Wholesale-Pill-Capsule-Shape-Lip-Stick-Tube-6-600x600.jpg 600w, https:\/\/www.alovey.com\/wp-content\/uploads\/2025\/07\/Wholesale-Pill-Capsule-Shape-Lip-Stick-Tube-6-100x100.jpg 100w\" sizes=\"(max-width: 630px) 100vw, 630px\" \/><\/p>\n<p>&nbsp;<\/p>\n<p>&nbsp;<\/p>\n<p>&nbsp;<\/p>\n<p>&nbsp;<\/p>\n<p>&nbsp;<\/p>\n<p>&nbsp;<\/p>\n<p>&nbsp;<\/p>\n<p>&nbsp;<\/p>\n<p>&nbsp;<\/p>\n<p>&nbsp;<\/p>\n<p>&nbsp;<\/p>\n<p>&nbsp;<\/p>\n<p>&nbsp;<\/p>\n<p>&nbsp;<\/p>\n<p>&nbsp;<\/p>\n<p>&nbsp;<\/p>\n<p>&nbsp;<\/p>\n<p>&nbsp;<\/p>\n<p>&nbsp;<\/p>\n<p>&nbsp;<\/p>\n<p>&nbsp;<\/p>\n<p>&nbsp;<\/p>\n<p>&nbsp;<\/p>\n<p>&nbsp;<\/p>\n<p>&nbsp;<\/p>\n<p>&nbsp;<\/p>\n<p>&nbsp;<\/p>\n<p>&nbsp;<\/p>\n<p>&nbsp;<\/p>\n<p>&nbsp;<\/p>\n<p>&nbsp;<\/p>\n<p>&nbsp;<\/p>\n<p>&nbsp;<\/p>\n<p>&nbsp;<\/p>\n<p>&nbsp;<\/p>\n<p>&nbsp;<\/p>\n<p>&nbsp;<\/p>\n<p>&nbsp;<\/p>\n<p>&nbsp;<\/p>\n<p>&nbsp;<\/p>\n<p>&nbsp;<\/p>\n<p>&nbsp;<\/p>\n<p>&nbsp;<\/p>\n<p>&nbsp;<\/p>\n<p>&nbsp;<\/p>\n<p>&nbsp;<\/p>\n<p>&nbsp;<\/p>\n<p>&nbsp;<\/p>\n<p>&nbsp;<\/p>\n<p>&nbsp;<\/p>\n<p>&nbsp;<\/p>\n<p>&nbsp;<\/p>\n<p>&nbsp;<\/p>\n<p>&nbsp;<\/p>\n<p>&nbsp;<\/p>\n<p>&nbsp;<\/p>\n<p>&nbsp;<\/p>\n<p>&nbsp;<\/p>\n<p>&nbsp;<\/p>\n<p>&nbsp;<\/p>\n<p>&nbsp;<\/p>\n<p>&nbsp;<\/p>\n<p>&nbsp;<\/p>\n<p>&nbsp;<\/p>\n<p>&nbsp;<\/p>\n<p>&nbsp;<\/p>\n<p>&nbsp;<\/p>\n<p>&nbsp;<\/p>\n<p>&nbsp;<\/p>\n<p>&nbsp;<\/p>\n<p>&nbsp;<\/p>\n<p>&nbsp;<\/p>\n<p>&nbsp;<\/p>\n<p>&nbsp;<\/p>\n<p>&nbsp;<\/p>\n<p>&nbsp;<\/p>\n<p>&nbsp;<\/p>\n<p>&nbsp;<\/p>\n<p>&nbsp;<\/p>\n<p>&nbsp;<\/p>\n<p>&nbsp;<\/p>\n<p>&nbsp;<\/p>\n<p>&nbsp;<\/p>\n<p>&nbsp;<\/p>\n<p>&nbsp;<\/p>\n<p>&nbsp;<\/p>\n<p>&nbsp;<\/p>\n<p>&nbsp;<\/p>\n<p>&nbsp;<\/p>\n<p>&nbsp;<\/p>\n<p>&nbsp;<\/p>\n<p>&nbsp;<\/p>\n<p>&nbsp;<\/p>","protected":false},"excerpt":{"rendered":"<ul>\n<li>Item No:LS-0091B<\/li>\n<li>Mat\u00e9riau : Plastique<\/li>\n<li>Size:D24*H75MM<\/li>\n<li>Applications : Produits de beaut\u00e9<\/li>\n<li>MOQ : 12 000 pi\u00e8ces<\/li>\n<li>Couleur : couleur personnalis\u00e9e<\/li>\n<li>Surface treatment: Injection\/Matte\/Metalization\/UV coating<\/li>\n<li>Nom de marque : OEM\/ODM<\/li>\n<li>Logo : Logo du client<\/li>\n<li>Capacit\u00e9 de production : 100 000 pi\u00e8ces par mois<\/li>\n<\/ul>","protected":false},"featured_media":10985,"template":"","meta":{"_acf_changed":false},"product_brand":[],"product_cat":[373],"product_tag":[389],"class_list":{"0":"post-10982","1":"product","2":"type-product","3":"status-publish","4":"has-post-thumbnail","6":"product_cat-professional-lipstick-tube-supplier","7":"product_tag-lip-stick-tube","9":"first","10":"instock","11":"shipping-taxable","12":"product-type-simple"},"acf":[],"yoast_head":"<!-- This site is optimized with the Yoast SEO plugin v24.1 - https:\/\/yoast.com\/wordpress\/plugins\/seo\/ -->\n<title>Wholesale Pill Capsule Shape Lip Stick Tube<\/title>\n<meta name=\"description\" content=\"These pill capsule lip stick tube offers a sleek and minimalist look that&#039;s perfect for trendy cosmetic lines. Made from high-quality ABS material, they are ideal for lipstick balm, or tinted treatments.\" \/>\n<meta name=\"robots\" content=\"index, follow, max-snippet:-1, max-image-preview:large, max-video-preview:-1\" \/>\n<link rel=\"canonical\" href=\"https:\/\/www.alovey.com\/fr\/produit\/wholesale-pill-capsule-shape-lip-stick-tube\/\" \/>\n<meta property=\"og:locale\" content=\"fr_FR\" \/>\n<meta property=\"og:type\" content=\"article\" \/>\n<meta property=\"og:title\" content=\"Wholesale Pill Capsule Shape Lip Stick Tube\" \/>\n<meta property=\"og:description\" content=\"These pill capsule lip stick tube offers a sleek and minimalist look that&#039;s perfect for trendy cosmetic lines. Made from high-quality ABS material, they are ideal for lipstick balm, or tinted treatments.\" \/>\n<meta property=\"og:url\" content=\"https:\/\/www.alovey.com\/fr\/produit\/wholesale-pill-capsule-shape-lip-stick-tube\/\" \/>\n<meta property=\"og:site_name\" content=\"Best Cosmetic Packaging Manufacture\" \/>\n<meta property=\"article:modified_time\" content=\"2025-07-23T03:04:26+00:00\" \/>\n<meta property=\"og:image\" content=\"https:\/\/www.alovey.com\/wp-content\/uploads\/2025\/07\/Wholesale-Pill-Capsule-Shape-Lip-Stick-Tube-4.jpg\" \/>\n\t<meta property=\"og:image:width\" content=\"750\" \/>\n\t<meta property=\"og:image:height\" content=\"750\" \/>\n\t<meta property=\"og:image:type\" content=\"image\/jpeg\" \/>\n<meta name=\"twitter:card\" content=\"summary_large_image\" \/>\n<meta name=\"twitter:label1\" content=\"Dur\u00e9e de lecture estim\u00e9e\" \/>\n\t<meta name=\"twitter:data1\" content=\"3 minutes\" \/>\n<script type=\"application\/ld+json\" class=\"yoast-schema-graph\">{\"@context\":\"https:\/\/schema.org\",\"@graph\":[{\"@type\":\"WebPage\",\"@id\":\"https:\/\/www.alovey.com\/product\/wholesale-pill-capsule-shape-lip-stick-tube\/\",\"url\":\"https:\/\/www.alovey.com\/product\/wholesale-pill-capsule-shape-lip-stick-tube\/\",\"name\":\"Wholesale Pill Capsule Shape Lip Stick Tube\",\"isPartOf\":{\"@id\":\"https:\/\/www.alovey.com\/#website\"},\"primaryImageOfPage\":{\"@id\":\"https:\/\/www.alovey.com\/product\/wholesale-pill-capsule-shape-lip-stick-tube\/#primaryimage\"},\"image\":{\"@id\":\"https:\/\/www.alovey.com\/product\/wholesale-pill-capsule-shape-lip-stick-tube\/#primaryimage\"},\"thumbnailUrl\":\"https:\/\/www.alovey.com\/wp-content\/uploads\/2025\/07\/Wholesale-Pill-Capsule-Shape-Lip-Stick-Tube-4.jpg\",\"datePublished\":\"2025-07-21T03:07:48+00:00\",\"dateModified\":\"2025-07-23T03:04:26+00:00\",\"description\":\"These pill capsule lip stick tube offers a sleek and minimalist look that's perfect for trendy cosmetic lines. Made from high-quality ABS material, they are ideal for lipstick balm, or tinted treatments.\",\"breadcrumb\":{\"@id\":\"https:\/\/www.alovey.com\/product\/wholesale-pill-capsule-shape-lip-stick-tube\/#breadcrumb\"},\"inLanguage\":\"fr-FR\",\"potentialAction\":[{\"@type\":\"ReadAction\",\"target\":[\"https:\/\/www.alovey.com\/product\/wholesale-pill-capsule-shape-lip-stick-tube\/\"]}]},{\"@type\":\"ImageObject\",\"inLanguage\":\"fr-FR\",\"@id\":\"https:\/\/www.alovey.com\/product\/wholesale-pill-capsule-shape-lip-stick-tube\/#primaryimage\",\"url\":\"https:\/\/www.alovey.com\/wp-content\/uploads\/2025\/07\/Wholesale-Pill-Capsule-Shape-Lip-Stick-Tube-4.jpg\",\"contentUrl\":\"https:\/\/www.alovey.com\/wp-content\/uploads\/2025\/07\/Wholesale-Pill-Capsule-Shape-Lip-Stick-Tube-4.jpg\",\"width\":750,\"height\":750,\"caption\":\"Wholesale Pill Capsule Shape Lip Stick Tube\"},{\"@type\":\"BreadcrumbList\",\"@id\":\"https:\/\/www.alovey.com\/product\/wholesale-pill-capsule-shape-lip-stick-tube\/#breadcrumb\",\"itemListElement\":[{\"@type\":\"ListItem\",\"position\":1,\"name\":\"\u9996\u9875\",\"item\":\"https:\/\/www.alovey.com\/\"},{\"@type\":\"ListItem\",\"position\":2,\"name\":\"Products\",\"item\":\"https:\/\/www.alovey.com\/products\/\"},{\"@type\":\"ListItem\",\"position\":3,\"name\":\"Wholesale Pill Capsule Lip Stick Tube\"}]},{\"@type\":\"WebSite\",\"@id\":\"https:\/\/www.alovey.com\/#website\",\"url\":\"https:\/\/www.alovey.com\/\",\"name\":\"Best Cosmetic Packaging Manufacture\",\"description\":\"Alovey Cosmetic Packaging Co.,Ltd\",\"publisher\":{\"@id\":\"https:\/\/www.alovey.com\/#organization\"},\"potentialAction\":[{\"@type\":\"SearchAction\",\"target\":{\"@type\":\"EntryPoint\",\"urlTemplate\":\"https:\/\/www.alovey.com\/?s={search_term_string}\"},\"query-input\":{\"@type\":\"PropertyValueSpecification\",\"valueRequired\":true,\"valueName\":\"search_term_string\"}}],\"inLanguage\":\"fr-FR\"},{\"@type\":\"Organization\",\"@id\":\"https:\/\/www.alovey.com\/#organization\",\"name\":\"Best Cosmetic Packaging Manufacture\",\"url\":\"https:\/\/www.alovey.com\/\",\"logo\":{\"@type\":\"ImageObject\",\"inLanguage\":\"fr-FR\",\"@id\":\"https:\/\/www.alovey.com\/#\/schema\/logo\/image\/\",\"url\":\"https:\/\/www.alovey.com\/wp-content\/uploads\/2023\/03\/logo.png\",\"contentUrl\":\"https:\/\/www.alovey.com\/wp-content\/uploads\/2023\/03\/logo.png\",\"width\":505,\"height\":180,\"caption\":\"Best  Cosmetic Packaging Manufacture\"},\"image\":{\"@id\":\"https:\/\/www.alovey.com\/#\/schema\/logo\/image\/\"}}]}<\/script>\n<!-- \/ Yoast SEO plugin. -->","yoast_head_json":{"title":"Wholesale Pill Capsule Shape Lip Stick Tube","description":"These pill capsule lip stick tube offers a sleek and minimalist look that's perfect for trendy cosmetic lines. Made from high-quality ABS material, they are ideal for lipstick balm, or tinted treatments.","robots":{"index":"index","follow":"follow","max-snippet":"max-snippet:-1","max-image-preview":"max-image-preview:large","max-video-preview":"max-video-preview:-1"},"canonical":"https:\/\/www.alovey.com\/fr\/produit\/wholesale-pill-capsule-shape-lip-stick-tube\/","og_locale":"fr_FR","og_type":"article","og_title":"Wholesale Pill Capsule Shape Lip Stick Tube","og_description":"These pill capsule lip stick tube offers a sleek and minimalist look that's perfect for trendy cosmetic lines. Made from high-quality ABS material, they are ideal for lipstick balm, or tinted treatments.","og_url":"https:\/\/www.alovey.com\/fr\/produit\/wholesale-pill-capsule-shape-lip-stick-tube\/","og_site_name":"Best Cosmetic Packaging Manufacture","article_modified_time":"2025-07-23T03:04:26+00:00","og_image":[{"width":750,"height":750,"url":"https:\/\/www.alovey.com\/wp-content\/uploads\/2025\/07\/Wholesale-Pill-Capsule-Shape-Lip-Stick-Tube-4.jpg","type":"image\/jpeg"}],"twitter_card":"summary_large_image","twitter_misc":{"Dur\u00e9e de lecture estim\u00e9e":"3 minutes"},"schema":{"@context":"https:\/\/schema.org","@graph":[{"@type":"WebPage","@id":"https:\/\/www.alovey.com\/product\/wholesale-pill-capsule-shape-lip-stick-tube\/","url":"https:\/\/www.alovey.com\/product\/wholesale-pill-capsule-shape-lip-stick-tube\/","name":"Wholesale Pill Capsule Shape Lip Stick Tube","isPartOf":{"@id":"https:\/\/www.alovey.com\/#website"},"primaryImageOfPage":{"@id":"https:\/\/www.alovey.com\/product\/wholesale-pill-capsule-shape-lip-stick-tube\/#primaryimage"},"image":{"@id":"https:\/\/www.alovey.com\/product\/wholesale-pill-capsule-shape-lip-stick-tube\/#primaryimage"},"thumbnailUrl":"https:\/\/www.alovey.com\/wp-content\/uploads\/2025\/07\/Wholesale-Pill-Capsule-Shape-Lip-Stick-Tube-4.jpg","datePublished":"2025-07-21T03:07:48+00:00","dateModified":"2025-07-23T03:04:26+00:00","description":"These pill capsule lip stick tube offers a sleek and minimalist look that's perfect for trendy cosmetic lines. Made from high-quality ABS material, they are ideal for lipstick balm, or tinted treatments.","breadcrumb":{"@id":"https:\/\/www.alovey.com\/product\/wholesale-pill-capsule-shape-lip-stick-tube\/#breadcrumb"},"inLanguage":"fr-FR","potentialAction":[{"@type":"ReadAction","target":["https:\/\/www.alovey.com\/product\/wholesale-pill-capsule-shape-lip-stick-tube\/"]}]},{"@type":"ImageObject","inLanguage":"fr-FR","@id":"https:\/\/www.alovey.com\/product\/wholesale-pill-capsule-shape-lip-stick-tube\/#primaryimage","url":"https:\/\/www.alovey.com\/wp-content\/uploads\/2025\/07\/Wholesale-Pill-Capsule-Shape-Lip-Stick-Tube-4.jpg","contentUrl":"https:\/\/www.alovey.com\/wp-content\/uploads\/2025\/07\/Wholesale-Pill-Capsule-Shape-Lip-Stick-Tube-4.jpg","width":750,"height":750,"caption":"Wholesale Pill Capsule Shape Lip Stick Tube"},{"@type":"BreadcrumbList","@id":"https:\/\/www.alovey.com\/product\/wholesale-pill-capsule-shape-lip-stick-tube\/#breadcrumb","itemListElement":[{"@type":"ListItem","position":1,"name":"\u9996\u9875","item":"https:\/\/www.alovey.com\/"},{"@type":"ListItem","position":2,"name":"Products","item":"https:\/\/www.alovey.com\/products\/"},{"@type":"ListItem","position":3,"name":"Wholesale Pill Capsule Lip Stick Tube"}]},{"@type":"WebSite","@id":"https:\/\/www.alovey.com\/#website","url":"https:\/\/www.alovey.com\/","name":"Best Cosmetic Packaging Manufacture","description":"Alovey Cosmetic Packaging Co.,Ltd","publisher":{"@id":"https:\/\/www.alovey.com\/#organization"},"potentialAction":[{"@type":"SearchAction","target":{"@type":"EntryPoint","urlTemplate":"https:\/\/www.alovey.com\/?s={search_term_string}"},"query-input":{"@type":"PropertyValueSpecification","valueRequired":true,"valueName":"search_term_string"}}],"inLanguage":"fr-FR"},{"@type":"Organization","@id":"https:\/\/www.alovey.com\/#organization","name":"Best Cosmetic Packaging Manufacture","url":"https:\/\/www.alovey.com\/","logo":{"@type":"ImageObject","inLanguage":"fr-FR","@id":"https:\/\/www.alovey.com\/#\/schema\/logo\/image\/","url":"https:\/\/www.alovey.com\/wp-content\/uploads\/2023\/03\/logo.png","contentUrl":"https:\/\/www.alovey.com\/wp-content\/uploads\/2023\/03\/logo.png","width":505,"height":180,"caption":"Best  Cosmetic Packaging Manufacture"},"image":{"@id":"https:\/\/www.alovey.com\/#\/schema\/logo\/image\/"}}]}},"_links":{"self":[{"href":"https:\/\/www.alovey.com\/fr\/wp-json\/wp\/v2\/product\/10982"}],"collection":[{"href":"https:\/\/www.alovey.com\/fr\/wp-json\/wp\/v2\/product"}],"about":[{"href":"https:\/\/www.alovey.com\/fr\/wp-json\/wp\/v2\/types\/product"}],"wp:featuredmedia":[{"embeddable":true,"href":"https:\/\/www.alovey.com\/fr\/wp-json\/wp\/v2\/media\/10985"}],"wp:attachment":[{"href":"https:\/\/www.alovey.com\/fr\/wp-json\/wp\/v2\/media?parent=10982"}],"wp:term":[{"taxonomy":"product_brand","embeddable":true,"href":"https:\/\/www.alovey.com\/fr\/wp-json\/wp\/v2\/product_brand?post=10982"},{"taxonomy":"product_cat","embeddable":true,"href":"https:\/\/www.alovey.com\/fr\/wp-json\/wp\/v2\/product_cat?post=10982"},{"taxonomy":"product_tag","embeddable":true,"href":"https:\/\/www.alovey.com\/fr\/wp-json\/wp\/v2\/product_tag?post=10982"}],"curies":[{"name":"wp","href":"https:\/\/api.w.org\/{rel}","templated":true}]}}