{"id":10812,"date":"2025-06-23T02:23:25","date_gmt":"2025-06-23T02:23:25","guid":{"rendered":"https:\/\/www.alovey.com\/?post_type=product&#038;p=10812"},"modified":"2025-06-23T02:34:06","modified_gmt":"2025-06-23T02:34:06","slug":"custom-lip-gloss-tubes-with-metallic-gradient-cap-and-collar-3-5ml","status":"publish","type":"product","link":"https:\/\/www.alovey.com\/fr\/produit\/custom-lip-gloss-tubes-with-metallic-gradient-cap-and-collar-3-5ml\/","title":{"rendered":"Custom lip gloss tubes with metallic gradient cap and collar 3.5ml"},"content":{"rendered":"<p><strong>\u00a0We welcome custom lip gloss tubes.<\/strong><\/p>\n<p><strong>These 3.5ml lip gloss tubes combine compact size, luxurious design, and practical functionality.<\/strong><\/p>\n<p><strong>The metallic gradient cap and collar create a standout visual, while the durable materials and customizable options ensure your brand shines.<\/strong><\/p>\n<p><strong>Perfect for showcasing vibrant gloss formulas,such as lip glaze, lip gloss, lip oil, lip tint\u00a0\u00a0these lip gloss tubes are designed to captivate customers and elevate your product\u2019s market presence.<\/strong><\/p>\n<p><strong>Alovey, fabricant professionnel chinois d'emballages cosm\u00e9tiques, produit une gamme exquise d'emballages cosm\u00e9tiques personnalis\u00e9s, m\u00e9ticuleusement con\u00e7us pour rehausser votre marque. Notre s\u00e9lection vari\u00e9e de mat\u00e9riaux de premi\u00e8re qualit\u00e9, associ\u00e9e \u00e0 des techniques de finition de surface d\u00e9licates telles que la s\u00e9rigraphie, l'estampage \u00e0 chaud et la pulv\u00e9risation mate, fait de chaque emballage un chef-d'\u0153uvre unique.<\/strong><\/p>\n<figure id=\"attachment_10818\" aria-describedby=\"caption-attachment-10818\" style=\"width: 750px\" class=\"wp-caption alignnone\"><img fetchpriority=\"high\" decoding=\"async\" class=\"size-full wp-image-10818\" src=\"https:\/\/www.alovey.com\/wp-content\/uploads\/2025\/06\/Custom-lip-gloss-tubes-with-metallic-gradient-cap-and-collar-3.5ml-5.jpg\" alt=\"Custom lip gloss tubes\" width=\"750\" height=\"750\" srcset=\"https:\/\/www.alovey.com\/wp-content\/uploads\/2025\/06\/Custom-lip-gloss-tubes-with-metallic-gradient-cap-and-collar-3.5ml-5.jpg 750w, https:\/\/www.alovey.com\/wp-content\/uploads\/2025\/06\/Custom-lip-gloss-tubes-with-metallic-gradient-cap-and-collar-3.5ml-5-300x300.jpg 300w, https:\/\/www.alovey.com\/wp-content\/uploads\/2025\/06\/Custom-lip-gloss-tubes-with-metallic-gradient-cap-and-collar-3.5ml-5-150x150.jpg 150w, https:\/\/www.alovey.com\/wp-content\/uploads\/2025\/06\/Custom-lip-gloss-tubes-with-metallic-gradient-cap-and-collar-3.5ml-5-600x600.jpg 600w, https:\/\/www.alovey.com\/wp-content\/uploads\/2025\/06\/Custom-lip-gloss-tubes-with-metallic-gradient-cap-and-collar-3.5ml-5-100x100.jpg 100w\" sizes=\"(max-width: 750px) 100vw, 750px\" \/><figcaption id=\"caption-attachment-10818\" class=\"wp-caption-text\"><br \/>\u200b<\/figcaption><\/figure>\n<p><img decoding=\"async\" class=\"size-full wp-image-10817\" src=\"https:\/\/www.alovey.com\/wp-content\/uploads\/2025\/06\/Custom-lip-gloss-tubes-with-metallic-gradient-cap-and-collar-3.5ml-4.jpg\" alt=\"Custom lip gloss tubes\" width=\"750\" height=\"750\" srcset=\"https:\/\/www.alovey.com\/wp-content\/uploads\/2025\/06\/Custom-lip-gloss-tubes-with-metallic-gradient-cap-and-collar-3.5ml-4.jpg 750w, https:\/\/www.alovey.com\/wp-content\/uploads\/2025\/06\/Custom-lip-gloss-tubes-with-metallic-gradient-cap-and-collar-3.5ml-4-300x300.jpg 300w, https:\/\/www.alovey.com\/wp-content\/uploads\/2025\/06\/Custom-lip-gloss-tubes-with-metallic-gradient-cap-and-collar-3.5ml-4-150x150.jpg 150w, https:\/\/www.alovey.com\/wp-content\/uploads\/2025\/06\/Custom-lip-gloss-tubes-with-metallic-gradient-cap-and-collar-3.5ml-4-600x600.jpg 600w, https:\/\/www.alovey.com\/wp-content\/uploads\/2025\/06\/Custom-lip-gloss-tubes-with-metallic-gradient-cap-and-collar-3.5ml-4-100x100.jpg 100w\" sizes=\"(max-width: 750px) 100vw, 750px\" \/><\/p>\n<figure id=\"attachment_10816\" aria-describedby=\"caption-attachment-10816\" style=\"width: 750px\" class=\"wp-caption alignnone\"><img decoding=\"async\" class=\"size-full wp-image-10816\" src=\"https:\/\/www.alovey.com\/wp-content\/uploads\/2025\/06\/Custom-lip-gloss-tubes-with-metallic-gradient-cap-and-collar-3.5ml-3.jpg\" alt=\"Custom lip gloss tubes\" width=\"750\" height=\"750\" srcset=\"https:\/\/www.alovey.com\/wp-content\/uploads\/2025\/06\/Custom-lip-gloss-tubes-with-metallic-gradient-cap-and-collar-3.5ml-3.jpg 750w, https:\/\/www.alovey.com\/wp-content\/uploads\/2025\/06\/Custom-lip-gloss-tubes-with-metallic-gradient-cap-and-collar-3.5ml-3-300x300.jpg 300w, https:\/\/www.alovey.com\/wp-content\/uploads\/2025\/06\/Custom-lip-gloss-tubes-with-metallic-gradient-cap-and-collar-3.5ml-3-150x150.jpg 150w, https:\/\/www.alovey.com\/wp-content\/uploads\/2025\/06\/Custom-lip-gloss-tubes-with-metallic-gradient-cap-and-collar-3.5ml-3-600x600.jpg 600w, https:\/\/www.alovey.com\/wp-content\/uploads\/2025\/06\/Custom-lip-gloss-tubes-with-metallic-gradient-cap-and-collar-3.5ml-3-100x100.jpg 100w\" sizes=\"(max-width: 750px) 100vw, 750px\" \/><figcaption id=\"caption-attachment-10816\" class=\"wp-caption-text\"><br \/>\u200b<\/figcaption><\/figure>\n<p><img loading=\"lazy\" decoding=\"async\" class=\"size-full wp-image-10815\" src=\"https:\/\/www.alovey.com\/wp-content\/uploads\/2025\/06\/Custom-lip-gloss-tubes-with-metallic-gradient-cap-and-collar-3.5ml-2.jpg\" alt=\"Custom lip gloss tubes\" width=\"750\" height=\"750\" srcset=\"https:\/\/www.alovey.com\/wp-content\/uploads\/2025\/06\/Custom-lip-gloss-tubes-with-metallic-gradient-cap-and-collar-3.5ml-2.jpg 750w, https:\/\/www.alovey.com\/wp-content\/uploads\/2025\/06\/Custom-lip-gloss-tubes-with-metallic-gradient-cap-and-collar-3.5ml-2-300x300.jpg 300w, https:\/\/www.alovey.com\/wp-content\/uploads\/2025\/06\/Custom-lip-gloss-tubes-with-metallic-gradient-cap-and-collar-3.5ml-2-150x150.jpg 150w, https:\/\/www.alovey.com\/wp-content\/uploads\/2025\/06\/Custom-lip-gloss-tubes-with-metallic-gradient-cap-and-collar-3.5ml-2-600x600.jpg 600w, https:\/\/www.alovey.com\/wp-content\/uploads\/2025\/06\/Custom-lip-gloss-tubes-with-metallic-gradient-cap-and-collar-3.5ml-2-100x100.jpg 100w\" sizes=\"(max-width: 750px) 100vw, 750px\" \/><\/p>\n<figure id=\"attachment_10814\" aria-describedby=\"caption-attachment-10814\" style=\"width: 750px\" class=\"wp-caption alignnone\"><img loading=\"lazy\" decoding=\"async\" class=\"size-full wp-image-10814\" src=\"https:\/\/www.alovey.com\/wp-content\/uploads\/2025\/06\/Custom-lip-gloss-tubes-with-metallic-gradient-cap-and-collar-3.5ml-1.jpg\" alt=\"Custom lip gloss tubes\" width=\"750\" height=\"750\" srcset=\"https:\/\/www.alovey.com\/wp-content\/uploads\/2025\/06\/Custom-lip-gloss-tubes-with-metallic-gradient-cap-and-collar-3.5ml-1.jpg 750w, https:\/\/www.alovey.com\/wp-content\/uploads\/2025\/06\/Custom-lip-gloss-tubes-with-metallic-gradient-cap-and-collar-3.5ml-1-300x300.jpg 300w, https:\/\/www.alovey.com\/wp-content\/uploads\/2025\/06\/Custom-lip-gloss-tubes-with-metallic-gradient-cap-and-collar-3.5ml-1-150x150.jpg 150w, https:\/\/www.alovey.com\/wp-content\/uploads\/2025\/06\/Custom-lip-gloss-tubes-with-metallic-gradient-cap-and-collar-3.5ml-1-600x600.jpg 600w, https:\/\/www.alovey.com\/wp-content\/uploads\/2025\/06\/Custom-lip-gloss-tubes-with-metallic-gradient-cap-and-collar-3.5ml-1-100x100.jpg 100w\" sizes=\"(max-width: 750px) 100vw, 750px\" \/><figcaption id=\"caption-attachment-10814\" class=\"wp-caption-text\"><br \/>\u200b<\/figcaption><\/figure>\n<figure id=\"attachment_10813\" aria-describedby=\"caption-attachment-10813\" style=\"width: 630px\" class=\"wp-caption alignnone\"><img loading=\"lazy\" decoding=\"async\" class=\"size-full wp-image-10813\" src=\"https:\/\/www.alovey.com\/wp-content\/uploads\/2025\/06\/Custom-lip-gloss-tubes-with-metallic-gradient-cap-and-collar-3.5ml-8.jpg\" alt=\"Custom lip gloss tubes\" width=\"630\" height=\"630\" srcset=\"https:\/\/www.alovey.com\/wp-content\/uploads\/2025\/06\/Custom-lip-gloss-tubes-with-metallic-gradient-cap-and-collar-3.5ml-8.jpg 630w, https:\/\/www.alovey.com\/wp-content\/uploads\/2025\/06\/Custom-lip-gloss-tubes-with-metallic-gradient-cap-and-collar-3.5ml-8-300x300.jpg 300w, https:\/\/www.alovey.com\/wp-content\/uploads\/2025\/06\/Custom-lip-gloss-tubes-with-metallic-gradient-cap-and-collar-3.5ml-8-150x150.jpg 150w, https:\/\/www.alovey.com\/wp-content\/uploads\/2025\/06\/Custom-lip-gloss-tubes-with-metallic-gradient-cap-and-collar-3.5ml-8-600x600.jpg 600w, https:\/\/www.alovey.com\/wp-content\/uploads\/2025\/06\/Custom-lip-gloss-tubes-with-metallic-gradient-cap-and-collar-3.5ml-8-100x100.jpg 100w\" sizes=\"(max-width: 630px) 100vw, 630px\" \/><figcaption id=\"caption-attachment-10813\" class=\"wp-caption-text\"><br \/>\u200b<\/figcaption><\/figure>\n<figure id=\"attachment_10819\" aria-describedby=\"caption-attachment-10819\" style=\"width: 750px\" class=\"wp-caption alignnone\"><img loading=\"lazy\" decoding=\"async\" class=\"size-full wp-image-10819\" src=\"https:\/\/www.alovey.com\/wp-content\/uploads\/2025\/06\/Custom-lip-gloss-tubes-with-metallic-gradient-cap-and-collar-3.5ml-6.jpg\" alt=\"Custom lip gloss tubes\" width=\"750\" height=\"750\" srcset=\"https:\/\/www.alovey.com\/wp-content\/uploads\/2025\/06\/Custom-lip-gloss-tubes-with-metallic-gradient-cap-and-collar-3.5ml-6.jpg 750w, https:\/\/www.alovey.com\/wp-content\/uploads\/2025\/06\/Custom-lip-gloss-tubes-with-metallic-gradient-cap-and-collar-3.5ml-6-300x300.jpg 300w, https:\/\/www.alovey.com\/wp-content\/uploads\/2025\/06\/Custom-lip-gloss-tubes-with-metallic-gradient-cap-and-collar-3.5ml-6-150x150.jpg 150w, https:\/\/www.alovey.com\/wp-content\/uploads\/2025\/06\/Custom-lip-gloss-tubes-with-metallic-gradient-cap-and-collar-3.5ml-6-600x600.jpg 600w, https:\/\/www.alovey.com\/wp-content\/uploads\/2025\/06\/Custom-lip-gloss-tubes-with-metallic-gradient-cap-and-collar-3.5ml-6-100x100.jpg 100w\" sizes=\"(max-width: 750px) 100vw, 750px\" \/><figcaption id=\"caption-attachment-10819\" class=\"wp-caption-text\"><br \/>\u200b<\/figcaption><\/figure>\n<p>&nbsp;<\/p>\n<p>&nbsp;<\/p>\n<p>&nbsp;<\/p>\n<p>&nbsp;<\/p>\n<p>&nbsp;<\/p>\n<p>&nbsp;<\/p>\n<p>&nbsp;<\/p>\n<p>&nbsp;<\/p>\n<p>&nbsp;<\/p>\n<p>&nbsp;<\/p>\n<p>&nbsp;<\/p>\n<p>&nbsp;<\/p>\n<p>&nbsp;<\/p>\n<p>&nbsp;<\/p>\n<p>&nbsp;<\/p>\n<p>&nbsp;<\/p>\n<p>&nbsp;<\/p>\n<p>&nbsp;<\/p>\n<p>&nbsp;<\/p>\n<p>&nbsp;<\/p>\n<p>&nbsp;<\/p>\n<p>&nbsp;<\/p>\n<p>&nbsp;<\/p>\n<p>&nbsp;<\/p>\n<p>&nbsp;<\/p>\n<p>&nbsp;<\/p>\n<p>&nbsp;<\/p>\n<p>&nbsp;<\/p>\n<p>&nbsp;<\/p>\n<p>&nbsp;<\/p>\n<p>&nbsp;<\/p>\n<p>&nbsp;<\/p>\n<p>&nbsp;<\/p>\n<p>&nbsp;<\/p>\n<p>&nbsp;<\/p>\n<p>&nbsp;<\/p>\n<p>&nbsp;<\/p>\n<p>&nbsp;<\/p>\n<p>&nbsp;<\/p>\n<p>&nbsp;<\/p>\n<p>&nbsp;<\/p>\n<p>&nbsp;<\/p>\n<p>&nbsp;<\/p>\n<p>&nbsp;<\/p>\n<p>&nbsp;<\/p>\n<p>&nbsp;<\/p>\n<p>&nbsp;<\/p>\n<p>&nbsp;<\/p>\n<p>&nbsp;<\/p>\n<p>&nbsp;<\/p>\n<p>&nbsp;<\/p>\n<p>&nbsp;<\/p>\n<p>&nbsp;<\/p>\n<p>&nbsp;<\/p>\n<p>&nbsp;<\/p>\n<p>&nbsp;<\/p>\n<p>&nbsp;<\/p>\n<p>&nbsp;<\/p>\n<p>&nbsp;<\/p>\n<p>&nbsp;<\/p>\n<p>&nbsp;<\/p>\n<p>&nbsp;<\/p>\n<p>&nbsp;<\/p>\n<p>&nbsp;<\/p>\n<p>&nbsp;<\/p>\n<p>&nbsp;<\/p>\n<p>&nbsp;<\/p>\n<p>&nbsp;<\/p>\n<p>&nbsp;<\/p>\n<p>&nbsp;<\/p>\n<p>&nbsp;<\/p>\n<p>&nbsp;<\/p>\n<p>&nbsp;<\/p>\n<p>&nbsp;<\/p>\n<p>&nbsp;<\/p>\n<p>&nbsp;<\/p>\n<p>&nbsp;<\/p>\n<p>&nbsp;<\/p>\n<p>&nbsp;<\/p>\n<p>&nbsp;<\/p>\n<p>&nbsp;<\/p>\n<p>&nbsp;<\/p>\n<p>&nbsp;<\/p>\n<p>&nbsp;<\/p>\n<p>&nbsp;<\/p>\n<p>&nbsp;<\/p>\n<p>&nbsp;<\/p>\n<p>&nbsp;<\/p>\n<p>&nbsp;<\/p>\n<p>&nbsp;<\/p>\n<p>&nbsp;<\/p>\n<p>&nbsp;<\/p>\n<p>&nbsp;<\/p>\n<p>&nbsp;<\/p>\n<p>&nbsp;<\/p>\n<p>&nbsp;<\/p>\n<p>&nbsp;<\/p>\n<p>&nbsp;<\/p>\n<p>&nbsp;<\/p>\n<p>&nbsp;<\/p>\n<p>&nbsp;<\/p>\n<p>&nbsp;<\/p>\n<p>&nbsp;<\/p>\n<p>&nbsp;<\/p>\n<p>&nbsp;<\/p>\n<p>&nbsp;<\/p>","protected":false},"excerpt":{"rendered":"<ul>\n<li>Item No: LG-0062C<\/li>\n<li>Mat\u00e9riau : Plastique<\/li>\n<li>Taille : W20*H101.5MM<\/li>\n<li>Capacity:3.5ml<\/li>\n<li>Applications : Produits de beaut\u00e9<\/li>\n<li>MOQ : 12 000 pi\u00e8ces<\/li>\n<li>Couleur : couleur personnalis\u00e9e<\/li>\n<li>Surface treatment: Injection\/Matte\/Metalization\/UV coating<\/li>\n<li>Nom de marque : OEM\/ODM<\/li>\n<li>Logo : Logo du client<\/li>\n<li>Capacit\u00e9 de production : 100 000 pi\u00e8ces par mois<\/li>\n<\/ul>\n<p>&nbsp;<\/p>","protected":false},"featured_media":10814,"template":"","meta":{"_acf_changed":false},"product_brand":[],"product_cat":[372],"product_tag":[388],"class_list":{"0":"post-10812","1":"product","2":"type-product","3":"status-publish","4":"has-post-thumbnail","6":"product_cat-lipgloss-tube","7":"product_tag-lip-gloss-tube","9":"first","10":"instock","11":"shipping-taxable","12":"product-type-simple"},"acf":[],"yoast_head":"<!-- This site is optimized with the Yoast SEO plugin v24.1 - https:\/\/yoast.com\/wordpress\/plugins\/seo\/ -->\n<title>Custom lip gloss tubes with metallic gradient cap and collar 3.5ml<\/title>\n<meta name=\"description\" content=\"We welcome custom lip gloss tubes. These 3.5ml lip gloss tubes combine compact size, luxurious design, and practical functionality.\" \/>\n<meta name=\"robots\" content=\"index, follow, max-snippet:-1, max-image-preview:large, max-video-preview:-1\" \/>\n<link rel=\"canonical\" href=\"https:\/\/www.alovey.com\/fr\/produit\/custom-lip-gloss-tubes-with-metallic-gradient-cap-and-collar-3-5ml\/\" \/>\n<meta property=\"og:locale\" content=\"fr_FR\" \/>\n<meta property=\"og:type\" content=\"article\" \/>\n<meta property=\"og:title\" content=\"Custom lip gloss tubes with metallic gradient cap and collar 3.5ml\" \/>\n<meta property=\"og:description\" content=\"We welcome custom lip gloss tubes. These 3.5ml lip gloss tubes combine compact size, luxurious design, and practical functionality.\" \/>\n<meta property=\"og:url\" content=\"https:\/\/www.alovey.com\/fr\/produit\/custom-lip-gloss-tubes-with-metallic-gradient-cap-and-collar-3-5ml\/\" \/>\n<meta property=\"og:site_name\" content=\"Best Cosmetic Packaging Manufacture\" \/>\n<meta property=\"article:modified_time\" content=\"2025-06-23T02:34:06+00:00\" \/>\n<meta property=\"og:image\" content=\"https:\/\/www.alovey.com\/wp-content\/uploads\/2025\/06\/Custom-lip-gloss-tubes-with-metallic-gradient-cap-and-collar-3.5ml-1.jpg\" \/>\n\t<meta property=\"og:image:width\" content=\"750\" \/>\n\t<meta property=\"og:image:height\" content=\"750\" \/>\n\t<meta property=\"og:image:type\" content=\"image\/jpeg\" \/>\n<meta name=\"twitter:card\" content=\"summary_large_image\" \/>\n<meta name=\"twitter:label1\" content=\"Dur\u00e9e de lecture estim\u00e9e\" \/>\n\t<meta name=\"twitter:data1\" content=\"3 minutes\" \/>\n<script type=\"application\/ld+json\" class=\"yoast-schema-graph\">{\"@context\":\"https:\/\/schema.org\",\"@graph\":[{\"@type\":\"WebPage\",\"@id\":\"https:\/\/www.alovey.com\/product\/custom-lip-gloss-tubes-with-metallic-gradient-cap-and-collar-3-5ml\/\",\"url\":\"https:\/\/www.alovey.com\/product\/custom-lip-gloss-tubes-with-metallic-gradient-cap-and-collar-3-5ml\/\",\"name\":\"Custom lip gloss tubes with metallic gradient cap and collar 3.5ml\",\"isPartOf\":{\"@id\":\"https:\/\/www.alovey.com\/#website\"},\"primaryImageOfPage\":{\"@id\":\"https:\/\/www.alovey.com\/product\/custom-lip-gloss-tubes-with-metallic-gradient-cap-and-collar-3-5ml\/#primaryimage\"},\"image\":{\"@id\":\"https:\/\/www.alovey.com\/product\/custom-lip-gloss-tubes-with-metallic-gradient-cap-and-collar-3-5ml\/#primaryimage\"},\"thumbnailUrl\":\"https:\/\/www.alovey.com\/wp-content\/uploads\/2025\/06\/Custom-lip-gloss-tubes-with-metallic-gradient-cap-and-collar-3.5ml-1.jpg\",\"datePublished\":\"2025-06-23T02:23:25+00:00\",\"dateModified\":\"2025-06-23T02:34:06+00:00\",\"description\":\"We welcome custom lip gloss tubes. These 3.5ml lip gloss tubes combine compact size, luxurious design, and practical functionality.\",\"breadcrumb\":{\"@id\":\"https:\/\/www.alovey.com\/product\/custom-lip-gloss-tubes-with-metallic-gradient-cap-and-collar-3-5ml\/#breadcrumb\"},\"inLanguage\":\"fr-FR\",\"potentialAction\":[{\"@type\":\"ReadAction\",\"target\":[\"https:\/\/www.alovey.com\/product\/custom-lip-gloss-tubes-with-metallic-gradient-cap-and-collar-3-5ml\/\"]}]},{\"@type\":\"ImageObject\",\"inLanguage\":\"fr-FR\",\"@id\":\"https:\/\/www.alovey.com\/product\/custom-lip-gloss-tubes-with-metallic-gradient-cap-and-collar-3-5ml\/#primaryimage\",\"url\":\"https:\/\/www.alovey.com\/wp-content\/uploads\/2025\/06\/Custom-lip-gloss-tubes-with-metallic-gradient-cap-and-collar-3.5ml-1.jpg\",\"contentUrl\":\"https:\/\/www.alovey.com\/wp-content\/uploads\/2025\/06\/Custom-lip-gloss-tubes-with-metallic-gradient-cap-and-collar-3.5ml-1.jpg\",\"width\":750,\"height\":750,\"caption\":\"Custom lip gloss tubes with metallic gradient cap and collar 3.5ml \u200b\"},{\"@type\":\"BreadcrumbList\",\"@id\":\"https:\/\/www.alovey.com\/product\/custom-lip-gloss-tubes-with-metallic-gradient-cap-and-collar-3-5ml\/#breadcrumb\",\"itemListElement\":[{\"@type\":\"ListItem\",\"position\":1,\"name\":\"\u9996\u9875\",\"item\":\"https:\/\/www.alovey.com\/\"},{\"@type\":\"ListItem\",\"position\":2,\"name\":\"Products\",\"item\":\"https:\/\/www.alovey.com\/products\/\"},{\"@type\":\"ListItem\",\"position\":3,\"name\":\"Custom lip gloss tubes with metallic gradient cap and collar 3.5ml\"}]},{\"@type\":\"WebSite\",\"@id\":\"https:\/\/www.alovey.com\/#website\",\"url\":\"https:\/\/www.alovey.com\/\",\"name\":\"Best Cosmetic Packaging Manufacture\",\"description\":\"Alovey Cosmetic Packaging Co.,Ltd\",\"publisher\":{\"@id\":\"https:\/\/www.alovey.com\/#organization\"},\"potentialAction\":[{\"@type\":\"SearchAction\",\"target\":{\"@type\":\"EntryPoint\",\"urlTemplate\":\"https:\/\/www.alovey.com\/?s={search_term_string}\"},\"query-input\":{\"@type\":\"PropertyValueSpecification\",\"valueRequired\":true,\"valueName\":\"search_term_string\"}}],\"inLanguage\":\"fr-FR\"},{\"@type\":\"Organization\",\"@id\":\"https:\/\/www.alovey.com\/#organization\",\"name\":\"Best Cosmetic Packaging Manufacture\",\"url\":\"https:\/\/www.alovey.com\/\",\"logo\":{\"@type\":\"ImageObject\",\"inLanguage\":\"fr-FR\",\"@id\":\"https:\/\/www.alovey.com\/#\/schema\/logo\/image\/\",\"url\":\"https:\/\/www.alovey.com\/wp-content\/uploads\/2023\/03\/logo.png\",\"contentUrl\":\"https:\/\/www.alovey.com\/wp-content\/uploads\/2023\/03\/logo.png\",\"width\":505,\"height\":180,\"caption\":\"Best  Cosmetic Packaging Manufacture\"},\"image\":{\"@id\":\"https:\/\/www.alovey.com\/#\/schema\/logo\/image\/\"}}]}<\/script>\n<!-- \/ Yoast SEO plugin. -->","yoast_head_json":{"title":"Custom lip gloss tubes with metallic gradient cap and collar 3.5ml","description":"We welcome custom lip gloss tubes. These 3.5ml lip gloss tubes combine compact size, luxurious design, and practical functionality.","robots":{"index":"index","follow":"follow","max-snippet":"max-snippet:-1","max-image-preview":"max-image-preview:large","max-video-preview":"max-video-preview:-1"},"canonical":"https:\/\/www.alovey.com\/fr\/produit\/custom-lip-gloss-tubes-with-metallic-gradient-cap-and-collar-3-5ml\/","og_locale":"fr_FR","og_type":"article","og_title":"Custom lip gloss tubes with metallic gradient cap and collar 3.5ml","og_description":"We welcome custom lip gloss tubes. These 3.5ml lip gloss tubes combine compact size, luxurious design, and practical functionality.","og_url":"https:\/\/www.alovey.com\/fr\/produit\/custom-lip-gloss-tubes-with-metallic-gradient-cap-and-collar-3-5ml\/","og_site_name":"Best Cosmetic Packaging Manufacture","article_modified_time":"2025-06-23T02:34:06+00:00","og_image":[{"width":750,"height":750,"url":"https:\/\/www.alovey.com\/wp-content\/uploads\/2025\/06\/Custom-lip-gloss-tubes-with-metallic-gradient-cap-and-collar-3.5ml-1.jpg","type":"image\/jpeg"}],"twitter_card":"summary_large_image","twitter_misc":{"Dur\u00e9e de lecture estim\u00e9e":"3 minutes"},"schema":{"@context":"https:\/\/schema.org","@graph":[{"@type":"WebPage","@id":"https:\/\/www.alovey.com\/product\/custom-lip-gloss-tubes-with-metallic-gradient-cap-and-collar-3-5ml\/","url":"https:\/\/www.alovey.com\/product\/custom-lip-gloss-tubes-with-metallic-gradient-cap-and-collar-3-5ml\/","name":"Custom lip gloss tubes with metallic gradient cap and collar 3.5ml","isPartOf":{"@id":"https:\/\/www.alovey.com\/#website"},"primaryImageOfPage":{"@id":"https:\/\/www.alovey.com\/product\/custom-lip-gloss-tubes-with-metallic-gradient-cap-and-collar-3-5ml\/#primaryimage"},"image":{"@id":"https:\/\/www.alovey.com\/product\/custom-lip-gloss-tubes-with-metallic-gradient-cap-and-collar-3-5ml\/#primaryimage"},"thumbnailUrl":"https:\/\/www.alovey.com\/wp-content\/uploads\/2025\/06\/Custom-lip-gloss-tubes-with-metallic-gradient-cap-and-collar-3.5ml-1.jpg","datePublished":"2025-06-23T02:23:25+00:00","dateModified":"2025-06-23T02:34:06+00:00","description":"We welcome custom lip gloss tubes. These 3.5ml lip gloss tubes combine compact size, luxurious design, and practical functionality.","breadcrumb":{"@id":"https:\/\/www.alovey.com\/product\/custom-lip-gloss-tubes-with-metallic-gradient-cap-and-collar-3-5ml\/#breadcrumb"},"inLanguage":"fr-FR","potentialAction":[{"@type":"ReadAction","target":["https:\/\/www.alovey.com\/product\/custom-lip-gloss-tubes-with-metallic-gradient-cap-and-collar-3-5ml\/"]}]},{"@type":"ImageObject","inLanguage":"fr-FR","@id":"https:\/\/www.alovey.com\/product\/custom-lip-gloss-tubes-with-metallic-gradient-cap-and-collar-3-5ml\/#primaryimage","url":"https:\/\/www.alovey.com\/wp-content\/uploads\/2025\/06\/Custom-lip-gloss-tubes-with-metallic-gradient-cap-and-collar-3.5ml-1.jpg","contentUrl":"https:\/\/www.alovey.com\/wp-content\/uploads\/2025\/06\/Custom-lip-gloss-tubes-with-metallic-gradient-cap-and-collar-3.5ml-1.jpg","width":750,"height":750,"caption":"Custom lip gloss tubes with metallic gradient cap and collar 3.5ml \u200b"},{"@type":"BreadcrumbList","@id":"https:\/\/www.alovey.com\/product\/custom-lip-gloss-tubes-with-metallic-gradient-cap-and-collar-3-5ml\/#breadcrumb","itemListElement":[{"@type":"ListItem","position":1,"name":"\u9996\u9875","item":"https:\/\/www.alovey.com\/"},{"@type":"ListItem","position":2,"name":"Products","item":"https:\/\/www.alovey.com\/products\/"},{"@type":"ListItem","position":3,"name":"Custom lip gloss tubes with metallic gradient cap and collar 3.5ml"}]},{"@type":"WebSite","@id":"https:\/\/www.alovey.com\/#website","url":"https:\/\/www.alovey.com\/","name":"Best Cosmetic Packaging Manufacture","description":"Alovey Cosmetic Packaging Co.,Ltd","publisher":{"@id":"https:\/\/www.alovey.com\/#organization"},"potentialAction":[{"@type":"SearchAction","target":{"@type":"EntryPoint","urlTemplate":"https:\/\/www.alovey.com\/?s={search_term_string}"},"query-input":{"@type":"PropertyValueSpecification","valueRequired":true,"valueName":"search_term_string"}}],"inLanguage":"fr-FR"},{"@type":"Organization","@id":"https:\/\/www.alovey.com\/#organization","name":"Best Cosmetic Packaging Manufacture","url":"https:\/\/www.alovey.com\/","logo":{"@type":"ImageObject","inLanguage":"fr-FR","@id":"https:\/\/www.alovey.com\/#\/schema\/logo\/image\/","url":"https:\/\/www.alovey.com\/wp-content\/uploads\/2023\/03\/logo.png","contentUrl":"https:\/\/www.alovey.com\/wp-content\/uploads\/2023\/03\/logo.png","width":505,"height":180,"caption":"Best  Cosmetic Packaging Manufacture"},"image":{"@id":"https:\/\/www.alovey.com\/#\/schema\/logo\/image\/"}}]}},"_links":{"self":[{"href":"https:\/\/www.alovey.com\/fr\/wp-json\/wp\/v2\/product\/10812"}],"collection":[{"href":"https:\/\/www.alovey.com\/fr\/wp-json\/wp\/v2\/product"}],"about":[{"href":"https:\/\/www.alovey.com\/fr\/wp-json\/wp\/v2\/types\/product"}],"wp:featuredmedia":[{"embeddable":true,"href":"https:\/\/www.alovey.com\/fr\/wp-json\/wp\/v2\/media\/10814"}],"wp:attachment":[{"href":"https:\/\/www.alovey.com\/fr\/wp-json\/wp\/v2\/media?parent=10812"}],"wp:term":[{"taxonomy":"product_brand","embeddable":true,"href":"https:\/\/www.alovey.com\/fr\/wp-json\/wp\/v2\/product_brand?post=10812"},{"taxonomy":"product_cat","embeddable":true,"href":"https:\/\/www.alovey.com\/fr\/wp-json\/wp\/v2\/product_cat?post=10812"},{"taxonomy":"product_tag","embeddable":true,"href":"https:\/\/www.alovey.com\/fr\/wp-json\/wp\/v2\/product_tag?post=10812"}],"curies":[{"name":"wp","href":"https:\/\/api.w.org\/{rel}","templated":true}]}}