{"id":10798,"date":"2025-06-23T02:07:48","date_gmt":"2025-06-23T02:07:48","guid":{"rendered":"https:\/\/www.alovey.com\/?post_type=product&#038;p=10798"},"modified":"2025-06-23T02:13:30","modified_gmt":"2025-06-23T02:13:30","slug":"mini-lip-balm-container-with-clear-top","status":"publish","type":"product","link":"https:\/\/www.alovey.com\/fr\/produit\/mini-lip-balm-container-with-clear-top\/","title":{"rendered":"Mini-r\u00e9cipient pour baume \u00e0 l\u00e8vres avec couvercle transparent"},"content":{"rendered":"<p><strong>This lip balm container is\u00a0odor-free, BPA-free, and non-toxic, ensuring safety and reliability.<\/strong><\/p>\n<p><strong>It is crafted from thickened, high-quality ABS material.<\/strong><\/p>\n<p><strong>The clear top design\u00a0offers a sleek, modern look while allowing easy visibility of the product inside.<\/strong><\/p>\n<p><strong>Each lip balm container features a smooth roll-up mechanism, making it simple to advance the balm for quick and convenient application\u2014ideal for lip balm brands looking to combine functionality with elegant presentation.<\/strong><\/p>\n<p><strong>Alovey produit une gamme exquise d'emballages cosm\u00e9tiques personnalis\u00e9s, m\u00e9ticuleusement con\u00e7us pour rehausser votre marque. Notre s\u00e9lection vari\u00e9e de mat\u00e9riaux de premi\u00e8re qualit\u00e9, associ\u00e9e \u00e0 des techniques de finition de surface d\u00e9licates telles que la s\u00e9rigraphie, le marquage \u00e0 chaud et la pulv\u00e9risation mate, fait de chaque emballage un chef-d'\u0153uvre unique.<\/strong><\/p>\n<div class=\"mceTemp\"><\/div>\n<p><img fetchpriority=\"high\" decoding=\"async\" class=\"size-full wp-image-10800\" src=\"https:\/\/www.alovey.com\/wp-content\/uploads\/2025\/06\/Mini-lip-balm-container-with-clear-top-2.jpg\" alt=\"Lip balm container\" width=\"750\" height=\"750\" srcset=\"https:\/\/www.alovey.com\/wp-content\/uploads\/2025\/06\/Mini-lip-balm-container-with-clear-top-2.jpg 750w, https:\/\/www.alovey.com\/wp-content\/uploads\/2025\/06\/Mini-lip-balm-container-with-clear-top-2-300x300.jpg 300w, https:\/\/www.alovey.com\/wp-content\/uploads\/2025\/06\/Mini-lip-balm-container-with-clear-top-2-150x150.jpg 150w, https:\/\/www.alovey.com\/wp-content\/uploads\/2025\/06\/Mini-lip-balm-container-with-clear-top-2-600x600.jpg 600w, https:\/\/www.alovey.com\/wp-content\/uploads\/2025\/06\/Mini-lip-balm-container-with-clear-top-2-100x100.jpg 100w\" sizes=\"(max-width: 750px) 100vw, 750px\" \/><\/p>\n<p><img decoding=\"async\" class=\"size-full wp-image-10801\" src=\"https:\/\/www.alovey.com\/wp-content\/uploads\/2025\/06\/Mini-lip-balm-container-with-clear-top-3.jpg\" alt=\"Lip balm container\" width=\"750\" height=\"750\" srcset=\"https:\/\/www.alovey.com\/wp-content\/uploads\/2025\/06\/Mini-lip-balm-container-with-clear-top-3.jpg 750w, https:\/\/www.alovey.com\/wp-content\/uploads\/2025\/06\/Mini-lip-balm-container-with-clear-top-3-300x300.jpg 300w, https:\/\/www.alovey.com\/wp-content\/uploads\/2025\/06\/Mini-lip-balm-container-with-clear-top-3-150x150.jpg 150w, https:\/\/www.alovey.com\/wp-content\/uploads\/2025\/06\/Mini-lip-balm-container-with-clear-top-3-600x600.jpg 600w, https:\/\/www.alovey.com\/wp-content\/uploads\/2025\/06\/Mini-lip-balm-container-with-clear-top-3-100x100.jpg 100w\" sizes=\"(max-width: 750px) 100vw, 750px\" \/><\/p>\n<p><img decoding=\"async\" class=\"size-full wp-image-10802\" src=\"https:\/\/www.alovey.com\/wp-content\/uploads\/2025\/06\/Mini-lip-balm-container-with-clear-top-4.jpg\" alt=\"Lip balm container\" width=\"750\" height=\"750\" srcset=\"https:\/\/www.alovey.com\/wp-content\/uploads\/2025\/06\/Mini-lip-balm-container-with-clear-top-4.jpg 750w, https:\/\/www.alovey.com\/wp-content\/uploads\/2025\/06\/Mini-lip-balm-container-with-clear-top-4-300x300.jpg 300w, https:\/\/www.alovey.com\/wp-content\/uploads\/2025\/06\/Mini-lip-balm-container-with-clear-top-4-150x150.jpg 150w, https:\/\/www.alovey.com\/wp-content\/uploads\/2025\/06\/Mini-lip-balm-container-with-clear-top-4-600x600.jpg 600w, https:\/\/www.alovey.com\/wp-content\/uploads\/2025\/06\/Mini-lip-balm-container-with-clear-top-4-100x100.jpg 100w\" sizes=\"(max-width: 750px) 100vw, 750px\" \/><\/p>\n<p><img loading=\"lazy\" decoding=\"async\" class=\"size-full wp-image-10803\" src=\"https:\/\/www.alovey.com\/wp-content\/uploads\/2025\/06\/Mini-lip-balm-container-with-clear-top-5.jpg\" alt=\"Lip balm container\" width=\"750\" height=\"750\" srcset=\"https:\/\/www.alovey.com\/wp-content\/uploads\/2025\/06\/Mini-lip-balm-container-with-clear-top-5.jpg 750w, https:\/\/www.alovey.com\/wp-content\/uploads\/2025\/06\/Mini-lip-balm-container-with-clear-top-5-300x300.jpg 300w, https:\/\/www.alovey.com\/wp-content\/uploads\/2025\/06\/Mini-lip-balm-container-with-clear-top-5-150x150.jpg 150w, https:\/\/www.alovey.com\/wp-content\/uploads\/2025\/06\/Mini-lip-balm-container-with-clear-top-5-600x600.jpg 600w, https:\/\/www.alovey.com\/wp-content\/uploads\/2025\/06\/Mini-lip-balm-container-with-clear-top-5-100x100.jpg 100w\" sizes=\"(max-width: 750px) 100vw, 750px\" \/><\/p>\n<p><img loading=\"lazy\" decoding=\"async\" class=\"size-full wp-image-10804\" src=\"https:\/\/www.alovey.com\/wp-content\/uploads\/2025\/06\/Mini-lip-balm-container-with-clear-top-6.jpg\" alt=\"Lip balm container\" width=\"750\" height=\"750\" srcset=\"https:\/\/www.alovey.com\/wp-content\/uploads\/2025\/06\/Mini-lip-balm-container-with-clear-top-6.jpg 750w, https:\/\/www.alovey.com\/wp-content\/uploads\/2025\/06\/Mini-lip-balm-container-with-clear-top-6-300x300.jpg 300w, https:\/\/www.alovey.com\/wp-content\/uploads\/2025\/06\/Mini-lip-balm-container-with-clear-top-6-150x150.jpg 150w, https:\/\/www.alovey.com\/wp-content\/uploads\/2025\/06\/Mini-lip-balm-container-with-clear-top-6-600x600.jpg 600w, https:\/\/www.alovey.com\/wp-content\/uploads\/2025\/06\/Mini-lip-balm-container-with-clear-top-6-100x100.jpg 100w\" sizes=\"(max-width: 750px) 100vw, 750px\" \/><\/p>\n<p><img loading=\"lazy\" decoding=\"async\" class=\"size-full wp-image-10799\" src=\"https:\/\/www.alovey.com\/wp-content\/uploads\/2025\/06\/Mini-lip-balm-container-with-clear-top-1.jpg\" alt=\"Lip balm container\" width=\"630\" height=\"630\" srcset=\"https:\/\/www.alovey.com\/wp-content\/uploads\/2025\/06\/Mini-lip-balm-container-with-clear-top-1.jpg 630w, https:\/\/www.alovey.com\/wp-content\/uploads\/2025\/06\/Mini-lip-balm-container-with-clear-top-1-300x300.jpg 300w, https:\/\/www.alovey.com\/wp-content\/uploads\/2025\/06\/Mini-lip-balm-container-with-clear-top-1-150x150.jpg 150w, https:\/\/www.alovey.com\/wp-content\/uploads\/2025\/06\/Mini-lip-balm-container-with-clear-top-1-600x600.jpg 600w, https:\/\/www.alovey.com\/wp-content\/uploads\/2025\/06\/Mini-lip-balm-container-with-clear-top-1-100x100.jpg 100w\" sizes=\"(max-width: 630px) 100vw, 630px\" \/><\/p>\n<p>&nbsp;<\/p>\n<p>&nbsp;<\/p>\n<p>&nbsp;<\/p>\n<p>&nbsp;<\/p>\n<p>&nbsp;<\/p>\n<p>&nbsp;<\/p>","protected":false},"excerpt":{"rendered":"<ul>\n<li>Item No: LB-0041B<\/li>\n<li>Mat\u00e9riau : Plastique<\/li>\n<li>Size:\u00a0D19*H70MM<\/li>\n<li>Capacity:4g<\/li>\n<li>Applications : Produits de beaut\u00e9<\/li>\n<li>MOQ : 12 000 pi\u00e8ces<\/li>\n<li>Couleur : couleur personnalis\u00e9e<\/li>\n<li>Surface treatment: Injection\/Matte\/Metalization\/UV coating<\/li>\n<li>Nom de marque : OEM\/ODM<\/li>\n<li>Logo : Logo du client<\/li>\n<li>Capacit\u00e9 de production : 100 000 pi\u00e8ces par mois<\/li>\n<\/ul>\n<p>&nbsp;<\/p>","protected":false},"featured_media":10801,"template":"","meta":{"_acf_changed":false},"product_brand":[],"product_cat":[374,397],"product_tag":[384],"class_list":{"0":"post-10798","1":"product","2":"type-product","3":"status-publish","4":"has-post-thumbnail","6":"product_cat-china-professional-lip-balm-tube-manufacture","7":"product_cat-unique-cosmetic-packaging","8":"product_tag-lip-balm-tube","10":"first","11":"instock","12":"shipping-taxable","13":"product-type-simple"},"acf":[],"yoast_head":"<!-- This site is optimized with the Yoast SEO plugin v24.1 - https:\/\/yoast.com\/wordpress\/plugins\/seo\/ -->\n<title>Mini lip balm container with clear top<\/title>\n<meta name=\"description\" content=\"This lip balm container is odor-free, BPA-free, and non-toxic, ensuring safety and reliability. It is crafted from thickened, high-quality ABS material\" \/>\n<meta name=\"robots\" content=\"index, follow, max-snippet:-1, max-image-preview:large, max-video-preview:-1\" \/>\n<link rel=\"canonical\" href=\"https:\/\/www.alovey.com\/fr\/produit\/mini-lip-balm-container-with-clear-top\/\" \/>\n<meta property=\"og:locale\" content=\"fr_FR\" \/>\n<meta property=\"og:type\" content=\"article\" \/>\n<meta property=\"og:title\" content=\"Mini lip balm container with clear top\" \/>\n<meta property=\"og:description\" content=\"This lip balm container is odor-free, BPA-free, and non-toxic, ensuring safety and reliability. It is crafted from thickened, high-quality ABS material\" \/>\n<meta property=\"og:url\" content=\"https:\/\/www.alovey.com\/fr\/produit\/mini-lip-balm-container-with-clear-top\/\" \/>\n<meta property=\"og:site_name\" content=\"Best Cosmetic Packaging Manufacture\" \/>\n<meta property=\"article:modified_time\" content=\"2025-06-23T02:13:30+00:00\" \/>\n<meta property=\"og:image\" content=\"https:\/\/www.alovey.com\/wp-content\/uploads\/2025\/06\/Mini-lip-balm-container-with-clear-top-3.jpg\" \/>\n\t<meta property=\"og:image:width\" content=\"750\" \/>\n\t<meta property=\"og:image:height\" content=\"750\" \/>\n\t<meta property=\"og:image:type\" content=\"image\/jpeg\" \/>\n<meta name=\"twitter:card\" content=\"summary_large_image\" \/>\n<meta name=\"twitter:label1\" content=\"Dur\u00e9e de lecture estim\u00e9e\" \/>\n\t<meta name=\"twitter:data1\" content=\"2 minutes\" \/>\n<script type=\"application\/ld+json\" class=\"yoast-schema-graph\">{\"@context\":\"https:\/\/schema.org\",\"@graph\":[{\"@type\":\"WebPage\",\"@id\":\"https:\/\/www.alovey.com\/product\/mini-lip-balm-container-with-clear-top\/\",\"url\":\"https:\/\/www.alovey.com\/product\/mini-lip-balm-container-with-clear-top\/\",\"name\":\"Mini lip balm container with clear top\",\"isPartOf\":{\"@id\":\"https:\/\/www.alovey.com\/#website\"},\"primaryImageOfPage\":{\"@id\":\"https:\/\/www.alovey.com\/product\/mini-lip-balm-container-with-clear-top\/#primaryimage\"},\"image\":{\"@id\":\"https:\/\/www.alovey.com\/product\/mini-lip-balm-container-with-clear-top\/#primaryimage\"},\"thumbnailUrl\":\"https:\/\/www.alovey.com\/wp-content\/uploads\/2025\/06\/Mini-lip-balm-container-with-clear-top-3.jpg\",\"datePublished\":\"2025-06-23T02:07:48+00:00\",\"dateModified\":\"2025-06-23T02:13:30+00:00\",\"description\":\"This lip balm container is odor-free, BPA-free, and non-toxic, ensuring safety and reliability. It is crafted from thickened, high-quality ABS material\",\"breadcrumb\":{\"@id\":\"https:\/\/www.alovey.com\/product\/mini-lip-balm-container-with-clear-top\/#breadcrumb\"},\"inLanguage\":\"fr-FR\",\"potentialAction\":[{\"@type\":\"ReadAction\",\"target\":[\"https:\/\/www.alovey.com\/product\/mini-lip-balm-container-with-clear-top\/\"]}]},{\"@type\":\"ImageObject\",\"inLanguage\":\"fr-FR\",\"@id\":\"https:\/\/www.alovey.com\/product\/mini-lip-balm-container-with-clear-top\/#primaryimage\",\"url\":\"https:\/\/www.alovey.com\/wp-content\/uploads\/2025\/06\/Mini-lip-balm-container-with-clear-top-3.jpg\",\"contentUrl\":\"https:\/\/www.alovey.com\/wp-content\/uploads\/2025\/06\/Mini-lip-balm-container-with-clear-top-3.jpg\",\"width\":750,\"height\":750,\"caption\":\"Mini lip balm container with clear top\"},{\"@type\":\"BreadcrumbList\",\"@id\":\"https:\/\/www.alovey.com\/product\/mini-lip-balm-container-with-clear-top\/#breadcrumb\",\"itemListElement\":[{\"@type\":\"ListItem\",\"position\":1,\"name\":\"\u9996\u9875\",\"item\":\"https:\/\/www.alovey.com\/\"},{\"@type\":\"ListItem\",\"position\":2,\"name\":\"Products\",\"item\":\"https:\/\/www.alovey.com\/products\/\"},{\"@type\":\"ListItem\",\"position\":3,\"name\":\"Mini lip balm container with clear top\"}]},{\"@type\":\"WebSite\",\"@id\":\"https:\/\/www.alovey.com\/#website\",\"url\":\"https:\/\/www.alovey.com\/\",\"name\":\"Best Cosmetic Packaging Manufacture\",\"description\":\"Alovey Cosmetic Packaging Co.,Ltd\",\"publisher\":{\"@id\":\"https:\/\/www.alovey.com\/#organization\"},\"potentialAction\":[{\"@type\":\"SearchAction\",\"target\":{\"@type\":\"EntryPoint\",\"urlTemplate\":\"https:\/\/www.alovey.com\/?s={search_term_string}\"},\"query-input\":{\"@type\":\"PropertyValueSpecification\",\"valueRequired\":true,\"valueName\":\"search_term_string\"}}],\"inLanguage\":\"fr-FR\"},{\"@type\":\"Organization\",\"@id\":\"https:\/\/www.alovey.com\/#organization\",\"name\":\"Best Cosmetic Packaging Manufacture\",\"url\":\"https:\/\/www.alovey.com\/\",\"logo\":{\"@type\":\"ImageObject\",\"inLanguage\":\"fr-FR\",\"@id\":\"https:\/\/www.alovey.com\/#\/schema\/logo\/image\/\",\"url\":\"https:\/\/www.alovey.com\/wp-content\/uploads\/2023\/03\/logo.png\",\"contentUrl\":\"https:\/\/www.alovey.com\/wp-content\/uploads\/2023\/03\/logo.png\",\"width\":505,\"height\":180,\"caption\":\"Best  Cosmetic Packaging Manufacture\"},\"image\":{\"@id\":\"https:\/\/www.alovey.com\/#\/schema\/logo\/image\/\"}}]}<\/script>\n<!-- \/ Yoast SEO plugin. -->","yoast_head_json":{"title":"Mini-r\u00e9cipient pour baume \u00e0 l\u00e8vres avec couvercle transparent","description":"This lip balm container is odor-free, BPA-free, and non-toxic, ensuring safety and reliability. It is crafted from thickened, high-quality ABS material","robots":{"index":"index","follow":"follow","max-snippet":"max-snippet:-1","max-image-preview":"max-image-preview:large","max-video-preview":"max-video-preview:-1"},"canonical":"https:\/\/www.alovey.com\/fr\/produit\/mini-lip-balm-container-with-clear-top\/","og_locale":"fr_FR","og_type":"article","og_title":"Mini lip balm container with clear top","og_description":"This lip balm container is odor-free, BPA-free, and non-toxic, ensuring safety and reliability. It is crafted from thickened, high-quality ABS material","og_url":"https:\/\/www.alovey.com\/fr\/produit\/mini-lip-balm-container-with-clear-top\/","og_site_name":"Best Cosmetic Packaging Manufacture","article_modified_time":"2025-06-23T02:13:30+00:00","og_image":[{"width":750,"height":750,"url":"https:\/\/www.alovey.com\/wp-content\/uploads\/2025\/06\/Mini-lip-balm-container-with-clear-top-3.jpg","type":"image\/jpeg"}],"twitter_card":"summary_large_image","twitter_misc":{"Dur\u00e9e de lecture estim\u00e9e":"2 minutes"},"schema":{"@context":"https:\/\/schema.org","@graph":[{"@type":"WebPage","@id":"https:\/\/www.alovey.com\/product\/mini-lip-balm-container-with-clear-top\/","url":"https:\/\/www.alovey.com\/product\/mini-lip-balm-container-with-clear-top\/","name":"Mini-r\u00e9cipient pour baume \u00e0 l\u00e8vres avec couvercle transparent","isPartOf":{"@id":"https:\/\/www.alovey.com\/#website"},"primaryImageOfPage":{"@id":"https:\/\/www.alovey.com\/product\/mini-lip-balm-container-with-clear-top\/#primaryimage"},"image":{"@id":"https:\/\/www.alovey.com\/product\/mini-lip-balm-container-with-clear-top\/#primaryimage"},"thumbnailUrl":"https:\/\/www.alovey.com\/wp-content\/uploads\/2025\/06\/Mini-lip-balm-container-with-clear-top-3.jpg","datePublished":"2025-06-23T02:07:48+00:00","dateModified":"2025-06-23T02:13:30+00:00","description":"This lip balm container is odor-free, BPA-free, and non-toxic, ensuring safety and reliability. It is crafted from thickened, high-quality ABS material","breadcrumb":{"@id":"https:\/\/www.alovey.com\/product\/mini-lip-balm-container-with-clear-top\/#breadcrumb"},"inLanguage":"fr-FR","potentialAction":[{"@type":"ReadAction","target":["https:\/\/www.alovey.com\/product\/mini-lip-balm-container-with-clear-top\/"]}]},{"@type":"ImageObject","inLanguage":"fr-FR","@id":"https:\/\/www.alovey.com\/product\/mini-lip-balm-container-with-clear-top\/#primaryimage","url":"https:\/\/www.alovey.com\/wp-content\/uploads\/2025\/06\/Mini-lip-balm-container-with-clear-top-3.jpg","contentUrl":"https:\/\/www.alovey.com\/wp-content\/uploads\/2025\/06\/Mini-lip-balm-container-with-clear-top-3.jpg","width":750,"height":750,"caption":"Mini lip balm container with clear top"},{"@type":"BreadcrumbList","@id":"https:\/\/www.alovey.com\/product\/mini-lip-balm-container-with-clear-top\/#breadcrumb","itemListElement":[{"@type":"ListItem","position":1,"name":"\u9996\u9875","item":"https:\/\/www.alovey.com\/"},{"@type":"ListItem","position":2,"name":"Products","item":"https:\/\/www.alovey.com\/products\/"},{"@type":"ListItem","position":3,"name":"Mini lip balm container with clear top"}]},{"@type":"WebSite","@id":"https:\/\/www.alovey.com\/#website","url":"https:\/\/www.alovey.com\/","name":"Best Cosmetic Packaging Manufacture","description":"Alovey Cosmetic Packaging Co.,Ltd","publisher":{"@id":"https:\/\/www.alovey.com\/#organization"},"potentialAction":[{"@type":"SearchAction","target":{"@type":"EntryPoint","urlTemplate":"https:\/\/www.alovey.com\/?s={search_term_string}"},"query-input":{"@type":"PropertyValueSpecification","valueRequired":true,"valueName":"search_term_string"}}],"inLanguage":"fr-FR"},{"@type":"Organization","@id":"https:\/\/www.alovey.com\/#organization","name":"Best Cosmetic Packaging Manufacture","url":"https:\/\/www.alovey.com\/","logo":{"@type":"ImageObject","inLanguage":"fr-FR","@id":"https:\/\/www.alovey.com\/#\/schema\/logo\/image\/","url":"https:\/\/www.alovey.com\/wp-content\/uploads\/2023\/03\/logo.png","contentUrl":"https:\/\/www.alovey.com\/wp-content\/uploads\/2023\/03\/logo.png","width":505,"height":180,"caption":"Best  Cosmetic Packaging Manufacture"},"image":{"@id":"https:\/\/www.alovey.com\/#\/schema\/logo\/image\/"}}]}},"_links":{"self":[{"href":"https:\/\/www.alovey.com\/fr\/wp-json\/wp\/v2\/product\/10798"}],"collection":[{"href":"https:\/\/www.alovey.com\/fr\/wp-json\/wp\/v2\/product"}],"about":[{"href":"https:\/\/www.alovey.com\/fr\/wp-json\/wp\/v2\/types\/product"}],"wp:featuredmedia":[{"embeddable":true,"href":"https:\/\/www.alovey.com\/fr\/wp-json\/wp\/v2\/media\/10801"}],"wp:attachment":[{"href":"https:\/\/www.alovey.com\/fr\/wp-json\/wp\/v2\/media?parent=10798"}],"wp:term":[{"taxonomy":"product_brand","embeddable":true,"href":"https:\/\/www.alovey.com\/fr\/wp-json\/wp\/v2\/product_brand?post=10798"},{"taxonomy":"product_cat","embeddable":true,"href":"https:\/\/www.alovey.com\/fr\/wp-json\/wp\/v2\/product_cat?post=10798"},{"taxonomy":"product_tag","embeddable":true,"href":"https:\/\/www.alovey.com\/fr\/wp-json\/wp\/v2\/product_tag?post=10798"}],"curies":[{"name":"wp","href":"https:\/\/api.w.org\/{rel}","templated":true}]}}