{"id":10601,"date":"2025-05-29T03:53:14","date_gmt":"2025-05-29T03:53:14","guid":{"rendered":"https:\/\/www.alovey.com\/?post_type=product&#038;p=10601"},"modified":"2025-05-29T04:03:25","modified_gmt":"2025-05-29T04:03:25","slug":"mini-cute-eyeshadow-palette-case-with-mirror","status":"publish","type":"product","link":"https:\/\/www.alovey.com\/fr\/produit\/mini-cute-eyeshadow-palette-case-with-mirror\/","title":{"rendered":"Mini cute eyeshadow palette case with mirror"},"content":{"rendered":"<p><strong>Mini Cute \u00a0\u00a0eyeshadow palette case\u00a0is a\u00a0stylish and compact solution for your cosmetic needs, this mini oval-shaped eyeshadow palette \u00a0case\u00a0is perfect for housing a variety of pressed powders including eyeshadow, blush, bronzer, shading powder, and highlighter.<\/strong><\/p>\n<p><strong>Crafted from high-quality ABS plastic, this case is sturdy, durable, and designed for long-term use.<\/strong><\/p>\n<p><strong>The built-in mirror\u00a0adds convenience for on-the-go touch-ups, while the customizable cap\u00a0can be produced in transparent or colored options\u00a0to match your brand aesthetic.<\/strong><\/p>\n<p><strong>Features:<\/strong><\/p>\n<p><strong>Adorable mini oval shape with a sleek, modern design<\/strong><\/p>\n<p><strong>Multi-functional: suitable for various pressed powders<\/strong><\/p>\n<p><strong>Durable ABS plastic construction for long-lasting use<\/strong><\/p>\n<p><strong>Includes a mirror for convenient application<\/strong><\/p>\n<p><strong>Cap customizable in transparent or colored styles<\/strong><\/p>\n<p><strong>Alovey, fabricant professionnel chinois d'emballages cosm\u00e9tiques, produit une gamme exquise d'emballages cosm\u00e9tiques personnalis\u00e9s, m\u00e9ticuleusement con\u00e7us pour rehausser votre marque. Notre s\u00e9lection vari\u00e9e de mat\u00e9riaux de premi\u00e8re qualit\u00e9, associ\u00e9e \u00e0 des techniques de finition de surface d\u00e9licates telles que la s\u00e9rigraphie, l'estampage \u00e0 chaud et la pulv\u00e9risation mate, fait de chaque emballage un chef-d'\u0153uvre unique.<\/strong><\/p>\n<p><img fetchpriority=\"high\" decoding=\"async\" class=\"size-full wp-image-10606\" src=\"https:\/\/www.alovey.com\/wp-content\/uploads\/2025\/05\/Mini-cute-eyeshadow-palette-case-with-mirror-4.jpg\" alt=\"eyeshadow palette case\" width=\"750\" height=\"750\" srcset=\"https:\/\/www.alovey.com\/wp-content\/uploads\/2025\/05\/Mini-cute-eyeshadow-palette-case-with-mirror-4.jpg 750w, https:\/\/www.alovey.com\/wp-content\/uploads\/2025\/05\/Mini-cute-eyeshadow-palette-case-with-mirror-4-300x300.jpg 300w, https:\/\/www.alovey.com\/wp-content\/uploads\/2025\/05\/Mini-cute-eyeshadow-palette-case-with-mirror-4-150x150.jpg 150w, https:\/\/www.alovey.com\/wp-content\/uploads\/2025\/05\/Mini-cute-eyeshadow-palette-case-with-mirror-4-600x600.jpg 600w, https:\/\/www.alovey.com\/wp-content\/uploads\/2025\/05\/Mini-cute-eyeshadow-palette-case-with-mirror-4-100x100.jpg 100w\" sizes=\"(max-width: 750px) 100vw, 750px\" \/><\/p>\n<p><img decoding=\"async\" class=\"size-full wp-image-10607\" src=\"https:\/\/www.alovey.com\/wp-content\/uploads\/2025\/05\/Mini-cute-eyeshadow-palette-case-with-mirror-5.jpg\" alt=\"eyeshadow palette case\" width=\"750\" height=\"750\" srcset=\"https:\/\/www.alovey.com\/wp-content\/uploads\/2025\/05\/Mini-cute-eyeshadow-palette-case-with-mirror-5.jpg 750w, https:\/\/www.alovey.com\/wp-content\/uploads\/2025\/05\/Mini-cute-eyeshadow-palette-case-with-mirror-5-300x300.jpg 300w, https:\/\/www.alovey.com\/wp-content\/uploads\/2025\/05\/Mini-cute-eyeshadow-palette-case-with-mirror-5-150x150.jpg 150w, https:\/\/www.alovey.com\/wp-content\/uploads\/2025\/05\/Mini-cute-eyeshadow-palette-case-with-mirror-5-600x600.jpg 600w, https:\/\/www.alovey.com\/wp-content\/uploads\/2025\/05\/Mini-cute-eyeshadow-palette-case-with-mirror-5-100x100.jpg 100w\" sizes=\"(max-width: 750px) 100vw, 750px\" \/><\/p>\n<p><img decoding=\"async\" class=\"size-full wp-image-10605\" src=\"https:\/\/www.alovey.com\/wp-content\/uploads\/2025\/05\/Mini-cute-eyeshadow-palette-case-with-mirror-3.jpg\" alt=\"eyeshadow palette case\" width=\"750\" height=\"750\" srcset=\"https:\/\/www.alovey.com\/wp-content\/uploads\/2025\/05\/Mini-cute-eyeshadow-palette-case-with-mirror-3.jpg 750w, https:\/\/www.alovey.com\/wp-content\/uploads\/2025\/05\/Mini-cute-eyeshadow-palette-case-with-mirror-3-300x300.jpg 300w, https:\/\/www.alovey.com\/wp-content\/uploads\/2025\/05\/Mini-cute-eyeshadow-palette-case-with-mirror-3-150x150.jpg 150w, https:\/\/www.alovey.com\/wp-content\/uploads\/2025\/05\/Mini-cute-eyeshadow-palette-case-with-mirror-3-600x600.jpg 600w, https:\/\/www.alovey.com\/wp-content\/uploads\/2025\/05\/Mini-cute-eyeshadow-palette-case-with-mirror-3-100x100.jpg 100w\" sizes=\"(max-width: 750px) 100vw, 750px\" \/><\/p>\n<p><img loading=\"lazy\" decoding=\"async\" class=\"size-full wp-image-10604\" src=\"https:\/\/www.alovey.com\/wp-content\/uploads\/2025\/05\/Mini-cute-eyeshadow-palette-case-with-mirror-2.jpg\" alt=\"eyeshadow palette case\" width=\"750\" height=\"750\" srcset=\"https:\/\/www.alovey.com\/wp-content\/uploads\/2025\/05\/Mini-cute-eyeshadow-palette-case-with-mirror-2.jpg 750w, https:\/\/www.alovey.com\/wp-content\/uploads\/2025\/05\/Mini-cute-eyeshadow-palette-case-with-mirror-2-300x300.jpg 300w, https:\/\/www.alovey.com\/wp-content\/uploads\/2025\/05\/Mini-cute-eyeshadow-palette-case-with-mirror-2-150x150.jpg 150w, https:\/\/www.alovey.com\/wp-content\/uploads\/2025\/05\/Mini-cute-eyeshadow-palette-case-with-mirror-2-600x600.jpg 600w, https:\/\/www.alovey.com\/wp-content\/uploads\/2025\/05\/Mini-cute-eyeshadow-palette-case-with-mirror-2-100x100.jpg 100w\" sizes=\"(max-width: 750px) 100vw, 750px\" \/><\/p>\n<p><img loading=\"lazy\" decoding=\"async\" class=\"size-full wp-image-10603\" src=\"https:\/\/www.alovey.com\/wp-content\/uploads\/2025\/05\/Mini-cute-eyeshadow-palette-case-with-mirror-1.jpg\" alt=\"eyeshadow palette case\" width=\"750\" height=\"750\" srcset=\"https:\/\/www.alovey.com\/wp-content\/uploads\/2025\/05\/Mini-cute-eyeshadow-palette-case-with-mirror-1.jpg 750w, https:\/\/www.alovey.com\/wp-content\/uploads\/2025\/05\/Mini-cute-eyeshadow-palette-case-with-mirror-1-300x300.jpg 300w, https:\/\/www.alovey.com\/wp-content\/uploads\/2025\/05\/Mini-cute-eyeshadow-palette-case-with-mirror-1-150x150.jpg 150w, https:\/\/www.alovey.com\/wp-content\/uploads\/2025\/05\/Mini-cute-eyeshadow-palette-case-with-mirror-1-600x600.jpg 600w, https:\/\/www.alovey.com\/wp-content\/uploads\/2025\/05\/Mini-cute-eyeshadow-palette-case-with-mirror-1-100x100.jpg 100w\" sizes=\"(max-width: 750px) 100vw, 750px\" \/><\/p>\n<p><img loading=\"lazy\" decoding=\"async\" class=\"size-full wp-image-10602\" src=\"https:\/\/www.alovey.com\/wp-content\/uploads\/2025\/05\/Mini-cute-eyeshadow-palette-case-with-mirror-6.jpg\" alt=\"eyeshadow palette case\" width=\"750\" height=\"750\" srcset=\"https:\/\/www.alovey.com\/wp-content\/uploads\/2025\/05\/Mini-cute-eyeshadow-palette-case-with-mirror-6.jpg 750w, https:\/\/www.alovey.com\/wp-content\/uploads\/2025\/05\/Mini-cute-eyeshadow-palette-case-with-mirror-6-300x300.jpg 300w, https:\/\/www.alovey.com\/wp-content\/uploads\/2025\/05\/Mini-cute-eyeshadow-palette-case-with-mirror-6-150x150.jpg 150w, https:\/\/www.alovey.com\/wp-content\/uploads\/2025\/05\/Mini-cute-eyeshadow-palette-case-with-mirror-6-600x600.jpg 600w, https:\/\/www.alovey.com\/wp-content\/uploads\/2025\/05\/Mini-cute-eyeshadow-palette-case-with-mirror-6-100x100.jpg 100w\" sizes=\"(max-width: 750px) 100vw, 750px\" \/><\/p>\n<p>&nbsp;<\/p>\n<p>&nbsp;<\/p>\n<p>&nbsp;<\/p>\n<p>&nbsp;<\/p>\n<p>&nbsp;<\/p>\n<p>&nbsp;<\/p>\n<p>&nbsp;<\/p>\n<p>&nbsp;<\/p>\n<p>&nbsp;<\/p>\n<p>&nbsp;<\/p>\n<p>&nbsp;<\/p>\n<p>&nbsp;<\/p>\n<p>&nbsp;<\/p>\n<p>&nbsp;<\/p>\n<p>&nbsp;<\/p>\n<p>&nbsp;<\/p>\n<p>&nbsp;<\/p>\n<p>&nbsp;<\/p>\n<p>&nbsp;<\/p>\n<p>&nbsp;<\/p>\n<p>&nbsp;<\/p>\n<p>&nbsp;<\/p>\n<p>&nbsp;<\/p>\n<p>&nbsp;<\/p>\n<p>&nbsp;<\/p>\n<p>&nbsp;<\/p>\n<p>&nbsp;<\/p>\n<p>&nbsp;<\/p>\n<p>&nbsp;<\/p>\n<p>&nbsp;<\/p>\n<p>&nbsp;<\/p>\n<p>&nbsp;<\/p>\n<p>&nbsp;<\/p>\n<p>&nbsp;<\/p>\n<p>&nbsp;<\/p>\n<p>&nbsp;<\/p>\n<p>&nbsp;<\/p>\n<p>&nbsp;<\/p>\n<p>&nbsp;<\/p>\n<p>&nbsp;<\/p>\n<p>&nbsp;<\/p>\n<p>&nbsp;<\/p>\n<p>&nbsp;<\/p>\n<p>&nbsp;<\/p>\n<p>&nbsp;<\/p>\n<p>&nbsp;<\/p>\n<p>&nbsp;<\/p>\n<p>&nbsp;<\/p>\n<p>&nbsp;<\/p>\n<p>&nbsp;<\/p>\n<p>&nbsp;<\/p>\n<p>&nbsp;<\/p>\n<p>&nbsp;<\/p>\n<p>&nbsp;<\/p>\n<p>&nbsp;<\/p>\n<p>&nbsp;<\/p>\n<p>&nbsp;<\/p>\n<p>&nbsp;<\/p>\n<p>&nbsp;<\/p>\n<p>&nbsp;<\/p>\n<p>&nbsp;<\/p>\n<p>&nbsp;<\/p>\n<p>&nbsp;<\/p>\n<p>&nbsp;<\/p>\n<p>&nbsp;<\/p>\n<p>&nbsp;<\/p>\n<p>&nbsp;<\/p>\n<p>&nbsp;<\/p>\n<p>&nbsp;<\/p>\n<p>&nbsp;<\/p>\n<p>&nbsp;<\/p>\n<p>&nbsp;<\/p>\n<p>&nbsp;<\/p>\n<p>&nbsp;<\/p>\n<p>&nbsp;<\/p>\n<p>&nbsp;<\/p>\n<p>&nbsp;<\/p>\n<p>&nbsp;<\/p>\n<p>&nbsp;<\/p>\n<p>&nbsp;<\/p>\n<p>&nbsp;<\/p>\n<p>&nbsp;<\/p>\n<p>&nbsp;<\/p>\n<p>&nbsp;<\/p>\n<p>&nbsp;<\/p>\n<p>&nbsp;<\/p>\n<p>&nbsp;<\/p>\n<p>&nbsp;<\/p>\n<p>&nbsp;<\/p>\n<p>&nbsp;<\/p>\n<p>&nbsp;<\/p>\n<p>&nbsp;<\/p>\n<p>&nbsp;<\/p>\n<p>&nbsp;<\/p>\n<p>&nbsp;<\/p>\n<p>&nbsp;<\/p>\n<p>&nbsp;<\/p>\n<p>&nbsp;<\/p>\n<p>&nbsp;<\/p>\n<p>&nbsp;<\/p>\n<p>&nbsp;<\/p>\n<p>&nbsp;<\/p>\n<p>&nbsp;<\/p>\n<p>&nbsp;<\/p>\n<p>&nbsp;<\/p>\n<p>&nbsp;<\/p>\n<p>&nbsp;<\/p>\n<p>&nbsp;<\/p>\n<p>&nbsp;<\/p>\n<p>&nbsp;<\/p>\n<p>&nbsp;<\/p>\n<p>&nbsp;<\/p>\n<p>&nbsp;<\/p>","protected":false},"excerpt":{"rendered":"<ul>\n<li>Item No: E-0352A<\/li>\n<li>Mat\u00e9riau : Plastique<\/li>\n<li>Size:\u00a0L52*W41.5*H12MM<\/li>\n<li>Applications : Produits de beaut\u00e9<\/li>\n<li>MOQ : 12 000 pi\u00e8ces<\/li>\n<li>Couleur : couleur personnalis\u00e9e<\/li>\n<li>Surface treatment: Injection\/Matte\/Metalization\/UV coating<\/li>\n<li>Nom de marque : OEM\/ODM<\/li>\n<li>Logo : Logo du client<\/li>\n<li>Capacit\u00e9 de production : 100 000 pi\u00e8ces par mois<\/li>\n<\/ul>","protected":false},"featured_media":10603,"template":"","meta":{"_acf_changed":false},"product_brand":[],"product_cat":[378],"product_tag":[387,393],"class_list":{"0":"post-10601","1":"product","2":"type-product","3":"status-publish","4":"has-post-thumbnail","6":"product_cat-custom-eyeshadow-packaging","7":"product_tag-compact-powder-case","8":"product_tag-eyeshadow-case","10":"first","11":"instock","12":"shipping-taxable","13":"product-type-simple"},"acf":[],"yoast_head":"<!-- This site is optimized with the Yoast SEO plugin v24.1 - https:\/\/yoast.com\/wordpress\/plugins\/seo\/ -->\n<title>Mini cute eyeshadow palette case with mirror<\/title>\n<meta name=\"description\" content=\"Mini Cute eyeshadow palette case is a stylish and compact solution for your cosmetic needs, this mini oval-shaped eyeshadow palette case is perfect for housing a variety of pressed powders including eyeshadow, blush, bronzer, shading powder, and highlighter.\" \/>\n<meta name=\"robots\" content=\"index, follow, max-snippet:-1, max-image-preview:large, max-video-preview:-1\" \/>\n<link rel=\"canonical\" href=\"https:\/\/www.alovey.com\/fr\/produit\/mini-cute-eyeshadow-palette-case-with-mirror\/\" \/>\n<meta property=\"og:locale\" content=\"fr_FR\" \/>\n<meta property=\"og:type\" content=\"article\" \/>\n<meta property=\"og:title\" content=\"Mini cute eyeshadow palette case with mirror\" \/>\n<meta property=\"og:description\" content=\"Mini Cute eyeshadow palette case is a stylish and compact solution for your cosmetic needs, this mini oval-shaped eyeshadow palette case is perfect for housing a variety of pressed powders including eyeshadow, blush, bronzer, shading powder, and highlighter.\" \/>\n<meta property=\"og:url\" content=\"https:\/\/www.alovey.com\/fr\/produit\/mini-cute-eyeshadow-palette-case-with-mirror\/\" \/>\n<meta property=\"og:site_name\" content=\"Best Cosmetic Packaging Manufacture\" \/>\n<meta property=\"article:modified_time\" content=\"2025-05-29T04:03:25+00:00\" \/>\n<meta property=\"og:image\" content=\"https:\/\/www.alovey.com\/wp-content\/uploads\/2025\/05\/Mini-cute-eyeshadow-palette-case-with-mirror-1.jpg\" \/>\n\t<meta property=\"og:image:width\" content=\"750\" \/>\n\t<meta property=\"og:image:height\" content=\"750\" \/>\n\t<meta property=\"og:image:type\" content=\"image\/jpeg\" \/>\n<meta name=\"twitter:card\" content=\"summary_large_image\" \/>\n<meta name=\"twitter:label1\" content=\"Dur\u00e9e de lecture estim\u00e9e\" \/>\n\t<meta name=\"twitter:data1\" content=\"3 minutes\" \/>\n<script type=\"application\/ld+json\" class=\"yoast-schema-graph\">{\"@context\":\"https:\/\/schema.org\",\"@graph\":[{\"@type\":\"WebPage\",\"@id\":\"https:\/\/www.alovey.com\/product\/mini-cute-eyeshadow-palette-case-with-mirror\/\",\"url\":\"https:\/\/www.alovey.com\/product\/mini-cute-eyeshadow-palette-case-with-mirror\/\",\"name\":\"Mini cute eyeshadow palette case with mirror\",\"isPartOf\":{\"@id\":\"https:\/\/www.alovey.com\/#website\"},\"primaryImageOfPage\":{\"@id\":\"https:\/\/www.alovey.com\/product\/mini-cute-eyeshadow-palette-case-with-mirror\/#primaryimage\"},\"image\":{\"@id\":\"https:\/\/www.alovey.com\/product\/mini-cute-eyeshadow-palette-case-with-mirror\/#primaryimage\"},\"thumbnailUrl\":\"https:\/\/www.alovey.com\/wp-content\/uploads\/2025\/05\/Mini-cute-eyeshadow-palette-case-with-mirror-1.jpg\",\"datePublished\":\"2025-05-29T03:53:14+00:00\",\"dateModified\":\"2025-05-29T04:03:25+00:00\",\"description\":\"Mini Cute eyeshadow palette case is a stylish and compact solution for your cosmetic needs, this mini oval-shaped eyeshadow palette case is perfect for housing a variety of pressed powders including eyeshadow, blush, bronzer, shading powder, and highlighter.\",\"breadcrumb\":{\"@id\":\"https:\/\/www.alovey.com\/product\/mini-cute-eyeshadow-palette-case-with-mirror\/#breadcrumb\"},\"inLanguage\":\"fr-FR\",\"potentialAction\":[{\"@type\":\"ReadAction\",\"target\":[\"https:\/\/www.alovey.com\/product\/mini-cute-eyeshadow-palette-case-with-mirror\/\"]}]},{\"@type\":\"ImageObject\",\"inLanguage\":\"fr-FR\",\"@id\":\"https:\/\/www.alovey.com\/product\/mini-cute-eyeshadow-palette-case-with-mirror\/#primaryimage\",\"url\":\"https:\/\/www.alovey.com\/wp-content\/uploads\/2025\/05\/Mini-cute-eyeshadow-palette-case-with-mirror-1.jpg\",\"contentUrl\":\"https:\/\/www.alovey.com\/wp-content\/uploads\/2025\/05\/Mini-cute-eyeshadow-palette-case-with-mirror-1.jpg\",\"width\":750,\"height\":750,\"caption\":\"Mini cute eyeshadow palette case with mirror\"},{\"@type\":\"BreadcrumbList\",\"@id\":\"https:\/\/www.alovey.com\/product\/mini-cute-eyeshadow-palette-case-with-mirror\/#breadcrumb\",\"itemListElement\":[{\"@type\":\"ListItem\",\"position\":1,\"name\":\"\u9996\u9875\",\"item\":\"https:\/\/www.alovey.com\/\"},{\"@type\":\"ListItem\",\"position\":2,\"name\":\"Products\",\"item\":\"https:\/\/www.alovey.com\/products\/\"},{\"@type\":\"ListItem\",\"position\":3,\"name\":\"Mini cute eyeshadow palette case with mirror\"}]},{\"@type\":\"WebSite\",\"@id\":\"https:\/\/www.alovey.com\/#website\",\"url\":\"https:\/\/www.alovey.com\/\",\"name\":\"Best Cosmetic Packaging Manufacture\",\"description\":\"Alovey Cosmetic Packaging Co.,Ltd\",\"publisher\":{\"@id\":\"https:\/\/www.alovey.com\/#organization\"},\"potentialAction\":[{\"@type\":\"SearchAction\",\"target\":{\"@type\":\"EntryPoint\",\"urlTemplate\":\"https:\/\/www.alovey.com\/?s={search_term_string}\"},\"query-input\":{\"@type\":\"PropertyValueSpecification\",\"valueRequired\":true,\"valueName\":\"search_term_string\"}}],\"inLanguage\":\"fr-FR\"},{\"@type\":\"Organization\",\"@id\":\"https:\/\/www.alovey.com\/#organization\",\"name\":\"Best Cosmetic Packaging Manufacture\",\"url\":\"https:\/\/www.alovey.com\/\",\"logo\":{\"@type\":\"ImageObject\",\"inLanguage\":\"fr-FR\",\"@id\":\"https:\/\/www.alovey.com\/#\/schema\/logo\/image\/\",\"url\":\"https:\/\/www.alovey.com\/wp-content\/uploads\/2023\/03\/logo.png\",\"contentUrl\":\"https:\/\/www.alovey.com\/wp-content\/uploads\/2023\/03\/logo.png\",\"width\":505,\"height\":180,\"caption\":\"Best  Cosmetic Packaging Manufacture\"},\"image\":{\"@id\":\"https:\/\/www.alovey.com\/#\/schema\/logo\/image\/\"}}]}<\/script>\n<!-- \/ Yoast SEO plugin. -->","yoast_head_json":{"title":"Mini cute eyeshadow palette case with mirror","description":"Mini Cute eyeshadow palette case is a stylish and compact solution for your cosmetic needs, this mini oval-shaped eyeshadow palette case is perfect for housing a variety of pressed powders including eyeshadow, blush, bronzer, shading powder, and highlighter.","robots":{"index":"index","follow":"follow","max-snippet":"max-snippet:-1","max-image-preview":"max-image-preview:large","max-video-preview":"max-video-preview:-1"},"canonical":"https:\/\/www.alovey.com\/fr\/produit\/mini-cute-eyeshadow-palette-case-with-mirror\/","og_locale":"fr_FR","og_type":"article","og_title":"Mini cute eyeshadow palette case with mirror","og_description":"Mini Cute eyeshadow palette case is a stylish and compact solution for your cosmetic needs, this mini oval-shaped eyeshadow palette case is perfect for housing a variety of pressed powders including eyeshadow, blush, bronzer, shading powder, and highlighter.","og_url":"https:\/\/www.alovey.com\/fr\/produit\/mini-cute-eyeshadow-palette-case-with-mirror\/","og_site_name":"Best Cosmetic Packaging Manufacture","article_modified_time":"2025-05-29T04:03:25+00:00","og_image":[{"width":750,"height":750,"url":"https:\/\/www.alovey.com\/wp-content\/uploads\/2025\/05\/Mini-cute-eyeshadow-palette-case-with-mirror-1.jpg","type":"image\/jpeg"}],"twitter_card":"summary_large_image","twitter_misc":{"Dur\u00e9e de lecture estim\u00e9e":"3 minutes"},"schema":{"@context":"https:\/\/schema.org","@graph":[{"@type":"WebPage","@id":"https:\/\/www.alovey.com\/product\/mini-cute-eyeshadow-palette-case-with-mirror\/","url":"https:\/\/www.alovey.com\/product\/mini-cute-eyeshadow-palette-case-with-mirror\/","name":"Mini cute eyeshadow palette case with mirror","isPartOf":{"@id":"https:\/\/www.alovey.com\/#website"},"primaryImageOfPage":{"@id":"https:\/\/www.alovey.com\/product\/mini-cute-eyeshadow-palette-case-with-mirror\/#primaryimage"},"image":{"@id":"https:\/\/www.alovey.com\/product\/mini-cute-eyeshadow-palette-case-with-mirror\/#primaryimage"},"thumbnailUrl":"https:\/\/www.alovey.com\/wp-content\/uploads\/2025\/05\/Mini-cute-eyeshadow-palette-case-with-mirror-1.jpg","datePublished":"2025-05-29T03:53:14+00:00","dateModified":"2025-05-29T04:03:25+00:00","description":"Mini Cute eyeshadow palette case is a stylish and compact solution for your cosmetic needs, this mini oval-shaped eyeshadow palette case is perfect for housing a variety of pressed powders including eyeshadow, blush, bronzer, shading powder, and highlighter.","breadcrumb":{"@id":"https:\/\/www.alovey.com\/product\/mini-cute-eyeshadow-palette-case-with-mirror\/#breadcrumb"},"inLanguage":"fr-FR","potentialAction":[{"@type":"ReadAction","target":["https:\/\/www.alovey.com\/product\/mini-cute-eyeshadow-palette-case-with-mirror\/"]}]},{"@type":"ImageObject","inLanguage":"fr-FR","@id":"https:\/\/www.alovey.com\/product\/mini-cute-eyeshadow-palette-case-with-mirror\/#primaryimage","url":"https:\/\/www.alovey.com\/wp-content\/uploads\/2025\/05\/Mini-cute-eyeshadow-palette-case-with-mirror-1.jpg","contentUrl":"https:\/\/www.alovey.com\/wp-content\/uploads\/2025\/05\/Mini-cute-eyeshadow-palette-case-with-mirror-1.jpg","width":750,"height":750,"caption":"Mini cute eyeshadow palette case with mirror"},{"@type":"BreadcrumbList","@id":"https:\/\/www.alovey.com\/product\/mini-cute-eyeshadow-palette-case-with-mirror\/#breadcrumb","itemListElement":[{"@type":"ListItem","position":1,"name":"\u9996\u9875","item":"https:\/\/www.alovey.com\/"},{"@type":"ListItem","position":2,"name":"Products","item":"https:\/\/www.alovey.com\/products\/"},{"@type":"ListItem","position":3,"name":"Mini cute eyeshadow palette case with mirror"}]},{"@type":"WebSite","@id":"https:\/\/www.alovey.com\/#website","url":"https:\/\/www.alovey.com\/","name":"Best Cosmetic Packaging Manufacture","description":"Alovey Cosmetic Packaging Co.,Ltd","publisher":{"@id":"https:\/\/www.alovey.com\/#organization"},"potentialAction":[{"@type":"SearchAction","target":{"@type":"EntryPoint","urlTemplate":"https:\/\/www.alovey.com\/?s={search_term_string}"},"query-input":{"@type":"PropertyValueSpecification","valueRequired":true,"valueName":"search_term_string"}}],"inLanguage":"fr-FR"},{"@type":"Organization","@id":"https:\/\/www.alovey.com\/#organization","name":"Best Cosmetic Packaging Manufacture","url":"https:\/\/www.alovey.com\/","logo":{"@type":"ImageObject","inLanguage":"fr-FR","@id":"https:\/\/www.alovey.com\/#\/schema\/logo\/image\/","url":"https:\/\/www.alovey.com\/wp-content\/uploads\/2023\/03\/logo.png","contentUrl":"https:\/\/www.alovey.com\/wp-content\/uploads\/2023\/03\/logo.png","width":505,"height":180,"caption":"Best  Cosmetic Packaging Manufacture"},"image":{"@id":"https:\/\/www.alovey.com\/#\/schema\/logo\/image\/"}}]}},"_links":{"self":[{"href":"https:\/\/www.alovey.com\/fr\/wp-json\/wp\/v2\/product\/10601"}],"collection":[{"href":"https:\/\/www.alovey.com\/fr\/wp-json\/wp\/v2\/product"}],"about":[{"href":"https:\/\/www.alovey.com\/fr\/wp-json\/wp\/v2\/types\/product"}],"wp:featuredmedia":[{"embeddable":true,"href":"https:\/\/www.alovey.com\/fr\/wp-json\/wp\/v2\/media\/10603"}],"wp:attachment":[{"href":"https:\/\/www.alovey.com\/fr\/wp-json\/wp\/v2\/media?parent=10601"}],"wp:term":[{"taxonomy":"product_brand","embeddable":true,"href":"https:\/\/www.alovey.com\/fr\/wp-json\/wp\/v2\/product_brand?post=10601"},{"taxonomy":"product_cat","embeddable":true,"href":"https:\/\/www.alovey.com\/fr\/wp-json\/wp\/v2\/product_cat?post=10601"},{"taxonomy":"product_tag","embeddable":true,"href":"https:\/\/www.alovey.com\/fr\/wp-json\/wp\/v2\/product_tag?post=10601"}],"curies":[{"name":"wp","href":"https:\/\/api.w.org\/{rel}","templated":true}]}}