{"id":10462,"date":"2025-05-22T07:24:12","date_gmt":"2025-05-22T07:24:12","guid":{"rendered":"https:\/\/www.alovey.com\/?post_type=product&#038;p=10462"},"modified":"2025-05-22T07:50:05","modified_gmt":"2025-05-22T07:50:05","slug":"empty-lip-gloss-container-with-wand-10-ml","status":"publish","type":"product","link":"https:\/\/www.alovey.com\/fr\/produit\/empty-lip-gloss-container-with-wand-10-ml\/","title":{"rendered":"Empty Lip Gloss Container With Wand Cosmetic Lip Makeup Tube 10 ml\u00a0"},"content":{"rendered":"<p><strong>These empty lip gloss container\u00a010ml with \u00a0the large capacity, \u00a0is\u00a0made of premium plastic, which is non-toxic and safe for use. <\/strong><\/p>\n<p><strong>The transparent design facilitates clear viewing of the contents, making them easy to label and identify<\/strong><\/p>\n<p><strong>At Alovey, we are dedicated to delivering quality products and attentive customer service. If you have any questions or concerns, please reach out to us via email. <\/strong><\/p>\n<p><strong>Your satisfaction is our top priority.<\/strong><\/p>\n<p>\u200c<strong>Alovey, fabricant professionnel chinois d'emballages cosm\u00e9tiques, produit une gamme exquise d'emballages cosm\u00e9tiques personnalis\u00e9s, m\u00e9ticuleusement con\u00e7us pour rehausser votre marque. Notre s\u00e9lection vari\u00e9e de mat\u00e9riaux de premi\u00e8re qualit\u00e9, associ\u00e9e \u00e0 des techniques de finition de surface d\u00e9licates telles que la s\u00e9rigraphie, l'estampage \u00e0 chaud et la pulv\u00e9risation mate, fait de chaque emballage un chef-d'\u0153uvre unique.<\/strong><\/p>\n<p><img fetchpriority=\"high\" decoding=\"async\" class=\"size-full wp-image-10468\" src=\"https:\/\/www.alovey.com\/wp-content\/uploads\/2025\/05\/5-1.jpg\" alt=\"Empty lip gloss container\" width=\"750\" height=\"750\" srcset=\"https:\/\/www.alovey.com\/wp-content\/uploads\/2025\/05\/5-1.jpg 750w, https:\/\/www.alovey.com\/wp-content\/uploads\/2025\/05\/5-1-300x300.jpg 300w, https:\/\/www.alovey.com\/wp-content\/uploads\/2025\/05\/5-1-150x150.jpg 150w, https:\/\/www.alovey.com\/wp-content\/uploads\/2025\/05\/5-1-600x600.jpg 600w, https:\/\/www.alovey.com\/wp-content\/uploads\/2025\/05\/5-1-100x100.jpg 100w\" sizes=\"(max-width: 750px) 100vw, 750px\" \/><\/p>\n<p><img decoding=\"async\" class=\"size-full wp-image-10467\" src=\"https:\/\/www.alovey.com\/wp-content\/uploads\/2025\/05\/4-1.jpg\" alt=\"Empty lip gloss container\" width=\"750\" height=\"750\" srcset=\"https:\/\/www.alovey.com\/wp-content\/uploads\/2025\/05\/4-1.jpg 750w, https:\/\/www.alovey.com\/wp-content\/uploads\/2025\/05\/4-1-300x300.jpg 300w, https:\/\/www.alovey.com\/wp-content\/uploads\/2025\/05\/4-1-150x150.jpg 150w, https:\/\/www.alovey.com\/wp-content\/uploads\/2025\/05\/4-1-600x600.jpg 600w, https:\/\/www.alovey.com\/wp-content\/uploads\/2025\/05\/4-1-100x100.jpg 100w\" sizes=\"(max-width: 750px) 100vw, 750px\" \/><\/p>\n<p><img decoding=\"async\" class=\"size-full wp-image-10466\" src=\"https:\/\/www.alovey.com\/wp-content\/uploads\/2025\/05\/3-1.jpg\" alt=\"Empty lip gloss container\" width=\"750\" height=\"750\" srcset=\"https:\/\/www.alovey.com\/wp-content\/uploads\/2025\/05\/3-1.jpg 750w, https:\/\/www.alovey.com\/wp-content\/uploads\/2025\/05\/3-1-300x300.jpg 300w, https:\/\/www.alovey.com\/wp-content\/uploads\/2025\/05\/3-1-150x150.jpg 150w, https:\/\/www.alovey.com\/wp-content\/uploads\/2025\/05\/3-1-600x600.jpg 600w, https:\/\/www.alovey.com\/wp-content\/uploads\/2025\/05\/3-1-100x100.jpg 100w\" sizes=\"(max-width: 750px) 100vw, 750px\" \/><\/p>\n<p><img loading=\"lazy\" decoding=\"async\" class=\"size-full wp-image-10465\" src=\"https:\/\/www.alovey.com\/wp-content\/uploads\/2025\/05\/2-1.jpg\" alt=\"Empty lip gloss container\" width=\"750\" height=\"750\" srcset=\"https:\/\/www.alovey.com\/wp-content\/uploads\/2025\/05\/2-1.jpg 750w, https:\/\/www.alovey.com\/wp-content\/uploads\/2025\/05\/2-1-300x300.jpg 300w, https:\/\/www.alovey.com\/wp-content\/uploads\/2025\/05\/2-1-150x150.jpg 150w, https:\/\/www.alovey.com\/wp-content\/uploads\/2025\/05\/2-1-600x600.jpg 600w, https:\/\/www.alovey.com\/wp-content\/uploads\/2025\/05\/2-1-100x100.jpg 100w\" sizes=\"(max-width: 750px) 100vw, 750px\" \/><\/p>\n<p><img loading=\"lazy\" decoding=\"async\" class=\"size-full wp-image-10463\" src=\"https:\/\/www.alovey.com\/wp-content\/uploads\/2025\/05\/750.jpg\" alt=\"Empty lip gloss container\" width=\"750\" height=\"750\" srcset=\"https:\/\/www.alovey.com\/wp-content\/uploads\/2025\/05\/750.jpg 750w, https:\/\/www.alovey.com\/wp-content\/uploads\/2025\/05\/750-300x300.jpg 300w, https:\/\/www.alovey.com\/wp-content\/uploads\/2025\/05\/750-150x150.jpg 150w, https:\/\/www.alovey.com\/wp-content\/uploads\/2025\/05\/750-600x600.jpg 600w, https:\/\/www.alovey.com\/wp-content\/uploads\/2025\/05\/750-100x100.jpg 100w\" sizes=\"(max-width: 750px) 100vw, 750px\" \/><\/p>\n<p><img loading=\"lazy\" decoding=\"async\" class=\"size-full wp-image-10469\" src=\"https:\/\/www.alovey.com\/wp-content\/uploads\/2025\/05\/630.jpg\" alt=\"Empty lip gloss container\" width=\"630\" height=\"630\" srcset=\"https:\/\/www.alovey.com\/wp-content\/uploads\/2025\/05\/630.jpg 630w, https:\/\/www.alovey.com\/wp-content\/uploads\/2025\/05\/630-300x300.jpg 300w, https:\/\/www.alovey.com\/wp-content\/uploads\/2025\/05\/630-150x150.jpg 150w, https:\/\/www.alovey.com\/wp-content\/uploads\/2025\/05\/630-600x600.jpg 600w, https:\/\/www.alovey.com\/wp-content\/uploads\/2025\/05\/630-100x100.jpg 100w\" sizes=\"(max-width: 630px) 100vw, 630px\" \/><\/p>\n<p><img loading=\"lazy\" decoding=\"async\" class=\"size-full wp-image-10470\" src=\"https:\/\/www.alovey.com\/wp-content\/uploads\/2025\/05\/630-2.jpg\" alt=\"Empty lip gloss container\" width=\"630\" height=\"630\" srcset=\"https:\/\/www.alovey.com\/wp-content\/uploads\/2025\/05\/630-2.jpg 630w, https:\/\/www.alovey.com\/wp-content\/uploads\/2025\/05\/630-2-300x300.jpg 300w, https:\/\/www.alovey.com\/wp-content\/uploads\/2025\/05\/630-2-150x150.jpg 150w, https:\/\/www.alovey.com\/wp-content\/uploads\/2025\/05\/630-2-600x600.jpg 600w, https:\/\/www.alovey.com\/wp-content\/uploads\/2025\/05\/630-2-100x100.jpg 100w\" sizes=\"(max-width: 630px) 100vw, 630px\" \/><\/p>\n<p>&nbsp;<\/p>\n<p>&nbsp;<\/p>\n<p>&nbsp;<\/p>\n<p>&nbsp;<\/p>\n<p>&nbsp;<\/p>\n<p>&nbsp;<\/p>\n<p>&nbsp;<\/p>\n<p>&nbsp;<\/p>\n<p>&nbsp;<\/p>\n<p>&nbsp;<\/p>\n<p>&nbsp;<\/p>\n<p>&nbsp;<\/p>\n<p>&nbsp;<\/p>\n<p>&nbsp;<\/p>\n<p>&nbsp;<\/p>\n<p>&nbsp;<\/p>\n<p>&nbsp;<\/p>\n<p>&nbsp;<\/p>\n<p>&nbsp;<\/p>\n<p>&nbsp;<\/p>\n<p>&nbsp;<\/p>\n<p>&nbsp;<\/p>\n<p>&nbsp;<\/p>\n<p>&nbsp;<\/p>\n<p>&nbsp;<\/p>\n<p>&nbsp;<\/p>\n<p>&nbsp;<\/p>\n<p>&nbsp;<\/p>\n<p>&nbsp;<\/p>\n<p>&nbsp;<\/p>\n<p>&nbsp;<\/p>\n<p>&nbsp;<\/p>\n<p>&nbsp;<\/p>\n<p>&nbsp;<\/p>\n<p>&nbsp;<\/p>\n<p>&nbsp;<\/p>\n<p>&nbsp;<\/p>\n<p>&nbsp;<\/p>\n<p>&nbsp;<\/p>\n<p>&nbsp;<\/p>\n<p>&nbsp;<\/p>\n<p>&nbsp;<\/p>\n<p>&nbsp;<\/p>\n<p>&nbsp;<\/p>\n<p>&nbsp;<\/p>\n<p>&nbsp;<\/p>\n<p>&nbsp;<\/p>\n<p>&nbsp;<\/p>\n<p>&nbsp;<\/p>\n<p>&nbsp;<\/p>\n<p>&nbsp;<\/p>\n<p>&nbsp;<\/p>\n<p>&nbsp;<\/p>\n<p>&nbsp;<\/p>\n<p>&nbsp;<\/p>\n<p>&nbsp;<\/p>\n<p>&nbsp;<\/p>\n<p>&nbsp;<\/p>\n<p>&nbsp;<\/p>\n<p>&nbsp;<\/p>\n<p>&nbsp;<\/p>\n<p>&nbsp;<\/p>\n<p>&nbsp;<\/p>\n<p>&nbsp;<\/p>\n<p>&nbsp;<\/p>\n<p>&nbsp;<\/p>\n<p>&nbsp;<\/p>\n<p>&nbsp;<\/p>\n<p>&nbsp;<\/p>\n<p>&nbsp;<\/p>\n<p>&nbsp;<\/p>\n<p>&nbsp;<\/p>\n<p>&nbsp;<\/p>\n<p>&nbsp;<\/p>\n<p>&nbsp;<\/p>\n<p>&nbsp;<\/p>\n<p>&nbsp;<\/p>\n<p>&nbsp;<\/p>\n<p>&nbsp;<\/p>\n<p>&nbsp;<\/p>\n<p>&nbsp;<\/p>\n<p>&nbsp;<\/p>\n<p>&nbsp;<\/p>\n<p>&nbsp;<\/p>\n<p>&nbsp;<\/p>\n<p>&nbsp;<\/p>\n<p>&nbsp;<\/p>\n<p>&nbsp;<\/p>\n<p>&nbsp;<\/p>\n<p>&nbsp;<\/p>\n<p>&nbsp;<\/p>\n<p>&nbsp;<\/p>\n<p>&nbsp;<\/p>\n<p>&nbsp;<\/p>\n<p>&nbsp;<\/p>\n<p>&nbsp;<\/p>\n<p>&nbsp;<\/p>\n<p>&nbsp;<\/p>\n<p>&nbsp;<\/p>\n<p>&nbsp;<\/p>\n<p>&nbsp;<\/p>\n<p>&nbsp;<\/p>\n<p>&nbsp;<\/p>\n<p>&nbsp;<\/p>\n<p>&nbsp;<\/p>\n<p>&nbsp;<\/p>\n<p>&nbsp;<\/p>\n<p>&nbsp;<\/p>\n<p>&nbsp;<\/p>\n<p>&nbsp;<\/p>\n<p>&nbsp;<\/p>\n<p>&nbsp;<\/p>\n<p>&nbsp;<\/p>\n<p>&nbsp;<\/p>\n<p>&nbsp;<\/p>\n<p>&nbsp;<\/p>\n<p>&nbsp;<\/p>\n<p>&nbsp;<\/p>\n<p>&nbsp;<\/p>\n<p>&nbsp;<\/p>\n<p>&nbsp;<\/p>\n<p>&nbsp;<\/p>\n<p>&nbsp;<\/p>\n<p>&nbsp;<\/p>\n<p>&nbsp;<\/p>\n<p>&nbsp;<\/p>\n<p>&nbsp;<\/p>\n<p>&nbsp;<\/p>\n<p>&nbsp;<\/p>\n<p>&nbsp;<\/p>\n<p>&nbsp;<\/p>\n<p>&nbsp;<\/p>\n<p>&nbsp;<\/p>\n<p>&nbsp;<\/p>\n<p>&nbsp;<\/p>\n<p>&nbsp;<\/p>\n<p>&nbsp;<\/p>\n<p>&nbsp;<\/p>\n<p>&nbsp;<\/p>\n<p>&nbsp;<\/p>\n<p>&nbsp;<\/p>\n<p>&nbsp;<\/p>\n<p>&nbsp;<\/p>\n<p>&nbsp;<\/p>\n<p>&nbsp;<\/p>\n<p>&nbsp;<\/p>\n<p>&nbsp;<\/p>\n<p>&nbsp;<\/p>\n<p>&nbsp;<\/p>\n<p>&nbsp;<\/p>\n<p>&nbsp;<\/p>\n<p>&nbsp;<\/p>\n<p>&nbsp;<\/p>\n<p>&nbsp;<\/p>\n<p>&nbsp;<\/p>\n<p>&nbsp;<\/p>\n<p>&nbsp;<\/p>\n<p>&nbsp;<\/p>\n<p>&nbsp;<\/p>\n<p>&nbsp;<\/p>\n<p>&nbsp;<\/p>\n<p>&nbsp;<\/p>\n<p>&nbsp;<\/p>\n<p>&nbsp;<\/p>\n<p>&nbsp;<\/p>\n<p>&nbsp;<\/p>\n<p>&nbsp;<\/p>\n<p>&nbsp;<\/p>\n<p>&nbsp;<\/p>\n<p>&nbsp;<\/p>\n<p>&nbsp;<\/p>","protected":false},"excerpt":{"rendered":"<ul>\n<li>Item No:LG-0376B<\/li>\n<li>Mat\u00e9riau : Plastique<\/li>\n<li>Size:W18.5*H74MM<\/li>\n<li>Applications : Produits de beaut\u00e9<\/li>\n<li>MOQ : 12 000 pi\u00e8ces<\/li>\n<li>Couleur : couleur personnalis\u00e9e<\/li>\n<li>Surface treatment: Injection\/Matte\/Metalization\/UV coating<\/li>\n<li>Nom de marque : OEM\/ODM<\/li>\n<li>Logo : Logo du client<\/li>\n<li>Capacit\u00e9 de production : 100 000 pi\u00e8ces par mois<\/li>\n<\/ul>","protected":false},"featured_media":10465,"template":"","meta":{"_acf_changed":false},"product_brand":[],"product_cat":[372],"product_tag":[388],"class_list":{"0":"post-10462","1":"product","2":"type-product","3":"status-publish","4":"has-post-thumbnail","6":"product_cat-lipgloss-tube","7":"product_tag-lip-gloss-tube","9":"first","10":"instock","11":"shipping-taxable","12":"product-type-simple"},"acf":[],"yoast_head":"<!-- This site is optimized with the Yoast SEO plugin v24.1 - https:\/\/yoast.com\/wordpress\/plugins\/seo\/ -->\n<title>Empty Lip Gloss Container With Wand 10 ml<\/title>\n<meta name=\"description\" content=\"These empty lip gloss container 10ml with the large capacity, is made of premium plastic, which is non-toxic and safe for use.\" \/>\n<meta name=\"robots\" content=\"index, follow, max-snippet:-1, max-image-preview:large, max-video-preview:-1\" \/>\n<link rel=\"canonical\" href=\"https:\/\/www.alovey.com\/fr\/produit\/empty-lip-gloss-container-with-wand-10-ml\/\" \/>\n<meta property=\"og:locale\" content=\"fr_FR\" \/>\n<meta property=\"og:type\" content=\"article\" \/>\n<meta property=\"og:title\" content=\"Empty Lip Gloss Container With Wand 10 ml\" \/>\n<meta property=\"og:description\" content=\"These empty lip gloss container 10ml with the large capacity, is made of premium plastic, which is non-toxic and safe for use.\" \/>\n<meta property=\"og:url\" content=\"https:\/\/www.alovey.com\/fr\/produit\/empty-lip-gloss-container-with-wand-10-ml\/\" \/>\n<meta property=\"og:site_name\" content=\"Best Cosmetic Packaging Manufacture\" \/>\n<meta property=\"article:modified_time\" content=\"2025-05-22T07:50:05+00:00\" \/>\n<meta property=\"og:image\" content=\"https:\/\/www.alovey.com\/wp-content\/uploads\/2025\/05\/2-1.jpg\" \/>\n\t<meta property=\"og:image:width\" content=\"750\" \/>\n\t<meta property=\"og:image:height\" content=\"750\" \/>\n\t<meta property=\"og:image:type\" content=\"image\/jpeg\" \/>\n<meta name=\"twitter:card\" content=\"summary_large_image\" \/>\n<meta name=\"twitter:label1\" content=\"Dur\u00e9e de lecture estim\u00e9e\" \/>\n\t<meta name=\"twitter:data1\" content=\"3 minutes\" \/>\n<script type=\"application\/ld+json\" class=\"yoast-schema-graph\">{\"@context\":\"https:\/\/schema.org\",\"@graph\":[{\"@type\":\"WebPage\",\"@id\":\"https:\/\/www.alovey.com\/product\/empty-lip-gloss-container-with-wand-10-ml\/\",\"url\":\"https:\/\/www.alovey.com\/product\/empty-lip-gloss-container-with-wand-10-ml\/\",\"name\":\"Empty Lip Gloss Container With Wand 10 ml\",\"isPartOf\":{\"@id\":\"https:\/\/www.alovey.com\/#website\"},\"primaryImageOfPage\":{\"@id\":\"https:\/\/www.alovey.com\/product\/empty-lip-gloss-container-with-wand-10-ml\/#primaryimage\"},\"image\":{\"@id\":\"https:\/\/www.alovey.com\/product\/empty-lip-gloss-container-with-wand-10-ml\/#primaryimage\"},\"thumbnailUrl\":\"https:\/\/www.alovey.com\/wp-content\/uploads\/2025\/05\/2-1.jpg\",\"datePublished\":\"2025-05-22T07:24:12+00:00\",\"dateModified\":\"2025-05-22T07:50:05+00:00\",\"description\":\"These empty lip gloss container 10ml with the large capacity, is made of premium plastic, which is non-toxic and safe for use.\",\"breadcrumb\":{\"@id\":\"https:\/\/www.alovey.com\/product\/empty-lip-gloss-container-with-wand-10-ml\/#breadcrumb\"},\"inLanguage\":\"fr-FR\",\"potentialAction\":[{\"@type\":\"ReadAction\",\"target\":[\"https:\/\/www.alovey.com\/product\/empty-lip-gloss-container-with-wand-10-ml\/\"]}]},{\"@type\":\"ImageObject\",\"inLanguage\":\"fr-FR\",\"@id\":\"https:\/\/www.alovey.com\/product\/empty-lip-gloss-container-with-wand-10-ml\/#primaryimage\",\"url\":\"https:\/\/www.alovey.com\/wp-content\/uploads\/2025\/05\/2-1.jpg\",\"contentUrl\":\"https:\/\/www.alovey.com\/wp-content\/uploads\/2025\/05\/2-1.jpg\",\"width\":750,\"height\":750,\"caption\":\"Empty Lip Gloss Container With Wand Cosmetic Lip Makeup Tube 10 ml\u00a0\"},{\"@type\":\"BreadcrumbList\",\"@id\":\"https:\/\/www.alovey.com\/product\/empty-lip-gloss-container-with-wand-10-ml\/#breadcrumb\",\"itemListElement\":[{\"@type\":\"ListItem\",\"position\":1,\"name\":\"\u9996\u9875\",\"item\":\"https:\/\/www.alovey.com\/\"},{\"@type\":\"ListItem\",\"position\":2,\"name\":\"Products\",\"item\":\"https:\/\/www.alovey.com\/products\/\"},{\"@type\":\"ListItem\",\"position\":3,\"name\":\"Empty Lip Gloss Container With Wand Cosmetic Lip Makeup Tube 10 ml\u00a0\"}]},{\"@type\":\"WebSite\",\"@id\":\"https:\/\/www.alovey.com\/#website\",\"url\":\"https:\/\/www.alovey.com\/\",\"name\":\"Best Cosmetic Packaging Manufacture\",\"description\":\"Alovey Cosmetic Packaging Co.,Ltd\",\"publisher\":{\"@id\":\"https:\/\/www.alovey.com\/#organization\"},\"potentialAction\":[{\"@type\":\"SearchAction\",\"target\":{\"@type\":\"EntryPoint\",\"urlTemplate\":\"https:\/\/www.alovey.com\/?s={search_term_string}\"},\"query-input\":{\"@type\":\"PropertyValueSpecification\",\"valueRequired\":true,\"valueName\":\"search_term_string\"}}],\"inLanguage\":\"fr-FR\"},{\"@type\":\"Organization\",\"@id\":\"https:\/\/www.alovey.com\/#organization\",\"name\":\"Best Cosmetic Packaging Manufacture\",\"url\":\"https:\/\/www.alovey.com\/\",\"logo\":{\"@type\":\"ImageObject\",\"inLanguage\":\"fr-FR\",\"@id\":\"https:\/\/www.alovey.com\/#\/schema\/logo\/image\/\",\"url\":\"https:\/\/www.alovey.com\/wp-content\/uploads\/2023\/03\/logo.png\",\"contentUrl\":\"https:\/\/www.alovey.com\/wp-content\/uploads\/2023\/03\/logo.png\",\"width\":505,\"height\":180,\"caption\":\"Best  Cosmetic Packaging Manufacture\"},\"image\":{\"@id\":\"https:\/\/www.alovey.com\/#\/schema\/logo\/image\/\"}}]}<\/script>\n<!-- \/ Yoast SEO plugin. -->","yoast_head_json":{"title":"Empty Lip Gloss Container With Wand 10 ml","description":"These empty lip gloss container 10ml with the large capacity, is made of premium plastic, which is non-toxic and safe for use.","robots":{"index":"index","follow":"follow","max-snippet":"max-snippet:-1","max-image-preview":"max-image-preview:large","max-video-preview":"max-video-preview:-1"},"canonical":"https:\/\/www.alovey.com\/fr\/produit\/empty-lip-gloss-container-with-wand-10-ml\/","og_locale":"fr_FR","og_type":"article","og_title":"Empty Lip Gloss Container With Wand 10 ml","og_description":"These empty lip gloss container 10ml with the large capacity, is made of premium plastic, which is non-toxic and safe for use.","og_url":"https:\/\/www.alovey.com\/fr\/produit\/empty-lip-gloss-container-with-wand-10-ml\/","og_site_name":"Best Cosmetic Packaging Manufacture","article_modified_time":"2025-05-22T07:50:05+00:00","og_image":[{"width":750,"height":750,"url":"https:\/\/www.alovey.com\/wp-content\/uploads\/2025\/05\/2-1.jpg","type":"image\/jpeg"}],"twitter_card":"summary_large_image","twitter_misc":{"Dur\u00e9e de lecture estim\u00e9e":"3 minutes"},"schema":{"@context":"https:\/\/schema.org","@graph":[{"@type":"WebPage","@id":"https:\/\/www.alovey.com\/product\/empty-lip-gloss-container-with-wand-10-ml\/","url":"https:\/\/www.alovey.com\/product\/empty-lip-gloss-container-with-wand-10-ml\/","name":"Empty Lip Gloss Container With Wand 10 ml","isPartOf":{"@id":"https:\/\/www.alovey.com\/#website"},"primaryImageOfPage":{"@id":"https:\/\/www.alovey.com\/product\/empty-lip-gloss-container-with-wand-10-ml\/#primaryimage"},"image":{"@id":"https:\/\/www.alovey.com\/product\/empty-lip-gloss-container-with-wand-10-ml\/#primaryimage"},"thumbnailUrl":"https:\/\/www.alovey.com\/wp-content\/uploads\/2025\/05\/2-1.jpg","datePublished":"2025-05-22T07:24:12+00:00","dateModified":"2025-05-22T07:50:05+00:00","description":"These empty lip gloss container 10ml with the large capacity, is made of premium plastic, which is non-toxic and safe for use.","breadcrumb":{"@id":"https:\/\/www.alovey.com\/product\/empty-lip-gloss-container-with-wand-10-ml\/#breadcrumb"},"inLanguage":"fr-FR","potentialAction":[{"@type":"ReadAction","target":["https:\/\/www.alovey.com\/product\/empty-lip-gloss-container-with-wand-10-ml\/"]}]},{"@type":"ImageObject","inLanguage":"fr-FR","@id":"https:\/\/www.alovey.com\/product\/empty-lip-gloss-container-with-wand-10-ml\/#primaryimage","url":"https:\/\/www.alovey.com\/wp-content\/uploads\/2025\/05\/2-1.jpg","contentUrl":"https:\/\/www.alovey.com\/wp-content\/uploads\/2025\/05\/2-1.jpg","width":750,"height":750,"caption":"Empty Lip Gloss Container With Wand Cosmetic Lip Makeup Tube 10 ml\u00a0"},{"@type":"BreadcrumbList","@id":"https:\/\/www.alovey.com\/product\/empty-lip-gloss-container-with-wand-10-ml\/#breadcrumb","itemListElement":[{"@type":"ListItem","position":1,"name":"\u9996\u9875","item":"https:\/\/www.alovey.com\/"},{"@type":"ListItem","position":2,"name":"Products","item":"https:\/\/www.alovey.com\/products\/"},{"@type":"ListItem","position":3,"name":"Empty Lip Gloss Container With Wand Cosmetic Lip Makeup Tube 10 ml\u00a0"}]},{"@type":"WebSite","@id":"https:\/\/www.alovey.com\/#website","url":"https:\/\/www.alovey.com\/","name":"Best Cosmetic Packaging Manufacture","description":"Alovey Cosmetic Packaging Co.,Ltd","publisher":{"@id":"https:\/\/www.alovey.com\/#organization"},"potentialAction":[{"@type":"SearchAction","target":{"@type":"EntryPoint","urlTemplate":"https:\/\/www.alovey.com\/?s={search_term_string}"},"query-input":{"@type":"PropertyValueSpecification","valueRequired":true,"valueName":"search_term_string"}}],"inLanguage":"fr-FR"},{"@type":"Organization","@id":"https:\/\/www.alovey.com\/#organization","name":"Best Cosmetic Packaging Manufacture","url":"https:\/\/www.alovey.com\/","logo":{"@type":"ImageObject","inLanguage":"fr-FR","@id":"https:\/\/www.alovey.com\/#\/schema\/logo\/image\/","url":"https:\/\/www.alovey.com\/wp-content\/uploads\/2023\/03\/logo.png","contentUrl":"https:\/\/www.alovey.com\/wp-content\/uploads\/2023\/03\/logo.png","width":505,"height":180,"caption":"Best  Cosmetic Packaging Manufacture"},"image":{"@id":"https:\/\/www.alovey.com\/#\/schema\/logo\/image\/"}}]}},"_links":{"self":[{"href":"https:\/\/www.alovey.com\/fr\/wp-json\/wp\/v2\/product\/10462"}],"collection":[{"href":"https:\/\/www.alovey.com\/fr\/wp-json\/wp\/v2\/product"}],"about":[{"href":"https:\/\/www.alovey.com\/fr\/wp-json\/wp\/v2\/types\/product"}],"wp:featuredmedia":[{"embeddable":true,"href":"https:\/\/www.alovey.com\/fr\/wp-json\/wp\/v2\/media\/10465"}],"wp:attachment":[{"href":"https:\/\/www.alovey.com\/fr\/wp-json\/wp\/v2\/media?parent=10462"}],"wp:term":[{"taxonomy":"product_brand","embeddable":true,"href":"https:\/\/www.alovey.com\/fr\/wp-json\/wp\/v2\/product_brand?post=10462"},{"taxonomy":"product_cat","embeddable":true,"href":"https:\/\/www.alovey.com\/fr\/wp-json\/wp\/v2\/product_cat?post=10462"},{"taxonomy":"product_tag","embeddable":true,"href":"https:\/\/www.alovey.com\/fr\/wp-json\/wp\/v2\/product_tag?post=10462"}],"curies":[{"name":"wp","href":"https:\/\/api.w.org\/{rel}","templated":true}]}}