{"id":10290,"date":"2025-04-01T04:01:37","date_gmt":"2025-04-01T04:01:37","guid":{"rendered":"https:\/\/www.alovey.com\/?post_type=product&#038;p=10290"},"modified":"2025-04-01T04:11:33","modified_gmt":"2025-04-01T04:11:33","slug":"best-vintage-lipstick-tube-with-private-logo","status":"publish","type":"product","link":"https:\/\/www.alovey.com\/fr\/produit\/best-vintage-lipstick-tube-with-private-logo\/","title":{"rendered":"Best vintage lipstick tube with private logo"},"content":{"rendered":"<p><strong>By our best vintage lipstick tube to add a touch of retro charm to your lipstick products.<\/strong><\/p>\n<p><strong>It can be customized\u00a0with your <a href=\"https:\/\/www.alovey.com\/fr\/custom-cosmetic-packaging\/\">private logo.<\/a><\/strong><\/p>\n<p><strong>This timeless design combines classic elegance with modern functionality, crafted from premium materials for durability and luxury.<\/strong><\/p>\n<p><strong>It is perfect for luxury lipsticks, lip balms, and other stick-based cosmetics. Contact us today to create your custom vintage lipstick tube!<\/strong><\/p>\n<p><strong>Alovey, fabricant professionnel chinois d'emballages cosm\u00e9tiques, produit une gamme exquise d'emballages cosm\u00e9tiques personnalis\u00e9s, m\u00e9ticuleusement con\u00e7us pour rehausser votre marque. Notre s\u00e9lection vari\u00e9e de mat\u00e9riaux de premi\u00e8re qualit\u00e9, associ\u00e9e \u00e0 des techniques de finition de surface d\u00e9licates telles que la s\u00e9rigraphie, l'estampage \u00e0 chaud et la pulv\u00e9risation mate, fait de chaque emballage un chef-d'\u0153uvre unique.<\/strong><\/p>\n<figure id=\"attachment_10296\" aria-describedby=\"caption-attachment-10296\" style=\"width: 750px\" class=\"wp-caption alignnone\"><img fetchpriority=\"high\" decoding=\"async\" class=\"size-full wp-image-10296\" src=\"https:\/\/www.alovey.com\/wp-content\/uploads\/2025\/04\/Best-vintage-lipstick-tube-with-private-logo-5.jpg\" alt=\"Best\u2002vintage lipstick tube\" width=\"750\" height=\"750\" srcset=\"https:\/\/www.alovey.com\/wp-content\/uploads\/2025\/04\/Best-vintage-lipstick-tube-with-private-logo-5.jpg 750w, https:\/\/www.alovey.com\/wp-content\/uploads\/2025\/04\/Best-vintage-lipstick-tube-with-private-logo-5-300x300.jpg 300w, https:\/\/www.alovey.com\/wp-content\/uploads\/2025\/04\/Best-vintage-lipstick-tube-with-private-logo-5-150x150.jpg 150w, https:\/\/www.alovey.com\/wp-content\/uploads\/2025\/04\/Best-vintage-lipstick-tube-with-private-logo-5-600x600.jpg 600w, https:\/\/www.alovey.com\/wp-content\/uploads\/2025\/04\/Best-vintage-lipstick-tube-with-private-logo-5-100x100.jpg 100w\" sizes=\"(max-width: 750px) 100vw, 750px\" \/><figcaption id=\"caption-attachment-10296\" class=\"wp-caption-text\">\u00a0<\/figcaption><\/figure>\n<figure id=\"attachment_10295\" aria-describedby=\"caption-attachment-10295\" style=\"width: 750px\" class=\"wp-caption alignnone\"><img decoding=\"async\" class=\"size-full wp-image-10295\" src=\"https:\/\/www.alovey.com\/wp-content\/uploads\/2025\/04\/Best-vintage-lipstick-tube-with-private-logo-4.jpg\" alt=\"Best\u2002vintage lipstick tube\" width=\"750\" height=\"750\" srcset=\"https:\/\/www.alovey.com\/wp-content\/uploads\/2025\/04\/Best-vintage-lipstick-tube-with-private-logo-4.jpg 750w, https:\/\/www.alovey.com\/wp-content\/uploads\/2025\/04\/Best-vintage-lipstick-tube-with-private-logo-4-300x300.jpg 300w, https:\/\/www.alovey.com\/wp-content\/uploads\/2025\/04\/Best-vintage-lipstick-tube-with-private-logo-4-150x150.jpg 150w, https:\/\/www.alovey.com\/wp-content\/uploads\/2025\/04\/Best-vintage-lipstick-tube-with-private-logo-4-600x600.jpg 600w, https:\/\/www.alovey.com\/wp-content\/uploads\/2025\/04\/Best-vintage-lipstick-tube-with-private-logo-4-100x100.jpg 100w\" sizes=\"(max-width: 750px) 100vw, 750px\" \/><figcaption id=\"caption-attachment-10295\" class=\"wp-caption-text\">\u00a0<\/figcaption><\/figure>\n<figure id=\"attachment_10294\" aria-describedby=\"caption-attachment-10294\" style=\"width: 750px\" class=\"wp-caption alignnone\"><img decoding=\"async\" class=\"size-full wp-image-10294\" src=\"https:\/\/www.alovey.com\/wp-content\/uploads\/2025\/04\/Best-vintage-lipstick-tube-with-private-logo-3.jpg\" alt=\"Best\u2002vintage lipstick tube\" width=\"750\" height=\"750\" srcset=\"https:\/\/www.alovey.com\/wp-content\/uploads\/2025\/04\/Best-vintage-lipstick-tube-with-private-logo-3.jpg 750w, https:\/\/www.alovey.com\/wp-content\/uploads\/2025\/04\/Best-vintage-lipstick-tube-with-private-logo-3-300x300.jpg 300w, https:\/\/www.alovey.com\/wp-content\/uploads\/2025\/04\/Best-vintage-lipstick-tube-with-private-logo-3-150x150.jpg 150w, https:\/\/www.alovey.com\/wp-content\/uploads\/2025\/04\/Best-vintage-lipstick-tube-with-private-logo-3-600x600.jpg 600w, https:\/\/www.alovey.com\/wp-content\/uploads\/2025\/04\/Best-vintage-lipstick-tube-with-private-logo-3-100x100.jpg 100w\" sizes=\"(max-width: 750px) 100vw, 750px\" \/><figcaption id=\"caption-attachment-10294\" class=\"wp-caption-text\">\u00a0<\/figcaption><\/figure>\n<figure id=\"attachment_10293\" aria-describedby=\"caption-attachment-10293\" style=\"width: 750px\" class=\"wp-caption alignnone\"><img loading=\"lazy\" decoding=\"async\" class=\"size-full wp-image-10293\" src=\"https:\/\/www.alovey.com\/wp-content\/uploads\/2025\/04\/Best-vintage-lipstick-tube-with-private-logo-2.jpg\" alt=\"Best\u2002vintage lipstick tube\" width=\"750\" height=\"750\" srcset=\"https:\/\/www.alovey.com\/wp-content\/uploads\/2025\/04\/Best-vintage-lipstick-tube-with-private-logo-2.jpg 750w, https:\/\/www.alovey.com\/wp-content\/uploads\/2025\/04\/Best-vintage-lipstick-tube-with-private-logo-2-300x300.jpg 300w, https:\/\/www.alovey.com\/wp-content\/uploads\/2025\/04\/Best-vintage-lipstick-tube-with-private-logo-2-150x150.jpg 150w, https:\/\/www.alovey.com\/wp-content\/uploads\/2025\/04\/Best-vintage-lipstick-tube-with-private-logo-2-600x600.jpg 600w, https:\/\/www.alovey.com\/wp-content\/uploads\/2025\/04\/Best-vintage-lipstick-tube-with-private-logo-2-100x100.jpg 100w\" sizes=\"(max-width: 750px) 100vw, 750px\" \/><figcaption id=\"caption-attachment-10293\" class=\"wp-caption-text\">\u00a0<\/figcaption><\/figure>\n<figure id=\"attachment_10292\" aria-describedby=\"caption-attachment-10292\" style=\"width: 750px\" class=\"wp-caption alignnone\"><img loading=\"lazy\" decoding=\"async\" class=\"size-full wp-image-10292\" src=\"https:\/\/www.alovey.com\/wp-content\/uploads\/2025\/04\/Best-vintage-lipstick-tube-with-private-logo-1.jpg\" alt=\"Best\u2002vintage lipstick tube\" width=\"750\" height=\"750\" srcset=\"https:\/\/www.alovey.com\/wp-content\/uploads\/2025\/04\/Best-vintage-lipstick-tube-with-private-logo-1.jpg 750w, https:\/\/www.alovey.com\/wp-content\/uploads\/2025\/04\/Best-vintage-lipstick-tube-with-private-logo-1-300x300.jpg 300w, https:\/\/www.alovey.com\/wp-content\/uploads\/2025\/04\/Best-vintage-lipstick-tube-with-private-logo-1-150x150.jpg 150w, https:\/\/www.alovey.com\/wp-content\/uploads\/2025\/04\/Best-vintage-lipstick-tube-with-private-logo-1-600x600.jpg 600w, https:\/\/www.alovey.com\/wp-content\/uploads\/2025\/04\/Best-vintage-lipstick-tube-with-private-logo-1-100x100.jpg 100w\" sizes=\"(max-width: 750px) 100vw, 750px\" \/><figcaption id=\"caption-attachment-10292\" class=\"wp-caption-text\">\u00a0<\/figcaption><\/figure>\n<figure id=\"attachment_10291\" aria-describedby=\"caption-attachment-10291\" style=\"width: 750px\" class=\"wp-caption alignnone\"><img loading=\"lazy\" decoding=\"async\" class=\"size-full wp-image-10291\" src=\"https:\/\/www.alovey.com\/wp-content\/uploads\/2025\/04\/Best-vintage-lipstick-tube-with-private-logo-6.jpg\" alt=\"Best\u2002vintage lipstick tube\" width=\"750\" height=\"750\" srcset=\"https:\/\/www.alovey.com\/wp-content\/uploads\/2025\/04\/Best-vintage-lipstick-tube-with-private-logo-6.jpg 750w, https:\/\/www.alovey.com\/wp-content\/uploads\/2025\/04\/Best-vintage-lipstick-tube-with-private-logo-6-300x300.jpg 300w, https:\/\/www.alovey.com\/wp-content\/uploads\/2025\/04\/Best-vintage-lipstick-tube-with-private-logo-6-150x150.jpg 150w, https:\/\/www.alovey.com\/wp-content\/uploads\/2025\/04\/Best-vintage-lipstick-tube-with-private-logo-6-600x600.jpg 600w, https:\/\/www.alovey.com\/wp-content\/uploads\/2025\/04\/Best-vintage-lipstick-tube-with-private-logo-6-100x100.jpg 100w\" sizes=\"(max-width: 750px) 100vw, 750px\" \/><figcaption id=\"caption-attachment-10291\" class=\"wp-caption-text\">\u00a0<\/figcaption><\/figure>\n<p>&nbsp;<\/p>\n<p>&nbsp;<\/p>\n<p>&nbsp;<\/p>\n<p>&nbsp;<\/p>\n<p>&nbsp;<\/p>\n<p>&nbsp;<\/p>\n<p>&nbsp;<\/p>\n<p>&nbsp;<\/p>\n<p>&nbsp;<\/p>\n<p>&nbsp;<\/p>\n<p>&nbsp;<\/p>\n<p>&nbsp;<\/p>\n<p>&nbsp;<\/p>\n<p>&nbsp;<\/p>\n<p>&nbsp;<\/p>\n<p>&nbsp;<\/p>\n<p>&nbsp;<\/p>\n<p>&nbsp;<\/p>\n<p>&nbsp;<\/p>\n<p>&nbsp;<\/p>\n<p>&nbsp;<\/p>\n<p>&nbsp;<\/p>\n<p>&nbsp;<\/p>\n<p>&nbsp;<\/p>\n<p>&nbsp;<\/p>\n<p>&nbsp;<\/p>\n<p>&nbsp;<\/p>\n<p>&nbsp;<\/p>\n<p>&nbsp;<\/p>\n<p>&nbsp;<\/p>\n<p>&nbsp;<\/p>\n<p>&nbsp;<\/p>\n<p>&nbsp;<\/p>\n<p>&nbsp;<\/p>\n<p>&nbsp;<\/p>\n<p>&nbsp;<\/p>\n<p>&nbsp;<\/p>\n<p>&nbsp;<\/p>\n<p>&nbsp;<\/p>\n<p>&nbsp;<\/p>\n<p>&nbsp;<\/p>\n<p>&nbsp;<\/p>\n<p>&nbsp;<\/p>\n<p>&nbsp;<\/p>\n<p>&nbsp;<\/p>\n<p>&nbsp;<\/p>\n<p>&nbsp;<\/p>\n<p>&nbsp;<\/p>\n<p>&nbsp;<\/p>\n<p>&nbsp;<\/p>\n<p>&nbsp;<\/p>\n<p>&nbsp;<\/p>\n<p>&nbsp;<\/p>\n<p>&nbsp;<\/p>\n<p>&nbsp;<\/p>\n<p>&nbsp;<\/p>\n<p>&nbsp;<\/p>\n<p>&nbsp;<\/p>\n<p>&nbsp;<\/p>\n<p>&nbsp;<\/p>\n<p>&nbsp;<\/p>\n<p>&nbsp;<\/p>\n<p>&nbsp;<\/p>\n<p>&nbsp;<\/p>\n<p>&nbsp;<\/p>\n<p>&nbsp;<\/p>\n<p>&nbsp;<\/p>\n<p>&nbsp;<\/p>\n<p>&nbsp;<\/p>\n<p>&nbsp;<\/p>\n<p>&nbsp;<\/p>\n<p>&nbsp;<\/p>\n<p>&nbsp;<\/p>\n<p>&nbsp;<\/p>\n<p>&nbsp;<\/p>\n<p>&nbsp;<\/p>\n<p>&nbsp;<\/p>\n<p>&nbsp;<\/p>\n<p>&nbsp;<\/p>\n<p>&nbsp;<\/p>\n<p>&nbsp;<\/p>\n<p>&nbsp;<\/p>\n<p>&nbsp;<\/p>\n<p>&nbsp;<\/p>\n<p>&nbsp;<\/p>\n<p>&nbsp;<\/p>\n<p>&nbsp;<\/p>\n<p>&nbsp;<\/p>\n<p>&nbsp;<\/p>\n<p>&nbsp;<\/p>\n<p>&nbsp;<\/p>\n<p>&nbsp;<\/p>\n<p>&nbsp;<\/p>\n<p>&nbsp;<\/p>\n<p>&nbsp;<\/p>\n<p>&nbsp;<\/p>\n<p>&nbsp;<\/p>\n<p>&nbsp;<\/p>\n<p>&nbsp;<\/p>\n<p>&nbsp;<\/p>\n<p>&nbsp;<\/p>\n<p>&nbsp;<\/p>\n<p>&nbsp;<\/p>\n<p>&nbsp;<\/p>\n<p>&nbsp;<\/p>","protected":false},"excerpt":{"rendered":"<ul>\n<li>Item No: LS-P0004L<\/li>\n<li>Mat\u00e9riau :  Plastique<\/li>\n<li>Size:\u00a0W17*H84MM<\/li>\n<li>Applications : Produits de beaut\u00e9<\/li>\n<li>MOQ : 12 000 pi\u00e8ces<\/li>\n<li>Couleur : couleur personnalis\u00e9e<\/li>\n<li>Traitement de surface : Injection\/matage\/m\u00e9tallisation\/vernissage UV<\/li>\n<li>Nom de marque : OEM\/ODM<\/li>\n<li>Logo : Logo du client<\/li>\n<li>Capacit\u00e9 de production : 100 000 pi\u00e8ces par mois<\/li>\n<\/ul>","protected":false},"featured_media":10293,"template":"","meta":{"_acf_changed":false},"product_brand":[],"product_cat":[373],"product_tag":[389],"class_list":{"0":"post-10290","1":"product","2":"type-product","3":"status-publish","4":"has-post-thumbnail","6":"product_cat-professional-lipstick-tube-supplier","7":"product_tag-lip-stick-tube","9":"first","10":"instock","11":"shipping-taxable","12":"product-type-simple"},"acf":[],"yoast_head":"<!-- This site is optimized with the Yoast SEO plugin v24.1 - https:\/\/yoast.com\/wordpress\/plugins\/seo\/ -->\n<title>Best vintage lipstick tube with private logo<\/title>\n<meta name=\"description\" content=\"By our best vintage lipstick tube to add a touch of retro charm to your lipstick products. It can be customized with your private logo.\" \/>\n<meta name=\"robots\" content=\"index, follow, max-snippet:-1, max-image-preview:large, max-video-preview:-1\" \/>\n<link rel=\"canonical\" href=\"https:\/\/www.alovey.com\/fr\/produit\/best-vintage-lipstick-tube-with-private-logo\/\" \/>\n<meta property=\"og:locale\" content=\"fr_FR\" \/>\n<meta property=\"og:type\" content=\"article\" \/>\n<meta property=\"og:title\" content=\"Best vintage lipstick tube with private logo\" \/>\n<meta property=\"og:description\" content=\"By our best vintage lipstick tube to add a touch of retro charm to your lipstick products. It can be customized with your private logo.\" \/>\n<meta property=\"og:url\" content=\"https:\/\/www.alovey.com\/fr\/produit\/best-vintage-lipstick-tube-with-private-logo\/\" \/>\n<meta property=\"og:site_name\" content=\"Best Cosmetic Packaging Manufacture\" \/>\n<meta property=\"article:modified_time\" content=\"2025-04-01T04:11:33+00:00\" \/>\n<meta property=\"og:image\" content=\"https:\/\/www.alovey.com\/wp-content\/uploads\/2025\/04\/Best-vintage-lipstick-tube-with-private-logo-2.jpg\" \/>\n\t<meta property=\"og:image:width\" content=\"750\" \/>\n\t<meta property=\"og:image:height\" content=\"750\" \/>\n\t<meta property=\"og:image:type\" content=\"image\/jpeg\" \/>\n<meta name=\"twitter:card\" content=\"summary_large_image\" \/>\n<meta name=\"twitter:label1\" content=\"Dur\u00e9e de lecture estim\u00e9e\" \/>\n\t<meta name=\"twitter:data1\" content=\"3 minutes\" \/>\n<script type=\"application\/ld+json\" class=\"yoast-schema-graph\">{\"@context\":\"https:\/\/schema.org\",\"@graph\":[{\"@type\":\"WebPage\",\"@id\":\"https:\/\/www.alovey.com\/product\/best-vintage-lipstick-tube-with-private-logo\/\",\"url\":\"https:\/\/www.alovey.com\/product\/best-vintage-lipstick-tube-with-private-logo\/\",\"name\":\"Best vintage lipstick tube with private logo\",\"isPartOf\":{\"@id\":\"https:\/\/www.alovey.com\/#website\"},\"primaryImageOfPage\":{\"@id\":\"https:\/\/www.alovey.com\/product\/best-vintage-lipstick-tube-with-private-logo\/#primaryimage\"},\"image\":{\"@id\":\"https:\/\/www.alovey.com\/product\/best-vintage-lipstick-tube-with-private-logo\/#primaryimage\"},\"thumbnailUrl\":\"https:\/\/www.alovey.com\/wp-content\/uploads\/2025\/04\/Best-vintage-lipstick-tube-with-private-logo-2.jpg\",\"datePublished\":\"2025-04-01T04:01:37+00:00\",\"dateModified\":\"2025-04-01T04:11:33+00:00\",\"description\":\"By our best vintage lipstick tube to add a touch of retro charm to your lipstick products. It can be customized with your private logo.\",\"breadcrumb\":{\"@id\":\"https:\/\/www.alovey.com\/product\/best-vintage-lipstick-tube-with-private-logo\/#breadcrumb\"},\"inLanguage\":\"fr-FR\",\"potentialAction\":[{\"@type\":\"ReadAction\",\"target\":[\"https:\/\/www.alovey.com\/product\/best-vintage-lipstick-tube-with-private-logo\/\"]}]},{\"@type\":\"ImageObject\",\"inLanguage\":\"fr-FR\",\"@id\":\"https:\/\/www.alovey.com\/product\/best-vintage-lipstick-tube-with-private-logo\/#primaryimage\",\"url\":\"https:\/\/www.alovey.com\/wp-content\/uploads\/2025\/04\/Best-vintage-lipstick-tube-with-private-logo-2.jpg\",\"contentUrl\":\"https:\/\/www.alovey.com\/wp-content\/uploads\/2025\/04\/Best-vintage-lipstick-tube-with-private-logo-2.jpg\",\"width\":750,\"height\":750,\"caption\":\"Best vintage lipstick tube with private logo\"},{\"@type\":\"BreadcrumbList\",\"@id\":\"https:\/\/www.alovey.com\/product\/best-vintage-lipstick-tube-with-private-logo\/#breadcrumb\",\"itemListElement\":[{\"@type\":\"ListItem\",\"position\":1,\"name\":\"\u9996\u9875\",\"item\":\"https:\/\/www.alovey.com\/\"},{\"@type\":\"ListItem\",\"position\":2,\"name\":\"Products\",\"item\":\"https:\/\/www.alovey.com\/products\/\"},{\"@type\":\"ListItem\",\"position\":3,\"name\":\"Best vintage lipstick tube with private logo\"}]},{\"@type\":\"WebSite\",\"@id\":\"https:\/\/www.alovey.com\/#website\",\"url\":\"https:\/\/www.alovey.com\/\",\"name\":\"Best Cosmetic Packaging Manufacture\",\"description\":\"Alovey Cosmetic Packaging Co.,Ltd\",\"publisher\":{\"@id\":\"https:\/\/www.alovey.com\/#organization\"},\"potentialAction\":[{\"@type\":\"SearchAction\",\"target\":{\"@type\":\"EntryPoint\",\"urlTemplate\":\"https:\/\/www.alovey.com\/?s={search_term_string}\"},\"query-input\":{\"@type\":\"PropertyValueSpecification\",\"valueRequired\":true,\"valueName\":\"search_term_string\"}}],\"inLanguage\":\"fr-FR\"},{\"@type\":\"Organization\",\"@id\":\"https:\/\/www.alovey.com\/#organization\",\"name\":\"Best Cosmetic Packaging Manufacture\",\"url\":\"https:\/\/www.alovey.com\/\",\"logo\":{\"@type\":\"ImageObject\",\"inLanguage\":\"fr-FR\",\"@id\":\"https:\/\/www.alovey.com\/#\/schema\/logo\/image\/\",\"url\":\"https:\/\/www.alovey.com\/wp-content\/uploads\/2023\/03\/logo.png\",\"contentUrl\":\"https:\/\/www.alovey.com\/wp-content\/uploads\/2023\/03\/logo.png\",\"width\":505,\"height\":180,\"caption\":\"Best  Cosmetic Packaging Manufacture\"},\"image\":{\"@id\":\"https:\/\/www.alovey.com\/#\/schema\/logo\/image\/\"}}]}<\/script>\n<!-- \/ Yoast SEO plugin. -->","yoast_head_json":{"title":"Best vintage lipstick tube with private logo","description":"By our best vintage lipstick tube to add a touch of retro charm to your lipstick products. It can be customized with your private logo.","robots":{"index":"index","follow":"follow","max-snippet":"max-snippet:-1","max-image-preview":"max-image-preview:large","max-video-preview":"max-video-preview:-1"},"canonical":"https:\/\/www.alovey.com\/fr\/produit\/best-vintage-lipstick-tube-with-private-logo\/","og_locale":"fr_FR","og_type":"article","og_title":"Best vintage lipstick tube with private logo","og_description":"By our best vintage lipstick tube to add a touch of retro charm to your lipstick products. It can be customized with your private logo.","og_url":"https:\/\/www.alovey.com\/fr\/produit\/best-vintage-lipstick-tube-with-private-logo\/","og_site_name":"Best Cosmetic Packaging Manufacture","article_modified_time":"2025-04-01T04:11:33+00:00","og_image":[{"width":750,"height":750,"url":"https:\/\/www.alovey.com\/wp-content\/uploads\/2025\/04\/Best-vintage-lipstick-tube-with-private-logo-2.jpg","type":"image\/jpeg"}],"twitter_card":"summary_large_image","twitter_misc":{"Dur\u00e9e de lecture estim\u00e9e":"3 minutes"},"schema":{"@context":"https:\/\/schema.org","@graph":[{"@type":"WebPage","@id":"https:\/\/www.alovey.com\/product\/best-vintage-lipstick-tube-with-private-logo\/","url":"https:\/\/www.alovey.com\/product\/best-vintage-lipstick-tube-with-private-logo\/","name":"Best vintage lipstick tube with private logo","isPartOf":{"@id":"https:\/\/www.alovey.com\/#website"},"primaryImageOfPage":{"@id":"https:\/\/www.alovey.com\/product\/best-vintage-lipstick-tube-with-private-logo\/#primaryimage"},"image":{"@id":"https:\/\/www.alovey.com\/product\/best-vintage-lipstick-tube-with-private-logo\/#primaryimage"},"thumbnailUrl":"https:\/\/www.alovey.com\/wp-content\/uploads\/2025\/04\/Best-vintage-lipstick-tube-with-private-logo-2.jpg","datePublished":"2025-04-01T04:01:37+00:00","dateModified":"2025-04-01T04:11:33+00:00","description":"By our best vintage lipstick tube to add a touch of retro charm to your lipstick products. It can be customized with your private logo.","breadcrumb":{"@id":"https:\/\/www.alovey.com\/product\/best-vintage-lipstick-tube-with-private-logo\/#breadcrumb"},"inLanguage":"fr-FR","potentialAction":[{"@type":"ReadAction","target":["https:\/\/www.alovey.com\/product\/best-vintage-lipstick-tube-with-private-logo\/"]}]},{"@type":"ImageObject","inLanguage":"fr-FR","@id":"https:\/\/www.alovey.com\/product\/best-vintage-lipstick-tube-with-private-logo\/#primaryimage","url":"https:\/\/www.alovey.com\/wp-content\/uploads\/2025\/04\/Best-vintage-lipstick-tube-with-private-logo-2.jpg","contentUrl":"https:\/\/www.alovey.com\/wp-content\/uploads\/2025\/04\/Best-vintage-lipstick-tube-with-private-logo-2.jpg","width":750,"height":750,"caption":"Best vintage lipstick tube with private logo"},{"@type":"BreadcrumbList","@id":"https:\/\/www.alovey.com\/product\/best-vintage-lipstick-tube-with-private-logo\/#breadcrumb","itemListElement":[{"@type":"ListItem","position":1,"name":"\u9996\u9875","item":"https:\/\/www.alovey.com\/"},{"@type":"ListItem","position":2,"name":"Products","item":"https:\/\/www.alovey.com\/products\/"},{"@type":"ListItem","position":3,"name":"Best vintage lipstick tube with private logo"}]},{"@type":"WebSite","@id":"https:\/\/www.alovey.com\/#website","url":"https:\/\/www.alovey.com\/","name":"Best Cosmetic Packaging Manufacture","description":"Alovey Cosmetic Packaging Co.,Ltd","publisher":{"@id":"https:\/\/www.alovey.com\/#organization"},"potentialAction":[{"@type":"SearchAction","target":{"@type":"EntryPoint","urlTemplate":"https:\/\/www.alovey.com\/?s={search_term_string}"},"query-input":{"@type":"PropertyValueSpecification","valueRequired":true,"valueName":"search_term_string"}}],"inLanguage":"fr-FR"},{"@type":"Organization","@id":"https:\/\/www.alovey.com\/#organization","name":"Best Cosmetic Packaging Manufacture","url":"https:\/\/www.alovey.com\/","logo":{"@type":"ImageObject","inLanguage":"fr-FR","@id":"https:\/\/www.alovey.com\/#\/schema\/logo\/image\/","url":"https:\/\/www.alovey.com\/wp-content\/uploads\/2023\/03\/logo.png","contentUrl":"https:\/\/www.alovey.com\/wp-content\/uploads\/2023\/03\/logo.png","width":505,"height":180,"caption":"Best  Cosmetic Packaging Manufacture"},"image":{"@id":"https:\/\/www.alovey.com\/#\/schema\/logo\/image\/"}}]}},"_links":{"self":[{"href":"https:\/\/www.alovey.com\/fr\/wp-json\/wp\/v2\/product\/10290"}],"collection":[{"href":"https:\/\/www.alovey.com\/fr\/wp-json\/wp\/v2\/product"}],"about":[{"href":"https:\/\/www.alovey.com\/fr\/wp-json\/wp\/v2\/types\/product"}],"wp:featuredmedia":[{"embeddable":true,"href":"https:\/\/www.alovey.com\/fr\/wp-json\/wp\/v2\/media\/10293"}],"wp:attachment":[{"href":"https:\/\/www.alovey.com\/fr\/wp-json\/wp\/v2\/media?parent=10290"}],"wp:term":[{"taxonomy":"product_brand","embeddable":true,"href":"https:\/\/www.alovey.com\/fr\/wp-json\/wp\/v2\/product_brand?post=10290"},{"taxonomy":"product_cat","embeddable":true,"href":"https:\/\/www.alovey.com\/fr\/wp-json\/wp\/v2\/product_cat?post=10290"},{"taxonomy":"product_tag","embeddable":true,"href":"https:\/\/www.alovey.com\/fr\/wp-json\/wp\/v2\/product_tag?post=10290"}],"curies":[{"name":"wp","href":"https:\/\/api.w.org\/{rel}","templated":true}]}}