{"id":10210,"date":"2025-03-25T07:21:49","date_gmt":"2025-03-25T07:21:49","guid":{"rendered":"https:\/\/www.alovey.com\/?post_type=product&#038;p=10210"},"modified":"2025-03-25T07:28:38","modified_gmt":"2025-03-25T07:28:38","slug":"luxury-black-square-lipstick-tube-with-magnetic-closure","status":"publish","type":"product","link":"https:\/\/www.alovey.com\/fr\/produit\/luxury-black-square-lipstick-tube-with-magnetic-closure\/","title":{"rendered":"Luxury black square lipstick tube with magnetic closure"},"content":{"rendered":"<p><strong>Elevate your lipstick packaging with our luxury black square lipstick tube.<\/strong><\/p>\n<p><strong>Featuring a sleek, modern design\u00a0with a magnetic closure.It ensures a secure and effortless user experience\u00a0and ideal for premium beauty brands looking \u00a0<\/strong><\/p>\n<p><strong>Alovey, fabricant professionnel chinois d'emballages cosm\u00e9tiques, produit une gamme exquise d'emballages cosm\u00e9tiques personnalis\u00e9s, m\u00e9ticuleusement con\u00e7us pour rehausser votre marque. Notre s\u00e9lection vari\u00e9e de mat\u00e9riaux de premi\u00e8re qualit\u00e9, associ\u00e9e \u00e0 des techniques de finition de surface d\u00e9licates telles que la s\u00e9rigraphie, l'estampage \u00e0 chaud et la pulv\u00e9risation mate, fait de chaque emballage un chef-d'\u0153uvre unique.<\/strong><\/p>\n<p><img fetchpriority=\"high\" decoding=\"async\" class=\"size-full wp-image-10216\" src=\"https:\/\/www.alovey.com\/wp-content\/uploads\/2025\/03\/Luxury-black-square-lipstick-tube-with-magenetic-closure-5.jpg\" alt=\"Luxury black square lipstick tube with magenetic closure\" width=\"750\" height=\"750\" srcset=\"https:\/\/www.alovey.com\/wp-content\/uploads\/2025\/03\/Luxury-black-square-lipstick-tube-with-magenetic-closure-5.jpg 750w, https:\/\/www.alovey.com\/wp-content\/uploads\/2025\/03\/Luxury-black-square-lipstick-tube-with-magenetic-closure-5-300x300.jpg 300w, https:\/\/www.alovey.com\/wp-content\/uploads\/2025\/03\/Luxury-black-square-lipstick-tube-with-magenetic-closure-5-150x150.jpg 150w, https:\/\/www.alovey.com\/wp-content\/uploads\/2025\/03\/Luxury-black-square-lipstick-tube-with-magenetic-closure-5-600x600.jpg 600w, https:\/\/www.alovey.com\/wp-content\/uploads\/2025\/03\/Luxury-black-square-lipstick-tube-with-magenetic-closure-5-100x100.jpg 100w\" sizes=\"(max-width: 750px) 100vw, 750px\" \/><\/p>\n<p><img decoding=\"async\" class=\"size-full wp-image-10215\" src=\"https:\/\/www.alovey.com\/wp-content\/uploads\/2025\/03\/Luxury-black-square-lipstick-tube-with-magenetic-closure-4.jpg\" alt=\"Luxury black square lipstick tube with magenetic closure\" width=\"750\" height=\"750\" srcset=\"https:\/\/www.alovey.com\/wp-content\/uploads\/2025\/03\/Luxury-black-square-lipstick-tube-with-magenetic-closure-4.jpg 750w, https:\/\/www.alovey.com\/wp-content\/uploads\/2025\/03\/Luxury-black-square-lipstick-tube-with-magenetic-closure-4-300x300.jpg 300w, https:\/\/www.alovey.com\/wp-content\/uploads\/2025\/03\/Luxury-black-square-lipstick-tube-with-magenetic-closure-4-150x150.jpg 150w, https:\/\/www.alovey.com\/wp-content\/uploads\/2025\/03\/Luxury-black-square-lipstick-tube-with-magenetic-closure-4-600x600.jpg 600w, https:\/\/www.alovey.com\/wp-content\/uploads\/2025\/03\/Luxury-black-square-lipstick-tube-with-magenetic-closure-4-100x100.jpg 100w\" sizes=\"(max-width: 750px) 100vw, 750px\" \/><\/p>\n<p><img decoding=\"async\" class=\"size-full wp-image-10214\" src=\"https:\/\/www.alovey.com\/wp-content\/uploads\/2025\/03\/Luxury-black-square-lipstick-tube-with-magenetic-closure-3.jpg\" alt=\"Luxury black square lipstick tube with magenetic closure\" width=\"750\" height=\"750\" srcset=\"https:\/\/www.alovey.com\/wp-content\/uploads\/2025\/03\/Luxury-black-square-lipstick-tube-with-magenetic-closure-3.jpg 750w, https:\/\/www.alovey.com\/wp-content\/uploads\/2025\/03\/Luxury-black-square-lipstick-tube-with-magenetic-closure-3-300x300.jpg 300w, https:\/\/www.alovey.com\/wp-content\/uploads\/2025\/03\/Luxury-black-square-lipstick-tube-with-magenetic-closure-3-150x150.jpg 150w, https:\/\/www.alovey.com\/wp-content\/uploads\/2025\/03\/Luxury-black-square-lipstick-tube-with-magenetic-closure-3-600x600.jpg 600w, https:\/\/www.alovey.com\/wp-content\/uploads\/2025\/03\/Luxury-black-square-lipstick-tube-with-magenetic-closure-3-100x100.jpg 100w\" sizes=\"(max-width: 750px) 100vw, 750px\" \/><\/p>\n<p><img loading=\"lazy\" decoding=\"async\" class=\"size-full wp-image-10213\" src=\"https:\/\/www.alovey.com\/wp-content\/uploads\/2025\/03\/Luxury-black-square-lipstick-tube-with-magenetic-closure-2.jpg\" alt=\"Luxury black square lipstick tube with magenetic closure\" width=\"750\" height=\"750\" srcset=\"https:\/\/www.alovey.com\/wp-content\/uploads\/2025\/03\/Luxury-black-square-lipstick-tube-with-magenetic-closure-2.jpg 750w, https:\/\/www.alovey.com\/wp-content\/uploads\/2025\/03\/Luxury-black-square-lipstick-tube-with-magenetic-closure-2-300x300.jpg 300w, https:\/\/www.alovey.com\/wp-content\/uploads\/2025\/03\/Luxury-black-square-lipstick-tube-with-magenetic-closure-2-150x150.jpg 150w, https:\/\/www.alovey.com\/wp-content\/uploads\/2025\/03\/Luxury-black-square-lipstick-tube-with-magenetic-closure-2-600x600.jpg 600w, https:\/\/www.alovey.com\/wp-content\/uploads\/2025\/03\/Luxury-black-square-lipstick-tube-with-magenetic-closure-2-100x100.jpg 100w\" sizes=\"(max-width: 750px) 100vw, 750px\" \/><\/p>\n<p><img loading=\"lazy\" decoding=\"async\" class=\"size-full wp-image-10212\" src=\"https:\/\/www.alovey.com\/wp-content\/uploads\/2025\/03\/Luxury-black-square-lipstick-tube-with-magenetic-closure-1.jpg\" alt=\"Luxury black square lipstick tube with magenetic closure\" width=\"750\" height=\"750\" srcset=\"https:\/\/www.alovey.com\/wp-content\/uploads\/2025\/03\/Luxury-black-square-lipstick-tube-with-magenetic-closure-1.jpg 750w, https:\/\/www.alovey.com\/wp-content\/uploads\/2025\/03\/Luxury-black-square-lipstick-tube-with-magenetic-closure-1-300x300.jpg 300w, https:\/\/www.alovey.com\/wp-content\/uploads\/2025\/03\/Luxury-black-square-lipstick-tube-with-magenetic-closure-1-150x150.jpg 150w, https:\/\/www.alovey.com\/wp-content\/uploads\/2025\/03\/Luxury-black-square-lipstick-tube-with-magenetic-closure-1-600x600.jpg 600w, https:\/\/www.alovey.com\/wp-content\/uploads\/2025\/03\/Luxury-black-square-lipstick-tube-with-magenetic-closure-1-100x100.jpg 100w\" sizes=\"(max-width: 750px) 100vw, 750px\" \/><\/p>\n<p><img loading=\"lazy\" decoding=\"async\" class=\"size-full wp-image-10211\" src=\"https:\/\/www.alovey.com\/wp-content\/uploads\/2025\/03\/Luxury-black-square-lipstick-tube-with-magenetic-closure-6.jpg\" alt=\"Luxury black square lipstick tube with magenetic closure\" width=\"750\" height=\"750\" srcset=\"https:\/\/www.alovey.com\/wp-content\/uploads\/2025\/03\/Luxury-black-square-lipstick-tube-with-magenetic-closure-6.jpg 750w, https:\/\/www.alovey.com\/wp-content\/uploads\/2025\/03\/Luxury-black-square-lipstick-tube-with-magenetic-closure-6-300x300.jpg 300w, https:\/\/www.alovey.com\/wp-content\/uploads\/2025\/03\/Luxury-black-square-lipstick-tube-with-magenetic-closure-6-150x150.jpg 150w, https:\/\/www.alovey.com\/wp-content\/uploads\/2025\/03\/Luxury-black-square-lipstick-tube-with-magenetic-closure-6-600x600.jpg 600w, https:\/\/www.alovey.com\/wp-content\/uploads\/2025\/03\/Luxury-black-square-lipstick-tube-with-magenetic-closure-6-100x100.jpg 100w\" sizes=\"(max-width: 750px) 100vw, 750px\" \/><\/p>\n<p>&nbsp;<\/p>\n<p>&nbsp;<\/p>\n<p>&nbsp;<\/p>\n<p>&nbsp;<\/p>\n<p>&nbsp;<\/p>\n<p>&nbsp;<\/p>\n<p>&nbsp;<\/p>\n<p>&nbsp;<\/p>\n<p>&nbsp;<\/p>\n<p>&nbsp;<\/p>\n<p>&nbsp;<\/p>\n<p>&nbsp;<\/p>\n<p>&nbsp;<\/p>\n<p>&nbsp;<\/p>\n<p>&nbsp;<\/p>\n<p>&nbsp;<\/p>\n<p>&nbsp;<\/p>\n<p>&nbsp;<\/p>\n<p>&nbsp;<\/p>\n<p>&nbsp;<\/p>\n<p>&nbsp;<\/p>\n<p>&nbsp;<\/p>\n<p>&nbsp;<\/p>\n<p>&nbsp;<\/p>\n<p>&nbsp;<\/p>\n<p>&nbsp;<\/p>\n<p>&nbsp;<\/p>\n<p>&nbsp;<\/p>\n<p>&nbsp;<\/p>\n<p>&nbsp;<\/p>\n<p>&nbsp;<\/p>\n<p>&nbsp;<\/p>\n<p>&nbsp;<\/p>\n<p>&nbsp;<\/p>\n<p>&nbsp;<\/p>\n<p>&nbsp;<\/p>\n<p>&nbsp;<\/p>\n<p>&nbsp;<\/p>\n<p>&nbsp;<\/p>\n<p>&nbsp;<\/p>\n<p>&nbsp;<\/p>\n<p>&nbsp;<\/p>\n<p>&nbsp;<\/p>\n<p>&nbsp;<\/p>\n<p>&nbsp;<\/p>\n<p>&nbsp;<\/p>\n<p>&nbsp;<\/p>\n<p>&nbsp;<\/p>\n<p>&nbsp;<\/p>\n<p>&nbsp;<\/p>\n<p>&nbsp;<\/p>\n<p>&nbsp;<\/p>\n<p>&nbsp;<\/p>\n<p>&nbsp;<\/p>\n<p>&nbsp;<\/p>\n<p>&nbsp;<\/p>\n<p>&nbsp;<\/p>\n<p>&nbsp;<\/p>\n<p>&nbsp;<\/p>\n<p>&nbsp;<\/p>\n<p>&nbsp;<\/p>\n<p>&nbsp;<\/p>\n<p>&nbsp;<\/p>\n<p>&nbsp;<\/p>\n<p>&nbsp;<\/p>\n<p>&nbsp;<\/p>\n<p>&nbsp;<\/p>\n<p>&nbsp;<\/p>\n<p>&nbsp;<\/p>\n<p>&nbsp;<\/p>\n<p>&nbsp;<\/p>\n<p>&nbsp;<\/p>\n<p>&nbsp;<\/p>\n<p>&nbsp;<\/p>\n<p>&nbsp;<\/p>\n<p>&nbsp;<\/p>\n<p>&nbsp;<\/p>\n<p>&nbsp;<\/p>\n<p>&nbsp;<\/p>\n<p>&nbsp;<\/p>\n<p>&nbsp;<\/p>\n<p>&nbsp;<\/p>\n<p>&nbsp;<\/p>","protected":false},"excerpt":{"rendered":"<ul>\n<li>Item No: LS-0001D<\/li>\n<li>Size: D22*H76.5MM<\/li>\n<li>Mat\u00e9riau :  Plastique<\/li>\n<li>Applications : Produits de beaut\u00e9<\/li>\n<li>MOQ : 12 000 pi\u00e8ces<\/li>\n<li>Couleur : couleur personnalis\u00e9e<\/li>\n<li>Traitement de surface : Injection\/matage\/m\u00e9tallisation\/vernissage UV<\/li>\n<li>Nom de marque : OEM\/ODM<\/li>\n<li>Logo : Logo du client<\/li>\n<li>Capacit\u00e9 de production : 100 000 pi\u00e8ces par mois<\/li>\n<\/ul>","protected":false},"featured_media":10213,"template":"","meta":{"_acf_changed":false},"product_brand":[],"product_cat":[373],"product_tag":[389,435,404],"class_list":{"0":"post-10210","1":"product","2":"type-product","3":"status-publish","4":"has-post-thumbnail","6":"product_cat-professional-lipstick-tube-supplier","7":"product_tag-lip-stick-tube","8":"product_tag-magnetic-lipstick-tube","9":"product_tag-unique-cosmetic-packaging","11":"first","12":"instock","13":"shipping-taxable","14":"product-type-simple"},"acf":[],"yoast_head":"<!-- This site is optimized with the Yoast SEO plugin v24.1 - https:\/\/yoast.com\/wordpress\/plugins\/seo\/ -->\n<title>Luxury black square lipstick tube with magnetic closure<\/title>\n<meta name=\"description\" content=\"Elevate your lipstick packaging with our luxury black square lipstick tube. Featuring a sleek, modern design with a magnetic closure.\" \/>\n<meta name=\"robots\" content=\"index, follow, max-snippet:-1, max-image-preview:large, max-video-preview:-1\" \/>\n<link rel=\"canonical\" href=\"https:\/\/www.alovey.com\/fr\/produit\/luxury-black-square-lipstick-tube-with-magnetic-closure\/\" \/>\n<meta property=\"og:locale\" content=\"fr_FR\" \/>\n<meta property=\"og:type\" content=\"article\" \/>\n<meta property=\"og:title\" content=\"Luxury black square lipstick tube with magnetic closure\" \/>\n<meta property=\"og:description\" content=\"Elevate your lipstick packaging with our luxury black square lipstick tube. Featuring a sleek, modern design with a magnetic closure.\" \/>\n<meta property=\"og:url\" content=\"https:\/\/www.alovey.com\/fr\/produit\/luxury-black-square-lipstick-tube-with-magnetic-closure\/\" \/>\n<meta property=\"og:site_name\" content=\"Best Cosmetic Packaging Manufacture\" \/>\n<meta property=\"article:modified_time\" content=\"2025-03-25T07:28:38+00:00\" \/>\n<meta property=\"og:image\" content=\"https:\/\/www.alovey.com\/wp-content\/uploads\/2025\/03\/Luxury-black-square-lipstick-tube-with-magenetic-closure-2.jpg\" \/>\n\t<meta property=\"og:image:width\" content=\"750\" \/>\n\t<meta property=\"og:image:height\" content=\"750\" \/>\n\t<meta property=\"og:image:type\" content=\"image\/jpeg\" \/>\n<meta name=\"twitter:card\" content=\"summary_large_image\" \/>\n<meta name=\"twitter:label1\" content=\"Dur\u00e9e de lecture estim\u00e9e\" \/>\n\t<meta name=\"twitter:data1\" content=\"2 minutes\" \/>\n<script type=\"application\/ld+json\" class=\"yoast-schema-graph\">{\"@context\":\"https:\/\/schema.org\",\"@graph\":[{\"@type\":\"WebPage\",\"@id\":\"https:\/\/www.alovey.com\/product\/luxury-black-square-lipstick-tube-with-magnetic-closure\/\",\"url\":\"https:\/\/www.alovey.com\/product\/luxury-black-square-lipstick-tube-with-magnetic-closure\/\",\"name\":\"Luxury black square lipstick tube with magnetic closure\",\"isPartOf\":{\"@id\":\"https:\/\/www.alovey.com\/#website\"},\"primaryImageOfPage\":{\"@id\":\"https:\/\/www.alovey.com\/product\/luxury-black-square-lipstick-tube-with-magnetic-closure\/#primaryimage\"},\"image\":{\"@id\":\"https:\/\/www.alovey.com\/product\/luxury-black-square-lipstick-tube-with-magnetic-closure\/#primaryimage\"},\"thumbnailUrl\":\"https:\/\/www.alovey.com\/wp-content\/uploads\/2025\/03\/Luxury-black-square-lipstick-tube-with-magenetic-closure-2.jpg\",\"datePublished\":\"2025-03-25T07:21:49+00:00\",\"dateModified\":\"2025-03-25T07:28:38+00:00\",\"description\":\"Elevate your lipstick packaging with our luxury black square lipstick tube. Featuring a sleek, modern design with a magnetic closure.\",\"breadcrumb\":{\"@id\":\"https:\/\/www.alovey.com\/product\/luxury-black-square-lipstick-tube-with-magnetic-closure\/#breadcrumb\"},\"inLanguage\":\"fr-FR\",\"potentialAction\":[{\"@type\":\"ReadAction\",\"target\":[\"https:\/\/www.alovey.com\/product\/luxury-black-square-lipstick-tube-with-magnetic-closure\/\"]}]},{\"@type\":\"ImageObject\",\"inLanguage\":\"fr-FR\",\"@id\":\"https:\/\/www.alovey.com\/product\/luxury-black-square-lipstick-tube-with-magnetic-closure\/#primaryimage\",\"url\":\"https:\/\/www.alovey.com\/wp-content\/uploads\/2025\/03\/Luxury-black-square-lipstick-tube-with-magenetic-closure-2.jpg\",\"contentUrl\":\"https:\/\/www.alovey.com\/wp-content\/uploads\/2025\/03\/Luxury-black-square-lipstick-tube-with-magenetic-closure-2.jpg\",\"width\":750,\"height\":750,\"caption\":\"Luxury black square lipstick tube with magenetic closure\"},{\"@type\":\"BreadcrumbList\",\"@id\":\"https:\/\/www.alovey.com\/product\/luxury-black-square-lipstick-tube-with-magnetic-closure\/#breadcrumb\",\"itemListElement\":[{\"@type\":\"ListItem\",\"position\":1,\"name\":\"\u9996\u9875\",\"item\":\"https:\/\/www.alovey.com\/\"},{\"@type\":\"ListItem\",\"position\":2,\"name\":\"Products\",\"item\":\"https:\/\/www.alovey.com\/products\/\"},{\"@type\":\"ListItem\",\"position\":3,\"name\":\"Luxury black square lipstick tube with magnetic closure\"}]},{\"@type\":\"WebSite\",\"@id\":\"https:\/\/www.alovey.com\/#website\",\"url\":\"https:\/\/www.alovey.com\/\",\"name\":\"Best Cosmetic Packaging Manufacture\",\"description\":\"Alovey Cosmetic Packaging Co.,Ltd\",\"publisher\":{\"@id\":\"https:\/\/www.alovey.com\/#organization\"},\"potentialAction\":[{\"@type\":\"SearchAction\",\"target\":{\"@type\":\"EntryPoint\",\"urlTemplate\":\"https:\/\/www.alovey.com\/?s={search_term_string}\"},\"query-input\":{\"@type\":\"PropertyValueSpecification\",\"valueRequired\":true,\"valueName\":\"search_term_string\"}}],\"inLanguage\":\"fr-FR\"},{\"@type\":\"Organization\",\"@id\":\"https:\/\/www.alovey.com\/#organization\",\"name\":\"Best Cosmetic Packaging Manufacture\",\"url\":\"https:\/\/www.alovey.com\/\",\"logo\":{\"@type\":\"ImageObject\",\"inLanguage\":\"fr-FR\",\"@id\":\"https:\/\/www.alovey.com\/#\/schema\/logo\/image\/\",\"url\":\"https:\/\/www.alovey.com\/wp-content\/uploads\/2023\/03\/logo.png\",\"contentUrl\":\"https:\/\/www.alovey.com\/wp-content\/uploads\/2023\/03\/logo.png\",\"width\":505,\"height\":180,\"caption\":\"Best  Cosmetic Packaging Manufacture\"},\"image\":{\"@id\":\"https:\/\/www.alovey.com\/#\/schema\/logo\/image\/\"}}]}<\/script>\n<!-- \/ Yoast SEO plugin. -->","yoast_head_json":{"title":"Luxury black square lipstick tube with magnetic closure","description":"Elevate your lipstick packaging with our luxury black square lipstick tube. Featuring a sleek, modern design with a magnetic closure.","robots":{"index":"index","follow":"follow","max-snippet":"max-snippet:-1","max-image-preview":"max-image-preview:large","max-video-preview":"max-video-preview:-1"},"canonical":"https:\/\/www.alovey.com\/fr\/produit\/luxury-black-square-lipstick-tube-with-magnetic-closure\/","og_locale":"fr_FR","og_type":"article","og_title":"Luxury black square lipstick tube with magnetic closure","og_description":"Elevate your lipstick packaging with our luxury black square lipstick tube. Featuring a sleek, modern design with a magnetic closure.","og_url":"https:\/\/www.alovey.com\/fr\/produit\/luxury-black-square-lipstick-tube-with-magnetic-closure\/","og_site_name":"Best Cosmetic Packaging Manufacture","article_modified_time":"2025-03-25T07:28:38+00:00","og_image":[{"width":750,"height":750,"url":"https:\/\/www.alovey.com\/wp-content\/uploads\/2025\/03\/Luxury-black-square-lipstick-tube-with-magenetic-closure-2.jpg","type":"image\/jpeg"}],"twitter_card":"summary_large_image","twitter_misc":{"Dur\u00e9e de lecture estim\u00e9e":"2 minutes"},"schema":{"@context":"https:\/\/schema.org","@graph":[{"@type":"WebPage","@id":"https:\/\/www.alovey.com\/product\/luxury-black-square-lipstick-tube-with-magnetic-closure\/","url":"https:\/\/www.alovey.com\/product\/luxury-black-square-lipstick-tube-with-magnetic-closure\/","name":"Luxury black square lipstick tube with magnetic closure","isPartOf":{"@id":"https:\/\/www.alovey.com\/#website"},"primaryImageOfPage":{"@id":"https:\/\/www.alovey.com\/product\/luxury-black-square-lipstick-tube-with-magnetic-closure\/#primaryimage"},"image":{"@id":"https:\/\/www.alovey.com\/product\/luxury-black-square-lipstick-tube-with-magnetic-closure\/#primaryimage"},"thumbnailUrl":"https:\/\/www.alovey.com\/wp-content\/uploads\/2025\/03\/Luxury-black-square-lipstick-tube-with-magenetic-closure-2.jpg","datePublished":"2025-03-25T07:21:49+00:00","dateModified":"2025-03-25T07:28:38+00:00","description":"Elevate your lipstick packaging with our luxury black square lipstick tube. Featuring a sleek, modern design with a magnetic closure.","breadcrumb":{"@id":"https:\/\/www.alovey.com\/product\/luxury-black-square-lipstick-tube-with-magnetic-closure\/#breadcrumb"},"inLanguage":"fr-FR","potentialAction":[{"@type":"ReadAction","target":["https:\/\/www.alovey.com\/product\/luxury-black-square-lipstick-tube-with-magnetic-closure\/"]}]},{"@type":"ImageObject","inLanguage":"fr-FR","@id":"https:\/\/www.alovey.com\/product\/luxury-black-square-lipstick-tube-with-magnetic-closure\/#primaryimage","url":"https:\/\/www.alovey.com\/wp-content\/uploads\/2025\/03\/Luxury-black-square-lipstick-tube-with-magenetic-closure-2.jpg","contentUrl":"https:\/\/www.alovey.com\/wp-content\/uploads\/2025\/03\/Luxury-black-square-lipstick-tube-with-magenetic-closure-2.jpg","width":750,"height":750,"caption":"Luxury black square lipstick tube with magenetic closure"},{"@type":"BreadcrumbList","@id":"https:\/\/www.alovey.com\/product\/luxury-black-square-lipstick-tube-with-magnetic-closure\/#breadcrumb","itemListElement":[{"@type":"ListItem","position":1,"name":"\u9996\u9875","item":"https:\/\/www.alovey.com\/"},{"@type":"ListItem","position":2,"name":"Products","item":"https:\/\/www.alovey.com\/products\/"},{"@type":"ListItem","position":3,"name":"Luxury black square lipstick tube with magnetic closure"}]},{"@type":"WebSite","@id":"https:\/\/www.alovey.com\/#website","url":"https:\/\/www.alovey.com\/","name":"Best Cosmetic Packaging Manufacture","description":"Alovey Cosmetic Packaging Co.,Ltd","publisher":{"@id":"https:\/\/www.alovey.com\/#organization"},"potentialAction":[{"@type":"SearchAction","target":{"@type":"EntryPoint","urlTemplate":"https:\/\/www.alovey.com\/?s={search_term_string}"},"query-input":{"@type":"PropertyValueSpecification","valueRequired":true,"valueName":"search_term_string"}}],"inLanguage":"fr-FR"},{"@type":"Organization","@id":"https:\/\/www.alovey.com\/#organization","name":"Best Cosmetic Packaging Manufacture","url":"https:\/\/www.alovey.com\/","logo":{"@type":"ImageObject","inLanguage":"fr-FR","@id":"https:\/\/www.alovey.com\/#\/schema\/logo\/image\/","url":"https:\/\/www.alovey.com\/wp-content\/uploads\/2023\/03\/logo.png","contentUrl":"https:\/\/www.alovey.com\/wp-content\/uploads\/2023\/03\/logo.png","width":505,"height":180,"caption":"Best  Cosmetic Packaging Manufacture"},"image":{"@id":"https:\/\/www.alovey.com\/#\/schema\/logo\/image\/"}}]}},"_links":{"self":[{"href":"https:\/\/www.alovey.com\/fr\/wp-json\/wp\/v2\/product\/10210"}],"collection":[{"href":"https:\/\/www.alovey.com\/fr\/wp-json\/wp\/v2\/product"}],"about":[{"href":"https:\/\/www.alovey.com\/fr\/wp-json\/wp\/v2\/types\/product"}],"wp:featuredmedia":[{"embeddable":true,"href":"https:\/\/www.alovey.com\/fr\/wp-json\/wp\/v2\/media\/10213"}],"wp:attachment":[{"href":"https:\/\/www.alovey.com\/fr\/wp-json\/wp\/v2\/media?parent=10210"}],"wp:term":[{"taxonomy":"product_brand","embeddable":true,"href":"https:\/\/www.alovey.com\/fr\/wp-json\/wp\/v2\/product_brand?post=10210"},{"taxonomy":"product_cat","embeddable":true,"href":"https:\/\/www.alovey.com\/fr\/wp-json\/wp\/v2\/product_cat?post=10210"},{"taxonomy":"product_tag","embeddable":true,"href":"https:\/\/www.alovey.com\/fr\/wp-json\/wp\/v2\/product_tag?post=10210"}],"curies":[{"name":"wp","href":"https:\/\/api.w.org\/{rel}","templated":true}]}}