{"id":9353,"date":"2025-01-22T08:21:20","date_gmt":"2025-01-22T08:21:20","guid":{"rendered":"https:\/\/www.alovey.com\/?post_type=product&#038;p=9353"},"modified":"2025-01-23T03:37:57","modified_gmt":"2025-01-23T03:37:57","slug":"clear-lip-gloss-tube-with-clear-wand-and-double-wall","status":"publish","type":"product","link":"https:\/\/www.alovey.com\/es\/producto\/clear-lip-gloss-tube-with-clear-wand-and-double-wall\/","title":{"rendered":"Tubo transparente de brillo de labios con varilla transparente y doble pared"},"content":{"rendered":"<p><strong>This clear lip gloss tube with clear wand and double wall \u00a0\u00a0is perfect for lip gloss, liquid shimmer and liquid oil or mousse eyeshadow formulas. The whole cosmetic tube in clear design easy to check the volume inside and color.<\/strong><\/p>\n<p><strong>Alovey, como fabricante profesional chino de envases para cosm\u00e9ticos, produce una exquisita gama de envases personalizados para cosm\u00e9ticos, meticulosamente elaborados para elevar su marca. Nuestra variada selecci\u00f3n de materiales de primera calidad, combinada con delicadas t\u00e9cnicas de acabado superficial como la serigraf\u00eda, la estampaci\u00f3n en caliente y la pulverizaci\u00f3n mate, garantiza que cada envase sea una obra maestra \u00fanica.<\/strong><\/p>\n<p><img fetchpriority=\"high\" decoding=\"async\" class=\"size-full wp-image-9356\" src=\"https:\/\/www.alovey.com\/wp-content\/uploads\/2025\/01\/Clear-lip-gloss-tube-with-clear-wand-and-double-wall-2.jpg\" alt=\"Clear lip gloss tube with clear wand and double wall\" width=\"750\" height=\"750\" srcset=\"https:\/\/www.alovey.com\/wp-content\/uploads\/2025\/01\/Clear-lip-gloss-tube-with-clear-wand-and-double-wall-2.jpg 750w, https:\/\/www.alovey.com\/wp-content\/uploads\/2025\/01\/Clear-lip-gloss-tube-with-clear-wand-and-double-wall-2-300x300.jpg 300w, https:\/\/www.alovey.com\/wp-content\/uploads\/2025\/01\/Clear-lip-gloss-tube-with-clear-wand-and-double-wall-2-150x150.jpg 150w, https:\/\/www.alovey.com\/wp-content\/uploads\/2025\/01\/Clear-lip-gloss-tube-with-clear-wand-and-double-wall-2-600x600.jpg 600w, https:\/\/www.alovey.com\/wp-content\/uploads\/2025\/01\/Clear-lip-gloss-tube-with-clear-wand-and-double-wall-2-100x100.jpg 100w\" sizes=\"(max-width: 750px) 100vw, 750px\" \/><\/p>\n<p><img decoding=\"async\" class=\"size-full wp-image-9357\" src=\"https:\/\/www.alovey.com\/wp-content\/uploads\/2025\/01\/Clear-lip-gloss-tube-with-clear-wand-and-double-wall-3.jpg\" alt=\"Clear lip gloss tube with clear wand and double wall\" width=\"750\" height=\"750\" srcset=\"https:\/\/www.alovey.com\/wp-content\/uploads\/2025\/01\/Clear-lip-gloss-tube-with-clear-wand-and-double-wall-3.jpg 750w, https:\/\/www.alovey.com\/wp-content\/uploads\/2025\/01\/Clear-lip-gloss-tube-with-clear-wand-and-double-wall-3-300x300.jpg 300w, https:\/\/www.alovey.com\/wp-content\/uploads\/2025\/01\/Clear-lip-gloss-tube-with-clear-wand-and-double-wall-3-150x150.jpg 150w, https:\/\/www.alovey.com\/wp-content\/uploads\/2025\/01\/Clear-lip-gloss-tube-with-clear-wand-and-double-wall-3-600x600.jpg 600w, https:\/\/www.alovey.com\/wp-content\/uploads\/2025\/01\/Clear-lip-gloss-tube-with-clear-wand-and-double-wall-3-100x100.jpg 100w\" sizes=\"(max-width: 750px) 100vw, 750px\" \/><\/p>\n<p><img decoding=\"async\" class=\"size-full wp-image-9358\" src=\"https:\/\/www.alovey.com\/wp-content\/uploads\/2025\/01\/Clear-lip-gloss-tube-with-clear-wand-and-double-wall-4.jpg\" alt=\"Clear lip gloss tube with clear wand and double wall\" width=\"750\" height=\"750\" srcset=\"https:\/\/www.alovey.com\/wp-content\/uploads\/2025\/01\/Clear-lip-gloss-tube-with-clear-wand-and-double-wall-4.jpg 750w, https:\/\/www.alovey.com\/wp-content\/uploads\/2025\/01\/Clear-lip-gloss-tube-with-clear-wand-and-double-wall-4-300x300.jpg 300w, https:\/\/www.alovey.com\/wp-content\/uploads\/2025\/01\/Clear-lip-gloss-tube-with-clear-wand-and-double-wall-4-150x150.jpg 150w, https:\/\/www.alovey.com\/wp-content\/uploads\/2025\/01\/Clear-lip-gloss-tube-with-clear-wand-and-double-wall-4-600x600.jpg 600w, https:\/\/www.alovey.com\/wp-content\/uploads\/2025\/01\/Clear-lip-gloss-tube-with-clear-wand-and-double-wall-4-100x100.jpg 100w\" sizes=\"(max-width: 750px) 100vw, 750px\" \/><\/p>\n<p><img loading=\"lazy\" decoding=\"async\" class=\"size-full wp-image-9359\" src=\"https:\/\/www.alovey.com\/wp-content\/uploads\/2025\/01\/Clear-lip-gloss-tube-with-clear-wand-and-double-wall-5.jpg\" alt=\"Clear lip gloss tube with clear wand and double wall\" width=\"750\" height=\"750\" srcset=\"https:\/\/www.alovey.com\/wp-content\/uploads\/2025\/01\/Clear-lip-gloss-tube-with-clear-wand-and-double-wall-5.jpg 750w, https:\/\/www.alovey.com\/wp-content\/uploads\/2025\/01\/Clear-lip-gloss-tube-with-clear-wand-and-double-wall-5-300x300.jpg 300w, https:\/\/www.alovey.com\/wp-content\/uploads\/2025\/01\/Clear-lip-gloss-tube-with-clear-wand-and-double-wall-5-150x150.jpg 150w, https:\/\/www.alovey.com\/wp-content\/uploads\/2025\/01\/Clear-lip-gloss-tube-with-clear-wand-and-double-wall-5-600x600.jpg 600w, https:\/\/www.alovey.com\/wp-content\/uploads\/2025\/01\/Clear-lip-gloss-tube-with-clear-wand-and-double-wall-5-100x100.jpg 100w\" sizes=\"(max-width: 750px) 100vw, 750px\" \/><\/p>\n<p><img loading=\"lazy\" decoding=\"async\" class=\"size-full wp-image-9361\" src=\"https:\/\/www.alovey.com\/wp-content\/uploads\/2025\/01\/Clear-lip-gloss-tube-with-clear-wand-and-double-wall-8.jpg\" alt=\"Clear lip gloss tube with clear wand and double wall\" width=\"800\" height=\"800\" srcset=\"https:\/\/www.alovey.com\/wp-content\/uploads\/2025\/01\/Clear-lip-gloss-tube-with-clear-wand-and-double-wall-8.jpg 800w, https:\/\/www.alovey.com\/wp-content\/uploads\/2025\/01\/Clear-lip-gloss-tube-with-clear-wand-and-double-wall-8-300x300.jpg 300w, https:\/\/www.alovey.com\/wp-content\/uploads\/2025\/01\/Clear-lip-gloss-tube-with-clear-wand-and-double-wall-8-150x150.jpg 150w, https:\/\/www.alovey.com\/wp-content\/uploads\/2025\/01\/Clear-lip-gloss-tube-with-clear-wand-and-double-wall-8-768x768.jpg 768w, https:\/\/www.alovey.com\/wp-content\/uploads\/2025\/01\/Clear-lip-gloss-tube-with-clear-wand-and-double-wall-8-600x600.jpg 600w, https:\/\/www.alovey.com\/wp-content\/uploads\/2025\/01\/Clear-lip-gloss-tube-with-clear-wand-and-double-wall-8-100x100.jpg 100w\" sizes=\"(max-width: 800px) 100vw, 800px\" \/><\/p>\n<p><img loading=\"lazy\" decoding=\"async\" class=\"size-full wp-image-9354\" src=\"https:\/\/www.alovey.com\/wp-content\/uploads\/2025\/01\/Clear-lip-gloss-tube-with-clear-wand-and-double-wall-6.jpg\" alt=\"Clear lip gloss tube with clear wand and double wall\" width=\"630\" height=\"630\" srcset=\"https:\/\/www.alovey.com\/wp-content\/uploads\/2025\/01\/Clear-lip-gloss-tube-with-clear-wand-and-double-wall-6.jpg 630w, https:\/\/www.alovey.com\/wp-content\/uploads\/2025\/01\/Clear-lip-gloss-tube-with-clear-wand-and-double-wall-6-300x300.jpg 300w, https:\/\/www.alovey.com\/wp-content\/uploads\/2025\/01\/Clear-lip-gloss-tube-with-clear-wand-and-double-wall-6-150x150.jpg 150w, https:\/\/www.alovey.com\/wp-content\/uploads\/2025\/01\/Clear-lip-gloss-tube-with-clear-wand-and-double-wall-6-600x600.jpg 600w, https:\/\/www.alovey.com\/wp-content\/uploads\/2025\/01\/Clear-lip-gloss-tube-with-clear-wand-and-double-wall-6-100x100.jpg 100w\" sizes=\"(max-width: 630px) 100vw, 630px\" \/><\/p>\n<p>&nbsp;<\/p>\n<p>&nbsp;<\/p>\n<p>&nbsp;<\/p>\n<p>&nbsp;<\/p>\n<p>&nbsp;<\/p>\n<p>&nbsp;<\/p>\n<p>&nbsp;<\/p>\n<p>&nbsp;<\/p>\n<p>&nbsp;<\/p>\n<p>&nbsp;<\/p>\n<p>&nbsp;<\/p>\n<p>&nbsp;<\/p>\n<p>&nbsp;<\/p>\n<p>&nbsp;<\/p>\n<p>&nbsp;<\/p>\n<p>&nbsp;<\/p>\n<p>&nbsp;<\/p>\n<p>&nbsp;<\/p>\n<p>&nbsp;<\/p>\n<p>&nbsp;<\/p>\n<p>&nbsp;<\/p>\n<p>&nbsp;<\/p>\n<p>&nbsp;<\/p>\n<p>&nbsp;<\/p>\n<p>&nbsp;<\/p>\n<p>&nbsp;<\/p>\n<p>&nbsp;<\/p>\n<p>&nbsp;<\/p>\n<p>&nbsp;<\/p>\n<p>&nbsp;<\/p>\n<p>&nbsp;<\/p>\n<p>&nbsp;<\/p>\n<p>&nbsp;<\/p>\n<p>&nbsp;<\/p>\n<p>&nbsp;<\/p>","protected":false},"excerpt":{"rendered":"<ul>\n<li>Item No: LG-0513A<\/li>\n<li>Material:  Pl\u00e1stico<\/li>\n<li>Capacidad: 3 ml<\/li>\n<li>Size:\u00a0D20*H73 MM<\/li>\n<li>Aplicaciones: Productos de belleza<\/li>\n<li>MOQ: 12.000 piezas<\/li>\n<li>Color: Color personalizado<\/li>\n<li>Tratamiento superficial: Inyecci\u00f3n\/Mate\/Metalizado\/Recubrimiento UV<\/li>\n<li>Nombre de marca: OEM\/ODM<\/li>\n<li>Logotipo: Logotipo del cliente<\/li>\n<li>Capacidad de suministro: 100.000 piezas al mes<\/li>\n<\/ul>","protected":false},"featured_media":9361,"template":"","meta":{"_acf_changed":false},"product_brand":[],"product_cat":[372],"product_tag":[388],"class_list":{"0":"post-9353","1":"product","2":"type-product","3":"status-publish","4":"has-post-thumbnail","6":"product_cat-lipgloss-tube","7":"product_tag-lip-gloss-tube","9":"first","10":"instock","11":"shipping-taxable","12":"product-type-simple"},"acf":[],"yoast_head":"<!-- This site is optimized with the Yoast SEO plugin v24.1 - https:\/\/yoast.com\/wordpress\/plugins\/seo\/ -->\n<title>Clear lip gloss tube with clear wand and double wall 3ml<\/title>\n<meta name=\"description\" content=\"This clear lip gloss tube with clear wand and double wall AS 3ml is perfect for lip gloss, liquid shimmer and liquid oil or mousse eyeshadow formulas.\" \/>\n<meta name=\"robots\" content=\"index, follow, max-snippet:-1, max-image-preview:large, max-video-preview:-1\" \/>\n<link rel=\"canonical\" href=\"https:\/\/www.alovey.com\/es\/producto\/clear-lip-gloss-tube-with-clear-wand-and-double-wall\/\" \/>\n<meta property=\"og:locale\" content=\"es_ES\" \/>\n<meta property=\"og:type\" content=\"article\" \/>\n<meta property=\"og:title\" content=\"Clear lip gloss tube with clear wand and double wall 3ml\" \/>\n<meta property=\"og:description\" content=\"This clear lip gloss tube with clear wand and double wall AS 3ml is perfect for lip gloss, liquid shimmer and liquid oil or mousse eyeshadow formulas.\" \/>\n<meta property=\"og:url\" content=\"https:\/\/www.alovey.com\/es\/producto\/clear-lip-gloss-tube-with-clear-wand-and-double-wall\/\" \/>\n<meta property=\"og:site_name\" content=\"Best Cosmetic Packaging Manufacture\" \/>\n<meta property=\"article:modified_time\" content=\"2025-01-23T03:37:57+00:00\" \/>\n<meta property=\"og:image\" content=\"https:\/\/www.alovey.com\/wp-content\/uploads\/2025\/01\/Clear-lip-gloss-tube-with-clear-wand-and-double-wall-8.jpg\" \/>\n\t<meta property=\"og:image:width\" content=\"800\" \/>\n\t<meta property=\"og:image:height\" content=\"800\" \/>\n\t<meta property=\"og:image:type\" content=\"image\/jpeg\" \/>\n<meta name=\"twitter:card\" content=\"summary_large_image\" \/>\n<meta name=\"twitter:label1\" content=\"Tiempo de lectura\" \/>\n\t<meta name=\"twitter:data1\" content=\"2 minutos\" \/>\n<script type=\"application\/ld+json\" class=\"yoast-schema-graph\">{\"@context\":\"https:\/\/schema.org\",\"@graph\":[{\"@type\":\"WebPage\",\"@id\":\"https:\/\/www.alovey.com\/product\/clear-lip-gloss-tube-with-clear-wand-and-double-wall\/\",\"url\":\"https:\/\/www.alovey.com\/product\/clear-lip-gloss-tube-with-clear-wand-and-double-wall\/\",\"name\":\"Clear lip gloss tube with clear wand and double wall 3ml\",\"isPartOf\":{\"@id\":\"https:\/\/www.alovey.com\/#website\"},\"primaryImageOfPage\":{\"@id\":\"https:\/\/www.alovey.com\/product\/clear-lip-gloss-tube-with-clear-wand-and-double-wall\/#primaryimage\"},\"image\":{\"@id\":\"https:\/\/www.alovey.com\/product\/clear-lip-gloss-tube-with-clear-wand-and-double-wall\/#primaryimage\"},\"thumbnailUrl\":\"https:\/\/www.alovey.com\/wp-content\/uploads\/2025\/01\/Clear-lip-gloss-tube-with-clear-wand-and-double-wall-8.jpg\",\"datePublished\":\"2025-01-22T08:21:20+00:00\",\"dateModified\":\"2025-01-23T03:37:57+00:00\",\"description\":\"This clear lip gloss tube with clear wand and double wall AS 3ml is perfect for lip gloss, liquid shimmer and liquid oil or mousse eyeshadow formulas.\",\"breadcrumb\":{\"@id\":\"https:\/\/www.alovey.com\/product\/clear-lip-gloss-tube-with-clear-wand-and-double-wall\/#breadcrumb\"},\"inLanguage\":\"es\",\"potentialAction\":[{\"@type\":\"ReadAction\",\"target\":[\"https:\/\/www.alovey.com\/product\/clear-lip-gloss-tube-with-clear-wand-and-double-wall\/\"]}]},{\"@type\":\"ImageObject\",\"inLanguage\":\"es\",\"@id\":\"https:\/\/www.alovey.com\/product\/clear-lip-gloss-tube-with-clear-wand-and-double-wall\/#primaryimage\",\"url\":\"https:\/\/www.alovey.com\/wp-content\/uploads\/2025\/01\/Clear-lip-gloss-tube-with-clear-wand-and-double-wall-8.jpg\",\"contentUrl\":\"https:\/\/www.alovey.com\/wp-content\/uploads\/2025\/01\/Clear-lip-gloss-tube-with-clear-wand-and-double-wall-8.jpg\",\"width\":800,\"height\":800,\"caption\":\"Clear lip gloss tube with clear wand and double wall\"},{\"@type\":\"BreadcrumbList\",\"@id\":\"https:\/\/www.alovey.com\/product\/clear-lip-gloss-tube-with-clear-wand-and-double-wall\/#breadcrumb\",\"itemListElement\":[{\"@type\":\"ListItem\",\"position\":1,\"name\":\"\u9996\u9875\",\"item\":\"https:\/\/www.alovey.com\/\"},{\"@type\":\"ListItem\",\"position\":2,\"name\":\"Products\",\"item\":\"https:\/\/www.alovey.com\/products\/\"},{\"@type\":\"ListItem\",\"position\":3,\"name\":\"Clear lip gloss tube with clear wand and double wall\"}]},{\"@type\":\"WebSite\",\"@id\":\"https:\/\/www.alovey.com\/#website\",\"url\":\"https:\/\/www.alovey.com\/\",\"name\":\"Best Cosmetic Packaging Manufacture\",\"description\":\"Alovey Cosmetic Packaging Co.,Ltd\",\"publisher\":{\"@id\":\"https:\/\/www.alovey.com\/#organization\"},\"potentialAction\":[{\"@type\":\"SearchAction\",\"target\":{\"@type\":\"EntryPoint\",\"urlTemplate\":\"https:\/\/www.alovey.com\/?s={search_term_string}\"},\"query-input\":{\"@type\":\"PropertyValueSpecification\",\"valueRequired\":true,\"valueName\":\"search_term_string\"}}],\"inLanguage\":\"es\"},{\"@type\":\"Organization\",\"@id\":\"https:\/\/www.alovey.com\/#organization\",\"name\":\"Best Cosmetic Packaging Manufacture\",\"url\":\"https:\/\/www.alovey.com\/\",\"logo\":{\"@type\":\"ImageObject\",\"inLanguage\":\"es\",\"@id\":\"https:\/\/www.alovey.com\/#\/schema\/logo\/image\/\",\"url\":\"https:\/\/www.alovey.com\/wp-content\/uploads\/2023\/03\/logo.png\",\"contentUrl\":\"https:\/\/www.alovey.com\/wp-content\/uploads\/2023\/03\/logo.png\",\"width\":505,\"height\":180,\"caption\":\"Best  Cosmetic Packaging Manufacture\"},\"image\":{\"@id\":\"https:\/\/www.alovey.com\/#\/schema\/logo\/image\/\"}}]}<\/script>\n<!-- \/ Yoast SEO plugin. -->","yoast_head_json":{"title":"Clear lip gloss tube with clear wand and double wall 3ml","description":"This clear lip gloss tube with clear wand and double wall AS 3ml is perfect for lip gloss, liquid shimmer and liquid oil or mousse eyeshadow formulas.","robots":{"index":"index","follow":"follow","max-snippet":"max-snippet:-1","max-image-preview":"max-image-preview:large","max-video-preview":"max-video-preview:-1"},"canonical":"https:\/\/www.alovey.com\/es\/producto\/clear-lip-gloss-tube-with-clear-wand-and-double-wall\/","og_locale":"es_ES","og_type":"article","og_title":"Clear lip gloss tube with clear wand and double wall 3ml","og_description":"This clear lip gloss tube with clear wand and double wall AS 3ml is perfect for lip gloss, liquid shimmer and liquid oil or mousse eyeshadow formulas.","og_url":"https:\/\/www.alovey.com\/es\/producto\/clear-lip-gloss-tube-with-clear-wand-and-double-wall\/","og_site_name":"Best Cosmetic Packaging Manufacture","article_modified_time":"2025-01-23T03:37:57+00:00","og_image":[{"width":800,"height":800,"url":"https:\/\/www.alovey.com\/wp-content\/uploads\/2025\/01\/Clear-lip-gloss-tube-with-clear-wand-and-double-wall-8.jpg","type":"image\/jpeg"}],"twitter_card":"summary_large_image","twitter_misc":{"Tiempo de lectura":"2 minutos"},"schema":{"@context":"https:\/\/schema.org","@graph":[{"@type":"WebPage","@id":"https:\/\/www.alovey.com\/product\/clear-lip-gloss-tube-with-clear-wand-and-double-wall\/","url":"https:\/\/www.alovey.com\/product\/clear-lip-gloss-tube-with-clear-wand-and-double-wall\/","name":"Clear lip gloss tube with clear wand and double wall 3ml","isPartOf":{"@id":"https:\/\/www.alovey.com\/#website"},"primaryImageOfPage":{"@id":"https:\/\/www.alovey.com\/product\/clear-lip-gloss-tube-with-clear-wand-and-double-wall\/#primaryimage"},"image":{"@id":"https:\/\/www.alovey.com\/product\/clear-lip-gloss-tube-with-clear-wand-and-double-wall\/#primaryimage"},"thumbnailUrl":"https:\/\/www.alovey.com\/wp-content\/uploads\/2025\/01\/Clear-lip-gloss-tube-with-clear-wand-and-double-wall-8.jpg","datePublished":"2025-01-22T08:21:20+00:00","dateModified":"2025-01-23T03:37:57+00:00","description":"This clear lip gloss tube with clear wand and double wall AS 3ml is perfect for lip gloss, liquid shimmer and liquid oil or mousse eyeshadow formulas.","breadcrumb":{"@id":"https:\/\/www.alovey.com\/product\/clear-lip-gloss-tube-with-clear-wand-and-double-wall\/#breadcrumb"},"inLanguage":"es","potentialAction":[{"@type":"ReadAction","target":["https:\/\/www.alovey.com\/product\/clear-lip-gloss-tube-with-clear-wand-and-double-wall\/"]}]},{"@type":"ImageObject","inLanguage":"es","@id":"https:\/\/www.alovey.com\/product\/clear-lip-gloss-tube-with-clear-wand-and-double-wall\/#primaryimage","url":"https:\/\/www.alovey.com\/wp-content\/uploads\/2025\/01\/Clear-lip-gloss-tube-with-clear-wand-and-double-wall-8.jpg","contentUrl":"https:\/\/www.alovey.com\/wp-content\/uploads\/2025\/01\/Clear-lip-gloss-tube-with-clear-wand-and-double-wall-8.jpg","width":800,"height":800,"caption":"Clear lip gloss tube with clear wand and double wall"},{"@type":"BreadcrumbList","@id":"https:\/\/www.alovey.com\/product\/clear-lip-gloss-tube-with-clear-wand-and-double-wall\/#breadcrumb","itemListElement":[{"@type":"ListItem","position":1,"name":"\u9996\u9875","item":"https:\/\/www.alovey.com\/"},{"@type":"ListItem","position":2,"name":"Products","item":"https:\/\/www.alovey.com\/products\/"},{"@type":"ListItem","position":3,"name":"Clear lip gloss tube with clear wand and double wall"}]},{"@type":"WebSite","@id":"https:\/\/www.alovey.com\/#website","url":"https:\/\/www.alovey.com\/","name":"Best Cosmetic Packaging Manufacture","description":"Alovey Cosmetic Packaging S.L.","publisher":{"@id":"https:\/\/www.alovey.com\/#organization"},"potentialAction":[{"@type":"SearchAction","target":{"@type":"EntryPoint","urlTemplate":"https:\/\/www.alovey.com\/?s={search_term_string}"},"query-input":{"@type":"PropertyValueSpecification","valueRequired":true,"valueName":"search_term_string"}}],"inLanguage":"es"},{"@type":"Organization","@id":"https:\/\/www.alovey.com\/#organization","name":"Best Cosmetic Packaging Manufacture","url":"https:\/\/www.alovey.com\/","logo":{"@type":"ImageObject","inLanguage":"es","@id":"https:\/\/www.alovey.com\/#\/schema\/logo\/image\/","url":"https:\/\/www.alovey.com\/wp-content\/uploads\/2023\/03\/logo.png","contentUrl":"https:\/\/www.alovey.com\/wp-content\/uploads\/2023\/03\/logo.png","width":505,"height":180,"caption":"Best  Cosmetic Packaging Manufacture"},"image":{"@id":"https:\/\/www.alovey.com\/#\/schema\/logo\/image\/"}}]}},"_links":{"self":[{"href":"https:\/\/www.alovey.com\/es\/wp-json\/wp\/v2\/product\/9353"}],"collection":[{"href":"https:\/\/www.alovey.com\/es\/wp-json\/wp\/v2\/product"}],"about":[{"href":"https:\/\/www.alovey.com\/es\/wp-json\/wp\/v2\/types\/product"}],"wp:featuredmedia":[{"embeddable":true,"href":"https:\/\/www.alovey.com\/es\/wp-json\/wp\/v2\/media\/9361"}],"wp:attachment":[{"href":"https:\/\/www.alovey.com\/es\/wp-json\/wp\/v2\/media?parent=9353"}],"wp:term":[{"taxonomy":"product_brand","embeddable":true,"href":"https:\/\/www.alovey.com\/es\/wp-json\/wp\/v2\/product_brand?post=9353"},{"taxonomy":"product_cat","embeddable":true,"href":"https:\/\/www.alovey.com\/es\/wp-json\/wp\/v2\/product_cat?post=9353"},{"taxonomy":"product_tag","embeddable":true,"href":"https:\/\/www.alovey.com\/es\/wp-json\/wp\/v2\/product_tag?post=9353"}],"curies":[{"name":"wp","href":"https:\/\/api.w.org\/{rel}","templated":true}]}}