{"id":9283,"date":"2025-01-07T02:10:25","date_gmt":"2025-01-07T02:10:25","guid":{"rendered":"https:\/\/www.alovey.com\/?post_type=product&#038;p=9283"},"modified":"2025-01-07T02:38:01","modified_gmt":"2025-01-07T02:38:01","slug":"wholesale-compact-powder-case-with-mirror-and-apple-shape","status":"publish","type":"product","link":"https:\/\/www.alovey.com\/es\/producto\/wholesale-compact-powder-case-with-mirror-and-apple-shape\/","title":{"rendered":"Mayorista polvera compacta con espejo y forma de manzana"},"content":{"rendered":"<p><strong>We\u00a0wholesale compact powder case with mirror\u00a0and apple shape \u00a0for wet (solid-creamy) &amp; dry (pressed powders) foundations &amp; blush. \u00a0It includes two compartments (for makeup powder and sponge) and a mirror on the underside of the flap.<\/strong><\/p>\n<p><strong>Alovey, como fabricante profesional chino de envases para cosm\u00e9ticos, produce una exquisita gama de envases personalizados para cosm\u00e9ticos, meticulosamente elaborados para elevar su marca. Nuestra variada selecci\u00f3n de materiales de primera calidad, combinada con delicadas t\u00e9cnicas de acabado superficial como la serigraf\u00eda, la estampaci\u00f3n en caliente y la pulverizaci\u00f3n mate, garantiza que cada envase sea una obra maestra \u00fanica.<\/strong><\/p>\n<p>&nbsp;<\/p>\n<p><img fetchpriority=\"high\" decoding=\"async\" class=\"size-full wp-image-9286\" src=\"https:\/\/www.alovey.com\/wp-content\/uploads\/2025\/01\/Wholesale-compact-powder-case-with-mirror-and-apple-shape-2.jpg\" alt=\"Wholesale compact powder case with mirror and apple shape\" width=\"750\" height=\"750\" srcset=\"https:\/\/www.alovey.com\/wp-content\/uploads\/2025\/01\/Wholesale-compact-powder-case-with-mirror-and-apple-shape-2.jpg 750w, https:\/\/www.alovey.com\/wp-content\/uploads\/2025\/01\/Wholesale-compact-powder-case-with-mirror-and-apple-shape-2-300x300.jpg 300w, https:\/\/www.alovey.com\/wp-content\/uploads\/2025\/01\/Wholesale-compact-powder-case-with-mirror-and-apple-shape-2-150x150.jpg 150w, https:\/\/www.alovey.com\/wp-content\/uploads\/2025\/01\/Wholesale-compact-powder-case-with-mirror-and-apple-shape-2-600x600.jpg 600w, https:\/\/www.alovey.com\/wp-content\/uploads\/2025\/01\/Wholesale-compact-powder-case-with-mirror-and-apple-shape-2-100x100.jpg 100w\" sizes=\"(max-width: 750px) 100vw, 750px\" \/><\/p>\n<p><img decoding=\"async\" class=\"size-full wp-image-9287\" src=\"https:\/\/www.alovey.com\/wp-content\/uploads\/2025\/01\/Wholesale-compact-powder-case-with-mirror-and-apple-shape-3.jpg\" alt=\"Wholesale compact powder case with mirror and apple shape\" width=\"750\" height=\"750\" srcset=\"https:\/\/www.alovey.com\/wp-content\/uploads\/2025\/01\/Wholesale-compact-powder-case-with-mirror-and-apple-shape-3.jpg 750w, https:\/\/www.alovey.com\/wp-content\/uploads\/2025\/01\/Wholesale-compact-powder-case-with-mirror-and-apple-shape-3-300x300.jpg 300w, https:\/\/www.alovey.com\/wp-content\/uploads\/2025\/01\/Wholesale-compact-powder-case-with-mirror-and-apple-shape-3-150x150.jpg 150w, https:\/\/www.alovey.com\/wp-content\/uploads\/2025\/01\/Wholesale-compact-powder-case-with-mirror-and-apple-shape-3-600x600.jpg 600w, https:\/\/www.alovey.com\/wp-content\/uploads\/2025\/01\/Wholesale-compact-powder-case-with-mirror-and-apple-shape-3-100x100.jpg 100w\" sizes=\"(max-width: 750px) 100vw, 750px\" \/><\/p>\n<p><img decoding=\"async\" class=\"size-full wp-image-9288\" src=\"https:\/\/www.alovey.com\/wp-content\/uploads\/2025\/01\/Wholesale-compact-powder-case-with-mirror-and-apple-shape-4.jpg\" alt=\"Wholesale compact powder case with mirror and apple shape\" width=\"750\" height=\"750\" srcset=\"https:\/\/www.alovey.com\/wp-content\/uploads\/2025\/01\/Wholesale-compact-powder-case-with-mirror-and-apple-shape-4.jpg 750w, https:\/\/www.alovey.com\/wp-content\/uploads\/2025\/01\/Wholesale-compact-powder-case-with-mirror-and-apple-shape-4-300x300.jpg 300w, https:\/\/www.alovey.com\/wp-content\/uploads\/2025\/01\/Wholesale-compact-powder-case-with-mirror-and-apple-shape-4-150x150.jpg 150w, https:\/\/www.alovey.com\/wp-content\/uploads\/2025\/01\/Wholesale-compact-powder-case-with-mirror-and-apple-shape-4-600x600.jpg 600w, https:\/\/www.alovey.com\/wp-content\/uploads\/2025\/01\/Wholesale-compact-powder-case-with-mirror-and-apple-shape-4-100x100.jpg 100w\" sizes=\"(max-width: 750px) 100vw, 750px\" \/><\/p>\n<p><img loading=\"lazy\" decoding=\"async\" class=\"alignnone size-full wp-image-9289\" src=\"https:\/\/www.alovey.com\/wp-content\/uploads\/2025\/01\/Wholesale-compact-powder-case-with-mirror-and-apple-shape-5.jpg\" alt=\"Wholesale compact powder case with mirror and apple shape\" width=\"750\" height=\"750\" srcset=\"https:\/\/www.alovey.com\/wp-content\/uploads\/2025\/01\/Wholesale-compact-powder-case-with-mirror-and-apple-shape-5.jpg 750w, https:\/\/www.alovey.com\/wp-content\/uploads\/2025\/01\/Wholesale-compact-powder-case-with-mirror-and-apple-shape-5-300x300.jpg 300w, https:\/\/www.alovey.com\/wp-content\/uploads\/2025\/01\/Wholesale-compact-powder-case-with-mirror-and-apple-shape-5-150x150.jpg 150w, https:\/\/www.alovey.com\/wp-content\/uploads\/2025\/01\/Wholesale-compact-powder-case-with-mirror-and-apple-shape-5-600x600.jpg 600w, https:\/\/www.alovey.com\/wp-content\/uploads\/2025\/01\/Wholesale-compact-powder-case-with-mirror-and-apple-shape-5-100x100.jpg 100w\" sizes=\"(max-width: 750px) 100vw, 750px\" \/><\/p>\n<p><img loading=\"lazy\" decoding=\"async\" class=\"size-full wp-image-9285\" src=\"https:\/\/www.alovey.com\/wp-content\/uploads\/2025\/01\/Wholesale-compact-powder-case-with-mirror-and-apple-shape-1.jpg\" alt=\"Wholesale compact powder case with mirror and apple shape\" width=\"750\" height=\"750\" srcset=\"https:\/\/www.alovey.com\/wp-content\/uploads\/2025\/01\/Wholesale-compact-powder-case-with-mirror-and-apple-shape-1.jpg 750w, https:\/\/www.alovey.com\/wp-content\/uploads\/2025\/01\/Wholesale-compact-powder-case-with-mirror-and-apple-shape-1-300x300.jpg 300w, https:\/\/www.alovey.com\/wp-content\/uploads\/2025\/01\/Wholesale-compact-powder-case-with-mirror-and-apple-shape-1-150x150.jpg 150w, https:\/\/www.alovey.com\/wp-content\/uploads\/2025\/01\/Wholesale-compact-powder-case-with-mirror-and-apple-shape-1-600x600.jpg 600w, https:\/\/www.alovey.com\/wp-content\/uploads\/2025\/01\/Wholesale-compact-powder-case-with-mirror-and-apple-shape-1-100x100.jpg 100w\" sizes=\"(max-width: 750px) 100vw, 750px\" \/><\/p>\n<p><img loading=\"lazy\" decoding=\"async\" class=\"size-full wp-image-9284\" src=\"https:\/\/www.alovey.com\/wp-content\/uploads\/2025\/01\/Wholesale-compact-powder-case-with-mirror-and-apple-shape-6.jpg\" alt=\"Wholesale compact powder case with mirror and apple shape\" width=\"750\" height=\"750\" srcset=\"https:\/\/www.alovey.com\/wp-content\/uploads\/2025\/01\/Wholesale-compact-powder-case-with-mirror-and-apple-shape-6.jpg 750w, https:\/\/www.alovey.com\/wp-content\/uploads\/2025\/01\/Wholesale-compact-powder-case-with-mirror-and-apple-shape-6-300x300.jpg 300w, https:\/\/www.alovey.com\/wp-content\/uploads\/2025\/01\/Wholesale-compact-powder-case-with-mirror-and-apple-shape-6-150x150.jpg 150w, https:\/\/www.alovey.com\/wp-content\/uploads\/2025\/01\/Wholesale-compact-powder-case-with-mirror-and-apple-shape-6-600x600.jpg 600w, https:\/\/www.alovey.com\/wp-content\/uploads\/2025\/01\/Wholesale-compact-powder-case-with-mirror-and-apple-shape-6-100x100.jpg 100w\" sizes=\"(max-width: 750px) 100vw, 750px\" \/><\/p>\n<p>&nbsp;<\/p>\n<p>&nbsp;<\/p>\n<p>&nbsp;<\/p>\n<p>&nbsp;<\/p>\n<p>&nbsp;<\/p>\n<p>&nbsp;<\/p>\n<p>&nbsp;<\/p>\n<p>&nbsp;<\/p>\n<p>&nbsp;<\/p>\n<p>&nbsp;<\/p>\n<p>&nbsp;<\/p>\n<p>&nbsp;<\/p>\n<p>&nbsp;<\/p>\n<p>&nbsp;<\/p>\n<p>&nbsp;<\/p>\n<p>&nbsp;<\/p>\n<p>&nbsp;<\/p>\n<p>&nbsp;<\/p>\n<p>&nbsp;<\/p>\n<p>&nbsp;<\/p>\n<p>&nbsp;<\/p>\n<p>&nbsp;<\/p>\n<p>&nbsp;<\/p>\n<p>&nbsp;<\/p>\n<p>&nbsp;<\/p>\n<p>&nbsp;<\/p>\n<p>&nbsp;<\/p>\n<p>&nbsp;<\/p>\n<p>&nbsp;<\/p>\n<p>&nbsp;<\/p>\n<p>&nbsp;<\/p>\n<p>&nbsp;<\/p>\n<p>&nbsp;<\/p>\n<p>&nbsp;<\/p>\n<p>&nbsp;<\/p>\n<p>&nbsp;<\/p>\n<p>&nbsp;<\/p>\n<p>&nbsp;<\/p>\n<p>&nbsp;<\/p>\n<p>&nbsp;<\/p>\n<p>&nbsp;<\/p>\n<p>&nbsp;<\/p>\n<p>&nbsp;<\/p>\n<p>&nbsp;<\/p>\n<p>&nbsp;<\/p>\n<p>&nbsp;<\/p>\n<p>&nbsp;<\/p>\n<p>&nbsp;<\/p>\n<p>&nbsp;<\/p>\n<p>&nbsp;<\/p>\n<p>&nbsp;<\/p>\n<p>&nbsp;<\/p>\n<p>&nbsp;<\/p>\n<p>&nbsp;<\/p>\n<p>&nbsp;<\/p>\n<p>&nbsp;<\/p>\n<p>&nbsp;<\/p>\n<p>&nbsp;<\/p>\n<p>&nbsp;<\/p>\n<p>&nbsp;<\/p>\n<p>&nbsp;<\/p>\n<p>&nbsp;<\/p>\n<p>&nbsp;<\/p>\n<p>&nbsp;<\/p>\n<p>&nbsp;<\/p>\n<p>&nbsp;<\/p>\n<p>&nbsp;<\/p>\n<p>&nbsp;<\/p>\n<p>&nbsp;<\/p>\n<p>&nbsp;<\/p>\n<p>&nbsp;<\/p>\n<p>&nbsp;<\/p>\n<p>&nbsp;<\/p>\n<p>&nbsp;<\/p>\n<p>&nbsp;<\/p>\n<p>&nbsp;<\/p>\n<p>&nbsp;<\/p>\n<p>&nbsp;<\/p>\n<p>&nbsp;<\/p>\n<p>&nbsp;<\/p>\n<p>&nbsp;<\/p>\n<p>&nbsp;<\/p>\n<p>&nbsp;<\/p>\n<p>&nbsp;<\/p>\n<p>&nbsp;<\/p>\n<p>&nbsp;<\/p>\n<p>&nbsp;<\/p>\n<p>&nbsp;<\/p>\n<p>&nbsp;<\/p>\n<p>&nbsp;<\/p>\n<p>&nbsp;<\/p>\n<p>&nbsp;<\/p>\n<p>&nbsp;<\/p>\n<p>&nbsp;<\/p>\n<p>&nbsp;<\/p>\n<p>&nbsp;<\/p>\n<p>&nbsp;<\/p>\n<p>&nbsp;<\/p>\n<p>&nbsp;<\/p>\n<p>&nbsp;<\/p>\n<p>&nbsp;<\/p>\n<p>&nbsp;<\/p>\n<p>&nbsp;<\/p>\n<p>&nbsp;<\/p>\n<p>&nbsp;<\/p>\n<p>&nbsp;<\/p>\n<p>&nbsp;<\/p>\n<p>&nbsp;<\/p>\n<p>&nbsp;<\/p>\n<p>&nbsp;<\/p>\n<p>&nbsp;<\/p>\n<p>&nbsp;<\/p>\n<p>&nbsp;<\/p>\n<p>&nbsp;<\/p>","protected":false},"excerpt":{"rendered":"<ul>\n<li>Item No: P-0214A<\/li>\n<li>Material:\u00a0Plastic<\/li>\n<li>Size:\u00a0W60*H23.5MM<\/li>\n<li>Aplicaciones: Productos de belleza<\/li>\n<li>MOQ: 10.000 piezas<\/li>\n<li>Color: Color personalizado<\/li>\n<li>Tratamiento superficial: Inyecci\u00f3n\/Mate\/Metalizado\/Recubrimiento UV<\/li>\n<li>Nombre de marca: OEM\/ODM<\/li>\n<li>Logotipo: Logotipo del cliente<\/li>\n<li>Capacidad de suministro: 100.000 piezas al mes<\/li>\n<\/ul>","protected":false},"featured_media":9285,"template":"","meta":{"_acf_changed":false},"product_brand":[],"product_cat":[380],"product_tag":[387],"class_list":{"0":"post-9283","1":"product","2":"type-product","3":"status-publish","4":"has-post-thumbnail","6":"product_cat-cosmetic-compact-powder-cases","7":"product_tag-compact-powder-case","9":"first","10":"instock","11":"shipping-taxable","12":"product-type-simple"},"acf":[],"yoast_head":"<!-- This site is optimized with the Yoast SEO plugin v24.1 - https:\/\/yoast.com\/wordpress\/plugins\/seo\/ -->\n<title>Wholesale compact powder case with mirror and apple shape<\/title>\n<meta name=\"description\" content=\"We wholesale compact powder case with mirror and apple shape for wet (solid-creamy) &amp; dry (pressed powders) foundations &amp; blush.\" \/>\n<meta name=\"robots\" content=\"index, follow, max-snippet:-1, max-image-preview:large, max-video-preview:-1\" \/>\n<link rel=\"canonical\" href=\"https:\/\/www.alovey.com\/es\/producto\/wholesale-compact-powder-case-with-mirror-and-apple-shape\/\" \/>\n<meta property=\"og:locale\" content=\"es_ES\" \/>\n<meta property=\"og:type\" content=\"article\" \/>\n<meta property=\"og:title\" content=\"Wholesale compact powder case with mirror and apple shape\" \/>\n<meta property=\"og:description\" content=\"We wholesale compact powder case with mirror and apple shape for wet (solid-creamy) &amp; dry (pressed powders) foundations &amp; blush.\" \/>\n<meta property=\"og:url\" content=\"https:\/\/www.alovey.com\/es\/producto\/wholesale-compact-powder-case-with-mirror-and-apple-shape\/\" \/>\n<meta property=\"og:site_name\" content=\"Best Cosmetic Packaging Manufacture\" \/>\n<meta property=\"article:modified_time\" content=\"2025-01-07T02:38:01+00:00\" \/>\n<meta property=\"og:image\" content=\"https:\/\/www.alovey.com\/wp-content\/uploads\/2025\/01\/Wholesale-compact-powder-case-with-mirror-and-apple-shape-1.jpg\" \/>\n\t<meta property=\"og:image:width\" content=\"750\" \/>\n\t<meta property=\"og:image:height\" content=\"750\" \/>\n\t<meta property=\"og:image:type\" content=\"image\/jpeg\" \/>\n<meta name=\"twitter:card\" content=\"summary_large_image\" \/>\n<meta name=\"twitter:label1\" content=\"Tiempo de lectura\" \/>\n\t<meta name=\"twitter:data1\" content=\"2 minutos\" \/>\n<script type=\"application\/ld+json\" class=\"yoast-schema-graph\">{\"@context\":\"https:\/\/schema.org\",\"@graph\":[{\"@type\":\"WebPage\",\"@id\":\"https:\/\/www.alovey.com\/product\/wholesale-compact-powder-case-with-mirror-and-apple-shape\/\",\"url\":\"https:\/\/www.alovey.com\/product\/wholesale-compact-powder-case-with-mirror-and-apple-shape\/\",\"name\":\"Wholesale compact powder case with mirror and apple shape\",\"isPartOf\":{\"@id\":\"https:\/\/www.alovey.com\/#website\"},\"primaryImageOfPage\":{\"@id\":\"https:\/\/www.alovey.com\/product\/wholesale-compact-powder-case-with-mirror-and-apple-shape\/#primaryimage\"},\"image\":{\"@id\":\"https:\/\/www.alovey.com\/product\/wholesale-compact-powder-case-with-mirror-and-apple-shape\/#primaryimage\"},\"thumbnailUrl\":\"https:\/\/www.alovey.com\/wp-content\/uploads\/2025\/01\/Wholesale-compact-powder-case-with-mirror-and-apple-shape-1.jpg\",\"datePublished\":\"2025-01-07T02:10:25+00:00\",\"dateModified\":\"2025-01-07T02:38:01+00:00\",\"description\":\"We wholesale compact powder case with mirror and apple shape for wet (solid-creamy) & dry (pressed powders) foundations & blush.\",\"breadcrumb\":{\"@id\":\"https:\/\/www.alovey.com\/product\/wholesale-compact-powder-case-with-mirror-and-apple-shape\/#breadcrumb\"},\"inLanguage\":\"es\",\"potentialAction\":[{\"@type\":\"ReadAction\",\"target\":[\"https:\/\/www.alovey.com\/product\/wholesale-compact-powder-case-with-mirror-and-apple-shape\/\"]}]},{\"@type\":\"ImageObject\",\"inLanguage\":\"es\",\"@id\":\"https:\/\/www.alovey.com\/product\/wholesale-compact-powder-case-with-mirror-and-apple-shape\/#primaryimage\",\"url\":\"https:\/\/www.alovey.com\/wp-content\/uploads\/2025\/01\/Wholesale-compact-powder-case-with-mirror-and-apple-shape-1.jpg\",\"contentUrl\":\"https:\/\/www.alovey.com\/wp-content\/uploads\/2025\/01\/Wholesale-compact-powder-case-with-mirror-and-apple-shape-1.jpg\",\"width\":750,\"height\":750,\"caption\":\"Wholesale compact powder case with mirror and apple shape\"},{\"@type\":\"BreadcrumbList\",\"@id\":\"https:\/\/www.alovey.com\/product\/wholesale-compact-powder-case-with-mirror-and-apple-shape\/#breadcrumb\",\"itemListElement\":[{\"@type\":\"ListItem\",\"position\":1,\"name\":\"\u9996\u9875\",\"item\":\"https:\/\/www.alovey.com\/\"},{\"@type\":\"ListItem\",\"position\":2,\"name\":\"Products\",\"item\":\"https:\/\/www.alovey.com\/products\/\"},{\"@type\":\"ListItem\",\"position\":3,\"name\":\"Wholesale compact powder case with mirror and apple shape \u200b\"}]},{\"@type\":\"WebSite\",\"@id\":\"https:\/\/www.alovey.com\/#website\",\"url\":\"https:\/\/www.alovey.com\/\",\"name\":\"Best Cosmetic Packaging Manufacture\",\"description\":\"Alovey Cosmetic Packaging Co.,Ltd\",\"publisher\":{\"@id\":\"https:\/\/www.alovey.com\/#organization\"},\"potentialAction\":[{\"@type\":\"SearchAction\",\"target\":{\"@type\":\"EntryPoint\",\"urlTemplate\":\"https:\/\/www.alovey.com\/?s={search_term_string}\"},\"query-input\":{\"@type\":\"PropertyValueSpecification\",\"valueRequired\":true,\"valueName\":\"search_term_string\"}}],\"inLanguage\":\"es\"},{\"@type\":\"Organization\",\"@id\":\"https:\/\/www.alovey.com\/#organization\",\"name\":\"Best Cosmetic Packaging Manufacture\",\"url\":\"https:\/\/www.alovey.com\/\",\"logo\":{\"@type\":\"ImageObject\",\"inLanguage\":\"es\",\"@id\":\"https:\/\/www.alovey.com\/#\/schema\/logo\/image\/\",\"url\":\"https:\/\/www.alovey.com\/wp-content\/uploads\/2023\/03\/logo.png\",\"contentUrl\":\"https:\/\/www.alovey.com\/wp-content\/uploads\/2023\/03\/logo.png\",\"width\":505,\"height\":180,\"caption\":\"Best  Cosmetic Packaging Manufacture\"},\"image\":{\"@id\":\"https:\/\/www.alovey.com\/#\/schema\/logo\/image\/\"}}]}<\/script>\n<!-- \/ Yoast SEO plugin. -->","yoast_head_json":{"title":"Wholesale compact powder case with mirror and apple shape","description":"We wholesale compact powder case with mirror and apple shape for wet (solid-creamy) & dry (pressed powders) foundations & blush.","robots":{"index":"index","follow":"follow","max-snippet":"max-snippet:-1","max-image-preview":"max-image-preview:large","max-video-preview":"max-video-preview:-1"},"canonical":"https:\/\/www.alovey.com\/es\/producto\/wholesale-compact-powder-case-with-mirror-and-apple-shape\/","og_locale":"es_ES","og_type":"article","og_title":"Wholesale compact powder case with mirror and apple shape","og_description":"We wholesale compact powder case with mirror and apple shape for wet (solid-creamy) & dry (pressed powders) foundations & blush.","og_url":"https:\/\/www.alovey.com\/es\/producto\/wholesale-compact-powder-case-with-mirror-and-apple-shape\/","og_site_name":"Best Cosmetic Packaging Manufacture","article_modified_time":"2025-01-07T02:38:01+00:00","og_image":[{"width":750,"height":750,"url":"https:\/\/www.alovey.com\/wp-content\/uploads\/2025\/01\/Wholesale-compact-powder-case-with-mirror-and-apple-shape-1.jpg","type":"image\/jpeg"}],"twitter_card":"summary_large_image","twitter_misc":{"Tiempo de lectura":"2 minutos"},"schema":{"@context":"https:\/\/schema.org","@graph":[{"@type":"WebPage","@id":"https:\/\/www.alovey.com\/product\/wholesale-compact-powder-case-with-mirror-and-apple-shape\/","url":"https:\/\/www.alovey.com\/product\/wholesale-compact-powder-case-with-mirror-and-apple-shape\/","name":"Wholesale compact powder case with mirror and apple shape","isPartOf":{"@id":"https:\/\/www.alovey.com\/#website"},"primaryImageOfPage":{"@id":"https:\/\/www.alovey.com\/product\/wholesale-compact-powder-case-with-mirror-and-apple-shape\/#primaryimage"},"image":{"@id":"https:\/\/www.alovey.com\/product\/wholesale-compact-powder-case-with-mirror-and-apple-shape\/#primaryimage"},"thumbnailUrl":"https:\/\/www.alovey.com\/wp-content\/uploads\/2025\/01\/Wholesale-compact-powder-case-with-mirror-and-apple-shape-1.jpg","datePublished":"2025-01-07T02:10:25+00:00","dateModified":"2025-01-07T02:38:01+00:00","description":"We wholesale compact powder case with mirror and apple shape for wet (solid-creamy) & dry (pressed powders) foundations & blush.","breadcrumb":{"@id":"https:\/\/www.alovey.com\/product\/wholesale-compact-powder-case-with-mirror-and-apple-shape\/#breadcrumb"},"inLanguage":"es","potentialAction":[{"@type":"ReadAction","target":["https:\/\/www.alovey.com\/product\/wholesale-compact-powder-case-with-mirror-and-apple-shape\/"]}]},{"@type":"ImageObject","inLanguage":"es","@id":"https:\/\/www.alovey.com\/product\/wholesale-compact-powder-case-with-mirror-and-apple-shape\/#primaryimage","url":"https:\/\/www.alovey.com\/wp-content\/uploads\/2025\/01\/Wholesale-compact-powder-case-with-mirror-and-apple-shape-1.jpg","contentUrl":"https:\/\/www.alovey.com\/wp-content\/uploads\/2025\/01\/Wholesale-compact-powder-case-with-mirror-and-apple-shape-1.jpg","width":750,"height":750,"caption":"Wholesale compact powder case with mirror and apple shape"},{"@type":"BreadcrumbList","@id":"https:\/\/www.alovey.com\/product\/wholesale-compact-powder-case-with-mirror-and-apple-shape\/#breadcrumb","itemListElement":[{"@type":"ListItem","position":1,"name":"\u9996\u9875","item":"https:\/\/www.alovey.com\/"},{"@type":"ListItem","position":2,"name":"Products","item":"https:\/\/www.alovey.com\/products\/"},{"@type":"ListItem","position":3,"name":"Wholesale compact powder case with mirror and apple shape \u200b"}]},{"@type":"WebSite","@id":"https:\/\/www.alovey.com\/#website","url":"https:\/\/www.alovey.com\/","name":"Best Cosmetic Packaging Manufacture","description":"Alovey Cosmetic Packaging S.L.","publisher":{"@id":"https:\/\/www.alovey.com\/#organization"},"potentialAction":[{"@type":"SearchAction","target":{"@type":"EntryPoint","urlTemplate":"https:\/\/www.alovey.com\/?s={search_term_string}"},"query-input":{"@type":"PropertyValueSpecification","valueRequired":true,"valueName":"search_term_string"}}],"inLanguage":"es"},{"@type":"Organization","@id":"https:\/\/www.alovey.com\/#organization","name":"Best Cosmetic Packaging Manufacture","url":"https:\/\/www.alovey.com\/","logo":{"@type":"ImageObject","inLanguage":"es","@id":"https:\/\/www.alovey.com\/#\/schema\/logo\/image\/","url":"https:\/\/www.alovey.com\/wp-content\/uploads\/2023\/03\/logo.png","contentUrl":"https:\/\/www.alovey.com\/wp-content\/uploads\/2023\/03\/logo.png","width":505,"height":180,"caption":"Best  Cosmetic Packaging Manufacture"},"image":{"@id":"https:\/\/www.alovey.com\/#\/schema\/logo\/image\/"}}]}},"_links":{"self":[{"href":"https:\/\/www.alovey.com\/es\/wp-json\/wp\/v2\/product\/9283"}],"collection":[{"href":"https:\/\/www.alovey.com\/es\/wp-json\/wp\/v2\/product"}],"about":[{"href":"https:\/\/www.alovey.com\/es\/wp-json\/wp\/v2\/types\/product"}],"wp:featuredmedia":[{"embeddable":true,"href":"https:\/\/www.alovey.com\/es\/wp-json\/wp\/v2\/media\/9285"}],"wp:attachment":[{"href":"https:\/\/www.alovey.com\/es\/wp-json\/wp\/v2\/media?parent=9283"}],"wp:term":[{"taxonomy":"product_brand","embeddable":true,"href":"https:\/\/www.alovey.com\/es\/wp-json\/wp\/v2\/product_brand?post=9283"},{"taxonomy":"product_cat","embeddable":true,"href":"https:\/\/www.alovey.com\/es\/wp-json\/wp\/v2\/product_cat?post=9283"},{"taxonomy":"product_tag","embeddable":true,"href":"https:\/\/www.alovey.com\/es\/wp-json\/wp\/v2\/product_tag?post=9283"}],"curies":[{"name":"wp","href":"https:\/\/api.w.org\/{rel}","templated":true}]}}