{"id":7322,"date":"2024-11-09T08:22:45","date_gmt":"2024-11-09T08:22:45","guid":{"rendered":"https:\/\/alovey.com\/?post_type=product&#038;p=7322"},"modified":"2024-11-16T03:55:43","modified_gmt":"2024-11-16T03:55:43","slug":"60ml-plastic-deodorant-oil-roller-ball-bottles","status":"publish","type":"product","link":"https:\/\/www.alovey.com\/es\/producto\/60ml-plastic-deodorant-oil-roller-ball-bottles\/","title":{"rendered":"Frascos roller de pl\u00e1stico de 60 ml de aceite desodorante"},"content":{"rendered":"<p><strong>These 60ml plastic deodorant oil roller ball bottles offer a smooth application experience. The convenient roll-on design ensures even distribution of the liquid to your arms, underarms, behind ears, or legs.<\/strong><\/p>\n<p><strong>Alovey, como fabricante profesional chino de envases para cosm\u00e9ticos, produce una exquisita gama de envases personalizados para cosm\u00e9ticos, meticulosamente elaborados para elevar su marca. Nuestra variada selecci\u00f3n de materiales de primera calidad, combinada con delicadas t\u00e9cnicas de acabado superficial como la serigraf\u00eda, la estampaci\u00f3n en caliente y la pulverizaci\u00f3n mate, garantiza que cada envase sea una obra maestra \u00fanica.<\/strong><\/p>\n<p><img fetchpriority=\"high\" decoding=\"async\" class=\"size-full wp-image-7325\" src=\"https:\/\/alovey.com\/wp-content\/uploads\/2024\/11\/60ml-plastic-deodorant-oil-roller-ball-bottles-B-H366B-2.jpg\" alt=\"60ml plastic deodorant oil roller ball bottles B-H366B\" width=\"750\" height=\"750\" srcset=\"https:\/\/www.alovey.com\/wp-content\/uploads\/2024\/11\/60ml-plastic-deodorant-oil-roller-ball-bottles-B-H366B-2.jpg 750w, https:\/\/www.alovey.com\/wp-content\/uploads\/2024\/11\/60ml-plastic-deodorant-oil-roller-ball-bottles-B-H366B-2-300x300.jpg 300w, https:\/\/www.alovey.com\/wp-content\/uploads\/2024\/11\/60ml-plastic-deodorant-oil-roller-ball-bottles-B-H366B-2-150x150.jpg 150w, https:\/\/www.alovey.com\/wp-content\/uploads\/2024\/11\/60ml-plastic-deodorant-oil-roller-ball-bottles-B-H366B-2-600x600.jpg 600w, https:\/\/www.alovey.com\/wp-content\/uploads\/2024\/11\/60ml-plastic-deodorant-oil-roller-ball-bottles-B-H366B-2-100x100.jpg 100w\" sizes=\"(max-width: 750px) 100vw, 750px\" \/><\/p>\n<p><img decoding=\"async\" class=\"size-full wp-image-7326\" src=\"https:\/\/alovey.com\/wp-content\/uploads\/2024\/11\/60ml-plastic-deodorant-oil-roller-ball-bottles-B-H366B-3.jpg\" alt=\"60ml plastic deodorant oil roller ball bottles B-H366B\" width=\"750\" height=\"750\" srcset=\"https:\/\/www.alovey.com\/wp-content\/uploads\/2024\/11\/60ml-plastic-deodorant-oil-roller-ball-bottles-B-H366B-3.jpg 750w, https:\/\/www.alovey.com\/wp-content\/uploads\/2024\/11\/60ml-plastic-deodorant-oil-roller-ball-bottles-B-H366B-3-300x300.jpg 300w, https:\/\/www.alovey.com\/wp-content\/uploads\/2024\/11\/60ml-plastic-deodorant-oil-roller-ball-bottles-B-H366B-3-150x150.jpg 150w, https:\/\/www.alovey.com\/wp-content\/uploads\/2024\/11\/60ml-plastic-deodorant-oil-roller-ball-bottles-B-H366B-3-600x600.jpg 600w, https:\/\/www.alovey.com\/wp-content\/uploads\/2024\/11\/60ml-plastic-deodorant-oil-roller-ball-bottles-B-H366B-3-100x100.jpg 100w\" sizes=\"(max-width: 750px) 100vw, 750px\" \/><\/p>\n<p><img decoding=\"async\" class=\"size-full wp-image-7327\" src=\"https:\/\/alovey.com\/wp-content\/uploads\/2024\/11\/60ml-plastic-deodorant-oil-roller-ball-bottles-B-H366B-4.jpg\" alt=\"60ml plastic deodorant oil roller ball bottles B-H366B\" width=\"750\" height=\"750\" srcset=\"https:\/\/www.alovey.com\/wp-content\/uploads\/2024\/11\/60ml-plastic-deodorant-oil-roller-ball-bottles-B-H366B-4.jpg 750w, https:\/\/www.alovey.com\/wp-content\/uploads\/2024\/11\/60ml-plastic-deodorant-oil-roller-ball-bottles-B-H366B-4-300x300.jpg 300w, https:\/\/www.alovey.com\/wp-content\/uploads\/2024\/11\/60ml-plastic-deodorant-oil-roller-ball-bottles-B-H366B-4-150x150.jpg 150w, https:\/\/www.alovey.com\/wp-content\/uploads\/2024\/11\/60ml-plastic-deodorant-oil-roller-ball-bottles-B-H366B-4-600x600.jpg 600w, https:\/\/www.alovey.com\/wp-content\/uploads\/2024\/11\/60ml-plastic-deodorant-oil-roller-ball-bottles-B-H366B-4-100x100.jpg 100w\" sizes=\"(max-width: 750px) 100vw, 750px\" \/><\/p>\n<p><img loading=\"lazy\" decoding=\"async\" class=\"size-full wp-image-7328\" src=\"https:\/\/alovey.com\/wp-content\/uploads\/2024\/11\/60ml-plastic-deodorant-oil-roller-ball-bottles-B-H366B-5.jpg\" alt=\"60ml plastic deodorant oil roller ball bottles B-H366B\" width=\"750\" height=\"750\" srcset=\"https:\/\/www.alovey.com\/wp-content\/uploads\/2024\/11\/60ml-plastic-deodorant-oil-roller-ball-bottles-B-H366B-5.jpg 750w, https:\/\/www.alovey.com\/wp-content\/uploads\/2024\/11\/60ml-plastic-deodorant-oil-roller-ball-bottles-B-H366B-5-300x300.jpg 300w, https:\/\/www.alovey.com\/wp-content\/uploads\/2024\/11\/60ml-plastic-deodorant-oil-roller-ball-bottles-B-H366B-5-150x150.jpg 150w, https:\/\/www.alovey.com\/wp-content\/uploads\/2024\/11\/60ml-plastic-deodorant-oil-roller-ball-bottles-B-H366B-5-600x600.jpg 600w, https:\/\/www.alovey.com\/wp-content\/uploads\/2024\/11\/60ml-plastic-deodorant-oil-roller-ball-bottles-B-H366B-5-100x100.jpg 100w\" sizes=\"(max-width: 750px) 100vw, 750px\" \/><\/p>\n<p><img loading=\"lazy\" decoding=\"async\" class=\"size-full wp-image-7324\" src=\"https:\/\/alovey.com\/wp-content\/uploads\/2024\/11\/60ml-plastic-deodorant-oil-roller-ball-bottles-B-H366B-1.jpg\" alt=\"60ml plastic deodorant oil roller ball bottles B-H366B\" width=\"750\" height=\"750\" srcset=\"https:\/\/www.alovey.com\/wp-content\/uploads\/2024\/11\/60ml-plastic-deodorant-oil-roller-ball-bottles-B-H366B-1.jpg 750w, https:\/\/www.alovey.com\/wp-content\/uploads\/2024\/11\/60ml-plastic-deodorant-oil-roller-ball-bottles-B-H366B-1-300x300.jpg 300w, https:\/\/www.alovey.com\/wp-content\/uploads\/2024\/11\/60ml-plastic-deodorant-oil-roller-ball-bottles-B-H366B-1-150x150.jpg 150w, https:\/\/www.alovey.com\/wp-content\/uploads\/2024\/11\/60ml-plastic-deodorant-oil-roller-ball-bottles-B-H366B-1-600x600.jpg 600w, https:\/\/www.alovey.com\/wp-content\/uploads\/2024\/11\/60ml-plastic-deodorant-oil-roller-ball-bottles-B-H366B-1-100x100.jpg 100w\" sizes=\"(max-width: 750px) 100vw, 750px\" \/><\/p>\n<p><img loading=\"lazy\" decoding=\"async\" class=\"size-full wp-image-7323\" src=\"https:\/\/alovey.com\/wp-content\/uploads\/2024\/11\/60ml-plastic-deodorant-oil-roller-ball-bottles-B-H366B-6.jpg\" alt=\"60ml plastic deodorant oil roller ball bottles B-H366B\" width=\"750\" height=\"750\" srcset=\"https:\/\/www.alovey.com\/wp-content\/uploads\/2024\/11\/60ml-plastic-deodorant-oil-roller-ball-bottles-B-H366B-6.jpg 750w, https:\/\/www.alovey.com\/wp-content\/uploads\/2024\/11\/60ml-plastic-deodorant-oil-roller-ball-bottles-B-H366B-6-300x300.jpg 300w, https:\/\/www.alovey.com\/wp-content\/uploads\/2024\/11\/60ml-plastic-deodorant-oil-roller-ball-bottles-B-H366B-6-150x150.jpg 150w, https:\/\/www.alovey.com\/wp-content\/uploads\/2024\/11\/60ml-plastic-deodorant-oil-roller-ball-bottles-B-H366B-6-600x600.jpg 600w, https:\/\/www.alovey.com\/wp-content\/uploads\/2024\/11\/60ml-plastic-deodorant-oil-roller-ball-bottles-B-H366B-6-100x100.jpg 100w\" sizes=\"(max-width: 750px) 100vw, 750px\" \/><\/p>\n<p>&nbsp;<\/p>\n<p>&nbsp;<\/p>\n<p>&nbsp;<\/p>\n<p>&nbsp;<\/p>\n<p>&nbsp;<\/p>\n<p>&nbsp;<\/p>\n<p>&nbsp;<\/p>\n<p>&nbsp;<\/p>\n<p>&nbsp;<\/p>\n<p>&nbsp;<\/p>\n<p>&nbsp;<\/p>\n<p>&nbsp;<\/p>\n<p>&nbsp;<\/p>\n<p>&nbsp;<\/p>\n<p>&nbsp;<\/p>\n<p>&nbsp;<\/p>\n<p>&nbsp;<\/p>\n<p>&nbsp;<\/p>\n<p>&nbsp;<\/p>\n<p>&nbsp;<\/p>\n<p>&nbsp;<\/p>\n<p>&nbsp;<\/p>\n<p>&nbsp;<\/p>\n<p>&nbsp;<\/p>\n<p>&nbsp;<\/p>\n<p>&nbsp;<\/p>\n<p>&nbsp;<\/p>\n<p>&nbsp;<\/p>\n<p>&nbsp;<\/p>\n<p>&nbsp;<\/p>\n<p>&nbsp;<\/p>\n<p>&nbsp;<\/p>\n<p>&nbsp;<\/p>\n<p>&nbsp;<\/p>\n<p>&nbsp;<\/p>\n<p>&nbsp;<\/p>\n<p>&nbsp;<\/p>\n<p>&nbsp;<\/p>\n<p>&nbsp;<\/p>\n<p>&nbsp;<\/p>\n<p>&nbsp;<\/p>\n<p>&nbsp;<\/p>\n<p>&nbsp;<\/p>\n<p>&nbsp;<\/p>\n<p>&nbsp;<\/p>\n<p>&nbsp;<\/p>\n<p>&nbsp;<\/p>\n<p>&nbsp;<\/p>\n<p>&nbsp;<\/p>\n<p>&nbsp;<\/p>\n<p>&nbsp;<\/p>\n<p>&nbsp;<\/p>\n<p>&nbsp;<\/p>\n<p>&nbsp;<\/p>\n<p>&nbsp;<\/p>\n<p>&nbsp;<\/p>\n<p>&nbsp;<\/p>\n<p>&nbsp;<\/p>\n<p>&nbsp;<\/p>\n<p>&nbsp;<\/p>\n<p>&nbsp;<\/p>\n<p>&nbsp;<\/p>\n<p>&nbsp;<\/p>\n<p>&nbsp;<\/p>\n<p>&nbsp;<\/p>\n<p>&nbsp;<\/p>\n<p>&nbsp;<\/p>\n<p>&nbsp;<\/p>\n<p>&nbsp;<\/p>\n<p>&nbsp;<\/p>\n<p>&nbsp;<\/p>\n<p>&nbsp;<\/p>\n<p>&nbsp;<\/p>\n<p>&nbsp;<\/p>\n<p>&nbsp;<\/p>\n<p>&nbsp;<\/p>\n<p>&nbsp;<\/p>\n<p>&nbsp;<\/p>\n<p>&nbsp;<\/p>\n<p>&nbsp;<\/p>\n<p>&nbsp;<\/p>\n<p>&nbsp;<\/p>\n<p>&nbsp;<\/p>\n<p>&nbsp;<\/p>\n<p>&nbsp;<\/p>\n<p>&nbsp;<\/p>\n<p>&nbsp;<\/p>","protected":false},"excerpt":{"rendered":"<ul>\n<li>Item No: B-H366B<\/li>\n<li>Material:  Pl\u00e1stico<\/li>\n<li>Size:\u00a0D33*H145mm<\/li>\n<li>Capacity: 60ml<\/li>\n<li>Aplicaciones: Productos de belleza<\/li>\n<li>MOQ: 12.000 piezas<\/li>\n<li>Color: Color personalizado<\/li>\n<li>Tratamiento superficial: Inyecci\u00f3n\/Mate\/Metalizado\/Recubrimiento UV<\/li>\n<li>Nombre de marca: OEM\/ODM<\/li>\n<li>Logotipo: Logotipo del cliente<\/li>\n<li>Capacidad de suministro: 100.000 piezas al mes<\/li>\n<\/ul>\n<p>&nbsp;<\/p>","protected":false},"featured_media":7325,"template":"","meta":{"_acf_changed":false},"product_brand":[],"product_cat":[382],"product_tag":[390],"class_list":{"0":"post-7322","1":"product","2":"type-product","3":"status-publish","4":"has-post-thumbnail","6":"product_cat-wholesale-cosmetic-bottles-containers","7":"product_tag-cosmetic-bottle","9":"first","10":"instock","11":"shipping-taxable","12":"product-type-simple"},"acf":[],"yoast_head":"<!-- This site is optimized with the Yoast SEO plugin v24.1 - https:\/\/yoast.com\/wordpress\/plugins\/seo\/ -->\n<title>60ml plastic deodorant oil roller ball bottles B-H366B<\/title>\n<meta name=\"description\" content=\"These 60ml plastic deodorant oil roller ball bottles offer a smooth application experience. It ensures even distribution of the liquid to your arms, underarms, behind ears, or legs.\" \/>\n<meta name=\"robots\" content=\"index, follow, max-snippet:-1, max-image-preview:large, max-video-preview:-1\" \/>\n<link rel=\"canonical\" href=\"https:\/\/www.alovey.com\/es\/producto\/60ml-plastic-deodorant-oil-roller-ball-bottles\/\" \/>\n<meta property=\"og:locale\" content=\"es_ES\" \/>\n<meta property=\"og:type\" content=\"article\" \/>\n<meta property=\"og:title\" content=\"60ml plastic deodorant oil roller ball bottles B-H366B\" \/>\n<meta property=\"og:description\" content=\"These 60ml plastic deodorant oil roller ball bottles offer a smooth application experience. It ensures even distribution of the liquid to your arms, underarms, behind ears, or legs.\" \/>\n<meta property=\"og:url\" content=\"https:\/\/www.alovey.com\/es\/producto\/60ml-plastic-deodorant-oil-roller-ball-bottles\/\" \/>\n<meta property=\"og:site_name\" content=\"Best Cosmetic Packaging Manufacture\" \/>\n<meta property=\"article:modified_time\" content=\"2024-11-16T03:55:43+00:00\" \/>\n<meta property=\"og:image\" content=\"https:\/\/www.alovey.com\/wp-content\/uploads\/2024\/11\/60ml-plastic-deodorant-oil-roller-ball-bottles-B-H366B-2.jpg\" \/>\n\t<meta property=\"og:image:width\" content=\"750\" \/>\n\t<meta property=\"og:image:height\" content=\"750\" \/>\n\t<meta property=\"og:image:type\" content=\"image\/jpeg\" \/>\n<meta name=\"twitter:card\" content=\"summary_large_image\" \/>\n<meta name=\"twitter:label1\" content=\"Tiempo de lectura\" \/>\n\t<meta name=\"twitter:data1\" content=\"2 minutos\" \/>\n<script type=\"application\/ld+json\" class=\"yoast-schema-graph\">{\"@context\":\"https:\/\/schema.org\",\"@graph\":[{\"@type\":\"WebPage\",\"@id\":\"https:\/\/www.alovey.com\/product\/60ml-plastic-deodorant-oil-roller-ball-bottles\/\",\"url\":\"https:\/\/www.alovey.com\/product\/60ml-plastic-deodorant-oil-roller-ball-bottles\/\",\"name\":\"60ml plastic deodorant oil roller ball bottles B-H366B\",\"isPartOf\":{\"@id\":\"https:\/\/www.alovey.com\/#website\"},\"primaryImageOfPage\":{\"@id\":\"https:\/\/www.alovey.com\/product\/60ml-plastic-deodorant-oil-roller-ball-bottles\/#primaryimage\"},\"image\":{\"@id\":\"https:\/\/www.alovey.com\/product\/60ml-plastic-deodorant-oil-roller-ball-bottles\/#primaryimage\"},\"thumbnailUrl\":\"https:\/\/www.alovey.com\/wp-content\/uploads\/2024\/11\/60ml-plastic-deodorant-oil-roller-ball-bottles-B-H366B-2.jpg\",\"datePublished\":\"2024-11-09T08:22:45+00:00\",\"dateModified\":\"2024-11-16T03:55:43+00:00\",\"description\":\"These 60ml plastic deodorant oil roller ball bottles offer a smooth application experience. It ensures even distribution of the liquid to your arms, underarms, behind ears, or legs.\",\"breadcrumb\":{\"@id\":\"https:\/\/www.alovey.com\/product\/60ml-plastic-deodorant-oil-roller-ball-bottles\/#breadcrumb\"},\"inLanguage\":\"es\",\"potentialAction\":[{\"@type\":\"ReadAction\",\"target\":[\"https:\/\/www.alovey.com\/product\/60ml-plastic-deodorant-oil-roller-ball-bottles\/\"]}]},{\"@type\":\"ImageObject\",\"inLanguage\":\"es\",\"@id\":\"https:\/\/www.alovey.com\/product\/60ml-plastic-deodorant-oil-roller-ball-bottles\/#primaryimage\",\"url\":\"https:\/\/www.alovey.com\/wp-content\/uploads\/2024\/11\/60ml-plastic-deodorant-oil-roller-ball-bottles-B-H366B-2.jpg\",\"contentUrl\":\"https:\/\/www.alovey.com\/wp-content\/uploads\/2024\/11\/60ml-plastic-deodorant-oil-roller-ball-bottles-B-H366B-2.jpg\",\"width\":750,\"height\":750,\"caption\":\"60ml plastic deodorant oil roller ball bottles B-H366B\"},{\"@type\":\"BreadcrumbList\",\"@id\":\"https:\/\/www.alovey.com\/product\/60ml-plastic-deodorant-oil-roller-ball-bottles\/#breadcrumb\",\"itemListElement\":[{\"@type\":\"ListItem\",\"position\":1,\"name\":\"\u9996\u9875\",\"item\":\"https:\/\/www.alovey.com\/\"},{\"@type\":\"ListItem\",\"position\":2,\"name\":\"Products\",\"item\":\"https:\/\/www.alovey.com\/products\/\"},{\"@type\":\"ListItem\",\"position\":3,\"name\":\"60ml plastic deodorant oil roller ball bottles\"}]},{\"@type\":\"WebSite\",\"@id\":\"https:\/\/www.alovey.com\/#website\",\"url\":\"https:\/\/www.alovey.com\/\",\"name\":\"Best Cosmetic Packaging Manufacture\",\"description\":\"Alovey Cosmetic Packaging Co.,Ltd\",\"publisher\":{\"@id\":\"https:\/\/www.alovey.com\/#organization\"},\"potentialAction\":[{\"@type\":\"SearchAction\",\"target\":{\"@type\":\"EntryPoint\",\"urlTemplate\":\"https:\/\/www.alovey.com\/?s={search_term_string}\"},\"query-input\":{\"@type\":\"PropertyValueSpecification\",\"valueRequired\":true,\"valueName\":\"search_term_string\"}}],\"inLanguage\":\"es\"},{\"@type\":\"Organization\",\"@id\":\"https:\/\/www.alovey.com\/#organization\",\"name\":\"Best Cosmetic Packaging Manufacture\",\"url\":\"https:\/\/www.alovey.com\/\",\"logo\":{\"@type\":\"ImageObject\",\"inLanguage\":\"es\",\"@id\":\"https:\/\/www.alovey.com\/#\/schema\/logo\/image\/\",\"url\":\"https:\/\/www.alovey.com\/wp-content\/uploads\/2023\/03\/logo.png\",\"contentUrl\":\"https:\/\/www.alovey.com\/wp-content\/uploads\/2023\/03\/logo.png\",\"width\":505,\"height\":180,\"caption\":\"Best  Cosmetic Packaging Manufacture\"},\"image\":{\"@id\":\"https:\/\/www.alovey.com\/#\/schema\/logo\/image\/\"}}]}<\/script>\n<!-- \/ Yoast SEO plugin. -->","yoast_head_json":{"title":"60ml plastic deodorant oil roller ball bottles B-H366B","description":"These 60ml plastic deodorant oil roller ball bottles offer a smooth application experience. It ensures even distribution of the liquid to your arms, underarms, behind ears, or legs.","robots":{"index":"index","follow":"follow","max-snippet":"max-snippet:-1","max-image-preview":"max-image-preview:large","max-video-preview":"max-video-preview:-1"},"canonical":"https:\/\/www.alovey.com\/es\/producto\/60ml-plastic-deodorant-oil-roller-ball-bottles\/","og_locale":"es_ES","og_type":"article","og_title":"60ml plastic deodorant oil roller ball bottles B-H366B","og_description":"These 60ml plastic deodorant oil roller ball bottles offer a smooth application experience. It ensures even distribution of the liquid to your arms, underarms, behind ears, or legs.","og_url":"https:\/\/www.alovey.com\/es\/producto\/60ml-plastic-deodorant-oil-roller-ball-bottles\/","og_site_name":"Best Cosmetic Packaging Manufacture","article_modified_time":"2024-11-16T03:55:43+00:00","og_image":[{"width":750,"height":750,"url":"https:\/\/www.alovey.com\/wp-content\/uploads\/2024\/11\/60ml-plastic-deodorant-oil-roller-ball-bottles-B-H366B-2.jpg","type":"image\/jpeg"}],"twitter_card":"summary_large_image","twitter_misc":{"Tiempo de lectura":"2 minutos"},"schema":{"@context":"https:\/\/schema.org","@graph":[{"@type":"WebPage","@id":"https:\/\/www.alovey.com\/product\/60ml-plastic-deodorant-oil-roller-ball-bottles\/","url":"https:\/\/www.alovey.com\/product\/60ml-plastic-deodorant-oil-roller-ball-bottles\/","name":"60ml plastic deodorant oil roller ball bottles B-H366B","isPartOf":{"@id":"https:\/\/www.alovey.com\/#website"},"primaryImageOfPage":{"@id":"https:\/\/www.alovey.com\/product\/60ml-plastic-deodorant-oil-roller-ball-bottles\/#primaryimage"},"image":{"@id":"https:\/\/www.alovey.com\/product\/60ml-plastic-deodorant-oil-roller-ball-bottles\/#primaryimage"},"thumbnailUrl":"https:\/\/www.alovey.com\/wp-content\/uploads\/2024\/11\/60ml-plastic-deodorant-oil-roller-ball-bottles-B-H366B-2.jpg","datePublished":"2024-11-09T08:22:45+00:00","dateModified":"2024-11-16T03:55:43+00:00","description":"These 60ml plastic deodorant oil roller ball bottles offer a smooth application experience. It ensures even distribution of the liquid to your arms, underarms, behind ears, or legs.","breadcrumb":{"@id":"https:\/\/www.alovey.com\/product\/60ml-plastic-deodorant-oil-roller-ball-bottles\/#breadcrumb"},"inLanguage":"es","potentialAction":[{"@type":"ReadAction","target":["https:\/\/www.alovey.com\/product\/60ml-plastic-deodorant-oil-roller-ball-bottles\/"]}]},{"@type":"ImageObject","inLanguage":"es","@id":"https:\/\/www.alovey.com\/product\/60ml-plastic-deodorant-oil-roller-ball-bottles\/#primaryimage","url":"https:\/\/www.alovey.com\/wp-content\/uploads\/2024\/11\/60ml-plastic-deodorant-oil-roller-ball-bottles-B-H366B-2.jpg","contentUrl":"https:\/\/www.alovey.com\/wp-content\/uploads\/2024\/11\/60ml-plastic-deodorant-oil-roller-ball-bottles-B-H366B-2.jpg","width":750,"height":750,"caption":"60ml plastic deodorant oil roller ball bottles B-H366B"},{"@type":"BreadcrumbList","@id":"https:\/\/www.alovey.com\/product\/60ml-plastic-deodorant-oil-roller-ball-bottles\/#breadcrumb","itemListElement":[{"@type":"ListItem","position":1,"name":"\u9996\u9875","item":"https:\/\/www.alovey.com\/"},{"@type":"ListItem","position":2,"name":"Products","item":"https:\/\/www.alovey.com\/products\/"},{"@type":"ListItem","position":3,"name":"60ml plastic deodorant oil roller ball bottles"}]},{"@type":"WebSite","@id":"https:\/\/www.alovey.com\/#website","url":"https:\/\/www.alovey.com\/","name":"Best Cosmetic Packaging Manufacture","description":"Alovey Cosmetic Packaging S.L.","publisher":{"@id":"https:\/\/www.alovey.com\/#organization"},"potentialAction":[{"@type":"SearchAction","target":{"@type":"EntryPoint","urlTemplate":"https:\/\/www.alovey.com\/?s={search_term_string}"},"query-input":{"@type":"PropertyValueSpecification","valueRequired":true,"valueName":"search_term_string"}}],"inLanguage":"es"},{"@type":"Organization","@id":"https:\/\/www.alovey.com\/#organization","name":"Best Cosmetic Packaging Manufacture","url":"https:\/\/www.alovey.com\/","logo":{"@type":"ImageObject","inLanguage":"es","@id":"https:\/\/www.alovey.com\/#\/schema\/logo\/image\/","url":"https:\/\/www.alovey.com\/wp-content\/uploads\/2023\/03\/logo.png","contentUrl":"https:\/\/www.alovey.com\/wp-content\/uploads\/2023\/03\/logo.png","width":505,"height":180,"caption":"Best  Cosmetic Packaging Manufacture"},"image":{"@id":"https:\/\/www.alovey.com\/#\/schema\/logo\/image\/"}}]}},"_links":{"self":[{"href":"https:\/\/www.alovey.com\/es\/wp-json\/wp\/v2\/product\/7322"}],"collection":[{"href":"https:\/\/www.alovey.com\/es\/wp-json\/wp\/v2\/product"}],"about":[{"href":"https:\/\/www.alovey.com\/es\/wp-json\/wp\/v2\/types\/product"}],"wp:featuredmedia":[{"embeddable":true,"href":"https:\/\/www.alovey.com\/es\/wp-json\/wp\/v2\/media\/7325"}],"wp:attachment":[{"href":"https:\/\/www.alovey.com\/es\/wp-json\/wp\/v2\/media?parent=7322"}],"wp:term":[{"taxonomy":"product_brand","embeddable":true,"href":"https:\/\/www.alovey.com\/es\/wp-json\/wp\/v2\/product_brand?post=7322"},{"taxonomy":"product_cat","embeddable":true,"href":"https:\/\/www.alovey.com\/es\/wp-json\/wp\/v2\/product_cat?post=7322"},{"taxonomy":"product_tag","embeddable":true,"href":"https:\/\/www.alovey.com\/es\/wp-json\/wp\/v2\/product_tag?post=7322"}],"curies":[{"name":"wp","href":"https:\/\/api.w.org\/{rel}","templated":true}]}}