{"id":7196,"date":"2024-11-07T08:47:22","date_gmt":"2024-11-07T08:47:22","guid":{"rendered":"https:\/\/alovey.com\/?post_type=product&#038;p=7196"},"modified":"2025-09-09T03:25:04","modified_gmt":"2025-09-09T03:25:04","slug":"double-wall-1-5ml-mini-round-cute-masacara-tube","status":"publish","type":"product","link":"https:\/\/www.alovey.com\/es\/producto\/double-wall-1-5ml-mini-round-cute-masacara-tube\/","title":{"rendered":"Mini tubo redondo de masacara de doble pared de 1,5ML"},"content":{"rendered":"<p><strong>Double wall 1.5ML mini round cute masacara tube is for filling cosmetic sample. it can be filled lash serum and eyelash growth serum in it.<\/strong><\/p>\n<p><strong>Alovey, como fabricante profesional chino de envases para cosm\u00e9ticos, produce una exquisita gama de envases personalizados para cosm\u00e9ticos, meticulosamente elaborados para elevar su marca. Nuestra variada selecci\u00f3n de materiales de primera calidad, combinada con delicadas t\u00e9cnicas de acabado superficial como la serigraf\u00eda, la estampaci\u00f3n en caliente y la pulverizaci\u00f3n mate, garantiza que cada envase sea una obra maestra \u00fanica.<\/strong><\/p>\n<p><img fetchpriority=\"high\" decoding=\"async\" class=\"size-full wp-image-7201\" src=\"https:\/\/alovey.com\/wp-content\/uploads\/2024\/11\/Double-wall-1.5ML-mini-round-cute-masacara-tube-MA-0087A-4.jpg\" alt=\"Double wall 1.5ML mini round cute masacara tube MA-0087A\" width=\"750\" height=\"750\" srcset=\"https:\/\/www.alovey.com\/wp-content\/uploads\/2024\/11\/Double-wall-1.5ML-mini-round-cute-masacara-tube-MA-0087A-4.jpg 750w, https:\/\/www.alovey.com\/wp-content\/uploads\/2024\/11\/Double-wall-1.5ML-mini-round-cute-masacara-tube-MA-0087A-4-300x300.jpg 300w, https:\/\/www.alovey.com\/wp-content\/uploads\/2024\/11\/Double-wall-1.5ML-mini-round-cute-masacara-tube-MA-0087A-4-150x150.jpg 150w, https:\/\/www.alovey.com\/wp-content\/uploads\/2024\/11\/Double-wall-1.5ML-mini-round-cute-masacara-tube-MA-0087A-4-600x600.jpg 600w, https:\/\/www.alovey.com\/wp-content\/uploads\/2024\/11\/Double-wall-1.5ML-mini-round-cute-masacara-tube-MA-0087A-4-100x100.jpg 100w\" sizes=\"(max-width: 750px) 100vw, 750px\" \/><\/p>\n<p><img decoding=\"async\" class=\"size-full wp-image-7202\" src=\"https:\/\/alovey.com\/wp-content\/uploads\/2024\/11\/Double-wall-1.5ML-mini-round-cute-masacara-tube-MA-0087A-5.jpg\" alt=\"Double wall 1.5ML mini round cute masacara tube MA-0087A\" width=\"750\" height=\"750\" srcset=\"https:\/\/www.alovey.com\/wp-content\/uploads\/2024\/11\/Double-wall-1.5ML-mini-round-cute-masacara-tube-MA-0087A-5.jpg 750w, https:\/\/www.alovey.com\/wp-content\/uploads\/2024\/11\/Double-wall-1.5ML-mini-round-cute-masacara-tube-MA-0087A-5-300x300.jpg 300w, https:\/\/www.alovey.com\/wp-content\/uploads\/2024\/11\/Double-wall-1.5ML-mini-round-cute-masacara-tube-MA-0087A-5-150x150.jpg 150w, https:\/\/www.alovey.com\/wp-content\/uploads\/2024\/11\/Double-wall-1.5ML-mini-round-cute-masacara-tube-MA-0087A-5-600x600.jpg 600w, https:\/\/www.alovey.com\/wp-content\/uploads\/2024\/11\/Double-wall-1.5ML-mini-round-cute-masacara-tube-MA-0087A-5-100x100.jpg 100w\" sizes=\"(max-width: 750px) 100vw, 750px\" \/><\/p>\n<p><img decoding=\"async\" class=\"size-full wp-image-7199\" src=\"https:\/\/alovey.com\/wp-content\/uploads\/2024\/11\/Double-wall-1.5ML-mini-round-cute-masacara-tube-MA-0087A-2.jpg\" alt=\"Double wall 1.5ML mini round cute masacara tube MA-0087A\" width=\"750\" height=\"750\" srcset=\"https:\/\/www.alovey.com\/wp-content\/uploads\/2024\/11\/Double-wall-1.5ML-mini-round-cute-masacara-tube-MA-0087A-2.jpg 750w, https:\/\/www.alovey.com\/wp-content\/uploads\/2024\/11\/Double-wall-1.5ML-mini-round-cute-masacara-tube-MA-0087A-2-300x300.jpg 300w, https:\/\/www.alovey.com\/wp-content\/uploads\/2024\/11\/Double-wall-1.5ML-mini-round-cute-masacara-tube-MA-0087A-2-150x150.jpg 150w, https:\/\/www.alovey.com\/wp-content\/uploads\/2024\/11\/Double-wall-1.5ML-mini-round-cute-masacara-tube-MA-0087A-2-600x600.jpg 600w, https:\/\/www.alovey.com\/wp-content\/uploads\/2024\/11\/Double-wall-1.5ML-mini-round-cute-masacara-tube-MA-0087A-2-100x100.jpg 100w\" sizes=\"(max-width: 750px) 100vw, 750px\" \/><\/p>\n<p><img loading=\"lazy\" decoding=\"async\" class=\"size-full wp-image-7198\" src=\"https:\/\/alovey.com\/wp-content\/uploads\/2024\/11\/Double-wall-1.5ML-mini-round-cute-masacara-tube-MA-0087A-1.jpg\" alt=\"Double wall 1.5ML mini round cute masacara tube MA-0087A\" width=\"750\" height=\"750\" srcset=\"https:\/\/www.alovey.com\/wp-content\/uploads\/2024\/11\/Double-wall-1.5ML-mini-round-cute-masacara-tube-MA-0087A-1.jpg 750w, https:\/\/www.alovey.com\/wp-content\/uploads\/2024\/11\/Double-wall-1.5ML-mini-round-cute-masacara-tube-MA-0087A-1-300x300.jpg 300w, https:\/\/www.alovey.com\/wp-content\/uploads\/2024\/11\/Double-wall-1.5ML-mini-round-cute-masacara-tube-MA-0087A-1-150x150.jpg 150w, https:\/\/www.alovey.com\/wp-content\/uploads\/2024\/11\/Double-wall-1.5ML-mini-round-cute-masacara-tube-MA-0087A-1-600x600.jpg 600w, https:\/\/www.alovey.com\/wp-content\/uploads\/2024\/11\/Double-wall-1.5ML-mini-round-cute-masacara-tube-MA-0087A-1-100x100.jpg 100w\" sizes=\"(max-width: 750px) 100vw, 750px\" \/><\/p>\n<p><img loading=\"lazy\" decoding=\"async\" class=\"size-full wp-image-7197\" src=\"https:\/\/alovey.com\/wp-content\/uploads\/2024\/11\/Double-wall-1.5ML-mini-round-cute-masacara-tube-MA-0087A-6.jpg\" alt=\"Double wall 1.5ML mini round cute masacara tube MA-0087A\" width=\"750\" height=\"750\" srcset=\"https:\/\/www.alovey.com\/wp-content\/uploads\/2024\/11\/Double-wall-1.5ML-mini-round-cute-masacara-tube-MA-0087A-6.jpg 750w, https:\/\/www.alovey.com\/wp-content\/uploads\/2024\/11\/Double-wall-1.5ML-mini-round-cute-masacara-tube-MA-0087A-6-300x300.jpg 300w, https:\/\/www.alovey.com\/wp-content\/uploads\/2024\/11\/Double-wall-1.5ML-mini-round-cute-masacara-tube-MA-0087A-6-150x150.jpg 150w, https:\/\/www.alovey.com\/wp-content\/uploads\/2024\/11\/Double-wall-1.5ML-mini-round-cute-masacara-tube-MA-0087A-6-600x600.jpg 600w, https:\/\/www.alovey.com\/wp-content\/uploads\/2024\/11\/Double-wall-1.5ML-mini-round-cute-masacara-tube-MA-0087A-6-100x100.jpg 100w\" sizes=\"(max-width: 750px) 100vw, 750px\" \/><\/p>\n<p>&nbsp;<\/p>\n<p>&nbsp;<\/p>\n<p>&nbsp;<\/p>\n<p>&nbsp;<\/p>\n<p>&nbsp;<\/p>\n<p>&nbsp;<\/p>\n<p>&nbsp;<\/p>\n<p>&nbsp;<\/p>\n<p>&nbsp;<\/p>\n<p>&nbsp;<\/p>\n<p>&nbsp;<\/p>\n<p>&nbsp;<\/p>\n<p>&nbsp;<\/p>\n<p>&nbsp;<\/p>\n<p>&nbsp;<\/p>\n<p>&nbsp;<\/p>\n<p>&nbsp;<\/p>\n<p>&nbsp;<\/p>\n<p>&nbsp;<\/p>\n<p>&nbsp;<\/p>\n<p>&nbsp;<\/p>\n<p>&nbsp;<\/p>\n<p>&nbsp;<\/p>\n<p>&nbsp;<\/p>\n<p>&nbsp;<\/p>\n<p>&nbsp;<\/p>\n<p>&nbsp;<\/p>\n<p>&nbsp;<\/p>\n<p>&nbsp;<\/p>\n<p>&nbsp;<\/p>\n<p>&nbsp;<\/p>\n<p>&nbsp;<\/p>\n<p>&nbsp;<\/p>\n<p>&nbsp;<\/p>\n<p>&nbsp;<\/p>\n<p>&nbsp;<\/p>\n<p>&nbsp;<\/p>\n<p>&nbsp;<\/p>\n<p>&nbsp;<\/p>\n<p>&nbsp;<\/p>\n<p>&nbsp;<\/p>\n<p>&nbsp;<\/p>\n<p>&nbsp;<\/p>\n<p>&nbsp;<\/p>\n<p>&nbsp;<\/p>\n<p>&nbsp;<\/p>\n<p>&nbsp;<\/p>\n<p>&nbsp;<\/p>\n<p>&nbsp;<\/p>\n<p>&nbsp;<\/p>\n<p>&nbsp;<\/p>\n<p>&nbsp;<\/p>\n<p>&nbsp;<\/p>\n<p>&nbsp;<\/p>\n<p>&nbsp;<\/p>\n<p>&nbsp;<\/p>\n<p>&nbsp;<\/p>\n<p>&nbsp;<\/p>\n<p>&nbsp;<\/p>\n<p>&nbsp;<\/p>\n<p>&nbsp;<\/p>\n<p>&nbsp;<\/p>\n<p>&nbsp;<\/p>\n<p>&nbsp;<\/p>\n<p>&nbsp;<\/p>\n<p>&nbsp;<\/p>\n<p>&nbsp;<\/p>\n<p>&nbsp;<\/p>\n<p>&nbsp;<\/p>\n<p>&nbsp;<\/p>\n<p>&nbsp;<\/p>\n<p>&nbsp;<\/p>\n<p>&nbsp;<\/p>\n<p>&nbsp;<\/p>\n<p>&nbsp;<\/p>\n<p>&nbsp;<\/p>\n<p>&nbsp;<\/p>\n<p>&nbsp;<\/p>\n<p>&nbsp;<\/p>\n<p>&nbsp;<\/p>\n<p>&nbsp;<\/p>\n<p>&nbsp;<\/p>\n<p>&nbsp;<\/p>\n<p>&nbsp;<\/p>\n<p>&nbsp;<\/p>\n<p>&nbsp;<\/p>\n<p>&nbsp;<\/p>\n<p>&nbsp;<\/p>\n<p>&nbsp;<\/p>\n<p>&nbsp;<\/p>\n<p>&nbsp;<\/p>\n<p>&nbsp;<\/p>\n<p>&nbsp;<\/p>\n<p>&nbsp;<\/p>\n<p>&nbsp;<\/p>\n<p>&nbsp;<\/p>\n<p>&nbsp;<\/p>\n<p>&nbsp;<\/p>\n<p>&nbsp;<\/p>\n<p>&nbsp;<\/p>\n<p>&nbsp;<\/p>\n<p>&nbsp;<\/p>\n<p>&nbsp;<\/p>\n<p>&nbsp;<\/p>\n<p>&nbsp;<\/p>\n<p>&nbsp;<\/p>\n<p>&nbsp;<\/p>\n<p>&nbsp;<\/p>\n<p>&nbsp;<\/p>\n<p>&nbsp;<\/p>\n<p>&nbsp;<\/p>\n<p>&nbsp;<\/p>","protected":false},"excerpt":{"rendered":"<ul>\n<li>Item No:MA-0087A<\/li>\n<li>Material:  Pl\u00e1stico<\/li>\n<li>Capacity:1.5ML<\/li>\n<li>Size: D13*H56 mm<\/li>\n<li>Aplicaciones: Productos de belleza<\/li>\n<li>MOQ: 10.000 piezas<\/li>\n<li>Color: Color personalizado<\/li>\n<li>Tratamiento superficial: Inyecci\u00f3n\/Mate\/Metalizado\/Recubrimiento UV<\/li>\n<li>Nombre de marca: OEM\/ODM<\/li>\n<li>Logotipo: Logotipo del cliente<\/li>\n<li>Capacidad de suministro: 100.000 piezas al mes<\/li>\n<\/ul>","protected":false},"featured_media":7202,"template":"","meta":{"_acf_changed":false},"product_brand":[],"product_cat":[376],"product_tag":[391,453],"class_list":{"0":"post-7196","1":"product","2":"type-product","3":"status-publish","4":"has-post-thumbnail","6":"product_cat-wholesale-empty-eyelash-tube","7":"product_tag-mascara-tube","8":"product_tag-mini-cosmetic-packaging","10":"first","11":"instock","12":"shipping-taxable","13":"product-type-simple"},"acf":[],"yoast_head":"<!-- This site is optimized with the Yoast SEO plugin v24.1 - https:\/\/yoast.com\/wordpress\/plugins\/seo\/ -->\n<title>Double wall 1.5ML mini round cute masacara tube MA-0087A<\/title>\n<meta name=\"description\" content=\"Double wall 1.5ML mini round cute masacara tube is for filling cosmetic sample. it can be filled lash serum and eyelash growth serum in it.\" \/>\n<meta name=\"robots\" content=\"index, follow, max-snippet:-1, max-image-preview:large, max-video-preview:-1\" \/>\n<link rel=\"canonical\" href=\"https:\/\/www.alovey.com\/es\/producto\/double-wall-1-5ml-mini-round-cute-masacara-tube\/\" \/>\n<meta property=\"og:locale\" content=\"es_ES\" \/>\n<meta property=\"og:type\" content=\"article\" \/>\n<meta property=\"og:title\" content=\"Double wall 1.5ML mini round cute masacara tube MA-0087A\" \/>\n<meta property=\"og:description\" content=\"Double wall 1.5ML mini round cute masacara tube is for filling cosmetic sample. it can be filled lash serum and eyelash growth serum in it.\" \/>\n<meta property=\"og:url\" content=\"https:\/\/www.alovey.com\/es\/producto\/double-wall-1-5ml-mini-round-cute-masacara-tube\/\" \/>\n<meta property=\"og:site_name\" content=\"Best Cosmetic Packaging Manufacture\" \/>\n<meta property=\"article:modified_time\" content=\"2025-09-09T03:25:04+00:00\" \/>\n<meta property=\"og:image\" content=\"https:\/\/www.alovey.com\/wp-content\/uploads\/2024\/11\/Double-wall-1.5ML-mini-round-cute-masacara-tube-MA-0087A-5.jpg\" \/>\n\t<meta property=\"og:image:width\" content=\"750\" \/>\n\t<meta property=\"og:image:height\" content=\"750\" \/>\n\t<meta property=\"og:image:type\" content=\"image\/jpeg\" \/>\n<meta name=\"twitter:card\" content=\"summary_large_image\" \/>\n<meta name=\"twitter:label1\" content=\"Tiempo de lectura\" \/>\n\t<meta name=\"twitter:data1\" content=\"2 minutos\" \/>\n<script type=\"application\/ld+json\" class=\"yoast-schema-graph\">{\"@context\":\"https:\/\/schema.org\",\"@graph\":[{\"@type\":\"WebPage\",\"@id\":\"https:\/\/www.alovey.com\/product\/double-wall-1-5ml-mini-round-cute-masacara-tube\/\",\"url\":\"https:\/\/www.alovey.com\/product\/double-wall-1-5ml-mini-round-cute-masacara-tube\/\",\"name\":\"Double wall 1.5ML mini round cute masacara tube MA-0087A\",\"isPartOf\":{\"@id\":\"https:\/\/www.alovey.com\/#website\"},\"primaryImageOfPage\":{\"@id\":\"https:\/\/www.alovey.com\/product\/double-wall-1-5ml-mini-round-cute-masacara-tube\/#primaryimage\"},\"image\":{\"@id\":\"https:\/\/www.alovey.com\/product\/double-wall-1-5ml-mini-round-cute-masacara-tube\/#primaryimage\"},\"thumbnailUrl\":\"https:\/\/www.alovey.com\/wp-content\/uploads\/2024\/11\/Double-wall-1.5ML-mini-round-cute-masacara-tube-MA-0087A-5.jpg\",\"datePublished\":\"2024-11-07T08:47:22+00:00\",\"dateModified\":\"2025-09-09T03:25:04+00:00\",\"description\":\"Double wall 1.5ML mini round cute masacara tube is for filling cosmetic sample. it can be filled lash serum and eyelash growth serum in it.\",\"breadcrumb\":{\"@id\":\"https:\/\/www.alovey.com\/product\/double-wall-1-5ml-mini-round-cute-masacara-tube\/#breadcrumb\"},\"inLanguage\":\"es\",\"potentialAction\":[{\"@type\":\"ReadAction\",\"target\":[\"https:\/\/www.alovey.com\/product\/double-wall-1-5ml-mini-round-cute-masacara-tube\/\"]}]},{\"@type\":\"ImageObject\",\"inLanguage\":\"es\",\"@id\":\"https:\/\/www.alovey.com\/product\/double-wall-1-5ml-mini-round-cute-masacara-tube\/#primaryimage\",\"url\":\"https:\/\/www.alovey.com\/wp-content\/uploads\/2024\/11\/Double-wall-1.5ML-mini-round-cute-masacara-tube-MA-0087A-5.jpg\",\"contentUrl\":\"https:\/\/www.alovey.com\/wp-content\/uploads\/2024\/11\/Double-wall-1.5ML-mini-round-cute-masacara-tube-MA-0087A-5.jpg\",\"width\":750,\"height\":750,\"caption\":\"Double wall 1.5ML mini round cute masacara tube MA-0087A\"},{\"@type\":\"BreadcrumbList\",\"@id\":\"https:\/\/www.alovey.com\/product\/double-wall-1-5ml-mini-round-cute-masacara-tube\/#breadcrumb\",\"itemListElement\":[{\"@type\":\"ListItem\",\"position\":1,\"name\":\"\u9996\u9875\",\"item\":\"https:\/\/www.alovey.com\/\"},{\"@type\":\"ListItem\",\"position\":2,\"name\":\"Products\",\"item\":\"https:\/\/www.alovey.com\/products\/\"},{\"@type\":\"ListItem\",\"position\":3,\"name\":\"Double wall 1.5ML mini round cute masacara tube\"}]},{\"@type\":\"WebSite\",\"@id\":\"https:\/\/www.alovey.com\/#website\",\"url\":\"https:\/\/www.alovey.com\/\",\"name\":\"Best Cosmetic Packaging Manufacture\",\"description\":\"Alovey Cosmetic Packaging Co.,Ltd\",\"publisher\":{\"@id\":\"https:\/\/www.alovey.com\/#organization\"},\"potentialAction\":[{\"@type\":\"SearchAction\",\"target\":{\"@type\":\"EntryPoint\",\"urlTemplate\":\"https:\/\/www.alovey.com\/?s={search_term_string}\"},\"query-input\":{\"@type\":\"PropertyValueSpecification\",\"valueRequired\":true,\"valueName\":\"search_term_string\"}}],\"inLanguage\":\"es\"},{\"@type\":\"Organization\",\"@id\":\"https:\/\/www.alovey.com\/#organization\",\"name\":\"Best Cosmetic Packaging Manufacture\",\"url\":\"https:\/\/www.alovey.com\/\",\"logo\":{\"@type\":\"ImageObject\",\"inLanguage\":\"es\",\"@id\":\"https:\/\/www.alovey.com\/#\/schema\/logo\/image\/\",\"url\":\"https:\/\/www.alovey.com\/wp-content\/uploads\/2023\/03\/logo.png\",\"contentUrl\":\"https:\/\/www.alovey.com\/wp-content\/uploads\/2023\/03\/logo.png\",\"width\":505,\"height\":180,\"caption\":\"Best  Cosmetic Packaging Manufacture\"},\"image\":{\"@id\":\"https:\/\/www.alovey.com\/#\/schema\/logo\/image\/\"}}]}<\/script>\n<!-- \/ Yoast SEO plugin. -->","yoast_head_json":{"title":"Double wall 1.5ML mini round cute masacara tube MA-0087A","description":"Double wall 1.5ML mini round cute masacara tube is for filling cosmetic sample. it can be filled lash serum and eyelash growth serum in it.","robots":{"index":"index","follow":"follow","max-snippet":"max-snippet:-1","max-image-preview":"max-image-preview:large","max-video-preview":"max-video-preview:-1"},"canonical":"https:\/\/www.alovey.com\/es\/producto\/double-wall-1-5ml-mini-round-cute-masacara-tube\/","og_locale":"es_ES","og_type":"article","og_title":"Double wall 1.5ML mini round cute masacara tube MA-0087A","og_description":"Double wall 1.5ML mini round cute masacara tube is for filling cosmetic sample. it can be filled lash serum and eyelash growth serum in it.","og_url":"https:\/\/www.alovey.com\/es\/producto\/double-wall-1-5ml-mini-round-cute-masacara-tube\/","og_site_name":"Best Cosmetic Packaging Manufacture","article_modified_time":"2025-09-09T03:25:04+00:00","og_image":[{"width":750,"height":750,"url":"https:\/\/www.alovey.com\/wp-content\/uploads\/2024\/11\/Double-wall-1.5ML-mini-round-cute-masacara-tube-MA-0087A-5.jpg","type":"image\/jpeg"}],"twitter_card":"summary_large_image","twitter_misc":{"Tiempo de lectura":"2 minutos"},"schema":{"@context":"https:\/\/schema.org","@graph":[{"@type":"WebPage","@id":"https:\/\/www.alovey.com\/product\/double-wall-1-5ml-mini-round-cute-masacara-tube\/","url":"https:\/\/www.alovey.com\/product\/double-wall-1-5ml-mini-round-cute-masacara-tube\/","name":"Double wall 1.5ML mini round cute masacara tube MA-0087A","isPartOf":{"@id":"https:\/\/www.alovey.com\/#website"},"primaryImageOfPage":{"@id":"https:\/\/www.alovey.com\/product\/double-wall-1-5ml-mini-round-cute-masacara-tube\/#primaryimage"},"image":{"@id":"https:\/\/www.alovey.com\/product\/double-wall-1-5ml-mini-round-cute-masacara-tube\/#primaryimage"},"thumbnailUrl":"https:\/\/www.alovey.com\/wp-content\/uploads\/2024\/11\/Double-wall-1.5ML-mini-round-cute-masacara-tube-MA-0087A-5.jpg","datePublished":"2024-11-07T08:47:22+00:00","dateModified":"2025-09-09T03:25:04+00:00","description":"Double wall 1.5ML mini round cute masacara tube is for filling cosmetic sample. it can be filled lash serum and eyelash growth serum in it.","breadcrumb":{"@id":"https:\/\/www.alovey.com\/product\/double-wall-1-5ml-mini-round-cute-masacara-tube\/#breadcrumb"},"inLanguage":"es","potentialAction":[{"@type":"ReadAction","target":["https:\/\/www.alovey.com\/product\/double-wall-1-5ml-mini-round-cute-masacara-tube\/"]}]},{"@type":"ImageObject","inLanguage":"es","@id":"https:\/\/www.alovey.com\/product\/double-wall-1-5ml-mini-round-cute-masacara-tube\/#primaryimage","url":"https:\/\/www.alovey.com\/wp-content\/uploads\/2024\/11\/Double-wall-1.5ML-mini-round-cute-masacara-tube-MA-0087A-5.jpg","contentUrl":"https:\/\/www.alovey.com\/wp-content\/uploads\/2024\/11\/Double-wall-1.5ML-mini-round-cute-masacara-tube-MA-0087A-5.jpg","width":750,"height":750,"caption":"Double wall 1.5ML mini round cute masacara tube MA-0087A"},{"@type":"BreadcrumbList","@id":"https:\/\/www.alovey.com\/product\/double-wall-1-5ml-mini-round-cute-masacara-tube\/#breadcrumb","itemListElement":[{"@type":"ListItem","position":1,"name":"\u9996\u9875","item":"https:\/\/www.alovey.com\/"},{"@type":"ListItem","position":2,"name":"Products","item":"https:\/\/www.alovey.com\/products\/"},{"@type":"ListItem","position":3,"name":"Double wall 1.5ML mini round cute masacara tube"}]},{"@type":"WebSite","@id":"https:\/\/www.alovey.com\/#website","url":"https:\/\/www.alovey.com\/","name":"Best Cosmetic Packaging Manufacture","description":"Alovey Cosmetic Packaging S.L.","publisher":{"@id":"https:\/\/www.alovey.com\/#organization"},"potentialAction":[{"@type":"SearchAction","target":{"@type":"EntryPoint","urlTemplate":"https:\/\/www.alovey.com\/?s={search_term_string}"},"query-input":{"@type":"PropertyValueSpecification","valueRequired":true,"valueName":"search_term_string"}}],"inLanguage":"es"},{"@type":"Organization","@id":"https:\/\/www.alovey.com\/#organization","name":"Best Cosmetic Packaging Manufacture","url":"https:\/\/www.alovey.com\/","logo":{"@type":"ImageObject","inLanguage":"es","@id":"https:\/\/www.alovey.com\/#\/schema\/logo\/image\/","url":"https:\/\/www.alovey.com\/wp-content\/uploads\/2023\/03\/logo.png","contentUrl":"https:\/\/www.alovey.com\/wp-content\/uploads\/2023\/03\/logo.png","width":505,"height":180,"caption":"Best  Cosmetic Packaging Manufacture"},"image":{"@id":"https:\/\/www.alovey.com\/#\/schema\/logo\/image\/"}}]}},"_links":{"self":[{"href":"https:\/\/www.alovey.com\/es\/wp-json\/wp\/v2\/product\/7196"}],"collection":[{"href":"https:\/\/www.alovey.com\/es\/wp-json\/wp\/v2\/product"}],"about":[{"href":"https:\/\/www.alovey.com\/es\/wp-json\/wp\/v2\/types\/product"}],"wp:featuredmedia":[{"embeddable":true,"href":"https:\/\/www.alovey.com\/es\/wp-json\/wp\/v2\/media\/7202"}],"wp:attachment":[{"href":"https:\/\/www.alovey.com\/es\/wp-json\/wp\/v2\/media?parent=7196"}],"wp:term":[{"taxonomy":"product_brand","embeddable":true,"href":"https:\/\/www.alovey.com\/es\/wp-json\/wp\/v2\/product_brand?post=7196"},{"taxonomy":"product_cat","embeddable":true,"href":"https:\/\/www.alovey.com\/es\/wp-json\/wp\/v2\/product_cat?post=7196"},{"taxonomy":"product_tag","embeddable":true,"href":"https:\/\/www.alovey.com\/es\/wp-json\/wp\/v2\/product_tag?post=7196"}],"curies":[{"name":"wp","href":"https:\/\/api.w.org\/{rel}","templated":true}]}}