{"id":7084,"date":"2024-11-05T02:56:41","date_gmt":"2024-11-05T02:56:41","guid":{"rendered":"https:\/\/alovey.com\/?post_type=product&#038;p=7084"},"modified":"2024-11-16T03:59:03","modified_gmt":"2024-11-16T03:59:03","slug":"cusotms-logo-clear-square-lip-stick-case-tube-packaging","status":"publish","type":"product","link":"https:\/\/www.alovey.com\/es\/producto\/cusotms-logo-clear-square-lip-stick-case-tube-packaging\/","title":{"rendered":"Cusotms Logo clear square lip stick case tube packaging"},"content":{"rendered":"<p><strong>This customs logo clear square lip stick case tube packaging is perfect for filling lipstick and easy to show in the market.<\/strong><\/p>\n<p><strong>Alovey, como fabricante profesional chino de envases para cosm\u00e9ticos, produce una exquisita gama de envases personalizados para cosm\u00e9ticos, meticulosamente elaborados para elevar su marca. Nuestra variada selecci\u00f3n de materiales de primera calidad, combinada con delicadas t\u00e9cnicas de acabado superficial como la serigraf\u00eda, la estampaci\u00f3n en caliente y la pulverizaci\u00f3n mate, garantiza que cada envase sea una obra maestra \u00fanica.<\/strong><\/p>\n<p><img fetchpriority=\"high\" decoding=\"async\" class=\"size-full wp-image-7100\" src=\"https:\/\/alovey.com\/wp-content\/uploads\/2024\/11\/Cusotms-Logo-clear-square-lip-stick-case-tube-packaging-LS-0026B-8.jpg\" alt=\"Cusotms Logo clear square lip stick case tube packaging LS-0026B\" width=\"750\" height=\"750\" srcset=\"https:\/\/www.alovey.com\/wp-content\/uploads\/2024\/11\/Cusotms-Logo-clear-square-lip-stick-case-tube-packaging-LS-0026B-8.jpg 750w, https:\/\/www.alovey.com\/wp-content\/uploads\/2024\/11\/Cusotms-Logo-clear-square-lip-stick-case-tube-packaging-LS-0026B-8-300x300.jpg 300w, https:\/\/www.alovey.com\/wp-content\/uploads\/2024\/11\/Cusotms-Logo-clear-square-lip-stick-case-tube-packaging-LS-0026B-8-150x150.jpg 150w, https:\/\/www.alovey.com\/wp-content\/uploads\/2024\/11\/Cusotms-Logo-clear-square-lip-stick-case-tube-packaging-LS-0026B-8-600x600.jpg 600w, https:\/\/www.alovey.com\/wp-content\/uploads\/2024\/11\/Cusotms-Logo-clear-square-lip-stick-case-tube-packaging-LS-0026B-8-100x100.jpg 100w\" sizes=\"(max-width: 750px) 100vw, 750px\" \/><\/p>\n<p><img decoding=\"async\" class=\"size-full wp-image-7099\" src=\"https:\/\/alovey.com\/wp-content\/uploads\/2024\/11\/Cusotms-Logo-clear-square-lip-stick-case-tube-packaging-LS-0026B-7.jpg\" alt=\"Cusotms Logo clear square lip stick case tube packaging LS-0026B\" width=\"750\" height=\"750\" srcset=\"https:\/\/www.alovey.com\/wp-content\/uploads\/2024\/11\/Cusotms-Logo-clear-square-lip-stick-case-tube-packaging-LS-0026B-7.jpg 750w, https:\/\/www.alovey.com\/wp-content\/uploads\/2024\/11\/Cusotms-Logo-clear-square-lip-stick-case-tube-packaging-LS-0026B-7-300x300.jpg 300w, https:\/\/www.alovey.com\/wp-content\/uploads\/2024\/11\/Cusotms-Logo-clear-square-lip-stick-case-tube-packaging-LS-0026B-7-150x150.jpg 150w, https:\/\/www.alovey.com\/wp-content\/uploads\/2024\/11\/Cusotms-Logo-clear-square-lip-stick-case-tube-packaging-LS-0026B-7-600x600.jpg 600w, https:\/\/www.alovey.com\/wp-content\/uploads\/2024\/11\/Cusotms-Logo-clear-square-lip-stick-case-tube-packaging-LS-0026B-7-100x100.jpg 100w\" sizes=\"(max-width: 750px) 100vw, 750px\" \/><\/p>\n<p><img decoding=\"async\" class=\"size-full wp-image-7102\" src=\"https:\/\/alovey.com\/wp-content\/uploads\/2024\/11\/Cusotms-Logo-clear-square-lip-stick-case-tube-packaging-LS-0026B-4.jpg\" alt=\"Cusotms Logo clear square lip stick case tube packaging LS-0026B\" width=\"750\" height=\"750\" srcset=\"https:\/\/www.alovey.com\/wp-content\/uploads\/2024\/11\/Cusotms-Logo-clear-square-lip-stick-case-tube-packaging-LS-0026B-4.jpg 750w, https:\/\/www.alovey.com\/wp-content\/uploads\/2024\/11\/Cusotms-Logo-clear-square-lip-stick-case-tube-packaging-LS-0026B-4-300x300.jpg 300w, https:\/\/www.alovey.com\/wp-content\/uploads\/2024\/11\/Cusotms-Logo-clear-square-lip-stick-case-tube-packaging-LS-0026B-4-150x150.jpg 150w, https:\/\/www.alovey.com\/wp-content\/uploads\/2024\/11\/Cusotms-Logo-clear-square-lip-stick-case-tube-packaging-LS-0026B-4-600x600.jpg 600w, https:\/\/www.alovey.com\/wp-content\/uploads\/2024\/11\/Cusotms-Logo-clear-square-lip-stick-case-tube-packaging-LS-0026B-4-100x100.jpg 100w\" sizes=\"(max-width: 750px) 100vw, 750px\" \/><\/p>\n<p><img loading=\"lazy\" decoding=\"async\" class=\"size-full wp-image-7103\" src=\"https:\/\/alovey.com\/wp-content\/uploads\/2024\/11\/Cusotms-Logo-clear-square-lip-stick-case-tube-packaging-LS-0026B-5.jpg\" alt=\"Cusotms Logo clear square lip stick case tube packaging LS-0026B\" width=\"750\" height=\"750\" srcset=\"https:\/\/www.alovey.com\/wp-content\/uploads\/2024\/11\/Cusotms-Logo-clear-square-lip-stick-case-tube-packaging-LS-0026B-5.jpg 750w, https:\/\/www.alovey.com\/wp-content\/uploads\/2024\/11\/Cusotms-Logo-clear-square-lip-stick-case-tube-packaging-LS-0026B-5-300x300.jpg 300w, https:\/\/www.alovey.com\/wp-content\/uploads\/2024\/11\/Cusotms-Logo-clear-square-lip-stick-case-tube-packaging-LS-0026B-5-150x150.jpg 150w, https:\/\/www.alovey.com\/wp-content\/uploads\/2024\/11\/Cusotms-Logo-clear-square-lip-stick-case-tube-packaging-LS-0026B-5-600x600.jpg 600w, https:\/\/www.alovey.com\/wp-content\/uploads\/2024\/11\/Cusotms-Logo-clear-square-lip-stick-case-tube-packaging-LS-0026B-5-100x100.jpg 100w\" sizes=\"(max-width: 750px) 100vw, 750px\" \/><\/p>\n<p><img loading=\"lazy\" decoding=\"async\" class=\"size-full wp-image-7104\" src=\"https:\/\/alovey.com\/wp-content\/uploads\/2024\/11\/Cusotms-Logo-clear-square-lip-stick-case-tube-packaging-LS-0026B-6.jpg\" alt=\"Cusotms Logo clear square lip stick case tube packaging LS-0026B\" width=\"750\" height=\"750\" srcset=\"https:\/\/www.alovey.com\/wp-content\/uploads\/2024\/11\/Cusotms-Logo-clear-square-lip-stick-case-tube-packaging-LS-0026B-6.jpg 750w, https:\/\/www.alovey.com\/wp-content\/uploads\/2024\/11\/Cusotms-Logo-clear-square-lip-stick-case-tube-packaging-LS-0026B-6-300x300.jpg 300w, https:\/\/www.alovey.com\/wp-content\/uploads\/2024\/11\/Cusotms-Logo-clear-square-lip-stick-case-tube-packaging-LS-0026B-6-150x150.jpg 150w, https:\/\/www.alovey.com\/wp-content\/uploads\/2024\/11\/Cusotms-Logo-clear-square-lip-stick-case-tube-packaging-LS-0026B-6-600x600.jpg 600w, https:\/\/www.alovey.com\/wp-content\/uploads\/2024\/11\/Cusotms-Logo-clear-square-lip-stick-case-tube-packaging-LS-0026B-6-100x100.jpg 100w\" sizes=\"(max-width: 750px) 100vw, 750px\" \/><\/p>\n<p><img loading=\"lazy\" decoding=\"async\" class=\"size-full wp-image-7101\" src=\"https:\/\/alovey.com\/wp-content\/uploads\/2024\/11\/Cusotms-Logo-clear-square-lip-stick-case-tube-packaging-LS-0026B-1.jpg\" alt=\"Cusotms Logo clear square lip stick case tube packaging LS-0026B\" width=\"750\" height=\"750\" srcset=\"https:\/\/www.alovey.com\/wp-content\/uploads\/2024\/11\/Cusotms-Logo-clear-square-lip-stick-case-tube-packaging-LS-0026B-1.jpg 750w, https:\/\/www.alovey.com\/wp-content\/uploads\/2024\/11\/Cusotms-Logo-clear-square-lip-stick-case-tube-packaging-LS-0026B-1-300x300.jpg 300w, https:\/\/www.alovey.com\/wp-content\/uploads\/2024\/11\/Cusotms-Logo-clear-square-lip-stick-case-tube-packaging-LS-0026B-1-150x150.jpg 150w, https:\/\/www.alovey.com\/wp-content\/uploads\/2024\/11\/Cusotms-Logo-clear-square-lip-stick-case-tube-packaging-LS-0026B-1-600x600.jpg 600w, https:\/\/www.alovey.com\/wp-content\/uploads\/2024\/11\/Cusotms-Logo-clear-square-lip-stick-case-tube-packaging-LS-0026B-1-100x100.jpg 100w\" sizes=\"(max-width: 750px) 100vw, 750px\" \/><\/p>\n<p>&nbsp;<\/p>\n<p>&nbsp;<\/p>\n<p>&nbsp;<\/p>\n<p>&nbsp;<\/p>\n<p>&nbsp;<\/p>\n<p>&nbsp;<\/p>\n<p>&nbsp;<\/p>\n<p>&nbsp;<\/p>\n<p>&nbsp;<\/p>\n<p>&nbsp;<\/p>\n<p>&nbsp;<\/p>\n<p>&nbsp;<\/p>\n<p>&nbsp;<\/p>\n<p>&nbsp;<\/p>\n<p>&nbsp;<\/p>\n<p>&nbsp;<\/p>\n<p>&nbsp;<\/p>\n<p>&nbsp;<\/p>\n<p>&nbsp;<\/p>\n<p>&nbsp;<\/p>\n<p>&nbsp;<\/p>\n<p>&nbsp;<\/p>\n<p>&nbsp;<\/p>\n<p>&nbsp;<\/p>\n<p>&nbsp;<\/p>\n<p>&nbsp;<\/p>\n<p>&nbsp;<\/p>\n<p>&nbsp;<\/p>\n<p>&nbsp;<\/p>\n<p>&nbsp;<\/p>\n<p>&nbsp;<\/p>\n<p>&nbsp;<\/p>\n<p>&nbsp;<\/p>\n<p>&nbsp;<\/p>\n<p>&nbsp;<\/p>\n<p>&nbsp;<\/p>\n<p>&nbsp;<\/p>\n<p>&nbsp;<\/p>\n<p>&nbsp;<\/p>\n<p>&nbsp;<\/p>\n<p>&nbsp;<\/p>\n<p>&nbsp;<\/p>\n<p>&nbsp;<\/p>\n<p>&nbsp;<\/p>\n<p>&nbsp;<\/p>\n<p>&nbsp;<\/p>\n<p>&nbsp;<\/p>\n<p>&nbsp;<\/p>\n<p>&nbsp;<\/p>\n<p>&nbsp;<\/p>\n<p>&nbsp;<\/p>\n<p>&nbsp;<\/p>\n<p>&nbsp;<\/p>\n<p>&nbsp;<\/p>\n<p>&nbsp;<\/p>\n<p>&nbsp;<\/p>\n<p>&nbsp;<\/p>\n<p>&nbsp;<\/p>\n<p>&nbsp;<\/p>\n<p>&nbsp;<\/p>\n<p>&nbsp;<\/p>\n<p>&nbsp;<\/p>\n<p>&nbsp;<\/p>\n<p>&nbsp;<\/p>\n<p>&nbsp;<\/p>\n<p>&nbsp;<\/p>\n<p>&nbsp;<\/p>\n<p>&nbsp;<\/p>\n<p>&nbsp;<\/p>\n<p>&nbsp;<\/p>\n<p>&nbsp;<\/p>\n<p>&nbsp;<\/p>\n<p>&nbsp;<\/p>\n<p>&nbsp;<\/p>\n<p>&nbsp;<\/p>\n<p>&nbsp;<\/p>\n<p>&nbsp;<\/p>\n<p>&nbsp;<\/p>\n<p>&nbsp;<\/p>\n<p>&nbsp;<\/p>\n<p>&nbsp;<\/p>\n<p>&nbsp;<\/p>\n<p>&nbsp;<\/p>\n<p>&nbsp;<\/p>\n<p>&nbsp;<\/p>\n<p>&nbsp;<\/p>\n<p>&nbsp;<\/p>\n<p>&nbsp;<\/p>\n<p>&nbsp;<\/p>","protected":false},"excerpt":{"rendered":"<ul>\n<li>Item No:LS-0026B<\/li>\n<li>Material:  Pl\u00e1stico<\/li>\n<li>Size:W23*H68mm<\/li>\n<li>Aplicaciones: Productos de belleza<\/li>\n<li>MOQ: 10.000 piezas<\/li>\n<li>Color: Color personalizado<\/li>\n<li>Tratamiento superficial: Inyecci\u00f3n\/Mate\/Metalizado\/Recubrimiento UV<\/li>\n<li>Nombre de marca: OEM\/ODM<\/li>\n<li>Logotipo: Logotipo del cliente<\/li>\n<li>Capacidad de suministro: 100.000 piezas al mes<\/li>\n<\/ul>\n<p>&nbsp;<\/p>","protected":false},"featured_media":7103,"template":"","meta":{"_acf_changed":false},"product_brand":[],"product_cat":[373],"product_tag":[389],"class_list":{"0":"post-7084","1":"product","2":"type-product","3":"status-publish","4":"has-post-thumbnail","6":"product_cat-professional-lipstick-tube-supplier","7":"product_tag-lip-stick-tube","9":"first","10":"instock","11":"shipping-taxable","12":"product-type-simple"},"acf":[],"yoast_head":"<!-- This site is optimized with the Yoast SEO plugin v24.1 - https:\/\/yoast.com\/wordpress\/plugins\/seo\/ -->\n<title>Cusotms Logo clear square lip stick case tube packaging LS-0026B<\/title>\n<meta name=\"description\" content=\"This customs logo clear square lip stick case tube packaging is perfect for filling lipstick and easy to show in the market.\" \/>\n<meta name=\"robots\" content=\"index, follow, max-snippet:-1, max-image-preview:large, max-video-preview:-1\" \/>\n<link rel=\"canonical\" href=\"https:\/\/www.alovey.com\/es\/producto\/cusotms-logo-clear-square-lip-stick-case-tube-packaging\/\" \/>\n<meta property=\"og:locale\" content=\"es_ES\" \/>\n<meta property=\"og:type\" content=\"article\" \/>\n<meta property=\"og:title\" content=\"Cusotms Logo clear square lip stick case tube packaging LS-0026B\" \/>\n<meta property=\"og:description\" content=\"This customs logo clear square lip stick case tube packaging is perfect for filling lipstick and easy to show in the market.\" \/>\n<meta property=\"og:url\" content=\"https:\/\/www.alovey.com\/es\/producto\/cusotms-logo-clear-square-lip-stick-case-tube-packaging\/\" \/>\n<meta property=\"og:site_name\" content=\"Best Cosmetic Packaging Manufacture\" \/>\n<meta property=\"article:modified_time\" content=\"2024-11-16T03:59:03+00:00\" \/>\n<meta property=\"og:image\" content=\"https:\/\/www.alovey.com\/wp-content\/uploads\/2024\/11\/Cusotms-Logo-clear-square-lip-stick-case-tube-packaging-LS-0026B-5.jpg\" \/>\n\t<meta property=\"og:image:width\" content=\"750\" \/>\n\t<meta property=\"og:image:height\" content=\"750\" \/>\n\t<meta property=\"og:image:type\" content=\"image\/jpeg\" \/>\n<meta name=\"twitter:card\" content=\"summary_large_image\" \/>\n<meta name=\"twitter:label1\" content=\"Tiempo de lectura\" \/>\n\t<meta name=\"twitter:data1\" content=\"2 minutos\" \/>\n<script type=\"application\/ld+json\" class=\"yoast-schema-graph\">{\"@context\":\"https:\/\/schema.org\",\"@graph\":[{\"@type\":\"WebPage\",\"@id\":\"https:\/\/www.alovey.com\/product\/cusotms-logo-clear-square-lip-stick-case-tube-packaging\/\",\"url\":\"https:\/\/www.alovey.com\/product\/cusotms-logo-clear-square-lip-stick-case-tube-packaging\/\",\"name\":\"Cusotms Logo clear square lip stick case tube packaging LS-0026B\",\"isPartOf\":{\"@id\":\"https:\/\/www.alovey.com\/#website\"},\"primaryImageOfPage\":{\"@id\":\"https:\/\/www.alovey.com\/product\/cusotms-logo-clear-square-lip-stick-case-tube-packaging\/#primaryimage\"},\"image\":{\"@id\":\"https:\/\/www.alovey.com\/product\/cusotms-logo-clear-square-lip-stick-case-tube-packaging\/#primaryimage\"},\"thumbnailUrl\":\"https:\/\/www.alovey.com\/wp-content\/uploads\/2024\/11\/Cusotms-Logo-clear-square-lip-stick-case-tube-packaging-LS-0026B-5.jpg\",\"datePublished\":\"2024-11-05T02:56:41+00:00\",\"dateModified\":\"2024-11-16T03:59:03+00:00\",\"description\":\"This customs logo clear square lip stick case tube packaging is perfect for filling lipstick and easy to show in the market.\",\"breadcrumb\":{\"@id\":\"https:\/\/www.alovey.com\/product\/cusotms-logo-clear-square-lip-stick-case-tube-packaging\/#breadcrumb\"},\"inLanguage\":\"es\",\"potentialAction\":[{\"@type\":\"ReadAction\",\"target\":[\"https:\/\/www.alovey.com\/product\/cusotms-logo-clear-square-lip-stick-case-tube-packaging\/\"]}]},{\"@type\":\"ImageObject\",\"inLanguage\":\"es\",\"@id\":\"https:\/\/www.alovey.com\/product\/cusotms-logo-clear-square-lip-stick-case-tube-packaging\/#primaryimage\",\"url\":\"https:\/\/www.alovey.com\/wp-content\/uploads\/2024\/11\/Cusotms-Logo-clear-square-lip-stick-case-tube-packaging-LS-0026B-5.jpg\",\"contentUrl\":\"https:\/\/www.alovey.com\/wp-content\/uploads\/2024\/11\/Cusotms-Logo-clear-square-lip-stick-case-tube-packaging-LS-0026B-5.jpg\",\"width\":750,\"height\":750,\"caption\":\"Cusotms Logo clear square lip stick case tube packaging LS-0026B\"},{\"@type\":\"BreadcrumbList\",\"@id\":\"https:\/\/www.alovey.com\/product\/cusotms-logo-clear-square-lip-stick-case-tube-packaging\/#breadcrumb\",\"itemListElement\":[{\"@type\":\"ListItem\",\"position\":1,\"name\":\"\u9996\u9875\",\"item\":\"https:\/\/www.alovey.com\/\"},{\"@type\":\"ListItem\",\"position\":2,\"name\":\"Products\",\"item\":\"https:\/\/www.alovey.com\/products\/\"},{\"@type\":\"ListItem\",\"position\":3,\"name\":\"Cusotms Logo clear square lip stick case tube packaging\"}]},{\"@type\":\"WebSite\",\"@id\":\"https:\/\/www.alovey.com\/#website\",\"url\":\"https:\/\/www.alovey.com\/\",\"name\":\"Best Cosmetic Packaging Manufacture\",\"description\":\"Alovey Cosmetic Packaging Co.,Ltd\",\"publisher\":{\"@id\":\"https:\/\/www.alovey.com\/#organization\"},\"potentialAction\":[{\"@type\":\"SearchAction\",\"target\":{\"@type\":\"EntryPoint\",\"urlTemplate\":\"https:\/\/www.alovey.com\/?s={search_term_string}\"},\"query-input\":{\"@type\":\"PropertyValueSpecification\",\"valueRequired\":true,\"valueName\":\"search_term_string\"}}],\"inLanguage\":\"es\"},{\"@type\":\"Organization\",\"@id\":\"https:\/\/www.alovey.com\/#organization\",\"name\":\"Best Cosmetic Packaging Manufacture\",\"url\":\"https:\/\/www.alovey.com\/\",\"logo\":{\"@type\":\"ImageObject\",\"inLanguage\":\"es\",\"@id\":\"https:\/\/www.alovey.com\/#\/schema\/logo\/image\/\",\"url\":\"https:\/\/www.alovey.com\/wp-content\/uploads\/2023\/03\/logo.png\",\"contentUrl\":\"https:\/\/www.alovey.com\/wp-content\/uploads\/2023\/03\/logo.png\",\"width\":505,\"height\":180,\"caption\":\"Best  Cosmetic Packaging Manufacture\"},\"image\":{\"@id\":\"https:\/\/www.alovey.com\/#\/schema\/logo\/image\/\"}}]}<\/script>\n<!-- \/ Yoast SEO plugin. -->","yoast_head_json":{"title":"Cusotms Logo clear square lip stick case tube packaging LS-0026B","description":"This customs logo clear square lip stick case tube packaging is perfect for filling lipstick and easy to show in the market.","robots":{"index":"index","follow":"follow","max-snippet":"max-snippet:-1","max-image-preview":"max-image-preview:large","max-video-preview":"max-video-preview:-1"},"canonical":"https:\/\/www.alovey.com\/es\/producto\/cusotms-logo-clear-square-lip-stick-case-tube-packaging\/","og_locale":"es_ES","og_type":"article","og_title":"Cusotms Logo clear square lip stick case tube packaging LS-0026B","og_description":"This customs logo clear square lip stick case tube packaging is perfect for filling lipstick and easy to show in the market.","og_url":"https:\/\/www.alovey.com\/es\/producto\/cusotms-logo-clear-square-lip-stick-case-tube-packaging\/","og_site_name":"Best Cosmetic Packaging Manufacture","article_modified_time":"2024-11-16T03:59:03+00:00","og_image":[{"width":750,"height":750,"url":"https:\/\/www.alovey.com\/wp-content\/uploads\/2024\/11\/Cusotms-Logo-clear-square-lip-stick-case-tube-packaging-LS-0026B-5.jpg","type":"image\/jpeg"}],"twitter_card":"summary_large_image","twitter_misc":{"Tiempo de lectura":"2 minutos"},"schema":{"@context":"https:\/\/schema.org","@graph":[{"@type":"WebPage","@id":"https:\/\/www.alovey.com\/product\/cusotms-logo-clear-square-lip-stick-case-tube-packaging\/","url":"https:\/\/www.alovey.com\/product\/cusotms-logo-clear-square-lip-stick-case-tube-packaging\/","name":"Cusotms Logo clear square lip stick case tube packaging LS-0026B","isPartOf":{"@id":"https:\/\/www.alovey.com\/#website"},"primaryImageOfPage":{"@id":"https:\/\/www.alovey.com\/product\/cusotms-logo-clear-square-lip-stick-case-tube-packaging\/#primaryimage"},"image":{"@id":"https:\/\/www.alovey.com\/product\/cusotms-logo-clear-square-lip-stick-case-tube-packaging\/#primaryimage"},"thumbnailUrl":"https:\/\/www.alovey.com\/wp-content\/uploads\/2024\/11\/Cusotms-Logo-clear-square-lip-stick-case-tube-packaging-LS-0026B-5.jpg","datePublished":"2024-11-05T02:56:41+00:00","dateModified":"2024-11-16T03:59:03+00:00","description":"This customs logo clear square lip stick case tube packaging is perfect for filling lipstick and easy to show in the market.","breadcrumb":{"@id":"https:\/\/www.alovey.com\/product\/cusotms-logo-clear-square-lip-stick-case-tube-packaging\/#breadcrumb"},"inLanguage":"es","potentialAction":[{"@type":"ReadAction","target":["https:\/\/www.alovey.com\/product\/cusotms-logo-clear-square-lip-stick-case-tube-packaging\/"]}]},{"@type":"ImageObject","inLanguage":"es","@id":"https:\/\/www.alovey.com\/product\/cusotms-logo-clear-square-lip-stick-case-tube-packaging\/#primaryimage","url":"https:\/\/www.alovey.com\/wp-content\/uploads\/2024\/11\/Cusotms-Logo-clear-square-lip-stick-case-tube-packaging-LS-0026B-5.jpg","contentUrl":"https:\/\/www.alovey.com\/wp-content\/uploads\/2024\/11\/Cusotms-Logo-clear-square-lip-stick-case-tube-packaging-LS-0026B-5.jpg","width":750,"height":750,"caption":"Cusotms Logo clear square lip stick case tube packaging LS-0026B"},{"@type":"BreadcrumbList","@id":"https:\/\/www.alovey.com\/product\/cusotms-logo-clear-square-lip-stick-case-tube-packaging\/#breadcrumb","itemListElement":[{"@type":"ListItem","position":1,"name":"\u9996\u9875","item":"https:\/\/www.alovey.com\/"},{"@type":"ListItem","position":2,"name":"Products","item":"https:\/\/www.alovey.com\/products\/"},{"@type":"ListItem","position":3,"name":"Cusotms Logo clear square lip stick case tube packaging"}]},{"@type":"WebSite","@id":"https:\/\/www.alovey.com\/#website","url":"https:\/\/www.alovey.com\/","name":"Best Cosmetic Packaging Manufacture","description":"Alovey Cosmetic Packaging S.L.","publisher":{"@id":"https:\/\/www.alovey.com\/#organization"},"potentialAction":[{"@type":"SearchAction","target":{"@type":"EntryPoint","urlTemplate":"https:\/\/www.alovey.com\/?s={search_term_string}"},"query-input":{"@type":"PropertyValueSpecification","valueRequired":true,"valueName":"search_term_string"}}],"inLanguage":"es"},{"@type":"Organization","@id":"https:\/\/www.alovey.com\/#organization","name":"Best Cosmetic Packaging Manufacture","url":"https:\/\/www.alovey.com\/","logo":{"@type":"ImageObject","inLanguage":"es","@id":"https:\/\/www.alovey.com\/#\/schema\/logo\/image\/","url":"https:\/\/www.alovey.com\/wp-content\/uploads\/2023\/03\/logo.png","contentUrl":"https:\/\/www.alovey.com\/wp-content\/uploads\/2023\/03\/logo.png","width":505,"height":180,"caption":"Best  Cosmetic Packaging Manufacture"},"image":{"@id":"https:\/\/www.alovey.com\/#\/schema\/logo\/image\/"}}]}},"_links":{"self":[{"href":"https:\/\/www.alovey.com\/es\/wp-json\/wp\/v2\/product\/7084"}],"collection":[{"href":"https:\/\/www.alovey.com\/es\/wp-json\/wp\/v2\/product"}],"about":[{"href":"https:\/\/www.alovey.com\/es\/wp-json\/wp\/v2\/types\/product"}],"wp:featuredmedia":[{"embeddable":true,"href":"https:\/\/www.alovey.com\/es\/wp-json\/wp\/v2\/media\/7103"}],"wp:attachment":[{"href":"https:\/\/www.alovey.com\/es\/wp-json\/wp\/v2\/media?parent=7084"}],"wp:term":[{"taxonomy":"product_brand","embeddable":true,"href":"https:\/\/www.alovey.com\/es\/wp-json\/wp\/v2\/product_brand?post=7084"},{"taxonomy":"product_cat","embeddable":true,"href":"https:\/\/www.alovey.com\/es\/wp-json\/wp\/v2\/product_cat?post=7084"},{"taxonomy":"product_tag","embeddable":true,"href":"https:\/\/www.alovey.com\/es\/wp-json\/wp\/v2\/product_tag?post=7084"}],"curies":[{"name":"wp","href":"https:\/\/api.w.org\/{rel}","templated":true}]}}