{"id":7044,"date":"2024-11-05T01:48:11","date_gmt":"2024-11-05T01:48:11","guid":{"rendered":"https:\/\/alovey.com\/?post_type=product&#038;p=7044"},"modified":"2024-11-16T04:00:35","modified_gmt":"2024-11-16T04:00:35","slug":"wholesale-5ml-lip-gloss-tubes-with-big-wand","status":"publish","type":"product","link":"https:\/\/www.alovey.com\/es\/producto\/wholesale-5ml-lip-gloss-tubes-with-big-wand\/","title":{"rendered":"Venta al por mayor de tubos de brillo de labios de 5 ml con varita grande"},"content":{"rendered":"<p><strong>The beauty industry is constantly evolving, and one of the latest trends to take the market by storm is the lip gloss with big wand. Alovey \u00a0innovative design offers a unique and luxurious application experience that sets it apart from traditional lip glosses..<\/strong><\/p>\n<p><strong>Alovey, como fabricante profesional chino de envases para cosm\u00e9ticos, produce una exquisita gama de envases personalizados para cosm\u00e9ticos, meticulosamente elaborados para elevar su marca. Nuestra variada selecci\u00f3n de materiales de primera calidad, combinada con delicadas t\u00e9cnicas de acabado superficial como la serigraf\u00eda, la estampaci\u00f3n en caliente y la pulverizaci\u00f3n mate, garantiza que cada envase sea una obra maestra \u00fanica.<\/strong><\/p>\n<p><img fetchpriority=\"high\" decoding=\"async\" class=\"size-full wp-image-7049\" src=\"https:\/\/alovey.com\/wp-content\/uploads\/2024\/11\/Wholesale-5ml-lip-gloss-tubes-with-wands-LG0595B-1.jpg\" alt=\"Wholesale 5ml lip gloss tubes with wands-LG0595B\" width=\"750\" height=\"750\" srcset=\"https:\/\/www.alovey.com\/wp-content\/uploads\/2024\/11\/Wholesale-5ml-lip-gloss-tubes-with-wands-LG0595B-1.jpg 750w, https:\/\/www.alovey.com\/wp-content\/uploads\/2024\/11\/Wholesale-5ml-lip-gloss-tubes-with-wands-LG0595B-1-300x300.jpg 300w, https:\/\/www.alovey.com\/wp-content\/uploads\/2024\/11\/Wholesale-5ml-lip-gloss-tubes-with-wands-LG0595B-1-150x150.jpg 150w, https:\/\/www.alovey.com\/wp-content\/uploads\/2024\/11\/Wholesale-5ml-lip-gloss-tubes-with-wands-LG0595B-1-600x600.jpg 600w, https:\/\/www.alovey.com\/wp-content\/uploads\/2024\/11\/Wholesale-5ml-lip-gloss-tubes-with-wands-LG0595B-1-100x100.jpg 100w\" sizes=\"(max-width: 750px) 100vw, 750px\" \/><\/p>\n<p><img decoding=\"async\" class=\"size-full wp-image-7050\" src=\"https:\/\/alovey.com\/wp-content\/uploads\/2024\/11\/Wholesale-5ml-lip-gloss-tubes-with-wands-LG0595B-2.jpg\" alt=\"Wholesale 5ml lip gloss tubes with wands-LG0595B\" width=\"750\" height=\"750\" srcset=\"https:\/\/www.alovey.com\/wp-content\/uploads\/2024\/11\/Wholesale-5ml-lip-gloss-tubes-with-wands-LG0595B-2.jpg 750w, https:\/\/www.alovey.com\/wp-content\/uploads\/2024\/11\/Wholesale-5ml-lip-gloss-tubes-with-wands-LG0595B-2-300x300.jpg 300w, https:\/\/www.alovey.com\/wp-content\/uploads\/2024\/11\/Wholesale-5ml-lip-gloss-tubes-with-wands-LG0595B-2-150x150.jpg 150w, https:\/\/www.alovey.com\/wp-content\/uploads\/2024\/11\/Wholesale-5ml-lip-gloss-tubes-with-wands-LG0595B-2-600x600.jpg 600w, https:\/\/www.alovey.com\/wp-content\/uploads\/2024\/11\/Wholesale-5ml-lip-gloss-tubes-with-wands-LG0595B-2-100x100.jpg 100w\" sizes=\"(max-width: 750px) 100vw, 750px\" \/><\/p>\n<p><img decoding=\"async\" class=\"size-full wp-image-7047\" src=\"https:\/\/alovey.com\/wp-content\/uploads\/2024\/11\/Wholesale-5ml-lip-gloss-tubes-with-wands-LG0595B-5.jpg\" alt=\"Wholesale 5ml lip gloss tubes with wands-LG0595B\" width=\"750\" height=\"750\" srcset=\"https:\/\/www.alovey.com\/wp-content\/uploads\/2024\/11\/Wholesale-5ml-lip-gloss-tubes-with-wands-LG0595B-5.jpg 750w, https:\/\/www.alovey.com\/wp-content\/uploads\/2024\/11\/Wholesale-5ml-lip-gloss-tubes-with-wands-LG0595B-5-300x300.jpg 300w, https:\/\/www.alovey.com\/wp-content\/uploads\/2024\/11\/Wholesale-5ml-lip-gloss-tubes-with-wands-LG0595B-5-150x150.jpg 150w, https:\/\/www.alovey.com\/wp-content\/uploads\/2024\/11\/Wholesale-5ml-lip-gloss-tubes-with-wands-LG0595B-5-600x600.jpg 600w, https:\/\/www.alovey.com\/wp-content\/uploads\/2024\/11\/Wholesale-5ml-lip-gloss-tubes-with-wands-LG0595B-5-100x100.jpg 100w\" sizes=\"(max-width: 750px) 100vw, 750px\" \/><\/p>\n<p><img loading=\"lazy\" decoding=\"async\" class=\"size-full wp-image-7046\" src=\"https:\/\/alovey.com\/wp-content\/uploads\/2024\/11\/Wholesale-5ml-lip-gloss-tubes-with-wands-LG0595B-4.jpg\" alt=\"Wholesale 5ml lip gloss tubes with wands-LG0595B\" width=\"750\" height=\"750\" srcset=\"https:\/\/www.alovey.com\/wp-content\/uploads\/2024\/11\/Wholesale-5ml-lip-gloss-tubes-with-wands-LG0595B-4.jpg 750w, https:\/\/www.alovey.com\/wp-content\/uploads\/2024\/11\/Wholesale-5ml-lip-gloss-tubes-with-wands-LG0595B-4-300x300.jpg 300w, https:\/\/www.alovey.com\/wp-content\/uploads\/2024\/11\/Wholesale-5ml-lip-gloss-tubes-with-wands-LG0595B-4-150x150.jpg 150w, https:\/\/www.alovey.com\/wp-content\/uploads\/2024\/11\/Wholesale-5ml-lip-gloss-tubes-with-wands-LG0595B-4-600x600.jpg 600w, https:\/\/www.alovey.com\/wp-content\/uploads\/2024\/11\/Wholesale-5ml-lip-gloss-tubes-with-wands-LG0595B-4-100x100.jpg 100w\" sizes=\"(max-width: 750px) 100vw, 750px\" \/><\/p>\n<p><img loading=\"lazy\" decoding=\"async\" class=\"size-full wp-image-7045\" src=\"https:\/\/alovey.com\/wp-content\/uploads\/2024\/11\/Wholesale-5ml-lip-gloss-tubes-with-wands-LG0595B-3.jpg\" alt=\"Wholesale 5ml lip gloss tubes with wands-LG0595B\" width=\"750\" height=\"750\" srcset=\"https:\/\/www.alovey.com\/wp-content\/uploads\/2024\/11\/Wholesale-5ml-lip-gloss-tubes-with-wands-LG0595B-3.jpg 750w, https:\/\/www.alovey.com\/wp-content\/uploads\/2024\/11\/Wholesale-5ml-lip-gloss-tubes-with-wands-LG0595B-3-300x300.jpg 300w, https:\/\/www.alovey.com\/wp-content\/uploads\/2024\/11\/Wholesale-5ml-lip-gloss-tubes-with-wands-LG0595B-3-150x150.jpg 150w, https:\/\/www.alovey.com\/wp-content\/uploads\/2024\/11\/Wholesale-5ml-lip-gloss-tubes-with-wands-LG0595B-3-600x600.jpg 600w, https:\/\/www.alovey.com\/wp-content\/uploads\/2024\/11\/Wholesale-5ml-lip-gloss-tubes-with-wands-LG0595B-3-100x100.jpg 100w\" sizes=\"(max-width: 750px) 100vw, 750px\" \/><\/p>\n<p><img loading=\"lazy\" decoding=\"async\" class=\"size-full wp-image-7048\" src=\"https:\/\/alovey.com\/wp-content\/uploads\/2024\/11\/Wholesale-5ml-lip-gloss-tubes-with-wands-LG0595B-6.jpg\" alt=\"Wholesale 5ml lip gloss tubes with wands-LG0595B\" width=\"750\" height=\"750\" srcset=\"https:\/\/www.alovey.com\/wp-content\/uploads\/2024\/11\/Wholesale-5ml-lip-gloss-tubes-with-wands-LG0595B-6.jpg 750w, https:\/\/www.alovey.com\/wp-content\/uploads\/2024\/11\/Wholesale-5ml-lip-gloss-tubes-with-wands-LG0595B-6-300x300.jpg 300w, https:\/\/www.alovey.com\/wp-content\/uploads\/2024\/11\/Wholesale-5ml-lip-gloss-tubes-with-wands-LG0595B-6-150x150.jpg 150w, https:\/\/www.alovey.com\/wp-content\/uploads\/2024\/11\/Wholesale-5ml-lip-gloss-tubes-with-wands-LG0595B-6-600x600.jpg 600w, https:\/\/www.alovey.com\/wp-content\/uploads\/2024\/11\/Wholesale-5ml-lip-gloss-tubes-with-wands-LG0595B-6-100x100.jpg 100w\" sizes=\"(max-width: 750px) 100vw, 750px\" \/><\/p>\n<p>&nbsp;<\/p>\n<p>&nbsp;<\/p>\n<p>&nbsp;<\/p>\n<p>&nbsp;<\/p>\n<p>&nbsp;<\/p>\n<p>&nbsp;<\/p>\n<p>&nbsp;<\/p>\n<p>&nbsp;<\/p>\n<p>&nbsp;<\/p>\n<p>&nbsp;<\/p>\n<p>&nbsp;<\/p>\n<p>&nbsp;<\/p>\n<p>&nbsp;<\/p>\n<p>&nbsp;<\/p>\n<p>&nbsp;<\/p>\n<p>&nbsp;<\/p>\n<p>&nbsp;<\/p>\n<p>&nbsp;<\/p>\n<p>&nbsp;<\/p>\n<p>&nbsp;<\/p>\n<p>&nbsp;<\/p>\n<p>&nbsp;<\/p>\n<p>&nbsp;<\/p>\n<p>&nbsp;<\/p>\n<p>&nbsp;<\/p>\n<p>&nbsp;<\/p>\n<p>&nbsp;<\/p>\n<p>&nbsp;<\/p>\n<p>&nbsp;<\/p>\n<p>&nbsp;<\/p>\n<p>&nbsp;<\/p>\n<p>&nbsp;<\/p>\n<p>&nbsp;<\/p>\n<p>&nbsp;<\/p>\n<p>&nbsp;<\/p>\n<p>&nbsp;<\/p>\n<p>&nbsp;<\/p>\n<p>&nbsp;<\/p>\n<p>&nbsp;<\/p>\n<p>&nbsp;<\/p>\n<p>&nbsp;<\/p>\n<p>&nbsp;<\/p>\n<p>&nbsp;<\/p>\n<p>&nbsp;<\/p>\n<p>&nbsp;<\/p>\n<p>&nbsp;<\/p>\n<p>&nbsp;<\/p>\n<p>&nbsp;<\/p>\n<p>&nbsp;<\/p>\n<p>&nbsp;<\/p>\n<p>&nbsp;<\/p>\n<p>&nbsp;<\/p>\n<p>&nbsp;<\/p>\n<p>&nbsp;<\/p>\n<p>&nbsp;<\/p>\n<p>&nbsp;<\/p>\n<p>&nbsp;<\/p>\n<p>&nbsp;<\/p>","protected":false},"excerpt":{"rendered":"<ul>\n<li>Item No: LG-0595B<\/li>\n<li>Material:  Pl\u00e1stico<\/li>\n<li>Capacity:\u00a05ml<\/li>\n<li>Size:\u00a0D25.5*H73mm<\/li>\n<li>Aplicaciones: Productos de belleza<\/li>\n<li>MOQ: 10.000 piezas<\/li>\n<li>Color: Color personalizado<\/li>\n<li>Tratamiento superficial: Inyecci\u00f3n\/Mate\/Metalizado\/Recubrimiento UV<\/li>\n<li>Nombre de marca: OEM\/ODM<\/li>\n<li>Logotipo: Logotipo del cliente<\/li>\n<li>Capacidad de suministro: 100.000 piezas al mes<\/li>\n<\/ul>","protected":false},"featured_media":7050,"template":"","meta":{"_acf_changed":false},"product_brand":[],"product_cat":[372],"product_tag":[388],"class_list":{"0":"post-7044","1":"product","2":"type-product","3":"status-publish","4":"has-post-thumbnail","6":"product_cat-lipgloss-tube","7":"product_tag-lip-gloss-tube","9":"first","10":"instock","11":"shipping-taxable","12":"product-type-simple"},"acf":[],"yoast_head":"<!-- This site is optimized with the Yoast SEO plugin v24.1 - https:\/\/yoast.com\/wordpress\/plugins\/seo\/ -->\n<title>Wholesale 5ml lip gloss tubes with big wand-LG0595B<\/title>\n<meta name=\"description\" content=\"This lip gloss tube with big wand offers a unique and luxurious application experience that sets it apart from traditional lip glosses tube.\" \/>\n<meta name=\"robots\" content=\"index, follow, max-snippet:-1, max-image-preview:large, max-video-preview:-1\" \/>\n<link rel=\"canonical\" href=\"https:\/\/www.alovey.com\/es\/producto\/wholesale-5ml-lip-gloss-tubes-with-big-wand\/\" \/>\n<meta property=\"og:locale\" content=\"es_ES\" \/>\n<meta property=\"og:type\" content=\"article\" \/>\n<meta property=\"og:title\" content=\"Wholesale 5ml lip gloss tubes with big wand-LG0595B\" \/>\n<meta property=\"og:description\" content=\"This lip gloss tube with big wand offers a unique and luxurious application experience that sets it apart from traditional lip glosses tube.\" \/>\n<meta property=\"og:url\" content=\"https:\/\/www.alovey.com\/es\/producto\/wholesale-5ml-lip-gloss-tubes-with-big-wand\/\" \/>\n<meta property=\"og:site_name\" content=\"Best Cosmetic Packaging Manufacture\" \/>\n<meta property=\"article:modified_time\" content=\"2024-11-16T04:00:35+00:00\" \/>\n<meta property=\"og:image\" content=\"https:\/\/www.alovey.com\/wp-content\/uploads\/2024\/11\/Wholesale-5ml-lip-gloss-tubes-with-wands-LG0595B-2.jpg\" \/>\n\t<meta property=\"og:image:width\" content=\"750\" \/>\n\t<meta property=\"og:image:height\" content=\"750\" \/>\n\t<meta property=\"og:image:type\" content=\"image\/jpeg\" \/>\n<meta name=\"twitter:card\" content=\"summary_large_image\" \/>\n<meta name=\"twitter:label1\" content=\"Tiempo de lectura\" \/>\n\t<meta name=\"twitter:data1\" content=\"2 minutos\" \/>\n<script type=\"application\/ld+json\" class=\"yoast-schema-graph\">{\"@context\":\"https:\/\/schema.org\",\"@graph\":[{\"@type\":\"WebPage\",\"@id\":\"https:\/\/www.alovey.com\/product\/wholesale-5ml-lip-gloss-tubes-with-big-wand\/\",\"url\":\"https:\/\/www.alovey.com\/product\/wholesale-5ml-lip-gloss-tubes-with-big-wand\/\",\"name\":\"Wholesale 5ml lip gloss tubes with big wand-LG0595B\",\"isPartOf\":{\"@id\":\"https:\/\/www.alovey.com\/#website\"},\"primaryImageOfPage\":{\"@id\":\"https:\/\/www.alovey.com\/product\/wholesale-5ml-lip-gloss-tubes-with-big-wand\/#primaryimage\"},\"image\":{\"@id\":\"https:\/\/www.alovey.com\/product\/wholesale-5ml-lip-gloss-tubes-with-big-wand\/#primaryimage\"},\"thumbnailUrl\":\"https:\/\/www.alovey.com\/wp-content\/uploads\/2024\/11\/Wholesale-5ml-lip-gloss-tubes-with-wands-LG0595B-2.jpg\",\"datePublished\":\"2024-11-05T01:48:11+00:00\",\"dateModified\":\"2024-11-16T04:00:35+00:00\",\"description\":\"This lip gloss tube with big wand offers a unique and luxurious application experience that sets it apart from traditional lip glosses tube.\",\"breadcrumb\":{\"@id\":\"https:\/\/www.alovey.com\/product\/wholesale-5ml-lip-gloss-tubes-with-big-wand\/#breadcrumb\"},\"inLanguage\":\"es\",\"potentialAction\":[{\"@type\":\"ReadAction\",\"target\":[\"https:\/\/www.alovey.com\/product\/wholesale-5ml-lip-gloss-tubes-with-big-wand\/\"]}]},{\"@type\":\"ImageObject\",\"inLanguage\":\"es\",\"@id\":\"https:\/\/www.alovey.com\/product\/wholesale-5ml-lip-gloss-tubes-with-big-wand\/#primaryimage\",\"url\":\"https:\/\/www.alovey.com\/wp-content\/uploads\/2024\/11\/Wholesale-5ml-lip-gloss-tubes-with-wands-LG0595B-2.jpg\",\"contentUrl\":\"https:\/\/www.alovey.com\/wp-content\/uploads\/2024\/11\/Wholesale-5ml-lip-gloss-tubes-with-wands-LG0595B-2.jpg\",\"width\":750,\"height\":750,\"caption\":\"Wholesale 5ml lip gloss tubes with wands-LG0595B\"},{\"@type\":\"BreadcrumbList\",\"@id\":\"https:\/\/www.alovey.com\/product\/wholesale-5ml-lip-gloss-tubes-with-big-wand\/#breadcrumb\",\"itemListElement\":[{\"@type\":\"ListItem\",\"position\":1,\"name\":\"\u9996\u9875\",\"item\":\"https:\/\/www.alovey.com\/\"},{\"@type\":\"ListItem\",\"position\":2,\"name\":\"Products\",\"item\":\"https:\/\/www.alovey.com\/products\/\"},{\"@type\":\"ListItem\",\"position\":3,\"name\":\"Wholesale 5ml lip gloss tubes with big wand\"}]},{\"@type\":\"WebSite\",\"@id\":\"https:\/\/www.alovey.com\/#website\",\"url\":\"https:\/\/www.alovey.com\/\",\"name\":\"Best Cosmetic Packaging Manufacture\",\"description\":\"Alovey Cosmetic Packaging Co.,Ltd\",\"publisher\":{\"@id\":\"https:\/\/www.alovey.com\/#organization\"},\"potentialAction\":[{\"@type\":\"SearchAction\",\"target\":{\"@type\":\"EntryPoint\",\"urlTemplate\":\"https:\/\/www.alovey.com\/?s={search_term_string}\"},\"query-input\":{\"@type\":\"PropertyValueSpecification\",\"valueRequired\":true,\"valueName\":\"search_term_string\"}}],\"inLanguage\":\"es\"},{\"@type\":\"Organization\",\"@id\":\"https:\/\/www.alovey.com\/#organization\",\"name\":\"Best Cosmetic Packaging Manufacture\",\"url\":\"https:\/\/www.alovey.com\/\",\"logo\":{\"@type\":\"ImageObject\",\"inLanguage\":\"es\",\"@id\":\"https:\/\/www.alovey.com\/#\/schema\/logo\/image\/\",\"url\":\"https:\/\/www.alovey.com\/wp-content\/uploads\/2023\/03\/logo.png\",\"contentUrl\":\"https:\/\/www.alovey.com\/wp-content\/uploads\/2023\/03\/logo.png\",\"width\":505,\"height\":180,\"caption\":\"Best  Cosmetic Packaging Manufacture\"},\"image\":{\"@id\":\"https:\/\/www.alovey.com\/#\/schema\/logo\/image\/\"}}]}<\/script>\n<!-- \/ Yoast SEO plugin. -->","yoast_head_json":{"title":"Wholesale 5ml lip gloss tubes with big wand-LG0595B","description":"This lip gloss tube with big wand offers a unique and luxurious application experience that sets it apart from traditional lip glosses tube.","robots":{"index":"index","follow":"follow","max-snippet":"max-snippet:-1","max-image-preview":"max-image-preview:large","max-video-preview":"max-video-preview:-1"},"canonical":"https:\/\/www.alovey.com\/es\/producto\/wholesale-5ml-lip-gloss-tubes-with-big-wand\/","og_locale":"es_ES","og_type":"article","og_title":"Wholesale 5ml lip gloss tubes with big wand-LG0595B","og_description":"This lip gloss tube with big wand offers a unique and luxurious application experience that sets it apart from traditional lip glosses tube.","og_url":"https:\/\/www.alovey.com\/es\/producto\/wholesale-5ml-lip-gloss-tubes-with-big-wand\/","og_site_name":"Best Cosmetic Packaging Manufacture","article_modified_time":"2024-11-16T04:00:35+00:00","og_image":[{"width":750,"height":750,"url":"https:\/\/www.alovey.com\/wp-content\/uploads\/2024\/11\/Wholesale-5ml-lip-gloss-tubes-with-wands-LG0595B-2.jpg","type":"image\/jpeg"}],"twitter_card":"summary_large_image","twitter_misc":{"Tiempo de lectura":"2 minutos"},"schema":{"@context":"https:\/\/schema.org","@graph":[{"@type":"WebPage","@id":"https:\/\/www.alovey.com\/product\/wholesale-5ml-lip-gloss-tubes-with-big-wand\/","url":"https:\/\/www.alovey.com\/product\/wholesale-5ml-lip-gloss-tubes-with-big-wand\/","name":"Wholesale 5ml lip gloss tubes with big wand-LG0595B","isPartOf":{"@id":"https:\/\/www.alovey.com\/#website"},"primaryImageOfPage":{"@id":"https:\/\/www.alovey.com\/product\/wholesale-5ml-lip-gloss-tubes-with-big-wand\/#primaryimage"},"image":{"@id":"https:\/\/www.alovey.com\/product\/wholesale-5ml-lip-gloss-tubes-with-big-wand\/#primaryimage"},"thumbnailUrl":"https:\/\/www.alovey.com\/wp-content\/uploads\/2024\/11\/Wholesale-5ml-lip-gloss-tubes-with-wands-LG0595B-2.jpg","datePublished":"2024-11-05T01:48:11+00:00","dateModified":"2024-11-16T04:00:35+00:00","description":"This lip gloss tube with big wand offers a unique and luxurious application experience that sets it apart from traditional lip glosses tube.","breadcrumb":{"@id":"https:\/\/www.alovey.com\/product\/wholesale-5ml-lip-gloss-tubes-with-big-wand\/#breadcrumb"},"inLanguage":"es","potentialAction":[{"@type":"ReadAction","target":["https:\/\/www.alovey.com\/product\/wholesale-5ml-lip-gloss-tubes-with-big-wand\/"]}]},{"@type":"ImageObject","inLanguage":"es","@id":"https:\/\/www.alovey.com\/product\/wholesale-5ml-lip-gloss-tubes-with-big-wand\/#primaryimage","url":"https:\/\/www.alovey.com\/wp-content\/uploads\/2024\/11\/Wholesale-5ml-lip-gloss-tubes-with-wands-LG0595B-2.jpg","contentUrl":"https:\/\/www.alovey.com\/wp-content\/uploads\/2024\/11\/Wholesale-5ml-lip-gloss-tubes-with-wands-LG0595B-2.jpg","width":750,"height":750,"caption":"Wholesale 5ml lip gloss tubes with wands-LG0595B"},{"@type":"BreadcrumbList","@id":"https:\/\/www.alovey.com\/product\/wholesale-5ml-lip-gloss-tubes-with-big-wand\/#breadcrumb","itemListElement":[{"@type":"ListItem","position":1,"name":"\u9996\u9875","item":"https:\/\/www.alovey.com\/"},{"@type":"ListItem","position":2,"name":"Products","item":"https:\/\/www.alovey.com\/products\/"},{"@type":"ListItem","position":3,"name":"Wholesale 5ml lip gloss tubes with big wand"}]},{"@type":"WebSite","@id":"https:\/\/www.alovey.com\/#website","url":"https:\/\/www.alovey.com\/","name":"Best Cosmetic Packaging Manufacture","description":"Alovey Cosmetic Packaging S.L.","publisher":{"@id":"https:\/\/www.alovey.com\/#organization"},"potentialAction":[{"@type":"SearchAction","target":{"@type":"EntryPoint","urlTemplate":"https:\/\/www.alovey.com\/?s={search_term_string}"},"query-input":{"@type":"PropertyValueSpecification","valueRequired":true,"valueName":"search_term_string"}}],"inLanguage":"es"},{"@type":"Organization","@id":"https:\/\/www.alovey.com\/#organization","name":"Best Cosmetic Packaging Manufacture","url":"https:\/\/www.alovey.com\/","logo":{"@type":"ImageObject","inLanguage":"es","@id":"https:\/\/www.alovey.com\/#\/schema\/logo\/image\/","url":"https:\/\/www.alovey.com\/wp-content\/uploads\/2023\/03\/logo.png","contentUrl":"https:\/\/www.alovey.com\/wp-content\/uploads\/2023\/03\/logo.png","width":505,"height":180,"caption":"Best  Cosmetic Packaging Manufacture"},"image":{"@id":"https:\/\/www.alovey.com\/#\/schema\/logo\/image\/"}}]}},"_links":{"self":[{"href":"https:\/\/www.alovey.com\/es\/wp-json\/wp\/v2\/product\/7044"}],"collection":[{"href":"https:\/\/www.alovey.com\/es\/wp-json\/wp\/v2\/product"}],"about":[{"href":"https:\/\/www.alovey.com\/es\/wp-json\/wp\/v2\/types\/product"}],"wp:featuredmedia":[{"embeddable":true,"href":"https:\/\/www.alovey.com\/es\/wp-json\/wp\/v2\/media\/7050"}],"wp:attachment":[{"href":"https:\/\/www.alovey.com\/es\/wp-json\/wp\/v2\/media?parent=7044"}],"wp:term":[{"taxonomy":"product_brand","embeddable":true,"href":"https:\/\/www.alovey.com\/es\/wp-json\/wp\/v2\/product_brand?post=7044"},{"taxonomy":"product_cat","embeddable":true,"href":"https:\/\/www.alovey.com\/es\/wp-json\/wp\/v2\/product_cat?post=7044"},{"taxonomy":"product_tag","embeddable":true,"href":"https:\/\/www.alovey.com\/es\/wp-json\/wp\/v2\/product_tag?post=7044"}],"curies":[{"name":"wp","href":"https:\/\/api.w.org\/{rel}","templated":true}]}}