{"id":7027,"date":"2024-11-04T09:56:27","date_gmt":"2024-11-04T09:56:27","guid":{"rendered":"https:\/\/alovey.com\/?post_type=product&#038;p=7027"},"modified":"2024-11-16T04:01:07","modified_gmt":"2024-11-16T04:01:07","slug":"9ml-cosmetics-packaging-for-gradient-color-round-shape-empty-lip-gloss-tube-custom-logo","status":"publish","type":"product","link":"https:\/\/www.alovey.com\/es\/producto\/9ml-cosmetics-packaging-for-gradient-color-round-shape-empty-lip-gloss-tube-custom-logo\/","title":{"rendered":"9ml Cosm\u00e9ticos Embalaje Para Color Gradiente Forma Redonda Vac\u00eda Lip Gloss Tubo Logotipo Personalizado"},"content":{"rendered":"<p><strong>El tubo de brillo de labios vac\u00edo con gradiente de 9 ml Alovey no s\u00f3lo protege el producto, sino que tambi\u00e9n atrae a los consumidores con su moderno dise\u00f1o y su potencial de personalizaci\u00f3n. Un efecto degradado visualmente atractivo realza el atractivo est\u00e9tico del producto de brillo de labios.<\/strong><\/p>\n<p><strong>Alovey, como fabricante profesional chino de envases para cosm\u00e9ticos, produce una exquisita gama de envases personalizados para cosm\u00e9ticos, meticulosamente elaborados para elevar su marca. Nuestra variada selecci\u00f3n de materiales de primera calidad, combinada con delicadas t\u00e9cnicas de acabado superficial como la serigraf\u00eda, la estampaci\u00f3n en caliente y la pulverizaci\u00f3n mate, garantiza que cada envase sea una obra maestra \u00fanica.<\/strong><\/p>\n<p><img fetchpriority=\"high\" decoding=\"async\" class=\"size-full wp-image-7032\" src=\"https:\/\/alovey.com\/wp-content\/uploads\/2024\/11\/9ml-Cosmetics-Packaging-For-Gradient-Color-Round-Shape-Empty-Lip-Gloss-Tube-Custom-Logo-5.jpg\" alt=\"9ml Cosmetics Packaging For Gradient Color Round Shape Empty Lip Gloss Tube Custom Logo (6)\" width=\"750\" height=\"750\" srcset=\"https:\/\/www.alovey.com\/wp-content\/uploads\/2024\/11\/9ml-Cosmetics-Packaging-For-Gradient-Color-Round-Shape-Empty-Lip-Gloss-Tube-Custom-Logo-5.jpg 750w, https:\/\/www.alovey.com\/wp-content\/uploads\/2024\/11\/9ml-Cosmetics-Packaging-For-Gradient-Color-Round-Shape-Empty-Lip-Gloss-Tube-Custom-Logo-5-300x300.jpg 300w, https:\/\/www.alovey.com\/wp-content\/uploads\/2024\/11\/9ml-Cosmetics-Packaging-For-Gradient-Color-Round-Shape-Empty-Lip-Gloss-Tube-Custom-Logo-5-150x150.jpg 150w, https:\/\/www.alovey.com\/wp-content\/uploads\/2024\/11\/9ml-Cosmetics-Packaging-For-Gradient-Color-Round-Shape-Empty-Lip-Gloss-Tube-Custom-Logo-5-600x600.jpg 600w, https:\/\/www.alovey.com\/wp-content\/uploads\/2024\/11\/9ml-Cosmetics-Packaging-For-Gradient-Color-Round-Shape-Empty-Lip-Gloss-Tube-Custom-Logo-5-100x100.jpg 100w\" sizes=\"(max-width: 750px) 100vw, 750px\" \/><\/p>\n<p><img decoding=\"async\" class=\"size-full wp-image-7033\" src=\"https:\/\/alovey.com\/wp-content\/uploads\/2024\/11\/9ml-Cosmetics-Packaging-For-Gradient-Color-Round-Shape-Empty-Lip-Gloss-Tube-Custom-Logo-3.jpg\" alt=\"9ml Cosmetics Packaging For Gradient Color Round Shape Empty Lip Gloss Tube Custom Logo (6)\" width=\"750\" height=\"750\" srcset=\"https:\/\/www.alovey.com\/wp-content\/uploads\/2024\/11\/9ml-Cosmetics-Packaging-For-Gradient-Color-Round-Shape-Empty-Lip-Gloss-Tube-Custom-Logo-3.jpg 750w, https:\/\/www.alovey.com\/wp-content\/uploads\/2024\/11\/9ml-Cosmetics-Packaging-For-Gradient-Color-Round-Shape-Empty-Lip-Gloss-Tube-Custom-Logo-3-300x300.jpg 300w, https:\/\/www.alovey.com\/wp-content\/uploads\/2024\/11\/9ml-Cosmetics-Packaging-For-Gradient-Color-Round-Shape-Empty-Lip-Gloss-Tube-Custom-Logo-3-150x150.jpg 150w, https:\/\/www.alovey.com\/wp-content\/uploads\/2024\/11\/9ml-Cosmetics-Packaging-For-Gradient-Color-Round-Shape-Empty-Lip-Gloss-Tube-Custom-Logo-3-600x600.jpg 600w, https:\/\/www.alovey.com\/wp-content\/uploads\/2024\/11\/9ml-Cosmetics-Packaging-For-Gradient-Color-Round-Shape-Empty-Lip-Gloss-Tube-Custom-Logo-3-100x100.jpg 100w\" sizes=\"(max-width: 750px) 100vw, 750px\" \/><\/p>\n<p><img decoding=\"async\" class=\"size-full wp-image-7031\" src=\"https:\/\/alovey.com\/wp-content\/uploads\/2024\/11\/9ml-Cosmetics-Packaging-For-Gradient-Color-Round-Shape-Empty-Lip-Gloss-Tube-Custom-Logo-4.jpg\" alt=\"9ml Cosmetics Packaging For Gradient Color Round Shape Empty Lip Gloss Tube Custom Logo (6)\" width=\"750\" height=\"750\" srcset=\"https:\/\/www.alovey.com\/wp-content\/uploads\/2024\/11\/9ml-Cosmetics-Packaging-For-Gradient-Color-Round-Shape-Empty-Lip-Gloss-Tube-Custom-Logo-4.jpg 750w, https:\/\/www.alovey.com\/wp-content\/uploads\/2024\/11\/9ml-Cosmetics-Packaging-For-Gradient-Color-Round-Shape-Empty-Lip-Gloss-Tube-Custom-Logo-4-300x300.jpg 300w, https:\/\/www.alovey.com\/wp-content\/uploads\/2024\/11\/9ml-Cosmetics-Packaging-For-Gradient-Color-Round-Shape-Empty-Lip-Gloss-Tube-Custom-Logo-4-150x150.jpg 150w, https:\/\/www.alovey.com\/wp-content\/uploads\/2024\/11\/9ml-Cosmetics-Packaging-For-Gradient-Color-Round-Shape-Empty-Lip-Gloss-Tube-Custom-Logo-4-600x600.jpg 600w, https:\/\/www.alovey.com\/wp-content\/uploads\/2024\/11\/9ml-Cosmetics-Packaging-For-Gradient-Color-Round-Shape-Empty-Lip-Gloss-Tube-Custom-Logo-4-100x100.jpg 100w\" sizes=\"(max-width: 750px) 100vw, 750px\" \/><\/p>\n<p><img loading=\"lazy\" decoding=\"async\" class=\"size-full wp-image-7030\" src=\"https:\/\/alovey.com\/wp-content\/uploads\/2024\/11\/9ml-Cosmetics-Packaging-For-Gradient-Color-Round-Shape-Empty-Lip-Gloss-Tube-Custom-Logo-2.jpg\" alt=\"9ml Cosmetics Packaging For Gradient Color Round Shape Empty Lip Gloss Tube Custom Logo (6)\" width=\"750\" height=\"750\" srcset=\"https:\/\/www.alovey.com\/wp-content\/uploads\/2024\/11\/9ml-Cosmetics-Packaging-For-Gradient-Color-Round-Shape-Empty-Lip-Gloss-Tube-Custom-Logo-2.jpg 750w, https:\/\/www.alovey.com\/wp-content\/uploads\/2024\/11\/9ml-Cosmetics-Packaging-For-Gradient-Color-Round-Shape-Empty-Lip-Gloss-Tube-Custom-Logo-2-300x300.jpg 300w, https:\/\/www.alovey.com\/wp-content\/uploads\/2024\/11\/9ml-Cosmetics-Packaging-For-Gradient-Color-Round-Shape-Empty-Lip-Gloss-Tube-Custom-Logo-2-150x150.jpg 150w, https:\/\/www.alovey.com\/wp-content\/uploads\/2024\/11\/9ml-Cosmetics-Packaging-For-Gradient-Color-Round-Shape-Empty-Lip-Gloss-Tube-Custom-Logo-2-600x600.jpg 600w, https:\/\/www.alovey.com\/wp-content\/uploads\/2024\/11\/9ml-Cosmetics-Packaging-For-Gradient-Color-Round-Shape-Empty-Lip-Gloss-Tube-Custom-Logo-2-100x100.jpg 100w\" sizes=\"(max-width: 750px) 100vw, 750px\" \/><\/p>\n<p><img loading=\"lazy\" decoding=\"async\" class=\"size-full wp-image-7029\" src=\"https:\/\/alovey.com\/wp-content\/uploads\/2024\/11\/9ml-Cosmetics-Packaging-For-Gradient-Color-Round-Shape-Empty-Lip-Gloss-Tube-Custom-Logo-1.jpg\" alt=\"9ml Cosmetics Packaging For Gradient Color Round Shape Empty Lip Gloss Tube Custom Logo (6)\" width=\"750\" height=\"750\" srcset=\"https:\/\/www.alovey.com\/wp-content\/uploads\/2024\/11\/9ml-Cosmetics-Packaging-For-Gradient-Color-Round-Shape-Empty-Lip-Gloss-Tube-Custom-Logo-1.jpg 750w, https:\/\/www.alovey.com\/wp-content\/uploads\/2024\/11\/9ml-Cosmetics-Packaging-For-Gradient-Color-Round-Shape-Empty-Lip-Gloss-Tube-Custom-Logo-1-300x300.jpg 300w, https:\/\/www.alovey.com\/wp-content\/uploads\/2024\/11\/9ml-Cosmetics-Packaging-For-Gradient-Color-Round-Shape-Empty-Lip-Gloss-Tube-Custom-Logo-1-150x150.jpg 150w, https:\/\/www.alovey.com\/wp-content\/uploads\/2024\/11\/9ml-Cosmetics-Packaging-For-Gradient-Color-Round-Shape-Empty-Lip-Gloss-Tube-Custom-Logo-1-600x600.jpg 600w, https:\/\/www.alovey.com\/wp-content\/uploads\/2024\/11\/9ml-Cosmetics-Packaging-For-Gradient-Color-Round-Shape-Empty-Lip-Gloss-Tube-Custom-Logo-1-100x100.jpg 100w\" sizes=\"(max-width: 750px) 100vw, 750px\" \/><\/p>\n<p><img loading=\"lazy\" decoding=\"async\" class=\"size-full wp-image-7028\" src=\"https:\/\/alovey.com\/wp-content\/uploads\/2024\/11\/9ml-Cosmetics-Packaging-For-Gradient-Color-Round-Shape-Empty-Lip-Gloss-Tube-Custom-Logo-6.jpg\" alt=\"9ml Cosmetics Packaging For Gradient Color Round Shape Empty Lip Gloss Tube Custom Logo (6)\" width=\"750\" height=\"750\" srcset=\"https:\/\/www.alovey.com\/wp-content\/uploads\/2024\/11\/9ml-Cosmetics-Packaging-For-Gradient-Color-Round-Shape-Empty-Lip-Gloss-Tube-Custom-Logo-6.jpg 750w, https:\/\/www.alovey.com\/wp-content\/uploads\/2024\/11\/9ml-Cosmetics-Packaging-For-Gradient-Color-Round-Shape-Empty-Lip-Gloss-Tube-Custom-Logo-6-300x300.jpg 300w, https:\/\/www.alovey.com\/wp-content\/uploads\/2024\/11\/9ml-Cosmetics-Packaging-For-Gradient-Color-Round-Shape-Empty-Lip-Gloss-Tube-Custom-Logo-6-150x150.jpg 150w, https:\/\/www.alovey.com\/wp-content\/uploads\/2024\/11\/9ml-Cosmetics-Packaging-For-Gradient-Color-Round-Shape-Empty-Lip-Gloss-Tube-Custom-Logo-6-600x600.jpg 600w, https:\/\/www.alovey.com\/wp-content\/uploads\/2024\/11\/9ml-Cosmetics-Packaging-For-Gradient-Color-Round-Shape-Empty-Lip-Gloss-Tube-Custom-Logo-6-100x100.jpg 100w\" sizes=\"(max-width: 750px) 100vw, 750px\" \/><\/p>\n<p>&nbsp;<\/p>\n<p>&nbsp;<\/p>\n<p>&nbsp;<\/p>\n<p>&nbsp;<\/p>\n<p>&nbsp;<\/p>\n<p>&nbsp;<\/p>\n<p>&nbsp;<\/p>\n<p>&nbsp;<\/p>\n<p>&nbsp;<\/p>\n<p>&nbsp;<\/p>\n<p>&nbsp;<\/p>\n<p>&nbsp;<\/p>\n<p>&nbsp;<\/p>\n<p>&nbsp;<\/p>\n<p>&nbsp;<\/p>\n<p>&nbsp;<\/p>\n<p>&nbsp;<\/p>\n<p>&nbsp;<\/p>\n<p>&nbsp;<\/p>\n<p>&nbsp;<\/p>\n<p>&nbsp;<\/p>\n<p>&nbsp;<\/p>\n<p>&nbsp;<\/p>\n<p>&nbsp;<\/p>\n<p>&nbsp;<\/p>\n<p>&nbsp;<\/p>\n<p>&nbsp;<\/p>\n<p>&nbsp;<\/p>\n<p>&nbsp;<\/p>\n<p>&nbsp;<\/p>\n<p>&nbsp;<\/p>\n<p>&nbsp;<\/p>\n<p>&nbsp;<\/p>\n<p>&nbsp;<\/p>\n<p>&nbsp;<\/p>\n<p>&nbsp;<\/p>\n<p>&nbsp;<\/p>\n<p>&nbsp;<\/p>\n<p>&nbsp;<\/p>\n<p>&nbsp;<\/p>\n<p>&nbsp;<\/p>\n<p>&nbsp;<\/p>\n<p>&nbsp;<\/p>\n<p>&nbsp;<\/p>\n<p>&nbsp;<\/p>\n<p>&nbsp;<\/p>\n<p>&nbsp;<\/p>\n<p>&nbsp;<\/p>","protected":false},"excerpt":{"rendered":"<ul>\n<li>N\u00ba de art\u00edculo: LG-0183A<\/li>\n<li>Material:  Pl\u00e1stico<\/li>\n<li>Capacidad: 9 ml<\/li>\n<li>Tama\u00f1o: D22*H73mm<\/li>\n<li>Aplicaciones: Productos de belleza<\/li>\n<li>MOQ: 10.000 piezas<\/li>\n<li>Color: Color personalizado<\/li>\n<li>Tratamiento superficial: Inyecci\u00f3n\/Mate\/Metalizado\/Recubrimiento UV<\/li>\n<li>Nombre de marca: OEM\/ODM<\/li>\n<li>Logotipo: Logotipo del cliente<\/li>\n<li>Capacidad de suministro: 100.000 piezas al mes<\/li>\n<li><\/li>\n<\/ul>","protected":false},"featured_media":7033,"template":"","meta":{"_acf_changed":false},"product_brand":[],"product_cat":[372],"product_tag":[388],"class_list":{"0":"post-7027","1":"product","2":"type-product","3":"status-publish","4":"has-post-thumbnail","6":"product_cat-lipgloss-tube","7":"product_tag-lip-gloss-tube","9":"first","10":"instock","11":"shipping-taxable","12":"product-type-simple"},"acf":[],"yoast_head":"<!-- This site is optimized with the Yoast SEO plugin v24.1 - https:\/\/yoast.com\/wordpress\/plugins\/seo\/ -->\n<title>Gradient Color Round Shape Empty Lip Gloss Tube Custom Logo<\/title>\n<meta name=\"description\" content=\"Alovey 9ml gradient empty lip gloss tube not only protects the product but also attracts consumers with its modern design and customization potential.\" \/>\n<meta name=\"robots\" content=\"index, follow, max-snippet:-1, max-image-preview:large, max-video-preview:-1\" \/>\n<link rel=\"canonical\" href=\"https:\/\/www.alovey.com\/es\/producto\/9ml-cosmetics-packaging-for-gradient-color-round-shape-empty-lip-gloss-tube-custom-logo\/\" \/>\n<meta property=\"og:locale\" content=\"es_ES\" \/>\n<meta property=\"og:type\" content=\"article\" \/>\n<meta property=\"og:title\" content=\"Gradient Color Round Shape Empty Lip Gloss Tube Custom Logo\" \/>\n<meta property=\"og:description\" content=\"Alovey 9ml gradient empty lip gloss tube not only protects the product but also attracts consumers with its modern design and customization potential.\" \/>\n<meta property=\"og:url\" content=\"https:\/\/www.alovey.com\/es\/producto\/9ml-cosmetics-packaging-for-gradient-color-round-shape-empty-lip-gloss-tube-custom-logo\/\" \/>\n<meta property=\"og:site_name\" content=\"Best Cosmetic Packaging Manufacture\" \/>\n<meta property=\"article:modified_time\" content=\"2024-11-16T04:01:07+00:00\" \/>\n<meta property=\"og:image\" content=\"https:\/\/www.alovey.com\/wp-content\/uploads\/2024\/11\/9ml-Cosmetics-Packaging-For-Gradient-Color-Round-Shape-Empty-Lip-Gloss-Tube-Custom-Logo-3.jpg\" \/>\n\t<meta property=\"og:image:width\" content=\"750\" \/>\n\t<meta property=\"og:image:height\" content=\"750\" \/>\n\t<meta property=\"og:image:type\" content=\"image\/jpeg\" \/>\n<meta name=\"twitter:card\" content=\"summary_large_image\" \/>\n<meta name=\"twitter:label1\" content=\"Tiempo de lectura\" \/>\n\t<meta name=\"twitter:data1\" content=\"2 minutos\" \/>\n<script type=\"application\/ld+json\" class=\"yoast-schema-graph\">{\"@context\":\"https:\/\/schema.org\",\"@graph\":[{\"@type\":\"WebPage\",\"@id\":\"https:\/\/www.alovey.com\/product\/9ml-cosmetics-packaging-for-gradient-color-round-shape-empty-lip-gloss-tube-custom-logo\/\",\"url\":\"https:\/\/www.alovey.com\/product\/9ml-cosmetics-packaging-for-gradient-color-round-shape-empty-lip-gloss-tube-custom-logo\/\",\"name\":\"Gradient Color Round Shape Empty Lip Gloss Tube Custom Logo\",\"isPartOf\":{\"@id\":\"https:\/\/www.alovey.com\/#website\"},\"primaryImageOfPage\":{\"@id\":\"https:\/\/www.alovey.com\/product\/9ml-cosmetics-packaging-for-gradient-color-round-shape-empty-lip-gloss-tube-custom-logo\/#primaryimage\"},\"image\":{\"@id\":\"https:\/\/www.alovey.com\/product\/9ml-cosmetics-packaging-for-gradient-color-round-shape-empty-lip-gloss-tube-custom-logo\/#primaryimage\"},\"thumbnailUrl\":\"https:\/\/www.alovey.com\/wp-content\/uploads\/2024\/11\/9ml-Cosmetics-Packaging-For-Gradient-Color-Round-Shape-Empty-Lip-Gloss-Tube-Custom-Logo-3.jpg\",\"datePublished\":\"2024-11-04T09:56:27+00:00\",\"dateModified\":\"2024-11-16T04:01:07+00:00\",\"description\":\"Alovey 9ml gradient empty lip gloss tube not only protects the product but also attracts consumers with its modern design and customization potential.\",\"breadcrumb\":{\"@id\":\"https:\/\/www.alovey.com\/product\/9ml-cosmetics-packaging-for-gradient-color-round-shape-empty-lip-gloss-tube-custom-logo\/#breadcrumb\"},\"inLanguage\":\"es\",\"potentialAction\":[{\"@type\":\"ReadAction\",\"target\":[\"https:\/\/www.alovey.com\/product\/9ml-cosmetics-packaging-for-gradient-color-round-shape-empty-lip-gloss-tube-custom-logo\/\"]}]},{\"@type\":\"ImageObject\",\"inLanguage\":\"es\",\"@id\":\"https:\/\/www.alovey.com\/product\/9ml-cosmetics-packaging-for-gradient-color-round-shape-empty-lip-gloss-tube-custom-logo\/#primaryimage\",\"url\":\"https:\/\/www.alovey.com\/wp-content\/uploads\/2024\/11\/9ml-Cosmetics-Packaging-For-Gradient-Color-Round-Shape-Empty-Lip-Gloss-Tube-Custom-Logo-3.jpg\",\"contentUrl\":\"https:\/\/www.alovey.com\/wp-content\/uploads\/2024\/11\/9ml-Cosmetics-Packaging-For-Gradient-Color-Round-Shape-Empty-Lip-Gloss-Tube-Custom-Logo-3.jpg\",\"width\":750,\"height\":750,\"caption\":\"9ml Cosmetics Packaging For Gradient Color Round Shape Empty Lip Gloss Tube Custom Logo (6)\"},{\"@type\":\"BreadcrumbList\",\"@id\":\"https:\/\/www.alovey.com\/product\/9ml-cosmetics-packaging-for-gradient-color-round-shape-empty-lip-gloss-tube-custom-logo\/#breadcrumb\",\"itemListElement\":[{\"@type\":\"ListItem\",\"position\":1,\"name\":\"\u9996\u9875\",\"item\":\"https:\/\/www.alovey.com\/\"},{\"@type\":\"ListItem\",\"position\":2,\"name\":\"Products\",\"item\":\"https:\/\/www.alovey.com\/products\/\"},{\"@type\":\"ListItem\",\"position\":3,\"name\":\"9ml Cosmetics Packaging For Gradient Color Round Shape Empty Lip Gloss Tube Custom Logo\"}]},{\"@type\":\"WebSite\",\"@id\":\"https:\/\/www.alovey.com\/#website\",\"url\":\"https:\/\/www.alovey.com\/\",\"name\":\"Best Cosmetic Packaging Manufacture\",\"description\":\"Alovey Cosmetic Packaging Co.,Ltd\",\"publisher\":{\"@id\":\"https:\/\/www.alovey.com\/#organization\"},\"potentialAction\":[{\"@type\":\"SearchAction\",\"target\":{\"@type\":\"EntryPoint\",\"urlTemplate\":\"https:\/\/www.alovey.com\/?s={search_term_string}\"},\"query-input\":{\"@type\":\"PropertyValueSpecification\",\"valueRequired\":true,\"valueName\":\"search_term_string\"}}],\"inLanguage\":\"es\"},{\"@type\":\"Organization\",\"@id\":\"https:\/\/www.alovey.com\/#organization\",\"name\":\"Best Cosmetic Packaging Manufacture\",\"url\":\"https:\/\/www.alovey.com\/\",\"logo\":{\"@type\":\"ImageObject\",\"inLanguage\":\"es\",\"@id\":\"https:\/\/www.alovey.com\/#\/schema\/logo\/image\/\",\"url\":\"https:\/\/www.alovey.com\/wp-content\/uploads\/2023\/03\/logo.png\",\"contentUrl\":\"https:\/\/www.alovey.com\/wp-content\/uploads\/2023\/03\/logo.png\",\"width\":505,\"height\":180,\"caption\":\"Best  Cosmetic Packaging Manufacture\"},\"image\":{\"@id\":\"https:\/\/www.alovey.com\/#\/schema\/logo\/image\/\"}}]}<\/script>\n<!-- \/ Yoast SEO plugin. -->","yoast_head_json":{"title":"Gradient Color Round Shape Empty Lip Gloss Tube Custom Logo","description":"Alovey 9ml gradient empty lip gloss tube not only protects the product but also attracts consumers with its modern design and customization potential.","robots":{"index":"index","follow":"follow","max-snippet":"max-snippet:-1","max-image-preview":"max-image-preview:large","max-video-preview":"max-video-preview:-1"},"canonical":"https:\/\/www.alovey.com\/es\/producto\/9ml-cosmetics-packaging-for-gradient-color-round-shape-empty-lip-gloss-tube-custom-logo\/","og_locale":"es_ES","og_type":"article","og_title":"Gradient Color Round Shape Empty Lip Gloss Tube Custom Logo","og_description":"Alovey 9ml gradient empty lip gloss tube not only protects the product but also attracts consumers with its modern design and customization potential.","og_url":"https:\/\/www.alovey.com\/es\/producto\/9ml-cosmetics-packaging-for-gradient-color-round-shape-empty-lip-gloss-tube-custom-logo\/","og_site_name":"Best Cosmetic Packaging Manufacture","article_modified_time":"2024-11-16T04:01:07+00:00","og_image":[{"width":750,"height":750,"url":"https:\/\/www.alovey.com\/wp-content\/uploads\/2024\/11\/9ml-Cosmetics-Packaging-For-Gradient-Color-Round-Shape-Empty-Lip-Gloss-Tube-Custom-Logo-3.jpg","type":"image\/jpeg"}],"twitter_card":"summary_large_image","twitter_misc":{"Tiempo de lectura":"2 minutos"},"schema":{"@context":"https:\/\/schema.org","@graph":[{"@type":"WebPage","@id":"https:\/\/www.alovey.com\/product\/9ml-cosmetics-packaging-for-gradient-color-round-shape-empty-lip-gloss-tube-custom-logo\/","url":"https:\/\/www.alovey.com\/product\/9ml-cosmetics-packaging-for-gradient-color-round-shape-empty-lip-gloss-tube-custom-logo\/","name":"Gradient Color Round Shape Empty Lip Gloss Tube Custom Logo","isPartOf":{"@id":"https:\/\/www.alovey.com\/#website"},"primaryImageOfPage":{"@id":"https:\/\/www.alovey.com\/product\/9ml-cosmetics-packaging-for-gradient-color-round-shape-empty-lip-gloss-tube-custom-logo\/#primaryimage"},"image":{"@id":"https:\/\/www.alovey.com\/product\/9ml-cosmetics-packaging-for-gradient-color-round-shape-empty-lip-gloss-tube-custom-logo\/#primaryimage"},"thumbnailUrl":"https:\/\/www.alovey.com\/wp-content\/uploads\/2024\/11\/9ml-Cosmetics-Packaging-For-Gradient-Color-Round-Shape-Empty-Lip-Gloss-Tube-Custom-Logo-3.jpg","datePublished":"2024-11-04T09:56:27+00:00","dateModified":"2024-11-16T04:01:07+00:00","description":"Alovey 9ml gradient empty lip gloss tube not only protects the product but also attracts consumers with its modern design and customization potential.","breadcrumb":{"@id":"https:\/\/www.alovey.com\/product\/9ml-cosmetics-packaging-for-gradient-color-round-shape-empty-lip-gloss-tube-custom-logo\/#breadcrumb"},"inLanguage":"es","potentialAction":[{"@type":"ReadAction","target":["https:\/\/www.alovey.com\/product\/9ml-cosmetics-packaging-for-gradient-color-round-shape-empty-lip-gloss-tube-custom-logo\/"]}]},{"@type":"ImageObject","inLanguage":"es","@id":"https:\/\/www.alovey.com\/product\/9ml-cosmetics-packaging-for-gradient-color-round-shape-empty-lip-gloss-tube-custom-logo\/#primaryimage","url":"https:\/\/www.alovey.com\/wp-content\/uploads\/2024\/11\/9ml-Cosmetics-Packaging-For-Gradient-Color-Round-Shape-Empty-Lip-Gloss-Tube-Custom-Logo-3.jpg","contentUrl":"https:\/\/www.alovey.com\/wp-content\/uploads\/2024\/11\/9ml-Cosmetics-Packaging-For-Gradient-Color-Round-Shape-Empty-Lip-Gloss-Tube-Custom-Logo-3.jpg","width":750,"height":750,"caption":"9ml Cosmetics Packaging For Gradient Color Round Shape Empty Lip Gloss Tube Custom Logo (6)"},{"@type":"BreadcrumbList","@id":"https:\/\/www.alovey.com\/product\/9ml-cosmetics-packaging-for-gradient-color-round-shape-empty-lip-gloss-tube-custom-logo\/#breadcrumb","itemListElement":[{"@type":"ListItem","position":1,"name":"\u9996\u9875","item":"https:\/\/www.alovey.com\/"},{"@type":"ListItem","position":2,"name":"Products","item":"https:\/\/www.alovey.com\/products\/"},{"@type":"ListItem","position":3,"name":"9ml Cosmetics Packaging For Gradient Color Round Shape Empty Lip Gloss Tube Custom Logo"}]},{"@type":"WebSite","@id":"https:\/\/www.alovey.com\/#website","url":"https:\/\/www.alovey.com\/","name":"Best Cosmetic Packaging Manufacture","description":"Alovey Cosmetic Packaging S.L.","publisher":{"@id":"https:\/\/www.alovey.com\/#organization"},"potentialAction":[{"@type":"SearchAction","target":{"@type":"EntryPoint","urlTemplate":"https:\/\/www.alovey.com\/?s={search_term_string}"},"query-input":{"@type":"PropertyValueSpecification","valueRequired":true,"valueName":"search_term_string"}}],"inLanguage":"es"},{"@type":"Organization","@id":"https:\/\/www.alovey.com\/#organization","name":"Best Cosmetic Packaging Manufacture","url":"https:\/\/www.alovey.com\/","logo":{"@type":"ImageObject","inLanguage":"es","@id":"https:\/\/www.alovey.com\/#\/schema\/logo\/image\/","url":"https:\/\/www.alovey.com\/wp-content\/uploads\/2023\/03\/logo.png","contentUrl":"https:\/\/www.alovey.com\/wp-content\/uploads\/2023\/03\/logo.png","width":505,"height":180,"caption":"Best  Cosmetic Packaging Manufacture"},"image":{"@id":"https:\/\/www.alovey.com\/#\/schema\/logo\/image\/"}}]}},"_links":{"self":[{"href":"https:\/\/www.alovey.com\/es\/wp-json\/wp\/v2\/product\/7027"}],"collection":[{"href":"https:\/\/www.alovey.com\/es\/wp-json\/wp\/v2\/product"}],"about":[{"href":"https:\/\/www.alovey.com\/es\/wp-json\/wp\/v2\/types\/product"}],"wp:featuredmedia":[{"embeddable":true,"href":"https:\/\/www.alovey.com\/es\/wp-json\/wp\/v2\/media\/7033"}],"wp:attachment":[{"href":"https:\/\/www.alovey.com\/es\/wp-json\/wp\/v2\/media?parent=7027"}],"wp:term":[{"taxonomy":"product_brand","embeddable":true,"href":"https:\/\/www.alovey.com\/es\/wp-json\/wp\/v2\/product_brand?post=7027"},{"taxonomy":"product_cat","embeddable":true,"href":"https:\/\/www.alovey.com\/es\/wp-json\/wp\/v2\/product_cat?post=7027"},{"taxonomy":"product_tag","embeddable":true,"href":"https:\/\/www.alovey.com\/es\/wp-json\/wp\/v2\/product_tag?post=7027"}],"curies":[{"name":"wp","href":"https:\/\/api.w.org\/{rel}","templated":true}]}}