{"id":7016,"date":"2024-11-02T08:45:12","date_gmt":"2024-11-02T08:45:12","guid":{"rendered":"https:\/\/alovey.com\/?post_type=product&#038;p=7016"},"modified":"2024-11-16T04:00:21","modified_gmt":"2024-11-16T04:00:21","slug":"radii-round-press-powder-case","status":"publish","type":"product","link":"https:\/\/www.alovey.com\/es\/producto\/radii-round-press-powder-case\/","title":{"rendered":"Funda para Polvo de Prensa Redonda Radii"},"content":{"rendered":"<p><strong>This radii round press powder case is diversity and flexibility for decoration as the two-piece cover presents endless creative possibilities to suit all styles and for cosmetic target markets,it\u2019s an ideal choice for a complete and cohesive cosmetics line.<\/strong><\/p>\n<p><strong>Alovey, como fabricante profesional chino de envases para cosm\u00e9ticos, produce una exquisita gama de envases personalizados para cosm\u00e9ticos, meticulosamente elaborados para elevar su marca. Nuestra variada selecci\u00f3n de materiales de primera calidad, combinada con delicadas t\u00e9cnicas de acabado superficial como la serigraf\u00eda, la estampaci\u00f3n en caliente y la pulverizaci\u00f3n mate, garantiza que cada envase sea una obra maestra \u00fanica.<\/strong><\/p>\n<p><img fetchpriority=\"high\" decoding=\"async\" class=\"size-full wp-image-7018\" src=\"https:\/\/alovey.com\/wp-content\/uploads\/2024\/11\/Radii-Round-Press-Powder-Case-P-0167B-5.jpg\" alt=\"Radii Round Press Powder Case P-0167B\" width=\"750\" height=\"750\" srcset=\"https:\/\/www.alovey.com\/wp-content\/uploads\/2024\/11\/Radii-Round-Press-Powder-Case-P-0167B-5.jpg 750w, https:\/\/www.alovey.com\/wp-content\/uploads\/2024\/11\/Radii-Round-Press-Powder-Case-P-0167B-5-300x300.jpg 300w, https:\/\/www.alovey.com\/wp-content\/uploads\/2024\/11\/Radii-Round-Press-Powder-Case-P-0167B-5-150x150.jpg 150w, https:\/\/www.alovey.com\/wp-content\/uploads\/2024\/11\/Radii-Round-Press-Powder-Case-P-0167B-5-600x600.jpg 600w, https:\/\/www.alovey.com\/wp-content\/uploads\/2024\/11\/Radii-Round-Press-Powder-Case-P-0167B-5-100x100.jpg 100w\" sizes=\"(max-width: 750px) 100vw, 750px\" \/><\/p>\n<p><img decoding=\"async\" class=\"size-full wp-image-7019\" src=\"https:\/\/alovey.com\/wp-content\/uploads\/2024\/11\/Radii-Round-Press-Powder-Case-P-0167B-7.jpg\" alt=\"Radii Round Press Powder Case P-0167B\" width=\"750\" height=\"750\" srcset=\"https:\/\/www.alovey.com\/wp-content\/uploads\/2024\/11\/Radii-Round-Press-Powder-Case-P-0167B-7.jpg 750w, https:\/\/www.alovey.com\/wp-content\/uploads\/2024\/11\/Radii-Round-Press-Powder-Case-P-0167B-7-300x300.jpg 300w, https:\/\/www.alovey.com\/wp-content\/uploads\/2024\/11\/Radii-Round-Press-Powder-Case-P-0167B-7-150x150.jpg 150w, https:\/\/www.alovey.com\/wp-content\/uploads\/2024\/11\/Radii-Round-Press-Powder-Case-P-0167B-7-600x600.jpg 600w, https:\/\/www.alovey.com\/wp-content\/uploads\/2024\/11\/Radii-Round-Press-Powder-Case-P-0167B-7-100x100.jpg 100w\" sizes=\"(max-width: 750px) 100vw, 750px\" \/><\/p>\n<p><img decoding=\"async\" class=\"size-full wp-image-7021\" src=\"https:\/\/alovey.com\/wp-content\/uploads\/2024\/11\/Radii-Round-Press-Powder-Case-P-0167B-6.jpg\" alt=\"Radii Round Press Powder Case P-0167B\" width=\"750\" height=\"750\" srcset=\"https:\/\/www.alovey.com\/wp-content\/uploads\/2024\/11\/Radii-Round-Press-Powder-Case-P-0167B-6.jpg 750w, https:\/\/www.alovey.com\/wp-content\/uploads\/2024\/11\/Radii-Round-Press-Powder-Case-P-0167B-6-300x300.jpg 300w, https:\/\/www.alovey.com\/wp-content\/uploads\/2024\/11\/Radii-Round-Press-Powder-Case-P-0167B-6-150x150.jpg 150w, https:\/\/www.alovey.com\/wp-content\/uploads\/2024\/11\/Radii-Round-Press-Powder-Case-P-0167B-6-600x600.jpg 600w, https:\/\/www.alovey.com\/wp-content\/uploads\/2024\/11\/Radii-Round-Press-Powder-Case-P-0167B-6-100x100.jpg 100w\" sizes=\"(max-width: 750px) 100vw, 750px\" \/><\/p>\n<p><img loading=\"lazy\" decoding=\"async\" class=\"size-full wp-image-7022\" src=\"https:\/\/alovey.com\/wp-content\/uploads\/2024\/11\/Radii-Round-Press-Powder-Case-P-0167B-8.jpg\" alt=\"Radii Round Press Powder Case P-0167B\" width=\"750\" height=\"750\" srcset=\"https:\/\/www.alovey.com\/wp-content\/uploads\/2024\/11\/Radii-Round-Press-Powder-Case-P-0167B-8.jpg 750w, https:\/\/www.alovey.com\/wp-content\/uploads\/2024\/11\/Radii-Round-Press-Powder-Case-P-0167B-8-300x300.jpg 300w, https:\/\/www.alovey.com\/wp-content\/uploads\/2024\/11\/Radii-Round-Press-Powder-Case-P-0167B-8-150x150.jpg 150w, https:\/\/www.alovey.com\/wp-content\/uploads\/2024\/11\/Radii-Round-Press-Powder-Case-P-0167B-8-600x600.jpg 600w, https:\/\/www.alovey.com\/wp-content\/uploads\/2024\/11\/Radii-Round-Press-Powder-Case-P-0167B-8-100x100.jpg 100w\" sizes=\"(max-width: 750px) 100vw, 750px\" \/><\/p>\n<p><img loading=\"lazy\" decoding=\"async\" class=\"size-full wp-image-7017\" src=\"https:\/\/alovey.com\/wp-content\/uploads\/2024\/11\/Radii-Round-Press-Powder-Case-P-0167B-4.jpg\" alt=\"Radii Round Press Powder Case P-0167B\" width=\"750\" height=\"750\" srcset=\"https:\/\/www.alovey.com\/wp-content\/uploads\/2024\/11\/Radii-Round-Press-Powder-Case-P-0167B-4.jpg 750w, https:\/\/www.alovey.com\/wp-content\/uploads\/2024\/11\/Radii-Round-Press-Powder-Case-P-0167B-4-300x300.jpg 300w, https:\/\/www.alovey.com\/wp-content\/uploads\/2024\/11\/Radii-Round-Press-Powder-Case-P-0167B-4-150x150.jpg 150w, https:\/\/www.alovey.com\/wp-content\/uploads\/2024\/11\/Radii-Round-Press-Powder-Case-P-0167B-4-600x600.jpg 600w, https:\/\/www.alovey.com\/wp-content\/uploads\/2024\/11\/Radii-Round-Press-Powder-Case-P-0167B-4-100x100.jpg 100w\" sizes=\"(max-width: 750px) 100vw, 750px\" \/><\/p>\n<p><img loading=\"lazy\" decoding=\"async\" class=\"size-full wp-image-7020\" src=\"https:\/\/alovey.com\/wp-content\/uploads\/2024\/11\/Radii-Round-Press-Powder-Case-P-0167B-1.jpg\" alt=\"Radii Round Press Powder Case P-0167B\" width=\"750\" height=\"750\" srcset=\"https:\/\/www.alovey.com\/wp-content\/uploads\/2024\/11\/Radii-Round-Press-Powder-Case-P-0167B-1.jpg 750w, https:\/\/www.alovey.com\/wp-content\/uploads\/2024\/11\/Radii-Round-Press-Powder-Case-P-0167B-1-300x300.jpg 300w, https:\/\/www.alovey.com\/wp-content\/uploads\/2024\/11\/Radii-Round-Press-Powder-Case-P-0167B-1-150x150.jpg 150w, https:\/\/www.alovey.com\/wp-content\/uploads\/2024\/11\/Radii-Round-Press-Powder-Case-P-0167B-1-600x600.jpg 600w, https:\/\/www.alovey.com\/wp-content\/uploads\/2024\/11\/Radii-Round-Press-Powder-Case-P-0167B-1-100x100.jpg 100w\" sizes=\"(max-width: 750px) 100vw, 750px\" \/><\/p>\n<p>&nbsp;<\/p>\n<p>&nbsp;<\/p>\n<p>&nbsp;<\/p>\n<p>&nbsp;<\/p>\n<p>&nbsp;<\/p>\n<p>&nbsp;<\/p>\n<p>&nbsp;<\/p>\n<p>&nbsp;<\/p>\n<p>&nbsp;<\/p>\n<p>&nbsp;<\/p>\n<p>&nbsp;<\/p>\n<p>&nbsp;<\/p>\n<p>&nbsp;<\/p>\n<p>&nbsp;<\/p>\n<p>&nbsp;<\/p>\n<p>&nbsp;<\/p>\n<p>&nbsp;<\/p>\n<p>&nbsp;<\/p>\n<p>&nbsp;<\/p>\n<p>&nbsp;<\/p>\n<p>&nbsp;<\/p>\n<p>&nbsp;<\/p>\n<p>&nbsp;<\/p>\n<p>&nbsp;<\/p>\n<p>&nbsp;<\/p>\n<p>&nbsp;<\/p>\n<p>&nbsp;<\/p>\n<p>&nbsp;<\/p>\n<p>&nbsp;<\/p>\n<p>&nbsp;<\/p>\n<p>&nbsp;<\/p>\n<p>&nbsp;<\/p>\n<p>&nbsp;<\/p>\n<p>&nbsp;<\/p>\n<p>&nbsp;<\/p>\n<p>&nbsp;<\/p>\n<p>&nbsp;<\/p>\n<p>&nbsp;<\/p>\n<p>&nbsp;<\/p>\n<p>&nbsp;<\/p>\n<p>&nbsp;<\/p>\n<p>&nbsp;<\/p>\n<p>&nbsp;<\/p>","protected":false},"excerpt":{"rendered":"<ul>\n<li>Item No: \u00a0P-0167B<\/li>\n<li>Material:  Pl\u00e1stico<\/li>\n<li>Size:\u00a0D74*H17MM (D59)<\/li>\n<li>Aplicaciones: Productos de belleza<\/li>\n<li>MOQ: 10.000 piezas<\/li>\n<li>Color: Color personalizado<\/li>\n<li>Tratamiento superficial: Inyecci\u00f3n\/Mate\/Metalizado\/Recubrimiento UV<\/li>\n<li>Nombre de marca: OEM\/ODM<\/li>\n<li>Logotipo: Logotipo del cliente<\/li>\n<li>Capacidad de suministro: 100.000 piezas al mes<\/li>\n<\/ul>\n<p>&nbsp;<\/p>","protected":false},"featured_media":7022,"template":"","meta":{"_acf_changed":false},"product_brand":[],"product_cat":[380],"product_tag":[387],"class_list":{"0":"post-7016","1":"product","2":"type-product","3":"status-publish","4":"has-post-thumbnail","6":"product_cat-cosmetic-compact-powder-cases","7":"product_tag-compact-powder-case","9":"first","10":"instock","11":"shipping-taxable","12":"product-type-simple"},"acf":[],"yoast_head":"<!-- This site is optimized with the Yoast SEO plugin v24.1 - https:\/\/yoast.com\/wordpress\/plugins\/seo\/ -->\n<title>Radii Round Press Powder Case P-0167B<\/title>\n<meta name=\"description\" content=\"This radii round press powder case is diversity and flexibility for decoration as the two-piece cover presents endless creative possibilities to suit all styles and for cosmetic target markets.\" \/>\n<meta name=\"robots\" content=\"index, follow, max-snippet:-1, max-image-preview:large, max-video-preview:-1\" \/>\n<link rel=\"canonical\" href=\"https:\/\/www.alovey.com\/es\/producto\/radii-round-press-powder-case\/\" \/>\n<meta property=\"og:locale\" content=\"es_ES\" \/>\n<meta property=\"og:type\" content=\"article\" \/>\n<meta property=\"og:title\" content=\"Radii Round Press Powder Case P-0167B\" \/>\n<meta property=\"og:description\" content=\"This radii round press powder case is diversity and flexibility for decoration as the two-piece cover presents endless creative possibilities to suit all styles and for cosmetic target markets.\" \/>\n<meta property=\"og:url\" content=\"https:\/\/www.alovey.com\/es\/producto\/radii-round-press-powder-case\/\" \/>\n<meta property=\"og:site_name\" content=\"Best Cosmetic Packaging Manufacture\" \/>\n<meta property=\"article:modified_time\" content=\"2024-11-16T04:00:21+00:00\" \/>\n<meta property=\"og:image\" content=\"https:\/\/www.alovey.com\/wp-content\/uploads\/2024\/11\/Radii-Round-Press-Powder-Case-P-0167B-8.jpg\" \/>\n\t<meta property=\"og:image:width\" content=\"750\" \/>\n\t<meta property=\"og:image:height\" content=\"750\" \/>\n\t<meta property=\"og:image:type\" content=\"image\/jpeg\" \/>\n<meta name=\"twitter:card\" content=\"summary_large_image\" \/>\n<meta name=\"twitter:label1\" content=\"Tiempo de lectura\" \/>\n\t<meta name=\"twitter:data1\" content=\"2 minutos\" \/>\n<script type=\"application\/ld+json\" class=\"yoast-schema-graph\">{\"@context\":\"https:\/\/schema.org\",\"@graph\":[{\"@type\":\"WebPage\",\"@id\":\"https:\/\/www.alovey.com\/product\/radii-round-press-powder-case\/\",\"url\":\"https:\/\/www.alovey.com\/product\/radii-round-press-powder-case\/\",\"name\":\"Radii Round Press Powder Case P-0167B\",\"isPartOf\":{\"@id\":\"https:\/\/www.alovey.com\/#website\"},\"primaryImageOfPage\":{\"@id\":\"https:\/\/www.alovey.com\/product\/radii-round-press-powder-case\/#primaryimage\"},\"image\":{\"@id\":\"https:\/\/www.alovey.com\/product\/radii-round-press-powder-case\/#primaryimage\"},\"thumbnailUrl\":\"https:\/\/www.alovey.com\/wp-content\/uploads\/2024\/11\/Radii-Round-Press-Powder-Case-P-0167B-8.jpg\",\"datePublished\":\"2024-11-02T08:45:12+00:00\",\"dateModified\":\"2024-11-16T04:00:21+00:00\",\"description\":\"This radii round press powder case is diversity and flexibility for decoration as the two-piece cover presents endless creative possibilities to suit all styles and for cosmetic target markets.\",\"breadcrumb\":{\"@id\":\"https:\/\/www.alovey.com\/product\/radii-round-press-powder-case\/#breadcrumb\"},\"inLanguage\":\"es\",\"potentialAction\":[{\"@type\":\"ReadAction\",\"target\":[\"https:\/\/www.alovey.com\/product\/radii-round-press-powder-case\/\"]}]},{\"@type\":\"ImageObject\",\"inLanguage\":\"es\",\"@id\":\"https:\/\/www.alovey.com\/product\/radii-round-press-powder-case\/#primaryimage\",\"url\":\"https:\/\/www.alovey.com\/wp-content\/uploads\/2024\/11\/Radii-Round-Press-Powder-Case-P-0167B-8.jpg\",\"contentUrl\":\"https:\/\/www.alovey.com\/wp-content\/uploads\/2024\/11\/Radii-Round-Press-Powder-Case-P-0167B-8.jpg\",\"width\":750,\"height\":750,\"caption\":\"Radii Round Press Powder Case P-0167B\"},{\"@type\":\"BreadcrumbList\",\"@id\":\"https:\/\/www.alovey.com\/product\/radii-round-press-powder-case\/#breadcrumb\",\"itemListElement\":[{\"@type\":\"ListItem\",\"position\":1,\"name\":\"\u9996\u9875\",\"item\":\"https:\/\/www.alovey.com\/\"},{\"@type\":\"ListItem\",\"position\":2,\"name\":\"Products\",\"item\":\"https:\/\/www.alovey.com\/products\/\"},{\"@type\":\"ListItem\",\"position\":3,\"name\":\"Radii Round Press Powder Case\"}]},{\"@type\":\"WebSite\",\"@id\":\"https:\/\/www.alovey.com\/#website\",\"url\":\"https:\/\/www.alovey.com\/\",\"name\":\"Best Cosmetic Packaging Manufacture\",\"description\":\"Alovey Cosmetic Packaging Co.,Ltd\",\"publisher\":{\"@id\":\"https:\/\/www.alovey.com\/#organization\"},\"potentialAction\":[{\"@type\":\"SearchAction\",\"target\":{\"@type\":\"EntryPoint\",\"urlTemplate\":\"https:\/\/www.alovey.com\/?s={search_term_string}\"},\"query-input\":{\"@type\":\"PropertyValueSpecification\",\"valueRequired\":true,\"valueName\":\"search_term_string\"}}],\"inLanguage\":\"es\"},{\"@type\":\"Organization\",\"@id\":\"https:\/\/www.alovey.com\/#organization\",\"name\":\"Best Cosmetic Packaging Manufacture\",\"url\":\"https:\/\/www.alovey.com\/\",\"logo\":{\"@type\":\"ImageObject\",\"inLanguage\":\"es\",\"@id\":\"https:\/\/www.alovey.com\/#\/schema\/logo\/image\/\",\"url\":\"https:\/\/www.alovey.com\/wp-content\/uploads\/2023\/03\/logo.png\",\"contentUrl\":\"https:\/\/www.alovey.com\/wp-content\/uploads\/2023\/03\/logo.png\",\"width\":505,\"height\":180,\"caption\":\"Best  Cosmetic Packaging Manufacture\"},\"image\":{\"@id\":\"https:\/\/www.alovey.com\/#\/schema\/logo\/image\/\"}}]}<\/script>\n<!-- \/ Yoast SEO plugin. -->","yoast_head_json":{"title":"Radii Round Press Powder Case P-0167B","description":"This radii round press powder case is diversity and flexibility for decoration as the two-piece cover presents endless creative possibilities to suit all styles and for cosmetic target markets.","robots":{"index":"index","follow":"follow","max-snippet":"max-snippet:-1","max-image-preview":"max-image-preview:large","max-video-preview":"max-video-preview:-1"},"canonical":"https:\/\/www.alovey.com\/es\/producto\/radii-round-press-powder-case\/","og_locale":"es_ES","og_type":"article","og_title":"Radii Round Press Powder Case P-0167B","og_description":"This radii round press powder case is diversity and flexibility for decoration as the two-piece cover presents endless creative possibilities to suit all styles and for cosmetic target markets.","og_url":"https:\/\/www.alovey.com\/es\/producto\/radii-round-press-powder-case\/","og_site_name":"Best Cosmetic Packaging Manufacture","article_modified_time":"2024-11-16T04:00:21+00:00","og_image":[{"width":750,"height":750,"url":"https:\/\/www.alovey.com\/wp-content\/uploads\/2024\/11\/Radii-Round-Press-Powder-Case-P-0167B-8.jpg","type":"image\/jpeg"}],"twitter_card":"summary_large_image","twitter_misc":{"Tiempo de lectura":"2 minutos"},"schema":{"@context":"https:\/\/schema.org","@graph":[{"@type":"WebPage","@id":"https:\/\/www.alovey.com\/product\/radii-round-press-powder-case\/","url":"https:\/\/www.alovey.com\/product\/radii-round-press-powder-case\/","name":"Radii Round Press Powder Case P-0167B","isPartOf":{"@id":"https:\/\/www.alovey.com\/#website"},"primaryImageOfPage":{"@id":"https:\/\/www.alovey.com\/product\/radii-round-press-powder-case\/#primaryimage"},"image":{"@id":"https:\/\/www.alovey.com\/product\/radii-round-press-powder-case\/#primaryimage"},"thumbnailUrl":"https:\/\/www.alovey.com\/wp-content\/uploads\/2024\/11\/Radii-Round-Press-Powder-Case-P-0167B-8.jpg","datePublished":"2024-11-02T08:45:12+00:00","dateModified":"2024-11-16T04:00:21+00:00","description":"This radii round press powder case is diversity and flexibility for decoration as the two-piece cover presents endless creative possibilities to suit all styles and for cosmetic target markets.","breadcrumb":{"@id":"https:\/\/www.alovey.com\/product\/radii-round-press-powder-case\/#breadcrumb"},"inLanguage":"es","potentialAction":[{"@type":"ReadAction","target":["https:\/\/www.alovey.com\/product\/radii-round-press-powder-case\/"]}]},{"@type":"ImageObject","inLanguage":"es","@id":"https:\/\/www.alovey.com\/product\/radii-round-press-powder-case\/#primaryimage","url":"https:\/\/www.alovey.com\/wp-content\/uploads\/2024\/11\/Radii-Round-Press-Powder-Case-P-0167B-8.jpg","contentUrl":"https:\/\/www.alovey.com\/wp-content\/uploads\/2024\/11\/Radii-Round-Press-Powder-Case-P-0167B-8.jpg","width":750,"height":750,"caption":"Radii Round Press Powder Case P-0167B"},{"@type":"BreadcrumbList","@id":"https:\/\/www.alovey.com\/product\/radii-round-press-powder-case\/#breadcrumb","itemListElement":[{"@type":"ListItem","position":1,"name":"\u9996\u9875","item":"https:\/\/www.alovey.com\/"},{"@type":"ListItem","position":2,"name":"Products","item":"https:\/\/www.alovey.com\/products\/"},{"@type":"ListItem","position":3,"name":"Radii Round Press Powder Case"}]},{"@type":"WebSite","@id":"https:\/\/www.alovey.com\/#website","url":"https:\/\/www.alovey.com\/","name":"Best Cosmetic Packaging Manufacture","description":"Alovey Cosmetic Packaging S.L.","publisher":{"@id":"https:\/\/www.alovey.com\/#organization"},"potentialAction":[{"@type":"SearchAction","target":{"@type":"EntryPoint","urlTemplate":"https:\/\/www.alovey.com\/?s={search_term_string}"},"query-input":{"@type":"PropertyValueSpecification","valueRequired":true,"valueName":"search_term_string"}}],"inLanguage":"es"},{"@type":"Organization","@id":"https:\/\/www.alovey.com\/#organization","name":"Best Cosmetic Packaging Manufacture","url":"https:\/\/www.alovey.com\/","logo":{"@type":"ImageObject","inLanguage":"es","@id":"https:\/\/www.alovey.com\/#\/schema\/logo\/image\/","url":"https:\/\/www.alovey.com\/wp-content\/uploads\/2023\/03\/logo.png","contentUrl":"https:\/\/www.alovey.com\/wp-content\/uploads\/2023\/03\/logo.png","width":505,"height":180,"caption":"Best  Cosmetic Packaging Manufacture"},"image":{"@id":"https:\/\/www.alovey.com\/#\/schema\/logo\/image\/"}}]}},"_links":{"self":[{"href":"https:\/\/www.alovey.com\/es\/wp-json\/wp\/v2\/product\/7016"}],"collection":[{"href":"https:\/\/www.alovey.com\/es\/wp-json\/wp\/v2\/product"}],"about":[{"href":"https:\/\/www.alovey.com\/es\/wp-json\/wp\/v2\/types\/product"}],"wp:featuredmedia":[{"embeddable":true,"href":"https:\/\/www.alovey.com\/es\/wp-json\/wp\/v2\/media\/7022"}],"wp:attachment":[{"href":"https:\/\/www.alovey.com\/es\/wp-json\/wp\/v2\/media?parent=7016"}],"wp:term":[{"taxonomy":"product_brand","embeddable":true,"href":"https:\/\/www.alovey.com\/es\/wp-json\/wp\/v2\/product_brand?post=7016"},{"taxonomy":"product_cat","embeddable":true,"href":"https:\/\/www.alovey.com\/es\/wp-json\/wp\/v2\/product_cat?post=7016"},{"taxonomy":"product_tag","embeddable":true,"href":"https:\/\/www.alovey.com\/es\/wp-json\/wp\/v2\/product_tag?post=7016"}],"curies":[{"name":"wp","href":"https:\/\/api.w.org\/{rel}","templated":true}]}}