{"id":6994,"date":"2024-11-02T08:15:52","date_gmt":"2024-11-02T08:15:52","guid":{"rendered":"https:\/\/alovey.com\/?post_type=product&#038;p=6994"},"modified":"2024-11-16T04:00:09","modified_gmt":"2024-11-16T04:00:09","slug":"wholesale-unique-silver-empty-compact-powder-case","status":"publish","type":"product","link":"https:\/\/www.alovey.com\/es\/producto\/wholesale-unique-silver-empty-compact-powder-case\/","title":{"rendered":"Mayorista polvera compacta vac\u00eda plateada \u00fanica"},"content":{"rendered":"<p><strong>This compact powder case with unique silver is made of high quality ABS plastic material, it features a magnetic closure for easy opening and closing. The lid is equipped with mirror for convenient touch-ups on the go.<\/strong><\/p>\n<p><strong>Alovey, como fabricante profesional chino de envases para cosm\u00e9ticos, produce una exquisita gama de envases personalizados para cosm\u00e9ticos, meticulosamente elaborados para elevar su marca. Nuestra variada selecci\u00f3n de materiales de primera calidad, combinada con delicadas t\u00e9cnicas de acabado superficial como la serigraf\u00eda, la estampaci\u00f3n en caliente y la pulverizaci\u00f3n mate, garantiza que cada envase sea una obra maestra \u00fanica.<\/strong><\/p>\n<figure id=\"attachment_7007\" aria-describedby=\"caption-attachment-7007\" style=\"width: 750px\" class=\"wp-caption alignnone\"><img fetchpriority=\"high\" decoding=\"async\" class=\"size-full wp-image-7007\" src=\"https:\/\/alovey.com\/wp-content\/uploads\/2024\/11\/Wholesale-unique-silver-empty-compact-powder-case-P-0110E-6.jpg\" alt=\"Wholesale unique silver empty compact powder case P-0110E \u200b\" width=\"750\" height=\"750\" srcset=\"https:\/\/www.alovey.com\/wp-content\/uploads\/2024\/11\/Wholesale-unique-silver-empty-compact-powder-case-P-0110E-6.jpg 750w, https:\/\/www.alovey.com\/wp-content\/uploads\/2024\/11\/Wholesale-unique-silver-empty-compact-powder-case-P-0110E-6-300x300.jpg 300w, https:\/\/www.alovey.com\/wp-content\/uploads\/2024\/11\/Wholesale-unique-silver-empty-compact-powder-case-P-0110E-6-150x150.jpg 150w, https:\/\/www.alovey.com\/wp-content\/uploads\/2024\/11\/Wholesale-unique-silver-empty-compact-powder-case-P-0110E-6-600x600.jpg 600w, https:\/\/www.alovey.com\/wp-content\/uploads\/2024\/11\/Wholesale-unique-silver-empty-compact-powder-case-P-0110E-6-100x100.jpg 100w\" sizes=\"(max-width: 750px) 100vw, 750px\" \/><figcaption id=\"caption-attachment-7007\" class=\"wp-caption-text\"><br \/>\u200b<\/figcaption><\/figure>\n<figure id=\"attachment_7006\" aria-describedby=\"caption-attachment-7006\" style=\"width: 750px\" class=\"wp-caption alignnone\"><img decoding=\"async\" class=\"size-full wp-image-7006\" src=\"https:\/\/alovey.com\/wp-content\/uploads\/2024\/11\/Wholesale-unique-silver-empty-compact-powder-case-P-0110E-5.jpg\" alt=\"Wholesale unique silver empty compact powder case P-0110E \u200b\" width=\"750\" height=\"750\" srcset=\"https:\/\/www.alovey.com\/wp-content\/uploads\/2024\/11\/Wholesale-unique-silver-empty-compact-powder-case-P-0110E-5.jpg 750w, https:\/\/www.alovey.com\/wp-content\/uploads\/2024\/11\/Wholesale-unique-silver-empty-compact-powder-case-P-0110E-5-300x300.jpg 300w, https:\/\/www.alovey.com\/wp-content\/uploads\/2024\/11\/Wholesale-unique-silver-empty-compact-powder-case-P-0110E-5-150x150.jpg 150w, https:\/\/www.alovey.com\/wp-content\/uploads\/2024\/11\/Wholesale-unique-silver-empty-compact-powder-case-P-0110E-5-600x600.jpg 600w, https:\/\/www.alovey.com\/wp-content\/uploads\/2024\/11\/Wholesale-unique-silver-empty-compact-powder-case-P-0110E-5-100x100.jpg 100w\" sizes=\"(max-width: 750px) 100vw, 750px\" \/><figcaption id=\"caption-attachment-7006\" class=\"wp-caption-text\"><br \/>\u200b<\/figcaption><\/figure>\n<p><img decoding=\"async\" class=\"size-full wp-image-7005\" src=\"https:\/\/alovey.com\/wp-content\/uploads\/2024\/11\/Wholesale-unique-silver-empty-compact-powder-case-P-0110E-4.jpg\" alt=\"Wholesale unique silver empty compact powder case P-0110E \u200b\" width=\"750\" height=\"750\" srcset=\"https:\/\/www.alovey.com\/wp-content\/uploads\/2024\/11\/Wholesale-unique-silver-empty-compact-powder-case-P-0110E-4.jpg 750w, https:\/\/www.alovey.com\/wp-content\/uploads\/2024\/11\/Wholesale-unique-silver-empty-compact-powder-case-P-0110E-4-300x300.jpg 300w, https:\/\/www.alovey.com\/wp-content\/uploads\/2024\/11\/Wholesale-unique-silver-empty-compact-powder-case-P-0110E-4-150x150.jpg 150w, https:\/\/www.alovey.com\/wp-content\/uploads\/2024\/11\/Wholesale-unique-silver-empty-compact-powder-case-P-0110E-4-600x600.jpg 600w, https:\/\/www.alovey.com\/wp-content\/uploads\/2024\/11\/Wholesale-unique-silver-empty-compact-powder-case-P-0110E-4-100x100.jpg 100w\" sizes=\"(max-width: 750px) 100vw, 750px\" \/><\/p>\n<figure id=\"attachment_7003\" aria-describedby=\"caption-attachment-7003\" style=\"width: 750px\" class=\"wp-caption alignnone\"><img loading=\"lazy\" decoding=\"async\" class=\"size-full wp-image-7003\" src=\"https:\/\/alovey.com\/wp-content\/uploads\/2024\/11\/Wholesale-unique-silver-empty-compact-powder-case-P-0110E-8.jpg\" alt=\"Wholesale unique silver empty compact powder case P-0110E \u200b\" width=\"750\" height=\"750\" srcset=\"https:\/\/www.alovey.com\/wp-content\/uploads\/2024\/11\/Wholesale-unique-silver-empty-compact-powder-case-P-0110E-8.jpg 750w, https:\/\/www.alovey.com\/wp-content\/uploads\/2024\/11\/Wholesale-unique-silver-empty-compact-powder-case-P-0110E-8-300x300.jpg 300w, https:\/\/www.alovey.com\/wp-content\/uploads\/2024\/11\/Wholesale-unique-silver-empty-compact-powder-case-P-0110E-8-150x150.jpg 150w, https:\/\/www.alovey.com\/wp-content\/uploads\/2024\/11\/Wholesale-unique-silver-empty-compact-powder-case-P-0110E-8-600x600.jpg 600w, https:\/\/www.alovey.com\/wp-content\/uploads\/2024\/11\/Wholesale-unique-silver-empty-compact-powder-case-P-0110E-8-100x100.jpg 100w\" sizes=\"(max-width: 750px) 100vw, 750px\" \/><figcaption id=\"caption-attachment-7003\" class=\"wp-caption-text\"><br \/>\u200b<\/figcaption><\/figure>\n<figure id=\"attachment_7002\" aria-describedby=\"caption-attachment-7002\" style=\"width: 750px\" class=\"wp-caption alignnone\"><img loading=\"lazy\" decoding=\"async\" class=\"size-full wp-image-7002\" src=\"https:\/\/alovey.com\/wp-content\/uploads\/2024\/11\/Wholesale-unique-silver-empty-compact-powder-case-P-0110E-7.jpg\" alt=\"Wholesale unique silver empty compact powder case P-0110E \u200b\" width=\"750\" height=\"750\" srcset=\"https:\/\/www.alovey.com\/wp-content\/uploads\/2024\/11\/Wholesale-unique-silver-empty-compact-powder-case-P-0110E-7.jpg 750w, https:\/\/www.alovey.com\/wp-content\/uploads\/2024\/11\/Wholesale-unique-silver-empty-compact-powder-case-P-0110E-7-300x300.jpg 300w, https:\/\/www.alovey.com\/wp-content\/uploads\/2024\/11\/Wholesale-unique-silver-empty-compact-powder-case-P-0110E-7-150x150.jpg 150w, https:\/\/www.alovey.com\/wp-content\/uploads\/2024\/11\/Wholesale-unique-silver-empty-compact-powder-case-P-0110E-7-600x600.jpg 600w, https:\/\/www.alovey.com\/wp-content\/uploads\/2024\/11\/Wholesale-unique-silver-empty-compact-powder-case-P-0110E-7-100x100.jpg 100w\" sizes=\"(max-width: 750px) 100vw, 750px\" \/><figcaption id=\"caption-attachment-7002\" class=\"wp-caption-text\"><br \/>\u200b<\/figcaption><\/figure>\n<figure id=\"attachment_7004\" aria-describedby=\"caption-attachment-7004\" style=\"width: 750px\" class=\"wp-caption alignnone\"><img loading=\"lazy\" decoding=\"async\" class=\"size-full wp-image-7004\" src=\"https:\/\/alovey.com\/wp-content\/uploads\/2024\/11\/Wholesale-unique-silver-empty-compact-powder-case-P-0110E-1.jpg\" alt=\"Wholesale unique silver empty compact powder case P-0110E \u200b\" width=\"750\" height=\"750\" srcset=\"https:\/\/www.alovey.com\/wp-content\/uploads\/2024\/11\/Wholesale-unique-silver-empty-compact-powder-case-P-0110E-1.jpg 750w, https:\/\/www.alovey.com\/wp-content\/uploads\/2024\/11\/Wholesale-unique-silver-empty-compact-powder-case-P-0110E-1-300x300.jpg 300w, https:\/\/www.alovey.com\/wp-content\/uploads\/2024\/11\/Wholesale-unique-silver-empty-compact-powder-case-P-0110E-1-150x150.jpg 150w, https:\/\/www.alovey.com\/wp-content\/uploads\/2024\/11\/Wholesale-unique-silver-empty-compact-powder-case-P-0110E-1-600x600.jpg 600w, https:\/\/www.alovey.com\/wp-content\/uploads\/2024\/11\/Wholesale-unique-silver-empty-compact-powder-case-P-0110E-1-100x100.jpg 100w\" sizes=\"(max-width: 750px) 100vw, 750px\" \/><figcaption id=\"caption-attachment-7004\" class=\"wp-caption-text\"><br \/>\u200b<\/figcaption><\/figure>\n<p>&nbsp;<\/p>\n<p>&nbsp;<\/p>\n<p>&nbsp;<\/p>\n<p>&nbsp;<\/p>\n<p>&nbsp;<\/p>\n<p>&nbsp;<\/p>\n<p>&nbsp;<\/p>\n<p>&nbsp;<\/p>\n<p>&nbsp;<\/p>\n<p>&nbsp;<\/p>\n<p>&nbsp;<\/p>\n<p>&nbsp;<\/p>\n<p>&nbsp;<\/p>\n<p>&nbsp;<\/p>\n<p>&nbsp;<\/p>\n<p>&nbsp;<\/p>\n<p>&nbsp;<\/p>\n<p>&nbsp;<\/p>\n<p>&nbsp;<\/p>\n<p>&nbsp;<\/p>\n<p>&nbsp;<\/p>\n<p>&nbsp;<\/p>\n<p>&nbsp;<\/p>\n<p>&nbsp;<\/p>\n<p>&nbsp;<\/p>\n<p>&nbsp;<\/p>\n<p>&nbsp;<\/p>\n<p>&nbsp;<\/p>\n<p>&nbsp;<\/p>\n<p>&nbsp;<\/p>\n<p>&nbsp;<\/p>\n<p>&nbsp;<\/p>\n<p>&nbsp;<\/p>\n<p>&nbsp;<\/p>\n<p>&nbsp;<\/p>\n<p>&nbsp;<\/p>\n<p>&nbsp;<\/p>\n<p>&nbsp;<\/p>","protected":false},"excerpt":{"rendered":"<ul>\n<li>Item No: P-0110E<\/li>\n<li>Material:  Pl\u00e1stico<\/li>\n<li>Size:\u00a0L70*W44*H15MM<\/li>\n<li>Aplicaciones: Productos de belleza<\/li>\n<li>MOQ: 10.000 piezas<\/li>\n<li>Color: Color personalizado<\/li>\n<li>Tratamiento superficial: Inyecci\u00f3n\/Mate\/Metalizado\/Recubrimiento UV<\/li>\n<li>Nombre de marca: OEM\/ODM<\/li>\n<li>Logotipo: Logotipo del cliente<\/li>\n<li>Capacidad de suministro: 100.000 piezas al mes<\/li>\n<\/ul>\n<p>&nbsp;<\/p>","protected":false},"featured_media":7002,"template":"","meta":{"_acf_changed":false},"product_brand":[],"product_cat":[380],"product_tag":[387],"class_list":{"0":"post-6994","1":"product","2":"type-product","3":"status-publish","4":"has-post-thumbnail","6":"product_cat-cosmetic-compact-powder-cases","7":"product_tag-compact-powder-case","9":"first","10":"instock","11":"shipping-taxable","12":"product-type-simple"},"acf":[],"yoast_head":"<!-- This site is optimized with the Yoast SEO plugin v24.1 - https:\/\/yoast.com\/wordpress\/plugins\/seo\/ -->\n<title>Wholesale unique silver empty compact powder case<\/title>\n<meta name=\"description\" content=\"We wholesale empty compact powder case with unique silver is made of high quality ABS plastic material, features a magnetic closure for easy close.\" \/>\n<meta name=\"robots\" content=\"index, follow, max-snippet:-1, max-image-preview:large, max-video-preview:-1\" \/>\n<link rel=\"canonical\" href=\"https:\/\/www.alovey.com\/es\/producto\/wholesale-unique-silver-empty-compact-powder-case\/\" \/>\n<meta property=\"og:locale\" content=\"es_ES\" \/>\n<meta property=\"og:type\" content=\"article\" \/>\n<meta property=\"og:title\" content=\"Wholesale unique silver empty compact powder case\" \/>\n<meta property=\"og:description\" content=\"We wholesale empty compact powder case with unique silver is made of high quality ABS plastic material, features a magnetic closure for easy close.\" \/>\n<meta property=\"og:url\" content=\"https:\/\/www.alovey.com\/es\/producto\/wholesale-unique-silver-empty-compact-powder-case\/\" \/>\n<meta property=\"og:site_name\" content=\"Best Cosmetic Packaging Manufacture\" \/>\n<meta property=\"article:modified_time\" content=\"2024-11-16T04:00:09+00:00\" \/>\n<meta property=\"og:image\" content=\"https:\/\/www.alovey.com\/wp-content\/uploads\/2024\/11\/Wholesale-unique-silver-empty-compact-powder-case-P-0110E-7.jpg\" \/>\n\t<meta property=\"og:image:width\" content=\"750\" \/>\n\t<meta property=\"og:image:height\" content=\"750\" \/>\n\t<meta property=\"og:image:type\" content=\"image\/jpeg\" \/>\n<meta name=\"twitter:card\" content=\"summary_large_image\" \/>\n<meta name=\"twitter:label1\" content=\"Tiempo de lectura\" \/>\n\t<meta name=\"twitter:data1\" content=\"2 minutos\" \/>\n<script type=\"application\/ld+json\" class=\"yoast-schema-graph\">{\"@context\":\"https:\/\/schema.org\",\"@graph\":[{\"@type\":\"WebPage\",\"@id\":\"https:\/\/www.alovey.com\/product\/wholesale-unique-silver-empty-compact-powder-case\/\",\"url\":\"https:\/\/www.alovey.com\/product\/wholesale-unique-silver-empty-compact-powder-case\/\",\"name\":\"Wholesale unique silver empty compact powder case\",\"isPartOf\":{\"@id\":\"https:\/\/www.alovey.com\/#website\"},\"primaryImageOfPage\":{\"@id\":\"https:\/\/www.alovey.com\/product\/wholesale-unique-silver-empty-compact-powder-case\/#primaryimage\"},\"image\":{\"@id\":\"https:\/\/www.alovey.com\/product\/wholesale-unique-silver-empty-compact-powder-case\/#primaryimage\"},\"thumbnailUrl\":\"https:\/\/www.alovey.com\/wp-content\/uploads\/2024\/11\/Wholesale-unique-silver-empty-compact-powder-case-P-0110E-7.jpg\",\"datePublished\":\"2024-11-02T08:15:52+00:00\",\"dateModified\":\"2024-11-16T04:00:09+00:00\",\"description\":\"We wholesale empty compact powder case with unique silver is made of high quality ABS plastic material, features a magnetic closure for easy close.\",\"breadcrumb\":{\"@id\":\"https:\/\/www.alovey.com\/product\/wholesale-unique-silver-empty-compact-powder-case\/#breadcrumb\"},\"inLanguage\":\"es\",\"potentialAction\":[{\"@type\":\"ReadAction\",\"target\":[\"https:\/\/www.alovey.com\/product\/wholesale-unique-silver-empty-compact-powder-case\/\"]}]},{\"@type\":\"ImageObject\",\"inLanguage\":\"es\",\"@id\":\"https:\/\/www.alovey.com\/product\/wholesale-unique-silver-empty-compact-powder-case\/#primaryimage\",\"url\":\"https:\/\/www.alovey.com\/wp-content\/uploads\/2024\/11\/Wholesale-unique-silver-empty-compact-powder-case-P-0110E-7.jpg\",\"contentUrl\":\"https:\/\/www.alovey.com\/wp-content\/uploads\/2024\/11\/Wholesale-unique-silver-empty-compact-powder-case-P-0110E-7.jpg\",\"width\":750,\"height\":750,\"caption\":\"Wholesale unique silver empty compact powder case P-0110E \u200b\"},{\"@type\":\"BreadcrumbList\",\"@id\":\"https:\/\/www.alovey.com\/product\/wholesale-unique-silver-empty-compact-powder-case\/#breadcrumb\",\"itemListElement\":[{\"@type\":\"ListItem\",\"position\":1,\"name\":\"\u9996\u9875\",\"item\":\"https:\/\/www.alovey.com\/\"},{\"@type\":\"ListItem\",\"position\":2,\"name\":\"Products\",\"item\":\"https:\/\/www.alovey.com\/products\/\"},{\"@type\":\"ListItem\",\"position\":3,\"name\":\"Wholesale unique silver empty compact powder case\"}]},{\"@type\":\"WebSite\",\"@id\":\"https:\/\/www.alovey.com\/#website\",\"url\":\"https:\/\/www.alovey.com\/\",\"name\":\"Best Cosmetic Packaging Manufacture\",\"description\":\"Alovey Cosmetic Packaging Co.,Ltd\",\"publisher\":{\"@id\":\"https:\/\/www.alovey.com\/#organization\"},\"potentialAction\":[{\"@type\":\"SearchAction\",\"target\":{\"@type\":\"EntryPoint\",\"urlTemplate\":\"https:\/\/www.alovey.com\/?s={search_term_string}\"},\"query-input\":{\"@type\":\"PropertyValueSpecification\",\"valueRequired\":true,\"valueName\":\"search_term_string\"}}],\"inLanguage\":\"es\"},{\"@type\":\"Organization\",\"@id\":\"https:\/\/www.alovey.com\/#organization\",\"name\":\"Best Cosmetic Packaging Manufacture\",\"url\":\"https:\/\/www.alovey.com\/\",\"logo\":{\"@type\":\"ImageObject\",\"inLanguage\":\"es\",\"@id\":\"https:\/\/www.alovey.com\/#\/schema\/logo\/image\/\",\"url\":\"https:\/\/www.alovey.com\/wp-content\/uploads\/2023\/03\/logo.png\",\"contentUrl\":\"https:\/\/www.alovey.com\/wp-content\/uploads\/2023\/03\/logo.png\",\"width\":505,\"height\":180,\"caption\":\"Best  Cosmetic Packaging Manufacture\"},\"image\":{\"@id\":\"https:\/\/www.alovey.com\/#\/schema\/logo\/image\/\"}}]}<\/script>\n<!-- \/ Yoast SEO plugin. -->","yoast_head_json":{"title":"Mayorista polvera compacta vac\u00eda plateada \u00fanica","description":"We wholesale empty compact powder case with unique silver is made of high quality ABS plastic material, features a magnetic closure for easy close.","robots":{"index":"index","follow":"follow","max-snippet":"max-snippet:-1","max-image-preview":"max-image-preview:large","max-video-preview":"max-video-preview:-1"},"canonical":"https:\/\/www.alovey.com\/es\/producto\/wholesale-unique-silver-empty-compact-powder-case\/","og_locale":"es_ES","og_type":"article","og_title":"Wholesale unique silver empty compact powder case","og_description":"We wholesale empty compact powder case with unique silver is made of high quality ABS plastic material, features a magnetic closure for easy close.","og_url":"https:\/\/www.alovey.com\/es\/producto\/wholesale-unique-silver-empty-compact-powder-case\/","og_site_name":"Best Cosmetic Packaging Manufacture","article_modified_time":"2024-11-16T04:00:09+00:00","og_image":[{"width":750,"height":750,"url":"https:\/\/www.alovey.com\/wp-content\/uploads\/2024\/11\/Wholesale-unique-silver-empty-compact-powder-case-P-0110E-7.jpg","type":"image\/jpeg"}],"twitter_card":"summary_large_image","twitter_misc":{"Tiempo de lectura":"2 minutos"},"schema":{"@context":"https:\/\/schema.org","@graph":[{"@type":"WebPage","@id":"https:\/\/www.alovey.com\/product\/wholesale-unique-silver-empty-compact-powder-case\/","url":"https:\/\/www.alovey.com\/product\/wholesale-unique-silver-empty-compact-powder-case\/","name":"Mayorista polvera compacta vac\u00eda plateada \u00fanica","isPartOf":{"@id":"https:\/\/www.alovey.com\/#website"},"primaryImageOfPage":{"@id":"https:\/\/www.alovey.com\/product\/wholesale-unique-silver-empty-compact-powder-case\/#primaryimage"},"image":{"@id":"https:\/\/www.alovey.com\/product\/wholesale-unique-silver-empty-compact-powder-case\/#primaryimage"},"thumbnailUrl":"https:\/\/www.alovey.com\/wp-content\/uploads\/2024\/11\/Wholesale-unique-silver-empty-compact-powder-case-P-0110E-7.jpg","datePublished":"2024-11-02T08:15:52+00:00","dateModified":"2024-11-16T04:00:09+00:00","description":"We wholesale empty compact powder case with unique silver is made of high quality ABS plastic material, features a magnetic closure for easy close.","breadcrumb":{"@id":"https:\/\/www.alovey.com\/product\/wholesale-unique-silver-empty-compact-powder-case\/#breadcrumb"},"inLanguage":"es","potentialAction":[{"@type":"ReadAction","target":["https:\/\/www.alovey.com\/product\/wholesale-unique-silver-empty-compact-powder-case\/"]}]},{"@type":"ImageObject","inLanguage":"es","@id":"https:\/\/www.alovey.com\/product\/wholesale-unique-silver-empty-compact-powder-case\/#primaryimage","url":"https:\/\/www.alovey.com\/wp-content\/uploads\/2024\/11\/Wholesale-unique-silver-empty-compact-powder-case-P-0110E-7.jpg","contentUrl":"https:\/\/www.alovey.com\/wp-content\/uploads\/2024\/11\/Wholesale-unique-silver-empty-compact-powder-case-P-0110E-7.jpg","width":750,"height":750,"caption":"Wholesale unique silver empty compact powder case P-0110E \u200b"},{"@type":"BreadcrumbList","@id":"https:\/\/www.alovey.com\/product\/wholesale-unique-silver-empty-compact-powder-case\/#breadcrumb","itemListElement":[{"@type":"ListItem","position":1,"name":"\u9996\u9875","item":"https:\/\/www.alovey.com\/"},{"@type":"ListItem","position":2,"name":"Products","item":"https:\/\/www.alovey.com\/products\/"},{"@type":"ListItem","position":3,"name":"Wholesale unique silver empty compact powder case"}]},{"@type":"WebSite","@id":"https:\/\/www.alovey.com\/#website","url":"https:\/\/www.alovey.com\/","name":"Best Cosmetic Packaging Manufacture","description":"Alovey Cosmetic Packaging S.L.","publisher":{"@id":"https:\/\/www.alovey.com\/#organization"},"potentialAction":[{"@type":"SearchAction","target":{"@type":"EntryPoint","urlTemplate":"https:\/\/www.alovey.com\/?s={search_term_string}"},"query-input":{"@type":"PropertyValueSpecification","valueRequired":true,"valueName":"search_term_string"}}],"inLanguage":"es"},{"@type":"Organization","@id":"https:\/\/www.alovey.com\/#organization","name":"Best Cosmetic Packaging Manufacture","url":"https:\/\/www.alovey.com\/","logo":{"@type":"ImageObject","inLanguage":"es","@id":"https:\/\/www.alovey.com\/#\/schema\/logo\/image\/","url":"https:\/\/www.alovey.com\/wp-content\/uploads\/2023\/03\/logo.png","contentUrl":"https:\/\/www.alovey.com\/wp-content\/uploads\/2023\/03\/logo.png","width":505,"height":180,"caption":"Best  Cosmetic Packaging Manufacture"},"image":{"@id":"https:\/\/www.alovey.com\/#\/schema\/logo\/image\/"}}]}},"_links":{"self":[{"href":"https:\/\/www.alovey.com\/es\/wp-json\/wp\/v2\/product\/6994"}],"collection":[{"href":"https:\/\/www.alovey.com\/es\/wp-json\/wp\/v2\/product"}],"about":[{"href":"https:\/\/www.alovey.com\/es\/wp-json\/wp\/v2\/types\/product"}],"wp:featuredmedia":[{"embeddable":true,"href":"https:\/\/www.alovey.com\/es\/wp-json\/wp\/v2\/media\/7002"}],"wp:attachment":[{"href":"https:\/\/www.alovey.com\/es\/wp-json\/wp\/v2\/media?parent=6994"}],"wp:term":[{"taxonomy":"product_brand","embeddable":true,"href":"https:\/\/www.alovey.com\/es\/wp-json\/wp\/v2\/product_brand?post=6994"},{"taxonomy":"product_cat","embeddable":true,"href":"https:\/\/www.alovey.com\/es\/wp-json\/wp\/v2\/product_cat?post=6994"},{"taxonomy":"product_tag","embeddable":true,"href":"https:\/\/www.alovey.com\/es\/wp-json\/wp\/v2\/product_tag?post=6994"}],"curies":[{"name":"wp","href":"https:\/\/api.w.org\/{rel}","templated":true}]}}