{"id":6947,"date":"2024-11-02T06:42:45","date_gmt":"2024-11-02T06:42:45","guid":{"rendered":"https:\/\/alovey.com\/?post_type=product&#038;p=6947"},"modified":"2024-11-16T03:59:39","modified_gmt":"2024-11-16T03:59:39","slug":"wholesale-4-5g-chapstick-lip-balm-tube-containers","status":"publish","type":"product","link":"https:\/\/www.alovey.com\/es\/producto\/wholesale-4-5g-chapstick-lip-balm-tube-containers\/","title":{"rendered":"Wholesale 4.5g Chapstick Lip Balm Tube Containers"},"content":{"rendered":"<p><strong>Alovey 4.5g Chapstick Lip Balm Tube\u2002Containers\u00a0is a ideal for standard lip balm products and typically available in various colors to match your brand aesthetic.<\/strong><\/p>\n<p><strong>Alovey, como fabricante profesional chino de envases para cosm\u00e9ticos, produce una exquisita gama de envases personalizados para cosm\u00e9ticos, meticulosamente elaborados para elevar su marca. Nuestra variada selecci\u00f3n de materiales de primera calidad, combinada con delicadas t\u00e9cnicas de acabado superficial como la serigraf\u00eda, la estampaci\u00f3n en caliente y la pulverizaci\u00f3n mate, garantiza que cada envase sea una obra maestra \u00fanica.<\/strong><\/p>\n<p><img fetchpriority=\"high\" decoding=\"async\" class=\"size-full wp-image-6953\" src=\"https:\/\/alovey.com\/wp-content\/uploads\/2024\/11\/Wholesale-4.5g-Chapstick-Lip-Balm-Tube-Containers-LB0002A-5.jpg\" alt=\"Wholesale 4.5g Chapstick Lip Balm Tube Containers-LB0002A\" width=\"750\" height=\"750\" srcset=\"https:\/\/www.alovey.com\/wp-content\/uploads\/2024\/11\/Wholesale-4.5g-Chapstick-Lip-Balm-Tube-Containers-LB0002A-5.jpg 750w, https:\/\/www.alovey.com\/wp-content\/uploads\/2024\/11\/Wholesale-4.5g-Chapstick-Lip-Balm-Tube-Containers-LB0002A-5-300x300.jpg 300w, https:\/\/www.alovey.com\/wp-content\/uploads\/2024\/11\/Wholesale-4.5g-Chapstick-Lip-Balm-Tube-Containers-LB0002A-5-150x150.jpg 150w, https:\/\/www.alovey.com\/wp-content\/uploads\/2024\/11\/Wholesale-4.5g-Chapstick-Lip-Balm-Tube-Containers-LB0002A-5-600x600.jpg 600w, https:\/\/www.alovey.com\/wp-content\/uploads\/2024\/11\/Wholesale-4.5g-Chapstick-Lip-Balm-Tube-Containers-LB0002A-5-100x100.jpg 100w\" sizes=\"(max-width: 750px) 100vw, 750px\" \/><\/p>\n<p><img decoding=\"async\" class=\"size-full wp-image-6952\" src=\"https:\/\/alovey.com\/wp-content\/uploads\/2024\/11\/Wholesale-4.5g-Chapstick-Lip-Balm-Tube-Containers-LB0002A-4.jpg\" alt=\"Wholesale 4.5g Chapstick Lip Balm Tube Containers-LB0002A\" width=\"750\" height=\"750\" srcset=\"https:\/\/www.alovey.com\/wp-content\/uploads\/2024\/11\/Wholesale-4.5g-Chapstick-Lip-Balm-Tube-Containers-LB0002A-4.jpg 750w, https:\/\/www.alovey.com\/wp-content\/uploads\/2024\/11\/Wholesale-4.5g-Chapstick-Lip-Balm-Tube-Containers-LB0002A-4-300x300.jpg 300w, https:\/\/www.alovey.com\/wp-content\/uploads\/2024\/11\/Wholesale-4.5g-Chapstick-Lip-Balm-Tube-Containers-LB0002A-4-150x150.jpg 150w, https:\/\/www.alovey.com\/wp-content\/uploads\/2024\/11\/Wholesale-4.5g-Chapstick-Lip-Balm-Tube-Containers-LB0002A-4-600x600.jpg 600w, https:\/\/www.alovey.com\/wp-content\/uploads\/2024\/11\/Wholesale-4.5g-Chapstick-Lip-Balm-Tube-Containers-LB0002A-4-100x100.jpg 100w\" sizes=\"(max-width: 750px) 100vw, 750px\" \/><\/p>\n<p><img decoding=\"async\" class=\"size-full wp-image-6951\" src=\"https:\/\/alovey.com\/wp-content\/uploads\/2024\/11\/Wholesale-4.5g-Chapstick-Lip-Balm-Tube-Containers-LB0002A-3.jpg\" alt=\"Wholesale 4.5g Chapstick Lip Balm Tube Containers-LB0002A\" width=\"750\" height=\"750\" srcset=\"https:\/\/www.alovey.com\/wp-content\/uploads\/2024\/11\/Wholesale-4.5g-Chapstick-Lip-Balm-Tube-Containers-LB0002A-3.jpg 750w, https:\/\/www.alovey.com\/wp-content\/uploads\/2024\/11\/Wholesale-4.5g-Chapstick-Lip-Balm-Tube-Containers-LB0002A-3-300x300.jpg 300w, https:\/\/www.alovey.com\/wp-content\/uploads\/2024\/11\/Wholesale-4.5g-Chapstick-Lip-Balm-Tube-Containers-LB0002A-3-150x150.jpg 150w, https:\/\/www.alovey.com\/wp-content\/uploads\/2024\/11\/Wholesale-4.5g-Chapstick-Lip-Balm-Tube-Containers-LB0002A-3-600x600.jpg 600w, https:\/\/www.alovey.com\/wp-content\/uploads\/2024\/11\/Wholesale-4.5g-Chapstick-Lip-Balm-Tube-Containers-LB0002A-3-100x100.jpg 100w\" sizes=\"(max-width: 750px) 100vw, 750px\" \/><\/p>\n<p><img loading=\"lazy\" decoding=\"async\" class=\"size-full wp-image-6948\" src=\"https:\/\/alovey.com\/wp-content\/uploads\/2024\/11\/Wholesale-4.5g-Chapstick-Lip-Balm-Tube-Containers-LB0002A.jpg\" alt=\"Wholesale 4.5g Chapstick Lip Balm Tube Containers-LB0002A\" width=\"750\" height=\"750\" srcset=\"https:\/\/www.alovey.com\/wp-content\/uploads\/2024\/11\/Wholesale-4.5g-Chapstick-Lip-Balm-Tube-Containers-LB0002A.jpg 750w, https:\/\/www.alovey.com\/wp-content\/uploads\/2024\/11\/Wholesale-4.5g-Chapstick-Lip-Balm-Tube-Containers-LB0002A-300x300.jpg 300w, https:\/\/www.alovey.com\/wp-content\/uploads\/2024\/11\/Wholesale-4.5g-Chapstick-Lip-Balm-Tube-Containers-LB0002A-150x150.jpg 150w, https:\/\/www.alovey.com\/wp-content\/uploads\/2024\/11\/Wholesale-4.5g-Chapstick-Lip-Balm-Tube-Containers-LB0002A-600x600.jpg 600w, https:\/\/www.alovey.com\/wp-content\/uploads\/2024\/11\/Wholesale-4.5g-Chapstick-Lip-Balm-Tube-Containers-LB0002A-100x100.jpg 100w\" sizes=\"(max-width: 750px) 100vw, 750px\" \/><\/p>\n<p><img loading=\"lazy\" decoding=\"async\" class=\"size-full wp-image-6950\" src=\"https:\/\/alovey.com\/wp-content\/uploads\/2024\/11\/Wholesale-4.5g-Chapstick-Lip-Balm-Tube-Containers-LB0002A-2.jpg\" alt=\"Wholesale 4.5g Chapstick Lip Balm Tube Containers-LB0002A\" width=\"750\" height=\"750\" srcset=\"https:\/\/www.alovey.com\/wp-content\/uploads\/2024\/11\/Wholesale-4.5g-Chapstick-Lip-Balm-Tube-Containers-LB0002A-2.jpg 750w, https:\/\/www.alovey.com\/wp-content\/uploads\/2024\/11\/Wholesale-4.5g-Chapstick-Lip-Balm-Tube-Containers-LB0002A-2-300x300.jpg 300w, https:\/\/www.alovey.com\/wp-content\/uploads\/2024\/11\/Wholesale-4.5g-Chapstick-Lip-Balm-Tube-Containers-LB0002A-2-150x150.jpg 150w, https:\/\/www.alovey.com\/wp-content\/uploads\/2024\/11\/Wholesale-4.5g-Chapstick-Lip-Balm-Tube-Containers-LB0002A-2-600x600.jpg 600w, https:\/\/www.alovey.com\/wp-content\/uploads\/2024\/11\/Wholesale-4.5g-Chapstick-Lip-Balm-Tube-Containers-LB0002A-2-100x100.jpg 100w\" sizes=\"(max-width: 750px) 100vw, 750px\" \/><\/p>\n<p>&nbsp;<\/p>\n<p>&nbsp;<\/p>\n<p>&nbsp;<\/p>\n<p>&nbsp;<\/p>\n<p>&nbsp;<\/p>","protected":false},"excerpt":{"rendered":"<ul>\n<li style=\"text-align: left;\">Item No: LB-0002A<\/li>\n<li style=\"text-align: left;\">Material:  Pl\u00e1stico<\/li>\n<li style=\"text-align: left;\">Capacity:\u00a04.5g<\/li>\n<li style=\"text-align: left;\">Size:\u00a0W22.5*H67.5MM (4.5G)<\/li>\n<li style=\"text-align: left;\">Aplicaciones: Productos de belleza<\/li>\n<li style=\"text-align: left;\">MOQ: 10.000 piezas<\/li>\n<li style=\"text-align: left;\">Color: Color personalizado<\/li>\n<li style=\"text-align: left;\">Tratamiento superficial: Inyecci\u00f3n\/Mate\/Metalizado\/Recubrimiento UV<\/li>\n<li style=\"text-align: left;\">Nombre de marca: OEM\/ODM<\/li>\n<li style=\"text-align: left;\">Logotipo: Logotipo del cliente<\/li>\n<li style=\"text-align: left;\">Capacidad de suministro: 100.000 piezas al mes<\/li>\n<\/ul>","protected":false},"featured_media":6953,"template":"","meta":{"_acf_changed":false},"product_brand":[],"product_cat":[374],"product_tag":[384],"class_list":{"0":"post-6947","1":"product","2":"type-product","3":"status-publish","4":"has-post-thumbnail","6":"product_cat-china-professional-lip-balm-tube-manufacture","7":"product_tag-lip-balm-tube","9":"first","10":"instock","11":"shipping-taxable","12":"product-type-simple"},"acf":[],"yoast_head":"<!-- This site is optimized with the Yoast SEO plugin v24.1 - https:\/\/yoast.com\/wordpress\/plugins\/seo\/ -->\n<title>wholesale-4-5g-chapstick-lip-balm-tube-containers-lb0002a<\/title>\n<meta name=\"description\" content=\"Alovey 4.5g Chapstick Lip Balm Tube\u2002Containers is a ideal for standard lip balm products and typically available in various colors to match your brand aesthetic. Alovey 4.5g Chapstick Lip Balm Tube\u2002Containers is a ideal for standard lip balm products and typically available in various colors to match your brand aesthetic.\" \/>\n<meta name=\"robots\" content=\"index, follow, max-snippet:-1, max-image-preview:large, max-video-preview:-1\" \/>\n<link rel=\"canonical\" href=\"https:\/\/www.alovey.com\/es\/producto\/wholesale-4-5g-chapstick-lip-balm-tube-containers\/\" \/>\n<meta property=\"og:locale\" content=\"es_ES\" \/>\n<meta property=\"og:type\" content=\"article\" \/>\n<meta property=\"og:title\" content=\"wholesale-4-5g-chapstick-lip-balm-tube-containers-lb0002a\" \/>\n<meta property=\"og:description\" content=\"Alovey 4.5g Chapstick Lip Balm Tube\u2002Containers is a ideal for standard lip balm products and typically available in various colors to match your brand aesthetic. Alovey 4.5g Chapstick Lip Balm Tube\u2002Containers is a ideal for standard lip balm products and typically available in various colors to match your brand aesthetic.\" \/>\n<meta property=\"og:url\" content=\"https:\/\/www.alovey.com\/es\/producto\/wholesale-4-5g-chapstick-lip-balm-tube-containers\/\" \/>\n<meta property=\"og:site_name\" content=\"Best Cosmetic Packaging Manufacture\" \/>\n<meta property=\"article:modified_time\" content=\"2024-11-16T03:59:39+00:00\" \/>\n<meta property=\"og:image\" content=\"https:\/\/www.alovey.com\/wp-content\/uploads\/2024\/11\/Wholesale-4.5g-Chapstick-Lip-Balm-Tube-Containers-LB0002A-5.jpg\" \/>\n\t<meta property=\"og:image:width\" content=\"750\" \/>\n\t<meta property=\"og:image:height\" content=\"750\" \/>\n\t<meta property=\"og:image:type\" content=\"image\/jpeg\" \/>\n<meta name=\"twitter:card\" content=\"summary_large_image\" \/>\n<meta name=\"twitter:label1\" content=\"Tiempo de lectura\" \/>\n\t<meta name=\"twitter:data1\" content=\"2 minutos\" \/>\n<script type=\"application\/ld+json\" class=\"yoast-schema-graph\">{\"@context\":\"https:\/\/schema.org\",\"@graph\":[{\"@type\":\"WebPage\",\"@id\":\"https:\/\/www.alovey.com\/product\/wholesale-4-5g-chapstick-lip-balm-tube-containers\/\",\"url\":\"https:\/\/www.alovey.com\/product\/wholesale-4-5g-chapstick-lip-balm-tube-containers\/\",\"name\":\"wholesale-4-5g-chapstick-lip-balm-tube-containers-lb0002a\",\"isPartOf\":{\"@id\":\"https:\/\/www.alovey.com\/#website\"},\"primaryImageOfPage\":{\"@id\":\"https:\/\/www.alovey.com\/product\/wholesale-4-5g-chapstick-lip-balm-tube-containers\/#primaryimage\"},\"image\":{\"@id\":\"https:\/\/www.alovey.com\/product\/wholesale-4-5g-chapstick-lip-balm-tube-containers\/#primaryimage\"},\"thumbnailUrl\":\"https:\/\/www.alovey.com\/wp-content\/uploads\/2024\/11\/Wholesale-4.5g-Chapstick-Lip-Balm-Tube-Containers-LB0002A-5.jpg\",\"datePublished\":\"2024-11-02T06:42:45+00:00\",\"dateModified\":\"2024-11-16T03:59:39+00:00\",\"description\":\"Alovey 4.5g Chapstick Lip Balm Tube\u2002Containers is a ideal for standard lip balm products and typically available in various colors to match your brand aesthetic. Alovey 4.5g Chapstick Lip Balm Tube\u2002Containers is a ideal for standard lip balm products and typically available in various colors to match your brand aesthetic.\",\"breadcrumb\":{\"@id\":\"https:\/\/www.alovey.com\/product\/wholesale-4-5g-chapstick-lip-balm-tube-containers\/#breadcrumb\"},\"inLanguage\":\"es\",\"potentialAction\":[{\"@type\":\"ReadAction\",\"target\":[\"https:\/\/www.alovey.com\/product\/wholesale-4-5g-chapstick-lip-balm-tube-containers\/\"]}]},{\"@type\":\"ImageObject\",\"inLanguage\":\"es\",\"@id\":\"https:\/\/www.alovey.com\/product\/wholesale-4-5g-chapstick-lip-balm-tube-containers\/#primaryimage\",\"url\":\"https:\/\/www.alovey.com\/wp-content\/uploads\/2024\/11\/Wholesale-4.5g-Chapstick-Lip-Balm-Tube-Containers-LB0002A-5.jpg\",\"contentUrl\":\"https:\/\/www.alovey.com\/wp-content\/uploads\/2024\/11\/Wholesale-4.5g-Chapstick-Lip-Balm-Tube-Containers-LB0002A-5.jpg\",\"width\":750,\"height\":750,\"caption\":\"Wholesale 4.5g Chapstick Lip Balm Tube Containers-LB0002A\"},{\"@type\":\"BreadcrumbList\",\"@id\":\"https:\/\/www.alovey.com\/product\/wholesale-4-5g-chapstick-lip-balm-tube-containers\/#breadcrumb\",\"itemListElement\":[{\"@type\":\"ListItem\",\"position\":1,\"name\":\"\u9996\u9875\",\"item\":\"https:\/\/www.alovey.com\/\"},{\"@type\":\"ListItem\",\"position\":2,\"name\":\"Products\",\"item\":\"https:\/\/www.alovey.com\/products\/\"},{\"@type\":\"ListItem\",\"position\":3,\"name\":\"Wholesale 4.5g Chapstick Lip Balm Tube Containers\"}]},{\"@type\":\"WebSite\",\"@id\":\"https:\/\/www.alovey.com\/#website\",\"url\":\"https:\/\/www.alovey.com\/\",\"name\":\"Best Cosmetic Packaging Manufacture\",\"description\":\"Alovey Cosmetic Packaging Co.,Ltd\",\"publisher\":{\"@id\":\"https:\/\/www.alovey.com\/#organization\"},\"potentialAction\":[{\"@type\":\"SearchAction\",\"target\":{\"@type\":\"EntryPoint\",\"urlTemplate\":\"https:\/\/www.alovey.com\/?s={search_term_string}\"},\"query-input\":{\"@type\":\"PropertyValueSpecification\",\"valueRequired\":true,\"valueName\":\"search_term_string\"}}],\"inLanguage\":\"es\"},{\"@type\":\"Organization\",\"@id\":\"https:\/\/www.alovey.com\/#organization\",\"name\":\"Best Cosmetic Packaging Manufacture\",\"url\":\"https:\/\/www.alovey.com\/\",\"logo\":{\"@type\":\"ImageObject\",\"inLanguage\":\"es\",\"@id\":\"https:\/\/www.alovey.com\/#\/schema\/logo\/image\/\",\"url\":\"https:\/\/www.alovey.com\/wp-content\/uploads\/2023\/03\/logo.png\",\"contentUrl\":\"https:\/\/www.alovey.com\/wp-content\/uploads\/2023\/03\/logo.png\",\"width\":505,\"height\":180,\"caption\":\"Best  Cosmetic Packaging Manufacture\"},\"image\":{\"@id\":\"https:\/\/www.alovey.com\/#\/schema\/logo\/image\/\"}}]}<\/script>\n<!-- \/ Yoast SEO plugin. -->","yoast_head_json":{"title":"wholesale-4-5g-chapstick-lip-balm-tube-containers-lb0002a","description":"Alovey 4.5g Chapstick Lip Balm Tube\u2002Containers is a ideal for standard lip balm products and typically available in various colors to match your brand aesthetic. Alovey 4.5g Chapstick Lip Balm Tube\u2002Containers is a ideal for standard lip balm products and typically available in various colors to match your brand aesthetic.","robots":{"index":"index","follow":"follow","max-snippet":"max-snippet:-1","max-image-preview":"max-image-preview:large","max-video-preview":"max-video-preview:-1"},"canonical":"https:\/\/www.alovey.com\/es\/producto\/wholesale-4-5g-chapstick-lip-balm-tube-containers\/","og_locale":"es_ES","og_type":"article","og_title":"wholesale-4-5g-chapstick-lip-balm-tube-containers-lb0002a","og_description":"Alovey 4.5g Chapstick Lip Balm Tube\u2002Containers is a ideal for standard lip balm products and typically available in various colors to match your brand aesthetic. Alovey 4.5g Chapstick Lip Balm Tube\u2002Containers is a ideal for standard lip balm products and typically available in various colors to match your brand aesthetic.","og_url":"https:\/\/www.alovey.com\/es\/producto\/wholesale-4-5g-chapstick-lip-balm-tube-containers\/","og_site_name":"Best Cosmetic Packaging Manufacture","article_modified_time":"2024-11-16T03:59:39+00:00","og_image":[{"width":750,"height":750,"url":"https:\/\/www.alovey.com\/wp-content\/uploads\/2024\/11\/Wholesale-4.5g-Chapstick-Lip-Balm-Tube-Containers-LB0002A-5.jpg","type":"image\/jpeg"}],"twitter_card":"summary_large_image","twitter_misc":{"Tiempo de lectura":"2 minutos"},"schema":{"@context":"https:\/\/schema.org","@graph":[{"@type":"WebPage","@id":"https:\/\/www.alovey.com\/product\/wholesale-4-5g-chapstick-lip-balm-tube-containers\/","url":"https:\/\/www.alovey.com\/product\/wholesale-4-5g-chapstick-lip-balm-tube-containers\/","name":"wholesale-4-5g-chapstick-lip-balm-tube-containers-lb0002a","isPartOf":{"@id":"https:\/\/www.alovey.com\/#website"},"primaryImageOfPage":{"@id":"https:\/\/www.alovey.com\/product\/wholesale-4-5g-chapstick-lip-balm-tube-containers\/#primaryimage"},"image":{"@id":"https:\/\/www.alovey.com\/product\/wholesale-4-5g-chapstick-lip-balm-tube-containers\/#primaryimage"},"thumbnailUrl":"https:\/\/www.alovey.com\/wp-content\/uploads\/2024\/11\/Wholesale-4.5g-Chapstick-Lip-Balm-Tube-Containers-LB0002A-5.jpg","datePublished":"2024-11-02T06:42:45+00:00","dateModified":"2024-11-16T03:59:39+00:00","description":"Alovey 4.5g Chapstick Lip Balm Tube\u2002Containers is a ideal for standard lip balm products and typically available in various colors to match your brand aesthetic. Alovey 4.5g Chapstick Lip Balm Tube\u2002Containers is a ideal for standard lip balm products and typically available in various colors to match your brand aesthetic.","breadcrumb":{"@id":"https:\/\/www.alovey.com\/product\/wholesale-4-5g-chapstick-lip-balm-tube-containers\/#breadcrumb"},"inLanguage":"es","potentialAction":[{"@type":"ReadAction","target":["https:\/\/www.alovey.com\/product\/wholesale-4-5g-chapstick-lip-balm-tube-containers\/"]}]},{"@type":"ImageObject","inLanguage":"es","@id":"https:\/\/www.alovey.com\/product\/wholesale-4-5g-chapstick-lip-balm-tube-containers\/#primaryimage","url":"https:\/\/www.alovey.com\/wp-content\/uploads\/2024\/11\/Wholesale-4.5g-Chapstick-Lip-Balm-Tube-Containers-LB0002A-5.jpg","contentUrl":"https:\/\/www.alovey.com\/wp-content\/uploads\/2024\/11\/Wholesale-4.5g-Chapstick-Lip-Balm-Tube-Containers-LB0002A-5.jpg","width":750,"height":750,"caption":"Wholesale 4.5g Chapstick Lip Balm Tube Containers-LB0002A"},{"@type":"BreadcrumbList","@id":"https:\/\/www.alovey.com\/product\/wholesale-4-5g-chapstick-lip-balm-tube-containers\/#breadcrumb","itemListElement":[{"@type":"ListItem","position":1,"name":"\u9996\u9875","item":"https:\/\/www.alovey.com\/"},{"@type":"ListItem","position":2,"name":"Products","item":"https:\/\/www.alovey.com\/products\/"},{"@type":"ListItem","position":3,"name":"Wholesale 4.5g Chapstick Lip Balm Tube Containers"}]},{"@type":"WebSite","@id":"https:\/\/www.alovey.com\/#website","url":"https:\/\/www.alovey.com\/","name":"Best Cosmetic Packaging Manufacture","description":"Alovey Cosmetic Packaging S.L.","publisher":{"@id":"https:\/\/www.alovey.com\/#organization"},"potentialAction":[{"@type":"SearchAction","target":{"@type":"EntryPoint","urlTemplate":"https:\/\/www.alovey.com\/?s={search_term_string}"},"query-input":{"@type":"PropertyValueSpecification","valueRequired":true,"valueName":"search_term_string"}}],"inLanguage":"es"},{"@type":"Organization","@id":"https:\/\/www.alovey.com\/#organization","name":"Best Cosmetic Packaging Manufacture","url":"https:\/\/www.alovey.com\/","logo":{"@type":"ImageObject","inLanguage":"es","@id":"https:\/\/www.alovey.com\/#\/schema\/logo\/image\/","url":"https:\/\/www.alovey.com\/wp-content\/uploads\/2023\/03\/logo.png","contentUrl":"https:\/\/www.alovey.com\/wp-content\/uploads\/2023\/03\/logo.png","width":505,"height":180,"caption":"Best  Cosmetic Packaging Manufacture"},"image":{"@id":"https:\/\/www.alovey.com\/#\/schema\/logo\/image\/"}}]}},"_links":{"self":[{"href":"https:\/\/www.alovey.com\/es\/wp-json\/wp\/v2\/product\/6947"}],"collection":[{"href":"https:\/\/www.alovey.com\/es\/wp-json\/wp\/v2\/product"}],"about":[{"href":"https:\/\/www.alovey.com\/es\/wp-json\/wp\/v2\/types\/product"}],"wp:featuredmedia":[{"embeddable":true,"href":"https:\/\/www.alovey.com\/es\/wp-json\/wp\/v2\/media\/6953"}],"wp:attachment":[{"href":"https:\/\/www.alovey.com\/es\/wp-json\/wp\/v2\/media?parent=6947"}],"wp:term":[{"taxonomy":"product_brand","embeddable":true,"href":"https:\/\/www.alovey.com\/es\/wp-json\/wp\/v2\/product_brand?post=6947"},{"taxonomy":"product_cat","embeddable":true,"href":"https:\/\/www.alovey.com\/es\/wp-json\/wp\/v2\/product_cat?post=6947"},{"taxonomy":"product_tag","embeddable":true,"href":"https:\/\/www.alovey.com\/es\/wp-json\/wp\/v2\/product_tag?post=6947"}],"curies":[{"name":"wp","href":"https:\/\/api.w.org\/{rel}","templated":true}]}}