{"id":13002,"date":"2026-05-13T09:24:08","date_gmt":"2026-05-13T09:24:08","guid":{"rendered":"https:\/\/www.alovey.com\/?post_type=product&#038;p=13002"},"modified":"2026-05-13T09:41:43","modified_gmt":"2026-05-13T09:41:43","slug":"square-luxury-silver-lip-gloss-tube-packaging-2ml","status":"publish","type":"product","link":"https:\/\/www.alovey.com\/es\/producto\/square-luxury-silver-lip-gloss-tube-packaging-2ml\/","title":{"rendered":"Square Luxury Silver Lip Gloss Tube Packaging  2ml"},"content":{"rendered":"<p><strong>This 2ml square luxury lip gloss tube features a premium silver finish with thick-wall construction, designed for high-end cosmetic packaging. Its compact and elegant structure makes it ideal for luxury lip gloss, lip oil, and liquid cosmetic formulations, offering both visual appeal and strong functionality.<\/strong><\/p>\n<p><strong>Each tube is equipped with a precision rubber insert, which helps prevent leakage and controls airflow inside the container. This design ensures the product remains fresh while minimizing contamination risks, making it safe and reliable for daily use and travel.<\/strong><\/p>\n<h3><strong>Key Features<\/strong><\/h3>\n<ul>\n<li><strong>Luxury Silver Design:High-end metallic appearance for premium branding<\/strong><\/li>\n<li><strong>Square Thick-Wall Structure:Strong, durable, and stable packaging body<\/strong><\/li>\n<li><strong>2ml Mini Capacity:Perfect for travel, samples, and luxury sets<\/strong><\/li>\n<li><strong>Leak-Proof Rubber Insert:Prevents leakage and helps maintain product quality<\/strong><\/li>\n<li><strong>Air-Control Function:Helps protect internal cosmetic formula stability<\/strong><\/li>\n<li><strong>Portable Design:Safe to carry in pockets, handbags, or cosmetic bags<\/strong><\/li>\n<li><strong>Customizable:Logo printing, color, and surface finishing available<\/strong><\/li>\n<\/ul>\n<p><strong>Alovey, como fabricante profesional chino de envases para cosm\u00e9ticos, produce una exquisita gama de envases personalizados para cosm\u00e9ticos, meticulosamente elaborados para elevar su marca. Nuestra variada selecci\u00f3n de materiales de primera calidad, combinada con delicadas t\u00e9cnicas de acabado superficial como la serigraf\u00eda, la estampaci\u00f3n en caliente y la pulverizaci\u00f3n mate, garantiza que cada envase sea una obra maestra \u00fanica.<\/strong><\/p>\n<p>&nbsp;<\/p>\n<p><img fetchpriority=\"high\" decoding=\"async\" class=\"size-full wp-image-13008\" src=\"https:\/\/www.alovey.com\/wp-content\/uploads\/2026\/05\/Square-Luxury-Silver-Lip-Gloss-Tube-Packaging-2ml-3.jpg\" alt=\"Silver Lip Gloss Tube\" width=\"750\" height=\"750\" srcset=\"https:\/\/www.alovey.com\/wp-content\/uploads\/2026\/05\/Square-Luxury-Silver-Lip-Gloss-Tube-Packaging-2ml-3.jpg 750w, https:\/\/www.alovey.com\/wp-content\/uploads\/2026\/05\/Square-Luxury-Silver-Lip-Gloss-Tube-Packaging-2ml-3-300x300.jpg 300w, https:\/\/www.alovey.com\/wp-content\/uploads\/2026\/05\/Square-Luxury-Silver-Lip-Gloss-Tube-Packaging-2ml-3-150x150.jpg 150w, https:\/\/www.alovey.com\/wp-content\/uploads\/2026\/05\/Square-Luxury-Silver-Lip-Gloss-Tube-Packaging-2ml-3-12x12.jpg 12w, https:\/\/www.alovey.com\/wp-content\/uploads\/2026\/05\/Square-Luxury-Silver-Lip-Gloss-Tube-Packaging-2ml-3-600x600.jpg 600w, https:\/\/www.alovey.com\/wp-content\/uploads\/2026\/05\/Square-Luxury-Silver-Lip-Gloss-Tube-Packaging-2ml-3-100x100.jpg 100w\" sizes=\"(max-width: 750px) 100vw, 750px\" \/> <img decoding=\"async\" class=\"size-full wp-image-13006\" src=\"https:\/\/www.alovey.com\/wp-content\/uploads\/2026\/05\/Square-Luxury-Silver-Lip-Gloss-Tube-Packaging-2ml-1.jpg\" alt=\"Silver Lip Gloss Tube\" width=\"750\" height=\"750\" srcset=\"https:\/\/www.alovey.com\/wp-content\/uploads\/2026\/05\/Square-Luxury-Silver-Lip-Gloss-Tube-Packaging-2ml-1.jpg 750w, https:\/\/www.alovey.com\/wp-content\/uploads\/2026\/05\/Square-Luxury-Silver-Lip-Gloss-Tube-Packaging-2ml-1-300x300.jpg 300w, https:\/\/www.alovey.com\/wp-content\/uploads\/2026\/05\/Square-Luxury-Silver-Lip-Gloss-Tube-Packaging-2ml-1-150x150.jpg 150w, https:\/\/www.alovey.com\/wp-content\/uploads\/2026\/05\/Square-Luxury-Silver-Lip-Gloss-Tube-Packaging-2ml-1-12x12.jpg 12w, https:\/\/www.alovey.com\/wp-content\/uploads\/2026\/05\/Square-Luxury-Silver-Lip-Gloss-Tube-Packaging-2ml-1-600x600.jpg 600w, https:\/\/www.alovey.com\/wp-content\/uploads\/2026\/05\/Square-Luxury-Silver-Lip-Gloss-Tube-Packaging-2ml-1-100x100.jpg 100w\" sizes=\"(max-width: 750px) 100vw, 750px\" \/> <img decoding=\"async\" class=\"size-full wp-image-13007\" src=\"https:\/\/www.alovey.com\/wp-content\/uploads\/2026\/05\/Square-Luxury-Silver-Lip-Gloss-Tube-Packaging-2ml-2.jpg\" alt=\"Silver Lip Gloss Tube\" width=\"750\" height=\"750\" srcset=\"https:\/\/www.alovey.com\/wp-content\/uploads\/2026\/05\/Square-Luxury-Silver-Lip-Gloss-Tube-Packaging-2ml-2.jpg 750w, https:\/\/www.alovey.com\/wp-content\/uploads\/2026\/05\/Square-Luxury-Silver-Lip-Gloss-Tube-Packaging-2ml-2-300x300.jpg 300w, https:\/\/www.alovey.com\/wp-content\/uploads\/2026\/05\/Square-Luxury-Silver-Lip-Gloss-Tube-Packaging-2ml-2-150x150.jpg 150w, https:\/\/www.alovey.com\/wp-content\/uploads\/2026\/05\/Square-Luxury-Silver-Lip-Gloss-Tube-Packaging-2ml-2-12x12.jpg 12w, https:\/\/www.alovey.com\/wp-content\/uploads\/2026\/05\/Square-Luxury-Silver-Lip-Gloss-Tube-Packaging-2ml-2-600x600.jpg 600w, https:\/\/www.alovey.com\/wp-content\/uploads\/2026\/05\/Square-Luxury-Silver-Lip-Gloss-Tube-Packaging-2ml-2-100x100.jpg 100w\" sizes=\"(max-width: 750px) 100vw, 750px\" \/> <img loading=\"lazy\" decoding=\"async\" class=\"size-full wp-image-13005\" src=\"https:\/\/www.alovey.com\/wp-content\/uploads\/2026\/05\/Square-Luxury-Silver-Lip-Gloss-Tube-Packaging-2ml-6.jpg\" alt=\"Silver Lip Gloss Tube\" width=\"750\" height=\"750\" srcset=\"https:\/\/www.alovey.com\/wp-content\/uploads\/2026\/05\/Square-Luxury-Silver-Lip-Gloss-Tube-Packaging-2ml-6.jpg 750w, https:\/\/www.alovey.com\/wp-content\/uploads\/2026\/05\/Square-Luxury-Silver-Lip-Gloss-Tube-Packaging-2ml-6-300x300.jpg 300w, https:\/\/www.alovey.com\/wp-content\/uploads\/2026\/05\/Square-Luxury-Silver-Lip-Gloss-Tube-Packaging-2ml-6-150x150.jpg 150w, https:\/\/www.alovey.com\/wp-content\/uploads\/2026\/05\/Square-Luxury-Silver-Lip-Gloss-Tube-Packaging-2ml-6-12x12.jpg 12w, https:\/\/www.alovey.com\/wp-content\/uploads\/2026\/05\/Square-Luxury-Silver-Lip-Gloss-Tube-Packaging-2ml-6-600x600.jpg 600w, https:\/\/www.alovey.com\/wp-content\/uploads\/2026\/05\/Square-Luxury-Silver-Lip-Gloss-Tube-Packaging-2ml-6-100x100.jpg 100w\" sizes=\"(max-width: 750px) 100vw, 750px\" \/> <img loading=\"lazy\" decoding=\"async\" class=\"size-full wp-image-13004\" src=\"https:\/\/www.alovey.com\/wp-content\/uploads\/2026\/05\/Square-Luxury-Silver-Lip-Gloss-Tube-Packaging-2ml-5.jpg\" alt=\"Silver Lip Gloss Tube\" width=\"750\" height=\"750\" srcset=\"https:\/\/www.alovey.com\/wp-content\/uploads\/2026\/05\/Square-Luxury-Silver-Lip-Gloss-Tube-Packaging-2ml-5.jpg 750w, https:\/\/www.alovey.com\/wp-content\/uploads\/2026\/05\/Square-Luxury-Silver-Lip-Gloss-Tube-Packaging-2ml-5-300x300.jpg 300w, https:\/\/www.alovey.com\/wp-content\/uploads\/2026\/05\/Square-Luxury-Silver-Lip-Gloss-Tube-Packaging-2ml-5-150x150.jpg 150w, https:\/\/www.alovey.com\/wp-content\/uploads\/2026\/05\/Square-Luxury-Silver-Lip-Gloss-Tube-Packaging-2ml-5-12x12.jpg 12w, https:\/\/www.alovey.com\/wp-content\/uploads\/2026\/05\/Square-Luxury-Silver-Lip-Gloss-Tube-Packaging-2ml-5-600x600.jpg 600w, https:\/\/www.alovey.com\/wp-content\/uploads\/2026\/05\/Square-Luxury-Silver-Lip-Gloss-Tube-Packaging-2ml-5-100x100.jpg 100w\" sizes=\"(max-width: 750px) 100vw, 750px\" \/> <img loading=\"lazy\" decoding=\"async\" class=\"size-full wp-image-13003\" src=\"https:\/\/www.alovey.com\/wp-content\/uploads\/2026\/05\/Square-Luxury-Silver-Lip-Gloss-Tube-Packaging-2ml-4.jpg\" alt=\"\" width=\"750\" height=\"750\" srcset=\"https:\/\/www.alovey.com\/wp-content\/uploads\/2026\/05\/Square-Luxury-Silver-Lip-Gloss-Tube-Packaging-2ml-4.jpg 750w, https:\/\/www.alovey.com\/wp-content\/uploads\/2026\/05\/Square-Luxury-Silver-Lip-Gloss-Tube-Packaging-2ml-4-300x300.jpg 300w, https:\/\/www.alovey.com\/wp-content\/uploads\/2026\/05\/Square-Luxury-Silver-Lip-Gloss-Tube-Packaging-2ml-4-150x150.jpg 150w, https:\/\/www.alovey.com\/wp-content\/uploads\/2026\/05\/Square-Luxury-Silver-Lip-Gloss-Tube-Packaging-2ml-4-12x12.jpg 12w, https:\/\/www.alovey.com\/wp-content\/uploads\/2026\/05\/Square-Luxury-Silver-Lip-Gloss-Tube-Packaging-2ml-4-600x600.jpg 600w, https:\/\/www.alovey.com\/wp-content\/uploads\/2026\/05\/Square-Luxury-Silver-Lip-Gloss-Tube-Packaging-2ml-4-100x100.jpg 100w\" sizes=\"(max-width: 750px) 100vw, 750px\" \/><\/p>\n<p>&nbsp;<\/p>\n<p>&nbsp;<\/p>\n<p>&nbsp;<\/p>\n<p>&nbsp;<\/p>\n<p>&nbsp;<\/p>\n<p>&nbsp;<\/p>\n<p>&nbsp;<\/p>\n<p>&nbsp;<\/p>\n<p>&nbsp;<\/p>\n<p>&nbsp;<\/p>\n<p>&nbsp;<\/p>\n<p>&nbsp;<\/p>\n<p>&nbsp;<\/p>\n<p>&nbsp;<\/p>\n<p>&nbsp;<\/p>\n<p>&nbsp;<\/p>\n<p>&nbsp;<\/p>\n<p>&nbsp;<\/p>\n<p>&nbsp;<\/p>\n<p>&nbsp;<\/p>\n<p>&nbsp;<\/p>\n<p>&nbsp;<\/p>\n<p>&nbsp;<\/p>\n<p>&nbsp;<\/p>\n<p>&nbsp;<\/p>\n<p>&nbsp;<\/p>\n<p>&nbsp;<\/p>\n<p>&nbsp;<\/p>\n<p>&nbsp;<\/p>\n<p>&nbsp;<\/p>\n<p>&nbsp;<\/p>\n<p>&nbsp;<\/p>\n<p>&nbsp;<\/p>\n<p>&nbsp;<\/p>\n<p>&nbsp;<\/p>\n<p>&nbsp;<\/p>\n<p>&nbsp;<\/p>\n<p>&nbsp;<\/p>\n<p>&nbsp;<\/p>\n<p>&nbsp;<\/p>\n<p>&nbsp;<\/p>\n<p>&nbsp;<\/p>\n<p>&nbsp;<\/p>\n<p>&nbsp;<\/p>\n<p>&nbsp;<\/p>\n<p>&nbsp;<\/p>\n<p>&nbsp;<\/p>\n<p>&nbsp;<\/p>\n<p>&nbsp;<\/p>\n<p>&nbsp;<\/p>\n<p>&nbsp;<\/p>\n<p>&nbsp;<\/p>\n<p>&nbsp;<\/p>\n<p>&nbsp;<\/p>\n<p>&nbsp;<\/p>\n<p>&nbsp;<\/p>\n<p>&nbsp;<\/p>\n<p>&nbsp;<\/p>\n<p>&nbsp;<\/p>\n<p>&nbsp;<\/p>\n<p>&nbsp;<\/p>\n<p>&nbsp;<\/p>\n<p>&nbsp;<\/p>\n<p>&nbsp;<\/p>\n<p>&nbsp;<\/p>\n<p>&nbsp;<\/p>\n<p>&nbsp;<\/p>\n<p>&nbsp;<\/p>\n<p>&nbsp;<\/p>\n<p>&nbsp;<\/p>\n<p>&nbsp;<\/p>\n<p>&nbsp;<\/p>\n<p>&nbsp;<\/p>\n<p>&nbsp;<\/p>\n<p>&nbsp;<\/p>\n<p>&nbsp;<\/p>\n<p>&nbsp;<\/p>\n<p>&nbsp;<\/p>\n<p>&nbsp;<\/p>\n<p>&nbsp;<\/p>\n<p>&nbsp;<\/p>\n<p>&nbsp;<\/p>\n<p>&nbsp;<\/p>\n<p>&nbsp;<\/p>\n<p>&nbsp;<\/p>\n<p>&nbsp;<\/p>\n<p>&nbsp;<\/p>\n<p>&nbsp;<\/p>\n<p>&nbsp;<\/p>\n<p>&nbsp;<\/p>\n<p>&nbsp;<\/p>\n<p>&nbsp;<\/p>\n<p>&nbsp;<\/p>\n<p>&nbsp;<\/p>\n<p>&nbsp;<\/p>\n<p>&nbsp;<\/p>\n<p>&nbsp;<\/p>\n<p>&nbsp;<\/p>\n<p>&nbsp;<\/p>\n<p>&nbsp;<\/p>\n<p>&nbsp;<\/p>\n<p>&nbsp;<\/p>\n<p>&nbsp;<\/p>\n<p>&nbsp;<\/p>\n<p>&nbsp;<\/p>\n<p>&nbsp;<\/p>\n<p>&nbsp;<\/p>\n<p>&nbsp;<\/p>\n<p>&nbsp;<\/p>\n<p>&nbsp;<\/p>\n<p>&nbsp;<\/p>\n<p>&nbsp;<\/p>\n<p>&nbsp;<\/p>\n<p>&nbsp;<\/p>\n<p>&nbsp;<\/p>\n<p>&nbsp;<\/p>\n<p>&nbsp;<\/p>\n<p>&nbsp;<\/p>\n<p>&nbsp;<\/p>\n<p>&nbsp;<\/p>\n<p>&nbsp;<\/p>\n<p>&nbsp;<\/p>\n<p>&nbsp;<\/p>\n<p>&nbsp;<\/p>\n<p>&nbsp;<\/p>\n<p>&nbsp;<\/p>\n<p>&nbsp;<\/p>\n<p>&nbsp;<\/p>\n<p>&nbsp;<\/p>\n<p>&nbsp;<\/p>\n<p>&nbsp;<\/p>\n<p>&nbsp;<\/p>\n<p>&nbsp;<\/p>\n<p>&nbsp;<\/p>\n<p>&nbsp;<\/p>\n<p>&nbsp;<\/p>\n<p>&nbsp;<\/p>\n<p>&nbsp;<\/p>\n<p>&nbsp;<\/p>\n<p>&nbsp;<\/p>","protected":false},"excerpt":{"rendered":"<ul>\n<li>Item No:LG-0082B<\/li>\n<li>Size:\u00a0W14*H87MM<\/li>\n<li>Capacity:2ml<\/li>\n<li>Aplicaciones: Productos de belleza<\/li>\n<li>MOQ: 12.000 piezas<\/li>\n<li>Color: Color personalizado<\/li>\n<li>Surface treatment: Injection\/Matte\/Metalization\/UV coating<\/li>\n<li>Nombre de marca: OEM\/ODM<\/li>\n<li>Logotipo: Logotipo del cliente<\/li>\n<li>Capacidad de suministro: 100.000 piezas al mes<\/li>\n<\/ul>","protected":false},"featured_media":13005,"template":"","meta":{"_acf_changed":false},"product_brand":[],"product_cat":[372],"product_tag":[447,388,471],"class_list":{"0":"post-13002","1":"product","2":"type-product","3":"status-publish","4":"has-post-thumbnail","6":"product_cat-lipgloss-tube","7":"product_tag-lip-gel-tube","8":"product_tag-lip-gloss-tube","9":"product_tag-mini-lip-gloss-tubes","11":"first","12":"instock","13":"shipping-taxable","14":"product-type-simple"},"acf":[],"yoast_head":"<!-- This site is optimized with the Yoast SEO plugin v24.1 - https:\/\/yoast.com\/wordpress\/plugins\/seo\/ -->\n<title>Square Luxury Silver Lip Gloss Tube Packaging 2ml<\/title>\n<meta name=\"description\" content=\"This luxury silver lip gloss tube features a premium finish with thick-wall construction, designed for high-end cosmetic packaging.\" \/>\n<meta name=\"robots\" content=\"index, follow, max-snippet:-1, max-image-preview:large, max-video-preview:-1\" \/>\n<link rel=\"canonical\" href=\"https:\/\/www.alovey.com\/es\/producto\/square-luxury-silver-lip-gloss-tube-packaging-2ml\/\" \/>\n<meta property=\"og:locale\" content=\"es_ES\" \/>\n<meta property=\"og:type\" content=\"article\" \/>\n<meta property=\"og:title\" content=\"Square Luxury Silver Lip Gloss Tube Packaging 2ml\" \/>\n<meta property=\"og:description\" content=\"This luxury silver lip gloss tube features a premium finish with thick-wall construction, designed for high-end cosmetic packaging.\" \/>\n<meta property=\"og:url\" content=\"https:\/\/www.alovey.com\/es\/producto\/square-luxury-silver-lip-gloss-tube-packaging-2ml\/\" \/>\n<meta property=\"og:site_name\" content=\"Best Cosmetic Packaging Manufacture\" \/>\n<meta property=\"article:modified_time\" content=\"2026-05-13T09:41:43+00:00\" \/>\n<meta property=\"og:image\" content=\"https:\/\/www.alovey.com\/wp-content\/uploads\/2026\/05\/Square-Luxury-Silver-Lip-Gloss-Tube-Packaging-2ml-6.jpg\" \/>\n\t<meta property=\"og:image:width\" content=\"750\" \/>\n\t<meta property=\"og:image:height\" content=\"750\" \/>\n\t<meta property=\"og:image:type\" content=\"image\/jpeg\" \/>\n<meta name=\"twitter:card\" content=\"summary_large_image\" \/>\n<meta name=\"twitter:label1\" content=\"Tiempo de lectura\" \/>\n\t<meta name=\"twitter:data1\" content=\"3 minutos\" \/>\n<script type=\"application\/ld+json\" class=\"yoast-schema-graph\">{\"@context\":\"https:\/\/schema.org\",\"@graph\":[{\"@type\":\"WebPage\",\"@id\":\"https:\/\/www.alovey.com\/product\/square-luxury-silver-lip-gloss-tube-packaging-2ml\/\",\"url\":\"https:\/\/www.alovey.com\/product\/square-luxury-silver-lip-gloss-tube-packaging-2ml\/\",\"name\":\"Square Luxury Silver Lip Gloss Tube Packaging 2ml\",\"isPartOf\":{\"@id\":\"https:\/\/www.alovey.com\/#website\"},\"primaryImageOfPage\":{\"@id\":\"https:\/\/www.alovey.com\/product\/square-luxury-silver-lip-gloss-tube-packaging-2ml\/#primaryimage\"},\"image\":{\"@id\":\"https:\/\/www.alovey.com\/product\/square-luxury-silver-lip-gloss-tube-packaging-2ml\/#primaryimage\"},\"thumbnailUrl\":\"https:\/\/www.alovey.com\/wp-content\/uploads\/2026\/05\/Square-Luxury-Silver-Lip-Gloss-Tube-Packaging-2ml-6.jpg\",\"datePublished\":\"2026-05-13T09:24:08+00:00\",\"dateModified\":\"2026-05-13T09:41:43+00:00\",\"description\":\"This luxury silver lip gloss tube features a premium finish with thick-wall construction, designed for high-end cosmetic packaging.\",\"breadcrumb\":{\"@id\":\"https:\/\/www.alovey.com\/product\/square-luxury-silver-lip-gloss-tube-packaging-2ml\/#breadcrumb\"},\"inLanguage\":\"es\",\"potentialAction\":[{\"@type\":\"ReadAction\",\"target\":[\"https:\/\/www.alovey.com\/product\/square-luxury-silver-lip-gloss-tube-packaging-2ml\/\"]}]},{\"@type\":\"ImageObject\",\"inLanguage\":\"es\",\"@id\":\"https:\/\/www.alovey.com\/product\/square-luxury-silver-lip-gloss-tube-packaging-2ml\/#primaryimage\",\"url\":\"https:\/\/www.alovey.com\/wp-content\/uploads\/2026\/05\/Square-Luxury-Silver-Lip-Gloss-Tube-Packaging-2ml-6.jpg\",\"contentUrl\":\"https:\/\/www.alovey.com\/wp-content\/uploads\/2026\/05\/Square-Luxury-Silver-Lip-Gloss-Tube-Packaging-2ml-6.jpg\",\"width\":750,\"height\":750,\"caption\":\"Square Luxury Silver Lip Gloss Tube Packaging 2ml\"},{\"@type\":\"BreadcrumbList\",\"@id\":\"https:\/\/www.alovey.com\/product\/square-luxury-silver-lip-gloss-tube-packaging-2ml\/#breadcrumb\",\"itemListElement\":[{\"@type\":\"ListItem\",\"position\":1,\"name\":\"\u9996\u9875\",\"item\":\"https:\/\/www.alovey.com\/\"},{\"@type\":\"ListItem\",\"position\":2,\"name\":\"Products\",\"item\":\"https:\/\/www.alovey.com\/products\/\"},{\"@type\":\"ListItem\",\"position\":3,\"name\":\"Square Luxury Silver Lip Gloss Tube Packaging 2ml\"}]},{\"@type\":\"WebSite\",\"@id\":\"https:\/\/www.alovey.com\/#website\",\"url\":\"https:\/\/www.alovey.com\/\",\"name\":\"Best Cosmetic Packaging Manufacture\",\"description\":\"Alovey Cosmetic Packaging Co.,Ltd\",\"publisher\":{\"@id\":\"https:\/\/www.alovey.com\/#organization\"},\"potentialAction\":[{\"@type\":\"SearchAction\",\"target\":{\"@type\":\"EntryPoint\",\"urlTemplate\":\"https:\/\/www.alovey.com\/?s={search_term_string}\"},\"query-input\":{\"@type\":\"PropertyValueSpecification\",\"valueRequired\":true,\"valueName\":\"search_term_string\"}}],\"inLanguage\":\"es\"},{\"@type\":\"Organization\",\"@id\":\"https:\/\/www.alovey.com\/#organization\",\"name\":\"Best Cosmetic Packaging Manufacture\",\"url\":\"https:\/\/www.alovey.com\/\",\"logo\":{\"@type\":\"ImageObject\",\"inLanguage\":\"es\",\"@id\":\"https:\/\/www.alovey.com\/#\/schema\/logo\/image\/\",\"url\":\"https:\/\/www.alovey.com\/wp-content\/uploads\/2023\/03\/logo.png\",\"contentUrl\":\"https:\/\/www.alovey.com\/wp-content\/uploads\/2023\/03\/logo.png\",\"width\":505,\"height\":180,\"caption\":\"Best  Cosmetic Packaging Manufacture\"},\"image\":{\"@id\":\"https:\/\/www.alovey.com\/#\/schema\/logo\/image\/\"}}]}<\/script>\n<!-- \/ Yoast SEO plugin. -->","yoast_head_json":{"title":"Square Luxury Silver Lip Gloss Tube Packaging 2ml","description":"This luxury silver lip gloss tube features a premium finish with thick-wall construction, designed for high-end cosmetic packaging.","robots":{"index":"index","follow":"follow","max-snippet":"max-snippet:-1","max-image-preview":"max-image-preview:large","max-video-preview":"max-video-preview:-1"},"canonical":"https:\/\/www.alovey.com\/es\/producto\/square-luxury-silver-lip-gloss-tube-packaging-2ml\/","og_locale":"es_ES","og_type":"article","og_title":"Square Luxury Silver Lip Gloss Tube Packaging 2ml","og_description":"This luxury silver lip gloss tube features a premium finish with thick-wall construction, designed for high-end cosmetic packaging.","og_url":"https:\/\/www.alovey.com\/es\/producto\/square-luxury-silver-lip-gloss-tube-packaging-2ml\/","og_site_name":"Best Cosmetic Packaging Manufacture","article_modified_time":"2026-05-13T09:41:43+00:00","og_image":[{"width":750,"height":750,"url":"https:\/\/www.alovey.com\/wp-content\/uploads\/2026\/05\/Square-Luxury-Silver-Lip-Gloss-Tube-Packaging-2ml-6.jpg","type":"image\/jpeg"}],"twitter_card":"summary_large_image","twitter_misc":{"Tiempo de lectura":"3 minutos"},"schema":{"@context":"https:\/\/schema.org","@graph":[{"@type":"WebPage","@id":"https:\/\/www.alovey.com\/product\/square-luxury-silver-lip-gloss-tube-packaging-2ml\/","url":"https:\/\/www.alovey.com\/product\/square-luxury-silver-lip-gloss-tube-packaging-2ml\/","name":"Square Luxury Silver Lip Gloss Tube Packaging 2ml","isPartOf":{"@id":"https:\/\/www.alovey.com\/#website"},"primaryImageOfPage":{"@id":"https:\/\/www.alovey.com\/product\/square-luxury-silver-lip-gloss-tube-packaging-2ml\/#primaryimage"},"image":{"@id":"https:\/\/www.alovey.com\/product\/square-luxury-silver-lip-gloss-tube-packaging-2ml\/#primaryimage"},"thumbnailUrl":"https:\/\/www.alovey.com\/wp-content\/uploads\/2026\/05\/Square-Luxury-Silver-Lip-Gloss-Tube-Packaging-2ml-6.jpg","datePublished":"2026-05-13T09:24:08+00:00","dateModified":"2026-05-13T09:41:43+00:00","description":"This luxury silver lip gloss tube features a premium finish with thick-wall construction, designed for high-end cosmetic packaging.","breadcrumb":{"@id":"https:\/\/www.alovey.com\/product\/square-luxury-silver-lip-gloss-tube-packaging-2ml\/#breadcrumb"},"inLanguage":"es","potentialAction":[{"@type":"ReadAction","target":["https:\/\/www.alovey.com\/product\/square-luxury-silver-lip-gloss-tube-packaging-2ml\/"]}]},{"@type":"ImageObject","inLanguage":"es","@id":"https:\/\/www.alovey.com\/product\/square-luxury-silver-lip-gloss-tube-packaging-2ml\/#primaryimage","url":"https:\/\/www.alovey.com\/wp-content\/uploads\/2026\/05\/Square-Luxury-Silver-Lip-Gloss-Tube-Packaging-2ml-6.jpg","contentUrl":"https:\/\/www.alovey.com\/wp-content\/uploads\/2026\/05\/Square-Luxury-Silver-Lip-Gloss-Tube-Packaging-2ml-6.jpg","width":750,"height":750,"caption":"Square Luxury Silver Lip Gloss Tube Packaging 2ml"},{"@type":"BreadcrumbList","@id":"https:\/\/www.alovey.com\/product\/square-luxury-silver-lip-gloss-tube-packaging-2ml\/#breadcrumb","itemListElement":[{"@type":"ListItem","position":1,"name":"\u9996\u9875","item":"https:\/\/www.alovey.com\/"},{"@type":"ListItem","position":2,"name":"Products","item":"https:\/\/www.alovey.com\/products\/"},{"@type":"ListItem","position":3,"name":"Square Luxury Silver Lip Gloss Tube Packaging 2ml"}]},{"@type":"WebSite","@id":"https:\/\/www.alovey.com\/#website","url":"https:\/\/www.alovey.com\/","name":"Best Cosmetic Packaging Manufacture","description":"Alovey Cosmetic Packaging S.L.","publisher":{"@id":"https:\/\/www.alovey.com\/#organization"},"potentialAction":[{"@type":"SearchAction","target":{"@type":"EntryPoint","urlTemplate":"https:\/\/www.alovey.com\/?s={search_term_string}"},"query-input":{"@type":"PropertyValueSpecification","valueRequired":true,"valueName":"search_term_string"}}],"inLanguage":"es"},{"@type":"Organization","@id":"https:\/\/www.alovey.com\/#organization","name":"Best Cosmetic Packaging Manufacture","url":"https:\/\/www.alovey.com\/","logo":{"@type":"ImageObject","inLanguage":"es","@id":"https:\/\/www.alovey.com\/#\/schema\/logo\/image\/","url":"https:\/\/www.alovey.com\/wp-content\/uploads\/2023\/03\/logo.png","contentUrl":"https:\/\/www.alovey.com\/wp-content\/uploads\/2023\/03\/logo.png","width":505,"height":180,"caption":"Best  Cosmetic Packaging Manufacture"},"image":{"@id":"https:\/\/www.alovey.com\/#\/schema\/logo\/image\/"}}]}},"_links":{"self":[{"href":"https:\/\/www.alovey.com\/es\/wp-json\/wp\/v2\/product\/13002"}],"collection":[{"href":"https:\/\/www.alovey.com\/es\/wp-json\/wp\/v2\/product"}],"about":[{"href":"https:\/\/www.alovey.com\/es\/wp-json\/wp\/v2\/types\/product"}],"wp:featuredmedia":[{"embeddable":true,"href":"https:\/\/www.alovey.com\/es\/wp-json\/wp\/v2\/media\/13005"}],"wp:attachment":[{"href":"https:\/\/www.alovey.com\/es\/wp-json\/wp\/v2\/media?parent=13002"}],"wp:term":[{"taxonomy":"product_brand","embeddable":true,"href":"https:\/\/www.alovey.com\/es\/wp-json\/wp\/v2\/product_brand?post=13002"},{"taxonomy":"product_cat","embeddable":true,"href":"https:\/\/www.alovey.com\/es\/wp-json\/wp\/v2\/product_cat?post=13002"},{"taxonomy":"product_tag","embeddable":true,"href":"https:\/\/www.alovey.com\/es\/wp-json\/wp\/v2\/product_tag?post=13002"}],"curies":[{"name":"wp","href":"https:\/\/api.w.org\/{rel}","templated":true}]}}