{"id":12975,"date":"2026-05-05T09:51:25","date_gmt":"2026-05-05T09:51:25","guid":{"rendered":"https:\/\/www.alovey.com\/?post_type=product&#038;p=12975"},"modified":"2026-05-05T10:01:16","modified_gmt":"2026-05-05T10:01:16","slug":"luxury-square-clear-9-color-eyeshadow-palette","status":"publish","type":"product","link":"https:\/\/www.alovey.com\/es\/producto\/luxury-square-clear-9-color-eyeshadow-palette\/","title":{"rendered":"Luxury Square Clear 9 Color Eyeshadow Palette"},"content":{"rendered":"<p><strong>Showcase your artistry with this elegantly designed square eyeshadow palette, crafted in crystal-clear AS material for a refined, high-end presentation. The transparent finish beautifully reveals each shade, creating a visually striking display that enhances your brand\u2019s premium appeal.<\/strong><\/p>\n<p><strong>Designed to hold 9 colors, this palette offers the perfect balance of functionality and sophistication\u2014ideal for curated eyeshadow collections and professional-grade makeup lines.<\/strong><\/p>\n<p><strong>Fully customizable, the packaging can be bespoke designed and produced to match your brand identity, from structure to finishing details. Combining durability with modern luxury aesthetics, this palette is the perfect canvas to bring your vision to life.<\/strong><\/p>\n<p><strong>Alovey, como fabricante profesional chino de envases para cosm\u00e9ticos, produce una exquisita gama de envases personalizados para cosm\u00e9ticos, meticulosamente elaborados para elevar su marca. Nuestra variada selecci\u00f3n de materiales de primera calidad, combinada con delicadas t\u00e9cnicas de acabado superficial como la serigraf\u00eda, la estampaci\u00f3n en caliente y la pulverizaci\u00f3n mate, garantiza que cada envase sea una obra maestra \u00fanica.<\/strong><\/p>\n<p><img fetchpriority=\"high\" decoding=\"async\" class=\"size-full wp-image-12986\" src=\"https:\/\/www.alovey.com\/wp-content\/uploads\/2026\/05\/Luxury-Square-Clear-9-Color-Eyeshadow-Palette-1.jpg\" alt=\"Eyeshadow Palette\" width=\"750\" height=\"750\" srcset=\"https:\/\/www.alovey.com\/wp-content\/uploads\/2026\/05\/Luxury-Square-Clear-9-Color-Eyeshadow-Palette-1.jpg 750w, https:\/\/www.alovey.com\/wp-content\/uploads\/2026\/05\/Luxury-Square-Clear-9-Color-Eyeshadow-Palette-1-300x300.jpg 300w, https:\/\/www.alovey.com\/wp-content\/uploads\/2026\/05\/Luxury-Square-Clear-9-Color-Eyeshadow-Palette-1-150x150.jpg 150w, https:\/\/www.alovey.com\/wp-content\/uploads\/2026\/05\/Luxury-Square-Clear-9-Color-Eyeshadow-Palette-1-12x12.jpg 12w, https:\/\/www.alovey.com\/wp-content\/uploads\/2026\/05\/Luxury-Square-Clear-9-Color-Eyeshadow-Palette-1-600x600.jpg 600w, https:\/\/www.alovey.com\/wp-content\/uploads\/2026\/05\/Luxury-Square-Clear-9-Color-Eyeshadow-Palette-1-100x100.jpg 100w\" sizes=\"(max-width: 750px) 100vw, 750px\" \/> <img decoding=\"async\" class=\"size-full wp-image-12985\" src=\"https:\/\/www.alovey.com\/wp-content\/uploads\/2026\/05\/Luxury-Square-Clear-9-Color-Eyeshadow-Palette-5.jpg\" alt=\"Eyeshadow Palette\" width=\"750\" height=\"750\" srcset=\"https:\/\/www.alovey.com\/wp-content\/uploads\/2026\/05\/Luxury-Square-Clear-9-Color-Eyeshadow-Palette-5.jpg 750w, https:\/\/www.alovey.com\/wp-content\/uploads\/2026\/05\/Luxury-Square-Clear-9-Color-Eyeshadow-Palette-5-300x300.jpg 300w, https:\/\/www.alovey.com\/wp-content\/uploads\/2026\/05\/Luxury-Square-Clear-9-Color-Eyeshadow-Palette-5-150x150.jpg 150w, https:\/\/www.alovey.com\/wp-content\/uploads\/2026\/05\/Luxury-Square-Clear-9-Color-Eyeshadow-Palette-5-12x12.jpg 12w, https:\/\/www.alovey.com\/wp-content\/uploads\/2026\/05\/Luxury-Square-Clear-9-Color-Eyeshadow-Palette-5-600x600.jpg 600w, https:\/\/www.alovey.com\/wp-content\/uploads\/2026\/05\/Luxury-Square-Clear-9-Color-Eyeshadow-Palette-5-100x100.jpg 100w\" sizes=\"(max-width: 750px) 100vw, 750px\" \/> <img decoding=\"async\" class=\"size-full wp-image-12984\" src=\"https:\/\/www.alovey.com\/wp-content\/uploads\/2026\/05\/3.jpg\" alt=\"Eyeshadow Palette\" width=\"750\" height=\"750\" srcset=\"https:\/\/www.alovey.com\/wp-content\/uploads\/2026\/05\/3.jpg 750w, https:\/\/www.alovey.com\/wp-content\/uploads\/2026\/05\/3-300x300.jpg 300w, https:\/\/www.alovey.com\/wp-content\/uploads\/2026\/05\/3-150x150.jpg 150w, https:\/\/www.alovey.com\/wp-content\/uploads\/2026\/05\/3-12x12.jpg 12w, https:\/\/www.alovey.com\/wp-content\/uploads\/2026\/05\/3-600x600.jpg 600w, https:\/\/www.alovey.com\/wp-content\/uploads\/2026\/05\/3-100x100.jpg 100w\" sizes=\"(max-width: 750px) 100vw, 750px\" \/> <img loading=\"lazy\" decoding=\"async\" class=\"size-full wp-image-12983\" src=\"https:\/\/www.alovey.com\/wp-content\/uploads\/2026\/05\/Luxury-Square-Clear-9-Color-Eyeshadow-Palette-4.jpg\" alt=\"Eyeshadow Palette\" width=\"750\" height=\"750\" srcset=\"https:\/\/www.alovey.com\/wp-content\/uploads\/2026\/05\/Luxury-Square-Clear-9-Color-Eyeshadow-Palette-4.jpg 750w, https:\/\/www.alovey.com\/wp-content\/uploads\/2026\/05\/Luxury-Square-Clear-9-Color-Eyeshadow-Palette-4-300x300.jpg 300w, https:\/\/www.alovey.com\/wp-content\/uploads\/2026\/05\/Luxury-Square-Clear-9-Color-Eyeshadow-Palette-4-150x150.jpg 150w, https:\/\/www.alovey.com\/wp-content\/uploads\/2026\/05\/Luxury-Square-Clear-9-Color-Eyeshadow-Palette-4-12x12.jpg 12w, https:\/\/www.alovey.com\/wp-content\/uploads\/2026\/05\/Luxury-Square-Clear-9-Color-Eyeshadow-Palette-4-600x600.jpg 600w, https:\/\/www.alovey.com\/wp-content\/uploads\/2026\/05\/Luxury-Square-Clear-9-Color-Eyeshadow-Palette-4-100x100.jpg 100w\" sizes=\"(max-width: 750px) 100vw, 750px\" \/> <img loading=\"lazy\" decoding=\"async\" class=\"size-full wp-image-12982\" src=\"https:\/\/www.alovey.com\/wp-content\/uploads\/2026\/05\/Luxury-Square-Clear-9-Color-Eyeshadow-Palette-3.jpg\" alt=\"Eyeshadow Palette\" width=\"750\" height=\"750\" srcset=\"https:\/\/www.alovey.com\/wp-content\/uploads\/2026\/05\/Luxury-Square-Clear-9-Color-Eyeshadow-Palette-3.jpg 750w, https:\/\/www.alovey.com\/wp-content\/uploads\/2026\/05\/Luxury-Square-Clear-9-Color-Eyeshadow-Palette-3-300x300.jpg 300w, https:\/\/www.alovey.com\/wp-content\/uploads\/2026\/05\/Luxury-Square-Clear-9-Color-Eyeshadow-Palette-3-150x150.jpg 150w, https:\/\/www.alovey.com\/wp-content\/uploads\/2026\/05\/Luxury-Square-Clear-9-Color-Eyeshadow-Palette-3-12x12.jpg 12w, https:\/\/www.alovey.com\/wp-content\/uploads\/2026\/05\/Luxury-Square-Clear-9-Color-Eyeshadow-Palette-3-600x600.jpg 600w, https:\/\/www.alovey.com\/wp-content\/uploads\/2026\/05\/Luxury-Square-Clear-9-Color-Eyeshadow-Palette-3-100x100.jpg 100w\" sizes=\"(max-width: 750px) 100vw, 750px\" \/> <img loading=\"lazy\" decoding=\"async\" class=\"size-full wp-image-12981\" src=\"https:\/\/www.alovey.com\/wp-content\/uploads\/2026\/05\/Luxury-Square-Clear-9-Color-Eyeshadow-Palette-2.jpg\" alt=\"Eyeshadow Palette\" width=\"750\" height=\"750\" srcset=\"https:\/\/www.alovey.com\/wp-content\/uploads\/2026\/05\/Luxury-Square-Clear-9-Color-Eyeshadow-Palette-2.jpg 750w, https:\/\/www.alovey.com\/wp-content\/uploads\/2026\/05\/Luxury-Square-Clear-9-Color-Eyeshadow-Palette-2-300x300.jpg 300w, https:\/\/www.alovey.com\/wp-content\/uploads\/2026\/05\/Luxury-Square-Clear-9-Color-Eyeshadow-Palette-2-150x150.jpg 150w, https:\/\/www.alovey.com\/wp-content\/uploads\/2026\/05\/Luxury-Square-Clear-9-Color-Eyeshadow-Palette-2-12x12.jpg 12w, https:\/\/www.alovey.com\/wp-content\/uploads\/2026\/05\/Luxury-Square-Clear-9-Color-Eyeshadow-Palette-2-600x600.jpg 600w, https:\/\/www.alovey.com\/wp-content\/uploads\/2026\/05\/Luxury-Square-Clear-9-Color-Eyeshadow-Palette-2-100x100.jpg 100w\" sizes=\"(max-width: 750px) 100vw, 750px\" \/><\/p>\n<p>&nbsp;<\/p>\n<p>&nbsp;<\/p>\n<p>&nbsp;<\/p>\n<p>&nbsp;<\/p>\n<p>&nbsp;<\/p>\n<p>&nbsp;<\/p>\n<p>&nbsp;<\/p>\n<p>&nbsp;<\/p>\n<p>&nbsp;<\/p>\n<p>&nbsp;<\/p>\n<p>&nbsp;<\/p>\n<p>&nbsp;<\/p>\n<p>&nbsp;<\/p>\n<p>&nbsp;<\/p>\n<p>&nbsp;<\/p>\n<p>&nbsp;<\/p>\n<p>&nbsp;<\/p>\n<p>&nbsp;<\/p>\n<p>&nbsp;<\/p>\n<p>&nbsp;<\/p>\n<p>&nbsp;<\/p>\n<p>&nbsp;<\/p>\n<p>&nbsp;<\/p>\n<p>&nbsp;<\/p>\n<p>&nbsp;<\/p>\n<p>&nbsp;<\/p>\n<p>&nbsp;<\/p>\n<p>&nbsp;<\/p>\n<p>&nbsp;<\/p>\n<p>&nbsp;<\/p>\n<p>&nbsp;<\/p>\n<p>&nbsp;<\/p>\n<p>&nbsp;<\/p>\n<p>&nbsp;<\/p>\n<p>&nbsp;<\/p>\n<p>&nbsp;<\/p>\n<p>&nbsp;<\/p>\n<p>&nbsp;<\/p>\n<p>&nbsp;<\/p>\n<p>&nbsp;<\/p>\n<p>&nbsp;<\/p>\n<p>&nbsp;<\/p>\n<p>&nbsp;<\/p>\n<p>&nbsp;<\/p>\n<p>&nbsp;<\/p>\n<p>&nbsp;<\/p>\n<p>&nbsp;<\/p>\n<p>&nbsp;<\/p>\n<p>&nbsp;<\/p>\n<p>&nbsp;<\/p>\n<p>&nbsp;<\/p>\n<p>&nbsp;<\/p>\n<p>&nbsp;<\/p>\n<p>&nbsp;<\/p>\n<p>&nbsp;<\/p>\n<p>&nbsp;<\/p>\n<p>&nbsp;<\/p>\n<p>&nbsp;<\/p>\n<p>&nbsp;<\/p>\n<p>&nbsp;<\/p>\n<p>&nbsp;<\/p>\n<p>&nbsp;<\/p>\n<p>&nbsp;<\/p>\n<p>&nbsp;<\/p>\n<p>&nbsp;<\/p>\n<p>&nbsp;<\/p>\n<p>&nbsp;<\/p>\n<p>&nbsp;<\/p>\n<p>&nbsp;<\/p>\n<p>&nbsp;<\/p>\n<p>&nbsp;<\/p>\n<p>&nbsp;<\/p>\n<p>&nbsp;<\/p>\n<p>&nbsp;<\/p>\n<p>&nbsp;<\/p>\n<p>&nbsp;<\/p>\n<p>&nbsp;<\/p>\n<p>&nbsp;<\/p>\n<p>&nbsp;<\/p>\n<p>&nbsp;<\/p>\n<p>&nbsp;<\/p>\n<p>&nbsp;<\/p>\n<p>&nbsp;<\/p>\n<p>&nbsp;<\/p>\n<p>&nbsp;<\/p>\n<p>&nbsp;<\/p>\n<p>&nbsp;<\/p>\n<p>&nbsp;<\/p>\n<p>&nbsp;<\/p>\n<p>&nbsp;<\/p>\n<p>&nbsp;<\/p>\n<p>&nbsp;<\/p>\n<p>&nbsp;<\/p>\n<p>&nbsp;<\/p>\n<p>&nbsp;<\/p>\n<p>&nbsp;<\/p>\n<p>&nbsp;<\/p>\n<p>&nbsp;<\/p>\n<p>&nbsp;<\/p>\n<p>&nbsp;<\/p>\n<p>&nbsp;<\/p>\n<p>&nbsp;<\/p>\n<p>&nbsp;<\/p>\n<p>&nbsp;<\/p>\n<p>&nbsp;<\/p>\n<p>&nbsp;<\/p>\n<p>&nbsp;<\/p>\n<p>&nbsp;<\/p>\n<p>&nbsp;<\/p>\n<p>&nbsp;<\/p>\n<p>&nbsp;<\/p>\n<p>&nbsp;<\/p>\n<p>&nbsp;<\/p>\n<p>&nbsp;<\/p>\n<p>&nbsp;<\/p>\n<p>&nbsp;<\/p>\n<p>&nbsp;<\/p>\n<p>&nbsp;<\/p>\n<p>&nbsp;<\/p>\n<p>&nbsp;<\/p>\n<p>&nbsp;<\/p>\n<p>&nbsp;<\/p>\n<p>&nbsp;<\/p>\n<p>&nbsp;<\/p>\n<p>&nbsp;<\/p>\n<p>&nbsp;<\/p>\n<p>&nbsp;<\/p>\n<p>&nbsp;<\/p>\n<p>&nbsp;<\/p>\n<p>&nbsp;<\/p>\n<p>&nbsp;<\/p>\n<p>&nbsp;<\/p>\n<p>&nbsp;<\/p>\n<p>&nbsp;<\/p>\n<p>&nbsp;<\/p>\n<p>&nbsp;<\/p>\n<p>&nbsp;<\/p>\n<p>&nbsp;<\/p>\n<p>&nbsp;<\/p>\n<p>&nbsp;<\/p>\n<p>&nbsp;<\/p>\n<p>&nbsp;<\/p>\n<p>&nbsp;<\/p>\n<p>&nbsp;<\/p>\n<p>&nbsp;<\/p>\n<p>&nbsp;<\/p>\n<p>&nbsp;<\/p>\n<p>&nbsp;<\/p>\n<p>&nbsp;<\/p>\n<p>&nbsp;<\/p>\n<p>&nbsp;<\/p>\n<p>&nbsp;<\/p>\n<p>&nbsp;<\/p>\n<p>&nbsp;<\/p>\n<p>&nbsp;<\/p>\n<p>&nbsp;<\/p>\n<p>&nbsp;<\/p>\n<p>&nbsp;<\/p>\n<p>&nbsp;<\/p>\n<p>&nbsp;<\/p>\n<p>&nbsp;<\/p>\n<p>&nbsp;<\/p>\n<p>&nbsp;<\/p>","protected":false},"excerpt":{"rendered":"<ul>\n<li>Item No:E-0414A<\/li>\n<li>Material:\u00a0Plastic<\/li>\n<li>Size:\u00a0L75*W75*H15.5MM<\/li>\n<li>Aplicaciones: Productos de belleza<\/li>\n<li>MOQ: 12.000 piezas<\/li>\n<li>Color: Color personalizado<\/li>\n<li>Surface treatment: Injection\/Matte\/Metalization\/UV coating<\/li>\n<li>Nombre de marca: OEM\/ODM<\/li>\n<li>Logotipo: Logotipo del cliente<\/li>\n<li>Capacidad de suministro: 100.000 piezas al mes<\/li>\n<\/ul>","protected":false},"featured_media":12982,"template":"","meta":{"_acf_changed":false},"product_brand":[],"product_cat":[378,380],"product_tag":[],"class_list":{"0":"post-12975","1":"product","2":"type-product","3":"status-publish","4":"has-post-thumbnail","6":"product_cat-custom-eyeshadow-packaging","7":"product_cat-cosmetic-compact-powder-cases","9":"first","10":"instock","11":"shipping-taxable","12":"product-type-simple"},"acf":[],"yoast_head":"<!-- This site is optimized with the Yoast SEO plugin v24.1 - https:\/\/yoast.com\/wordpress\/plugins\/seo\/ -->\n<title>Luxury Square Clear 9-Color Eyeshadow Palette<\/title>\n<meta name=\"description\" content=\"Showcase your artistry with this elegantly designed square eyeshadow palette, crafted in crystal-clear AS material for a refined, high-end presentation.\" \/>\n<meta name=\"robots\" content=\"index, follow, max-snippet:-1, max-image-preview:large, max-video-preview:-1\" \/>\n<link rel=\"canonical\" href=\"https:\/\/www.alovey.com\/es\/producto\/luxury-square-clear-9-color-eyeshadow-palette\/\" \/>\n<meta property=\"og:locale\" content=\"es_ES\" \/>\n<meta property=\"og:type\" content=\"article\" \/>\n<meta property=\"og:title\" content=\"Luxury Square Clear 9-Color Eyeshadow Palette\" \/>\n<meta property=\"og:description\" content=\"Showcase your artistry with this elegantly designed square eyeshadow palette, crafted in crystal-clear AS material for a refined, high-end presentation.\" \/>\n<meta property=\"og:url\" content=\"https:\/\/www.alovey.com\/es\/producto\/luxury-square-clear-9-color-eyeshadow-palette\/\" \/>\n<meta property=\"og:site_name\" content=\"Best Cosmetic Packaging Manufacture\" \/>\n<meta property=\"article:modified_time\" content=\"2026-05-05T10:01:16+00:00\" \/>\n<meta property=\"og:image\" content=\"https:\/\/www.alovey.com\/wp-content\/uploads\/2026\/05\/Luxury-Square-Clear-9-Color-Eyeshadow-Palette-3.jpg\" \/>\n\t<meta property=\"og:image:width\" content=\"750\" \/>\n\t<meta property=\"og:image:height\" content=\"750\" \/>\n\t<meta property=\"og:image:type\" content=\"image\/jpeg\" \/>\n<meta name=\"twitter:card\" content=\"summary_large_image\" \/>\n<meta name=\"twitter:label1\" content=\"Tiempo de lectura\" \/>\n\t<meta name=\"twitter:data1\" content=\"3 minutos\" \/>\n<script type=\"application\/ld+json\" class=\"yoast-schema-graph\">{\"@context\":\"https:\/\/schema.org\",\"@graph\":[{\"@type\":\"WebPage\",\"@id\":\"https:\/\/www.alovey.com\/product\/luxury-square-clear-9-color-eyeshadow-palette\/\",\"url\":\"https:\/\/www.alovey.com\/product\/luxury-square-clear-9-color-eyeshadow-palette\/\",\"name\":\"Luxury Square Clear 9-Color Eyeshadow Palette\",\"isPartOf\":{\"@id\":\"https:\/\/www.alovey.com\/#website\"},\"primaryImageOfPage\":{\"@id\":\"https:\/\/www.alovey.com\/product\/luxury-square-clear-9-color-eyeshadow-palette\/#primaryimage\"},\"image\":{\"@id\":\"https:\/\/www.alovey.com\/product\/luxury-square-clear-9-color-eyeshadow-palette\/#primaryimage\"},\"thumbnailUrl\":\"https:\/\/www.alovey.com\/wp-content\/uploads\/2026\/05\/Luxury-Square-Clear-9-Color-Eyeshadow-Palette-3.jpg\",\"datePublished\":\"2026-05-05T09:51:25+00:00\",\"dateModified\":\"2026-05-05T10:01:16+00:00\",\"description\":\"Showcase your artistry with this elegantly designed square eyeshadow palette, crafted in crystal-clear AS material for a refined, high-end presentation.\",\"breadcrumb\":{\"@id\":\"https:\/\/www.alovey.com\/product\/luxury-square-clear-9-color-eyeshadow-palette\/#breadcrumb\"},\"inLanguage\":\"es\",\"potentialAction\":[{\"@type\":\"ReadAction\",\"target\":[\"https:\/\/www.alovey.com\/product\/luxury-square-clear-9-color-eyeshadow-palette\/\"]}]},{\"@type\":\"ImageObject\",\"inLanguage\":\"es\",\"@id\":\"https:\/\/www.alovey.com\/product\/luxury-square-clear-9-color-eyeshadow-palette\/#primaryimage\",\"url\":\"https:\/\/www.alovey.com\/wp-content\/uploads\/2026\/05\/Luxury-Square-Clear-9-Color-Eyeshadow-Palette-3.jpg\",\"contentUrl\":\"https:\/\/www.alovey.com\/wp-content\/uploads\/2026\/05\/Luxury-Square-Clear-9-Color-Eyeshadow-Palette-3.jpg\",\"width\":750,\"height\":750,\"caption\":\"Luxury Square Clear 9-Color Eyeshadow Palette\"},{\"@type\":\"BreadcrumbList\",\"@id\":\"https:\/\/www.alovey.com\/product\/luxury-square-clear-9-color-eyeshadow-palette\/#breadcrumb\",\"itemListElement\":[{\"@type\":\"ListItem\",\"position\":1,\"name\":\"\u9996\u9875\",\"item\":\"https:\/\/www.alovey.com\/\"},{\"@type\":\"ListItem\",\"position\":2,\"name\":\"Products\",\"item\":\"https:\/\/www.alovey.com\/products\/\"},{\"@type\":\"ListItem\",\"position\":3,\"name\":\"Luxury Square Clear 9 Color Eyeshadow Palette\"}]},{\"@type\":\"WebSite\",\"@id\":\"https:\/\/www.alovey.com\/#website\",\"url\":\"https:\/\/www.alovey.com\/\",\"name\":\"Best Cosmetic Packaging Manufacture\",\"description\":\"Alovey Cosmetic Packaging Co.,Ltd\",\"publisher\":{\"@id\":\"https:\/\/www.alovey.com\/#organization\"},\"potentialAction\":[{\"@type\":\"SearchAction\",\"target\":{\"@type\":\"EntryPoint\",\"urlTemplate\":\"https:\/\/www.alovey.com\/?s={search_term_string}\"},\"query-input\":{\"@type\":\"PropertyValueSpecification\",\"valueRequired\":true,\"valueName\":\"search_term_string\"}}],\"inLanguage\":\"es\"},{\"@type\":\"Organization\",\"@id\":\"https:\/\/www.alovey.com\/#organization\",\"name\":\"Best Cosmetic Packaging Manufacture\",\"url\":\"https:\/\/www.alovey.com\/\",\"logo\":{\"@type\":\"ImageObject\",\"inLanguage\":\"es\",\"@id\":\"https:\/\/www.alovey.com\/#\/schema\/logo\/image\/\",\"url\":\"https:\/\/www.alovey.com\/wp-content\/uploads\/2023\/03\/logo.png\",\"contentUrl\":\"https:\/\/www.alovey.com\/wp-content\/uploads\/2023\/03\/logo.png\",\"width\":505,\"height\":180,\"caption\":\"Best  Cosmetic Packaging Manufacture\"},\"image\":{\"@id\":\"https:\/\/www.alovey.com\/#\/schema\/logo\/image\/\"}}]}<\/script>\n<!-- \/ Yoast SEO plugin. -->","yoast_head_json":{"title":"Luxury Square Clear 9-Color Eyeshadow Palette","description":"Showcase your artistry with this elegantly designed square eyeshadow palette, crafted in crystal-clear AS material for a refined, high-end presentation.","robots":{"index":"index","follow":"follow","max-snippet":"max-snippet:-1","max-image-preview":"max-image-preview:large","max-video-preview":"max-video-preview:-1"},"canonical":"https:\/\/www.alovey.com\/es\/producto\/luxury-square-clear-9-color-eyeshadow-palette\/","og_locale":"es_ES","og_type":"article","og_title":"Luxury Square Clear 9-Color Eyeshadow Palette","og_description":"Showcase your artistry with this elegantly designed square eyeshadow palette, crafted in crystal-clear AS material for a refined, high-end presentation.","og_url":"https:\/\/www.alovey.com\/es\/producto\/luxury-square-clear-9-color-eyeshadow-palette\/","og_site_name":"Best Cosmetic Packaging Manufacture","article_modified_time":"2026-05-05T10:01:16+00:00","og_image":[{"width":750,"height":750,"url":"https:\/\/www.alovey.com\/wp-content\/uploads\/2026\/05\/Luxury-Square-Clear-9-Color-Eyeshadow-Palette-3.jpg","type":"image\/jpeg"}],"twitter_card":"summary_large_image","twitter_misc":{"Tiempo de lectura":"3 minutos"},"schema":{"@context":"https:\/\/schema.org","@graph":[{"@type":"WebPage","@id":"https:\/\/www.alovey.com\/product\/luxury-square-clear-9-color-eyeshadow-palette\/","url":"https:\/\/www.alovey.com\/product\/luxury-square-clear-9-color-eyeshadow-palette\/","name":"Luxury Square Clear 9-Color Eyeshadow Palette","isPartOf":{"@id":"https:\/\/www.alovey.com\/#website"},"primaryImageOfPage":{"@id":"https:\/\/www.alovey.com\/product\/luxury-square-clear-9-color-eyeshadow-palette\/#primaryimage"},"image":{"@id":"https:\/\/www.alovey.com\/product\/luxury-square-clear-9-color-eyeshadow-palette\/#primaryimage"},"thumbnailUrl":"https:\/\/www.alovey.com\/wp-content\/uploads\/2026\/05\/Luxury-Square-Clear-9-Color-Eyeshadow-Palette-3.jpg","datePublished":"2026-05-05T09:51:25+00:00","dateModified":"2026-05-05T10:01:16+00:00","description":"Showcase your artistry with this elegantly designed square eyeshadow palette, crafted in crystal-clear AS material for a refined, high-end presentation.","breadcrumb":{"@id":"https:\/\/www.alovey.com\/product\/luxury-square-clear-9-color-eyeshadow-palette\/#breadcrumb"},"inLanguage":"es","potentialAction":[{"@type":"ReadAction","target":["https:\/\/www.alovey.com\/product\/luxury-square-clear-9-color-eyeshadow-palette\/"]}]},{"@type":"ImageObject","inLanguage":"es","@id":"https:\/\/www.alovey.com\/product\/luxury-square-clear-9-color-eyeshadow-palette\/#primaryimage","url":"https:\/\/www.alovey.com\/wp-content\/uploads\/2026\/05\/Luxury-Square-Clear-9-Color-Eyeshadow-Palette-3.jpg","contentUrl":"https:\/\/www.alovey.com\/wp-content\/uploads\/2026\/05\/Luxury-Square-Clear-9-Color-Eyeshadow-Palette-3.jpg","width":750,"height":750,"caption":"Luxury Square Clear 9-Color Eyeshadow Palette"},{"@type":"BreadcrumbList","@id":"https:\/\/www.alovey.com\/product\/luxury-square-clear-9-color-eyeshadow-palette\/#breadcrumb","itemListElement":[{"@type":"ListItem","position":1,"name":"\u9996\u9875","item":"https:\/\/www.alovey.com\/"},{"@type":"ListItem","position":2,"name":"Products","item":"https:\/\/www.alovey.com\/products\/"},{"@type":"ListItem","position":3,"name":"Luxury Square Clear 9 Color Eyeshadow Palette"}]},{"@type":"WebSite","@id":"https:\/\/www.alovey.com\/#website","url":"https:\/\/www.alovey.com\/","name":"Best Cosmetic Packaging Manufacture","description":"Alovey Cosmetic Packaging S.L.","publisher":{"@id":"https:\/\/www.alovey.com\/#organization"},"potentialAction":[{"@type":"SearchAction","target":{"@type":"EntryPoint","urlTemplate":"https:\/\/www.alovey.com\/?s={search_term_string}"},"query-input":{"@type":"PropertyValueSpecification","valueRequired":true,"valueName":"search_term_string"}}],"inLanguage":"es"},{"@type":"Organization","@id":"https:\/\/www.alovey.com\/#organization","name":"Best Cosmetic Packaging Manufacture","url":"https:\/\/www.alovey.com\/","logo":{"@type":"ImageObject","inLanguage":"es","@id":"https:\/\/www.alovey.com\/#\/schema\/logo\/image\/","url":"https:\/\/www.alovey.com\/wp-content\/uploads\/2023\/03\/logo.png","contentUrl":"https:\/\/www.alovey.com\/wp-content\/uploads\/2023\/03\/logo.png","width":505,"height":180,"caption":"Best  Cosmetic Packaging Manufacture"},"image":{"@id":"https:\/\/www.alovey.com\/#\/schema\/logo\/image\/"}}]}},"_links":{"self":[{"href":"https:\/\/www.alovey.com\/es\/wp-json\/wp\/v2\/product\/12975"}],"collection":[{"href":"https:\/\/www.alovey.com\/es\/wp-json\/wp\/v2\/product"}],"about":[{"href":"https:\/\/www.alovey.com\/es\/wp-json\/wp\/v2\/types\/product"}],"wp:featuredmedia":[{"embeddable":true,"href":"https:\/\/www.alovey.com\/es\/wp-json\/wp\/v2\/media\/12982"}],"wp:attachment":[{"href":"https:\/\/www.alovey.com\/es\/wp-json\/wp\/v2\/media?parent=12975"}],"wp:term":[{"taxonomy":"product_brand","embeddable":true,"href":"https:\/\/www.alovey.com\/es\/wp-json\/wp\/v2\/product_brand?post=12975"},{"taxonomy":"product_cat","embeddable":true,"href":"https:\/\/www.alovey.com\/es\/wp-json\/wp\/v2\/product_cat?post=12975"},{"taxonomy":"product_tag","embeddable":true,"href":"https:\/\/www.alovey.com\/es\/wp-json\/wp\/v2\/product_tag?post=12975"}],"curies":[{"name":"wp","href":"https:\/\/api.w.org\/{rel}","templated":true}]}}