{"id":12961,"date":"2026-04-29T08:36:21","date_gmt":"2026-04-29T08:36:21","guid":{"rendered":"https:\/\/www.alovey.com\/?post_type=product&#038;p=12961"},"modified":"2026-04-29T09:01:37","modified_gmt":"2026-04-29T09:01:37","slug":"luxury-slim-round-lip-liner-pen-tube","status":"publish","type":"product","link":"https:\/\/www.alovey.com\/es\/producto\/luxury-slim-round-lip-liner-pen-tube\/","title":{"rendered":"Luxury Slim Round Lip Liner Pen Tube"},"content":{"rendered":"<p><strong>Elevate your beauty line with this refined slim lip liner pen, designed for effortless precision and flawless lip definition. Its sleek, minimalist silhouette delivers a sophisticated look while ensuring a smooth, controlled application experience.<\/strong><\/p>\n<p><strong>Expertly crafted from high-quality materials, the container offers exceptional durability with a premium hand feel. The streamlined round design enhances both aesthetics and functionality, making it an ideal choice for high-end cosmetic collections.<\/strong><\/p>\n<p><strong>Perfect for custom branding, this lip liner tube reflects elegance, precision, and modern luxury\u2014helping your products stand out with confidence and style.<\/strong><\/p>\n<p><strong>Alovey, como fabricante profesional chino de envases para cosm\u00e9ticos, produce una exquisita gama de envases personalizados para cosm\u00e9ticos, meticulosamente elaborados para elevar su marca. Nuestra variada selecci\u00f3n de materiales de primera calidad, combinada con delicadas t\u00e9cnicas de acabado superficial como la serigraf\u00eda, la estampaci\u00f3n en caliente y la pulverizaci\u00f3n mate, garantiza que cada envase sea una obra maestra \u00fanica.<\/strong><\/p>\n<p><img fetchpriority=\"high\" decoding=\"async\" class=\"size-full wp-image-12967\" src=\"https:\/\/www.alovey.com\/wp-content\/uploads\/2026\/04\/Luxury-Slim-Round-Lip-Liner-Pen-Tube-5.jpg\" alt=\"Lip Liner Pen Tube\" width=\"750\" height=\"750\" srcset=\"https:\/\/www.alovey.com\/wp-content\/uploads\/2026\/04\/Luxury-Slim-Round-Lip-Liner-Pen-Tube-5.jpg 750w, https:\/\/www.alovey.com\/wp-content\/uploads\/2026\/04\/Luxury-Slim-Round-Lip-Liner-Pen-Tube-5-300x300.jpg 300w, https:\/\/www.alovey.com\/wp-content\/uploads\/2026\/04\/Luxury-Slim-Round-Lip-Liner-Pen-Tube-5-150x150.jpg 150w, https:\/\/www.alovey.com\/wp-content\/uploads\/2026\/04\/Luxury-Slim-Round-Lip-Liner-Pen-Tube-5-12x12.jpg 12w, https:\/\/www.alovey.com\/wp-content\/uploads\/2026\/04\/Luxury-Slim-Round-Lip-Liner-Pen-Tube-5-600x600.jpg 600w, https:\/\/www.alovey.com\/wp-content\/uploads\/2026\/04\/Luxury-Slim-Round-Lip-Liner-Pen-Tube-5-100x100.jpg 100w\" sizes=\"(max-width: 750px) 100vw, 750px\" \/> <img decoding=\"async\" class=\"size-full wp-image-12965\" src=\"https:\/\/www.alovey.com\/wp-content\/uploads\/2026\/04\/Luxury-Slim-Round-Lip-Liner-Pen-Tube-3.jpg\" alt=\"Lip Liner Pen Tube\" width=\"750\" height=\"750\" srcset=\"https:\/\/www.alovey.com\/wp-content\/uploads\/2026\/04\/Luxury-Slim-Round-Lip-Liner-Pen-Tube-3.jpg 750w, https:\/\/www.alovey.com\/wp-content\/uploads\/2026\/04\/Luxury-Slim-Round-Lip-Liner-Pen-Tube-3-300x300.jpg 300w, https:\/\/www.alovey.com\/wp-content\/uploads\/2026\/04\/Luxury-Slim-Round-Lip-Liner-Pen-Tube-3-150x150.jpg 150w, https:\/\/www.alovey.com\/wp-content\/uploads\/2026\/04\/Luxury-Slim-Round-Lip-Liner-Pen-Tube-3-12x12.jpg 12w, https:\/\/www.alovey.com\/wp-content\/uploads\/2026\/04\/Luxury-Slim-Round-Lip-Liner-Pen-Tube-3-600x600.jpg 600w, https:\/\/www.alovey.com\/wp-content\/uploads\/2026\/04\/Luxury-Slim-Round-Lip-Liner-Pen-Tube-3-100x100.jpg 100w\" sizes=\"(max-width: 750px) 100vw, 750px\" \/> <img decoding=\"async\" class=\"size-full wp-image-12966\" src=\"https:\/\/www.alovey.com\/wp-content\/uploads\/2026\/04\/Luxury-Slim-Round-Lip-Liner-Pen-Tube-4.jpg\" alt=\"Lip Liner Pen Tube\" width=\"750\" height=\"750\" srcset=\"https:\/\/www.alovey.com\/wp-content\/uploads\/2026\/04\/Luxury-Slim-Round-Lip-Liner-Pen-Tube-4.jpg 750w, https:\/\/www.alovey.com\/wp-content\/uploads\/2026\/04\/Luxury-Slim-Round-Lip-Liner-Pen-Tube-4-300x300.jpg 300w, https:\/\/www.alovey.com\/wp-content\/uploads\/2026\/04\/Luxury-Slim-Round-Lip-Liner-Pen-Tube-4-150x150.jpg 150w, https:\/\/www.alovey.com\/wp-content\/uploads\/2026\/04\/Luxury-Slim-Round-Lip-Liner-Pen-Tube-4-12x12.jpg 12w, https:\/\/www.alovey.com\/wp-content\/uploads\/2026\/04\/Luxury-Slim-Round-Lip-Liner-Pen-Tube-4-600x600.jpg 600w, https:\/\/www.alovey.com\/wp-content\/uploads\/2026\/04\/Luxury-Slim-Round-Lip-Liner-Pen-Tube-4-100x100.jpg 100w\" sizes=\"(max-width: 750px) 100vw, 750px\" \/> <img loading=\"lazy\" decoding=\"async\" class=\"size-full wp-image-12963\" src=\"https:\/\/www.alovey.com\/wp-content\/uploads\/2026\/04\/Luxury-Slim-Round-Lip-Liner-Pen-Tube-7.jpg\" alt=\"Lip Liner Pen Tube\" width=\"750\" height=\"750\" srcset=\"https:\/\/www.alovey.com\/wp-content\/uploads\/2026\/04\/Luxury-Slim-Round-Lip-Liner-Pen-Tube-7.jpg 750w, https:\/\/www.alovey.com\/wp-content\/uploads\/2026\/04\/Luxury-Slim-Round-Lip-Liner-Pen-Tube-7-300x300.jpg 300w, https:\/\/www.alovey.com\/wp-content\/uploads\/2026\/04\/Luxury-Slim-Round-Lip-Liner-Pen-Tube-7-150x150.jpg 150w, https:\/\/www.alovey.com\/wp-content\/uploads\/2026\/04\/Luxury-Slim-Round-Lip-Liner-Pen-Tube-7-12x12.jpg 12w, https:\/\/www.alovey.com\/wp-content\/uploads\/2026\/04\/Luxury-Slim-Round-Lip-Liner-Pen-Tube-7-600x600.jpg 600w, https:\/\/www.alovey.com\/wp-content\/uploads\/2026\/04\/Luxury-Slim-Round-Lip-Liner-Pen-Tube-7-100x100.jpg 100w\" sizes=\"(max-width: 750px) 100vw, 750px\" \/> <img loading=\"lazy\" decoding=\"async\" class=\"size-full wp-image-12962\" src=\"https:\/\/www.alovey.com\/wp-content\/uploads\/2026\/04\/Luxury-Slim-Round-Lip-Liner-Pen-Tube-6.jpg\" alt=\"Lip Liner Pen Tube\" width=\"750\" height=\"750\" srcset=\"https:\/\/www.alovey.com\/wp-content\/uploads\/2026\/04\/Luxury-Slim-Round-Lip-Liner-Pen-Tube-6.jpg 750w, https:\/\/www.alovey.com\/wp-content\/uploads\/2026\/04\/Luxury-Slim-Round-Lip-Liner-Pen-Tube-6-300x300.jpg 300w, https:\/\/www.alovey.com\/wp-content\/uploads\/2026\/04\/Luxury-Slim-Round-Lip-Liner-Pen-Tube-6-150x150.jpg 150w, https:\/\/www.alovey.com\/wp-content\/uploads\/2026\/04\/Luxury-Slim-Round-Lip-Liner-Pen-Tube-6-12x12.jpg 12w, https:\/\/www.alovey.com\/wp-content\/uploads\/2026\/04\/Luxury-Slim-Round-Lip-Liner-Pen-Tube-6-600x600.jpg 600w, https:\/\/www.alovey.com\/wp-content\/uploads\/2026\/04\/Luxury-Slim-Round-Lip-Liner-Pen-Tube-6-100x100.jpg 100w\" sizes=\"(max-width: 750px) 100vw, 750px\" \/> <img loading=\"lazy\" decoding=\"async\" class=\"size-full wp-image-12964\" src=\"https:\/\/www.alovey.com\/wp-content\/uploads\/2026\/04\/Luxury-Slim-Round-Lip-Liner-Pen-Tube-8.jpg\" alt=\"\" width=\"750\" height=\"750\" srcset=\"https:\/\/www.alovey.com\/wp-content\/uploads\/2026\/04\/Luxury-Slim-Round-Lip-Liner-Pen-Tube-8.jpg 750w, https:\/\/www.alovey.com\/wp-content\/uploads\/2026\/04\/Luxury-Slim-Round-Lip-Liner-Pen-Tube-8-300x300.jpg 300w, https:\/\/www.alovey.com\/wp-content\/uploads\/2026\/04\/Luxury-Slim-Round-Lip-Liner-Pen-Tube-8-150x150.jpg 150w, https:\/\/www.alovey.com\/wp-content\/uploads\/2026\/04\/Luxury-Slim-Round-Lip-Liner-Pen-Tube-8-12x12.jpg 12w, https:\/\/www.alovey.com\/wp-content\/uploads\/2026\/04\/Luxury-Slim-Round-Lip-Liner-Pen-Tube-8-600x600.jpg 600w, https:\/\/www.alovey.com\/wp-content\/uploads\/2026\/04\/Luxury-Slim-Round-Lip-Liner-Pen-Tube-8-100x100.jpg 100w\" sizes=\"(max-width: 750px) 100vw, 750px\" \/><\/p>\n<p>&nbsp;<\/p>\n<p>&nbsp;<\/p>\n<p>&nbsp;<\/p>\n<p>&nbsp;<\/p>\n<p>&nbsp;<\/p>\n<p>&nbsp;<\/p>\n<p>&nbsp;<\/p>\n<p>&nbsp;<\/p>\n<p>&nbsp;<\/p>\n<p>&nbsp;<\/p>\n<p>&nbsp;<\/p>\n<p>&nbsp;<\/p>\n<p>&nbsp;<\/p>\n<p>&nbsp;<\/p>\n<p>&nbsp;<\/p>\n<p>&nbsp;<\/p>\n<p>&nbsp;<\/p>\n<p>&nbsp;<\/p>\n<p>&nbsp;<\/p>\n<p>&nbsp;<\/p>\n<p>&nbsp;<\/p>\n<p>&nbsp;<\/p>\n<p>&nbsp;<\/p>\n<p>&nbsp;<\/p>\n<p>&nbsp;<\/p>\n<p>&nbsp;<\/p>\n<p>&nbsp;<\/p>\n<p>&nbsp;<\/p>\n<p>&nbsp;<\/p>\n<p>&nbsp;<\/p>\n<p>&nbsp;<\/p>\n<p>&nbsp;<\/p>\n<p>&nbsp;<\/p>\n<p>&nbsp;<\/p>\n<p>&nbsp;<\/p>\n<p>&nbsp;<\/p>\n<p>&nbsp;<\/p>\n<p>&nbsp;<\/p>\n<p>&nbsp;<\/p>\n<p>&nbsp;<\/p>\n<p>&nbsp;<\/p>\n<p>&nbsp;<\/p>\n<p>&nbsp;<\/p>\n<p>&nbsp;<\/p>\n<p>&nbsp;<\/p>\n<p>&nbsp;<\/p>\n<p>&nbsp;<\/p>\n<p>&nbsp;<\/p>\n<p>&nbsp;<\/p>\n<p>&nbsp;<\/p>\n<p>&nbsp;<\/p>\n<p>&nbsp;<\/p>\n<p>&nbsp;<\/p>\n<p>&nbsp;<\/p>\n<p>&nbsp;<\/p>\n<p>&nbsp;<\/p>\n<p>&nbsp;<\/p>\n<p>&nbsp;<\/p>\n<p>&nbsp;<\/p>\n<p>&nbsp;<\/p>\n<p>&nbsp;<\/p>\n<p>&nbsp;<\/p>\n<p>&nbsp;<\/p>\n<p>&nbsp;<\/p>\n<p>&nbsp;<\/p>\n<p>&nbsp;<\/p>\n<p>&nbsp;<\/p>\n<p>&nbsp;<\/p>\n<p>&nbsp;<\/p>\n<p>&nbsp;<\/p>\n<p>&nbsp;<\/p>\n<p>&nbsp;<\/p>\n<p>&nbsp;<\/p>\n<p>&nbsp;<\/p>\n<p>&nbsp;<\/p>\n<p>&nbsp;<\/p>\n<p>&nbsp;<\/p>\n<p>&nbsp;<\/p>\n<p>&nbsp;<\/p>\n<p>&nbsp;<\/p>\n<p>&nbsp;<\/p>\n<p>&nbsp;<\/p>\n<p>&nbsp;<\/p>\n<p>&nbsp;<\/p>\n<p>&nbsp;<\/p>\n<p>&nbsp;<\/p>\n<p>&nbsp;<\/p>\n<p>&nbsp;<\/p>\n<p>&nbsp;<\/p>\n<p>&nbsp;<\/p>\n<p>&nbsp;<\/p>\n<p>&nbsp;<\/p>\n<p>&nbsp;<\/p>\n<p>&nbsp;<\/p>\n<p>&nbsp;<\/p>\n<p>&nbsp;<\/p>\n<p>&nbsp;<\/p>\n<p>&nbsp;<\/p>\n<p>&nbsp;<\/p>\n<p>&nbsp;<\/p>","protected":false},"excerpt":{"rendered":"<ul>\n<li>Item No:D-0101A<\/li>\n<li>Material:\u00a0Plastic<\/li>\n<li>Size:D13.5MM*H141MM<\/li>\n<li>Aplicaciones: Productos de belleza<\/li>\n<li>MOQ: 12.000 piezas<\/li>\n<li>Color: Color personalizado<\/li>\n<li>Surface treatment: Injection\/Matte\/Materialization\/UV coating<\/li>\n<li>Nombre de marca: OEM\/ODM<\/li>\n<li>Logotipo: Logotipo del cliente<\/li>\n<li>Capacidad de suministro: 100.000 piezas al mes<\/li>\n<\/ul>\n<p>&nbsp;<\/p>\n<p>&nbsp;<\/p>","protected":false},"featured_media":12965,"template":"","meta":{"_acf_changed":false},"product_brand":[],"product_cat":[373],"product_tag":[467,389,461],"class_list":{"0":"post-12961","1":"product","2":"type-product","3":"status-publish","4":"has-post-thumbnail","6":"product_cat-professional-lipstick-tube-supplier","7":"product_tag-lip-pen-tube","8":"product_tag-lip-stick-tube","9":"product_tag-slim-lipstick-tube","11":"first","12":"instock","13":"shipping-taxable","14":"product-type-simple"},"acf":[],"yoast_head":"<!-- This site is optimized with the Yoast SEO plugin v24.1 - https:\/\/yoast.com\/wordpress\/plugins\/seo\/ -->\n<title>Luxury Slim Round Lip Liner Pen Tube<\/title>\n<meta name=\"description\" content=\"Elevate your beauty line with this refined slim lip liner pen, designed for effortless precision and flawless lip definition. Its sleek, minimalist silhouette delivers a sophisticated look while ensuring a smooth, controlled application experience.\" \/>\n<meta name=\"robots\" content=\"index, follow, max-snippet:-1, max-image-preview:large, max-video-preview:-1\" \/>\n<link rel=\"canonical\" href=\"https:\/\/www.alovey.com\/es\/producto\/luxury-slim-round-lip-liner-pen-tube\/\" \/>\n<meta property=\"og:locale\" content=\"es_ES\" \/>\n<meta property=\"og:type\" content=\"article\" \/>\n<meta property=\"og:title\" content=\"Luxury Slim Round Lip Liner Pen Tube\" \/>\n<meta property=\"og:description\" content=\"Elevate your beauty line with this refined slim lip liner pen, designed for effortless precision and flawless lip definition. Its sleek, minimalist silhouette delivers a sophisticated look while ensuring a smooth, controlled application experience.\" \/>\n<meta property=\"og:url\" content=\"https:\/\/www.alovey.com\/es\/producto\/luxury-slim-round-lip-liner-pen-tube\/\" \/>\n<meta property=\"og:site_name\" content=\"Best Cosmetic Packaging Manufacture\" \/>\n<meta property=\"article:modified_time\" content=\"2026-04-29T09:01:37+00:00\" \/>\n<meta property=\"og:image\" content=\"https:\/\/www.alovey.com\/wp-content\/uploads\/2026\/04\/Luxury-Slim-Round-Lip-Liner-Pen-Tube-3.jpg\" \/>\n\t<meta property=\"og:image:width\" content=\"750\" \/>\n\t<meta property=\"og:image:height\" content=\"750\" \/>\n\t<meta property=\"og:image:type\" content=\"image\/jpeg\" \/>\n<meta name=\"twitter:card\" content=\"summary_large_image\" \/>\n<meta name=\"twitter:label1\" content=\"Tiempo de lectura\" \/>\n\t<meta name=\"twitter:data1\" content=\"3 minutos\" \/>\n<script type=\"application\/ld+json\" class=\"yoast-schema-graph\">{\"@context\":\"https:\/\/schema.org\",\"@graph\":[{\"@type\":\"WebPage\",\"@id\":\"https:\/\/www.alovey.com\/product\/luxury-slim-round-lip-liner-pen-tube\/\",\"url\":\"https:\/\/www.alovey.com\/product\/luxury-slim-round-lip-liner-pen-tube\/\",\"name\":\"Luxury Slim Round Lip Liner Pen Tube\",\"isPartOf\":{\"@id\":\"https:\/\/www.alovey.com\/#website\"},\"primaryImageOfPage\":{\"@id\":\"https:\/\/www.alovey.com\/product\/luxury-slim-round-lip-liner-pen-tube\/#primaryimage\"},\"image\":{\"@id\":\"https:\/\/www.alovey.com\/product\/luxury-slim-round-lip-liner-pen-tube\/#primaryimage\"},\"thumbnailUrl\":\"https:\/\/www.alovey.com\/wp-content\/uploads\/2026\/04\/Luxury-Slim-Round-Lip-Liner-Pen-Tube-3.jpg\",\"datePublished\":\"2026-04-29T08:36:21+00:00\",\"dateModified\":\"2026-04-29T09:01:37+00:00\",\"description\":\"Elevate your beauty line with this refined slim lip liner pen, designed for effortless precision and flawless lip definition. Its sleek, minimalist silhouette delivers a sophisticated look while ensuring a smooth, controlled application experience.\",\"breadcrumb\":{\"@id\":\"https:\/\/www.alovey.com\/product\/luxury-slim-round-lip-liner-pen-tube\/#breadcrumb\"},\"inLanguage\":\"es\",\"potentialAction\":[{\"@type\":\"ReadAction\",\"target\":[\"https:\/\/www.alovey.com\/product\/luxury-slim-round-lip-liner-pen-tube\/\"]}]},{\"@type\":\"ImageObject\",\"inLanguage\":\"es\",\"@id\":\"https:\/\/www.alovey.com\/product\/luxury-slim-round-lip-liner-pen-tube\/#primaryimage\",\"url\":\"https:\/\/www.alovey.com\/wp-content\/uploads\/2026\/04\/Luxury-Slim-Round-Lip-Liner-Pen-Tube-3.jpg\",\"contentUrl\":\"https:\/\/www.alovey.com\/wp-content\/uploads\/2026\/04\/Luxury-Slim-Round-Lip-Liner-Pen-Tube-3.jpg\",\"width\":750,\"height\":750,\"caption\":\"Luxury Slim Round Lip Liner Pen Tube\"},{\"@type\":\"BreadcrumbList\",\"@id\":\"https:\/\/www.alovey.com\/product\/luxury-slim-round-lip-liner-pen-tube\/#breadcrumb\",\"itemListElement\":[{\"@type\":\"ListItem\",\"position\":1,\"name\":\"\u9996\u9875\",\"item\":\"https:\/\/www.alovey.com\/\"},{\"@type\":\"ListItem\",\"position\":2,\"name\":\"Products\",\"item\":\"https:\/\/www.alovey.com\/products\/\"},{\"@type\":\"ListItem\",\"position\":3,\"name\":\"Luxury Slim Round Lip Liner Pen Tube\"}]},{\"@type\":\"WebSite\",\"@id\":\"https:\/\/www.alovey.com\/#website\",\"url\":\"https:\/\/www.alovey.com\/\",\"name\":\"Best Cosmetic Packaging Manufacture\",\"description\":\"Alovey Cosmetic Packaging Co.,Ltd\",\"publisher\":{\"@id\":\"https:\/\/www.alovey.com\/#organization\"},\"potentialAction\":[{\"@type\":\"SearchAction\",\"target\":{\"@type\":\"EntryPoint\",\"urlTemplate\":\"https:\/\/www.alovey.com\/?s={search_term_string}\"},\"query-input\":{\"@type\":\"PropertyValueSpecification\",\"valueRequired\":true,\"valueName\":\"search_term_string\"}}],\"inLanguage\":\"es\"},{\"@type\":\"Organization\",\"@id\":\"https:\/\/www.alovey.com\/#organization\",\"name\":\"Best Cosmetic Packaging Manufacture\",\"url\":\"https:\/\/www.alovey.com\/\",\"logo\":{\"@type\":\"ImageObject\",\"inLanguage\":\"es\",\"@id\":\"https:\/\/www.alovey.com\/#\/schema\/logo\/image\/\",\"url\":\"https:\/\/www.alovey.com\/wp-content\/uploads\/2023\/03\/logo.png\",\"contentUrl\":\"https:\/\/www.alovey.com\/wp-content\/uploads\/2023\/03\/logo.png\",\"width\":505,\"height\":180,\"caption\":\"Best  Cosmetic Packaging Manufacture\"},\"image\":{\"@id\":\"https:\/\/www.alovey.com\/#\/schema\/logo\/image\/\"}}]}<\/script>\n<!-- \/ Yoast SEO plugin. -->","yoast_head_json":{"title":"Luxury Slim Round Lip Liner Pen Tube","description":"Elevate your beauty line with this refined slim lip liner pen, designed for effortless precision and flawless lip definition. Its sleek, minimalist silhouette delivers a sophisticated look while ensuring a smooth, controlled application experience.","robots":{"index":"index","follow":"follow","max-snippet":"max-snippet:-1","max-image-preview":"max-image-preview:large","max-video-preview":"max-video-preview:-1"},"canonical":"https:\/\/www.alovey.com\/es\/producto\/luxury-slim-round-lip-liner-pen-tube\/","og_locale":"es_ES","og_type":"article","og_title":"Luxury Slim Round Lip Liner Pen Tube","og_description":"Elevate your beauty line with this refined slim lip liner pen, designed for effortless precision and flawless lip definition. Its sleek, minimalist silhouette delivers a sophisticated look while ensuring a smooth, controlled application experience.","og_url":"https:\/\/www.alovey.com\/es\/producto\/luxury-slim-round-lip-liner-pen-tube\/","og_site_name":"Best Cosmetic Packaging Manufacture","article_modified_time":"2026-04-29T09:01:37+00:00","og_image":[{"width":750,"height":750,"url":"https:\/\/www.alovey.com\/wp-content\/uploads\/2026\/04\/Luxury-Slim-Round-Lip-Liner-Pen-Tube-3.jpg","type":"image\/jpeg"}],"twitter_card":"summary_large_image","twitter_misc":{"Tiempo de lectura":"3 minutos"},"schema":{"@context":"https:\/\/schema.org","@graph":[{"@type":"WebPage","@id":"https:\/\/www.alovey.com\/product\/luxury-slim-round-lip-liner-pen-tube\/","url":"https:\/\/www.alovey.com\/product\/luxury-slim-round-lip-liner-pen-tube\/","name":"Luxury Slim Round Lip Liner Pen Tube","isPartOf":{"@id":"https:\/\/www.alovey.com\/#website"},"primaryImageOfPage":{"@id":"https:\/\/www.alovey.com\/product\/luxury-slim-round-lip-liner-pen-tube\/#primaryimage"},"image":{"@id":"https:\/\/www.alovey.com\/product\/luxury-slim-round-lip-liner-pen-tube\/#primaryimage"},"thumbnailUrl":"https:\/\/www.alovey.com\/wp-content\/uploads\/2026\/04\/Luxury-Slim-Round-Lip-Liner-Pen-Tube-3.jpg","datePublished":"2026-04-29T08:36:21+00:00","dateModified":"2026-04-29T09:01:37+00:00","description":"Elevate your beauty line with this refined slim lip liner pen, designed for effortless precision and flawless lip definition. Its sleek, minimalist silhouette delivers a sophisticated look while ensuring a smooth, controlled application experience.","breadcrumb":{"@id":"https:\/\/www.alovey.com\/product\/luxury-slim-round-lip-liner-pen-tube\/#breadcrumb"},"inLanguage":"es","potentialAction":[{"@type":"ReadAction","target":["https:\/\/www.alovey.com\/product\/luxury-slim-round-lip-liner-pen-tube\/"]}]},{"@type":"ImageObject","inLanguage":"es","@id":"https:\/\/www.alovey.com\/product\/luxury-slim-round-lip-liner-pen-tube\/#primaryimage","url":"https:\/\/www.alovey.com\/wp-content\/uploads\/2026\/04\/Luxury-Slim-Round-Lip-Liner-Pen-Tube-3.jpg","contentUrl":"https:\/\/www.alovey.com\/wp-content\/uploads\/2026\/04\/Luxury-Slim-Round-Lip-Liner-Pen-Tube-3.jpg","width":750,"height":750,"caption":"Luxury Slim Round Lip Liner Pen Tube"},{"@type":"BreadcrumbList","@id":"https:\/\/www.alovey.com\/product\/luxury-slim-round-lip-liner-pen-tube\/#breadcrumb","itemListElement":[{"@type":"ListItem","position":1,"name":"\u9996\u9875","item":"https:\/\/www.alovey.com\/"},{"@type":"ListItem","position":2,"name":"Products","item":"https:\/\/www.alovey.com\/products\/"},{"@type":"ListItem","position":3,"name":"Luxury Slim Round Lip Liner Pen Tube"}]},{"@type":"WebSite","@id":"https:\/\/www.alovey.com\/#website","url":"https:\/\/www.alovey.com\/","name":"Best Cosmetic Packaging Manufacture","description":"Alovey Cosmetic Packaging S.L.","publisher":{"@id":"https:\/\/www.alovey.com\/#organization"},"potentialAction":[{"@type":"SearchAction","target":{"@type":"EntryPoint","urlTemplate":"https:\/\/www.alovey.com\/?s={search_term_string}"},"query-input":{"@type":"PropertyValueSpecification","valueRequired":true,"valueName":"search_term_string"}}],"inLanguage":"es"},{"@type":"Organization","@id":"https:\/\/www.alovey.com\/#organization","name":"Best Cosmetic Packaging Manufacture","url":"https:\/\/www.alovey.com\/","logo":{"@type":"ImageObject","inLanguage":"es","@id":"https:\/\/www.alovey.com\/#\/schema\/logo\/image\/","url":"https:\/\/www.alovey.com\/wp-content\/uploads\/2023\/03\/logo.png","contentUrl":"https:\/\/www.alovey.com\/wp-content\/uploads\/2023\/03\/logo.png","width":505,"height":180,"caption":"Best  Cosmetic Packaging Manufacture"},"image":{"@id":"https:\/\/www.alovey.com\/#\/schema\/logo\/image\/"}}]}},"_links":{"self":[{"href":"https:\/\/www.alovey.com\/es\/wp-json\/wp\/v2\/product\/12961"}],"collection":[{"href":"https:\/\/www.alovey.com\/es\/wp-json\/wp\/v2\/product"}],"about":[{"href":"https:\/\/www.alovey.com\/es\/wp-json\/wp\/v2\/types\/product"}],"wp:featuredmedia":[{"embeddable":true,"href":"https:\/\/www.alovey.com\/es\/wp-json\/wp\/v2\/media\/12965"}],"wp:attachment":[{"href":"https:\/\/www.alovey.com\/es\/wp-json\/wp\/v2\/media?parent=12961"}],"wp:term":[{"taxonomy":"product_brand","embeddable":true,"href":"https:\/\/www.alovey.com\/es\/wp-json\/wp\/v2\/product_brand?post=12961"},{"taxonomy":"product_cat","embeddable":true,"href":"https:\/\/www.alovey.com\/es\/wp-json\/wp\/v2\/product_cat?post=12961"},{"taxonomy":"product_tag","embeddable":true,"href":"https:\/\/www.alovey.com\/es\/wp-json\/wp\/v2\/product_tag?post=12961"}],"curies":[{"name":"wp","href":"https:\/\/api.w.org\/{rel}","templated":true}]}}