{"id":12949,"date":"2026-04-24T03:07:23","date_gmt":"2026-04-24T03:07:23","guid":{"rendered":"https:\/\/www.alovey.com\/?post_type=product&#038;p=12949"},"modified":"2026-04-24T03:27:35","modified_gmt":"2026-04-24T03:27:35","slug":"wholesale-pet-cosmetic-bottle-for-shower-gel-80ml","status":"publish","type":"product","link":"https:\/\/www.alovey.com\/es\/producto\/wholesale-pet-cosmetic-bottle-for-shower-gel-80ml\/","title":{"rendered":"Wholesale PET  Cosmetic Bottle For Shower Gel 80ml"},"content":{"rendered":"<p><strong>We wholesale PET\u00a0 Cosmetic Bottle.<\/strong><\/p>\n<p><strong>Our 80ml PET\u00a0 Cosmetic Bottle\u00a0is the perfect packaging solution for shower gels, body washes, and other liquid skincare products.<\/strong><\/p>\n<p><strong>\u00a0Made from durable PETG plastic, this bottle offers excellent product visibility while ensuring the contents remain protected.<\/strong><\/p>\n<p><strong>The sleek and functional design makes it an ideal choice for both high-end and everyday skincare brands.<\/strong><\/p>\n<ul>\n<li><strong>Material: High-quality PETG plastic<\/strong><\/li>\n<li><strong>Capacity: 80ml<\/strong><\/li>\n<li><strong>Design: Sleek, compact, and clear for optimal product display<\/strong><\/li>\n<li><strong>Perfect for: Shower gels, body washes, liquid soaps, and more<\/strong><\/li>\n<li><strong>Customization: Available for private labeling, logo printing, or design modifications<\/strong><\/li>\n<li><strong>Cap Options: Various cap styles available, including flip-top and pump options<\/strong><\/li>\n<\/ul>\n<p><strong>Reliable, durable, and stylish, this PETG cosmetic bottle is a great choice for your shower gel or liquid skincare products.<\/strong><\/p>\n<p><strong>Alovey, como fabricante profesional chino de envases para cosm\u00e9ticos, produce una exquisita gama de envases personalizados para cosm\u00e9ticos, meticulosamente elaborados para elevar su marca. Nuestra variada selecci\u00f3n de materiales de primera calidad, combinada con delicadas t\u00e9cnicas de acabado superficial como la serigraf\u00eda, la estampaci\u00f3n en caliente y la pulverizaci\u00f3n mate, garantiza que cada envase sea una obra maestra \u00fanica.<\/strong><\/p>\n<figure id=\"attachment_12951\" aria-describedby=\"caption-attachment-12951\" style=\"width: 750px\" class=\"wp-caption alignnone\"><img fetchpriority=\"high\" decoding=\"async\" class=\"size-full wp-image-12951\" src=\"https:\/\/www.alovey.com\/wp-content\/uploads\/2026\/04\/Wholesale-PETG-Cosmetic-Bottle-For-Shower-Gel-80ml-2.jpg\" alt=\"Wholesale PETG Cosmetic Bottle\" width=\"750\" height=\"750\" srcset=\"https:\/\/www.alovey.com\/wp-content\/uploads\/2026\/04\/Wholesale-PETG-Cosmetic-Bottle-For-Shower-Gel-80ml-2.jpg 750w, https:\/\/www.alovey.com\/wp-content\/uploads\/2026\/04\/Wholesale-PETG-Cosmetic-Bottle-For-Shower-Gel-80ml-2-300x300.jpg 300w, https:\/\/www.alovey.com\/wp-content\/uploads\/2026\/04\/Wholesale-PETG-Cosmetic-Bottle-For-Shower-Gel-80ml-2-150x150.jpg 150w, https:\/\/www.alovey.com\/wp-content\/uploads\/2026\/04\/Wholesale-PETG-Cosmetic-Bottle-For-Shower-Gel-80ml-2-12x12.jpg 12w, https:\/\/www.alovey.com\/wp-content\/uploads\/2026\/04\/Wholesale-PETG-Cosmetic-Bottle-For-Shower-Gel-80ml-2-600x600.jpg 600w, https:\/\/www.alovey.com\/wp-content\/uploads\/2026\/04\/Wholesale-PETG-Cosmetic-Bottle-For-Shower-Gel-80ml-2-100x100.jpg 100w\" sizes=\"(max-width: 750px) 100vw, 750px\" \/><figcaption id=\"caption-attachment-12951\" class=\"wp-caption-text\">\u00a0<\/figcaption><\/figure>\n<figure id=\"attachment_12952\" aria-describedby=\"caption-attachment-12952\" style=\"width: 750px\" class=\"wp-caption alignnone\"><img decoding=\"async\" class=\"size-full wp-image-12952\" src=\"https:\/\/www.alovey.com\/wp-content\/uploads\/2026\/04\/Wholesale-PETG-Cosmetic-Bottle-For-Shower-Gel-80ml-1.jpg\" alt=\"Wholesale PETG Cosmetic Bottle\" width=\"750\" height=\"750\" srcset=\"https:\/\/www.alovey.com\/wp-content\/uploads\/2026\/04\/Wholesale-PETG-Cosmetic-Bottle-For-Shower-Gel-80ml-1.jpg 750w, https:\/\/www.alovey.com\/wp-content\/uploads\/2026\/04\/Wholesale-PETG-Cosmetic-Bottle-For-Shower-Gel-80ml-1-300x300.jpg 300w, https:\/\/www.alovey.com\/wp-content\/uploads\/2026\/04\/Wholesale-PETG-Cosmetic-Bottle-For-Shower-Gel-80ml-1-150x150.jpg 150w, https:\/\/www.alovey.com\/wp-content\/uploads\/2026\/04\/Wholesale-PETG-Cosmetic-Bottle-For-Shower-Gel-80ml-1-12x12.jpg 12w, https:\/\/www.alovey.com\/wp-content\/uploads\/2026\/04\/Wholesale-PETG-Cosmetic-Bottle-For-Shower-Gel-80ml-1-600x600.jpg 600w, https:\/\/www.alovey.com\/wp-content\/uploads\/2026\/04\/Wholesale-PETG-Cosmetic-Bottle-For-Shower-Gel-80ml-1-100x100.jpg 100w\" sizes=\"(max-width: 750px) 100vw, 750px\" \/><figcaption id=\"caption-attachment-12952\" class=\"wp-caption-text\">\u00a0<\/figcaption><\/figure>\n<p>&nbsp;<\/p>\n<p>&nbsp;<\/p>\n<p>&nbsp;<\/p>\n<p>&nbsp;<\/p>\n<p>&nbsp;<\/p>\n<p>&nbsp;<\/p>\n<p>&nbsp;<\/p>\n<p>&nbsp;<\/p>\n<p>&nbsp;<\/p>\n<p>&nbsp;<\/p>\n<p>&nbsp;<\/p>\n<p>&nbsp;<\/p>\n<p>&nbsp;<\/p>\n<p>&nbsp;<\/p>\n<p>&nbsp;<\/p>\n<p>&nbsp;<\/p>\n<p>&nbsp;<\/p>\n<p>&nbsp;<\/p>\n<p>&nbsp;<\/p>\n<p>&nbsp;<\/p>\n<p>&nbsp;<\/p>\n<p>&nbsp;<\/p>\n<p>&nbsp;<\/p>\n<p>&nbsp;<\/p>\n<p>&nbsp;<\/p>\n<p>&nbsp;<\/p>\n<p>&nbsp;<\/p>\n<p>&nbsp;<\/p>\n<p>&nbsp;<\/p>\n<p>&nbsp;<\/p>\n<p>&nbsp;<\/p>\n<p>&nbsp;<\/p>\n<p>&nbsp;<\/p>\n<p>&nbsp;<\/p>\n<p>&nbsp;<\/p>\n<p>&nbsp;<\/p>\n<p>&nbsp;<\/p>\n<p>&nbsp;<\/p>\n<p>&nbsp;<\/p>\n<p>&nbsp;<\/p>\n<p>&nbsp;<\/p>\n<p>&nbsp;<\/p>\n<p>&nbsp;<\/p>\n<p>&nbsp;<\/p>\n<p>&nbsp;<\/p>\n<p>&nbsp;<\/p>\n<p>&nbsp;<\/p>\n<p>&nbsp;<\/p>\n<p>&nbsp;<\/p>\n<p>&nbsp;<\/p>\n<p>&nbsp;<\/p>\n<p>&nbsp;<\/p>\n<p>&nbsp;<\/p>\n<p>&nbsp;<\/p>\n<p>&nbsp;<\/p>\n<p>&nbsp;<\/p>\n<p>&nbsp;<\/p>\n<p>&nbsp;<\/p>\n<p>&nbsp;<\/p>\n<p>&nbsp;<\/p>\n<p>&nbsp;<\/p>\n<p>&nbsp;<\/p>\n<p>&nbsp;<\/p>\n<p>&nbsp;<\/p>\n<p>&nbsp;<\/p>\n<p>&nbsp;<\/p>\n<p>&nbsp;<\/p>\n<p>&nbsp;<\/p>\n<p>&nbsp;<\/p>\n<p>&nbsp;<\/p>\n<p>&nbsp;<\/p>\n<p>&nbsp;<\/p>\n<p>&nbsp;<\/p>\n<p>&nbsp;<\/p>\n<p>&nbsp;<\/p>\n<p>&nbsp;<\/p>\n<p>&nbsp;<\/p>\n<p>&nbsp;<\/p>\n<p>&nbsp;<\/p>\n<p>&nbsp;<\/p>\n<p>&nbsp;<\/p>\n<p>&nbsp;<\/p>\n<p>&nbsp;<\/p>\n<p>&nbsp;<\/p>\n<p>&nbsp;<\/p>\n<p>&nbsp;<\/p>\n<p>&nbsp;<\/p>\n<p>&nbsp;<\/p>\n<p>&nbsp;<\/p>\n<p>&nbsp;<\/p>\n<p>&nbsp;<\/p>\n<p>&nbsp;<\/p>\n<p>&nbsp;<\/p>\n<p>&nbsp;<\/p>\n<p>&nbsp;<\/p>\n<p>&nbsp;<\/p>\n<p>&nbsp;<\/p>\n<p>&nbsp;<\/p>\n<p>&nbsp;<\/p>\n<p>&nbsp;<\/p>\n<p>&nbsp;<\/p>\n<p>&nbsp;<\/p>\n<p>&nbsp;<\/p>\n<p>&nbsp;<\/p>\n<p>&nbsp;<\/p>\n<p>&nbsp;<\/p>\n<p>&nbsp;<\/p>\n<p>&nbsp;<\/p>\n<p>&nbsp;<\/p>\n<p>&nbsp;<\/p>\n<p>&nbsp;<\/p>\n<p>&nbsp;<\/p>","protected":false},"excerpt":{"rendered":"<ul>\n<li>Item No:H045<\/li>\n<li>Material:\u00a0PETG<\/li>\n<li>Capacity: 80ml<\/li>\n<li>Aplicaciones: Productos de belleza<\/li>\n<li>MOQ: 12.000 piezas<\/li>\n<li>Color: Color personalizado<\/li>\n<li>Surfacetreatment: Can be clear, frosted<\/li>\n<li>Nombre de marca: OEM\/ODM<\/li>\n<li>Logotipo: Logotipo del cliente<\/li>\n<li>Capacidad de suministro: 100.000 piezas al mes<\/li>\n<li>Sample:Free is available<\/li>\n<\/ul>\n<p>&nbsp;<\/p>","protected":false},"featured_media":12951,"template":"","meta":{"_acf_changed":false},"product_brand":[],"product_cat":[382],"product_tag":[390],"class_list":{"0":"post-12949","1":"product","2":"type-product","3":"status-publish","4":"has-post-thumbnail","6":"product_cat-wholesale-cosmetic-bottles-containers","7":"product_tag-cosmetic-bottle","9":"first","10":"instock","11":"shipping-taxable","12":"product-type-simple"},"acf":[],"yoast_head":"<!-- This site is optimized with the Yoast SEO plugin v24.1 - https:\/\/yoast.com\/wordpress\/plugins\/seo\/ -->\n<title>Wholesale PET Cosmetic Bottle For Shower Gel 80ml<\/title>\n<meta name=\"description\" content=\"We wholesale PETG Cosmetic Bottle. Our 80ml PETG Cosmetic Bottle is the perfect packaging solution for shower gels, body washes\" \/>\n<meta name=\"robots\" content=\"index, follow, max-snippet:-1, max-image-preview:large, max-video-preview:-1\" \/>\n<link rel=\"canonical\" href=\"https:\/\/www.alovey.com\/es\/producto\/wholesale-pet-cosmetic-bottle-for-shower-gel-80ml\/\" \/>\n<meta property=\"og:locale\" content=\"es_ES\" \/>\n<meta property=\"og:type\" content=\"article\" \/>\n<meta property=\"og:title\" content=\"Wholesale PET Cosmetic Bottle For Shower Gel 80ml\" \/>\n<meta property=\"og:description\" content=\"We wholesale PETG Cosmetic Bottle. Our 80ml PETG Cosmetic Bottle is the perfect packaging solution for shower gels, body washes\" \/>\n<meta property=\"og:url\" content=\"https:\/\/www.alovey.com\/es\/producto\/wholesale-pet-cosmetic-bottle-for-shower-gel-80ml\/\" \/>\n<meta property=\"og:site_name\" content=\"Best Cosmetic Packaging Manufacture\" \/>\n<meta property=\"article:modified_time\" content=\"2026-04-24T03:27:35+00:00\" \/>\n<meta property=\"og:image\" content=\"https:\/\/www.alovey.com\/wp-content\/uploads\/2026\/04\/Wholesale-PETG-Cosmetic-Bottle-For-Shower-Gel-80ml-2.jpg\" \/>\n\t<meta property=\"og:image:width\" content=\"750\" \/>\n\t<meta property=\"og:image:height\" content=\"750\" \/>\n\t<meta property=\"og:image:type\" content=\"image\/jpeg\" \/>\n<meta name=\"twitter:card\" content=\"summary_large_image\" \/>\n<meta name=\"twitter:label1\" content=\"Tiempo de lectura\" \/>\n\t<meta name=\"twitter:data1\" content=\"2 minutos\" \/>\n<script type=\"application\/ld+json\" class=\"yoast-schema-graph\">{\"@context\":\"https:\/\/schema.org\",\"@graph\":[{\"@type\":\"WebPage\",\"@id\":\"https:\/\/www.alovey.com\/product\/wholesale-pet-cosmetic-bottle-for-shower-gel-80ml\/\",\"url\":\"https:\/\/www.alovey.com\/product\/wholesale-pet-cosmetic-bottle-for-shower-gel-80ml\/\",\"name\":\"Wholesale PET Cosmetic Bottle For Shower Gel 80ml\",\"isPartOf\":{\"@id\":\"https:\/\/www.alovey.com\/#website\"},\"primaryImageOfPage\":{\"@id\":\"https:\/\/www.alovey.com\/product\/wholesale-pet-cosmetic-bottle-for-shower-gel-80ml\/#primaryimage\"},\"image\":{\"@id\":\"https:\/\/www.alovey.com\/product\/wholesale-pet-cosmetic-bottle-for-shower-gel-80ml\/#primaryimage\"},\"thumbnailUrl\":\"https:\/\/www.alovey.com\/wp-content\/uploads\/2026\/04\/Wholesale-PETG-Cosmetic-Bottle-For-Shower-Gel-80ml-2.jpg\",\"datePublished\":\"2026-04-24T03:07:23+00:00\",\"dateModified\":\"2026-04-24T03:27:35+00:00\",\"description\":\"We wholesale PETG Cosmetic Bottle. Our 80ml PETG Cosmetic Bottle is the perfect packaging solution for shower gels, body washes\",\"breadcrumb\":{\"@id\":\"https:\/\/www.alovey.com\/product\/wholesale-pet-cosmetic-bottle-for-shower-gel-80ml\/#breadcrumb\"},\"inLanguage\":\"es\",\"potentialAction\":[{\"@type\":\"ReadAction\",\"target\":[\"https:\/\/www.alovey.com\/product\/wholesale-pet-cosmetic-bottle-for-shower-gel-80ml\/\"]}]},{\"@type\":\"ImageObject\",\"inLanguage\":\"es\",\"@id\":\"https:\/\/www.alovey.com\/product\/wholesale-pet-cosmetic-bottle-for-shower-gel-80ml\/#primaryimage\",\"url\":\"https:\/\/www.alovey.com\/wp-content\/uploads\/2026\/04\/Wholesale-PETG-Cosmetic-Bottle-For-Shower-Gel-80ml-2.jpg\",\"contentUrl\":\"https:\/\/www.alovey.com\/wp-content\/uploads\/2026\/04\/Wholesale-PETG-Cosmetic-Bottle-For-Shower-Gel-80ml-2.jpg\",\"width\":750,\"height\":750,\"caption\":\"Wholesale PETG Cosmetic Bottle For Shower Gel 80ml\"},{\"@type\":\"BreadcrumbList\",\"@id\":\"https:\/\/www.alovey.com\/product\/wholesale-pet-cosmetic-bottle-for-shower-gel-80ml\/#breadcrumb\",\"itemListElement\":[{\"@type\":\"ListItem\",\"position\":1,\"name\":\"\u9996\u9875\",\"item\":\"https:\/\/www.alovey.com\/\"},{\"@type\":\"ListItem\",\"position\":2,\"name\":\"Products\",\"item\":\"https:\/\/www.alovey.com\/products\/\"},{\"@type\":\"ListItem\",\"position\":3,\"name\":\"Wholesale PET Cosmetic Bottle For Shower Gel 80ml\"}]},{\"@type\":\"WebSite\",\"@id\":\"https:\/\/www.alovey.com\/#website\",\"url\":\"https:\/\/www.alovey.com\/\",\"name\":\"Best Cosmetic Packaging Manufacture\",\"description\":\"Alovey Cosmetic Packaging Co.,Ltd\",\"publisher\":{\"@id\":\"https:\/\/www.alovey.com\/#organization\"},\"potentialAction\":[{\"@type\":\"SearchAction\",\"target\":{\"@type\":\"EntryPoint\",\"urlTemplate\":\"https:\/\/www.alovey.com\/?s={search_term_string}\"},\"query-input\":{\"@type\":\"PropertyValueSpecification\",\"valueRequired\":true,\"valueName\":\"search_term_string\"}}],\"inLanguage\":\"es\"},{\"@type\":\"Organization\",\"@id\":\"https:\/\/www.alovey.com\/#organization\",\"name\":\"Best Cosmetic Packaging Manufacture\",\"url\":\"https:\/\/www.alovey.com\/\",\"logo\":{\"@type\":\"ImageObject\",\"inLanguage\":\"es\",\"@id\":\"https:\/\/www.alovey.com\/#\/schema\/logo\/image\/\",\"url\":\"https:\/\/www.alovey.com\/wp-content\/uploads\/2023\/03\/logo.png\",\"contentUrl\":\"https:\/\/www.alovey.com\/wp-content\/uploads\/2023\/03\/logo.png\",\"width\":505,\"height\":180,\"caption\":\"Best  Cosmetic Packaging Manufacture\"},\"image\":{\"@id\":\"https:\/\/www.alovey.com\/#\/schema\/logo\/image\/\"}}]}<\/script>\n<!-- \/ Yoast SEO plugin. -->","yoast_head_json":{"title":"Wholesale PET Cosmetic Bottle For Shower Gel 80ml","description":"We wholesale PETG Cosmetic Bottle. Our 80ml PETG Cosmetic Bottle is the perfect packaging solution for shower gels, body washes","robots":{"index":"index","follow":"follow","max-snippet":"max-snippet:-1","max-image-preview":"max-image-preview:large","max-video-preview":"max-video-preview:-1"},"canonical":"https:\/\/www.alovey.com\/es\/producto\/wholesale-pet-cosmetic-bottle-for-shower-gel-80ml\/","og_locale":"es_ES","og_type":"article","og_title":"Wholesale PET Cosmetic Bottle For Shower Gel 80ml","og_description":"We wholesale PETG Cosmetic Bottle. Our 80ml PETG Cosmetic Bottle is the perfect packaging solution for shower gels, body washes","og_url":"https:\/\/www.alovey.com\/es\/producto\/wholesale-pet-cosmetic-bottle-for-shower-gel-80ml\/","og_site_name":"Best Cosmetic Packaging Manufacture","article_modified_time":"2026-04-24T03:27:35+00:00","og_image":[{"width":750,"height":750,"url":"https:\/\/www.alovey.com\/wp-content\/uploads\/2026\/04\/Wholesale-PETG-Cosmetic-Bottle-For-Shower-Gel-80ml-2.jpg","type":"image\/jpeg"}],"twitter_card":"summary_large_image","twitter_misc":{"Tiempo de lectura":"2 minutos"},"schema":{"@context":"https:\/\/schema.org","@graph":[{"@type":"WebPage","@id":"https:\/\/www.alovey.com\/product\/wholesale-pet-cosmetic-bottle-for-shower-gel-80ml\/","url":"https:\/\/www.alovey.com\/product\/wholesale-pet-cosmetic-bottle-for-shower-gel-80ml\/","name":"Wholesale PET Cosmetic Bottle For Shower Gel 80ml","isPartOf":{"@id":"https:\/\/www.alovey.com\/#website"},"primaryImageOfPage":{"@id":"https:\/\/www.alovey.com\/product\/wholesale-pet-cosmetic-bottle-for-shower-gel-80ml\/#primaryimage"},"image":{"@id":"https:\/\/www.alovey.com\/product\/wholesale-pet-cosmetic-bottle-for-shower-gel-80ml\/#primaryimage"},"thumbnailUrl":"https:\/\/www.alovey.com\/wp-content\/uploads\/2026\/04\/Wholesale-PETG-Cosmetic-Bottle-For-Shower-Gel-80ml-2.jpg","datePublished":"2026-04-24T03:07:23+00:00","dateModified":"2026-04-24T03:27:35+00:00","description":"We wholesale PETG Cosmetic Bottle. Our 80ml PETG Cosmetic Bottle is the perfect packaging solution for shower gels, body washes","breadcrumb":{"@id":"https:\/\/www.alovey.com\/product\/wholesale-pet-cosmetic-bottle-for-shower-gel-80ml\/#breadcrumb"},"inLanguage":"es","potentialAction":[{"@type":"ReadAction","target":["https:\/\/www.alovey.com\/product\/wholesale-pet-cosmetic-bottle-for-shower-gel-80ml\/"]}]},{"@type":"ImageObject","inLanguage":"es","@id":"https:\/\/www.alovey.com\/product\/wholesale-pet-cosmetic-bottle-for-shower-gel-80ml\/#primaryimage","url":"https:\/\/www.alovey.com\/wp-content\/uploads\/2026\/04\/Wholesale-PETG-Cosmetic-Bottle-For-Shower-Gel-80ml-2.jpg","contentUrl":"https:\/\/www.alovey.com\/wp-content\/uploads\/2026\/04\/Wholesale-PETG-Cosmetic-Bottle-For-Shower-Gel-80ml-2.jpg","width":750,"height":750,"caption":"Wholesale PETG Cosmetic Bottle For Shower Gel 80ml"},{"@type":"BreadcrumbList","@id":"https:\/\/www.alovey.com\/product\/wholesale-pet-cosmetic-bottle-for-shower-gel-80ml\/#breadcrumb","itemListElement":[{"@type":"ListItem","position":1,"name":"\u9996\u9875","item":"https:\/\/www.alovey.com\/"},{"@type":"ListItem","position":2,"name":"Products","item":"https:\/\/www.alovey.com\/products\/"},{"@type":"ListItem","position":3,"name":"Wholesale PET Cosmetic Bottle For Shower Gel 80ml"}]},{"@type":"WebSite","@id":"https:\/\/www.alovey.com\/#website","url":"https:\/\/www.alovey.com\/","name":"Best Cosmetic Packaging Manufacture","description":"Alovey Cosmetic Packaging S.L.","publisher":{"@id":"https:\/\/www.alovey.com\/#organization"},"potentialAction":[{"@type":"SearchAction","target":{"@type":"EntryPoint","urlTemplate":"https:\/\/www.alovey.com\/?s={search_term_string}"},"query-input":{"@type":"PropertyValueSpecification","valueRequired":true,"valueName":"search_term_string"}}],"inLanguage":"es"},{"@type":"Organization","@id":"https:\/\/www.alovey.com\/#organization","name":"Best Cosmetic Packaging Manufacture","url":"https:\/\/www.alovey.com\/","logo":{"@type":"ImageObject","inLanguage":"es","@id":"https:\/\/www.alovey.com\/#\/schema\/logo\/image\/","url":"https:\/\/www.alovey.com\/wp-content\/uploads\/2023\/03\/logo.png","contentUrl":"https:\/\/www.alovey.com\/wp-content\/uploads\/2023\/03\/logo.png","width":505,"height":180,"caption":"Best  Cosmetic Packaging Manufacture"},"image":{"@id":"https:\/\/www.alovey.com\/#\/schema\/logo\/image\/"}}]}},"_links":{"self":[{"href":"https:\/\/www.alovey.com\/es\/wp-json\/wp\/v2\/product\/12949"}],"collection":[{"href":"https:\/\/www.alovey.com\/es\/wp-json\/wp\/v2\/product"}],"about":[{"href":"https:\/\/www.alovey.com\/es\/wp-json\/wp\/v2\/types\/product"}],"wp:featuredmedia":[{"embeddable":true,"href":"https:\/\/www.alovey.com\/es\/wp-json\/wp\/v2\/media\/12951"}],"wp:attachment":[{"href":"https:\/\/www.alovey.com\/es\/wp-json\/wp\/v2\/media?parent=12949"}],"wp:term":[{"taxonomy":"product_brand","embeddable":true,"href":"https:\/\/www.alovey.com\/es\/wp-json\/wp\/v2\/product_brand?post=12949"},{"taxonomy":"product_cat","embeddable":true,"href":"https:\/\/www.alovey.com\/es\/wp-json\/wp\/v2\/product_cat?post=12949"},{"taxonomy":"product_tag","embeddable":true,"href":"https:\/\/www.alovey.com\/es\/wp-json\/wp\/v2\/product_tag?post=12949"}],"curies":[{"name":"wp","href":"https:\/\/api.w.org\/{rel}","templated":true}]}}