{"id":12945,"date":"2026-04-22T08:18:14","date_gmt":"2026-04-22T08:18:14","guid":{"rendered":"https:\/\/www.alovey.com\/?post_type=product&#038;p=12945"},"modified":"2026-04-24T03:51:04","modified_gmt":"2026-04-24T03:51:04","slug":"bottle-manufacturer-round-pet-facial-serum-bottle-with-flip-top-cap","status":"publish","type":"product","link":"https:\/\/www.alovey.com\/es\/producto\/bottle-manufacturer-round-pet-facial-serum-bottle-with-flip-top-cap\/","title":{"rendered":"Bottle Manufacturer Round PET  Facial Serum Bottle With Flip Top Cap"},"content":{"rendered":"<p><strong>Our\u00a0facial serum bottle\u00a0is the ideal packaging solution for high-end skincare products.<\/strong><\/p>\n<p><strong>Designed with a sleek, round shape and made from durable, transparent PET plastic, this bottle ensures product visibility while maintaining a premium look.<\/strong><\/p>\n<p><strong>The flip-top cap\u00a0offers convenient dispensing, making it easy for customers to apply the perfect amount of serum every time.<\/strong><\/p>\n<ul>\n<li><strong>Material: High-quality, durable PETG plastic<\/strong><\/li>\n<li><strong>Design: Round bottle with clear visibility for the product<\/strong><\/li>\n<li><strong>Cap: Flip-top cap for easy dispensing and mess-free use<\/strong><\/li>\n<li><strong>Capacity: Customizable (please inquire about volume options)<\/strong><\/li>\n<li><strong>Perfect for: Facial serums, oils, and other skincare products<\/strong><\/li>\n<li><strong>Customization: Available for branding, colors, or logo printing<\/strong><\/li>\n<\/ul>\n<p><strong>This packaging is designed to enhance your product&#8217;s appeal while offering functional convenience for skincare enthusiasts.<\/strong><\/p>\n<p><strong>Alovey, como fabricante profesional chino de envases para cosm\u00e9ticos, produce una exquisita gama de envases personalizados para cosm\u00e9ticos, meticulosamente elaborados para elevar su marca. Nuestra variada selecci\u00f3n de materiales de primera calidad, combinada con delicadas t\u00e9cnicas de acabado superficial como la serigraf\u00eda, la estampaci\u00f3n en caliente y la pulverizaci\u00f3n mate, garantiza que cada envase sea una obra maestra \u00fanica.<\/strong><\/p>\n<p><img fetchpriority=\"high\" decoding=\"async\" class=\"size-full wp-image-12946\" src=\"https:\/\/www.alovey.com\/wp-content\/uploads\/2026\/04\/Bottle-Manufacturer-Round-PETG-Facial-Serum-Bottle-With-Flip-Top-Cap-3.jpg\" alt=\"Facial Serum Bottle\" width=\"750\" height=\"750\" srcset=\"https:\/\/www.alovey.com\/wp-content\/uploads\/2026\/04\/Bottle-Manufacturer-Round-PETG-Facial-Serum-Bottle-With-Flip-Top-Cap-3.jpg 750w, https:\/\/www.alovey.com\/wp-content\/uploads\/2026\/04\/Bottle-Manufacturer-Round-PETG-Facial-Serum-Bottle-With-Flip-Top-Cap-3-300x300.jpg 300w, https:\/\/www.alovey.com\/wp-content\/uploads\/2026\/04\/Bottle-Manufacturer-Round-PETG-Facial-Serum-Bottle-With-Flip-Top-Cap-3-150x150.jpg 150w, https:\/\/www.alovey.com\/wp-content\/uploads\/2026\/04\/Bottle-Manufacturer-Round-PETG-Facial-Serum-Bottle-With-Flip-Top-Cap-3-12x12.jpg 12w, https:\/\/www.alovey.com\/wp-content\/uploads\/2026\/04\/Bottle-Manufacturer-Round-PETG-Facial-Serum-Bottle-With-Flip-Top-Cap-3-600x600.jpg 600w, https:\/\/www.alovey.com\/wp-content\/uploads\/2026\/04\/Bottle-Manufacturer-Round-PETG-Facial-Serum-Bottle-With-Flip-Top-Cap-3-100x100.jpg 100w\" sizes=\"(max-width: 750px) 100vw, 750px\" \/><\/p>\n<p><img decoding=\"async\" class=\"size-full wp-image-12947\" src=\"https:\/\/www.alovey.com\/wp-content\/uploads\/2026\/04\/Bottle-Manufacturer-Round-PETG-Facial-Serum-Bottle-With-Flip-Top-Cap-1.jpg\" alt=\"Facial Serum Bottle\" width=\"750\" height=\"750\" srcset=\"https:\/\/www.alovey.com\/wp-content\/uploads\/2026\/04\/Bottle-Manufacturer-Round-PETG-Facial-Serum-Bottle-With-Flip-Top-Cap-1.jpg 750w, https:\/\/www.alovey.com\/wp-content\/uploads\/2026\/04\/Bottle-Manufacturer-Round-PETG-Facial-Serum-Bottle-With-Flip-Top-Cap-1-300x300.jpg 300w, https:\/\/www.alovey.com\/wp-content\/uploads\/2026\/04\/Bottle-Manufacturer-Round-PETG-Facial-Serum-Bottle-With-Flip-Top-Cap-1-150x150.jpg 150w, https:\/\/www.alovey.com\/wp-content\/uploads\/2026\/04\/Bottle-Manufacturer-Round-PETG-Facial-Serum-Bottle-With-Flip-Top-Cap-1-12x12.jpg 12w, https:\/\/www.alovey.com\/wp-content\/uploads\/2026\/04\/Bottle-Manufacturer-Round-PETG-Facial-Serum-Bottle-With-Flip-Top-Cap-1-600x600.jpg 600w, https:\/\/www.alovey.com\/wp-content\/uploads\/2026\/04\/Bottle-Manufacturer-Round-PETG-Facial-Serum-Bottle-With-Flip-Top-Cap-1-100x100.jpg 100w\" sizes=\"(max-width: 750px) 100vw, 750px\" \/><\/p>\n<p><img decoding=\"async\" class=\"size-full wp-image-12948\" src=\"https:\/\/www.alovey.com\/wp-content\/uploads\/2026\/04\/Bottle-Manufacturer-Round-PETG-Facial-Serum-Bottle-With-Flip-Top-Cap-2.jpg\" alt=\"Facial Serum Bottle\" width=\"750\" height=\"750\" srcset=\"https:\/\/www.alovey.com\/wp-content\/uploads\/2026\/04\/Bottle-Manufacturer-Round-PETG-Facial-Serum-Bottle-With-Flip-Top-Cap-2.jpg 750w, https:\/\/www.alovey.com\/wp-content\/uploads\/2026\/04\/Bottle-Manufacturer-Round-PETG-Facial-Serum-Bottle-With-Flip-Top-Cap-2-300x300.jpg 300w, https:\/\/www.alovey.com\/wp-content\/uploads\/2026\/04\/Bottle-Manufacturer-Round-PETG-Facial-Serum-Bottle-With-Flip-Top-Cap-2-150x150.jpg 150w, https:\/\/www.alovey.com\/wp-content\/uploads\/2026\/04\/Bottle-Manufacturer-Round-PETG-Facial-Serum-Bottle-With-Flip-Top-Cap-2-12x12.jpg 12w, https:\/\/www.alovey.com\/wp-content\/uploads\/2026\/04\/Bottle-Manufacturer-Round-PETG-Facial-Serum-Bottle-With-Flip-Top-Cap-2-600x600.jpg 600w, https:\/\/www.alovey.com\/wp-content\/uploads\/2026\/04\/Bottle-Manufacturer-Round-PETG-Facial-Serum-Bottle-With-Flip-Top-Cap-2-100x100.jpg 100w\" sizes=\"(max-width: 750px) 100vw, 750px\" \/><\/p>\n<p>&nbsp;<\/p>\n<p>&nbsp;<\/p>\n<p>&nbsp;<\/p>\n<p>&nbsp;<\/p>\n<p>&nbsp;<\/p>\n<p>&nbsp;<\/p>\n<p>&nbsp;<\/p>\n<p>&nbsp;<\/p>\n<p>&nbsp;<\/p>\n<p>&nbsp;<\/p>\n<p>&nbsp;<\/p>\n<p>&nbsp;<\/p>\n<p>&nbsp;<\/p>\n<p>&nbsp;<\/p>\n<p>&nbsp;<\/p>\n<p>&nbsp;<\/p>\n<p>&nbsp;<\/p>\n<p>&nbsp;<\/p>\n<p>&nbsp;<\/p>\n<p>&nbsp;<\/p>\n<p>&nbsp;<\/p>\n<p>&nbsp;<\/p>\n<p>&nbsp;<\/p>\n<p>&nbsp;<\/p>\n<p>&nbsp;<\/p>\n<p>&nbsp;<\/p>\n<p>&nbsp;<\/p>\n<p>&nbsp;<\/p>\n<p>&nbsp;<\/p>\n<p>&nbsp;<\/p>\n<p>&nbsp;<\/p>\n<p>&nbsp;<\/p>\n<p>&nbsp;<\/p>\n<p>&nbsp;<\/p>\n<p>&nbsp;<\/p>\n<p>&nbsp;<\/p>\n<p>&nbsp;<\/p>\n<p>&nbsp;<\/p>\n<p>&nbsp;<\/p>\n<p>&nbsp;<\/p>\n<p>&nbsp;<\/p>\n<p>&nbsp;<\/p>\n<p>&nbsp;<\/p>\n<p>&nbsp;<\/p>\n<p>&nbsp;<\/p>\n<p>&nbsp;<\/p>\n<p>&nbsp;<\/p>\n<p>&nbsp;<\/p>\n<p>&nbsp;<\/p>\n<p>&nbsp;<\/p>\n<p>&nbsp;<\/p>\n<p>&nbsp;<\/p>\n<p>&nbsp;<\/p>\n<p>&nbsp;<\/p>\n<p>&nbsp;<\/p>\n<p>&nbsp;<\/p>\n<p>&nbsp;<\/p>\n<p>&nbsp;<\/p>\n<p>&nbsp;<\/p>\n<p>&nbsp;<\/p>\n<p>&nbsp;<\/p>\n<p>&nbsp;<\/p>\n<p>&nbsp;<\/p>\n<p>&nbsp;<\/p>\n<p>&nbsp;<\/p>\n<p>&nbsp;<\/p>\n<p>&nbsp;<\/p>\n<p>&nbsp;<\/p>\n<p>&nbsp;<\/p>\n<p>&nbsp;<\/p>\n<p>&nbsp;<\/p>\n<p>&nbsp;<\/p>\n<p>&nbsp;<\/p>\n<p>&nbsp;<\/p>\n<p>&nbsp;<\/p>\n<p>&nbsp;<\/p>\n<p>&nbsp;<\/p>\n<p>&nbsp;<\/p>\n<p>&nbsp;<\/p>\n<p>&nbsp;<\/p>\n<p>&nbsp;<\/p>\n<p>&nbsp;<\/p>\n<p>&nbsp;<\/p>\n<p>&nbsp;<\/p>\n<p>&nbsp;<\/p>\n<p>&nbsp;<\/p>\n<p>&nbsp;<\/p>\n<p>&nbsp;<\/p>\n<p>&nbsp;<\/p>\n<p>&nbsp;<\/p>\n<p>&nbsp;<\/p>\n<p>&nbsp;<\/p>\n<p>&nbsp;<\/p>\n<p>&nbsp;<\/p>\n<p>&nbsp;<\/p>\n<p>&nbsp;<\/p>\n<p>&nbsp;<\/p>\n<p>&nbsp;<\/p>\n<p>&nbsp;<\/p>\n<p>&nbsp;<\/p>\n<p>&nbsp;<\/p>\n<p>&nbsp;<\/p>\n<p>&nbsp;<\/p>\n<p>&nbsp;<\/p>\n<p>&nbsp;<\/p>\n<p>&nbsp;<\/p>\n<p>&nbsp;<\/p>\n<p>&nbsp;<\/p>\n<p>&nbsp;<\/p>\n<p>&nbsp;<\/p>\n<p>&nbsp;<\/p>\n<p>&nbsp;<\/p>","protected":false},"excerpt":{"rendered":"<ul>\n<li>Item No:H044<\/li>\n<li>Material:\u00a0PETG<\/li>\n<li>Capacity: 65ml<\/li>\n<li>Aplicaciones: Productos de belleza<\/li>\n<li>MOQ: 12.000 piezas<\/li>\n<li>Color: Color personalizado<\/li>\n<li>Surfacetreatment: Can be clear, frosted<\/li>\n<li>Nombre de marca: OEM\/ODM<\/li>\n<li>Logotipo: Logotipo del cliente<\/li>\n<li>Capacidad de suministro: 100.000 piezas al mes<\/li>\n<li>Sample:Free is available<\/li>\n<\/ul>","protected":false},"featured_media":12947,"template":"","meta":{"_acf_changed":false},"product_brand":[],"product_cat":[382],"product_tag":[390],"class_list":{"0":"post-12945","1":"product","2":"type-product","3":"status-publish","4":"has-post-thumbnail","6":"product_cat-wholesale-cosmetic-bottles-containers","7":"product_tag-cosmetic-bottle","9":"first","10":"instock","11":"shipping-taxable","12":"product-type-simple"},"acf":[],"yoast_head":"<!-- This site is optimized with the Yoast SEO plugin v24.1 - https:\/\/yoast.com\/wordpress\/plugins\/seo\/ -->\n<title>bottle-manufacturer-round-pet-facial-serum-bottle-with-flip-top-cap<\/title>\n<meta name=\"description\" content=\"Our facial serum bottle is the ideal packaging solution for high-end skincare products. This bottle ensures product visibility\" \/>\n<meta name=\"robots\" content=\"index, follow, max-snippet:-1, max-image-preview:large, max-video-preview:-1\" \/>\n<link rel=\"canonical\" href=\"https:\/\/www.alovey.com\/es\/producto\/bottle-manufacturer-round-pet-facial-serum-bottle-with-flip-top-cap\/\" \/>\n<meta property=\"og:locale\" content=\"es_ES\" \/>\n<meta property=\"og:type\" content=\"article\" \/>\n<meta property=\"og:title\" content=\"bottle-manufacturer-round-pet-facial-serum-bottle-with-flip-top-cap\" \/>\n<meta property=\"og:description\" content=\"Our facial serum bottle is the ideal packaging solution for high-end skincare products. This bottle ensures product visibility\" \/>\n<meta property=\"og:url\" content=\"https:\/\/www.alovey.com\/es\/producto\/bottle-manufacturer-round-pet-facial-serum-bottle-with-flip-top-cap\/\" \/>\n<meta property=\"og:site_name\" content=\"Best Cosmetic Packaging Manufacture\" \/>\n<meta property=\"article:modified_time\" content=\"2026-04-24T03:51:04+00:00\" \/>\n<meta property=\"og:image\" content=\"https:\/\/www.alovey.com\/wp-content\/uploads\/2026\/04\/Bottle-Manufacturer-Round-PETG-Facial-Serum-Bottle-With-Flip-Top-Cap-1.jpg\" \/>\n\t<meta property=\"og:image:width\" content=\"750\" \/>\n\t<meta property=\"og:image:height\" content=\"750\" \/>\n\t<meta property=\"og:image:type\" content=\"image\/jpeg\" \/>\n<meta name=\"twitter:card\" content=\"summary_large_image\" \/>\n<meta name=\"twitter:label1\" content=\"Tiempo de lectura\" \/>\n\t<meta name=\"twitter:data1\" content=\"2 minutos\" \/>\n<script type=\"application\/ld+json\" class=\"yoast-schema-graph\">{\"@context\":\"https:\/\/schema.org\",\"@graph\":[{\"@type\":\"WebPage\",\"@id\":\"https:\/\/www.alovey.com\/product\/bottle-manufacturer-round-pet-facial-serum-bottle-with-flip-top-cap\/\",\"url\":\"https:\/\/www.alovey.com\/product\/bottle-manufacturer-round-pet-facial-serum-bottle-with-flip-top-cap\/\",\"name\":\"bottle-manufacturer-round-pet-facial-serum-bottle-with-flip-top-cap\",\"isPartOf\":{\"@id\":\"https:\/\/www.alovey.com\/#website\"},\"primaryImageOfPage\":{\"@id\":\"https:\/\/www.alovey.com\/product\/bottle-manufacturer-round-pet-facial-serum-bottle-with-flip-top-cap\/#primaryimage\"},\"image\":{\"@id\":\"https:\/\/www.alovey.com\/product\/bottle-manufacturer-round-pet-facial-serum-bottle-with-flip-top-cap\/#primaryimage\"},\"thumbnailUrl\":\"https:\/\/www.alovey.com\/wp-content\/uploads\/2026\/04\/Bottle-Manufacturer-Round-PETG-Facial-Serum-Bottle-With-Flip-Top-Cap-1.jpg\",\"datePublished\":\"2026-04-22T08:18:14+00:00\",\"dateModified\":\"2026-04-24T03:51:04+00:00\",\"description\":\"Our facial serum bottle is the ideal packaging solution for high-end skincare products. This bottle ensures product visibility\",\"breadcrumb\":{\"@id\":\"https:\/\/www.alovey.com\/product\/bottle-manufacturer-round-pet-facial-serum-bottle-with-flip-top-cap\/#breadcrumb\"},\"inLanguage\":\"es\",\"potentialAction\":[{\"@type\":\"ReadAction\",\"target\":[\"https:\/\/www.alovey.com\/product\/bottle-manufacturer-round-pet-facial-serum-bottle-with-flip-top-cap\/\"]}]},{\"@type\":\"ImageObject\",\"inLanguage\":\"es\",\"@id\":\"https:\/\/www.alovey.com\/product\/bottle-manufacturer-round-pet-facial-serum-bottle-with-flip-top-cap\/#primaryimage\",\"url\":\"https:\/\/www.alovey.com\/wp-content\/uploads\/2026\/04\/Bottle-Manufacturer-Round-PETG-Facial-Serum-Bottle-With-Flip-Top-Cap-1.jpg\",\"contentUrl\":\"https:\/\/www.alovey.com\/wp-content\/uploads\/2026\/04\/Bottle-Manufacturer-Round-PETG-Facial-Serum-Bottle-With-Flip-Top-Cap-1.jpg\",\"width\":750,\"height\":750,\"caption\":\"Bottle Manufacturer Round PETG Facial Serum Bottle With Flip Top Cap\"},{\"@type\":\"BreadcrumbList\",\"@id\":\"https:\/\/www.alovey.com\/product\/bottle-manufacturer-round-pet-facial-serum-bottle-with-flip-top-cap\/#breadcrumb\",\"itemListElement\":[{\"@type\":\"ListItem\",\"position\":1,\"name\":\"\u9996\u9875\",\"item\":\"https:\/\/www.alovey.com\/\"},{\"@type\":\"ListItem\",\"position\":2,\"name\":\"Products\",\"item\":\"https:\/\/www.alovey.com\/products\/\"},{\"@type\":\"ListItem\",\"position\":3,\"name\":\"Bottle Manufacturer Round PET Facial Serum Bottle With Flip Top Cap\"}]},{\"@type\":\"WebSite\",\"@id\":\"https:\/\/www.alovey.com\/#website\",\"url\":\"https:\/\/www.alovey.com\/\",\"name\":\"Best Cosmetic Packaging Manufacture\",\"description\":\"Alovey Cosmetic Packaging Co.,Ltd\",\"publisher\":{\"@id\":\"https:\/\/www.alovey.com\/#organization\"},\"potentialAction\":[{\"@type\":\"SearchAction\",\"target\":{\"@type\":\"EntryPoint\",\"urlTemplate\":\"https:\/\/www.alovey.com\/?s={search_term_string}\"},\"query-input\":{\"@type\":\"PropertyValueSpecification\",\"valueRequired\":true,\"valueName\":\"search_term_string\"}}],\"inLanguage\":\"es\"},{\"@type\":\"Organization\",\"@id\":\"https:\/\/www.alovey.com\/#organization\",\"name\":\"Best Cosmetic Packaging Manufacture\",\"url\":\"https:\/\/www.alovey.com\/\",\"logo\":{\"@type\":\"ImageObject\",\"inLanguage\":\"es\",\"@id\":\"https:\/\/www.alovey.com\/#\/schema\/logo\/image\/\",\"url\":\"https:\/\/www.alovey.com\/wp-content\/uploads\/2023\/03\/logo.png\",\"contentUrl\":\"https:\/\/www.alovey.com\/wp-content\/uploads\/2023\/03\/logo.png\",\"width\":505,\"height\":180,\"caption\":\"Best  Cosmetic Packaging Manufacture\"},\"image\":{\"@id\":\"https:\/\/www.alovey.com\/#\/schema\/logo\/image\/\"}}]}<\/script>\n<!-- \/ Yoast SEO plugin. -->","yoast_head_json":{"title":"bottle-manufacturer-round-pet-facial-serum-bottle-with-flip-top-cap","description":"Our facial serum bottle is the ideal packaging solution for high-end skincare products. This bottle ensures product visibility","robots":{"index":"index","follow":"follow","max-snippet":"max-snippet:-1","max-image-preview":"max-image-preview:large","max-video-preview":"max-video-preview:-1"},"canonical":"https:\/\/www.alovey.com\/es\/producto\/bottle-manufacturer-round-pet-facial-serum-bottle-with-flip-top-cap\/","og_locale":"es_ES","og_type":"article","og_title":"bottle-manufacturer-round-pet-facial-serum-bottle-with-flip-top-cap","og_description":"Our facial serum bottle is the ideal packaging solution for high-end skincare products. This bottle ensures product visibility","og_url":"https:\/\/www.alovey.com\/es\/producto\/bottle-manufacturer-round-pet-facial-serum-bottle-with-flip-top-cap\/","og_site_name":"Best Cosmetic Packaging Manufacture","article_modified_time":"2026-04-24T03:51:04+00:00","og_image":[{"width":750,"height":750,"url":"https:\/\/www.alovey.com\/wp-content\/uploads\/2026\/04\/Bottle-Manufacturer-Round-PETG-Facial-Serum-Bottle-With-Flip-Top-Cap-1.jpg","type":"image\/jpeg"}],"twitter_card":"summary_large_image","twitter_misc":{"Tiempo de lectura":"2 minutos"},"schema":{"@context":"https:\/\/schema.org","@graph":[{"@type":"WebPage","@id":"https:\/\/www.alovey.com\/product\/bottle-manufacturer-round-pet-facial-serum-bottle-with-flip-top-cap\/","url":"https:\/\/www.alovey.com\/product\/bottle-manufacturer-round-pet-facial-serum-bottle-with-flip-top-cap\/","name":"bottle-manufacturer-round-pet-facial-serum-bottle-with-flip-top-cap","isPartOf":{"@id":"https:\/\/www.alovey.com\/#website"},"primaryImageOfPage":{"@id":"https:\/\/www.alovey.com\/product\/bottle-manufacturer-round-pet-facial-serum-bottle-with-flip-top-cap\/#primaryimage"},"image":{"@id":"https:\/\/www.alovey.com\/product\/bottle-manufacturer-round-pet-facial-serum-bottle-with-flip-top-cap\/#primaryimage"},"thumbnailUrl":"https:\/\/www.alovey.com\/wp-content\/uploads\/2026\/04\/Bottle-Manufacturer-Round-PETG-Facial-Serum-Bottle-With-Flip-Top-Cap-1.jpg","datePublished":"2026-04-22T08:18:14+00:00","dateModified":"2026-04-24T03:51:04+00:00","description":"Our facial serum bottle is the ideal packaging solution for high-end skincare products. This bottle ensures product visibility","breadcrumb":{"@id":"https:\/\/www.alovey.com\/product\/bottle-manufacturer-round-pet-facial-serum-bottle-with-flip-top-cap\/#breadcrumb"},"inLanguage":"es","potentialAction":[{"@type":"ReadAction","target":["https:\/\/www.alovey.com\/product\/bottle-manufacturer-round-pet-facial-serum-bottle-with-flip-top-cap\/"]}]},{"@type":"ImageObject","inLanguage":"es","@id":"https:\/\/www.alovey.com\/product\/bottle-manufacturer-round-pet-facial-serum-bottle-with-flip-top-cap\/#primaryimage","url":"https:\/\/www.alovey.com\/wp-content\/uploads\/2026\/04\/Bottle-Manufacturer-Round-PETG-Facial-Serum-Bottle-With-Flip-Top-Cap-1.jpg","contentUrl":"https:\/\/www.alovey.com\/wp-content\/uploads\/2026\/04\/Bottle-Manufacturer-Round-PETG-Facial-Serum-Bottle-With-Flip-Top-Cap-1.jpg","width":750,"height":750,"caption":"Bottle Manufacturer Round PETG Facial Serum Bottle With Flip Top Cap"},{"@type":"BreadcrumbList","@id":"https:\/\/www.alovey.com\/product\/bottle-manufacturer-round-pet-facial-serum-bottle-with-flip-top-cap\/#breadcrumb","itemListElement":[{"@type":"ListItem","position":1,"name":"\u9996\u9875","item":"https:\/\/www.alovey.com\/"},{"@type":"ListItem","position":2,"name":"Products","item":"https:\/\/www.alovey.com\/products\/"},{"@type":"ListItem","position":3,"name":"Bottle Manufacturer Round PET Facial Serum Bottle With Flip Top Cap"}]},{"@type":"WebSite","@id":"https:\/\/www.alovey.com\/#website","url":"https:\/\/www.alovey.com\/","name":"Best Cosmetic Packaging Manufacture","description":"Alovey Cosmetic Packaging S.L.","publisher":{"@id":"https:\/\/www.alovey.com\/#organization"},"potentialAction":[{"@type":"SearchAction","target":{"@type":"EntryPoint","urlTemplate":"https:\/\/www.alovey.com\/?s={search_term_string}"},"query-input":{"@type":"PropertyValueSpecification","valueRequired":true,"valueName":"search_term_string"}}],"inLanguage":"es"},{"@type":"Organization","@id":"https:\/\/www.alovey.com\/#organization","name":"Best Cosmetic Packaging Manufacture","url":"https:\/\/www.alovey.com\/","logo":{"@type":"ImageObject","inLanguage":"es","@id":"https:\/\/www.alovey.com\/#\/schema\/logo\/image\/","url":"https:\/\/www.alovey.com\/wp-content\/uploads\/2023\/03\/logo.png","contentUrl":"https:\/\/www.alovey.com\/wp-content\/uploads\/2023\/03\/logo.png","width":505,"height":180,"caption":"Best  Cosmetic Packaging Manufacture"},"image":{"@id":"https:\/\/www.alovey.com\/#\/schema\/logo\/image\/"}}]}},"_links":{"self":[{"href":"https:\/\/www.alovey.com\/es\/wp-json\/wp\/v2\/product\/12945"}],"collection":[{"href":"https:\/\/www.alovey.com\/es\/wp-json\/wp\/v2\/product"}],"about":[{"href":"https:\/\/www.alovey.com\/es\/wp-json\/wp\/v2\/types\/product"}],"wp:featuredmedia":[{"embeddable":true,"href":"https:\/\/www.alovey.com\/es\/wp-json\/wp\/v2\/media\/12947"}],"wp:attachment":[{"href":"https:\/\/www.alovey.com\/es\/wp-json\/wp\/v2\/media?parent=12945"}],"wp:term":[{"taxonomy":"product_brand","embeddable":true,"href":"https:\/\/www.alovey.com\/es\/wp-json\/wp\/v2\/product_brand?post=12945"},{"taxonomy":"product_cat","embeddable":true,"href":"https:\/\/www.alovey.com\/es\/wp-json\/wp\/v2\/product_cat?post=12945"},{"taxonomy":"product_tag","embeddable":true,"href":"https:\/\/www.alovey.com\/es\/wp-json\/wp\/v2\/product_tag?post=12945"}],"curies":[{"name":"wp","href":"https:\/\/api.w.org\/{rel}","templated":true}]}}