{"id":12868,"date":"2026-04-14T09:10:35","date_gmt":"2026-04-14T09:10:35","guid":{"rendered":"https:\/\/www.alovey.com\/?post_type=product&#038;p=12868"},"modified":"2026-04-14T09:19:05","modified_gmt":"2026-04-14T09:19:05","slug":"rectangle-empty-blush-compact-powder-case-with-mirror","status":"publish","type":"product","link":"https:\/\/www.alovey.com\/es\/producto\/rectangle-empty-blush-compact-powder-case-with-mirror\/","title":{"rendered":"Rectangle Empty Blush Compact Powder Case With Mirror"},"content":{"rendered":"<p><strong>This empty blush compact case is elegant \u00a0and with rectangular\u00a0shape,it is \u00a0\u00a0designed for convenience and style.<\/strong><\/p>\n<p><strong>Equipped with a built-in mirror, it provides a practical and compact solution for storing blush, powder, or other cosmetic products.<\/strong><\/p>\n<p><strong>The sleek, durable design ensures ease of use, while the mirror allows for quick touch-ups on the go.<\/strong><\/p>\n<p><strong>\u00a0Ideal for both personal use and branding opportunities, this empty compact case can be customized to meet your packaging needs and enhance your product\u2019s presentation.<\/strong><\/p>\n<p><strong>Alovey, como fabricante profesional chino de envases para cosm\u00e9ticos, produce una exquisita gama de envases personalizados para cosm\u00e9ticos, meticulosamente elaborados para elevar su marca. Nuestra variada selecci\u00f3n de materiales de primera calidad, combinada con delicadas t\u00e9cnicas de acabado superficial como la serigraf\u00eda, la estampaci\u00f3n en caliente y la pulverizaci\u00f3n mate, garantiza que cada envase sea una obra maestra \u00fanica.<\/strong><\/p>\n<p><img fetchpriority=\"high\" decoding=\"async\" class=\"size-full wp-image-12874\" src=\"https:\/\/www.alovey.com\/wp-content\/uploads\/2026\/04\/Rectangle-Empty-Blush-Compact-Powder-Case-With-Mirror-1.jpg\" alt=\"empty blush compact powder case\" width=\"750\" height=\"750\" srcset=\"https:\/\/www.alovey.com\/wp-content\/uploads\/2026\/04\/Rectangle-Empty-Blush-Compact-Powder-Case-With-Mirror-1.jpg 750w, https:\/\/www.alovey.com\/wp-content\/uploads\/2026\/04\/Rectangle-Empty-Blush-Compact-Powder-Case-With-Mirror-1-300x300.jpg 300w, https:\/\/www.alovey.com\/wp-content\/uploads\/2026\/04\/Rectangle-Empty-Blush-Compact-Powder-Case-With-Mirror-1-150x150.jpg 150w, https:\/\/www.alovey.com\/wp-content\/uploads\/2026\/04\/Rectangle-Empty-Blush-Compact-Powder-Case-With-Mirror-1-12x12.jpg 12w, https:\/\/www.alovey.com\/wp-content\/uploads\/2026\/04\/Rectangle-Empty-Blush-Compact-Powder-Case-With-Mirror-1-600x600.jpg 600w, https:\/\/www.alovey.com\/wp-content\/uploads\/2026\/04\/Rectangle-Empty-Blush-Compact-Powder-Case-With-Mirror-1-100x100.jpg 100w\" sizes=\"(max-width: 750px) 100vw, 750px\" \/><\/p>\n<p><img decoding=\"async\" class=\"size-full wp-image-12872\" src=\"https:\/\/www.alovey.com\/wp-content\/uploads\/2026\/04\/Rectangle-Empty-Blush-Compact-Powder-Case-With-Mirror-6.jpg\" alt=\"empty blush compact powder case\" width=\"750\" height=\"750\" srcset=\"https:\/\/www.alovey.com\/wp-content\/uploads\/2026\/04\/Rectangle-Empty-Blush-Compact-Powder-Case-With-Mirror-6.jpg 750w, https:\/\/www.alovey.com\/wp-content\/uploads\/2026\/04\/Rectangle-Empty-Blush-Compact-Powder-Case-With-Mirror-6-300x300.jpg 300w, https:\/\/www.alovey.com\/wp-content\/uploads\/2026\/04\/Rectangle-Empty-Blush-Compact-Powder-Case-With-Mirror-6-150x150.jpg 150w, https:\/\/www.alovey.com\/wp-content\/uploads\/2026\/04\/Rectangle-Empty-Blush-Compact-Powder-Case-With-Mirror-6-12x12.jpg 12w, https:\/\/www.alovey.com\/wp-content\/uploads\/2026\/04\/Rectangle-Empty-Blush-Compact-Powder-Case-With-Mirror-6-600x600.jpg 600w, https:\/\/www.alovey.com\/wp-content\/uploads\/2026\/04\/Rectangle-Empty-Blush-Compact-Powder-Case-With-Mirror-6-100x100.jpg 100w\" sizes=\"(max-width: 750px) 100vw, 750px\" \/><\/p>\n<p><img decoding=\"async\" class=\"size-full wp-image-12871\" src=\"https:\/\/www.alovey.com\/wp-content\/uploads\/2026\/04\/Rectangle-Empty-Blush-Compact-Powder-Case-With-Mirror-5.jpg\" alt=\"empty blush compact powder case\" width=\"750\" height=\"750\" srcset=\"https:\/\/www.alovey.com\/wp-content\/uploads\/2026\/04\/Rectangle-Empty-Blush-Compact-Powder-Case-With-Mirror-5.jpg 750w, https:\/\/www.alovey.com\/wp-content\/uploads\/2026\/04\/Rectangle-Empty-Blush-Compact-Powder-Case-With-Mirror-5-300x300.jpg 300w, https:\/\/www.alovey.com\/wp-content\/uploads\/2026\/04\/Rectangle-Empty-Blush-Compact-Powder-Case-With-Mirror-5-150x150.jpg 150w, https:\/\/www.alovey.com\/wp-content\/uploads\/2026\/04\/Rectangle-Empty-Blush-Compact-Powder-Case-With-Mirror-5-12x12.jpg 12w, https:\/\/www.alovey.com\/wp-content\/uploads\/2026\/04\/Rectangle-Empty-Blush-Compact-Powder-Case-With-Mirror-5-600x600.jpg 600w, https:\/\/www.alovey.com\/wp-content\/uploads\/2026\/04\/Rectangle-Empty-Blush-Compact-Powder-Case-With-Mirror-5-100x100.jpg 100w\" sizes=\"(max-width: 750px) 100vw, 750px\" \/><\/p>\n<p><img loading=\"lazy\" decoding=\"async\" class=\"size-full wp-image-12870\" src=\"https:\/\/www.alovey.com\/wp-content\/uploads\/2026\/04\/Rectangle-Empty-Blush-Compact-Powder-Case-With-Mirror-4.jpg\" alt=\"\" width=\"750\" height=\"750\" srcset=\"https:\/\/www.alovey.com\/wp-content\/uploads\/2026\/04\/Rectangle-Empty-Blush-Compact-Powder-Case-With-Mirror-4.jpg 750w, https:\/\/www.alovey.com\/wp-content\/uploads\/2026\/04\/Rectangle-Empty-Blush-Compact-Powder-Case-With-Mirror-4-300x300.jpg 300w, https:\/\/www.alovey.com\/wp-content\/uploads\/2026\/04\/Rectangle-Empty-Blush-Compact-Powder-Case-With-Mirror-4-150x150.jpg 150w, https:\/\/www.alovey.com\/wp-content\/uploads\/2026\/04\/Rectangle-Empty-Blush-Compact-Powder-Case-With-Mirror-4-12x12.jpg 12w, https:\/\/www.alovey.com\/wp-content\/uploads\/2026\/04\/Rectangle-Empty-Blush-Compact-Powder-Case-With-Mirror-4-600x600.jpg 600w, https:\/\/www.alovey.com\/wp-content\/uploads\/2026\/04\/Rectangle-Empty-Blush-Compact-Powder-Case-With-Mirror-4-100x100.jpg 100w\" sizes=\"(max-width: 750px) 100vw, 750px\" \/><\/p>\n<p><img loading=\"lazy\" decoding=\"async\" class=\"size-full wp-image-12869\" src=\"https:\/\/www.alovey.com\/wp-content\/uploads\/2026\/04\/Rectangle-Empty-Blush-Compact-Powder-Case-With-Mirror-3.jpg\" alt=\"empty blush compact powder case\" width=\"750\" height=\"750\" srcset=\"https:\/\/www.alovey.com\/wp-content\/uploads\/2026\/04\/Rectangle-Empty-Blush-Compact-Powder-Case-With-Mirror-3.jpg 750w, https:\/\/www.alovey.com\/wp-content\/uploads\/2026\/04\/Rectangle-Empty-Blush-Compact-Powder-Case-With-Mirror-3-300x300.jpg 300w, https:\/\/www.alovey.com\/wp-content\/uploads\/2026\/04\/Rectangle-Empty-Blush-Compact-Powder-Case-With-Mirror-3-150x150.jpg 150w, https:\/\/www.alovey.com\/wp-content\/uploads\/2026\/04\/Rectangle-Empty-Blush-Compact-Powder-Case-With-Mirror-3-12x12.jpg 12w, https:\/\/www.alovey.com\/wp-content\/uploads\/2026\/04\/Rectangle-Empty-Blush-Compact-Powder-Case-With-Mirror-3-600x600.jpg 600w, https:\/\/www.alovey.com\/wp-content\/uploads\/2026\/04\/Rectangle-Empty-Blush-Compact-Powder-Case-With-Mirror-3-100x100.jpg 100w\" sizes=\"(max-width: 750px) 100vw, 750px\" \/><\/p>\n<p><img loading=\"lazy\" decoding=\"async\" class=\"size-full wp-image-12873\" src=\"https:\/\/www.alovey.com\/wp-content\/uploads\/2026\/04\/Rectangle-Empty-Blush-Compact-Powder-Case-With-Mirror-7.jpg\" alt=\"empty blush compact powder case\" width=\"750\" height=\"750\" srcset=\"https:\/\/www.alovey.com\/wp-content\/uploads\/2026\/04\/Rectangle-Empty-Blush-Compact-Powder-Case-With-Mirror-7.jpg 750w, https:\/\/www.alovey.com\/wp-content\/uploads\/2026\/04\/Rectangle-Empty-Blush-Compact-Powder-Case-With-Mirror-7-300x300.jpg 300w, https:\/\/www.alovey.com\/wp-content\/uploads\/2026\/04\/Rectangle-Empty-Blush-Compact-Powder-Case-With-Mirror-7-150x150.jpg 150w, https:\/\/www.alovey.com\/wp-content\/uploads\/2026\/04\/Rectangle-Empty-Blush-Compact-Powder-Case-With-Mirror-7-12x12.jpg 12w, https:\/\/www.alovey.com\/wp-content\/uploads\/2026\/04\/Rectangle-Empty-Blush-Compact-Powder-Case-With-Mirror-7-600x600.jpg 600w, https:\/\/www.alovey.com\/wp-content\/uploads\/2026\/04\/Rectangle-Empty-Blush-Compact-Powder-Case-With-Mirror-7-100x100.jpg 100w\" sizes=\"(max-width: 750px) 100vw, 750px\" \/><\/p>\n<p>&nbsp;<\/p>\n<p>&nbsp;<\/p>\n<p>&nbsp;<\/p>\n<p>&nbsp;<\/p>\n<p>&nbsp;<\/p>\n<p>&nbsp;<\/p>\n<p>&nbsp;<\/p>\n<p>&nbsp;<\/p>\n<p>&nbsp;<\/p>\n<p>&nbsp;<\/p>\n<p>&nbsp;<\/p>\n<p>&nbsp;<\/p>\n<p>&nbsp;<\/p>\n<p>&nbsp;<\/p>\n<p>&nbsp;<\/p>\n<p>&nbsp;<\/p>\n<p>&nbsp;<\/p>\n<p>&nbsp;<\/p>\n<p>&nbsp;<\/p>\n<p>&nbsp;<\/p>\n<p>&nbsp;<\/p>\n<p>&nbsp;<\/p>\n<p>&nbsp;<\/p>\n<p>&nbsp;<\/p>\n<p>&nbsp;<\/p>\n<p>&nbsp;<\/p>\n<p>&nbsp;<\/p>\n<p>&nbsp;<\/p>\n<p>&nbsp;<\/p>\n<p>&nbsp;<\/p>\n<p>&nbsp;<\/p>\n<p>&nbsp;<\/p>\n<p>&nbsp;<\/p>\n<p>&nbsp;<\/p>\n<p>&nbsp;<\/p>\n<p>&nbsp;<\/p>\n<p>&nbsp;<\/p>\n<p>&nbsp;<\/p>\n<p>&nbsp;<\/p>\n<p>&nbsp;<\/p>\n<p>&nbsp;<\/p>\n<p>&nbsp;<\/p>\n<p>&nbsp;<\/p>\n<p>&nbsp;<\/p>\n<p>&nbsp;<\/p>\n<p>&nbsp;<\/p>\n<p>&nbsp;<\/p>\n<p>&nbsp;<\/p>\n<p>&nbsp;<\/p>\n<p>&nbsp;<\/p>\n<p>&nbsp;<\/p>\n<p>&nbsp;<\/p>\n<p>&nbsp;<\/p>\n<p>&nbsp;<\/p>\n<p>&nbsp;<\/p>\n<p>&nbsp;<\/p>\n<p>&nbsp;<\/p>\n<p>&nbsp;<\/p>\n<p>&nbsp;<\/p>\n<p>&nbsp;<\/p>\n<p>&nbsp;<\/p>\n<p>&nbsp;<\/p>\n<p>&nbsp;<\/p>\n<p>&nbsp;<\/p>\n<p>&nbsp;<\/p>\n<p>&nbsp;<\/p>\n<p>&nbsp;<\/p>\n<p>&nbsp;<\/p>\n<p>&nbsp;<\/p>\n<p>&nbsp;<\/p>\n<p>&nbsp;<\/p>\n<p>&nbsp;<\/p>\n<p>&nbsp;<\/p>\n<p>&nbsp;<\/p>\n<p>&nbsp;<\/p>\n<p>&nbsp;<\/p>\n<p>&nbsp;<\/p>\n<p>&nbsp;<\/p>\n<p>&nbsp;<\/p>\n<p>&nbsp;<\/p>\n<p>&nbsp;<\/p>\n<p>&nbsp;<\/p>\n<p>&nbsp;<\/p>\n<p>&nbsp;<\/p>\n<p>&nbsp;<\/p>\n<p>&nbsp;<\/p>\n<p>&nbsp;<\/p>\n<p>&nbsp;<\/p>\n<p>&nbsp;<\/p>\n<p>&nbsp;<\/p>\n<p>&nbsp;<\/p>\n<p>&nbsp;<\/p>\n<p>&nbsp;<\/p>\n<p>&nbsp;<\/p>\n<p>&nbsp;<\/p>\n<p>&nbsp;<\/p>\n<p>&nbsp;<\/p>\n<p>&nbsp;<\/p>\n<p>&nbsp;<\/p>\n<p>&nbsp;<\/p>\n<p>&nbsp;<\/p>\n<p>&nbsp;<\/p>\n<p>&nbsp;<\/p>\n<p>&nbsp;<\/p>\n<p>&nbsp;<\/p>\n<p>&nbsp;<\/p>\n<p>&nbsp;<\/p>\n<p>&nbsp;<\/p>\n<p>&nbsp;<\/p>\n<p>&nbsp;<\/p>\n<p>&nbsp;<\/p>\n<p>&nbsp;<\/p>\n<p>&nbsp;<\/p>\n<p>&nbsp;<\/p>\n<p>&nbsp;<\/p>\n<p>&nbsp;<\/p>\n<p>&nbsp;<\/p>\n<p>&nbsp;<\/p>\n<p>&nbsp;<\/p>\n<p>&nbsp;<\/p>\n<p>&nbsp;<\/p>\n<p>&nbsp;<\/p>\n<p>&nbsp;<\/p>\n<p>&nbsp;<\/p>\n<p>&nbsp;<\/p>\n<p>&nbsp;<\/p>\n<p>&nbsp;<\/p>\n<p>&nbsp;<\/p>\n<p>&nbsp;<\/p>\n<p>&nbsp;<\/p>\n<p>&nbsp;<\/p>\n<p>&nbsp;<\/p>\n<p>&nbsp;<\/p>\n<p>&nbsp;<\/p>\n<p>&nbsp;<\/p>\n<p>&nbsp;<\/p>\n<p>&nbsp;<\/p>\n<p>&nbsp;<\/p>\n<p>&nbsp;<\/p>\n<p>&nbsp;<\/p>\n<p>&nbsp;<\/p>\n<p>&nbsp;<\/p>\n<p>&nbsp;<\/p>\n<p>&nbsp;<\/p>\n<p>&nbsp;<\/p>\n<p>&nbsp;<\/p>\n<p>&nbsp;<\/p>\n<p>&nbsp;<\/p>\n<p>&nbsp;<\/p>\n<p>&nbsp;<\/p>\n<p>&nbsp;<\/p>\n<p>&nbsp;<\/p>\n<p>&nbsp;<\/p>\n<p>&nbsp;<\/p>\n<p>&nbsp;<\/p>\n<p>&nbsp;<\/p>\n<p>&nbsp;<\/p>","protected":false},"excerpt":{"rendered":"<ul>\n<li>Item No:E-0056B<\/li>\n<li>Material:\u00a0Plastic<\/li>\n<li>Size:L69*W54*H11MM<\/li>\n<li>Aplicaciones: Productos de belleza<\/li>\n<li>MOQ: 12.000 piezas<\/li>\n<li>Color: Color personalizado<\/li>\n<li>Surface treatment: Injection\/Matte\/Materialization\/UV coating<\/li>\n<li>Nombre de marca: OEM\/ODM<\/li>\n<li>Logotipo: Logotipo del cliente<\/li>\n<li>Supply Ability:\u00a01000,00 Pieces per Month<\/li>\n<\/ul>\n<p>&nbsp;<\/p>","protected":false},"featured_media":12870,"template":"","meta":{"_acf_changed":false},"product_brand":[],"product_cat":[380,378],"product_tag":[387,393],"class_list":{"0":"post-12868","1":"product","2":"type-product","3":"status-publish","4":"has-post-thumbnail","6":"product_cat-cosmetic-compact-powder-cases","7":"product_cat-custom-eyeshadow-packaging","8":"product_tag-compact-powder-case","9":"product_tag-eyeshadow-case","11":"first","12":"instock","13":"shipping-taxable","14":"product-type-simple"},"acf":[],"yoast_head":"<!-- This site is optimized with the Yoast SEO plugin v24.1 - https:\/\/yoast.com\/wordpress\/plugins\/seo\/ -->\n<title>Rectangle Empty Blush Compact Powder Case With Mirror<\/title>\n<meta name=\"description\" content=\"This empty blush compact case is elegant style.Equipped with a mirror, it provides a practical and compact solution for storing blush,\" \/>\n<meta name=\"robots\" content=\"index, follow, max-snippet:-1, max-image-preview:large, max-video-preview:-1\" \/>\n<link rel=\"canonical\" href=\"https:\/\/www.alovey.com\/es\/producto\/rectangle-empty-blush-compact-powder-case-with-mirror\/\" \/>\n<meta property=\"og:locale\" content=\"es_ES\" \/>\n<meta property=\"og:type\" content=\"article\" \/>\n<meta property=\"og:title\" content=\"Rectangle Empty Blush Compact Powder Case With Mirror\" \/>\n<meta property=\"og:description\" content=\"This empty blush compact case is elegant style.Equipped with a mirror, it provides a practical and compact solution for storing blush,\" \/>\n<meta property=\"og:url\" content=\"https:\/\/www.alovey.com\/es\/producto\/rectangle-empty-blush-compact-powder-case-with-mirror\/\" \/>\n<meta property=\"og:site_name\" content=\"Best Cosmetic Packaging Manufacture\" \/>\n<meta property=\"article:modified_time\" content=\"2026-04-14T09:19:05+00:00\" \/>\n<meta property=\"og:image\" content=\"https:\/\/www.alovey.com\/wp-content\/uploads\/2026\/04\/Rectangle-Empty-Blush-Compact-Powder-Case-With-Mirror-4.jpg\" \/>\n\t<meta property=\"og:image:width\" content=\"750\" \/>\n\t<meta property=\"og:image:height\" content=\"750\" \/>\n\t<meta property=\"og:image:type\" content=\"image\/jpeg\" \/>\n<meta name=\"twitter:card\" content=\"summary_large_image\" \/>\n<meta name=\"twitter:label1\" content=\"Tiempo de lectura\" \/>\n\t<meta name=\"twitter:data1\" content=\"2 minutos\" \/>\n<script type=\"application\/ld+json\" class=\"yoast-schema-graph\">{\"@context\":\"https:\/\/schema.org\",\"@graph\":[{\"@type\":\"WebPage\",\"@id\":\"https:\/\/www.alovey.com\/product\/rectangle-empty-blush-compact-powder-case-with-mirror\/\",\"url\":\"https:\/\/www.alovey.com\/product\/rectangle-empty-blush-compact-powder-case-with-mirror\/\",\"name\":\"Rectangle Empty Blush Compact Powder Case With Mirror\",\"isPartOf\":{\"@id\":\"https:\/\/www.alovey.com\/#website\"},\"primaryImageOfPage\":{\"@id\":\"https:\/\/www.alovey.com\/product\/rectangle-empty-blush-compact-powder-case-with-mirror\/#primaryimage\"},\"image\":{\"@id\":\"https:\/\/www.alovey.com\/product\/rectangle-empty-blush-compact-powder-case-with-mirror\/#primaryimage\"},\"thumbnailUrl\":\"https:\/\/www.alovey.com\/wp-content\/uploads\/2026\/04\/Rectangle-Empty-Blush-Compact-Powder-Case-With-Mirror-4.jpg\",\"datePublished\":\"2026-04-14T09:10:35+00:00\",\"dateModified\":\"2026-04-14T09:19:05+00:00\",\"description\":\"This empty blush compact case is elegant style.Equipped with a mirror, it provides a practical and compact solution for storing blush,\",\"breadcrumb\":{\"@id\":\"https:\/\/www.alovey.com\/product\/rectangle-empty-blush-compact-powder-case-with-mirror\/#breadcrumb\"},\"inLanguage\":\"es\",\"potentialAction\":[{\"@type\":\"ReadAction\",\"target\":[\"https:\/\/www.alovey.com\/product\/rectangle-empty-blush-compact-powder-case-with-mirror\/\"]}]},{\"@type\":\"ImageObject\",\"inLanguage\":\"es\",\"@id\":\"https:\/\/www.alovey.com\/product\/rectangle-empty-blush-compact-powder-case-with-mirror\/#primaryimage\",\"url\":\"https:\/\/www.alovey.com\/wp-content\/uploads\/2026\/04\/Rectangle-Empty-Blush-Compact-Powder-Case-With-Mirror-4.jpg\",\"contentUrl\":\"https:\/\/www.alovey.com\/wp-content\/uploads\/2026\/04\/Rectangle-Empty-Blush-Compact-Powder-Case-With-Mirror-4.jpg\",\"width\":750,\"height\":750,\"caption\":\"Rectangle Empty Blush Compact Powder Case With Mirror\"},{\"@type\":\"BreadcrumbList\",\"@id\":\"https:\/\/www.alovey.com\/product\/rectangle-empty-blush-compact-powder-case-with-mirror\/#breadcrumb\",\"itemListElement\":[{\"@type\":\"ListItem\",\"position\":1,\"name\":\"\u9996\u9875\",\"item\":\"https:\/\/www.alovey.com\/\"},{\"@type\":\"ListItem\",\"position\":2,\"name\":\"Products\",\"item\":\"https:\/\/www.alovey.com\/products\/\"},{\"@type\":\"ListItem\",\"position\":3,\"name\":\"Rectangle Empty Blush Compact Powder Case With Mirror\"}]},{\"@type\":\"WebSite\",\"@id\":\"https:\/\/www.alovey.com\/#website\",\"url\":\"https:\/\/www.alovey.com\/\",\"name\":\"Best Cosmetic Packaging Manufacture\",\"description\":\"Alovey Cosmetic Packaging Co.,Ltd\",\"publisher\":{\"@id\":\"https:\/\/www.alovey.com\/#organization\"},\"potentialAction\":[{\"@type\":\"SearchAction\",\"target\":{\"@type\":\"EntryPoint\",\"urlTemplate\":\"https:\/\/www.alovey.com\/?s={search_term_string}\"},\"query-input\":{\"@type\":\"PropertyValueSpecification\",\"valueRequired\":true,\"valueName\":\"search_term_string\"}}],\"inLanguage\":\"es\"},{\"@type\":\"Organization\",\"@id\":\"https:\/\/www.alovey.com\/#organization\",\"name\":\"Best Cosmetic Packaging Manufacture\",\"url\":\"https:\/\/www.alovey.com\/\",\"logo\":{\"@type\":\"ImageObject\",\"inLanguage\":\"es\",\"@id\":\"https:\/\/www.alovey.com\/#\/schema\/logo\/image\/\",\"url\":\"https:\/\/www.alovey.com\/wp-content\/uploads\/2023\/03\/logo.png\",\"contentUrl\":\"https:\/\/www.alovey.com\/wp-content\/uploads\/2023\/03\/logo.png\",\"width\":505,\"height\":180,\"caption\":\"Best  Cosmetic Packaging Manufacture\"},\"image\":{\"@id\":\"https:\/\/www.alovey.com\/#\/schema\/logo\/image\/\"}}]}<\/script>\n<!-- \/ Yoast SEO plugin. -->","yoast_head_json":{"title":"Rectangle Empty Blush Compact Powder Case With Mirror","description":"This empty blush compact case is elegant style.Equipped with a mirror, it provides a practical and compact solution for storing blush,","robots":{"index":"index","follow":"follow","max-snippet":"max-snippet:-1","max-image-preview":"max-image-preview:large","max-video-preview":"max-video-preview:-1"},"canonical":"https:\/\/www.alovey.com\/es\/producto\/rectangle-empty-blush-compact-powder-case-with-mirror\/","og_locale":"es_ES","og_type":"article","og_title":"Rectangle Empty Blush Compact Powder Case With Mirror","og_description":"This empty blush compact case is elegant style.Equipped with a mirror, it provides a practical and compact solution for storing blush,","og_url":"https:\/\/www.alovey.com\/es\/producto\/rectangle-empty-blush-compact-powder-case-with-mirror\/","og_site_name":"Best Cosmetic Packaging Manufacture","article_modified_time":"2026-04-14T09:19:05+00:00","og_image":[{"width":750,"height":750,"url":"https:\/\/www.alovey.com\/wp-content\/uploads\/2026\/04\/Rectangle-Empty-Blush-Compact-Powder-Case-With-Mirror-4.jpg","type":"image\/jpeg"}],"twitter_card":"summary_large_image","twitter_misc":{"Tiempo de lectura":"2 minutos"},"schema":{"@context":"https:\/\/schema.org","@graph":[{"@type":"WebPage","@id":"https:\/\/www.alovey.com\/product\/rectangle-empty-blush-compact-powder-case-with-mirror\/","url":"https:\/\/www.alovey.com\/product\/rectangle-empty-blush-compact-powder-case-with-mirror\/","name":"Rectangle Empty Blush Compact Powder Case With Mirror","isPartOf":{"@id":"https:\/\/www.alovey.com\/#website"},"primaryImageOfPage":{"@id":"https:\/\/www.alovey.com\/product\/rectangle-empty-blush-compact-powder-case-with-mirror\/#primaryimage"},"image":{"@id":"https:\/\/www.alovey.com\/product\/rectangle-empty-blush-compact-powder-case-with-mirror\/#primaryimage"},"thumbnailUrl":"https:\/\/www.alovey.com\/wp-content\/uploads\/2026\/04\/Rectangle-Empty-Blush-Compact-Powder-Case-With-Mirror-4.jpg","datePublished":"2026-04-14T09:10:35+00:00","dateModified":"2026-04-14T09:19:05+00:00","description":"This empty blush compact case is elegant style.Equipped with a mirror, it provides a practical and compact solution for storing blush,","breadcrumb":{"@id":"https:\/\/www.alovey.com\/product\/rectangle-empty-blush-compact-powder-case-with-mirror\/#breadcrumb"},"inLanguage":"es","potentialAction":[{"@type":"ReadAction","target":["https:\/\/www.alovey.com\/product\/rectangle-empty-blush-compact-powder-case-with-mirror\/"]}]},{"@type":"ImageObject","inLanguage":"es","@id":"https:\/\/www.alovey.com\/product\/rectangle-empty-blush-compact-powder-case-with-mirror\/#primaryimage","url":"https:\/\/www.alovey.com\/wp-content\/uploads\/2026\/04\/Rectangle-Empty-Blush-Compact-Powder-Case-With-Mirror-4.jpg","contentUrl":"https:\/\/www.alovey.com\/wp-content\/uploads\/2026\/04\/Rectangle-Empty-Blush-Compact-Powder-Case-With-Mirror-4.jpg","width":750,"height":750,"caption":"Rectangle Empty Blush Compact Powder Case With Mirror"},{"@type":"BreadcrumbList","@id":"https:\/\/www.alovey.com\/product\/rectangle-empty-blush-compact-powder-case-with-mirror\/#breadcrumb","itemListElement":[{"@type":"ListItem","position":1,"name":"\u9996\u9875","item":"https:\/\/www.alovey.com\/"},{"@type":"ListItem","position":2,"name":"Products","item":"https:\/\/www.alovey.com\/products\/"},{"@type":"ListItem","position":3,"name":"Rectangle Empty Blush Compact Powder Case With Mirror"}]},{"@type":"WebSite","@id":"https:\/\/www.alovey.com\/#website","url":"https:\/\/www.alovey.com\/","name":"Best Cosmetic Packaging Manufacture","description":"Alovey Cosmetic Packaging S.L.","publisher":{"@id":"https:\/\/www.alovey.com\/#organization"},"potentialAction":[{"@type":"SearchAction","target":{"@type":"EntryPoint","urlTemplate":"https:\/\/www.alovey.com\/?s={search_term_string}"},"query-input":{"@type":"PropertyValueSpecification","valueRequired":true,"valueName":"search_term_string"}}],"inLanguage":"es"},{"@type":"Organization","@id":"https:\/\/www.alovey.com\/#organization","name":"Best Cosmetic Packaging Manufacture","url":"https:\/\/www.alovey.com\/","logo":{"@type":"ImageObject","inLanguage":"es","@id":"https:\/\/www.alovey.com\/#\/schema\/logo\/image\/","url":"https:\/\/www.alovey.com\/wp-content\/uploads\/2023\/03\/logo.png","contentUrl":"https:\/\/www.alovey.com\/wp-content\/uploads\/2023\/03\/logo.png","width":505,"height":180,"caption":"Best  Cosmetic Packaging Manufacture"},"image":{"@id":"https:\/\/www.alovey.com\/#\/schema\/logo\/image\/"}}]}},"_links":{"self":[{"href":"https:\/\/www.alovey.com\/es\/wp-json\/wp\/v2\/product\/12868"}],"collection":[{"href":"https:\/\/www.alovey.com\/es\/wp-json\/wp\/v2\/product"}],"about":[{"href":"https:\/\/www.alovey.com\/es\/wp-json\/wp\/v2\/types\/product"}],"wp:featuredmedia":[{"embeddable":true,"href":"https:\/\/www.alovey.com\/es\/wp-json\/wp\/v2\/media\/12870"}],"wp:attachment":[{"href":"https:\/\/www.alovey.com\/es\/wp-json\/wp\/v2\/media?parent=12868"}],"wp:term":[{"taxonomy":"product_brand","embeddable":true,"href":"https:\/\/www.alovey.com\/es\/wp-json\/wp\/v2\/product_brand?post=12868"},{"taxonomy":"product_cat","embeddable":true,"href":"https:\/\/www.alovey.com\/es\/wp-json\/wp\/v2\/product_cat?post=12868"},{"taxonomy":"product_tag","embeddable":true,"href":"https:\/\/www.alovey.com\/es\/wp-json\/wp\/v2\/product_tag?post=12868"}],"curies":[{"name":"wp","href":"https:\/\/api.w.org\/{rel}","templated":true}]}}