{"id":12829,"date":"2026-04-07T02:11:06","date_gmt":"2026-04-07T02:11:06","guid":{"rendered":"https:\/\/www.alovey.com\/?post_type=product&#038;p=12829"},"modified":"2026-04-07T02:20:21","modified_gmt":"2026-04-07T02:20:21","slug":"metallic-polyhedron-lipstick-tube-plastic-cosmetic-packaging","status":"publish","type":"product","link":"https:\/\/www.alovey.com\/es\/producto\/metallic-polyhedron-lipstick-tube-plastic-cosmetic-packaging\/","title":{"rendered":"Unique Metallic Polyhedron Lipstick Tube Plastic Cosmetic Packaging"},"content":{"rendered":"<p><strong>This plastic metallic polyhedron lipstick tube\u00a0features a unique geometric design\u00a0that stands out with a chic, fashionable, and creative look. Its irregular polyhedron shape\u00a0makes it perfect for modern cosmetic brands seeking eye-catching packaging.<\/strong><\/p>\n<p><strong>The tube is compatible with lipstick molds of 12.1mm and 12.7mm inner diameter, making it versatile for standard lipstick refills. Its compact and portable design allows you to carry it easily in a cosmetic bag, pocket, or purse.<\/strong><\/p>\n<p><strong>Perfect for brands wanting to offer innovative and luxurious lipstick packaging, this tube enhances product appeal while remaining practical for everyday use.<\/strong><\/p>\n<h3><strong>Product Features<\/strong><\/h3>\n<p><strong>Unique polyhedron shape\u00a0with metallic finish<\/strong><\/p>\n<p><strong>Compatible with 12.1mm &amp; 12.7mm lipstick molds<\/strong><\/p>\n<p><strong>Fashionable, chic, and creative design<\/strong><\/p>\n<p><strong>Lightweight and portable for travel or daily use<\/strong><\/p>\n<p><strong>Durable plastic construction<\/strong><\/p>\n<p><strong>Ideal for lipstick brands, private label, or premium cosmetic collections<\/strong><\/p>\n<p><strong>Custom logo and color options available<\/strong><\/p>\n<p><strong>Alovey, como fabricante profesional chino de envases para cosm\u00e9ticos, produce una exquisita gama de envases personalizados para cosm\u00e9ticos, meticulosamente elaborados para elevar su marca. Nuestra variada selecci\u00f3n de materiales de primera calidad, combinada con delicadas t\u00e9cnicas de acabado superficial como la serigraf\u00eda, la estampaci\u00f3n en caliente y la pulverizaci\u00f3n mate, garantiza que cada envase sea una obra maestra \u00fanica.<\/strong><\/p>\n<p><img fetchpriority=\"high\" decoding=\"async\" class=\"size-full wp-image-12835\" src=\"https:\/\/www.alovey.com\/wp-content\/uploads\/2026\/04\/Plastic-metallic-unique-design-polyhedron-shape-lipstick-tube-4.jpg\" alt=\"polyhedron lipstick tube\" width=\"750\" height=\"750\" srcset=\"https:\/\/www.alovey.com\/wp-content\/uploads\/2026\/04\/Plastic-metallic-unique-design-polyhedron-shape-lipstick-tube-4.jpg 750w, https:\/\/www.alovey.com\/wp-content\/uploads\/2026\/04\/Plastic-metallic-unique-design-polyhedron-shape-lipstick-tube-4-300x300.jpg 300w, https:\/\/www.alovey.com\/wp-content\/uploads\/2026\/04\/Plastic-metallic-unique-design-polyhedron-shape-lipstick-tube-4-150x150.jpg 150w, https:\/\/www.alovey.com\/wp-content\/uploads\/2026\/04\/Plastic-metallic-unique-design-polyhedron-shape-lipstick-tube-4-12x12.jpg 12w, https:\/\/www.alovey.com\/wp-content\/uploads\/2026\/04\/Plastic-metallic-unique-design-polyhedron-shape-lipstick-tube-4-600x600.jpg 600w, https:\/\/www.alovey.com\/wp-content\/uploads\/2026\/04\/Plastic-metallic-unique-design-polyhedron-shape-lipstick-tube-4-100x100.jpg 100w\" sizes=\"(max-width: 750px) 100vw, 750px\" \/> <img decoding=\"async\" class=\"size-full wp-image-12834\" src=\"https:\/\/www.alovey.com\/wp-content\/uploads\/2026\/04\/Plastic-metallic-unique-design-polyhedron-shape-lipstick-tube-3.jpg\" alt=\"polyhedron lipstick tube\" width=\"750\" height=\"750\" srcset=\"https:\/\/www.alovey.com\/wp-content\/uploads\/2026\/04\/Plastic-metallic-unique-design-polyhedron-shape-lipstick-tube-3.jpg 750w, https:\/\/www.alovey.com\/wp-content\/uploads\/2026\/04\/Plastic-metallic-unique-design-polyhedron-shape-lipstick-tube-3-300x300.jpg 300w, https:\/\/www.alovey.com\/wp-content\/uploads\/2026\/04\/Plastic-metallic-unique-design-polyhedron-shape-lipstick-tube-3-150x150.jpg 150w, https:\/\/www.alovey.com\/wp-content\/uploads\/2026\/04\/Plastic-metallic-unique-design-polyhedron-shape-lipstick-tube-3-12x12.jpg 12w, https:\/\/www.alovey.com\/wp-content\/uploads\/2026\/04\/Plastic-metallic-unique-design-polyhedron-shape-lipstick-tube-3-600x600.jpg 600w, https:\/\/www.alovey.com\/wp-content\/uploads\/2026\/04\/Plastic-metallic-unique-design-polyhedron-shape-lipstick-tube-3-100x100.jpg 100w\" sizes=\"(max-width: 750px) 100vw, 750px\" \/> <img decoding=\"async\" class=\"size-full wp-image-12833\" src=\"https:\/\/www.alovey.com\/wp-content\/uploads\/2026\/04\/Plastic-metallic-unique-design-polyhedron-shape-lipstick-tube-2.jpg\" alt=\"polyhedron lipstick tube\" width=\"750\" height=\"750\" srcset=\"https:\/\/www.alovey.com\/wp-content\/uploads\/2026\/04\/Plastic-metallic-unique-design-polyhedron-shape-lipstick-tube-2.jpg 750w, https:\/\/www.alovey.com\/wp-content\/uploads\/2026\/04\/Plastic-metallic-unique-design-polyhedron-shape-lipstick-tube-2-300x300.jpg 300w, https:\/\/www.alovey.com\/wp-content\/uploads\/2026\/04\/Plastic-metallic-unique-design-polyhedron-shape-lipstick-tube-2-150x150.jpg 150w, https:\/\/www.alovey.com\/wp-content\/uploads\/2026\/04\/Plastic-metallic-unique-design-polyhedron-shape-lipstick-tube-2-12x12.jpg 12w, https:\/\/www.alovey.com\/wp-content\/uploads\/2026\/04\/Plastic-metallic-unique-design-polyhedron-shape-lipstick-tube-2-600x600.jpg 600w, https:\/\/www.alovey.com\/wp-content\/uploads\/2026\/04\/Plastic-metallic-unique-design-polyhedron-shape-lipstick-tube-2-100x100.jpg 100w\" sizes=\"(max-width: 750px) 100vw, 750px\" \/> <img loading=\"lazy\" decoding=\"async\" class=\"size-full wp-image-12832\" src=\"https:\/\/www.alovey.com\/wp-content\/uploads\/2026\/04\/Plastic-metallic-unique-design-polyhedron-shape-lipstick-tube-1.jpg\" alt=\"polyhedron lipstick tube\" width=\"750\" height=\"750\" srcset=\"https:\/\/www.alovey.com\/wp-content\/uploads\/2026\/04\/Plastic-metallic-unique-design-polyhedron-shape-lipstick-tube-1.jpg 750w, https:\/\/www.alovey.com\/wp-content\/uploads\/2026\/04\/Plastic-metallic-unique-design-polyhedron-shape-lipstick-tube-1-300x300.jpg 300w, https:\/\/www.alovey.com\/wp-content\/uploads\/2026\/04\/Plastic-metallic-unique-design-polyhedron-shape-lipstick-tube-1-150x150.jpg 150w, https:\/\/www.alovey.com\/wp-content\/uploads\/2026\/04\/Plastic-metallic-unique-design-polyhedron-shape-lipstick-tube-1-12x12.jpg 12w, https:\/\/www.alovey.com\/wp-content\/uploads\/2026\/04\/Plastic-metallic-unique-design-polyhedron-shape-lipstick-tube-1-600x600.jpg 600w, https:\/\/www.alovey.com\/wp-content\/uploads\/2026\/04\/Plastic-metallic-unique-design-polyhedron-shape-lipstick-tube-1-100x100.jpg 100w\" sizes=\"(max-width: 750px) 100vw, 750px\" \/> <img loading=\"lazy\" decoding=\"async\" class=\"size-full wp-image-12830\" src=\"https:\/\/www.alovey.com\/wp-content\/uploads\/2026\/04\/Plastic-metallic-unique-design-polyhedron-shape-lipstick-tube-5.jpg\" alt=\"polyhedron lipstick tube\" width=\"750\" height=\"750\" srcset=\"https:\/\/www.alovey.com\/wp-content\/uploads\/2026\/04\/Plastic-metallic-unique-design-polyhedron-shape-lipstick-tube-5.jpg 750w, https:\/\/www.alovey.com\/wp-content\/uploads\/2026\/04\/Plastic-metallic-unique-design-polyhedron-shape-lipstick-tube-5-300x300.jpg 300w, https:\/\/www.alovey.com\/wp-content\/uploads\/2026\/04\/Plastic-metallic-unique-design-polyhedron-shape-lipstick-tube-5-150x150.jpg 150w, https:\/\/www.alovey.com\/wp-content\/uploads\/2026\/04\/Plastic-metallic-unique-design-polyhedron-shape-lipstick-tube-5-12x12.jpg 12w, https:\/\/www.alovey.com\/wp-content\/uploads\/2026\/04\/Plastic-metallic-unique-design-polyhedron-shape-lipstick-tube-5-600x600.jpg 600w, https:\/\/www.alovey.com\/wp-content\/uploads\/2026\/04\/Plastic-metallic-unique-design-polyhedron-shape-lipstick-tube-5-100x100.jpg 100w\" sizes=\"(max-width: 750px) 100vw, 750px\" \/> <img loading=\"lazy\" decoding=\"async\" class=\"size-full wp-image-12831\" src=\"https:\/\/www.alovey.com\/wp-content\/uploads\/2026\/04\/Plastic-metallic-unique-design-polyhedron-shape-lipstick-tube-6.jpg\" alt=\"polyhedronpolyhedron lipstick tube lipstick tube\" width=\"750\" height=\"750\" srcset=\"https:\/\/www.alovey.com\/wp-content\/uploads\/2026\/04\/Plastic-metallic-unique-design-polyhedron-shape-lipstick-tube-6.jpg 750w, https:\/\/www.alovey.com\/wp-content\/uploads\/2026\/04\/Plastic-metallic-unique-design-polyhedron-shape-lipstick-tube-6-300x300.jpg 300w, https:\/\/www.alovey.com\/wp-content\/uploads\/2026\/04\/Plastic-metallic-unique-design-polyhedron-shape-lipstick-tube-6-150x150.jpg 150w, https:\/\/www.alovey.com\/wp-content\/uploads\/2026\/04\/Plastic-metallic-unique-design-polyhedron-shape-lipstick-tube-6-12x12.jpg 12w, https:\/\/www.alovey.com\/wp-content\/uploads\/2026\/04\/Plastic-metallic-unique-design-polyhedron-shape-lipstick-tube-6-600x600.jpg 600w, https:\/\/www.alovey.com\/wp-content\/uploads\/2026\/04\/Plastic-metallic-unique-design-polyhedron-shape-lipstick-tube-6-100x100.jpg 100w\" sizes=\"(max-width: 750px) 100vw, 750px\" \/><\/p>\n<p>&nbsp;<\/p>\n<p>&nbsp;<\/p>\n<p>&nbsp;<\/p>\n<p>&nbsp;<\/p>\n<p>&nbsp;<\/p>\n<p>&nbsp;<\/p>\n<p>&nbsp;<\/p>\n<p>&nbsp;<\/p>\n<p>&nbsp;<\/p>\n<p>&nbsp;<\/p>\n<p>&nbsp;<\/p>\n<p>&nbsp;<\/p>\n<p>&nbsp;<\/p>\n<p>&nbsp;<\/p>\n<p>&nbsp;<\/p>\n<p>&nbsp;<\/p>\n<p>&nbsp;<\/p>\n<p>&nbsp;<\/p>\n<p>&nbsp;<\/p>\n<p>&nbsp;<\/p>\n<p>&nbsp;<\/p>\n<p>&nbsp;<\/p>\n<p>&nbsp;<\/p>\n<p>&nbsp;<\/p>\n<p>&nbsp;<\/p>\n<p>&nbsp;<\/p>\n<p>&nbsp;<\/p>\n<p>&nbsp;<\/p>\n<p>&nbsp;<\/p>\n<p>&nbsp;<\/p>\n<p>&nbsp;<\/p>\n<p>&nbsp;<\/p>\n<p>&nbsp;<\/p>\n<p>&nbsp;<\/p>\n<p>&nbsp;<\/p>\n<p>&nbsp;<\/p>\n<p>&nbsp;<\/p>\n<p>&nbsp;<\/p>\n<p>&nbsp;<\/p>\n<p>&nbsp;<\/p>\n<p>&nbsp;<\/p>\n<p>&nbsp;<\/p>\n<p>&nbsp;<\/p>\n<p>&nbsp;<\/p>\n<p>&nbsp;<\/p>\n<p>&nbsp;<\/p>\n<p>&nbsp;<\/p>\n<p>&nbsp;<\/p>\n<p>&nbsp;<\/p>\n<p>&nbsp;<\/p>\n<p>&nbsp;<\/p>\n<p>&nbsp;<\/p>\n<p>&nbsp;<\/p>\n<p>&nbsp;<\/p>\n<p>&nbsp;<\/p>\n<p>&nbsp;<\/p>\n<p>&nbsp;<\/p>\n<p>&nbsp;<\/p>\n<p>&nbsp;<\/p>\n<p>&nbsp;<\/p>\n<p>&nbsp;<\/p>\n<p>&nbsp;<\/p>\n<p>&nbsp;<\/p>\n<p>&nbsp;<\/p>\n<p>&nbsp;<\/p>\n<p>&nbsp;<\/p>\n<p>&nbsp;<\/p>\n<p>&nbsp;<\/p>\n<p>&nbsp;<\/p>\n<p>&nbsp;<\/p>\n<p>&nbsp;<\/p>\n<p>&nbsp;<\/p>\n<p>&nbsp;<\/p>\n<p>&nbsp;<\/p>\n<p>&nbsp;<\/p>\n<p>&nbsp;<\/p>\n<p>&nbsp;<\/p>\n<p>&nbsp;<\/p>\n<p>&nbsp;<\/p>\n<p>&nbsp;<\/p>\n<p>&nbsp;<\/p>\n<p>&nbsp;<\/p>\n<p>&nbsp;<\/p>\n<p>&nbsp;<\/p>\n<p>&nbsp;<\/p>\n<p>&nbsp;<\/p>\n<p>&nbsp;<\/p>\n<p>&nbsp;<\/p>\n<p>&nbsp;<\/p>\n<p>&nbsp;<\/p>\n<p>&nbsp;<\/p>\n<p>&nbsp;<\/p>\n<p>&nbsp;<\/p>\n<p>&nbsp;<\/p>\n<p>&nbsp;<\/p>\n<p>&nbsp;<\/p>\n<p>&nbsp;<\/p>\n<p>&nbsp;<\/p>\n<p>&nbsp;<\/p>\n<p>&nbsp;<\/p>","protected":false},"excerpt":{"rendered":"<ul>\n<li>Item No:LS-0316B<\/li>\n<li>Material:\u00a0Plastic<\/li>\n<li>Size:\u00a0W22*H78MM<\/li>\n<li>Aplicaciones: Productos de belleza<\/li>\n<li>MOQ: 12.000 piezas<\/li>\n<li>Color: Color personalizado<\/li>\n<li>Surface treatment: Injection\/Matte\/Metalization\/UV coating<\/li>\n<li>Nombre de marca: OEM\/ODM<\/li>\n<li>Logotipo: Logotipo del cliente<\/li>\n<li>Capacidad de suministro: 100.000 piezas al mes<\/li>\n<li><\/li>\n<\/ul>\n<p>&nbsp;<\/p>","protected":false},"featured_media":12832,"template":"","meta":{"_acf_changed":false},"product_brand":[],"product_cat":[373],"product_tag":[389],"class_list":{"0":"post-12829","1":"product","2":"type-product","3":"status-publish","4":"has-post-thumbnail","6":"product_cat-professional-lipstick-tube-supplier","7":"product_tag-lip-stick-tube","9":"first","10":"instock","11":"shipping-taxable","12":"product-type-simple"},"acf":[],"yoast_head":"<!-- This site is optimized with the Yoast SEO plugin v24.1 - https:\/\/yoast.com\/wordpress\/plugins\/seo\/ -->\n<title>Metallic Polyhedron Lipstick Tube Plastic Cosmetic Packaging<\/title>\n<meta name=\"description\" content=\"This plastic metallic polyhedron lipstick tube features a unique geometric design that stands out with a chic, fashionable, and creative look.\" \/>\n<meta name=\"robots\" content=\"index, follow, max-snippet:-1, max-image-preview:large, max-video-preview:-1\" \/>\n<link rel=\"canonical\" href=\"https:\/\/www.alovey.com\/es\/producto\/metallic-polyhedron-lipstick-tube-plastic-cosmetic-packaging\/\" \/>\n<meta property=\"og:locale\" content=\"es_ES\" \/>\n<meta property=\"og:type\" content=\"article\" \/>\n<meta property=\"og:title\" content=\"Metallic Polyhedron Lipstick Tube Plastic Cosmetic Packaging\" \/>\n<meta property=\"og:description\" content=\"This plastic metallic polyhedron lipstick tube features a unique geometric design that stands out with a chic, fashionable, and creative look.\" \/>\n<meta property=\"og:url\" content=\"https:\/\/www.alovey.com\/es\/producto\/metallic-polyhedron-lipstick-tube-plastic-cosmetic-packaging\/\" \/>\n<meta property=\"og:site_name\" content=\"Best Cosmetic Packaging Manufacture\" \/>\n<meta property=\"article:modified_time\" content=\"2026-04-07T02:20:21+00:00\" \/>\n<meta property=\"og:image\" content=\"https:\/\/www.alovey.com\/wp-content\/uploads\/2026\/04\/Plastic-metallic-unique-design-polyhedron-shape-lipstick-tube-1.jpg\" \/>\n\t<meta property=\"og:image:width\" content=\"750\" \/>\n\t<meta property=\"og:image:height\" content=\"750\" \/>\n\t<meta property=\"og:image:type\" content=\"image\/jpeg\" \/>\n<meta name=\"twitter:card\" content=\"summary_large_image\" \/>\n<meta name=\"twitter:label1\" content=\"Tiempo de lectura\" \/>\n\t<meta name=\"twitter:data1\" content=\"3 minutos\" \/>\n<script type=\"application\/ld+json\" class=\"yoast-schema-graph\">{\"@context\":\"https:\/\/schema.org\",\"@graph\":[{\"@type\":\"WebPage\",\"@id\":\"https:\/\/www.alovey.com\/product\/metallic-polyhedron-lipstick-tube-plastic-cosmetic-packaging\/\",\"url\":\"https:\/\/www.alovey.com\/product\/metallic-polyhedron-lipstick-tube-plastic-cosmetic-packaging\/\",\"name\":\"Metallic Polyhedron Lipstick Tube Plastic Cosmetic Packaging\",\"isPartOf\":{\"@id\":\"https:\/\/www.alovey.com\/#website\"},\"primaryImageOfPage\":{\"@id\":\"https:\/\/www.alovey.com\/product\/metallic-polyhedron-lipstick-tube-plastic-cosmetic-packaging\/#primaryimage\"},\"image\":{\"@id\":\"https:\/\/www.alovey.com\/product\/metallic-polyhedron-lipstick-tube-plastic-cosmetic-packaging\/#primaryimage\"},\"thumbnailUrl\":\"https:\/\/www.alovey.com\/wp-content\/uploads\/2026\/04\/Plastic-metallic-unique-design-polyhedron-shape-lipstick-tube-1.jpg\",\"datePublished\":\"2026-04-07T02:11:06+00:00\",\"dateModified\":\"2026-04-07T02:20:21+00:00\",\"description\":\"This plastic metallic polyhedron lipstick tube features a unique geometric design that stands out with a chic, fashionable, and creative look.\",\"breadcrumb\":{\"@id\":\"https:\/\/www.alovey.com\/product\/metallic-polyhedron-lipstick-tube-plastic-cosmetic-packaging\/#breadcrumb\"},\"inLanguage\":\"es\",\"potentialAction\":[{\"@type\":\"ReadAction\",\"target\":[\"https:\/\/www.alovey.com\/product\/metallic-polyhedron-lipstick-tube-plastic-cosmetic-packaging\/\"]}]},{\"@type\":\"ImageObject\",\"inLanguage\":\"es\",\"@id\":\"https:\/\/www.alovey.com\/product\/metallic-polyhedron-lipstick-tube-plastic-cosmetic-packaging\/#primaryimage\",\"url\":\"https:\/\/www.alovey.com\/wp-content\/uploads\/2026\/04\/Plastic-metallic-unique-design-polyhedron-shape-lipstick-tube-1.jpg\",\"contentUrl\":\"https:\/\/www.alovey.com\/wp-content\/uploads\/2026\/04\/Plastic-metallic-unique-design-polyhedron-shape-lipstick-tube-1.jpg\",\"width\":750,\"height\":750,\"caption\":\"Unique Metallic Polyhedron Lipstick Tube Plastic Cosmetic Packaging\"},{\"@type\":\"BreadcrumbList\",\"@id\":\"https:\/\/www.alovey.com\/product\/metallic-polyhedron-lipstick-tube-plastic-cosmetic-packaging\/#breadcrumb\",\"itemListElement\":[{\"@type\":\"ListItem\",\"position\":1,\"name\":\"\u9996\u9875\",\"item\":\"https:\/\/www.alovey.com\/\"},{\"@type\":\"ListItem\",\"position\":2,\"name\":\"Products\",\"item\":\"https:\/\/www.alovey.com\/products\/\"},{\"@type\":\"ListItem\",\"position\":3,\"name\":\"Unique Metallic Polyhedron Lipstick Tube Plastic Cosmetic Packaging\"}]},{\"@type\":\"WebSite\",\"@id\":\"https:\/\/www.alovey.com\/#website\",\"url\":\"https:\/\/www.alovey.com\/\",\"name\":\"Best Cosmetic Packaging Manufacture\",\"description\":\"Alovey Cosmetic Packaging Co.,Ltd\",\"publisher\":{\"@id\":\"https:\/\/www.alovey.com\/#organization\"},\"potentialAction\":[{\"@type\":\"SearchAction\",\"target\":{\"@type\":\"EntryPoint\",\"urlTemplate\":\"https:\/\/www.alovey.com\/?s={search_term_string}\"},\"query-input\":{\"@type\":\"PropertyValueSpecification\",\"valueRequired\":true,\"valueName\":\"search_term_string\"}}],\"inLanguage\":\"es\"},{\"@type\":\"Organization\",\"@id\":\"https:\/\/www.alovey.com\/#organization\",\"name\":\"Best Cosmetic Packaging Manufacture\",\"url\":\"https:\/\/www.alovey.com\/\",\"logo\":{\"@type\":\"ImageObject\",\"inLanguage\":\"es\",\"@id\":\"https:\/\/www.alovey.com\/#\/schema\/logo\/image\/\",\"url\":\"https:\/\/www.alovey.com\/wp-content\/uploads\/2023\/03\/logo.png\",\"contentUrl\":\"https:\/\/www.alovey.com\/wp-content\/uploads\/2023\/03\/logo.png\",\"width\":505,\"height\":180,\"caption\":\"Best  Cosmetic Packaging Manufacture\"},\"image\":{\"@id\":\"https:\/\/www.alovey.com\/#\/schema\/logo\/image\/\"}}]}<\/script>\n<!-- \/ Yoast SEO plugin. -->","yoast_head_json":{"title":"Metallic Polyhedron Lipstick Tube Plastic Cosmetic Packaging","description":"This plastic metallic polyhedron lipstick tube features a unique geometric design that stands out with a chic, fashionable, and creative look.","robots":{"index":"index","follow":"follow","max-snippet":"max-snippet:-1","max-image-preview":"max-image-preview:large","max-video-preview":"max-video-preview:-1"},"canonical":"https:\/\/www.alovey.com\/es\/producto\/metallic-polyhedron-lipstick-tube-plastic-cosmetic-packaging\/","og_locale":"es_ES","og_type":"article","og_title":"Metallic Polyhedron Lipstick Tube Plastic Cosmetic Packaging","og_description":"This plastic metallic polyhedron lipstick tube features a unique geometric design that stands out with a chic, fashionable, and creative look.","og_url":"https:\/\/www.alovey.com\/es\/producto\/metallic-polyhedron-lipstick-tube-plastic-cosmetic-packaging\/","og_site_name":"Best Cosmetic Packaging Manufacture","article_modified_time":"2026-04-07T02:20:21+00:00","og_image":[{"width":750,"height":750,"url":"https:\/\/www.alovey.com\/wp-content\/uploads\/2026\/04\/Plastic-metallic-unique-design-polyhedron-shape-lipstick-tube-1.jpg","type":"image\/jpeg"}],"twitter_card":"summary_large_image","twitter_misc":{"Tiempo de lectura":"3 minutos"},"schema":{"@context":"https:\/\/schema.org","@graph":[{"@type":"WebPage","@id":"https:\/\/www.alovey.com\/product\/metallic-polyhedron-lipstick-tube-plastic-cosmetic-packaging\/","url":"https:\/\/www.alovey.com\/product\/metallic-polyhedron-lipstick-tube-plastic-cosmetic-packaging\/","name":"Metallic Polyhedron Lipstick Tube Plastic Cosmetic Packaging","isPartOf":{"@id":"https:\/\/www.alovey.com\/#website"},"primaryImageOfPage":{"@id":"https:\/\/www.alovey.com\/product\/metallic-polyhedron-lipstick-tube-plastic-cosmetic-packaging\/#primaryimage"},"image":{"@id":"https:\/\/www.alovey.com\/product\/metallic-polyhedron-lipstick-tube-plastic-cosmetic-packaging\/#primaryimage"},"thumbnailUrl":"https:\/\/www.alovey.com\/wp-content\/uploads\/2026\/04\/Plastic-metallic-unique-design-polyhedron-shape-lipstick-tube-1.jpg","datePublished":"2026-04-07T02:11:06+00:00","dateModified":"2026-04-07T02:20:21+00:00","description":"This plastic metallic polyhedron lipstick tube features a unique geometric design that stands out with a chic, fashionable, and creative look.","breadcrumb":{"@id":"https:\/\/www.alovey.com\/product\/metallic-polyhedron-lipstick-tube-plastic-cosmetic-packaging\/#breadcrumb"},"inLanguage":"es","potentialAction":[{"@type":"ReadAction","target":["https:\/\/www.alovey.com\/product\/metallic-polyhedron-lipstick-tube-plastic-cosmetic-packaging\/"]}]},{"@type":"ImageObject","inLanguage":"es","@id":"https:\/\/www.alovey.com\/product\/metallic-polyhedron-lipstick-tube-plastic-cosmetic-packaging\/#primaryimage","url":"https:\/\/www.alovey.com\/wp-content\/uploads\/2026\/04\/Plastic-metallic-unique-design-polyhedron-shape-lipstick-tube-1.jpg","contentUrl":"https:\/\/www.alovey.com\/wp-content\/uploads\/2026\/04\/Plastic-metallic-unique-design-polyhedron-shape-lipstick-tube-1.jpg","width":750,"height":750,"caption":"Unique Metallic Polyhedron Lipstick Tube Plastic Cosmetic Packaging"},{"@type":"BreadcrumbList","@id":"https:\/\/www.alovey.com\/product\/metallic-polyhedron-lipstick-tube-plastic-cosmetic-packaging\/#breadcrumb","itemListElement":[{"@type":"ListItem","position":1,"name":"\u9996\u9875","item":"https:\/\/www.alovey.com\/"},{"@type":"ListItem","position":2,"name":"Products","item":"https:\/\/www.alovey.com\/products\/"},{"@type":"ListItem","position":3,"name":"Unique Metallic Polyhedron Lipstick Tube Plastic Cosmetic Packaging"}]},{"@type":"WebSite","@id":"https:\/\/www.alovey.com\/#website","url":"https:\/\/www.alovey.com\/","name":"Best Cosmetic Packaging Manufacture","description":"Alovey Cosmetic Packaging S.L.","publisher":{"@id":"https:\/\/www.alovey.com\/#organization"},"potentialAction":[{"@type":"SearchAction","target":{"@type":"EntryPoint","urlTemplate":"https:\/\/www.alovey.com\/?s={search_term_string}"},"query-input":{"@type":"PropertyValueSpecification","valueRequired":true,"valueName":"search_term_string"}}],"inLanguage":"es"},{"@type":"Organization","@id":"https:\/\/www.alovey.com\/#organization","name":"Best Cosmetic Packaging Manufacture","url":"https:\/\/www.alovey.com\/","logo":{"@type":"ImageObject","inLanguage":"es","@id":"https:\/\/www.alovey.com\/#\/schema\/logo\/image\/","url":"https:\/\/www.alovey.com\/wp-content\/uploads\/2023\/03\/logo.png","contentUrl":"https:\/\/www.alovey.com\/wp-content\/uploads\/2023\/03\/logo.png","width":505,"height":180,"caption":"Best  Cosmetic Packaging Manufacture"},"image":{"@id":"https:\/\/www.alovey.com\/#\/schema\/logo\/image\/"}}]}},"_links":{"self":[{"href":"https:\/\/www.alovey.com\/es\/wp-json\/wp\/v2\/product\/12829"}],"collection":[{"href":"https:\/\/www.alovey.com\/es\/wp-json\/wp\/v2\/product"}],"about":[{"href":"https:\/\/www.alovey.com\/es\/wp-json\/wp\/v2\/types\/product"}],"wp:featuredmedia":[{"embeddable":true,"href":"https:\/\/www.alovey.com\/es\/wp-json\/wp\/v2\/media\/12832"}],"wp:attachment":[{"href":"https:\/\/www.alovey.com\/es\/wp-json\/wp\/v2\/media?parent=12829"}],"wp:term":[{"taxonomy":"product_brand","embeddable":true,"href":"https:\/\/www.alovey.com\/es\/wp-json\/wp\/v2\/product_brand?post=12829"},{"taxonomy":"product_cat","embeddable":true,"href":"https:\/\/www.alovey.com\/es\/wp-json\/wp\/v2\/product_cat?post=12829"},{"taxonomy":"product_tag","embeddable":true,"href":"https:\/\/www.alovey.com\/es\/wp-json\/wp\/v2\/product_tag?post=12829"}],"curies":[{"name":"wp","href":"https:\/\/api.w.org\/{rel}","templated":true}]}}