{"id":12814,"date":"2026-04-02T02:24:27","date_gmt":"2026-04-02T02:24:27","guid":{"rendered":"https:\/\/www.alovey.com\/?post_type=product&#038;p=12814"},"modified":"2026-04-02T02:48:05","modified_gmt":"2026-04-02T02:48:05","slug":"gold-square-18-grid-empty-eyeshadow-palette","status":"publish","type":"product","link":"https:\/\/www.alovey.com\/es\/producto\/gold-square-18-grid-empty-eyeshadow-palette\/","title":{"rendered":"Gold Square 18 Grid Empty Eyeshadow Palette"},"content":{"rendered":"<p><strong>This empty eyeshadow palette features 18 grids for efficient storage of various makeup types, including eyeshadow, blush, lipstick, highlighter, and foundation.<\/strong><\/p>\n<p><strong>Made from sturdy ABS plastic, the\u00a0empty eyeshadow palette provides reliable protection for your cosmetics, preventing leaks and breakage. Its durable design ensures that your products stay secure and intact during transport.<\/strong><\/p>\n<p><strong>Alovey, como fabricante profesional chino de envases para cosm\u00e9ticos, produce una exquisita gama de envases personalizados para cosm\u00e9ticos, meticulosamente elaborados para elevar su marca. Nuestra variada selecci\u00f3n de materiales de primera calidad, combinada con delicadas t\u00e9cnicas de acabado superficial como la serigraf\u00eda, la estampaci\u00f3n en caliente y la pulverizaci\u00f3n mate, garantiza que cada envase sea una obra maestra \u00fanica.<\/strong><\/p>\n<p><img fetchpriority=\"high\" decoding=\"async\" class=\"size-full wp-image-12815\" src=\"https:\/\/www.alovey.com\/wp-content\/uploads\/2026\/04\/Gold-Square-18-Grid-Empty-Eyeshadow-Palette-3.jpg\" alt=\"Empty Eyeshadow Palette\" width=\"750\" height=\"750\" srcset=\"https:\/\/www.alovey.com\/wp-content\/uploads\/2026\/04\/Gold-Square-18-Grid-Empty-Eyeshadow-Palette-3.jpg 750w, https:\/\/www.alovey.com\/wp-content\/uploads\/2026\/04\/Gold-Square-18-Grid-Empty-Eyeshadow-Palette-3-300x300.jpg 300w, https:\/\/www.alovey.com\/wp-content\/uploads\/2026\/04\/Gold-Square-18-Grid-Empty-Eyeshadow-Palette-3-150x150.jpg 150w, https:\/\/www.alovey.com\/wp-content\/uploads\/2026\/04\/Gold-Square-18-Grid-Empty-Eyeshadow-Palette-3-12x12.jpg 12w, https:\/\/www.alovey.com\/wp-content\/uploads\/2026\/04\/Gold-Square-18-Grid-Empty-Eyeshadow-Palette-3-600x600.jpg 600w, https:\/\/www.alovey.com\/wp-content\/uploads\/2026\/04\/Gold-Square-18-Grid-Empty-Eyeshadow-Palette-3-100x100.jpg 100w\" sizes=\"(max-width: 750px) 100vw, 750px\" \/><\/p>\n<p><img decoding=\"async\" class=\"size-full wp-image-12816\" src=\"https:\/\/www.alovey.com\/wp-content\/uploads\/2026\/04\/Gold-Square-18-Grid-Empty-Eyeshadow-Palette-4.jpg\" alt=\"Empty Eyeshadow Palette\" width=\"750\" height=\"750\" srcset=\"https:\/\/www.alovey.com\/wp-content\/uploads\/2026\/04\/Gold-Square-18-Grid-Empty-Eyeshadow-Palette-4.jpg 750w, https:\/\/www.alovey.com\/wp-content\/uploads\/2026\/04\/Gold-Square-18-Grid-Empty-Eyeshadow-Palette-4-300x300.jpg 300w, https:\/\/www.alovey.com\/wp-content\/uploads\/2026\/04\/Gold-Square-18-Grid-Empty-Eyeshadow-Palette-4-150x150.jpg 150w, https:\/\/www.alovey.com\/wp-content\/uploads\/2026\/04\/Gold-Square-18-Grid-Empty-Eyeshadow-Palette-4-12x12.jpg 12w, https:\/\/www.alovey.com\/wp-content\/uploads\/2026\/04\/Gold-Square-18-Grid-Empty-Eyeshadow-Palette-4-600x600.jpg 600w, https:\/\/www.alovey.com\/wp-content\/uploads\/2026\/04\/Gold-Square-18-Grid-Empty-Eyeshadow-Palette-4-100x100.jpg 100w\" sizes=\"(max-width: 750px) 100vw, 750px\" \/><\/p>\n<p><img decoding=\"async\" class=\"size-full wp-image-12819\" src=\"https:\/\/www.alovey.com\/wp-content\/uploads\/2026\/04\/Gold-Square-18-Grid-Empty-Eyeshadow-Palette-1.jpg\" alt=\"Empty Eyeshadow Palette\" width=\"750\" height=\"750\" srcset=\"https:\/\/www.alovey.com\/wp-content\/uploads\/2026\/04\/Gold-Square-18-Grid-Empty-Eyeshadow-Palette-1.jpg 750w, https:\/\/www.alovey.com\/wp-content\/uploads\/2026\/04\/Gold-Square-18-Grid-Empty-Eyeshadow-Palette-1-300x300.jpg 300w, https:\/\/www.alovey.com\/wp-content\/uploads\/2026\/04\/Gold-Square-18-Grid-Empty-Eyeshadow-Palette-1-150x150.jpg 150w, https:\/\/www.alovey.com\/wp-content\/uploads\/2026\/04\/Gold-Square-18-Grid-Empty-Eyeshadow-Palette-1-12x12.jpg 12w, https:\/\/www.alovey.com\/wp-content\/uploads\/2026\/04\/Gold-Square-18-Grid-Empty-Eyeshadow-Palette-1-600x600.jpg 600w, https:\/\/www.alovey.com\/wp-content\/uploads\/2026\/04\/Gold-Square-18-Grid-Empty-Eyeshadow-Palette-1-100x100.jpg 100w\" sizes=\"(max-width: 750px) 100vw, 750px\" \/><\/p>\n<p><img loading=\"lazy\" decoding=\"async\" class=\"size-full wp-image-12820\" src=\"https:\/\/www.alovey.com\/wp-content\/uploads\/2026\/04\/Gold-Square-18-Grid-Empty-Eyeshadow-Palette-2.jpg\" alt=\"Empty Eyeshadow Palette\" width=\"750\" height=\"750\" srcset=\"https:\/\/www.alovey.com\/wp-content\/uploads\/2026\/04\/Gold-Square-18-Grid-Empty-Eyeshadow-Palette-2.jpg 750w, https:\/\/www.alovey.com\/wp-content\/uploads\/2026\/04\/Gold-Square-18-Grid-Empty-Eyeshadow-Palette-2-300x300.jpg 300w, https:\/\/www.alovey.com\/wp-content\/uploads\/2026\/04\/Gold-Square-18-Grid-Empty-Eyeshadow-Palette-2-150x150.jpg 150w, https:\/\/www.alovey.com\/wp-content\/uploads\/2026\/04\/Gold-Square-18-Grid-Empty-Eyeshadow-Palette-2-12x12.jpg 12w, https:\/\/www.alovey.com\/wp-content\/uploads\/2026\/04\/Gold-Square-18-Grid-Empty-Eyeshadow-Palette-2-600x600.jpg 600w, https:\/\/www.alovey.com\/wp-content\/uploads\/2026\/04\/Gold-Square-18-Grid-Empty-Eyeshadow-Palette-2-100x100.jpg 100w\" sizes=\"(max-width: 750px) 100vw, 750px\" \/><\/p>\n<p><img loading=\"lazy\" decoding=\"async\" class=\"size-full wp-image-12818\" src=\"https:\/\/www.alovey.com\/wp-content\/uploads\/2026\/04\/Gold-Square-18-Grid-Empty-Eyeshadow-Palette-6.jpg\" alt=\"Empty Eyeshadow Palette\" width=\"750\" height=\"750\" srcset=\"https:\/\/www.alovey.com\/wp-content\/uploads\/2026\/04\/Gold-Square-18-Grid-Empty-Eyeshadow-Palette-6.jpg 750w, https:\/\/www.alovey.com\/wp-content\/uploads\/2026\/04\/Gold-Square-18-Grid-Empty-Eyeshadow-Palette-6-300x300.jpg 300w, https:\/\/www.alovey.com\/wp-content\/uploads\/2026\/04\/Gold-Square-18-Grid-Empty-Eyeshadow-Palette-6-150x150.jpg 150w, https:\/\/www.alovey.com\/wp-content\/uploads\/2026\/04\/Gold-Square-18-Grid-Empty-Eyeshadow-Palette-6-12x12.jpg 12w, https:\/\/www.alovey.com\/wp-content\/uploads\/2026\/04\/Gold-Square-18-Grid-Empty-Eyeshadow-Palette-6-600x600.jpg 600w, https:\/\/www.alovey.com\/wp-content\/uploads\/2026\/04\/Gold-Square-18-Grid-Empty-Eyeshadow-Palette-6-100x100.jpg 100w\" sizes=\"(max-width: 750px) 100vw, 750px\" \/><\/p>\n<p>&nbsp;<\/p>\n<p>&nbsp;<\/p>\n<p>&nbsp;<\/p>\n<p>&nbsp;<\/p>\n<p>&nbsp;<\/p>\n<p>&nbsp;<\/p>\n<p>&nbsp;<\/p>\n<p>&nbsp;<\/p>\n<p>&nbsp;<\/p>\n<p>&nbsp;<\/p>\n<p>&nbsp;<\/p>\n<p>&nbsp;<\/p>\n<p>&nbsp;<\/p>\n<p>&nbsp;<\/p>\n<p>&nbsp;<\/p>\n<p>&nbsp;<\/p>\n<p>&nbsp;<\/p>\n<p>&nbsp;<\/p>\n<p>&nbsp;<\/p>\n<p>&nbsp;<\/p>\n<p>&nbsp;<\/p>\n<p>&nbsp;<\/p>\n<p>&nbsp;<\/p>\n<p>&nbsp;<\/p>\n<p>&nbsp;<\/p>\n<p>&nbsp;<\/p>\n<p>&nbsp;<\/p>\n<p>&nbsp;<\/p>\n<p>&nbsp;<\/p>\n<p>&nbsp;<\/p>\n<p>&nbsp;<\/p>\n<p>&nbsp;<\/p>\n<p>&nbsp;<\/p>\n<p>&nbsp;<\/p>\n<p>&nbsp;<\/p>\n<p>&nbsp;<\/p>\n<p>&nbsp;<\/p>\n<p>&nbsp;<\/p>\n<p>&nbsp;<\/p>\n<p>&nbsp;<\/p>\n<p>&nbsp;<\/p>\n<p>&nbsp;<\/p>\n<p>&nbsp;<\/p>\n<p>&nbsp;<\/p>\n<p>&nbsp;<\/p>\n<p>&nbsp;<\/p>\n<p>&nbsp;<\/p>\n<p>&nbsp;<\/p>\n<p>&nbsp;<\/p>\n<p>&nbsp;<\/p>\n<p>&nbsp;<\/p>\n<p>&nbsp;<\/p>\n<p>&nbsp;<\/p>\n<p>&nbsp;<\/p>\n<p>&nbsp;<\/p>\n<p>&nbsp;<\/p>\n<p>&nbsp;<\/p>\n<p>&nbsp;<\/p>\n<p>&nbsp;<\/p>\n<p>&nbsp;<\/p>\n<p>&nbsp;<\/p>\n<p>&nbsp;<\/p>\n<p>&nbsp;<\/p>\n<p>&nbsp;<\/p>\n<p>&nbsp;<\/p>\n<p>&nbsp;<\/p>\n<p>&nbsp;<\/p>\n<p>&nbsp;<\/p>\n<p>&nbsp;<\/p>\n<p>&nbsp;<\/p>\n<p>&nbsp;<\/p>\n<p>&nbsp;<\/p>\n<p>&nbsp;<\/p>\n<p>&nbsp;<\/p>\n<p>&nbsp;<\/p>\n<p>&nbsp;<\/p>\n<p>&nbsp;<\/p>\n<p>&nbsp;<\/p>\n<p>&nbsp;<\/p>\n<p>&nbsp;<\/p>\n<p>&nbsp;<\/p>\n<p>&nbsp;<\/p>\n<p>&nbsp;<\/p>\n<p>&nbsp;<\/p>\n<p>&nbsp;<\/p>\n<p>&nbsp;<\/p>\n<p>&nbsp;<\/p>\n<p>&nbsp;<\/p>\n<p>&nbsp;<\/p>\n<p>&nbsp;<\/p>\n<p>&nbsp;<\/p>\n<p>&nbsp;<\/p>\n<p>&nbsp;<\/p>\n<p>&nbsp;<\/p>\n<p>&nbsp;<\/p>\n<p>&nbsp;<\/p>\n<p>&nbsp;<\/p>\n<p>&nbsp;<\/p>\n<p>&nbsp;<\/p>\n<p>&nbsp;<\/p>\n<p>&nbsp;<\/p>\n<p>&nbsp;<\/p>\n<p>&nbsp;<\/p>\n<p>&nbsp;<\/p>\n<p>&nbsp;<\/p>\n<p>&nbsp;<\/p>\n<p>&nbsp;<\/p>\n<p>&nbsp;<\/p>\n<p>&nbsp;<\/p>\n<p>&nbsp;<\/p>\n<p>&nbsp;<\/p>\n<p>&nbsp;<\/p>\n<p>&nbsp;<\/p>\n<p>&nbsp;<\/p>\n<p>&nbsp;<\/p>\n<p>&nbsp;<\/p>\n<p>&nbsp;<\/p>\n<p>&nbsp;<\/p>\n<p>&nbsp;<\/p>\n<p>&nbsp;<\/p>","protected":false},"excerpt":{"rendered":"<ul>\n<li>Item No:E-0510A<\/li>\n<li>Material:\u00a0Plastic<\/li>\n<li>Size:L128*W75*H12MM<\/li>\n<li>Aplicaciones: Productos de belleza<\/li>\n<li>MOQ: 12.000 piezas<\/li>\n<li>Color: Color personalizado<\/li>\n<li>Surface treatment: Injection\/Matte\/Metalization\/UV coating<\/li>\n<li>Nombre de marca: OEM\/ODM<\/li>\n<li>Logotipo: Logotipo del cliente<\/li>\n<li>Capacidad de suministro: 100.000 piezas al mes<\/li>\n<\/ul>","protected":false},"featured_media":12817,"template":"","meta":{"_acf_changed":false},"product_brand":[],"product_cat":[378],"product_tag":[393],"class_list":{"0":"post-12814","1":"product","2":"type-product","3":"status-publish","4":"has-post-thumbnail","6":"product_cat-custom-eyeshadow-packaging","7":"product_tag-eyeshadow-case","9":"first","10":"instock","11":"shipping-taxable","12":"product-type-simple"},"acf":[],"yoast_head":"<!-- This site is optimized with the Yoast SEO plugin v24.1 - https:\/\/yoast.com\/wordpress\/plugins\/seo\/ -->\n<title>Gold Square 18 Grid Empty Eyeshadow Palette<\/title>\n<meta name=\"description\" content=\"This empty eyeshadow palette features 18 grids for efficient storage of various makeup types, including eyeshadow, blush, highlighter, and foundation.\" \/>\n<meta name=\"robots\" content=\"index, follow, max-snippet:-1, max-image-preview:large, max-video-preview:-1\" \/>\n<link rel=\"canonical\" href=\"https:\/\/www.alovey.com\/es\/producto\/gold-square-18-grid-empty-eyeshadow-palette\/\" \/>\n<meta property=\"og:locale\" content=\"es_ES\" \/>\n<meta property=\"og:type\" content=\"article\" \/>\n<meta property=\"og:title\" content=\"Gold Square 18 Grid Empty Eyeshadow Palette\" \/>\n<meta property=\"og:description\" content=\"This empty eyeshadow palette features 18 grids for efficient storage of various makeup types, including eyeshadow, blush, highlighter, and foundation.\" \/>\n<meta property=\"og:url\" content=\"https:\/\/www.alovey.com\/es\/producto\/gold-square-18-grid-empty-eyeshadow-palette\/\" \/>\n<meta property=\"og:site_name\" content=\"Best Cosmetic Packaging Manufacture\" \/>\n<meta property=\"article:modified_time\" content=\"2026-04-02T02:48:05+00:00\" \/>\n<meta property=\"og:image\" content=\"https:\/\/www.alovey.com\/wp-content\/uploads\/2026\/04\/Gold-Square-18-Grid-Empty-Eyeshadow-Palette-5.jpg\" \/>\n\t<meta property=\"og:image:width\" content=\"750\" \/>\n\t<meta property=\"og:image:height\" content=\"750\" \/>\n\t<meta property=\"og:image:type\" content=\"image\/jpeg\" \/>\n<meta name=\"twitter:card\" content=\"summary_large_image\" \/>\n<meta name=\"twitter:label1\" content=\"Tiempo de lectura\" \/>\n\t<meta name=\"twitter:data1\" content=\"2 minutos\" \/>\n<script type=\"application\/ld+json\" class=\"yoast-schema-graph\">{\"@context\":\"https:\/\/schema.org\",\"@graph\":[{\"@type\":\"WebPage\",\"@id\":\"https:\/\/www.alovey.com\/product\/gold-square-18-grid-empty-eyeshadow-palette\/\",\"url\":\"https:\/\/www.alovey.com\/product\/gold-square-18-grid-empty-eyeshadow-palette\/\",\"name\":\"Gold Square 18 Grid Empty Eyeshadow Palette\",\"isPartOf\":{\"@id\":\"https:\/\/www.alovey.com\/#website\"},\"primaryImageOfPage\":{\"@id\":\"https:\/\/www.alovey.com\/product\/gold-square-18-grid-empty-eyeshadow-palette\/#primaryimage\"},\"image\":{\"@id\":\"https:\/\/www.alovey.com\/product\/gold-square-18-grid-empty-eyeshadow-palette\/#primaryimage\"},\"thumbnailUrl\":\"https:\/\/www.alovey.com\/wp-content\/uploads\/2026\/04\/Gold-Square-18-Grid-Empty-Eyeshadow-Palette-5.jpg\",\"datePublished\":\"2026-04-02T02:24:27+00:00\",\"dateModified\":\"2026-04-02T02:48:05+00:00\",\"description\":\"This empty eyeshadow palette features 18 grids for efficient storage of various makeup types, including eyeshadow, blush, highlighter, and foundation.\",\"breadcrumb\":{\"@id\":\"https:\/\/www.alovey.com\/product\/gold-square-18-grid-empty-eyeshadow-palette\/#breadcrumb\"},\"inLanguage\":\"es\",\"potentialAction\":[{\"@type\":\"ReadAction\",\"target\":[\"https:\/\/www.alovey.com\/product\/gold-square-18-grid-empty-eyeshadow-palette\/\"]}]},{\"@type\":\"ImageObject\",\"inLanguage\":\"es\",\"@id\":\"https:\/\/www.alovey.com\/product\/gold-square-18-grid-empty-eyeshadow-palette\/#primaryimage\",\"url\":\"https:\/\/www.alovey.com\/wp-content\/uploads\/2026\/04\/Gold-Square-18-Grid-Empty-Eyeshadow-Palette-5.jpg\",\"contentUrl\":\"https:\/\/www.alovey.com\/wp-content\/uploads\/2026\/04\/Gold-Square-18-Grid-Empty-Eyeshadow-Palette-5.jpg\",\"width\":750,\"height\":750,\"caption\":\"Gold Square 18 Grid Empty Eyeshadow Palette\"},{\"@type\":\"BreadcrumbList\",\"@id\":\"https:\/\/www.alovey.com\/product\/gold-square-18-grid-empty-eyeshadow-palette\/#breadcrumb\",\"itemListElement\":[{\"@type\":\"ListItem\",\"position\":1,\"name\":\"\u9996\u9875\",\"item\":\"https:\/\/www.alovey.com\/\"},{\"@type\":\"ListItem\",\"position\":2,\"name\":\"Products\",\"item\":\"https:\/\/www.alovey.com\/products\/\"},{\"@type\":\"ListItem\",\"position\":3,\"name\":\"Gold Square 18 Grid Empty Eyeshadow Palette\"}]},{\"@type\":\"WebSite\",\"@id\":\"https:\/\/www.alovey.com\/#website\",\"url\":\"https:\/\/www.alovey.com\/\",\"name\":\"Best Cosmetic Packaging Manufacture\",\"description\":\"Alovey Cosmetic Packaging Co.,Ltd\",\"publisher\":{\"@id\":\"https:\/\/www.alovey.com\/#organization\"},\"potentialAction\":[{\"@type\":\"SearchAction\",\"target\":{\"@type\":\"EntryPoint\",\"urlTemplate\":\"https:\/\/www.alovey.com\/?s={search_term_string}\"},\"query-input\":{\"@type\":\"PropertyValueSpecification\",\"valueRequired\":true,\"valueName\":\"search_term_string\"}}],\"inLanguage\":\"es\"},{\"@type\":\"Organization\",\"@id\":\"https:\/\/www.alovey.com\/#organization\",\"name\":\"Best Cosmetic Packaging Manufacture\",\"url\":\"https:\/\/www.alovey.com\/\",\"logo\":{\"@type\":\"ImageObject\",\"inLanguage\":\"es\",\"@id\":\"https:\/\/www.alovey.com\/#\/schema\/logo\/image\/\",\"url\":\"https:\/\/www.alovey.com\/wp-content\/uploads\/2023\/03\/logo.png\",\"contentUrl\":\"https:\/\/www.alovey.com\/wp-content\/uploads\/2023\/03\/logo.png\",\"width\":505,\"height\":180,\"caption\":\"Best  Cosmetic Packaging Manufacture\"},\"image\":{\"@id\":\"https:\/\/www.alovey.com\/#\/schema\/logo\/image\/\"}}]}<\/script>\n<!-- \/ Yoast SEO plugin. -->","yoast_head_json":{"title":"Gold Square 18 Grid Empty Eyeshadow Palette","description":"This empty eyeshadow palette features 18 grids for efficient storage of various makeup types, including eyeshadow, blush, highlighter, and foundation.","robots":{"index":"index","follow":"follow","max-snippet":"max-snippet:-1","max-image-preview":"max-image-preview:large","max-video-preview":"max-video-preview:-1"},"canonical":"https:\/\/www.alovey.com\/es\/producto\/gold-square-18-grid-empty-eyeshadow-palette\/","og_locale":"es_ES","og_type":"article","og_title":"Gold Square 18 Grid Empty Eyeshadow Palette","og_description":"This empty eyeshadow palette features 18 grids for efficient storage of various makeup types, including eyeshadow, blush, highlighter, and foundation.","og_url":"https:\/\/www.alovey.com\/es\/producto\/gold-square-18-grid-empty-eyeshadow-palette\/","og_site_name":"Best Cosmetic Packaging Manufacture","article_modified_time":"2026-04-02T02:48:05+00:00","og_image":[{"width":750,"height":750,"url":"https:\/\/www.alovey.com\/wp-content\/uploads\/2026\/04\/Gold-Square-18-Grid-Empty-Eyeshadow-Palette-5.jpg","type":"image\/jpeg"}],"twitter_card":"summary_large_image","twitter_misc":{"Tiempo de lectura":"2 minutos"},"schema":{"@context":"https:\/\/schema.org","@graph":[{"@type":"WebPage","@id":"https:\/\/www.alovey.com\/product\/gold-square-18-grid-empty-eyeshadow-palette\/","url":"https:\/\/www.alovey.com\/product\/gold-square-18-grid-empty-eyeshadow-palette\/","name":"Gold Square 18 Grid Empty Eyeshadow Palette","isPartOf":{"@id":"https:\/\/www.alovey.com\/#website"},"primaryImageOfPage":{"@id":"https:\/\/www.alovey.com\/product\/gold-square-18-grid-empty-eyeshadow-palette\/#primaryimage"},"image":{"@id":"https:\/\/www.alovey.com\/product\/gold-square-18-grid-empty-eyeshadow-palette\/#primaryimage"},"thumbnailUrl":"https:\/\/www.alovey.com\/wp-content\/uploads\/2026\/04\/Gold-Square-18-Grid-Empty-Eyeshadow-Palette-5.jpg","datePublished":"2026-04-02T02:24:27+00:00","dateModified":"2026-04-02T02:48:05+00:00","description":"This empty eyeshadow palette features 18 grids for efficient storage of various makeup types, including eyeshadow, blush, highlighter, and foundation.","breadcrumb":{"@id":"https:\/\/www.alovey.com\/product\/gold-square-18-grid-empty-eyeshadow-palette\/#breadcrumb"},"inLanguage":"es","potentialAction":[{"@type":"ReadAction","target":["https:\/\/www.alovey.com\/product\/gold-square-18-grid-empty-eyeshadow-palette\/"]}]},{"@type":"ImageObject","inLanguage":"es","@id":"https:\/\/www.alovey.com\/product\/gold-square-18-grid-empty-eyeshadow-palette\/#primaryimage","url":"https:\/\/www.alovey.com\/wp-content\/uploads\/2026\/04\/Gold-Square-18-Grid-Empty-Eyeshadow-Palette-5.jpg","contentUrl":"https:\/\/www.alovey.com\/wp-content\/uploads\/2026\/04\/Gold-Square-18-Grid-Empty-Eyeshadow-Palette-5.jpg","width":750,"height":750,"caption":"Gold Square 18 Grid Empty Eyeshadow Palette"},{"@type":"BreadcrumbList","@id":"https:\/\/www.alovey.com\/product\/gold-square-18-grid-empty-eyeshadow-palette\/#breadcrumb","itemListElement":[{"@type":"ListItem","position":1,"name":"\u9996\u9875","item":"https:\/\/www.alovey.com\/"},{"@type":"ListItem","position":2,"name":"Products","item":"https:\/\/www.alovey.com\/products\/"},{"@type":"ListItem","position":3,"name":"Gold Square 18 Grid Empty Eyeshadow Palette"}]},{"@type":"WebSite","@id":"https:\/\/www.alovey.com\/#website","url":"https:\/\/www.alovey.com\/","name":"Best Cosmetic Packaging Manufacture","description":"Alovey Cosmetic Packaging S.L.","publisher":{"@id":"https:\/\/www.alovey.com\/#organization"},"potentialAction":[{"@type":"SearchAction","target":{"@type":"EntryPoint","urlTemplate":"https:\/\/www.alovey.com\/?s={search_term_string}"},"query-input":{"@type":"PropertyValueSpecification","valueRequired":true,"valueName":"search_term_string"}}],"inLanguage":"es"},{"@type":"Organization","@id":"https:\/\/www.alovey.com\/#organization","name":"Best Cosmetic Packaging Manufacture","url":"https:\/\/www.alovey.com\/","logo":{"@type":"ImageObject","inLanguage":"es","@id":"https:\/\/www.alovey.com\/#\/schema\/logo\/image\/","url":"https:\/\/www.alovey.com\/wp-content\/uploads\/2023\/03\/logo.png","contentUrl":"https:\/\/www.alovey.com\/wp-content\/uploads\/2023\/03\/logo.png","width":505,"height":180,"caption":"Best  Cosmetic Packaging Manufacture"},"image":{"@id":"https:\/\/www.alovey.com\/#\/schema\/logo\/image\/"}}]}},"_links":{"self":[{"href":"https:\/\/www.alovey.com\/es\/wp-json\/wp\/v2\/product\/12814"}],"collection":[{"href":"https:\/\/www.alovey.com\/es\/wp-json\/wp\/v2\/product"}],"about":[{"href":"https:\/\/www.alovey.com\/es\/wp-json\/wp\/v2\/types\/product"}],"wp:featuredmedia":[{"embeddable":true,"href":"https:\/\/www.alovey.com\/es\/wp-json\/wp\/v2\/media\/12817"}],"wp:attachment":[{"href":"https:\/\/www.alovey.com\/es\/wp-json\/wp\/v2\/media?parent=12814"}],"wp:term":[{"taxonomy":"product_brand","embeddable":true,"href":"https:\/\/www.alovey.com\/es\/wp-json\/wp\/v2\/product_brand?post=12814"},{"taxonomy":"product_cat","embeddable":true,"href":"https:\/\/www.alovey.com\/es\/wp-json\/wp\/v2\/product_cat?post=12814"},{"taxonomy":"product_tag","embeddable":true,"href":"https:\/\/www.alovey.com\/es\/wp-json\/wp\/v2\/product_tag?post=12814"}],"curies":[{"name":"wp","href":"https:\/\/api.w.org\/{rel}","templated":true}]}}