{"id":12806,"date":"2026-04-01T02:14:37","date_gmt":"2026-04-01T02:14:37","guid":{"rendered":"https:\/\/www.alovey.com\/?post_type=product&#038;p=12806"},"modified":"2026-04-01T03:44:18","modified_gmt":"2026-04-01T03:44:18","slug":"square-metallic-pink-empty-blush-case-with-mirror","status":"publish","type":"product","link":"https:\/\/www.alovey.com\/es\/producto\/square-metallic-pink-empty-blush-case-with-mirror\/","title":{"rendered":"Square Metallic Pink Empty Blush Case With Mirror"},"content":{"rendered":"<p><strong>This pink empty eyeshadow case is compact,lightweight and square shape.<\/strong><\/p>\n<p><strong>It \u00a0is the perfect size for your purse or travel bag. Each case comes with a secure lid that ensures a tight seal to prevent spills and keep your makeup intact.<\/strong><\/p>\n<p><strong>The built-in mirror adds convenience for on-the-go touch-ups. Ideal for storing blush, single eyeshadows, or other small cosmetics.<\/strong><\/p>\n<p><strong>Alovey, como fabricante profesional chino de envases para cosm\u00e9ticos, produce una exquisita gama de envases personalizados para cosm\u00e9ticos, meticulosamente elaborados para elevar su marca. Nuestra variada selecci\u00f3n de materiales de primera calidad, combinada con delicadas t\u00e9cnicas de acabado superficial como la serigraf\u00eda, la estampaci\u00f3n en caliente y la pulverizaci\u00f3n mate, garantiza que cada envase sea una obra maestra \u00fanica.<\/strong><\/p>\n<p><img fetchpriority=\"high\" decoding=\"async\" class=\"size-full wp-image-12807\" src=\"https:\/\/www.alovey.com\/wp-content\/uploads\/2026\/04\/Square-metallic-pink-empty-blush-case-single-eyeshadow-case-with-mirror-4.jpg\" alt=\"pink empty eyeshadow case\" width=\"750\" height=\"750\" srcset=\"https:\/\/www.alovey.com\/wp-content\/uploads\/2026\/04\/Square-metallic-pink-empty-blush-case-single-eyeshadow-case-with-mirror-4.jpg 750w, https:\/\/www.alovey.com\/wp-content\/uploads\/2026\/04\/Square-metallic-pink-empty-blush-case-single-eyeshadow-case-with-mirror-4-300x300.jpg 300w, https:\/\/www.alovey.com\/wp-content\/uploads\/2026\/04\/Square-metallic-pink-empty-blush-case-single-eyeshadow-case-with-mirror-4-150x150.jpg 150w, https:\/\/www.alovey.com\/wp-content\/uploads\/2026\/04\/Square-metallic-pink-empty-blush-case-single-eyeshadow-case-with-mirror-4-12x12.jpg 12w, https:\/\/www.alovey.com\/wp-content\/uploads\/2026\/04\/Square-metallic-pink-empty-blush-case-single-eyeshadow-case-with-mirror-4-600x600.jpg 600w, https:\/\/www.alovey.com\/wp-content\/uploads\/2026\/04\/Square-metallic-pink-empty-blush-case-single-eyeshadow-case-with-mirror-4-100x100.jpg 100w\" sizes=\"(max-width: 750px) 100vw, 750px\" \/> <img decoding=\"async\" class=\"size-full wp-image-12808\" src=\"https:\/\/www.alovey.com\/wp-content\/uploads\/2026\/04\/Square-metallic-pink-empty-blush-case-single-eyeshadow-case-with-mirror-5.jpg\" alt=\"pink empty eyeshadow case\" width=\"750\" height=\"750\" srcset=\"https:\/\/www.alovey.com\/wp-content\/uploads\/2026\/04\/Square-metallic-pink-empty-blush-case-single-eyeshadow-case-with-mirror-5.jpg 750w, https:\/\/www.alovey.com\/wp-content\/uploads\/2026\/04\/Square-metallic-pink-empty-blush-case-single-eyeshadow-case-with-mirror-5-300x300.jpg 300w, https:\/\/www.alovey.com\/wp-content\/uploads\/2026\/04\/Square-metallic-pink-empty-blush-case-single-eyeshadow-case-with-mirror-5-150x150.jpg 150w, https:\/\/www.alovey.com\/wp-content\/uploads\/2026\/04\/Square-metallic-pink-empty-blush-case-single-eyeshadow-case-with-mirror-5-12x12.jpg 12w, https:\/\/www.alovey.com\/wp-content\/uploads\/2026\/04\/Square-metallic-pink-empty-blush-case-single-eyeshadow-case-with-mirror-5-600x600.jpg 600w, https:\/\/www.alovey.com\/wp-content\/uploads\/2026\/04\/Square-metallic-pink-empty-blush-case-single-eyeshadow-case-with-mirror-5-100x100.jpg 100w\" sizes=\"(max-width: 750px) 100vw, 750px\" \/> <img decoding=\"async\" class=\"size-full wp-image-12809\" src=\"https:\/\/www.alovey.com\/wp-content\/uploads\/2026\/04\/Square-metallic-pink-empty-blush-case-single-eyeshadow-case-with-mirror-6.jpg\" alt=\"pink empty eyeshadow case\" width=\"750\" height=\"750\" srcset=\"https:\/\/www.alovey.com\/wp-content\/uploads\/2026\/04\/Square-metallic-pink-empty-blush-case-single-eyeshadow-case-with-mirror-6.jpg 750w, https:\/\/www.alovey.com\/wp-content\/uploads\/2026\/04\/Square-metallic-pink-empty-blush-case-single-eyeshadow-case-with-mirror-6-300x300.jpg 300w, https:\/\/www.alovey.com\/wp-content\/uploads\/2026\/04\/Square-metallic-pink-empty-blush-case-single-eyeshadow-case-with-mirror-6-150x150.jpg 150w, https:\/\/www.alovey.com\/wp-content\/uploads\/2026\/04\/Square-metallic-pink-empty-blush-case-single-eyeshadow-case-with-mirror-6-12x12.jpg 12w, https:\/\/www.alovey.com\/wp-content\/uploads\/2026\/04\/Square-metallic-pink-empty-blush-case-single-eyeshadow-case-with-mirror-6-600x600.jpg 600w, https:\/\/www.alovey.com\/wp-content\/uploads\/2026\/04\/Square-metallic-pink-empty-blush-case-single-eyeshadow-case-with-mirror-6-100x100.jpg 100w\" sizes=\"(max-width: 750px) 100vw, 750px\" \/> <img loading=\"lazy\" decoding=\"async\" class=\"size-full wp-image-12810\" src=\"https:\/\/www.alovey.com\/wp-content\/uploads\/2026\/04\/Square-metallic-pink-empty-blush-case-single-eyeshadow-case-with-mirror-7.jpg\" alt=\"pink empty eyeshadow case\" width=\"750\" height=\"750\" srcset=\"https:\/\/www.alovey.com\/wp-content\/uploads\/2026\/04\/Square-metallic-pink-empty-blush-case-single-eyeshadow-case-with-mirror-7.jpg 750w, https:\/\/www.alovey.com\/wp-content\/uploads\/2026\/04\/Square-metallic-pink-empty-blush-case-single-eyeshadow-case-with-mirror-7-300x300.jpg 300w, https:\/\/www.alovey.com\/wp-content\/uploads\/2026\/04\/Square-metallic-pink-empty-blush-case-single-eyeshadow-case-with-mirror-7-150x150.jpg 150w, https:\/\/www.alovey.com\/wp-content\/uploads\/2026\/04\/Square-metallic-pink-empty-blush-case-single-eyeshadow-case-with-mirror-7-12x12.jpg 12w, https:\/\/www.alovey.com\/wp-content\/uploads\/2026\/04\/Square-metallic-pink-empty-blush-case-single-eyeshadow-case-with-mirror-7-600x600.jpg 600w, https:\/\/www.alovey.com\/wp-content\/uploads\/2026\/04\/Square-metallic-pink-empty-blush-case-single-eyeshadow-case-with-mirror-7-100x100.jpg 100w\" sizes=\"(max-width: 750px) 100vw, 750px\" \/> <img loading=\"lazy\" decoding=\"async\" class=\"size-full wp-image-12811\" src=\"https:\/\/www.alovey.com\/wp-content\/uploads\/2026\/04\/Square-metallic-pink-empty-blush-case-single-eyeshadow-case-with-mirror-8.jpg\" alt=\"pink empty eyeshadow case\" width=\"750\" height=\"750\" srcset=\"https:\/\/www.alovey.com\/wp-content\/uploads\/2026\/04\/Square-metallic-pink-empty-blush-case-single-eyeshadow-case-with-mirror-8.jpg 750w, https:\/\/www.alovey.com\/wp-content\/uploads\/2026\/04\/Square-metallic-pink-empty-blush-case-single-eyeshadow-case-with-mirror-8-300x300.jpg 300w, https:\/\/www.alovey.com\/wp-content\/uploads\/2026\/04\/Square-metallic-pink-empty-blush-case-single-eyeshadow-case-with-mirror-8-150x150.jpg 150w, https:\/\/www.alovey.com\/wp-content\/uploads\/2026\/04\/Square-metallic-pink-empty-blush-case-single-eyeshadow-case-with-mirror-8-12x12.jpg 12w, https:\/\/www.alovey.com\/wp-content\/uploads\/2026\/04\/Square-metallic-pink-empty-blush-case-single-eyeshadow-case-with-mirror-8-600x600.jpg 600w, https:\/\/www.alovey.com\/wp-content\/uploads\/2026\/04\/Square-metallic-pink-empty-blush-case-single-eyeshadow-case-with-mirror-8-100x100.jpg 100w\" sizes=\"(max-width: 750px) 100vw, 750px\" \/> <img loading=\"lazy\" decoding=\"async\" class=\"size-full wp-image-12812\" src=\"https:\/\/www.alovey.com\/wp-content\/uploads\/2026\/04\/Square-metallic-pink-empty-blush-case-single-eyeshadow-case-with-mirror-1.jpg\" alt=\"pink empty eyeshadow case\" width=\"750\" height=\"750\" srcset=\"https:\/\/www.alovey.com\/wp-content\/uploads\/2026\/04\/Square-metallic-pink-empty-blush-case-single-eyeshadow-case-with-mirror-1.jpg 750w, https:\/\/www.alovey.com\/wp-content\/uploads\/2026\/04\/Square-metallic-pink-empty-blush-case-single-eyeshadow-case-with-mirror-1-300x300.jpg 300w, https:\/\/www.alovey.com\/wp-content\/uploads\/2026\/04\/Square-metallic-pink-empty-blush-case-single-eyeshadow-case-with-mirror-1-150x150.jpg 150w, https:\/\/www.alovey.com\/wp-content\/uploads\/2026\/04\/Square-metallic-pink-empty-blush-case-single-eyeshadow-case-with-mirror-1-12x12.jpg 12w, https:\/\/www.alovey.com\/wp-content\/uploads\/2026\/04\/Square-metallic-pink-empty-blush-case-single-eyeshadow-case-with-mirror-1-600x600.jpg 600w, https:\/\/www.alovey.com\/wp-content\/uploads\/2026\/04\/Square-metallic-pink-empty-blush-case-single-eyeshadow-case-with-mirror-1-100x100.jpg 100w\" sizes=\"(max-width: 750px) 100vw, 750px\" \/><\/p>\n<p>&nbsp;<\/p>\n<p>&nbsp;<\/p>\n<p>&nbsp;<\/p>\n<p>&nbsp;<\/p>\n<p>&nbsp;<\/p>\n<p>&nbsp;<\/p>\n<p>&nbsp;<\/p>\n<p>&nbsp;<\/p>\n<p>&nbsp;<\/p>\n<p>&nbsp;<\/p>\n<p>&nbsp;<\/p>\n<p>&nbsp;<\/p>\n<p>&nbsp;<\/p>\n<p>&nbsp;<\/p>\n<p>&nbsp;<\/p>\n<p>&nbsp;<\/p>\n<p>&nbsp;<\/p>\n<p>&nbsp;<\/p>\n<p>&nbsp;<\/p>\n<p>&nbsp;<\/p>\n<p>&nbsp;<\/p>\n<p>&nbsp;<\/p>\n<p>&nbsp;<\/p>\n<p>&nbsp;<\/p>\n<p>&nbsp;<\/p>\n<p>&nbsp;<\/p>\n<p>&nbsp;<\/p>\n<p>&nbsp;<\/p>\n<p>&nbsp;<\/p>\n<p>&nbsp;<\/p>\n<p>&nbsp;<\/p>\n<p>&nbsp;<\/p>\n<p>&nbsp;<\/p>\n<p>&nbsp;<\/p>\n<p>&nbsp;<\/p>\n<p>&nbsp;<\/p>\n<p>&nbsp;<\/p>\n<p>&nbsp;<\/p>\n<p>&nbsp;<\/p>\n<p>&nbsp;<\/p>\n<p>&nbsp;<\/p>\n<p>&nbsp;<\/p>\n<p>&nbsp;<\/p>\n<p>&nbsp;<\/p>\n<p>&nbsp;<\/p>\n<p>&nbsp;<\/p>\n<p>&nbsp;<\/p>","protected":false},"excerpt":{"rendered":"<ul>\n<li>Item No: E-0504A<\/li>\n<li>Size:\u00a0L55*W55*H18MM<\/li>\n<li>Aplicaciones: Productos de belleza<\/li>\n<li>MOQ: 12.000 piezas<\/li>\n<li>Color: Color personalizado<\/li>\n<li>Surface treatment: Injection\/Matte\/Metalization\/UV coating<\/li>\n<li>Nombre de marca: OEM\/ODM<\/li>\n<li>Logotipo: Logotipo del cliente<\/li>\n<li>Capacidad de suministro: 100.000 piezas al mes<\/li>\n<\/ul>","protected":false},"featured_media":12809,"template":"","meta":{"_acf_changed":false},"product_brand":[],"product_cat":[380],"product_tag":[387],"class_list":{"0":"post-12806","1":"product","2":"type-product","3":"status-publish","4":"has-post-thumbnail","6":"product_cat-cosmetic-compact-powder-cases","7":"product_tag-compact-powder-case","9":"first","10":"instock","11":"shipping-taxable","12":"product-type-simple"},"acf":[],"yoast_head":"<!-- This site is optimized with the Yoast SEO plugin v24.1 - https:\/\/yoast.com\/wordpress\/plugins\/seo\/ -->\n<title>Square Metallic Pink Empty Blush Case With Mirror<\/title>\n<meta name=\"description\" content=\"This pink empty eyeshadow case is compact,lightweight and square shape. It is the perfect size for your purse or travel bag.\" \/>\n<meta name=\"robots\" content=\"index, follow, max-snippet:-1, max-image-preview:large, max-video-preview:-1\" \/>\n<link rel=\"canonical\" href=\"https:\/\/www.alovey.com\/es\/producto\/square-metallic-pink-empty-blush-case-with-mirror\/\" \/>\n<meta property=\"og:locale\" content=\"es_ES\" \/>\n<meta property=\"og:type\" content=\"article\" \/>\n<meta property=\"og:title\" content=\"Square Metallic Pink Empty Blush Case With Mirror\" \/>\n<meta property=\"og:description\" content=\"This pink empty eyeshadow case is compact,lightweight and square shape. It is the perfect size for your purse or travel bag.\" \/>\n<meta property=\"og:url\" content=\"https:\/\/www.alovey.com\/es\/producto\/square-metallic-pink-empty-blush-case-with-mirror\/\" \/>\n<meta property=\"og:site_name\" content=\"Best Cosmetic Packaging Manufacture\" \/>\n<meta property=\"article:modified_time\" content=\"2026-04-01T03:44:18+00:00\" \/>\n<meta property=\"og:image\" content=\"https:\/\/www.alovey.com\/wp-content\/uploads\/2026\/04\/Square-metallic-pink-empty-blush-case-single-eyeshadow-case-with-mirror-6.jpg\" \/>\n\t<meta property=\"og:image:width\" content=\"750\" \/>\n\t<meta property=\"og:image:height\" content=\"750\" \/>\n\t<meta property=\"og:image:type\" content=\"image\/jpeg\" \/>\n<meta name=\"twitter:card\" content=\"summary_large_image\" \/>\n<meta name=\"twitter:label1\" content=\"Tiempo de lectura\" \/>\n\t<meta name=\"twitter:data1\" content=\"2 minutos\" \/>\n<script type=\"application\/ld+json\" class=\"yoast-schema-graph\">{\"@context\":\"https:\/\/schema.org\",\"@graph\":[{\"@type\":\"WebPage\",\"@id\":\"https:\/\/www.alovey.com\/product\/square-metallic-pink-empty-blush-case-with-mirror\/\",\"url\":\"https:\/\/www.alovey.com\/product\/square-metallic-pink-empty-blush-case-with-mirror\/\",\"name\":\"Square Metallic Pink Empty Blush Case With Mirror\",\"isPartOf\":{\"@id\":\"https:\/\/www.alovey.com\/#website\"},\"primaryImageOfPage\":{\"@id\":\"https:\/\/www.alovey.com\/product\/square-metallic-pink-empty-blush-case-with-mirror\/#primaryimage\"},\"image\":{\"@id\":\"https:\/\/www.alovey.com\/product\/square-metallic-pink-empty-blush-case-with-mirror\/#primaryimage\"},\"thumbnailUrl\":\"https:\/\/www.alovey.com\/wp-content\/uploads\/2026\/04\/Square-metallic-pink-empty-blush-case-single-eyeshadow-case-with-mirror-6.jpg\",\"datePublished\":\"2026-04-01T02:14:37+00:00\",\"dateModified\":\"2026-04-01T03:44:18+00:00\",\"description\":\"This pink empty eyeshadow case is compact,lightweight and square shape. It is the perfect size for your purse or travel bag.\",\"breadcrumb\":{\"@id\":\"https:\/\/www.alovey.com\/product\/square-metallic-pink-empty-blush-case-with-mirror\/#breadcrumb\"},\"inLanguage\":\"es\",\"potentialAction\":[{\"@type\":\"ReadAction\",\"target\":[\"https:\/\/www.alovey.com\/product\/square-metallic-pink-empty-blush-case-with-mirror\/\"]}]},{\"@type\":\"ImageObject\",\"inLanguage\":\"es\",\"@id\":\"https:\/\/www.alovey.com\/product\/square-metallic-pink-empty-blush-case-with-mirror\/#primaryimage\",\"url\":\"https:\/\/www.alovey.com\/wp-content\/uploads\/2026\/04\/Square-metallic-pink-empty-blush-case-single-eyeshadow-case-with-mirror-6.jpg\",\"contentUrl\":\"https:\/\/www.alovey.com\/wp-content\/uploads\/2026\/04\/Square-metallic-pink-empty-blush-case-single-eyeshadow-case-with-mirror-6.jpg\",\"width\":750,\"height\":750,\"caption\":\"Square metallic pink empty blush case single eyeshadow case with mirror\"},{\"@type\":\"BreadcrumbList\",\"@id\":\"https:\/\/www.alovey.com\/product\/square-metallic-pink-empty-blush-case-with-mirror\/#breadcrumb\",\"itemListElement\":[{\"@type\":\"ListItem\",\"position\":1,\"name\":\"\u9996\u9875\",\"item\":\"https:\/\/www.alovey.com\/\"},{\"@type\":\"ListItem\",\"position\":2,\"name\":\"Products\",\"item\":\"https:\/\/www.alovey.com\/products\/\"},{\"@type\":\"ListItem\",\"position\":3,\"name\":\"Square Metallic Pink Empty Blush Case With Mirror\"}]},{\"@type\":\"WebSite\",\"@id\":\"https:\/\/www.alovey.com\/#website\",\"url\":\"https:\/\/www.alovey.com\/\",\"name\":\"Best Cosmetic Packaging Manufacture\",\"description\":\"Alovey Cosmetic Packaging Co.,Ltd\",\"publisher\":{\"@id\":\"https:\/\/www.alovey.com\/#organization\"},\"potentialAction\":[{\"@type\":\"SearchAction\",\"target\":{\"@type\":\"EntryPoint\",\"urlTemplate\":\"https:\/\/www.alovey.com\/?s={search_term_string}\"},\"query-input\":{\"@type\":\"PropertyValueSpecification\",\"valueRequired\":true,\"valueName\":\"search_term_string\"}}],\"inLanguage\":\"es\"},{\"@type\":\"Organization\",\"@id\":\"https:\/\/www.alovey.com\/#organization\",\"name\":\"Best Cosmetic Packaging Manufacture\",\"url\":\"https:\/\/www.alovey.com\/\",\"logo\":{\"@type\":\"ImageObject\",\"inLanguage\":\"es\",\"@id\":\"https:\/\/www.alovey.com\/#\/schema\/logo\/image\/\",\"url\":\"https:\/\/www.alovey.com\/wp-content\/uploads\/2023\/03\/logo.png\",\"contentUrl\":\"https:\/\/www.alovey.com\/wp-content\/uploads\/2023\/03\/logo.png\",\"width\":505,\"height\":180,\"caption\":\"Best  Cosmetic Packaging Manufacture\"},\"image\":{\"@id\":\"https:\/\/www.alovey.com\/#\/schema\/logo\/image\/\"}}]}<\/script>\n<!-- \/ Yoast SEO plugin. -->","yoast_head_json":{"title":"Square Metallic Pink Empty Blush Case With Mirror","description":"This pink empty eyeshadow case is compact,lightweight and square shape. It is the perfect size for your purse or travel bag.","robots":{"index":"index","follow":"follow","max-snippet":"max-snippet:-1","max-image-preview":"max-image-preview:large","max-video-preview":"max-video-preview:-1"},"canonical":"https:\/\/www.alovey.com\/es\/producto\/square-metallic-pink-empty-blush-case-with-mirror\/","og_locale":"es_ES","og_type":"article","og_title":"Square Metallic Pink Empty Blush Case With Mirror","og_description":"This pink empty eyeshadow case is compact,lightweight and square shape. It is the perfect size for your purse or travel bag.","og_url":"https:\/\/www.alovey.com\/es\/producto\/square-metallic-pink-empty-blush-case-with-mirror\/","og_site_name":"Best Cosmetic Packaging Manufacture","article_modified_time":"2026-04-01T03:44:18+00:00","og_image":[{"width":750,"height":750,"url":"https:\/\/www.alovey.com\/wp-content\/uploads\/2026\/04\/Square-metallic-pink-empty-blush-case-single-eyeshadow-case-with-mirror-6.jpg","type":"image\/jpeg"}],"twitter_card":"summary_large_image","twitter_misc":{"Tiempo de lectura":"2 minutos"},"schema":{"@context":"https:\/\/schema.org","@graph":[{"@type":"WebPage","@id":"https:\/\/www.alovey.com\/product\/square-metallic-pink-empty-blush-case-with-mirror\/","url":"https:\/\/www.alovey.com\/product\/square-metallic-pink-empty-blush-case-with-mirror\/","name":"Square Metallic Pink Empty Blush Case With Mirror","isPartOf":{"@id":"https:\/\/www.alovey.com\/#website"},"primaryImageOfPage":{"@id":"https:\/\/www.alovey.com\/product\/square-metallic-pink-empty-blush-case-with-mirror\/#primaryimage"},"image":{"@id":"https:\/\/www.alovey.com\/product\/square-metallic-pink-empty-blush-case-with-mirror\/#primaryimage"},"thumbnailUrl":"https:\/\/www.alovey.com\/wp-content\/uploads\/2026\/04\/Square-metallic-pink-empty-blush-case-single-eyeshadow-case-with-mirror-6.jpg","datePublished":"2026-04-01T02:14:37+00:00","dateModified":"2026-04-01T03:44:18+00:00","description":"This pink empty eyeshadow case is compact,lightweight and square shape. It is the perfect size for your purse or travel bag.","breadcrumb":{"@id":"https:\/\/www.alovey.com\/product\/square-metallic-pink-empty-blush-case-with-mirror\/#breadcrumb"},"inLanguage":"es","potentialAction":[{"@type":"ReadAction","target":["https:\/\/www.alovey.com\/product\/square-metallic-pink-empty-blush-case-with-mirror\/"]}]},{"@type":"ImageObject","inLanguage":"es","@id":"https:\/\/www.alovey.com\/product\/square-metallic-pink-empty-blush-case-with-mirror\/#primaryimage","url":"https:\/\/www.alovey.com\/wp-content\/uploads\/2026\/04\/Square-metallic-pink-empty-blush-case-single-eyeshadow-case-with-mirror-6.jpg","contentUrl":"https:\/\/www.alovey.com\/wp-content\/uploads\/2026\/04\/Square-metallic-pink-empty-blush-case-single-eyeshadow-case-with-mirror-6.jpg","width":750,"height":750,"caption":"Square metallic pink empty blush case single eyeshadow case with mirror"},{"@type":"BreadcrumbList","@id":"https:\/\/www.alovey.com\/product\/square-metallic-pink-empty-blush-case-with-mirror\/#breadcrumb","itemListElement":[{"@type":"ListItem","position":1,"name":"\u9996\u9875","item":"https:\/\/www.alovey.com\/"},{"@type":"ListItem","position":2,"name":"Products","item":"https:\/\/www.alovey.com\/products\/"},{"@type":"ListItem","position":3,"name":"Square Metallic Pink Empty Blush Case With Mirror"}]},{"@type":"WebSite","@id":"https:\/\/www.alovey.com\/#website","url":"https:\/\/www.alovey.com\/","name":"Best Cosmetic Packaging Manufacture","description":"Alovey Cosmetic Packaging S.L.","publisher":{"@id":"https:\/\/www.alovey.com\/#organization"},"potentialAction":[{"@type":"SearchAction","target":{"@type":"EntryPoint","urlTemplate":"https:\/\/www.alovey.com\/?s={search_term_string}"},"query-input":{"@type":"PropertyValueSpecification","valueRequired":true,"valueName":"search_term_string"}}],"inLanguage":"es"},{"@type":"Organization","@id":"https:\/\/www.alovey.com\/#organization","name":"Best Cosmetic Packaging Manufacture","url":"https:\/\/www.alovey.com\/","logo":{"@type":"ImageObject","inLanguage":"es","@id":"https:\/\/www.alovey.com\/#\/schema\/logo\/image\/","url":"https:\/\/www.alovey.com\/wp-content\/uploads\/2023\/03\/logo.png","contentUrl":"https:\/\/www.alovey.com\/wp-content\/uploads\/2023\/03\/logo.png","width":505,"height":180,"caption":"Best  Cosmetic Packaging Manufacture"},"image":{"@id":"https:\/\/www.alovey.com\/#\/schema\/logo\/image\/"}}]}},"_links":{"self":[{"href":"https:\/\/www.alovey.com\/es\/wp-json\/wp\/v2\/product\/12806"}],"collection":[{"href":"https:\/\/www.alovey.com\/es\/wp-json\/wp\/v2\/product"}],"about":[{"href":"https:\/\/www.alovey.com\/es\/wp-json\/wp\/v2\/types\/product"}],"wp:featuredmedia":[{"embeddable":true,"href":"https:\/\/www.alovey.com\/es\/wp-json\/wp\/v2\/media\/12809"}],"wp:attachment":[{"href":"https:\/\/www.alovey.com\/es\/wp-json\/wp\/v2\/media?parent=12806"}],"wp:term":[{"taxonomy":"product_brand","embeddable":true,"href":"https:\/\/www.alovey.com\/es\/wp-json\/wp\/v2\/product_brand?post=12806"},{"taxonomy":"product_cat","embeddable":true,"href":"https:\/\/www.alovey.com\/es\/wp-json\/wp\/v2\/product_cat?post=12806"},{"taxonomy":"product_tag","embeddable":true,"href":"https:\/\/www.alovey.com\/es\/wp-json\/wp\/v2\/product_tag?post=12806"}],"curies":[{"name":"wp","href":"https:\/\/api.w.org\/{rel}","templated":true}]}}