{"id":12799,"date":"2026-04-01T02:00:26","date_gmt":"2026-04-01T02:00:26","guid":{"rendered":"https:\/\/www.alovey.com\/?post_type=product&#038;p=12799"},"modified":"2026-04-01T02:14:14","modified_gmt":"2026-04-01T02:14:14","slug":"square-clear-eyeshadow-case-with-brush-position-and-6-colors","status":"publish","type":"product","link":"https:\/\/www.alovey.com\/es\/producto\/square-clear-eyeshadow-case-with-brush-position-and-6-colors\/","title":{"rendered":"Square Clear  Eyeshadow Case with Brush Position and 6 Colors"},"content":{"rendered":"<p><strong>This clear\u00a0eyeshadow case with square is made from durable, high-quality AS material, featuring six independent grids for separate storage.<\/strong><\/p>\n<p><strong>Each grid prevents color mixing, making it perfect for storing eyeshadow powder, lipstick chunks, or blush powder.<\/strong><\/p>\n<p><strong>The case also includes a dedicated position for a brush, ensuring everything stays organized. Ideal for keeping your cosmetics neat and tidy.<\/strong><\/p>\n<p><strong>Alovey, como fabricante profesional chino de envases para cosm\u00e9ticos, produce una exquisita gama de envases personalizados para cosm\u00e9ticos, meticulosamente elaborados para elevar su marca. Nuestra variada selecci\u00f3n de materiales de primera calidad, combinada con delicadas t\u00e9cnicas de acabado superficial como la serigraf\u00eda, la estampaci\u00f3n en caliente y la pulverizaci\u00f3n mate, garantiza que cada envase sea una obra maestra \u00fanica.<\/strong><\/p>\n<p>&nbsp;<\/p>\n<p><img fetchpriority=\"high\" decoding=\"async\" class=\"size-full wp-image-12805\" src=\"https:\/\/www.alovey.com\/wp-content\/uploads\/2026\/04\/Square-Clear-Eyeshadow-Case-with-Brush-Position-and-6-Colors-5.jpg\" alt=\"Clear Eyeshadow Case\" width=\"750\" height=\"750\" srcset=\"https:\/\/www.alovey.com\/wp-content\/uploads\/2026\/04\/Square-Clear-Eyeshadow-Case-with-Brush-Position-and-6-Colors-5.jpg 750w, https:\/\/www.alovey.com\/wp-content\/uploads\/2026\/04\/Square-Clear-Eyeshadow-Case-with-Brush-Position-and-6-Colors-5-300x300.jpg 300w, https:\/\/www.alovey.com\/wp-content\/uploads\/2026\/04\/Square-Clear-Eyeshadow-Case-with-Brush-Position-and-6-Colors-5-150x150.jpg 150w, https:\/\/www.alovey.com\/wp-content\/uploads\/2026\/04\/Square-Clear-Eyeshadow-Case-with-Brush-Position-and-6-Colors-5-12x12.jpg 12w, https:\/\/www.alovey.com\/wp-content\/uploads\/2026\/04\/Square-Clear-Eyeshadow-Case-with-Brush-Position-and-6-Colors-5-600x600.jpg 600w, https:\/\/www.alovey.com\/wp-content\/uploads\/2026\/04\/Square-Clear-Eyeshadow-Case-with-Brush-Position-and-6-Colors-5-100x100.jpg 100w\" sizes=\"(max-width: 750px) 100vw, 750px\" \/> <img decoding=\"async\" class=\"size-full wp-image-12804\" src=\"https:\/\/www.alovey.com\/wp-content\/uploads\/2026\/04\/Square-Clear-Eyeshadow-Case-with-Brush-Position-and-6-Colors-4.jpg\" alt=\"Clear Eyeshadow Case\" width=\"750\" height=\"750\" srcset=\"https:\/\/www.alovey.com\/wp-content\/uploads\/2026\/04\/Square-Clear-Eyeshadow-Case-with-Brush-Position-and-6-Colors-4.jpg 750w, https:\/\/www.alovey.com\/wp-content\/uploads\/2026\/04\/Square-Clear-Eyeshadow-Case-with-Brush-Position-and-6-Colors-4-300x300.jpg 300w, https:\/\/www.alovey.com\/wp-content\/uploads\/2026\/04\/Square-Clear-Eyeshadow-Case-with-Brush-Position-and-6-Colors-4-150x150.jpg 150w, https:\/\/www.alovey.com\/wp-content\/uploads\/2026\/04\/Square-Clear-Eyeshadow-Case-with-Brush-Position-and-6-Colors-4-12x12.jpg 12w, https:\/\/www.alovey.com\/wp-content\/uploads\/2026\/04\/Square-Clear-Eyeshadow-Case-with-Brush-Position-and-6-Colors-4-600x600.jpg 600w, https:\/\/www.alovey.com\/wp-content\/uploads\/2026\/04\/Square-Clear-Eyeshadow-Case-with-Brush-Position-and-6-Colors-4-100x100.jpg 100w\" sizes=\"(max-width: 750px) 100vw, 750px\" \/> <img decoding=\"async\" class=\"size-full wp-image-12803\" src=\"https:\/\/www.alovey.com\/wp-content\/uploads\/2026\/04\/Square-Clear-Eyeshadow-Case-with-Brush-Position-and-6-Colors-3.jpg\" alt=\"Clear Eyeshadow Case\" width=\"750\" height=\"750\" srcset=\"https:\/\/www.alovey.com\/wp-content\/uploads\/2026\/04\/Square-Clear-Eyeshadow-Case-with-Brush-Position-and-6-Colors-3.jpg 750w, https:\/\/www.alovey.com\/wp-content\/uploads\/2026\/04\/Square-Clear-Eyeshadow-Case-with-Brush-Position-and-6-Colors-3-300x300.jpg 300w, https:\/\/www.alovey.com\/wp-content\/uploads\/2026\/04\/Square-Clear-Eyeshadow-Case-with-Brush-Position-and-6-Colors-3-150x150.jpg 150w, https:\/\/www.alovey.com\/wp-content\/uploads\/2026\/04\/Square-Clear-Eyeshadow-Case-with-Brush-Position-and-6-Colors-3-12x12.jpg 12w, https:\/\/www.alovey.com\/wp-content\/uploads\/2026\/04\/Square-Clear-Eyeshadow-Case-with-Brush-Position-and-6-Colors-3-600x600.jpg 600w, https:\/\/www.alovey.com\/wp-content\/uploads\/2026\/04\/Square-Clear-Eyeshadow-Case-with-Brush-Position-and-6-Colors-3-100x100.jpg 100w\" sizes=\"(max-width: 750px) 100vw, 750px\" \/> <img loading=\"lazy\" decoding=\"async\" class=\"size-full wp-image-12802\" src=\"https:\/\/www.alovey.com\/wp-content\/uploads\/2026\/04\/Square-Clear-Eyeshadow-Case-with-Brush-Position-and-6-Colors-2.jpg\" alt=\"Clear Eyeshadow Case\" width=\"750\" height=\"750\" srcset=\"https:\/\/www.alovey.com\/wp-content\/uploads\/2026\/04\/Square-Clear-Eyeshadow-Case-with-Brush-Position-and-6-Colors-2.jpg 750w, https:\/\/www.alovey.com\/wp-content\/uploads\/2026\/04\/Square-Clear-Eyeshadow-Case-with-Brush-Position-and-6-Colors-2-300x300.jpg 300w, https:\/\/www.alovey.com\/wp-content\/uploads\/2026\/04\/Square-Clear-Eyeshadow-Case-with-Brush-Position-and-6-Colors-2-150x150.jpg 150w, https:\/\/www.alovey.com\/wp-content\/uploads\/2026\/04\/Square-Clear-Eyeshadow-Case-with-Brush-Position-and-6-Colors-2-12x12.jpg 12w, https:\/\/www.alovey.com\/wp-content\/uploads\/2026\/04\/Square-Clear-Eyeshadow-Case-with-Brush-Position-and-6-Colors-2-600x600.jpg 600w, https:\/\/www.alovey.com\/wp-content\/uploads\/2026\/04\/Square-Clear-Eyeshadow-Case-with-Brush-Position-and-6-Colors-2-100x100.jpg 100w\" sizes=\"(max-width: 750px) 100vw, 750px\" \/> <img loading=\"lazy\" decoding=\"async\" class=\"size-full wp-image-12801\" src=\"https:\/\/www.alovey.com\/wp-content\/uploads\/2026\/04\/Square-Clear-Eyeshadow-Case-with-Brush-Position-and-6-Colors-1.jpg\" alt=\"Clear Eyeshadow Case\" width=\"750\" height=\"750\" srcset=\"https:\/\/www.alovey.com\/wp-content\/uploads\/2026\/04\/Square-Clear-Eyeshadow-Case-with-Brush-Position-and-6-Colors-1.jpg 750w, https:\/\/www.alovey.com\/wp-content\/uploads\/2026\/04\/Square-Clear-Eyeshadow-Case-with-Brush-Position-and-6-Colors-1-300x300.jpg 300w, https:\/\/www.alovey.com\/wp-content\/uploads\/2026\/04\/Square-Clear-Eyeshadow-Case-with-Brush-Position-and-6-Colors-1-150x150.jpg 150w, https:\/\/www.alovey.com\/wp-content\/uploads\/2026\/04\/Square-Clear-Eyeshadow-Case-with-Brush-Position-and-6-Colors-1-12x12.jpg 12w, https:\/\/www.alovey.com\/wp-content\/uploads\/2026\/04\/Square-Clear-Eyeshadow-Case-with-Brush-Position-and-6-Colors-1-600x600.jpg 600w, https:\/\/www.alovey.com\/wp-content\/uploads\/2026\/04\/Square-Clear-Eyeshadow-Case-with-Brush-Position-and-6-Colors-1-100x100.jpg 100w\" sizes=\"(max-width: 750px) 100vw, 750px\" \/> <img loading=\"lazy\" decoding=\"async\" class=\"size-full wp-image-12800\" src=\"https:\/\/www.alovey.com\/wp-content\/uploads\/2026\/04\/Square-Clear-Eyeshadow-Case-with-Brush-Position-and-6-Colors-6.jpg\" alt=\"Clear Eyeshadow Case\" width=\"750\" height=\"750\" srcset=\"https:\/\/www.alovey.com\/wp-content\/uploads\/2026\/04\/Square-Clear-Eyeshadow-Case-with-Brush-Position-and-6-Colors-6.jpg 750w, https:\/\/www.alovey.com\/wp-content\/uploads\/2026\/04\/Square-Clear-Eyeshadow-Case-with-Brush-Position-and-6-Colors-6-300x300.jpg 300w, https:\/\/www.alovey.com\/wp-content\/uploads\/2026\/04\/Square-Clear-Eyeshadow-Case-with-Brush-Position-and-6-Colors-6-150x150.jpg 150w, https:\/\/www.alovey.com\/wp-content\/uploads\/2026\/04\/Square-Clear-Eyeshadow-Case-with-Brush-Position-and-6-Colors-6-12x12.jpg 12w, https:\/\/www.alovey.com\/wp-content\/uploads\/2026\/04\/Square-Clear-Eyeshadow-Case-with-Brush-Position-and-6-Colors-6-600x600.jpg 600w, https:\/\/www.alovey.com\/wp-content\/uploads\/2026\/04\/Square-Clear-Eyeshadow-Case-with-Brush-Position-and-6-Colors-6-100x100.jpg 100w\" sizes=\"(max-width: 750px) 100vw, 750px\" \/><\/p>\n<p>&nbsp;<\/p>\n<p>&nbsp;<\/p>\n<p>&nbsp;<\/p>\n<p>&nbsp;<\/p>\n<p>&nbsp;<\/p>\n<p>&nbsp;<\/p>\n<p>&nbsp;<\/p>\n<p>&nbsp;<\/p>\n<p>&nbsp;<\/p>\n<p>&nbsp;<\/p>\n<p>&nbsp;<\/p>\n<p>&nbsp;<\/p>\n<p>&nbsp;<\/p>\n<p>&nbsp;<\/p>\n<p>&nbsp;<\/p>\n<p>&nbsp;<\/p>\n<p>&nbsp;<\/p>\n<p>&nbsp;<\/p>\n<p>&nbsp;<\/p>\n<p>&nbsp;<\/p>\n<p>&nbsp;<\/p>\n<p>&nbsp;<\/p>\n<p>&nbsp;<\/p>\n<p>&nbsp;<\/p>\n<p>&nbsp;<\/p>\n<p>&nbsp;<\/p>\n<p>&nbsp;<\/p>\n<p>&nbsp;<\/p>\n<p>&nbsp;<\/p>\n<p>&nbsp;<\/p>\n<p>&nbsp;<\/p>\n<p>&nbsp;<\/p>\n<p>&nbsp;<\/p>\n<p>&nbsp;<\/p>\n<p>&nbsp;<\/p>\n<p>&nbsp;<\/p>\n<p>&nbsp;<\/p>\n<p>&nbsp;<\/p>\n<p>&nbsp;<\/p>\n<p>&nbsp;<\/p>\n<p>&nbsp;<\/p>\n<p>&nbsp;<\/p>\n<p>&nbsp;<\/p>\n<p>&nbsp;<\/p>\n<p>&nbsp;<\/p>\n<p>&nbsp;<\/p>\n<p>&nbsp;<\/p>\n<p>&nbsp;<\/p>\n<p>&nbsp;<\/p>\n<p>&nbsp;<\/p>\n<p>&nbsp;<\/p>\n<p>&nbsp;<\/p>\n<p>&nbsp;<\/p>\n<p>&nbsp;<\/p>\n<p>&nbsp;<\/p>\n<p>&nbsp;<\/p>\n<p>&nbsp;<\/p>\n<p>&nbsp;<\/p>\n<p>&nbsp;<\/p>\n<p>&nbsp;<\/p>\n<p>&nbsp;<\/p>\n<p>&nbsp;<\/p>\n<p>&nbsp;<\/p>\n<p>&nbsp;<\/p>\n<p>&nbsp;<\/p>\n<p>&nbsp;<\/p>\n<p>&nbsp;<\/p>\n<p>&nbsp;<\/p>\n<p>&nbsp;<\/p>\n<p>&nbsp;<\/p>\n<p>&nbsp;<\/p>\n<p>&nbsp;<\/p>\n<p>&nbsp;<\/p>\n<p>&nbsp;<\/p>\n<p>&nbsp;<\/p>\n<p>&nbsp;<\/p>\n<p>&nbsp;<\/p>\n<p>&nbsp;<\/p>\n<p>&nbsp;<\/p>\n<p>&nbsp;<\/p>\n<p>&nbsp;<\/p>\n<p>&nbsp;<\/p>\n<p>&nbsp;<\/p>\n<p>&nbsp;<\/p>\n<p>&nbsp;<\/p>\n<p>&nbsp;<\/p>\n<p>&nbsp;<\/p>\n<p>&nbsp;<\/p>\n<p>&nbsp;<\/p>\n<p>&nbsp;<\/p>\n<p>&nbsp;<\/p>\n<p>&nbsp;<\/p>\n<p>&nbsp;<\/p>\n<p>&nbsp;<\/p>\n<p>&nbsp;<\/p>\n<p>&nbsp;<\/p>\n<p>&nbsp;<\/p>\n<p>&nbsp;<\/p>\n<p>&nbsp;<\/p>\n<p>&nbsp;<\/p>\n<p>&nbsp;<\/p>\n<p>&nbsp;<\/p>\n<p>&nbsp;<\/p>\n<p>&nbsp;<\/p>\n<p>&nbsp;<\/p>\n<p>&nbsp;<\/p>\n<p>&nbsp;<\/p>\n<p>&nbsp;<\/p>\n<p>&nbsp;<\/p>\n<p>&nbsp;<\/p>\n<p>&nbsp;<\/p>\n<p>&nbsp;<\/p>\n<p>&nbsp;<\/p>\n<p>&nbsp;<\/p>\n<p>&nbsp;<\/p>\n<p>&nbsp;<\/p>\n<p>&nbsp;<\/p>\n<p>&nbsp;<\/p>\n<p>&nbsp;<\/p>\n<p>&nbsp;<\/p>\n<p>&nbsp;<\/p>","protected":false},"excerpt":{"rendered":"<ul>\n<li>Item No: E-0484A<\/li>\n<li>Material:\u00a0Plastic<\/li>\n<li>Size:L75*W75*H15.5MM<\/li>\n<li>Aplicaciones: Productos de belleza<\/li>\n<li>MOQ: 12.000 piezas<\/li>\n<li>Color: Color personalizado<\/li>\n<li>Surface treatment: Injection\/Matte\/Metalization\/UV coating<\/li>\n<li>Nombre de marca: OEM\/ODM<\/li>\n<li>Logotipo: Logotipo del cliente<\/li>\n<li>Capacidad de suministro: 100.000 piezas al mes<\/li>\n<\/ul>","protected":false},"featured_media":12801,"template":"","meta":{"_acf_changed":false},"product_brand":[],"product_cat":[378],"product_tag":[393],"class_list":{"0":"post-12799","1":"product","2":"type-product","3":"status-publish","4":"has-post-thumbnail","6":"product_cat-custom-eyeshadow-packaging","7":"product_tag-eyeshadow-case","9":"first","10":"instock","11":"shipping-taxable","12":"product-type-simple"},"acf":[],"yoast_head":"<!-- This site is optimized with the Yoast SEO plugin v24.1 - https:\/\/yoast.com\/wordpress\/plugins\/seo\/ -->\n<title>Square Clear Eyeshadow Case with Brush Position and 6 Colors<\/title>\n<meta name=\"description\" content=\"This clear eyeshadow case with square is made from durable, high-quality AS material, featuring six independent grids for separate storage.\" \/>\n<meta name=\"robots\" content=\"index, follow, max-snippet:-1, max-image-preview:large, max-video-preview:-1\" \/>\n<link rel=\"canonical\" href=\"https:\/\/www.alovey.com\/es\/producto\/square-clear-eyeshadow-case-with-brush-position-and-6-colors\/\" \/>\n<meta property=\"og:locale\" content=\"es_ES\" \/>\n<meta property=\"og:type\" content=\"article\" \/>\n<meta property=\"og:title\" content=\"Square Clear Eyeshadow Case with Brush Position and 6 Colors\" \/>\n<meta property=\"og:description\" content=\"This clear eyeshadow case with square is made from durable, high-quality AS material, featuring six independent grids for separate storage.\" \/>\n<meta property=\"og:url\" content=\"https:\/\/www.alovey.com\/es\/producto\/square-clear-eyeshadow-case-with-brush-position-and-6-colors\/\" \/>\n<meta property=\"og:site_name\" content=\"Best Cosmetic Packaging Manufacture\" \/>\n<meta property=\"article:modified_time\" content=\"2026-04-01T02:14:14+00:00\" \/>\n<meta property=\"og:image\" content=\"https:\/\/www.alovey.com\/wp-content\/uploads\/2026\/04\/Square-Clear-Eyeshadow-Case-with-Brush-Position-and-6-Colors-1.jpg\" \/>\n\t<meta property=\"og:image:width\" content=\"750\" \/>\n\t<meta property=\"og:image:height\" content=\"750\" \/>\n\t<meta property=\"og:image:type\" content=\"image\/jpeg\" \/>\n<meta name=\"twitter:card\" content=\"summary_large_image\" \/>\n<meta name=\"twitter:label1\" content=\"Tiempo de lectura\" \/>\n\t<meta name=\"twitter:data1\" content=\"2 minutos\" \/>\n<script type=\"application\/ld+json\" class=\"yoast-schema-graph\">{\"@context\":\"https:\/\/schema.org\",\"@graph\":[{\"@type\":\"WebPage\",\"@id\":\"https:\/\/www.alovey.com\/product\/square-clear-eyeshadow-case-with-brush-position-and-6-colors\/\",\"url\":\"https:\/\/www.alovey.com\/product\/square-clear-eyeshadow-case-with-brush-position-and-6-colors\/\",\"name\":\"Square Clear Eyeshadow Case with Brush Position and 6 Colors\",\"isPartOf\":{\"@id\":\"https:\/\/www.alovey.com\/#website\"},\"primaryImageOfPage\":{\"@id\":\"https:\/\/www.alovey.com\/product\/square-clear-eyeshadow-case-with-brush-position-and-6-colors\/#primaryimage\"},\"image\":{\"@id\":\"https:\/\/www.alovey.com\/product\/square-clear-eyeshadow-case-with-brush-position-and-6-colors\/#primaryimage\"},\"thumbnailUrl\":\"https:\/\/www.alovey.com\/wp-content\/uploads\/2026\/04\/Square-Clear-Eyeshadow-Case-with-Brush-Position-and-6-Colors-1.jpg\",\"datePublished\":\"2026-04-01T02:00:26+00:00\",\"dateModified\":\"2026-04-01T02:14:14+00:00\",\"description\":\"This clear eyeshadow case with square is made from durable, high-quality AS material, featuring six independent grids for separate storage.\",\"breadcrumb\":{\"@id\":\"https:\/\/www.alovey.com\/product\/square-clear-eyeshadow-case-with-brush-position-and-6-colors\/#breadcrumb\"},\"inLanguage\":\"es\",\"potentialAction\":[{\"@type\":\"ReadAction\",\"target\":[\"https:\/\/www.alovey.com\/product\/square-clear-eyeshadow-case-with-brush-position-and-6-colors\/\"]}]},{\"@type\":\"ImageObject\",\"inLanguage\":\"es\",\"@id\":\"https:\/\/www.alovey.com\/product\/square-clear-eyeshadow-case-with-brush-position-and-6-colors\/#primaryimage\",\"url\":\"https:\/\/www.alovey.com\/wp-content\/uploads\/2026\/04\/Square-Clear-Eyeshadow-Case-with-Brush-Position-and-6-Colors-1.jpg\",\"contentUrl\":\"https:\/\/www.alovey.com\/wp-content\/uploads\/2026\/04\/Square-Clear-Eyeshadow-Case-with-Brush-Position-and-6-Colors-1.jpg\",\"width\":750,\"height\":750,\"caption\":\"Square Clear Eyeshadow Case with Brush Position and 6 Colors\"},{\"@type\":\"BreadcrumbList\",\"@id\":\"https:\/\/www.alovey.com\/product\/square-clear-eyeshadow-case-with-brush-position-and-6-colors\/#breadcrumb\",\"itemListElement\":[{\"@type\":\"ListItem\",\"position\":1,\"name\":\"\u9996\u9875\",\"item\":\"https:\/\/www.alovey.com\/\"},{\"@type\":\"ListItem\",\"position\":2,\"name\":\"Products\",\"item\":\"https:\/\/www.alovey.com\/products\/\"},{\"@type\":\"ListItem\",\"position\":3,\"name\":\"Square Clear Eyeshadow Case with Brush Position and 6 Colors\"}]},{\"@type\":\"WebSite\",\"@id\":\"https:\/\/www.alovey.com\/#website\",\"url\":\"https:\/\/www.alovey.com\/\",\"name\":\"Best Cosmetic Packaging Manufacture\",\"description\":\"Alovey Cosmetic Packaging Co.,Ltd\",\"publisher\":{\"@id\":\"https:\/\/www.alovey.com\/#organization\"},\"potentialAction\":[{\"@type\":\"SearchAction\",\"target\":{\"@type\":\"EntryPoint\",\"urlTemplate\":\"https:\/\/www.alovey.com\/?s={search_term_string}\"},\"query-input\":{\"@type\":\"PropertyValueSpecification\",\"valueRequired\":true,\"valueName\":\"search_term_string\"}}],\"inLanguage\":\"es\"},{\"@type\":\"Organization\",\"@id\":\"https:\/\/www.alovey.com\/#organization\",\"name\":\"Best Cosmetic Packaging Manufacture\",\"url\":\"https:\/\/www.alovey.com\/\",\"logo\":{\"@type\":\"ImageObject\",\"inLanguage\":\"es\",\"@id\":\"https:\/\/www.alovey.com\/#\/schema\/logo\/image\/\",\"url\":\"https:\/\/www.alovey.com\/wp-content\/uploads\/2023\/03\/logo.png\",\"contentUrl\":\"https:\/\/www.alovey.com\/wp-content\/uploads\/2023\/03\/logo.png\",\"width\":505,\"height\":180,\"caption\":\"Best  Cosmetic Packaging Manufacture\"},\"image\":{\"@id\":\"https:\/\/www.alovey.com\/#\/schema\/logo\/image\/\"}}]}<\/script>\n<!-- \/ Yoast SEO plugin. -->","yoast_head_json":{"title":"Square Clear Eyeshadow Case with Brush Position and 6 Colors","description":"This clear eyeshadow case with square is made from durable, high-quality AS material, featuring six independent grids for separate storage.","robots":{"index":"index","follow":"follow","max-snippet":"max-snippet:-1","max-image-preview":"max-image-preview:large","max-video-preview":"max-video-preview:-1"},"canonical":"https:\/\/www.alovey.com\/es\/producto\/square-clear-eyeshadow-case-with-brush-position-and-6-colors\/","og_locale":"es_ES","og_type":"article","og_title":"Square Clear Eyeshadow Case with Brush Position and 6 Colors","og_description":"This clear eyeshadow case with square is made from durable, high-quality AS material, featuring six independent grids for separate storage.","og_url":"https:\/\/www.alovey.com\/es\/producto\/square-clear-eyeshadow-case-with-brush-position-and-6-colors\/","og_site_name":"Best Cosmetic Packaging Manufacture","article_modified_time":"2026-04-01T02:14:14+00:00","og_image":[{"width":750,"height":750,"url":"https:\/\/www.alovey.com\/wp-content\/uploads\/2026\/04\/Square-Clear-Eyeshadow-Case-with-Brush-Position-and-6-Colors-1.jpg","type":"image\/jpeg"}],"twitter_card":"summary_large_image","twitter_misc":{"Tiempo de lectura":"2 minutos"},"schema":{"@context":"https:\/\/schema.org","@graph":[{"@type":"WebPage","@id":"https:\/\/www.alovey.com\/product\/square-clear-eyeshadow-case-with-brush-position-and-6-colors\/","url":"https:\/\/www.alovey.com\/product\/square-clear-eyeshadow-case-with-brush-position-and-6-colors\/","name":"Square Clear Eyeshadow Case with Brush Position and 6 Colors","isPartOf":{"@id":"https:\/\/www.alovey.com\/#website"},"primaryImageOfPage":{"@id":"https:\/\/www.alovey.com\/product\/square-clear-eyeshadow-case-with-brush-position-and-6-colors\/#primaryimage"},"image":{"@id":"https:\/\/www.alovey.com\/product\/square-clear-eyeshadow-case-with-brush-position-and-6-colors\/#primaryimage"},"thumbnailUrl":"https:\/\/www.alovey.com\/wp-content\/uploads\/2026\/04\/Square-Clear-Eyeshadow-Case-with-Brush-Position-and-6-Colors-1.jpg","datePublished":"2026-04-01T02:00:26+00:00","dateModified":"2026-04-01T02:14:14+00:00","description":"This clear eyeshadow case with square is made from durable, high-quality AS material, featuring six independent grids for separate storage.","breadcrumb":{"@id":"https:\/\/www.alovey.com\/product\/square-clear-eyeshadow-case-with-brush-position-and-6-colors\/#breadcrumb"},"inLanguage":"es","potentialAction":[{"@type":"ReadAction","target":["https:\/\/www.alovey.com\/product\/square-clear-eyeshadow-case-with-brush-position-and-6-colors\/"]}]},{"@type":"ImageObject","inLanguage":"es","@id":"https:\/\/www.alovey.com\/product\/square-clear-eyeshadow-case-with-brush-position-and-6-colors\/#primaryimage","url":"https:\/\/www.alovey.com\/wp-content\/uploads\/2026\/04\/Square-Clear-Eyeshadow-Case-with-Brush-Position-and-6-Colors-1.jpg","contentUrl":"https:\/\/www.alovey.com\/wp-content\/uploads\/2026\/04\/Square-Clear-Eyeshadow-Case-with-Brush-Position-and-6-Colors-1.jpg","width":750,"height":750,"caption":"Square Clear Eyeshadow Case with Brush Position and 6 Colors"},{"@type":"BreadcrumbList","@id":"https:\/\/www.alovey.com\/product\/square-clear-eyeshadow-case-with-brush-position-and-6-colors\/#breadcrumb","itemListElement":[{"@type":"ListItem","position":1,"name":"\u9996\u9875","item":"https:\/\/www.alovey.com\/"},{"@type":"ListItem","position":2,"name":"Products","item":"https:\/\/www.alovey.com\/products\/"},{"@type":"ListItem","position":3,"name":"Square Clear Eyeshadow Case with Brush Position and 6 Colors"}]},{"@type":"WebSite","@id":"https:\/\/www.alovey.com\/#website","url":"https:\/\/www.alovey.com\/","name":"Best Cosmetic Packaging Manufacture","description":"Alovey Cosmetic Packaging S.L.","publisher":{"@id":"https:\/\/www.alovey.com\/#organization"},"potentialAction":[{"@type":"SearchAction","target":{"@type":"EntryPoint","urlTemplate":"https:\/\/www.alovey.com\/?s={search_term_string}"},"query-input":{"@type":"PropertyValueSpecification","valueRequired":true,"valueName":"search_term_string"}}],"inLanguage":"es"},{"@type":"Organization","@id":"https:\/\/www.alovey.com\/#organization","name":"Best Cosmetic Packaging Manufacture","url":"https:\/\/www.alovey.com\/","logo":{"@type":"ImageObject","inLanguage":"es","@id":"https:\/\/www.alovey.com\/#\/schema\/logo\/image\/","url":"https:\/\/www.alovey.com\/wp-content\/uploads\/2023\/03\/logo.png","contentUrl":"https:\/\/www.alovey.com\/wp-content\/uploads\/2023\/03\/logo.png","width":505,"height":180,"caption":"Best  Cosmetic Packaging Manufacture"},"image":{"@id":"https:\/\/www.alovey.com\/#\/schema\/logo\/image\/"}}]}},"_links":{"self":[{"href":"https:\/\/www.alovey.com\/es\/wp-json\/wp\/v2\/product\/12799"}],"collection":[{"href":"https:\/\/www.alovey.com\/es\/wp-json\/wp\/v2\/product"}],"about":[{"href":"https:\/\/www.alovey.com\/es\/wp-json\/wp\/v2\/types\/product"}],"wp:featuredmedia":[{"embeddable":true,"href":"https:\/\/www.alovey.com\/es\/wp-json\/wp\/v2\/media\/12801"}],"wp:attachment":[{"href":"https:\/\/www.alovey.com\/es\/wp-json\/wp\/v2\/media?parent=12799"}],"wp:term":[{"taxonomy":"product_brand","embeddable":true,"href":"https:\/\/www.alovey.com\/es\/wp-json\/wp\/v2\/product_brand?post=12799"},{"taxonomy":"product_cat","embeddable":true,"href":"https:\/\/www.alovey.com\/es\/wp-json\/wp\/v2\/product_cat?post=12799"},{"taxonomy":"product_tag","embeddable":true,"href":"https:\/\/www.alovey.com\/es\/wp-json\/wp\/v2\/product_tag?post=12799"}],"curies":[{"name":"wp","href":"https:\/\/api.w.org\/{rel}","templated":true}]}}