{"id":12770,"date":"2026-03-30T02:51:45","date_gmt":"2026-03-30T02:51:45","guid":{"rendered":"https:\/\/www.alovey.com\/?post_type=product&#038;p=12770"},"modified":"2026-04-06T03:01:07","modified_gmt":"2026-04-06T03:01:07","slug":"empty-round-lip-gloss-packaging-with-collar","status":"publish","type":"product","link":"https:\/\/www.alovey.com\/es\/producto\/empty-round-lip-gloss-packaging-with-collar\/","title":{"rendered":"Empty Round Lip Gloss Packaging with Collar  and Cylindrical Shape"},"content":{"rendered":"<p><strong>This compact and stylish cylindrical lip gloss container is perfect for on-the-go use. Its sleek design ensures it takes up minimal space, making it easy to carry in your purse or pocket. With a transparent body, you can easily monitor the remaining volume of your lip gloss, ensuring you&#8217;re never caught off guard. The wide-mouth opening allows for versatile use, making it ideal for storing various colors of lip gloss or other cosmetic liquids.<\/strong><\/p>\n<p><strong>Alovey, como fabricante profesional chino de envases para cosm\u00e9ticos, produce una exquisita gama de envases personalizados para cosm\u00e9ticos, meticulosamente elaborados para elevar su marca. Nuestra variada selecci\u00f3n de materiales de primera calidad, combinada con delicadas t\u00e9cnicas de acabado superficial como la serigraf\u00eda, la estampaci\u00f3n en caliente y la pulverizaci\u00f3n mate, garantiza que cada envase sea una obra maestra \u00fanica.<\/strong><\/p>\n<p><img fetchpriority=\"high\" decoding=\"async\" class=\"size-full wp-image-12772\" src=\"https:\/\/www.alovey.com\/wp-content\/uploads\/2026\/03\/Empty-Round-Lip-Gloss-Packaging-with-Collar-and-Cylindrical-Shape-1.jpg\" alt=\"Round lipgloss container \" width=\"750\" height=\"750\" srcset=\"https:\/\/www.alovey.com\/wp-content\/uploads\/2026\/03\/Empty-Round-Lip-Gloss-Packaging-with-Collar-and-Cylindrical-Shape-1.jpg 750w, https:\/\/www.alovey.com\/wp-content\/uploads\/2026\/03\/Empty-Round-Lip-Gloss-Packaging-with-Collar-and-Cylindrical-Shape-1-300x300.jpg 300w, https:\/\/www.alovey.com\/wp-content\/uploads\/2026\/03\/Empty-Round-Lip-Gloss-Packaging-with-Collar-and-Cylindrical-Shape-1-150x150.jpg 150w, https:\/\/www.alovey.com\/wp-content\/uploads\/2026\/03\/Empty-Round-Lip-Gloss-Packaging-with-Collar-and-Cylindrical-Shape-1-12x12.jpg 12w, https:\/\/www.alovey.com\/wp-content\/uploads\/2026\/03\/Empty-Round-Lip-Gloss-Packaging-with-Collar-and-Cylindrical-Shape-1-600x600.jpg 600w, https:\/\/www.alovey.com\/wp-content\/uploads\/2026\/03\/Empty-Round-Lip-Gloss-Packaging-with-Collar-and-Cylindrical-Shape-1-100x100.jpg 100w\" sizes=\"(max-width: 750px) 100vw, 750px\" \/><\/p>\n<p><img decoding=\"async\" class=\"size-full wp-image-12773\" src=\"https:\/\/www.alovey.com\/wp-content\/uploads\/2026\/03\/Empty-Round-Lip-Gloss-Packaging-with-Collar-and-Cylindrical-Shape-2.jpg\" alt=\"Round lipgloss container \" width=\"750\" height=\"750\" srcset=\"https:\/\/www.alovey.com\/wp-content\/uploads\/2026\/03\/Empty-Round-Lip-Gloss-Packaging-with-Collar-and-Cylindrical-Shape-2.jpg 750w, https:\/\/www.alovey.com\/wp-content\/uploads\/2026\/03\/Empty-Round-Lip-Gloss-Packaging-with-Collar-and-Cylindrical-Shape-2-300x300.jpg 300w, https:\/\/www.alovey.com\/wp-content\/uploads\/2026\/03\/Empty-Round-Lip-Gloss-Packaging-with-Collar-and-Cylindrical-Shape-2-150x150.jpg 150w, https:\/\/www.alovey.com\/wp-content\/uploads\/2026\/03\/Empty-Round-Lip-Gloss-Packaging-with-Collar-and-Cylindrical-Shape-2-12x12.jpg 12w, https:\/\/www.alovey.com\/wp-content\/uploads\/2026\/03\/Empty-Round-Lip-Gloss-Packaging-with-Collar-and-Cylindrical-Shape-2-600x600.jpg 600w, https:\/\/www.alovey.com\/wp-content\/uploads\/2026\/03\/Empty-Round-Lip-Gloss-Packaging-with-Collar-and-Cylindrical-Shape-2-100x100.jpg 100w\" sizes=\"(max-width: 750px) 100vw, 750px\" \/><\/p>\n<p><img decoding=\"async\" class=\"size-full wp-image-12774\" src=\"https:\/\/www.alovey.com\/wp-content\/uploads\/2026\/03\/Empty-Round-Lip-Gloss-Packaging-with-Collar-and-Cylindrical-Shape-3.jpg\" alt=\"Round lipgloss container \" width=\"750\" height=\"750\" srcset=\"https:\/\/www.alovey.com\/wp-content\/uploads\/2026\/03\/Empty-Round-Lip-Gloss-Packaging-with-Collar-and-Cylindrical-Shape-3.jpg 750w, https:\/\/www.alovey.com\/wp-content\/uploads\/2026\/03\/Empty-Round-Lip-Gloss-Packaging-with-Collar-and-Cylindrical-Shape-3-300x300.jpg 300w, https:\/\/www.alovey.com\/wp-content\/uploads\/2026\/03\/Empty-Round-Lip-Gloss-Packaging-with-Collar-and-Cylindrical-Shape-3-150x150.jpg 150w, https:\/\/www.alovey.com\/wp-content\/uploads\/2026\/03\/Empty-Round-Lip-Gloss-Packaging-with-Collar-and-Cylindrical-Shape-3-12x12.jpg 12w, https:\/\/www.alovey.com\/wp-content\/uploads\/2026\/03\/Empty-Round-Lip-Gloss-Packaging-with-Collar-and-Cylindrical-Shape-3-600x600.jpg 600w, https:\/\/www.alovey.com\/wp-content\/uploads\/2026\/03\/Empty-Round-Lip-Gloss-Packaging-with-Collar-and-Cylindrical-Shape-3-100x100.jpg 100w\" sizes=\"(max-width: 750px) 100vw, 750px\" \/><\/p>\n<p><img loading=\"lazy\" decoding=\"async\" class=\"size-full wp-image-12775\" src=\"https:\/\/www.alovey.com\/wp-content\/uploads\/2026\/03\/Empty-Round-Lip-Gloss-Packaging-with-Collar-and-Cylindrical-Shape-4.jpg\" alt=\"Round lipgloss container \" width=\"750\" height=\"750\" srcset=\"https:\/\/www.alovey.com\/wp-content\/uploads\/2026\/03\/Empty-Round-Lip-Gloss-Packaging-with-Collar-and-Cylindrical-Shape-4.jpg 750w, https:\/\/www.alovey.com\/wp-content\/uploads\/2026\/03\/Empty-Round-Lip-Gloss-Packaging-with-Collar-and-Cylindrical-Shape-4-300x300.jpg 300w, https:\/\/www.alovey.com\/wp-content\/uploads\/2026\/03\/Empty-Round-Lip-Gloss-Packaging-with-Collar-and-Cylindrical-Shape-4-150x150.jpg 150w, https:\/\/www.alovey.com\/wp-content\/uploads\/2026\/03\/Empty-Round-Lip-Gloss-Packaging-with-Collar-and-Cylindrical-Shape-4-12x12.jpg 12w, https:\/\/www.alovey.com\/wp-content\/uploads\/2026\/03\/Empty-Round-Lip-Gloss-Packaging-with-Collar-and-Cylindrical-Shape-4-600x600.jpg 600w, https:\/\/www.alovey.com\/wp-content\/uploads\/2026\/03\/Empty-Round-Lip-Gloss-Packaging-with-Collar-and-Cylindrical-Shape-4-100x100.jpg 100w\" sizes=\"(max-width: 750px) 100vw, 750px\" \/><\/p>\n<p><img loading=\"lazy\" decoding=\"async\" class=\"size-full wp-image-12776\" src=\"https:\/\/www.alovey.com\/wp-content\/uploads\/2026\/03\/Empty-Round-Lip-Gloss-Packaging-with-Collar-and-Cylindrical-Shape-5.jpg\" alt=\"Round lipgloss container \" width=\"750\" height=\"750\" srcset=\"https:\/\/www.alovey.com\/wp-content\/uploads\/2026\/03\/Empty-Round-Lip-Gloss-Packaging-with-Collar-and-Cylindrical-Shape-5.jpg 750w, https:\/\/www.alovey.com\/wp-content\/uploads\/2026\/03\/Empty-Round-Lip-Gloss-Packaging-with-Collar-and-Cylindrical-Shape-5-300x300.jpg 300w, https:\/\/www.alovey.com\/wp-content\/uploads\/2026\/03\/Empty-Round-Lip-Gloss-Packaging-with-Collar-and-Cylindrical-Shape-5-150x150.jpg 150w, https:\/\/www.alovey.com\/wp-content\/uploads\/2026\/03\/Empty-Round-Lip-Gloss-Packaging-with-Collar-and-Cylindrical-Shape-5-12x12.jpg 12w, https:\/\/www.alovey.com\/wp-content\/uploads\/2026\/03\/Empty-Round-Lip-Gloss-Packaging-with-Collar-and-Cylindrical-Shape-5-600x600.jpg 600w, https:\/\/www.alovey.com\/wp-content\/uploads\/2026\/03\/Empty-Round-Lip-Gloss-Packaging-with-Collar-and-Cylindrical-Shape-5-100x100.jpg 100w\" sizes=\"(max-width: 750px) 100vw, 750px\" \/><\/p>\n<p><img loading=\"lazy\" decoding=\"async\" class=\"size-full wp-image-12771\" src=\"https:\/\/www.alovey.com\/wp-content\/uploads\/2026\/03\/Empty-Round-Lip-Gloss-Packaging-with-Collar-and-Cylindrical-Shape-6.jpg\" alt=\"\" width=\"750\" height=\"750\" srcset=\"https:\/\/www.alovey.com\/wp-content\/uploads\/2026\/03\/Empty-Round-Lip-Gloss-Packaging-with-Collar-and-Cylindrical-Shape-6.jpg 750w, https:\/\/www.alovey.com\/wp-content\/uploads\/2026\/03\/Empty-Round-Lip-Gloss-Packaging-with-Collar-and-Cylindrical-Shape-6-300x300.jpg 300w, https:\/\/www.alovey.com\/wp-content\/uploads\/2026\/03\/Empty-Round-Lip-Gloss-Packaging-with-Collar-and-Cylindrical-Shape-6-150x150.jpg 150w, https:\/\/www.alovey.com\/wp-content\/uploads\/2026\/03\/Empty-Round-Lip-Gloss-Packaging-with-Collar-and-Cylindrical-Shape-6-12x12.jpg 12w, https:\/\/www.alovey.com\/wp-content\/uploads\/2026\/03\/Empty-Round-Lip-Gloss-Packaging-with-Collar-and-Cylindrical-Shape-6-600x600.jpg 600w, https:\/\/www.alovey.com\/wp-content\/uploads\/2026\/03\/Empty-Round-Lip-Gloss-Packaging-with-Collar-and-Cylindrical-Shape-6-100x100.jpg 100w\" sizes=\"(max-width: 750px) 100vw, 750px\" \/><\/p>\n<p>&nbsp;<\/p>\n<p>&nbsp;<\/p>\n<p>&nbsp;<\/p>\n<p>&nbsp;<\/p>\n<p>&nbsp;<\/p>\n<p>&nbsp;<\/p>\n<p>&nbsp;<\/p>\n<p>&nbsp;<\/p>\n<p>&nbsp;<\/p>\n<p>&nbsp;<\/p>\n<p>&nbsp;<\/p>\n<p>&nbsp;<\/p>\n<p>&nbsp;<\/p>\n<p>&nbsp;<\/p>\n<p>&nbsp;<\/p>\n<p>&nbsp;<\/p>\n<p>&nbsp;<\/p>\n<p>&nbsp;<\/p>\n<p>&nbsp;<\/p>\n<p>&nbsp;<\/p>\n<p>&nbsp;<\/p>\n<p>&nbsp;<\/p>\n<p>&nbsp;<\/p>\n<p>&nbsp;<\/p>\n<p>&nbsp;<\/p>\n<p>&nbsp;<\/p>\n<p>&nbsp;<\/p>\n<p>&nbsp;<\/p>\n<p>&nbsp;<\/p>\n<p>&nbsp;<\/p>\n<p>&nbsp;<\/p>\n<p>&nbsp;<\/p>\n<p>&nbsp;<\/p>\n<p>&nbsp;<\/p>\n<p>&nbsp;<\/p>\n<p>&nbsp;<\/p>\n<p>&nbsp;<\/p>\n<p>&nbsp;<\/p>\n<p>&nbsp;<\/p>\n<p>&nbsp;<\/p>\n<p>&nbsp;<\/p>\n<p>&nbsp;<\/p>\n<p>&nbsp;<\/p>\n<p>&nbsp;<\/p>\n<p>&nbsp;<\/p>\n<p>&nbsp;<\/p>\n<p>&nbsp;<\/p>\n<p>&nbsp;<\/p>\n<p>&nbsp;<\/p>\n<p>&nbsp;<\/p>\n<p>&nbsp;<\/p>\n<p>&nbsp;<\/p>\n<p>&nbsp;<\/p>\n<p>&nbsp;<\/p>\n<p>&nbsp;<\/p>\n<p>&nbsp;<\/p>\n<p>&nbsp;<\/p>\n<p>&nbsp;<\/p>\n<p>&nbsp;<\/p>\n<p>&nbsp;<\/p>\n<p>&nbsp;<\/p>\n<p>&nbsp;<\/p>\n<p>&nbsp;<\/p>\n<p>&nbsp;<\/p>\n<p>&nbsp;<\/p>\n<p>&nbsp;<\/p>\n<p>&nbsp;<\/p>\n<p>&nbsp;<\/p>\n<p>&nbsp;<\/p>\n<p>&nbsp;<\/p>\n<p>&nbsp;<\/p>\n<p>&nbsp;<\/p>\n<p>&nbsp;<\/p>\n<p>&nbsp;<\/p>\n<p>&nbsp;<\/p>\n<p>&nbsp;<\/p>\n<p>&nbsp;<\/p>\n<p>&nbsp;<\/p>\n<p>&nbsp;<\/p>\n<p>&nbsp;<\/p>\n<p>&nbsp;<\/p>\n<p>&nbsp;<\/p>\n<p>&nbsp;<\/p>\n<p>&nbsp;<\/p>\n<p>&nbsp;<\/p>\n<p>&nbsp;<\/p>\n<p>&nbsp;<\/p>\n<p>&nbsp;<\/p>\n<p>&nbsp;<\/p>\n<p>&nbsp;<\/p>\n<p>&nbsp;<\/p>\n<p>&nbsp;<\/p>\n<p>&nbsp;<\/p>\n<p>&nbsp;<\/p>\n<p>&nbsp;<\/p>\n<p>&nbsp;<\/p>\n<p>&nbsp;<\/p>\n<p>&nbsp;<\/p>\n<p>&nbsp;<\/p>\n<p>&nbsp;<\/p>\n<p>&nbsp;<\/p>\n<p>&nbsp;<\/p>\n<p>&nbsp;<\/p>\n<p>&nbsp;<\/p>\n<p>&nbsp;<\/p>\n<p>&nbsp;<\/p>\n<p>&nbsp;<\/p>\n<p>&nbsp;<\/p>\n<p>&nbsp;<\/p>\n<p>&nbsp;<\/p>\n<p>&nbsp;<\/p>\n<p>&nbsp;<\/p>\n<p>&nbsp;<\/p>\n<p>&nbsp;<\/p>\n<p>&nbsp;<\/p>\n<p>&nbsp;<\/p>\n<p>&nbsp;<\/p>\n<p>&nbsp;<\/p>\n<p>&nbsp;<\/p>\n<p>&nbsp;<\/p>\n<p>&nbsp;<\/p>\n<p>&nbsp;<\/p>\n<p>&nbsp;<\/p>\n<p>&nbsp;<\/p>\n<p>&nbsp;<\/p>\n<p>&nbsp;<\/p>\n<p>&nbsp;<\/p>\n<p>&nbsp;<\/p>\n<p>&nbsp;<\/p>\n<p>&nbsp;<\/p>\n<p>&nbsp;<\/p>\n<p>&nbsp;<\/p>\n<p>&nbsp;<\/p>\n<p>&nbsp;<\/p>\n<p>&nbsp;<\/p>\n<p>&nbsp;<\/p>\n<p>&nbsp;<\/p>\n<p>&nbsp;<\/p>\n<p>&nbsp;<\/p>","protected":false},"excerpt":{"rendered":"<ul>\n<li>Item No:LG-0221B<\/li>\n<li>Material:\u00a0Plastic<\/li>\n<li>Size:D19.5MM*H101MM<\/li>\n<li>Capacity: 8ml<\/li>\n<li>Aplicaciones: Productos de belleza<\/li>\n<li>MOQ: 12.000 piezas<\/li>\n<li>Color: Color personalizado<\/li>\n<li>Surface treatment: Injection\/Matte\/Materialization\/UV coating<\/li>\n<li>Nombre de marca: OEM\/ODM<\/li>\n<li>Logotipo: Logotipo del cliente<\/li>\n<li>Capacidad de suministro: 100.000 piezas al mes<\/li>\n<\/ul>\n<p>&nbsp;<\/p>","protected":false},"featured_media":12773,"template":"","meta":{"_acf_changed":false},"product_brand":[],"product_cat":[15,372],"product_tag":[388,453],"class_list":{"0":"post-12770","1":"product","2":"type-product","3":"status-publish","4":"has-post-thumbnail","6":"product_cat-wholesale-lip-cosmetic-packaging","7":"product_cat-lipgloss-tube","8":"product_tag-lip-gloss-tube","9":"product_tag-mini-cosmetic-packaging","11":"first","12":"instock","13":"shipping-taxable","14":"product-type-simple"},"acf":[],"yoast_head":"<!-- This site is optimized with the Yoast SEO plugin v24.1 - https:\/\/yoast.com\/wordpress\/plugins\/seo\/ -->\n<title>Empty Round Lip Gloss Packaging with Collar<\/title>\n<meta name=\"description\" content=\"This round lip gloss container is perfect for on-the-go use. Its sleek design ensures it takes up minimal space, making it easy to carry in your purse.\" \/>\n<meta name=\"robots\" content=\"index, follow, max-snippet:-1, max-image-preview:large, max-video-preview:-1\" \/>\n<link rel=\"canonical\" href=\"https:\/\/www.alovey.com\/es\/producto\/empty-round-lip-gloss-packaging-with-collar\/\" \/>\n<meta property=\"og:locale\" content=\"es_ES\" \/>\n<meta property=\"og:type\" content=\"article\" \/>\n<meta property=\"og:title\" content=\"Empty Round Lip Gloss Packaging with Collar\" \/>\n<meta property=\"og:description\" content=\"This round lip gloss container is perfect for on-the-go use. Its sleek design ensures it takes up minimal space, making it easy to carry in your purse.\" \/>\n<meta property=\"og:url\" content=\"https:\/\/www.alovey.com\/es\/producto\/empty-round-lip-gloss-packaging-with-collar\/\" \/>\n<meta property=\"og:site_name\" content=\"Best Cosmetic Packaging Manufacture\" \/>\n<meta property=\"article:modified_time\" content=\"2026-04-06T03:01:07+00:00\" \/>\n<meta property=\"og:image\" content=\"https:\/\/www.alovey.com\/wp-content\/uploads\/2026\/03\/Empty-Round-Lip-Gloss-Packaging-with-Collar-and-Cylindrical-Shape-2.jpg\" \/>\n\t<meta property=\"og:image:width\" content=\"750\" \/>\n\t<meta property=\"og:image:height\" content=\"750\" \/>\n\t<meta property=\"og:image:type\" content=\"image\/jpeg\" \/>\n<meta name=\"twitter:card\" content=\"summary_large_image\" \/>\n<meta name=\"twitter:label1\" content=\"Tiempo de lectura\" \/>\n\t<meta name=\"twitter:data1\" content=\"2 minutos\" \/>\n<script type=\"application\/ld+json\" class=\"yoast-schema-graph\">{\"@context\":\"https:\/\/schema.org\",\"@graph\":[{\"@type\":\"WebPage\",\"@id\":\"https:\/\/www.alovey.com\/product\/empty-round-lip-gloss-packaging-with-collar\/\",\"url\":\"https:\/\/www.alovey.com\/product\/empty-round-lip-gloss-packaging-with-collar\/\",\"name\":\"Empty Round Lip Gloss Packaging with Collar\",\"isPartOf\":{\"@id\":\"https:\/\/www.alovey.com\/#website\"},\"primaryImageOfPage\":{\"@id\":\"https:\/\/www.alovey.com\/product\/empty-round-lip-gloss-packaging-with-collar\/#primaryimage\"},\"image\":{\"@id\":\"https:\/\/www.alovey.com\/product\/empty-round-lip-gloss-packaging-with-collar\/#primaryimage\"},\"thumbnailUrl\":\"https:\/\/www.alovey.com\/wp-content\/uploads\/2026\/03\/Empty-Round-Lip-Gloss-Packaging-with-Collar-and-Cylindrical-Shape-2.jpg\",\"datePublished\":\"2026-03-30T02:51:45+00:00\",\"dateModified\":\"2026-04-06T03:01:07+00:00\",\"description\":\"This round lip gloss container is perfect for on-the-go use. Its sleek design ensures it takes up minimal space, making it easy to carry in your purse.\",\"breadcrumb\":{\"@id\":\"https:\/\/www.alovey.com\/product\/empty-round-lip-gloss-packaging-with-collar\/#breadcrumb\"},\"inLanguage\":\"es\",\"potentialAction\":[{\"@type\":\"ReadAction\",\"target\":[\"https:\/\/www.alovey.com\/product\/empty-round-lip-gloss-packaging-with-collar\/\"]}]},{\"@type\":\"ImageObject\",\"inLanguage\":\"es\",\"@id\":\"https:\/\/www.alovey.com\/product\/empty-round-lip-gloss-packaging-with-collar\/#primaryimage\",\"url\":\"https:\/\/www.alovey.com\/wp-content\/uploads\/2026\/03\/Empty-Round-Lip-Gloss-Packaging-with-Collar-and-Cylindrical-Shape-2.jpg\",\"contentUrl\":\"https:\/\/www.alovey.com\/wp-content\/uploads\/2026\/03\/Empty-Round-Lip-Gloss-Packaging-with-Collar-and-Cylindrical-Shape-2.jpg\",\"width\":750,\"height\":750,\"caption\":\"Empty Round Lip Gloss Packaging with Collar and Cylindrical Shape\"},{\"@type\":\"BreadcrumbList\",\"@id\":\"https:\/\/www.alovey.com\/product\/empty-round-lip-gloss-packaging-with-collar\/#breadcrumb\",\"itemListElement\":[{\"@type\":\"ListItem\",\"position\":1,\"name\":\"\u9996\u9875\",\"item\":\"https:\/\/www.alovey.com\/\"},{\"@type\":\"ListItem\",\"position\":2,\"name\":\"Products\",\"item\":\"https:\/\/www.alovey.com\/products\/\"},{\"@type\":\"ListItem\",\"position\":3,\"name\":\"Empty Round Lip Gloss Packaging with Collar and Cylindrical Shape\"}]},{\"@type\":\"WebSite\",\"@id\":\"https:\/\/www.alovey.com\/#website\",\"url\":\"https:\/\/www.alovey.com\/\",\"name\":\"Best Cosmetic Packaging Manufacture\",\"description\":\"Alovey Cosmetic Packaging Co.,Ltd\",\"publisher\":{\"@id\":\"https:\/\/www.alovey.com\/#organization\"},\"potentialAction\":[{\"@type\":\"SearchAction\",\"target\":{\"@type\":\"EntryPoint\",\"urlTemplate\":\"https:\/\/www.alovey.com\/?s={search_term_string}\"},\"query-input\":{\"@type\":\"PropertyValueSpecification\",\"valueRequired\":true,\"valueName\":\"search_term_string\"}}],\"inLanguage\":\"es\"},{\"@type\":\"Organization\",\"@id\":\"https:\/\/www.alovey.com\/#organization\",\"name\":\"Best Cosmetic Packaging Manufacture\",\"url\":\"https:\/\/www.alovey.com\/\",\"logo\":{\"@type\":\"ImageObject\",\"inLanguage\":\"es\",\"@id\":\"https:\/\/www.alovey.com\/#\/schema\/logo\/image\/\",\"url\":\"https:\/\/www.alovey.com\/wp-content\/uploads\/2023\/03\/logo.png\",\"contentUrl\":\"https:\/\/www.alovey.com\/wp-content\/uploads\/2023\/03\/logo.png\",\"width\":505,\"height\":180,\"caption\":\"Best  Cosmetic Packaging Manufacture\"},\"image\":{\"@id\":\"https:\/\/www.alovey.com\/#\/schema\/logo\/image\/\"}}]}<\/script>\n<!-- \/ Yoast SEO plugin. -->","yoast_head_json":{"title":"Empty Round Lip Gloss Packaging with Collar","description":"This round lip gloss container is perfect for on-the-go use. Its sleek design ensures it takes up minimal space, making it easy to carry in your purse.","robots":{"index":"index","follow":"follow","max-snippet":"max-snippet:-1","max-image-preview":"max-image-preview:large","max-video-preview":"max-video-preview:-1"},"canonical":"https:\/\/www.alovey.com\/es\/producto\/empty-round-lip-gloss-packaging-with-collar\/","og_locale":"es_ES","og_type":"article","og_title":"Empty Round Lip Gloss Packaging with Collar","og_description":"This round lip gloss container is perfect for on-the-go use. Its sleek design ensures it takes up minimal space, making it easy to carry in your purse.","og_url":"https:\/\/www.alovey.com\/es\/producto\/empty-round-lip-gloss-packaging-with-collar\/","og_site_name":"Best Cosmetic Packaging Manufacture","article_modified_time":"2026-04-06T03:01:07+00:00","og_image":[{"width":750,"height":750,"url":"https:\/\/www.alovey.com\/wp-content\/uploads\/2026\/03\/Empty-Round-Lip-Gloss-Packaging-with-Collar-and-Cylindrical-Shape-2.jpg","type":"image\/jpeg"}],"twitter_card":"summary_large_image","twitter_misc":{"Tiempo de lectura":"2 minutos"},"schema":{"@context":"https:\/\/schema.org","@graph":[{"@type":"WebPage","@id":"https:\/\/www.alovey.com\/product\/empty-round-lip-gloss-packaging-with-collar\/","url":"https:\/\/www.alovey.com\/product\/empty-round-lip-gloss-packaging-with-collar\/","name":"Empty Round Lip Gloss Packaging with Collar","isPartOf":{"@id":"https:\/\/www.alovey.com\/#website"},"primaryImageOfPage":{"@id":"https:\/\/www.alovey.com\/product\/empty-round-lip-gloss-packaging-with-collar\/#primaryimage"},"image":{"@id":"https:\/\/www.alovey.com\/product\/empty-round-lip-gloss-packaging-with-collar\/#primaryimage"},"thumbnailUrl":"https:\/\/www.alovey.com\/wp-content\/uploads\/2026\/03\/Empty-Round-Lip-Gloss-Packaging-with-Collar-and-Cylindrical-Shape-2.jpg","datePublished":"2026-03-30T02:51:45+00:00","dateModified":"2026-04-06T03:01:07+00:00","description":"This round lip gloss container is perfect for on-the-go use. Its sleek design ensures it takes up minimal space, making it easy to carry in your purse.","breadcrumb":{"@id":"https:\/\/www.alovey.com\/product\/empty-round-lip-gloss-packaging-with-collar\/#breadcrumb"},"inLanguage":"es","potentialAction":[{"@type":"ReadAction","target":["https:\/\/www.alovey.com\/product\/empty-round-lip-gloss-packaging-with-collar\/"]}]},{"@type":"ImageObject","inLanguage":"es","@id":"https:\/\/www.alovey.com\/product\/empty-round-lip-gloss-packaging-with-collar\/#primaryimage","url":"https:\/\/www.alovey.com\/wp-content\/uploads\/2026\/03\/Empty-Round-Lip-Gloss-Packaging-with-Collar-and-Cylindrical-Shape-2.jpg","contentUrl":"https:\/\/www.alovey.com\/wp-content\/uploads\/2026\/03\/Empty-Round-Lip-Gloss-Packaging-with-Collar-and-Cylindrical-Shape-2.jpg","width":750,"height":750,"caption":"Empty Round Lip Gloss Packaging with Collar and Cylindrical Shape"},{"@type":"BreadcrumbList","@id":"https:\/\/www.alovey.com\/product\/empty-round-lip-gloss-packaging-with-collar\/#breadcrumb","itemListElement":[{"@type":"ListItem","position":1,"name":"\u9996\u9875","item":"https:\/\/www.alovey.com\/"},{"@type":"ListItem","position":2,"name":"Products","item":"https:\/\/www.alovey.com\/products\/"},{"@type":"ListItem","position":3,"name":"Empty Round Lip Gloss Packaging with Collar and Cylindrical Shape"}]},{"@type":"WebSite","@id":"https:\/\/www.alovey.com\/#website","url":"https:\/\/www.alovey.com\/","name":"Best Cosmetic Packaging Manufacture","description":"Alovey Cosmetic Packaging S.L.","publisher":{"@id":"https:\/\/www.alovey.com\/#organization"},"potentialAction":[{"@type":"SearchAction","target":{"@type":"EntryPoint","urlTemplate":"https:\/\/www.alovey.com\/?s={search_term_string}"},"query-input":{"@type":"PropertyValueSpecification","valueRequired":true,"valueName":"search_term_string"}}],"inLanguage":"es"},{"@type":"Organization","@id":"https:\/\/www.alovey.com\/#organization","name":"Best Cosmetic Packaging Manufacture","url":"https:\/\/www.alovey.com\/","logo":{"@type":"ImageObject","inLanguage":"es","@id":"https:\/\/www.alovey.com\/#\/schema\/logo\/image\/","url":"https:\/\/www.alovey.com\/wp-content\/uploads\/2023\/03\/logo.png","contentUrl":"https:\/\/www.alovey.com\/wp-content\/uploads\/2023\/03\/logo.png","width":505,"height":180,"caption":"Best  Cosmetic Packaging Manufacture"},"image":{"@id":"https:\/\/www.alovey.com\/#\/schema\/logo\/image\/"}}]}},"_links":{"self":[{"href":"https:\/\/www.alovey.com\/es\/wp-json\/wp\/v2\/product\/12770"}],"collection":[{"href":"https:\/\/www.alovey.com\/es\/wp-json\/wp\/v2\/product"}],"about":[{"href":"https:\/\/www.alovey.com\/es\/wp-json\/wp\/v2\/types\/product"}],"wp:featuredmedia":[{"embeddable":true,"href":"https:\/\/www.alovey.com\/es\/wp-json\/wp\/v2\/media\/12773"}],"wp:attachment":[{"href":"https:\/\/www.alovey.com\/es\/wp-json\/wp\/v2\/media?parent=12770"}],"wp:term":[{"taxonomy":"product_brand","embeddable":true,"href":"https:\/\/www.alovey.com\/es\/wp-json\/wp\/v2\/product_brand?post=12770"},{"taxonomy":"product_cat","embeddable":true,"href":"https:\/\/www.alovey.com\/es\/wp-json\/wp\/v2\/product_cat?post=12770"},{"taxonomy":"product_tag","embeddable":true,"href":"https:\/\/www.alovey.com\/es\/wp-json\/wp\/v2\/product_tag?post=12770"}],"curies":[{"name":"wp","href":"https:\/\/api.w.org\/{rel}","templated":true}]}}