{"id":12669,"date":"2026-03-09T01:59:30","date_gmt":"2026-03-09T01:59:30","guid":{"rendered":"https:\/\/www.alovey.com\/?post_type=product&#038;p=12669"},"modified":"2026-03-09T03:51:49","modified_gmt":"2026-03-09T03:51:49","slug":"wholesale-matt-black-mascara-tube-with-unique-shape","status":"publish","type":"product","link":"https:\/\/www.alovey.com\/es\/producto\/wholesale-matt-black-mascara-tube-with-unique-shape\/","title":{"rendered":"Wholesale Matt Black Mascara Tube with Unique Shape"},"content":{"rendered":"<p><strong>Our\u00a0matte black mascara\u00a0tube\u00a0is made from high-quality\u00a0PETG\u00a0plastic material, offering excellent clarity, durability, and chemical resistance. Designed with a secure screw closure and precise wiping system, this black mascara tube ensures a leak-proof performance to protect your formula during storage and transport.<\/strong><\/p>\n<p><strong>The matte black finish delivers a modern, premium look, making it ideal for both professional cosmetic brands and private label products.<\/strong><\/p>\n<p><strong>Compact and lightweight, this mascara tube fits easily into any makeup bag, making it convenient for daily use and travel.<\/strong><\/p>\n<h3><strong>Key Features<\/strong><\/h3>\n<p><strong>Capacity:\u00a011ml<\/strong><\/p>\n<p><strong>Surface:\u00a0Elegant matte black finish<\/strong><\/p>\n<p><strong>Design:\u00a0Leak-proof screw thread<\/strong><\/p>\n<p><strong>Applicator:\u00a0Includes mascara wand for smooth application<\/strong><\/p>\n<p><strong>Portable:\u00a0Compact &amp; lightweight<\/strong><\/p>\n<h3><strong>Advantages<\/strong><\/h3>\n<p><strong>\u00a0Not easy to leak<\/strong><br \/>\n<strong>\u00a0Durable and chemical-resistant PETG material<\/strong><br \/>\n<strong>\u00a0Comfortable grip and easy handling<\/strong><br \/>\n<strong>\u00a0Suitable for high-viscosity and oil-based formulas<\/strong><br \/>\n<strong>\u00a0Professional cosmetic packaging appearance<\/strong><\/p>\n<h3><strong>Applications<\/strong><\/h3>\n<p><strong>Mascara packaging<\/strong><\/p>\n<p><strong>Eyelash growth oil container<\/strong><\/p>\n<p><strong>Lash serum bottle<\/strong><\/p>\n<p><strong>Private label cosmetic products<\/strong><\/p>\n<p><strong>Alovey, como fabricante profesional chino de envases para cosm\u00e9ticos, produce una exquisita gama de envases personalizados para cosm\u00e9ticos, meticulosamente elaborados para elevar su marca. Nuestra variada selecci\u00f3n de materiales de primera calidad, combinada con delicadas t\u00e9cnicas de acabado superficial como la serigraf\u00eda, la estampaci\u00f3n en caliente y la pulverizaci\u00f3n mate, garantiza que cada envase sea una obra maestra \u00fanica.<\/strong><\/p>\n<figure id=\"attachment_12674\" aria-describedby=\"caption-attachment-12674\" style=\"width: 750px\" class=\"wp-caption alignnone\"><img fetchpriority=\"high\" decoding=\"async\" class=\"size-full wp-image-12674\" src=\"https:\/\/www.alovey.com\/wp-content\/uploads\/2026\/03\/Wholesale-Matt-Black-Mascara-Tube-with-Unique-Shape-5.jpg\" alt=\"Black Mascara Tube\" width=\"750\" height=\"750\" srcset=\"https:\/\/www.alovey.com\/wp-content\/uploads\/2026\/03\/Wholesale-Matt-Black-Mascara-Tube-with-Unique-Shape-5.jpg 750w, https:\/\/www.alovey.com\/wp-content\/uploads\/2026\/03\/Wholesale-Matt-Black-Mascara-Tube-with-Unique-Shape-5-300x300.jpg 300w, https:\/\/www.alovey.com\/wp-content\/uploads\/2026\/03\/Wholesale-Matt-Black-Mascara-Tube-with-Unique-Shape-5-150x150.jpg 150w, https:\/\/www.alovey.com\/wp-content\/uploads\/2026\/03\/Wholesale-Matt-Black-Mascara-Tube-with-Unique-Shape-5-12x12.jpg 12w, https:\/\/www.alovey.com\/wp-content\/uploads\/2026\/03\/Wholesale-Matt-Black-Mascara-Tube-with-Unique-Shape-5-600x600.jpg 600w, https:\/\/www.alovey.com\/wp-content\/uploads\/2026\/03\/Wholesale-Matt-Black-Mascara-Tube-with-Unique-Shape-5-100x100.jpg 100w\" sizes=\"(max-width: 750px) 100vw, 750px\" \/><figcaption id=\"caption-attachment-12674\" class=\"wp-caption-text\">\u00a0<\/figcaption><\/figure>\n<figure id=\"attachment_12673\" aria-describedby=\"caption-attachment-12673\" style=\"width: 750px\" class=\"wp-caption alignnone\"><img decoding=\"async\" class=\"size-full wp-image-12673\" src=\"https:\/\/www.alovey.com\/wp-content\/uploads\/2026\/03\/Wholesale-Matt-Black-Mascara-Tube-with-Unique-Shape-4.jpg\" alt=\"Black Mascara Tube\" width=\"750\" height=\"750\" srcset=\"https:\/\/www.alovey.com\/wp-content\/uploads\/2026\/03\/Wholesale-Matt-Black-Mascara-Tube-with-Unique-Shape-4.jpg 750w, https:\/\/www.alovey.com\/wp-content\/uploads\/2026\/03\/Wholesale-Matt-Black-Mascara-Tube-with-Unique-Shape-4-300x300.jpg 300w, https:\/\/www.alovey.com\/wp-content\/uploads\/2026\/03\/Wholesale-Matt-Black-Mascara-Tube-with-Unique-Shape-4-150x150.jpg 150w, https:\/\/www.alovey.com\/wp-content\/uploads\/2026\/03\/Wholesale-Matt-Black-Mascara-Tube-with-Unique-Shape-4-12x12.jpg 12w, https:\/\/www.alovey.com\/wp-content\/uploads\/2026\/03\/Wholesale-Matt-Black-Mascara-Tube-with-Unique-Shape-4-600x600.jpg 600w, https:\/\/www.alovey.com\/wp-content\/uploads\/2026\/03\/Wholesale-Matt-Black-Mascara-Tube-with-Unique-Shape-4-100x100.jpg 100w\" sizes=\"(max-width: 750px) 100vw, 750px\" \/><figcaption id=\"caption-attachment-12673\" class=\"wp-caption-text\">\u00a0<\/figcaption><\/figure>\n<figure id=\"attachment_12672\" aria-describedby=\"caption-attachment-12672\" style=\"width: 750px\" class=\"wp-caption alignnone\"><img decoding=\"async\" class=\"size-full wp-image-12672\" src=\"https:\/\/www.alovey.com\/wp-content\/uploads\/2026\/03\/Wholesale-Matt-Black-Mascara-Tube-with-Unique-Shape-3.jpg\" alt=\"Black Mascara Tube\" width=\"750\" height=\"750\" srcset=\"https:\/\/www.alovey.com\/wp-content\/uploads\/2026\/03\/Wholesale-Matt-Black-Mascara-Tube-with-Unique-Shape-3.jpg 750w, https:\/\/www.alovey.com\/wp-content\/uploads\/2026\/03\/Wholesale-Matt-Black-Mascara-Tube-with-Unique-Shape-3-300x300.jpg 300w, https:\/\/www.alovey.com\/wp-content\/uploads\/2026\/03\/Wholesale-Matt-Black-Mascara-Tube-with-Unique-Shape-3-150x150.jpg 150w, https:\/\/www.alovey.com\/wp-content\/uploads\/2026\/03\/Wholesale-Matt-Black-Mascara-Tube-with-Unique-Shape-3-12x12.jpg 12w, https:\/\/www.alovey.com\/wp-content\/uploads\/2026\/03\/Wholesale-Matt-Black-Mascara-Tube-with-Unique-Shape-3-600x600.jpg 600w, https:\/\/www.alovey.com\/wp-content\/uploads\/2026\/03\/Wholesale-Matt-Black-Mascara-Tube-with-Unique-Shape-3-100x100.jpg 100w\" sizes=\"(max-width: 750px) 100vw, 750px\" \/><figcaption id=\"caption-attachment-12672\" class=\"wp-caption-text\">\u00a0<\/figcaption><\/figure>\n<figure id=\"attachment_12671\" aria-describedby=\"caption-attachment-12671\" style=\"width: 750px\" class=\"wp-caption alignnone\"><img loading=\"lazy\" decoding=\"async\" class=\"size-full wp-image-12671\" src=\"https:\/\/www.alovey.com\/wp-content\/uploads\/2026\/03\/Wholesale-Matt-Black-Mascara-Tube-with-Unique-Shape-2.jpg\" alt=\"Black Mascara Tube\" width=\"750\" height=\"750\" srcset=\"https:\/\/www.alovey.com\/wp-content\/uploads\/2026\/03\/Wholesale-Matt-Black-Mascara-Tube-with-Unique-Shape-2.jpg 750w, https:\/\/www.alovey.com\/wp-content\/uploads\/2026\/03\/Wholesale-Matt-Black-Mascara-Tube-with-Unique-Shape-2-300x300.jpg 300w, https:\/\/www.alovey.com\/wp-content\/uploads\/2026\/03\/Wholesale-Matt-Black-Mascara-Tube-with-Unique-Shape-2-150x150.jpg 150w, https:\/\/www.alovey.com\/wp-content\/uploads\/2026\/03\/Wholesale-Matt-Black-Mascara-Tube-with-Unique-Shape-2-12x12.jpg 12w, https:\/\/www.alovey.com\/wp-content\/uploads\/2026\/03\/Wholesale-Matt-Black-Mascara-Tube-with-Unique-Shape-2-600x600.jpg 600w, https:\/\/www.alovey.com\/wp-content\/uploads\/2026\/03\/Wholesale-Matt-Black-Mascara-Tube-with-Unique-Shape-2-100x100.jpg 100w\" sizes=\"(max-width: 750px) 100vw, 750px\" \/><figcaption id=\"caption-attachment-12671\" class=\"wp-caption-text\">\u00a0<\/figcaption><\/figure>\n<figure id=\"attachment_12670\" aria-describedby=\"caption-attachment-12670\" style=\"width: 750px\" class=\"wp-caption alignnone\"><img loading=\"lazy\" decoding=\"async\" class=\"size-full wp-image-12670\" src=\"https:\/\/www.alovey.com\/wp-content\/uploads\/2026\/03\/Wholesale-Matt-Black-Mascara-Tube-with-Unique-Shape-1.jpg\" alt=\"Black Mascara Tube\" width=\"750\" height=\"750\" srcset=\"https:\/\/www.alovey.com\/wp-content\/uploads\/2026\/03\/Wholesale-Matt-Black-Mascara-Tube-with-Unique-Shape-1.jpg 750w, https:\/\/www.alovey.com\/wp-content\/uploads\/2026\/03\/Wholesale-Matt-Black-Mascara-Tube-with-Unique-Shape-1-300x300.jpg 300w, https:\/\/www.alovey.com\/wp-content\/uploads\/2026\/03\/Wholesale-Matt-Black-Mascara-Tube-with-Unique-Shape-1-150x150.jpg 150w, https:\/\/www.alovey.com\/wp-content\/uploads\/2026\/03\/Wholesale-Matt-Black-Mascara-Tube-with-Unique-Shape-1-12x12.jpg 12w, https:\/\/www.alovey.com\/wp-content\/uploads\/2026\/03\/Wholesale-Matt-Black-Mascara-Tube-with-Unique-Shape-1-600x600.jpg 600w, https:\/\/www.alovey.com\/wp-content\/uploads\/2026\/03\/Wholesale-Matt-Black-Mascara-Tube-with-Unique-Shape-1-100x100.jpg 100w\" sizes=\"(max-width: 750px) 100vw, 750px\" \/><figcaption id=\"caption-attachment-12670\" class=\"wp-caption-text\">\u00a0<\/figcaption><\/figure>\n<figure id=\"attachment_12675\" aria-describedby=\"caption-attachment-12675\" style=\"width: 750px\" class=\"wp-caption alignnone\"><img loading=\"lazy\" decoding=\"async\" class=\"size-full wp-image-12675\" src=\"https:\/\/www.alovey.com\/wp-content\/uploads\/2026\/03\/Wholesale-Matt-Black-Mascara-Tube-with-Unique-Shape-6.jpg\" alt=\"Black Mascara Tube\" width=\"750\" height=\"750\" srcset=\"https:\/\/www.alovey.com\/wp-content\/uploads\/2026\/03\/Wholesale-Matt-Black-Mascara-Tube-with-Unique-Shape-6.jpg 750w, https:\/\/www.alovey.com\/wp-content\/uploads\/2026\/03\/Wholesale-Matt-Black-Mascara-Tube-with-Unique-Shape-6-300x300.jpg 300w, https:\/\/www.alovey.com\/wp-content\/uploads\/2026\/03\/Wholesale-Matt-Black-Mascara-Tube-with-Unique-Shape-6-150x150.jpg 150w, https:\/\/www.alovey.com\/wp-content\/uploads\/2026\/03\/Wholesale-Matt-Black-Mascara-Tube-with-Unique-Shape-6-12x12.jpg 12w, https:\/\/www.alovey.com\/wp-content\/uploads\/2026\/03\/Wholesale-Matt-Black-Mascara-Tube-with-Unique-Shape-6-600x600.jpg 600w, https:\/\/www.alovey.com\/wp-content\/uploads\/2026\/03\/Wholesale-Matt-Black-Mascara-Tube-with-Unique-Shape-6-100x100.jpg 100w\" sizes=\"(max-width: 750px) 100vw, 750px\" \/><figcaption id=\"caption-attachment-12675\" class=\"wp-caption-text\">\u00a0<\/figcaption><\/figure>\n<p>&nbsp;<\/p>\n<p>&nbsp;<\/p>\n<p>&nbsp;<\/p>\n<p>&nbsp;<\/p>\n<p>&nbsp;<\/p>\n<p>&nbsp;<\/p>\n<p>&nbsp;<\/p>\n<p>&nbsp;<\/p>\n<p>&nbsp;<\/p>\n<p>&nbsp;<\/p>\n<p>&nbsp;<\/p>\n<p>&nbsp;<\/p>\n<p>&nbsp;<\/p>\n<p>&nbsp;<\/p>\n<p>&nbsp;<\/p>\n<p>&nbsp;<\/p>\n<p>&nbsp;<\/p>\n<p>&nbsp;<\/p>\n<p>&nbsp;<\/p>\n<p>&nbsp;<\/p>\n<p>&nbsp;<\/p>\n<p>&nbsp;<\/p>\n<p>&nbsp;<\/p>\n<p>&nbsp;<\/p>\n<p>&nbsp;<\/p>\n<p>&nbsp;<\/p>\n<p>&nbsp;<\/p>\n<p>&nbsp;<\/p>\n<p>&nbsp;<\/p>\n<p>&nbsp;<\/p>\n<p>&nbsp;<\/p>\n<p>&nbsp;<\/p>\n<p>&nbsp;<\/p>\n<p>&nbsp;<\/p>\n<p>&nbsp;<\/p>\n<p>&nbsp;<\/p>\n<p>&nbsp;<\/p>\n<p>&nbsp;<\/p>\n<p>&nbsp;<\/p>\n<p>&nbsp;<\/p>\n<p>&nbsp;<\/p>\n<p>&nbsp;<\/p>\n<p>&nbsp;<\/p>\n<p>&nbsp;<\/p>\n<p>&nbsp;<\/p>\n<p>&nbsp;<\/p>\n<p>&nbsp;<\/p>\n<p>&nbsp;<\/p>\n<p>&nbsp;<\/p>\n<p>&nbsp;<\/p>\n<p>&nbsp;<\/p>\n<p>&nbsp;<\/p>\n<p>&nbsp;<\/p>\n<p>&nbsp;<\/p>\n<p>&nbsp;<\/p>\n<p>&nbsp;<\/p>\n<p>&nbsp;<\/p>\n<p>&nbsp;<\/p>\n<p>&nbsp;<\/p>\n<p>&nbsp;<\/p>\n<p>&nbsp;<\/p>\n<p>&nbsp;<\/p>\n<p>&nbsp;<\/p>\n<p>&nbsp;<\/p>\n<p>&nbsp;<\/p>\n<p>&nbsp;<\/p>\n<p>&nbsp;<\/p>\n<p>&nbsp;<\/p>\n<p>&nbsp;<\/p>\n<p>&nbsp;<\/p>\n<p>&nbsp;<\/p>\n<p>&nbsp;<\/p>\n<p>&nbsp;<\/p>\n<p>&nbsp;<\/p>\n<p>&nbsp;<\/p>\n<p>&nbsp;<\/p>\n<p>&nbsp;<\/p>\n<p>&nbsp;<\/p>\n<p>&nbsp;<\/p>\n<p>&nbsp;<\/p>\n<p>&nbsp;<\/p>\n<p>&nbsp;<\/p>\n<p>&nbsp;<\/p>\n<p>&nbsp;<\/p>\n<p>&nbsp;<\/p>\n<p>&nbsp;<\/p>\n<p>&nbsp;<\/p>\n<p>&nbsp;<\/p>\n<p>&nbsp;<\/p>\n<p>&nbsp;<\/p>\n<p>&nbsp;<\/p>\n<p>&nbsp;<\/p>\n<p>&nbsp;<\/p>\n<p>&nbsp;<\/p>\n<p>&nbsp;<\/p>\n<p>&nbsp;<\/p>\n<p>&nbsp;<\/p>\n<p>&nbsp;<\/p>\n<p>&nbsp;<\/p>\n<p>&nbsp;<\/p>\n<p>&nbsp;<\/p>\n<p>&nbsp;<\/p>\n<p>&nbsp;<\/p>\n<p>&nbsp;<\/p>\n<p>&nbsp;<\/p>\n<p>&nbsp;<\/p>\n<p>&nbsp;<\/p>\n<p>&nbsp;<\/p>\n<p>&nbsp;<\/p>\n<p>&nbsp;<\/p>\n<p>&nbsp;<\/p>\n<p>&nbsp;<\/p>\n<p>&nbsp;<\/p>\n<p>&nbsp;<\/p>\n<p>&nbsp;<\/p>\n<p>&nbsp;<\/p>\n<p>&nbsp;<\/p>\n<p>&nbsp;<\/p>\n<p>&nbsp;<\/p>\n<p>&nbsp;<\/p>\n<p>&nbsp;<\/p>\n<p>&nbsp;<\/p>\n<p>&nbsp;<\/p>\n<p>&nbsp;<\/p>\n<p>&nbsp;<\/p>\n<p>&nbsp;<\/p>\n<p>&nbsp;<\/p>\n<p>&nbsp;<\/p>\n<p>&nbsp;<\/p>\n<p>&nbsp;<\/p>\n<p>&nbsp;<\/p>\n<p>&nbsp;<\/p>\n<p>&nbsp;<\/p>\n<p>&nbsp;<\/p>\n<p>&nbsp;<\/p>\n<p>&nbsp;<\/p>","protected":false},"excerpt":{"rendered":"<ul>\n<li>Item No:MA-0405A<\/li>\n<li>Material:\u00a0Plastic<\/li>\n<li>Size:\u00a0D18.5*H129MM<\/li>\n<li>Aplicaciones: Productos de belleza<\/li>\n<li>MOQ: 12.000 piezas<\/li>\n<li>Color: Color personalizado<\/li>\n<li>Surface treatment: Injection\/Matte\/Metalization\/UV coating<\/li>\n<li>Nombre de marca: OEM\/ODM<\/li>\n<li>Logotipo: Logotipo del cliente<\/li>\n<li>Capacidad de suministro: 100.000 piezas al mes<\/li>\n<\/ul>","protected":false},"featured_media":12672,"template":"","meta":{"_acf_changed":false},"product_brand":[],"product_cat":[376],"product_tag":[391],"class_list":{"0":"post-12669","1":"product","2":"type-product","3":"status-publish","4":"has-post-thumbnail","6":"product_cat-wholesale-empty-eyelash-tube","7":"product_tag-mascara-tube","9":"first","10":"instock","11":"shipping-taxable","12":"product-type-simple"},"acf":[],"yoast_head":"<!-- This site is optimized with the Yoast SEO plugin v24.1 - https:\/\/yoast.com\/wordpress\/plugins\/seo\/ -->\n<title>Wholesale Matt Black Mascara Tube with Unique Shape<\/title>\n<meta name=\"description\" content=\"Wholesale matte black mascara tube made of high-quality PETG. Leak-proof, lightweight, includes wand. Ideal for mascara &amp; eyelash oil packaging.\" \/>\n<meta name=\"robots\" content=\"index, follow, max-snippet:-1, max-image-preview:large, max-video-preview:-1\" \/>\n<link rel=\"canonical\" href=\"https:\/\/www.alovey.com\/es\/producto\/wholesale-matt-black-mascara-tube-with-unique-shape\/\" \/>\n<meta property=\"og:locale\" content=\"es_ES\" \/>\n<meta property=\"og:type\" content=\"article\" \/>\n<meta property=\"og:title\" content=\"Wholesale Matt Black Mascara Tube with Unique Shape\" \/>\n<meta property=\"og:description\" content=\"Wholesale matte black mascara tube made of high-quality PETG. Leak-proof, lightweight, includes wand. Ideal for mascara &amp; eyelash oil packaging.\" \/>\n<meta property=\"og:url\" content=\"https:\/\/www.alovey.com\/es\/producto\/wholesale-matt-black-mascara-tube-with-unique-shape\/\" \/>\n<meta property=\"og:site_name\" content=\"Best Cosmetic Packaging Manufacture\" \/>\n<meta property=\"article:modified_time\" content=\"2026-03-09T03:51:49+00:00\" \/>\n<meta property=\"og:image\" content=\"https:\/\/www.alovey.com\/wp-content\/uploads\/2026\/03\/Wholesale-Matt-Black-Mascara-Tube-with-Unique-Shape-3.jpg\" \/>\n\t<meta property=\"og:image:width\" content=\"750\" \/>\n\t<meta property=\"og:image:height\" content=\"750\" \/>\n\t<meta property=\"og:image:type\" content=\"image\/jpeg\" \/>\n<meta name=\"twitter:card\" content=\"summary_large_image\" \/>\n<meta name=\"twitter:label1\" content=\"Tiempo de lectura\" \/>\n\t<meta name=\"twitter:data1\" content=\"3 minutos\" \/>\n<script type=\"application\/ld+json\" class=\"yoast-schema-graph\">{\"@context\":\"https:\/\/schema.org\",\"@graph\":[{\"@type\":\"WebPage\",\"@id\":\"https:\/\/www.alovey.com\/product\/wholesale-matt-black-mascara-tube-with-unique-shape\/\",\"url\":\"https:\/\/www.alovey.com\/product\/wholesale-matt-black-mascara-tube-with-unique-shape\/\",\"name\":\"Wholesale Matt Black Mascara Tube with Unique Shape\",\"isPartOf\":{\"@id\":\"https:\/\/www.alovey.com\/#website\"},\"primaryImageOfPage\":{\"@id\":\"https:\/\/www.alovey.com\/product\/wholesale-matt-black-mascara-tube-with-unique-shape\/#primaryimage\"},\"image\":{\"@id\":\"https:\/\/www.alovey.com\/product\/wholesale-matt-black-mascara-tube-with-unique-shape\/#primaryimage\"},\"thumbnailUrl\":\"https:\/\/www.alovey.com\/wp-content\/uploads\/2026\/03\/Wholesale-Matt-Black-Mascara-Tube-with-Unique-Shape-3.jpg\",\"datePublished\":\"2026-03-09T01:59:30+00:00\",\"dateModified\":\"2026-03-09T03:51:49+00:00\",\"description\":\"Wholesale matte black mascara tube made of high-quality PETG. Leak-proof, lightweight, includes wand. Ideal for mascara & eyelash oil packaging.\",\"breadcrumb\":{\"@id\":\"https:\/\/www.alovey.com\/product\/wholesale-matt-black-mascara-tube-with-unique-shape\/#breadcrumb\"},\"inLanguage\":\"es\",\"potentialAction\":[{\"@type\":\"ReadAction\",\"target\":[\"https:\/\/www.alovey.com\/product\/wholesale-matt-black-mascara-tube-with-unique-shape\/\"]}]},{\"@type\":\"ImageObject\",\"inLanguage\":\"es\",\"@id\":\"https:\/\/www.alovey.com\/product\/wholesale-matt-black-mascara-tube-with-unique-shape\/#primaryimage\",\"url\":\"https:\/\/www.alovey.com\/wp-content\/uploads\/2026\/03\/Wholesale-Matt-Black-Mascara-Tube-with-Unique-Shape-3.jpg\",\"contentUrl\":\"https:\/\/www.alovey.com\/wp-content\/uploads\/2026\/03\/Wholesale-Matt-Black-Mascara-Tube-with-Unique-Shape-3.jpg\",\"width\":750,\"height\":750,\"caption\":\"Wholesale Matt Black Mascara Tube with Unique Shape\"},{\"@type\":\"BreadcrumbList\",\"@id\":\"https:\/\/www.alovey.com\/product\/wholesale-matt-black-mascara-tube-with-unique-shape\/#breadcrumb\",\"itemListElement\":[{\"@type\":\"ListItem\",\"position\":1,\"name\":\"\u9996\u9875\",\"item\":\"https:\/\/www.alovey.com\/\"},{\"@type\":\"ListItem\",\"position\":2,\"name\":\"Products\",\"item\":\"https:\/\/www.alovey.com\/products\/\"},{\"@type\":\"ListItem\",\"position\":3,\"name\":\"Wholesale Matt Black Mascara Tube with Unique Shape\"}]},{\"@type\":\"WebSite\",\"@id\":\"https:\/\/www.alovey.com\/#website\",\"url\":\"https:\/\/www.alovey.com\/\",\"name\":\"Best Cosmetic Packaging Manufacture\",\"description\":\"Alovey Cosmetic Packaging Co.,Ltd\",\"publisher\":{\"@id\":\"https:\/\/www.alovey.com\/#organization\"},\"potentialAction\":[{\"@type\":\"SearchAction\",\"target\":{\"@type\":\"EntryPoint\",\"urlTemplate\":\"https:\/\/www.alovey.com\/?s={search_term_string}\"},\"query-input\":{\"@type\":\"PropertyValueSpecification\",\"valueRequired\":true,\"valueName\":\"search_term_string\"}}],\"inLanguage\":\"es\"},{\"@type\":\"Organization\",\"@id\":\"https:\/\/www.alovey.com\/#organization\",\"name\":\"Best Cosmetic Packaging Manufacture\",\"url\":\"https:\/\/www.alovey.com\/\",\"logo\":{\"@type\":\"ImageObject\",\"inLanguage\":\"es\",\"@id\":\"https:\/\/www.alovey.com\/#\/schema\/logo\/image\/\",\"url\":\"https:\/\/www.alovey.com\/wp-content\/uploads\/2023\/03\/logo.png\",\"contentUrl\":\"https:\/\/www.alovey.com\/wp-content\/uploads\/2023\/03\/logo.png\",\"width\":505,\"height\":180,\"caption\":\"Best  Cosmetic Packaging Manufacture\"},\"image\":{\"@id\":\"https:\/\/www.alovey.com\/#\/schema\/logo\/image\/\"}}]}<\/script>\n<!-- \/ Yoast SEO plugin. -->","yoast_head_json":{"title":"Wholesale Matt Black Mascara Tube with Unique Shape","description":"Wholesale matte black mascara tube made of high-quality PETG. Leak-proof, lightweight, includes wand. Ideal for mascara & eyelash oil packaging.","robots":{"index":"index","follow":"follow","max-snippet":"max-snippet:-1","max-image-preview":"max-image-preview:large","max-video-preview":"max-video-preview:-1"},"canonical":"https:\/\/www.alovey.com\/es\/producto\/wholesale-matt-black-mascara-tube-with-unique-shape\/","og_locale":"es_ES","og_type":"article","og_title":"Wholesale Matt Black Mascara Tube with Unique Shape","og_description":"Wholesale matte black mascara tube made of high-quality PETG. Leak-proof, lightweight, includes wand. Ideal for mascara & eyelash oil packaging.","og_url":"https:\/\/www.alovey.com\/es\/producto\/wholesale-matt-black-mascara-tube-with-unique-shape\/","og_site_name":"Best Cosmetic Packaging Manufacture","article_modified_time":"2026-03-09T03:51:49+00:00","og_image":[{"width":750,"height":750,"url":"https:\/\/www.alovey.com\/wp-content\/uploads\/2026\/03\/Wholesale-Matt-Black-Mascara-Tube-with-Unique-Shape-3.jpg","type":"image\/jpeg"}],"twitter_card":"summary_large_image","twitter_misc":{"Tiempo de lectura":"3 minutos"},"schema":{"@context":"https:\/\/schema.org","@graph":[{"@type":"WebPage","@id":"https:\/\/www.alovey.com\/product\/wholesale-matt-black-mascara-tube-with-unique-shape\/","url":"https:\/\/www.alovey.com\/product\/wholesale-matt-black-mascara-tube-with-unique-shape\/","name":"Wholesale Matt Black Mascara Tube with Unique Shape","isPartOf":{"@id":"https:\/\/www.alovey.com\/#website"},"primaryImageOfPage":{"@id":"https:\/\/www.alovey.com\/product\/wholesale-matt-black-mascara-tube-with-unique-shape\/#primaryimage"},"image":{"@id":"https:\/\/www.alovey.com\/product\/wholesale-matt-black-mascara-tube-with-unique-shape\/#primaryimage"},"thumbnailUrl":"https:\/\/www.alovey.com\/wp-content\/uploads\/2026\/03\/Wholesale-Matt-Black-Mascara-Tube-with-Unique-Shape-3.jpg","datePublished":"2026-03-09T01:59:30+00:00","dateModified":"2026-03-09T03:51:49+00:00","description":"Wholesale matte black mascara tube made of high-quality PETG. Leak-proof, lightweight, includes wand. Ideal for mascara & eyelash oil packaging.","breadcrumb":{"@id":"https:\/\/www.alovey.com\/product\/wholesale-matt-black-mascara-tube-with-unique-shape\/#breadcrumb"},"inLanguage":"es","potentialAction":[{"@type":"ReadAction","target":["https:\/\/www.alovey.com\/product\/wholesale-matt-black-mascara-tube-with-unique-shape\/"]}]},{"@type":"ImageObject","inLanguage":"es","@id":"https:\/\/www.alovey.com\/product\/wholesale-matt-black-mascara-tube-with-unique-shape\/#primaryimage","url":"https:\/\/www.alovey.com\/wp-content\/uploads\/2026\/03\/Wholesale-Matt-Black-Mascara-Tube-with-Unique-Shape-3.jpg","contentUrl":"https:\/\/www.alovey.com\/wp-content\/uploads\/2026\/03\/Wholesale-Matt-Black-Mascara-Tube-with-Unique-Shape-3.jpg","width":750,"height":750,"caption":"Wholesale Matt Black Mascara Tube with Unique Shape"},{"@type":"BreadcrumbList","@id":"https:\/\/www.alovey.com\/product\/wholesale-matt-black-mascara-tube-with-unique-shape\/#breadcrumb","itemListElement":[{"@type":"ListItem","position":1,"name":"\u9996\u9875","item":"https:\/\/www.alovey.com\/"},{"@type":"ListItem","position":2,"name":"Products","item":"https:\/\/www.alovey.com\/products\/"},{"@type":"ListItem","position":3,"name":"Wholesale Matt Black Mascara Tube with Unique Shape"}]},{"@type":"WebSite","@id":"https:\/\/www.alovey.com\/#website","url":"https:\/\/www.alovey.com\/","name":"Best Cosmetic Packaging Manufacture","description":"Alovey Cosmetic Packaging S.L.","publisher":{"@id":"https:\/\/www.alovey.com\/#organization"},"potentialAction":[{"@type":"SearchAction","target":{"@type":"EntryPoint","urlTemplate":"https:\/\/www.alovey.com\/?s={search_term_string}"},"query-input":{"@type":"PropertyValueSpecification","valueRequired":true,"valueName":"search_term_string"}}],"inLanguage":"es"},{"@type":"Organization","@id":"https:\/\/www.alovey.com\/#organization","name":"Best Cosmetic Packaging Manufacture","url":"https:\/\/www.alovey.com\/","logo":{"@type":"ImageObject","inLanguage":"es","@id":"https:\/\/www.alovey.com\/#\/schema\/logo\/image\/","url":"https:\/\/www.alovey.com\/wp-content\/uploads\/2023\/03\/logo.png","contentUrl":"https:\/\/www.alovey.com\/wp-content\/uploads\/2023\/03\/logo.png","width":505,"height":180,"caption":"Best  Cosmetic Packaging Manufacture"},"image":{"@id":"https:\/\/www.alovey.com\/#\/schema\/logo\/image\/"}}]}},"_links":{"self":[{"href":"https:\/\/www.alovey.com\/es\/wp-json\/wp\/v2\/product\/12669"}],"collection":[{"href":"https:\/\/www.alovey.com\/es\/wp-json\/wp\/v2\/product"}],"about":[{"href":"https:\/\/www.alovey.com\/es\/wp-json\/wp\/v2\/types\/product"}],"wp:featuredmedia":[{"embeddable":true,"href":"https:\/\/www.alovey.com\/es\/wp-json\/wp\/v2\/media\/12672"}],"wp:attachment":[{"href":"https:\/\/www.alovey.com\/es\/wp-json\/wp\/v2\/media?parent=12669"}],"wp:term":[{"taxonomy":"product_brand","embeddable":true,"href":"https:\/\/www.alovey.com\/es\/wp-json\/wp\/v2\/product_brand?post=12669"},{"taxonomy":"product_cat","embeddable":true,"href":"https:\/\/www.alovey.com\/es\/wp-json\/wp\/v2\/product_cat?post=12669"},{"taxonomy":"product_tag","embeddable":true,"href":"https:\/\/www.alovey.com\/es\/wp-json\/wp\/v2\/product_tag?post=12669"}],"curies":[{"name":"wp","href":"https:\/\/api.w.org\/{rel}","templated":true}]}}