{"id":12639,"date":"2026-03-02T06:34:36","date_gmt":"2026-03-02T06:34:36","guid":{"rendered":"https:\/\/www.alovey.com\/?post_type=product&#038;p=12639"},"modified":"2026-03-02T06:43:27","modified_gmt":"2026-03-02T06:43:27","slug":"wholesale-pink-container-mascara-tube-14ml","status":"publish","type":"product","link":"https:\/\/www.alovey.com\/es\/producto\/wholesale-pink-container-mascara-tube-14ml\/","title":{"rendered":"Wholesale Pink Container Mascara Tube 14ml"},"content":{"rendered":"<p><strong>We wholesale pink container mascara tube \u00a0with 14 ml.<\/strong><\/p>\n<p><strong>This is made from high-quality PETG material, offering excellent transparency, durability, and chemical resistance. The smooth round design combined with a soft pink finish creates a fresh and elegant look, perfect for cosmetic brands.<\/strong><\/p>\n<h3><strong>Multi-Purpose Application<\/strong><\/h3>\n<p><strong>This mascara container is suitable for:<\/strong><\/p>\n<p><strong>Mascara<\/strong><\/p>\n<p><strong>Eyelash serum<\/strong><\/p>\n<p><strong>Eyebrow serum<\/strong><\/p>\n<p><strong>Other liquid cosmetic formulas<\/strong><\/p>\n<h3><strong>Brush Options Available<\/strong><\/h3>\n<p><strong>To meet different formula and performance needs, you can choose:<\/strong><\/p>\n<p><strong>Silicone brush\u00a0\u2013 Ideal for precise application and lash separation<\/strong><\/p>\n<p><strong>Nylon brush\u00a0\u2013 Suitable for volumizing and evenly coating lashes<\/strong><\/p>\n<p><strong>The brush type can be customized according to your product positioning and formula requirements.<\/strong><\/p>\n<h3><strong>Customization Support<\/strong><\/h3>\n<p><strong>Custom color options<\/strong><\/p>\n<p><strong>Logo printing (silk screen \/ hot stamping)<\/strong><\/p>\n<p><strong>Brush color matching<\/strong><\/p>\n<p><strong>Wiper system optimization<\/strong><\/p>\n<p><strong>Alovey, como fabricante profesional chino de envases para cosm\u00e9ticos, produce una exquisita gama de envases personalizados para cosm\u00e9ticos, meticulosamente elaborados para elevar su marca. Nuestra variada selecci\u00f3n de materiales de primera calidad, combinada con delicadas t\u00e9cnicas de acabado superficial como la serigraf\u00eda, la estampaci\u00f3n en caliente y la pulverizaci\u00f3n mate, garantiza que cada envase sea una obra maestra \u00fanica.<\/strong><\/p>\n<p><img fetchpriority=\"high\" decoding=\"async\" class=\"size-full wp-image-12644\" src=\"https:\/\/www.alovey.com\/wp-content\/uploads\/2026\/03\/Wholesale-Pink-Container-Mascara-Tube-14ml-3.jpg\" alt=\"pink container mascara\" width=\"750\" height=\"750\" srcset=\"https:\/\/www.alovey.com\/wp-content\/uploads\/2026\/03\/Wholesale-Pink-Container-Mascara-Tube-14ml-3.jpg 750w, https:\/\/www.alovey.com\/wp-content\/uploads\/2026\/03\/Wholesale-Pink-Container-Mascara-Tube-14ml-3-300x300.jpg 300w, https:\/\/www.alovey.com\/wp-content\/uploads\/2026\/03\/Wholesale-Pink-Container-Mascara-Tube-14ml-3-150x150.jpg 150w, https:\/\/www.alovey.com\/wp-content\/uploads\/2026\/03\/Wholesale-Pink-Container-Mascara-Tube-14ml-3-12x12.jpg 12w, https:\/\/www.alovey.com\/wp-content\/uploads\/2026\/03\/Wholesale-Pink-Container-Mascara-Tube-14ml-3-600x600.jpg 600w, https:\/\/www.alovey.com\/wp-content\/uploads\/2026\/03\/Wholesale-Pink-Container-Mascara-Tube-14ml-3-100x100.jpg 100w\" sizes=\"(max-width: 750px) 100vw, 750px\" \/> <img decoding=\"async\" class=\"size-full wp-image-12643\" src=\"https:\/\/www.alovey.com\/wp-content\/uploads\/2026\/03\/Wholesale-Pink-Container-Mascara-Tube-14ml-2.jpg\" alt=\"pink container mascara\" width=\"750\" height=\"750\" srcset=\"https:\/\/www.alovey.com\/wp-content\/uploads\/2026\/03\/Wholesale-Pink-Container-Mascara-Tube-14ml-2.jpg 750w, https:\/\/www.alovey.com\/wp-content\/uploads\/2026\/03\/Wholesale-Pink-Container-Mascara-Tube-14ml-2-300x300.jpg 300w, https:\/\/www.alovey.com\/wp-content\/uploads\/2026\/03\/Wholesale-Pink-Container-Mascara-Tube-14ml-2-150x150.jpg 150w, https:\/\/www.alovey.com\/wp-content\/uploads\/2026\/03\/Wholesale-Pink-Container-Mascara-Tube-14ml-2-12x12.jpg 12w, https:\/\/www.alovey.com\/wp-content\/uploads\/2026\/03\/Wholesale-Pink-Container-Mascara-Tube-14ml-2-600x600.jpg 600w, https:\/\/www.alovey.com\/wp-content\/uploads\/2026\/03\/Wholesale-Pink-Container-Mascara-Tube-14ml-2-100x100.jpg 100w\" sizes=\"(max-width: 750px) 100vw, 750px\" \/> <img decoding=\"async\" class=\"size-full wp-image-12642\" src=\"https:\/\/www.alovey.com\/wp-content\/uploads\/2026\/03\/Wholesale-Pink-Container-Mascara-Tube-14ml-1.jpg\" alt=\"pink container mascara\" width=\"750\" height=\"750\" srcset=\"https:\/\/www.alovey.com\/wp-content\/uploads\/2026\/03\/Wholesale-Pink-Container-Mascara-Tube-14ml-1.jpg 750w, https:\/\/www.alovey.com\/wp-content\/uploads\/2026\/03\/Wholesale-Pink-Container-Mascara-Tube-14ml-1-300x300.jpg 300w, https:\/\/www.alovey.com\/wp-content\/uploads\/2026\/03\/Wholesale-Pink-Container-Mascara-Tube-14ml-1-150x150.jpg 150w, https:\/\/www.alovey.com\/wp-content\/uploads\/2026\/03\/Wholesale-Pink-Container-Mascara-Tube-14ml-1-12x12.jpg 12w, https:\/\/www.alovey.com\/wp-content\/uploads\/2026\/03\/Wholesale-Pink-Container-Mascara-Tube-14ml-1-600x600.jpg 600w, https:\/\/www.alovey.com\/wp-content\/uploads\/2026\/03\/Wholesale-Pink-Container-Mascara-Tube-14ml-1-100x100.jpg 100w\" sizes=\"(max-width: 750px) 100vw, 750px\" \/> <img loading=\"lazy\" decoding=\"async\" class=\"size-full wp-image-12645\" src=\"https:\/\/www.alovey.com\/wp-content\/uploads\/2026\/03\/Wholesale-Pink-Container-Mascara-Tube-14ml-4.jpg\" alt=\"pink container mascara\" width=\"750\" height=\"750\" srcset=\"https:\/\/www.alovey.com\/wp-content\/uploads\/2026\/03\/Wholesale-Pink-Container-Mascara-Tube-14ml-4.jpg 750w, https:\/\/www.alovey.com\/wp-content\/uploads\/2026\/03\/Wholesale-Pink-Container-Mascara-Tube-14ml-4-300x300.jpg 300w, https:\/\/www.alovey.com\/wp-content\/uploads\/2026\/03\/Wholesale-Pink-Container-Mascara-Tube-14ml-4-150x150.jpg 150w, https:\/\/www.alovey.com\/wp-content\/uploads\/2026\/03\/Wholesale-Pink-Container-Mascara-Tube-14ml-4-12x12.jpg 12w, https:\/\/www.alovey.com\/wp-content\/uploads\/2026\/03\/Wholesale-Pink-Container-Mascara-Tube-14ml-4-600x600.jpg 600w, https:\/\/www.alovey.com\/wp-content\/uploads\/2026\/03\/Wholesale-Pink-Container-Mascara-Tube-14ml-4-100x100.jpg 100w\" sizes=\"(max-width: 750px) 100vw, 750px\" \/> <img loading=\"lazy\" decoding=\"async\" class=\"size-full wp-image-12640\" src=\"https:\/\/www.alovey.com\/wp-content\/uploads\/2026\/03\/Wholesale-Pink-Container-Mascara-Tube-14ml-5.jpg\" alt=\"pink container mascara\" width=\"750\" height=\"750\" srcset=\"https:\/\/www.alovey.com\/wp-content\/uploads\/2026\/03\/Wholesale-Pink-Container-Mascara-Tube-14ml-5.jpg 750w, https:\/\/www.alovey.com\/wp-content\/uploads\/2026\/03\/Wholesale-Pink-Container-Mascara-Tube-14ml-5-300x300.jpg 300w, https:\/\/www.alovey.com\/wp-content\/uploads\/2026\/03\/Wholesale-Pink-Container-Mascara-Tube-14ml-5-150x150.jpg 150w, https:\/\/www.alovey.com\/wp-content\/uploads\/2026\/03\/Wholesale-Pink-Container-Mascara-Tube-14ml-5-12x12.jpg 12w, https:\/\/www.alovey.com\/wp-content\/uploads\/2026\/03\/Wholesale-Pink-Container-Mascara-Tube-14ml-5-600x600.jpg 600w, https:\/\/www.alovey.com\/wp-content\/uploads\/2026\/03\/Wholesale-Pink-Container-Mascara-Tube-14ml-5-100x100.jpg 100w\" sizes=\"(max-width: 750px) 100vw, 750px\" \/> <img loading=\"lazy\" decoding=\"async\" class=\"size-full wp-image-12641\" src=\"https:\/\/www.alovey.com\/wp-content\/uploads\/2026\/03\/Wholesale-Pink-Container-Mascara-Tube-14ml-6.jpg\" alt=\"pink container mascara\" width=\"750\" height=\"750\" srcset=\"https:\/\/www.alovey.com\/wp-content\/uploads\/2026\/03\/Wholesale-Pink-Container-Mascara-Tube-14ml-6.jpg 750w, https:\/\/www.alovey.com\/wp-content\/uploads\/2026\/03\/Wholesale-Pink-Container-Mascara-Tube-14ml-6-300x300.jpg 300w, https:\/\/www.alovey.com\/wp-content\/uploads\/2026\/03\/Wholesale-Pink-Container-Mascara-Tube-14ml-6-150x150.jpg 150w, https:\/\/www.alovey.com\/wp-content\/uploads\/2026\/03\/Wholesale-Pink-Container-Mascara-Tube-14ml-6-12x12.jpg 12w, https:\/\/www.alovey.com\/wp-content\/uploads\/2026\/03\/Wholesale-Pink-Container-Mascara-Tube-14ml-6-600x600.jpg 600w, https:\/\/www.alovey.com\/wp-content\/uploads\/2026\/03\/Wholesale-Pink-Container-Mascara-Tube-14ml-6-100x100.jpg 100w\" sizes=\"(max-width: 750px) 100vw, 750px\" \/><\/p>\n<p>&nbsp;<\/p>\n<p>&nbsp;<\/p>\n<p>&nbsp;<\/p>\n<p>&nbsp;<\/p>\n<p>&nbsp;<\/p>\n<p>&nbsp;<\/p>\n<p>&nbsp;<\/p>\n<p>&nbsp;<\/p>\n<p>&nbsp;<\/p>\n<p>&nbsp;<\/p>\n<p>&nbsp;<\/p>\n<p>&nbsp;<\/p>\n<p>&nbsp;<\/p>\n<p>&nbsp;<\/p>\n<p>&nbsp;<\/p>\n<p>&nbsp;<\/p>\n<p>&nbsp;<\/p>\n<p>&nbsp;<\/p>\n<p>&nbsp;<\/p>\n<p>&nbsp;<\/p>\n<p>&nbsp;<\/p>\n<p>&nbsp;<\/p>\n<p>&nbsp;<\/p>\n<p>&nbsp;<\/p>\n<p>&nbsp;<\/p>\n<p>&nbsp;<\/p>\n<p>&nbsp;<\/p>\n<p>&nbsp;<\/p>\n<p>&nbsp;<\/p>\n<p>&nbsp;<\/p>\n<p>&nbsp;<\/p>\n<p>&nbsp;<\/p>\n<p>&nbsp;<\/p>\n<p>&nbsp;<\/p>\n<p>&nbsp;<\/p>\n<p>&nbsp;<\/p>\n<p>&nbsp;<\/p>\n<p>&nbsp;<\/p>\n<p>&nbsp;<\/p>\n<p>&nbsp;<\/p>\n<p>&nbsp;<\/p>\n<p>&nbsp;<\/p>\n<p>&nbsp;<\/p>\n<p>&nbsp;<\/p>\n<p>&nbsp;<\/p>\n<p>&nbsp;<\/p>\n<p>&nbsp;<\/p>\n<p>&nbsp;<\/p>\n<p>&nbsp;<\/p>\n<p>&nbsp;<\/p>\n<p>&nbsp;<\/p>\n<p>&nbsp;<\/p>\n<p>&nbsp;<\/p>\n<p>&nbsp;<\/p>\n<p>&nbsp;<\/p>\n<p>&nbsp;<\/p>\n<p>&nbsp;<\/p>\n<p>&nbsp;<\/p>\n<p>&nbsp;<\/p>\n<p>&nbsp;<\/p>\n<p>&nbsp;<\/p>\n<p>&nbsp;<\/p>\n<p>&nbsp;<\/p>\n<p>&nbsp;<\/p>\n<p>&nbsp;<\/p>\n<p>&nbsp;<\/p>\n<p>&nbsp;<\/p>\n<p>&nbsp;<\/p>\n<p>&nbsp;<\/p>\n<p>&nbsp;<\/p>\n<p>&nbsp;<\/p>\n<p>&nbsp;<\/p>\n<p>&nbsp;<\/p>\n<p>&nbsp;<\/p>\n<p>&nbsp;<\/p>\n<p>&nbsp;<\/p>\n<p>&nbsp;<\/p>\n<p>&nbsp;<\/p>\n<p>&nbsp;<\/p>\n<p>&nbsp;<\/p>\n<p>&nbsp;<\/p>\n<p>&nbsp;<\/p>\n<p>&nbsp;<\/p>\n<p>&nbsp;<\/p>\n<p>&nbsp;<\/p>\n<p>&nbsp;<\/p>\n<p>&nbsp;<\/p>\n<p>&nbsp;<\/p>\n<p>&nbsp;<\/p>\n<p>&nbsp;<\/p>\n<p>&nbsp;<\/p>\n<p>&nbsp;<\/p>\n<p>&nbsp;<\/p>\n<p>&nbsp;<\/p>\n<p>&nbsp;<\/p>\n<p>&nbsp;<\/p>\n<p>&nbsp;<\/p>\n<p>&nbsp;<\/p>\n<p>&nbsp;<\/p>\n<p>&nbsp;<\/p>\n<p>&nbsp;<\/p>\n<p>&nbsp;<\/p>\n<p>&nbsp;<\/p>\n<p>&nbsp;<\/p>\n<p>&nbsp;<\/p>\n<p>&nbsp;<\/p>\n<p>&nbsp;<\/p>\n<p>&nbsp;<\/p>\n<p>&nbsp;<\/p>\n<p>&nbsp;<\/p>\n<p>&nbsp;<\/p>\n<p>&nbsp;<\/p>\n<p>&nbsp;<\/p>\n<p>&nbsp;<\/p>\n<p>&nbsp;<\/p>\n<p>&nbsp;<\/p>\n<p>&nbsp;<\/p>\n<p>&nbsp;<\/p>\n<p>&nbsp;<\/p>\n<p>&nbsp;<\/p>\n<p>&nbsp;<\/p>\n<p>&nbsp;<\/p>\n<p>&nbsp;<\/p>\n<p>&nbsp;<\/p>\n<p>&nbsp;<\/p>\n<p>&nbsp;<\/p>\n<p>&nbsp;<\/p>\n<p>&nbsp;<\/p>\n<p>&nbsp;<\/p>\n<p>&nbsp;<\/p>\n<p>&nbsp;<\/p>\n<p>&nbsp;<\/p>\n<p>&nbsp;<\/p>\n<p>&nbsp;<\/p>\n<p>&nbsp;<\/p>\n<p>&nbsp;<\/p>","protected":false},"excerpt":{"rendered":"<ul>\n<li>Item No: MA-0609A<\/li>\n<li>Capacity: 14ml<\/li>\n<li>Material:\u00a0Plastic<\/li>\n<li>Size: D18*H118MM<\/li>\n<li>Aplicaciones: Productos de belleza<\/li>\n<li>MOQ: 12.000 piezas<\/li>\n<li>Color: Color personalizado<\/li>\n<li>Surface treatment: Injection\/Matte\/Metalization\/UV coating<\/li>\n<li>Nombre de marca: OEM\/ODM<\/li>\n<li>Logotipo: Logotipo del cliente<\/li>\n<li>Capacidad de suministro: 100.000 piezas al mes<\/li>\n<li><\/li>\n<\/ul>","protected":false},"featured_media":12643,"template":"","meta":{"_acf_changed":false},"product_brand":[],"product_cat":[376],"product_tag":[391],"class_list":{"0":"post-12639","1":"product","2":"type-product","3":"status-publish","4":"has-post-thumbnail","6":"product_cat-wholesale-empty-eyelash-tube","7":"product_tag-mascara-tube","9":"first","10":"instock","11":"shipping-taxable","12":"product-type-simple"},"acf":[],"yoast_head":"<!-- This site is optimized with the Yoast SEO plugin v24.1 - https:\/\/yoast.com\/wordpress\/plugins\/seo\/ -->\n<title>Wholesale Pink Container Mascara Tube 14ml<\/title>\n<meta name=\"description\" content=\"This pink container mascara tube combines functionality and aesthetic appeal, making it an excellent choice for professional cosmetic packaging solutions.\" \/>\n<meta name=\"robots\" content=\"index, follow, max-snippet:-1, max-image-preview:large, max-video-preview:-1\" \/>\n<link rel=\"canonical\" href=\"https:\/\/www.alovey.com\/es\/producto\/wholesale-pink-container-mascara-tube-14ml\/\" \/>\n<meta property=\"og:locale\" content=\"es_ES\" \/>\n<meta property=\"og:type\" content=\"article\" \/>\n<meta property=\"og:title\" content=\"Wholesale Pink Container Mascara Tube 14ml\" \/>\n<meta property=\"og:description\" content=\"This pink container mascara tube combines functionality and aesthetic appeal, making it an excellent choice for professional cosmetic packaging solutions.\" \/>\n<meta property=\"og:url\" content=\"https:\/\/www.alovey.com\/es\/producto\/wholesale-pink-container-mascara-tube-14ml\/\" \/>\n<meta property=\"og:site_name\" content=\"Best Cosmetic Packaging Manufacture\" \/>\n<meta property=\"article:modified_time\" content=\"2026-03-02T06:43:27+00:00\" \/>\n<meta property=\"og:image\" content=\"https:\/\/www.alovey.com\/wp-content\/uploads\/2026\/03\/Wholesale-Pink-Container-Mascara-Tube-14ml-2.jpg\" \/>\n\t<meta property=\"og:image:width\" content=\"750\" \/>\n\t<meta property=\"og:image:height\" content=\"750\" \/>\n\t<meta property=\"og:image:type\" content=\"image\/jpeg\" \/>\n<meta name=\"twitter:card\" content=\"summary_large_image\" \/>\n<meta name=\"twitter:label1\" content=\"Tiempo de lectura\" \/>\n\t<meta name=\"twitter:data1\" content=\"3 minutos\" \/>\n<script type=\"application\/ld+json\" class=\"yoast-schema-graph\">{\"@context\":\"https:\/\/schema.org\",\"@graph\":[{\"@type\":\"WebPage\",\"@id\":\"https:\/\/www.alovey.com\/product\/wholesale-pink-container-mascara-tube-14ml\/\",\"url\":\"https:\/\/www.alovey.com\/product\/wholesale-pink-container-mascara-tube-14ml\/\",\"name\":\"Wholesale Pink Container Mascara Tube 14ml\",\"isPartOf\":{\"@id\":\"https:\/\/www.alovey.com\/#website\"},\"primaryImageOfPage\":{\"@id\":\"https:\/\/www.alovey.com\/product\/wholesale-pink-container-mascara-tube-14ml\/#primaryimage\"},\"image\":{\"@id\":\"https:\/\/www.alovey.com\/product\/wholesale-pink-container-mascara-tube-14ml\/#primaryimage\"},\"thumbnailUrl\":\"https:\/\/www.alovey.com\/wp-content\/uploads\/2026\/03\/Wholesale-Pink-Container-Mascara-Tube-14ml-2.jpg\",\"datePublished\":\"2026-03-02T06:34:36+00:00\",\"dateModified\":\"2026-03-02T06:43:27+00:00\",\"description\":\"This pink container mascara tube combines functionality and aesthetic appeal, making it an excellent choice for professional cosmetic packaging solutions.\",\"breadcrumb\":{\"@id\":\"https:\/\/www.alovey.com\/product\/wholesale-pink-container-mascara-tube-14ml\/#breadcrumb\"},\"inLanguage\":\"es\",\"potentialAction\":[{\"@type\":\"ReadAction\",\"target\":[\"https:\/\/www.alovey.com\/product\/wholesale-pink-container-mascara-tube-14ml\/\"]}]},{\"@type\":\"ImageObject\",\"inLanguage\":\"es\",\"@id\":\"https:\/\/www.alovey.com\/product\/wholesale-pink-container-mascara-tube-14ml\/#primaryimage\",\"url\":\"https:\/\/www.alovey.com\/wp-content\/uploads\/2026\/03\/Wholesale-Pink-Container-Mascara-Tube-14ml-2.jpg\",\"contentUrl\":\"https:\/\/www.alovey.com\/wp-content\/uploads\/2026\/03\/Wholesale-Pink-Container-Mascara-Tube-14ml-2.jpg\",\"width\":750,\"height\":750,\"caption\":\"Wholesale Pink Container Mascara Tube 14ml\"},{\"@type\":\"BreadcrumbList\",\"@id\":\"https:\/\/www.alovey.com\/product\/wholesale-pink-container-mascara-tube-14ml\/#breadcrumb\",\"itemListElement\":[{\"@type\":\"ListItem\",\"position\":1,\"name\":\"\u9996\u9875\",\"item\":\"https:\/\/www.alovey.com\/\"},{\"@type\":\"ListItem\",\"position\":2,\"name\":\"Products\",\"item\":\"https:\/\/www.alovey.com\/products\/\"},{\"@type\":\"ListItem\",\"position\":3,\"name\":\"Wholesale Pink Container Mascara Tube 14ml\"}]},{\"@type\":\"WebSite\",\"@id\":\"https:\/\/www.alovey.com\/#website\",\"url\":\"https:\/\/www.alovey.com\/\",\"name\":\"Best Cosmetic Packaging Manufacture\",\"description\":\"Alovey Cosmetic Packaging Co.,Ltd\",\"publisher\":{\"@id\":\"https:\/\/www.alovey.com\/#organization\"},\"potentialAction\":[{\"@type\":\"SearchAction\",\"target\":{\"@type\":\"EntryPoint\",\"urlTemplate\":\"https:\/\/www.alovey.com\/?s={search_term_string}\"},\"query-input\":{\"@type\":\"PropertyValueSpecification\",\"valueRequired\":true,\"valueName\":\"search_term_string\"}}],\"inLanguage\":\"es\"},{\"@type\":\"Organization\",\"@id\":\"https:\/\/www.alovey.com\/#organization\",\"name\":\"Best Cosmetic Packaging Manufacture\",\"url\":\"https:\/\/www.alovey.com\/\",\"logo\":{\"@type\":\"ImageObject\",\"inLanguage\":\"es\",\"@id\":\"https:\/\/www.alovey.com\/#\/schema\/logo\/image\/\",\"url\":\"https:\/\/www.alovey.com\/wp-content\/uploads\/2023\/03\/logo.png\",\"contentUrl\":\"https:\/\/www.alovey.com\/wp-content\/uploads\/2023\/03\/logo.png\",\"width\":505,\"height\":180,\"caption\":\"Best  Cosmetic Packaging Manufacture\"},\"image\":{\"@id\":\"https:\/\/www.alovey.com\/#\/schema\/logo\/image\/\"}}]}<\/script>\n<!-- \/ Yoast SEO plugin. -->","yoast_head_json":{"title":"Wholesale Pink Container Mascara Tube 14ml","description":"This pink container mascara tube combines functionality and aesthetic appeal, making it an excellent choice for professional cosmetic packaging solutions.","robots":{"index":"index","follow":"follow","max-snippet":"max-snippet:-1","max-image-preview":"max-image-preview:large","max-video-preview":"max-video-preview:-1"},"canonical":"https:\/\/www.alovey.com\/es\/producto\/wholesale-pink-container-mascara-tube-14ml\/","og_locale":"es_ES","og_type":"article","og_title":"Wholesale Pink Container Mascara Tube 14ml","og_description":"This pink container mascara tube combines functionality and aesthetic appeal, making it an excellent choice for professional cosmetic packaging solutions.","og_url":"https:\/\/www.alovey.com\/es\/producto\/wholesale-pink-container-mascara-tube-14ml\/","og_site_name":"Best Cosmetic Packaging Manufacture","article_modified_time":"2026-03-02T06:43:27+00:00","og_image":[{"width":750,"height":750,"url":"https:\/\/www.alovey.com\/wp-content\/uploads\/2026\/03\/Wholesale-Pink-Container-Mascara-Tube-14ml-2.jpg","type":"image\/jpeg"}],"twitter_card":"summary_large_image","twitter_misc":{"Tiempo de lectura":"3 minutos"},"schema":{"@context":"https:\/\/schema.org","@graph":[{"@type":"WebPage","@id":"https:\/\/www.alovey.com\/product\/wholesale-pink-container-mascara-tube-14ml\/","url":"https:\/\/www.alovey.com\/product\/wholesale-pink-container-mascara-tube-14ml\/","name":"Wholesale Pink Container Mascara Tube 14ml","isPartOf":{"@id":"https:\/\/www.alovey.com\/#website"},"primaryImageOfPage":{"@id":"https:\/\/www.alovey.com\/product\/wholesale-pink-container-mascara-tube-14ml\/#primaryimage"},"image":{"@id":"https:\/\/www.alovey.com\/product\/wholesale-pink-container-mascara-tube-14ml\/#primaryimage"},"thumbnailUrl":"https:\/\/www.alovey.com\/wp-content\/uploads\/2026\/03\/Wholesale-Pink-Container-Mascara-Tube-14ml-2.jpg","datePublished":"2026-03-02T06:34:36+00:00","dateModified":"2026-03-02T06:43:27+00:00","description":"This pink container mascara tube combines functionality and aesthetic appeal, making it an excellent choice for professional cosmetic packaging solutions.","breadcrumb":{"@id":"https:\/\/www.alovey.com\/product\/wholesale-pink-container-mascara-tube-14ml\/#breadcrumb"},"inLanguage":"es","potentialAction":[{"@type":"ReadAction","target":["https:\/\/www.alovey.com\/product\/wholesale-pink-container-mascara-tube-14ml\/"]}]},{"@type":"ImageObject","inLanguage":"es","@id":"https:\/\/www.alovey.com\/product\/wholesale-pink-container-mascara-tube-14ml\/#primaryimage","url":"https:\/\/www.alovey.com\/wp-content\/uploads\/2026\/03\/Wholesale-Pink-Container-Mascara-Tube-14ml-2.jpg","contentUrl":"https:\/\/www.alovey.com\/wp-content\/uploads\/2026\/03\/Wholesale-Pink-Container-Mascara-Tube-14ml-2.jpg","width":750,"height":750,"caption":"Wholesale Pink Container Mascara Tube 14ml"},{"@type":"BreadcrumbList","@id":"https:\/\/www.alovey.com\/product\/wholesale-pink-container-mascara-tube-14ml\/#breadcrumb","itemListElement":[{"@type":"ListItem","position":1,"name":"\u9996\u9875","item":"https:\/\/www.alovey.com\/"},{"@type":"ListItem","position":2,"name":"Products","item":"https:\/\/www.alovey.com\/products\/"},{"@type":"ListItem","position":3,"name":"Wholesale Pink Container Mascara Tube 14ml"}]},{"@type":"WebSite","@id":"https:\/\/www.alovey.com\/#website","url":"https:\/\/www.alovey.com\/","name":"Best Cosmetic Packaging Manufacture","description":"Alovey Cosmetic Packaging S.L.","publisher":{"@id":"https:\/\/www.alovey.com\/#organization"},"potentialAction":[{"@type":"SearchAction","target":{"@type":"EntryPoint","urlTemplate":"https:\/\/www.alovey.com\/?s={search_term_string}"},"query-input":{"@type":"PropertyValueSpecification","valueRequired":true,"valueName":"search_term_string"}}],"inLanguage":"es"},{"@type":"Organization","@id":"https:\/\/www.alovey.com\/#organization","name":"Best Cosmetic Packaging Manufacture","url":"https:\/\/www.alovey.com\/","logo":{"@type":"ImageObject","inLanguage":"es","@id":"https:\/\/www.alovey.com\/#\/schema\/logo\/image\/","url":"https:\/\/www.alovey.com\/wp-content\/uploads\/2023\/03\/logo.png","contentUrl":"https:\/\/www.alovey.com\/wp-content\/uploads\/2023\/03\/logo.png","width":505,"height":180,"caption":"Best  Cosmetic Packaging Manufacture"},"image":{"@id":"https:\/\/www.alovey.com\/#\/schema\/logo\/image\/"}}]}},"_links":{"self":[{"href":"https:\/\/www.alovey.com\/es\/wp-json\/wp\/v2\/product\/12639"}],"collection":[{"href":"https:\/\/www.alovey.com\/es\/wp-json\/wp\/v2\/product"}],"about":[{"href":"https:\/\/www.alovey.com\/es\/wp-json\/wp\/v2\/types\/product"}],"wp:featuredmedia":[{"embeddable":true,"href":"https:\/\/www.alovey.com\/es\/wp-json\/wp\/v2\/media\/12643"}],"wp:attachment":[{"href":"https:\/\/www.alovey.com\/es\/wp-json\/wp\/v2\/media?parent=12639"}],"wp:term":[{"taxonomy":"product_brand","embeddable":true,"href":"https:\/\/www.alovey.com\/es\/wp-json\/wp\/v2\/product_brand?post=12639"},{"taxonomy":"product_cat","embeddable":true,"href":"https:\/\/www.alovey.com\/es\/wp-json\/wp\/v2\/product_cat?post=12639"},{"taxonomy":"product_tag","embeddable":true,"href":"https:\/\/www.alovey.com\/es\/wp-json\/wp\/v2\/product_tag?post=12639"}],"curies":[{"name":"wp","href":"https:\/\/api.w.org\/{rel}","templated":true}]}}