{"id":12632,"date":"2026-03-02T06:10:11","date_gmt":"2026-03-02T06:10:11","guid":{"rendered":"https:\/\/www.alovey.com\/?post_type=product&#038;p=12632"},"modified":"2026-03-02T06:33:52","modified_gmt":"2026-03-02T06:33:52","slug":"3d-printed-lipstick-tube-with-hexagon-shape","status":"publish","type":"product","link":"https:\/\/www.alovey.com\/es\/producto\/3d-printed-lipstick-tube-with-hexagon-shape\/","title":{"rendered":"3d printed lipstick tube with hexagon shape"},"content":{"rendered":"<p><strong>The 3D printed \u00a0Hexagonal Shape Frosted Clear Lipstick Tube Packaging\u00a0combines modern geometric design with fully customizable aesthetics, making it ideal for creative and premium cosmetic brands.<\/strong><\/p>\n<p><strong>Its hexagonal shape\u00a0offers a unique, eye-catching silhouette that stands out on shelves and enhances brand recognition.<\/strong><\/p>\n<p><strong>Made with a transparent frosted finish, this 3D printed lipstick tube allows brands to print any colorful pattern or design directly onto the tube, offering endless customization possibilities for limited-edition collections, promotional items, or signature product lines.<\/strong><\/p>\n<p><strong>The clear design also allows consumers to easily view the lipstick color, adding an interactive and visually appealing experience.<\/strong><\/p>\n<p><strong>Crafted from high-quality materials, this empty lipstick packaging\u00a0is durable, lightweight, and suitable for a variety of lipstick formulations. Its modern and elegant design makes it perfect for OEM\/ODM production, private label projects, and luxury or boutique cosmetic collections.<\/strong><\/p>\n<p><strong>With its combination of customizable 3D printing options, transparent frosted aesthetics, and distinctive hexagonal design, this lipstick tube provides both functional utility and premium visual appeal, helping brands elevate their cosmetic packaging and captivate consumers.<\/strong><\/p>\n<p><strong>Alovey, como fabricante profesional chino de envases para cosm\u00e9ticos, produce una exquisita gama de envases personalizados para cosm\u00e9ticos, meticulosamente elaborados para elevar su marca. Nuestra variada selecci\u00f3n de materiales de primera calidad, combinada con delicadas t\u00e9cnicas de acabado superficial como la serigraf\u00eda, la estampaci\u00f3n en caliente y la pulverizaci\u00f3n mate, garantiza que cada envase sea una obra maestra \u00fanica.<\/strong><\/p>\n<p><img fetchpriority=\"high\" decoding=\"async\" class=\"size-full wp-image-12633\" src=\"https:\/\/www.alovey.com\/wp-content\/uploads\/2026\/03\/3d-printed-lipstick-tube-with-hexagon-shape-3.jpg\" alt=\"3d printed lipstick tube\" width=\"750\" height=\"750\" srcset=\"https:\/\/www.alovey.com\/wp-content\/uploads\/2026\/03\/3d-printed-lipstick-tube-with-hexagon-shape-3.jpg 750w, https:\/\/www.alovey.com\/wp-content\/uploads\/2026\/03\/3d-printed-lipstick-tube-with-hexagon-shape-3-300x300.jpg 300w, https:\/\/www.alovey.com\/wp-content\/uploads\/2026\/03\/3d-printed-lipstick-tube-with-hexagon-shape-3-150x150.jpg 150w, https:\/\/www.alovey.com\/wp-content\/uploads\/2026\/03\/3d-printed-lipstick-tube-with-hexagon-shape-3-12x12.jpg 12w, https:\/\/www.alovey.com\/wp-content\/uploads\/2026\/03\/3d-printed-lipstick-tube-with-hexagon-shape-3-600x600.jpg 600w, https:\/\/www.alovey.com\/wp-content\/uploads\/2026\/03\/3d-printed-lipstick-tube-with-hexagon-shape-3-100x100.jpg 100w\" sizes=\"(max-width: 750px) 100vw, 750px\" \/> <img decoding=\"async\" class=\"size-full wp-image-12634\" src=\"https:\/\/www.alovey.com\/wp-content\/uploads\/2026\/03\/3d-printed-lipstick-tube-with-hexagon-shape-4.jpg\" alt=\"3d printed lipstick tube\" width=\"750\" height=\"750\" srcset=\"https:\/\/www.alovey.com\/wp-content\/uploads\/2026\/03\/3d-printed-lipstick-tube-with-hexagon-shape-4.jpg 750w, https:\/\/www.alovey.com\/wp-content\/uploads\/2026\/03\/3d-printed-lipstick-tube-with-hexagon-shape-4-300x300.jpg 300w, https:\/\/www.alovey.com\/wp-content\/uploads\/2026\/03\/3d-printed-lipstick-tube-with-hexagon-shape-4-150x150.jpg 150w, https:\/\/www.alovey.com\/wp-content\/uploads\/2026\/03\/3d-printed-lipstick-tube-with-hexagon-shape-4-12x12.jpg 12w, https:\/\/www.alovey.com\/wp-content\/uploads\/2026\/03\/3d-printed-lipstick-tube-with-hexagon-shape-4-600x600.jpg 600w, https:\/\/www.alovey.com\/wp-content\/uploads\/2026\/03\/3d-printed-lipstick-tube-with-hexagon-shape-4-100x100.jpg 100w\" sizes=\"(max-width: 750px) 100vw, 750px\" \/> <img decoding=\"async\" class=\"size-full wp-image-12635\" src=\"https:\/\/www.alovey.com\/wp-content\/uploads\/2026\/03\/3d-printed-lipstick-tube-with-hexagon-shape-5.jpg\" alt=\"3d printed lipstick tube\" width=\"750\" height=\"750\" srcset=\"https:\/\/www.alovey.com\/wp-content\/uploads\/2026\/03\/3d-printed-lipstick-tube-with-hexagon-shape-5.jpg 750w, https:\/\/www.alovey.com\/wp-content\/uploads\/2026\/03\/3d-printed-lipstick-tube-with-hexagon-shape-5-300x300.jpg 300w, https:\/\/www.alovey.com\/wp-content\/uploads\/2026\/03\/3d-printed-lipstick-tube-with-hexagon-shape-5-150x150.jpg 150w, https:\/\/www.alovey.com\/wp-content\/uploads\/2026\/03\/3d-printed-lipstick-tube-with-hexagon-shape-5-12x12.jpg 12w, https:\/\/www.alovey.com\/wp-content\/uploads\/2026\/03\/3d-printed-lipstick-tube-with-hexagon-shape-5-600x600.jpg 600w, https:\/\/www.alovey.com\/wp-content\/uploads\/2026\/03\/3d-printed-lipstick-tube-with-hexagon-shape-5-100x100.jpg 100w\" sizes=\"(max-width: 750px) 100vw, 750px\" \/> <img loading=\"lazy\" decoding=\"async\" class=\"size-full wp-image-12636\" src=\"https:\/\/www.alovey.com\/wp-content\/uploads\/2026\/03\/3d-printed-lipstick-tube-with-hexagon-shape-6.jpg\" alt=\"3d printed lipstick tube\" width=\"750\" height=\"750\" srcset=\"https:\/\/www.alovey.com\/wp-content\/uploads\/2026\/03\/3d-printed-lipstick-tube-with-hexagon-shape-6.jpg 750w, https:\/\/www.alovey.com\/wp-content\/uploads\/2026\/03\/3d-printed-lipstick-tube-with-hexagon-shape-6-300x300.jpg 300w, https:\/\/www.alovey.com\/wp-content\/uploads\/2026\/03\/3d-printed-lipstick-tube-with-hexagon-shape-6-150x150.jpg 150w, https:\/\/www.alovey.com\/wp-content\/uploads\/2026\/03\/3d-printed-lipstick-tube-with-hexagon-shape-6-12x12.jpg 12w, https:\/\/www.alovey.com\/wp-content\/uploads\/2026\/03\/3d-printed-lipstick-tube-with-hexagon-shape-6-600x600.jpg 600w, https:\/\/www.alovey.com\/wp-content\/uploads\/2026\/03\/3d-printed-lipstick-tube-with-hexagon-shape-6-100x100.jpg 100w\" sizes=\"(max-width: 750px) 100vw, 750px\" \/> <img loading=\"lazy\" decoding=\"async\" class=\"size-full wp-image-12637\" src=\"https:\/\/www.alovey.com\/wp-content\/uploads\/2026\/03\/3d-printed-lipstick-tube-with-hexagon-shape-1.jpg\" alt=\"3d printed lipstick tube\" width=\"750\" height=\"750\" srcset=\"https:\/\/www.alovey.com\/wp-content\/uploads\/2026\/03\/3d-printed-lipstick-tube-with-hexagon-shape-1.jpg 750w, https:\/\/www.alovey.com\/wp-content\/uploads\/2026\/03\/3d-printed-lipstick-tube-with-hexagon-shape-1-300x300.jpg 300w, https:\/\/www.alovey.com\/wp-content\/uploads\/2026\/03\/3d-printed-lipstick-tube-with-hexagon-shape-1-150x150.jpg 150w, https:\/\/www.alovey.com\/wp-content\/uploads\/2026\/03\/3d-printed-lipstick-tube-with-hexagon-shape-1-12x12.jpg 12w, https:\/\/www.alovey.com\/wp-content\/uploads\/2026\/03\/3d-printed-lipstick-tube-with-hexagon-shape-1-600x600.jpg 600w, https:\/\/www.alovey.com\/wp-content\/uploads\/2026\/03\/3d-printed-lipstick-tube-with-hexagon-shape-1-100x100.jpg 100w\" sizes=\"(max-width: 750px) 100vw, 750px\" \/> <img loading=\"lazy\" decoding=\"async\" class=\"size-full wp-image-12638\" src=\"https:\/\/www.alovey.com\/wp-content\/uploads\/2026\/03\/3d-printed-lipstick-tube-with-hexagon-shape-2.jpg\" alt=\"3d printed lipstick tube\" width=\"750\" height=\"750\" srcset=\"https:\/\/www.alovey.com\/wp-content\/uploads\/2026\/03\/3d-printed-lipstick-tube-with-hexagon-shape-2.jpg 750w, https:\/\/www.alovey.com\/wp-content\/uploads\/2026\/03\/3d-printed-lipstick-tube-with-hexagon-shape-2-300x300.jpg 300w, https:\/\/www.alovey.com\/wp-content\/uploads\/2026\/03\/3d-printed-lipstick-tube-with-hexagon-shape-2-150x150.jpg 150w, https:\/\/www.alovey.com\/wp-content\/uploads\/2026\/03\/3d-printed-lipstick-tube-with-hexagon-shape-2-12x12.jpg 12w, https:\/\/www.alovey.com\/wp-content\/uploads\/2026\/03\/3d-printed-lipstick-tube-with-hexagon-shape-2-600x600.jpg 600w, https:\/\/www.alovey.com\/wp-content\/uploads\/2026\/03\/3d-printed-lipstick-tube-with-hexagon-shape-2-100x100.jpg 100w\" sizes=\"(max-width: 750px) 100vw, 750px\" \/><\/p>\n<p>&nbsp;<\/p>\n<p>&nbsp;<\/p>\n<p>&nbsp;<\/p>\n<p>&nbsp;<\/p>\n<p>&nbsp;<\/p>\n<p>&nbsp;<\/p>\n<p>&nbsp;<\/p>\n<p>&nbsp;<\/p>\n<p>&nbsp;<\/p>\n<p>&nbsp;<\/p>\n<p>&nbsp;<\/p>\n<p>&nbsp;<\/p>\n<p>&nbsp;<\/p>\n<p>&nbsp;<\/p>\n<p>&nbsp;<\/p>\n<p>&nbsp;<\/p>\n<p>&nbsp;<\/p>\n<p>&nbsp;<\/p>\n<p>&nbsp;<\/p>\n<p>&nbsp;<\/p>\n<p>&nbsp;<\/p>\n<p>&nbsp;<\/p>\n<p>&nbsp;<\/p>\n<p>&nbsp;<\/p>\n<p>&nbsp;<\/p>\n<p>&nbsp;<\/p>\n<p>&nbsp;<\/p>\n<p>&nbsp;<\/p>\n<p>&nbsp;<\/p>\n<p>&nbsp;<\/p>\n<p>&nbsp;<\/p>\n<p>&nbsp;<\/p>\n<p>&nbsp;<\/p>\n<p>&nbsp;<\/p>\n<p>&nbsp;<\/p>\n<p>&nbsp;<\/p>\n<p>&nbsp;<\/p>\n<p>&nbsp;<\/p>\n<p>&nbsp;<\/p>\n<p>&nbsp;<\/p>\n<p>&nbsp;<\/p>\n<p>&nbsp;<\/p>\n<p>&nbsp;<\/p>\n<p>&nbsp;<\/p>\n<p>&nbsp;<\/p>\n<p>&nbsp;<\/p>\n<p>&nbsp;<\/p>\n<p>&nbsp;<\/p>\n<p>&nbsp;<\/p>\n<p>&nbsp;<\/p>\n<p>&nbsp;<\/p>\n<p>&nbsp;<\/p>\n<p>&nbsp;<\/p>\n<p>&nbsp;<\/p>\n<p>&nbsp;<\/p>\n<p>&nbsp;<\/p>\n<p>&nbsp;<\/p>\n<p>&nbsp;<\/p>\n<p>&nbsp;<\/p>\n<p>&nbsp;<\/p>\n<p>&nbsp;<\/p>\n<p>&nbsp;<\/p>\n<p>&nbsp;<\/p>\n<p>&nbsp;<\/p>\n<p>&nbsp;<\/p>\n<p>&nbsp;<\/p>\n<p>&nbsp;<\/p>\n<p>&nbsp;<\/p>\n<p>&nbsp;<\/p>\n<p>&nbsp;<\/p>\n<p>&nbsp;<\/p>\n<p>&nbsp;<\/p>\n<p>&nbsp;<\/p>\n<p>&nbsp;<\/p>\n<p>&nbsp;<\/p>\n<p>&nbsp;<\/p>\n<p>&nbsp;<\/p>\n<p>&nbsp;<\/p>\n<p>&nbsp;<\/p>\n<p>&nbsp;<\/p>\n<p>&nbsp;<\/p>\n<p>&nbsp;<\/p>\n<p>&nbsp;<\/p>\n<p>&nbsp;<\/p>\n<p>&nbsp;<\/p>\n<p>&nbsp;<\/p>\n<p>&nbsp;<\/p>\n<p>&nbsp;<\/p>\n<p>&nbsp;<\/p>\n<p>&nbsp;<\/p>\n<p>&nbsp;<\/p>\n<p>&nbsp;<\/p>\n<p>&nbsp;<\/p>\n<p>&nbsp;<\/p>\n<p>&nbsp;<\/p>\n<p>&nbsp;<\/p>\n<p>&nbsp;<\/p>\n<p>&nbsp;<\/p>\n<p>&nbsp;<\/p>\n<p>&nbsp;<\/p>\n<p>&nbsp;<\/p>\n<p>&nbsp;<\/p>\n<p>&nbsp;<\/p>\n<p>&nbsp;<\/p>\n<p>&nbsp;<\/p>\n<p>&nbsp;<\/p>\n<p>&nbsp;<\/p>\n<p>&nbsp;<\/p>\n<p>&nbsp;<\/p>\n<p>&nbsp;<\/p>\n<p>&nbsp;<\/p>\n<p>&nbsp;<\/p>\n<p>&nbsp;<\/p>\n<p>&nbsp;<\/p>\n<p>&nbsp;<\/p>\n<p>&nbsp;<\/p>\n<p>&nbsp;<\/p>","protected":false},"excerpt":{"rendered":"<ul>\n<li>Item No: LS-0606A<\/li>\n<li>Material:\u00a0Plastic<\/li>\n<li>Size:\u00a0W22*H70MM<\/li>\n<li>Aplicaciones: Productos de belleza<\/li>\n<li>MOQ: 12.000 piezas<\/li>\n<li>Color: Color personalizado<\/li>\n<li>Surface treatment: Injection\/Matte\/Metalization\/UV coating<\/li>\n<li>Nombre de marca: OEM\/ODM<\/li>\n<li>Logotipo: Logotipo del cliente<\/li>\n<li>Capacidad de suministro: 100.000 piezas al mes<\/li>\n<\/ul>\n<p>&nbsp;<\/p>\n<p>&nbsp;<\/p>","protected":false},"featured_media":12633,"template":"","meta":{"_acf_changed":false},"product_brand":[],"product_cat":[373],"product_tag":[389],"class_list":{"0":"post-12632","1":"product","2":"type-product","3":"status-publish","4":"has-post-thumbnail","6":"product_cat-professional-lipstick-tube-supplier","7":"product_tag-lip-stick-tube","9":"first","10":"instock","11":"shipping-taxable","12":"product-type-simple"},"acf":[],"yoast_head":"<!-- This site is optimized with the Yoast SEO plugin v24.1 - https:\/\/yoast.com\/wordpress\/plugins\/seo\/ -->\n<title>3d printed lipstick tube with hexagon shape<\/title>\n<meta name=\"description\" content=\"Welcome customized 3D printed lipstick tube. Print any colorful pattern directly on the tube. Ideal for custom luxury lipstick packaging.\" \/>\n<meta name=\"robots\" content=\"index, follow, max-snippet:-1, max-image-preview:large, max-video-preview:-1\" \/>\n<link rel=\"canonical\" href=\"https:\/\/www.alovey.com\/es\/producto\/3d-printed-lipstick-tube-with-hexagon-shape\/\" \/>\n<meta property=\"og:locale\" content=\"es_ES\" \/>\n<meta property=\"og:type\" content=\"article\" \/>\n<meta property=\"og:title\" content=\"3d printed lipstick tube with hexagon shape\" \/>\n<meta property=\"og:description\" content=\"Welcome customized 3D printed lipstick tube. Print any colorful pattern directly on the tube. Ideal for custom luxury lipstick packaging.\" \/>\n<meta property=\"og:url\" content=\"https:\/\/www.alovey.com\/es\/producto\/3d-printed-lipstick-tube-with-hexagon-shape\/\" \/>\n<meta property=\"og:site_name\" content=\"Best Cosmetic Packaging Manufacture\" \/>\n<meta property=\"article:modified_time\" content=\"2026-03-02T06:33:52+00:00\" \/>\n<meta property=\"og:image\" content=\"https:\/\/www.alovey.com\/wp-content\/uploads\/2026\/03\/3d-printed-lipstick-tube-with-hexagon-shape-3.jpg\" \/>\n\t<meta property=\"og:image:width\" content=\"750\" \/>\n\t<meta property=\"og:image:height\" content=\"750\" \/>\n\t<meta property=\"og:image:type\" content=\"image\/jpeg\" \/>\n<meta name=\"twitter:card\" content=\"summary_large_image\" \/>\n<meta name=\"twitter:label1\" content=\"Tiempo de lectura\" \/>\n\t<meta name=\"twitter:data1\" content=\"3 minutos\" \/>\n<script type=\"application\/ld+json\" class=\"yoast-schema-graph\">{\"@context\":\"https:\/\/schema.org\",\"@graph\":[{\"@type\":\"WebPage\",\"@id\":\"https:\/\/www.alovey.com\/product\/3d-printed-lipstick-tube-with-hexagon-shape\/\",\"url\":\"https:\/\/www.alovey.com\/product\/3d-printed-lipstick-tube-with-hexagon-shape\/\",\"name\":\"3d printed lipstick tube with hexagon shape\",\"isPartOf\":{\"@id\":\"https:\/\/www.alovey.com\/#website\"},\"primaryImageOfPage\":{\"@id\":\"https:\/\/www.alovey.com\/product\/3d-printed-lipstick-tube-with-hexagon-shape\/#primaryimage\"},\"image\":{\"@id\":\"https:\/\/www.alovey.com\/product\/3d-printed-lipstick-tube-with-hexagon-shape\/#primaryimage\"},\"thumbnailUrl\":\"https:\/\/www.alovey.com\/wp-content\/uploads\/2026\/03\/3d-printed-lipstick-tube-with-hexagon-shape-3.jpg\",\"datePublished\":\"2026-03-02T06:10:11+00:00\",\"dateModified\":\"2026-03-02T06:33:52+00:00\",\"description\":\"Welcome customized 3D printed lipstick tube. Print any colorful pattern directly on the tube. Ideal for custom luxury lipstick packaging.\",\"breadcrumb\":{\"@id\":\"https:\/\/www.alovey.com\/product\/3d-printed-lipstick-tube-with-hexagon-shape\/#breadcrumb\"},\"inLanguage\":\"es\",\"potentialAction\":[{\"@type\":\"ReadAction\",\"target\":[\"https:\/\/www.alovey.com\/product\/3d-printed-lipstick-tube-with-hexagon-shape\/\"]}]},{\"@type\":\"ImageObject\",\"inLanguage\":\"es\",\"@id\":\"https:\/\/www.alovey.com\/product\/3d-printed-lipstick-tube-with-hexagon-shape\/#primaryimage\",\"url\":\"https:\/\/www.alovey.com\/wp-content\/uploads\/2026\/03\/3d-printed-lipstick-tube-with-hexagon-shape-3.jpg\",\"contentUrl\":\"https:\/\/www.alovey.com\/wp-content\/uploads\/2026\/03\/3d-printed-lipstick-tube-with-hexagon-shape-3.jpg\",\"width\":750,\"height\":750,\"caption\":\"3d printed lipstick tube with hexagon shape\"},{\"@type\":\"BreadcrumbList\",\"@id\":\"https:\/\/www.alovey.com\/product\/3d-printed-lipstick-tube-with-hexagon-shape\/#breadcrumb\",\"itemListElement\":[{\"@type\":\"ListItem\",\"position\":1,\"name\":\"\u9996\u9875\",\"item\":\"https:\/\/www.alovey.com\/\"},{\"@type\":\"ListItem\",\"position\":2,\"name\":\"Products\",\"item\":\"https:\/\/www.alovey.com\/products\/\"},{\"@type\":\"ListItem\",\"position\":3,\"name\":\"3d printed lipstick tube with hexagon shape\"}]},{\"@type\":\"WebSite\",\"@id\":\"https:\/\/www.alovey.com\/#website\",\"url\":\"https:\/\/www.alovey.com\/\",\"name\":\"Best Cosmetic Packaging Manufacture\",\"description\":\"Alovey Cosmetic Packaging Co.,Ltd\",\"publisher\":{\"@id\":\"https:\/\/www.alovey.com\/#organization\"},\"potentialAction\":[{\"@type\":\"SearchAction\",\"target\":{\"@type\":\"EntryPoint\",\"urlTemplate\":\"https:\/\/www.alovey.com\/?s={search_term_string}\"},\"query-input\":{\"@type\":\"PropertyValueSpecification\",\"valueRequired\":true,\"valueName\":\"search_term_string\"}}],\"inLanguage\":\"es\"},{\"@type\":\"Organization\",\"@id\":\"https:\/\/www.alovey.com\/#organization\",\"name\":\"Best Cosmetic Packaging Manufacture\",\"url\":\"https:\/\/www.alovey.com\/\",\"logo\":{\"@type\":\"ImageObject\",\"inLanguage\":\"es\",\"@id\":\"https:\/\/www.alovey.com\/#\/schema\/logo\/image\/\",\"url\":\"https:\/\/www.alovey.com\/wp-content\/uploads\/2023\/03\/logo.png\",\"contentUrl\":\"https:\/\/www.alovey.com\/wp-content\/uploads\/2023\/03\/logo.png\",\"width\":505,\"height\":180,\"caption\":\"Best  Cosmetic Packaging Manufacture\"},\"image\":{\"@id\":\"https:\/\/www.alovey.com\/#\/schema\/logo\/image\/\"}}]}<\/script>\n<!-- \/ Yoast SEO plugin. -->","yoast_head_json":{"title":"3d printed lipstick tube with hexagon shape","description":"Welcome customized 3D printed lipstick tube. Print any colorful pattern directly on the tube. Ideal for custom luxury lipstick packaging.","robots":{"index":"index","follow":"follow","max-snippet":"max-snippet:-1","max-image-preview":"max-image-preview:large","max-video-preview":"max-video-preview:-1"},"canonical":"https:\/\/www.alovey.com\/es\/producto\/3d-printed-lipstick-tube-with-hexagon-shape\/","og_locale":"es_ES","og_type":"article","og_title":"3d printed lipstick tube with hexagon shape","og_description":"Welcome customized 3D printed lipstick tube. Print any colorful pattern directly on the tube. Ideal for custom luxury lipstick packaging.","og_url":"https:\/\/www.alovey.com\/es\/producto\/3d-printed-lipstick-tube-with-hexagon-shape\/","og_site_name":"Best Cosmetic Packaging Manufacture","article_modified_time":"2026-03-02T06:33:52+00:00","og_image":[{"width":750,"height":750,"url":"https:\/\/www.alovey.com\/wp-content\/uploads\/2026\/03\/3d-printed-lipstick-tube-with-hexagon-shape-3.jpg","type":"image\/jpeg"}],"twitter_card":"summary_large_image","twitter_misc":{"Tiempo de lectura":"3 minutos"},"schema":{"@context":"https:\/\/schema.org","@graph":[{"@type":"WebPage","@id":"https:\/\/www.alovey.com\/product\/3d-printed-lipstick-tube-with-hexagon-shape\/","url":"https:\/\/www.alovey.com\/product\/3d-printed-lipstick-tube-with-hexagon-shape\/","name":"3d printed lipstick tube with hexagon shape","isPartOf":{"@id":"https:\/\/www.alovey.com\/#website"},"primaryImageOfPage":{"@id":"https:\/\/www.alovey.com\/product\/3d-printed-lipstick-tube-with-hexagon-shape\/#primaryimage"},"image":{"@id":"https:\/\/www.alovey.com\/product\/3d-printed-lipstick-tube-with-hexagon-shape\/#primaryimage"},"thumbnailUrl":"https:\/\/www.alovey.com\/wp-content\/uploads\/2026\/03\/3d-printed-lipstick-tube-with-hexagon-shape-3.jpg","datePublished":"2026-03-02T06:10:11+00:00","dateModified":"2026-03-02T06:33:52+00:00","description":"Welcome customized 3D printed lipstick tube. Print any colorful pattern directly on the tube. Ideal for custom luxury lipstick packaging.","breadcrumb":{"@id":"https:\/\/www.alovey.com\/product\/3d-printed-lipstick-tube-with-hexagon-shape\/#breadcrumb"},"inLanguage":"es","potentialAction":[{"@type":"ReadAction","target":["https:\/\/www.alovey.com\/product\/3d-printed-lipstick-tube-with-hexagon-shape\/"]}]},{"@type":"ImageObject","inLanguage":"es","@id":"https:\/\/www.alovey.com\/product\/3d-printed-lipstick-tube-with-hexagon-shape\/#primaryimage","url":"https:\/\/www.alovey.com\/wp-content\/uploads\/2026\/03\/3d-printed-lipstick-tube-with-hexagon-shape-3.jpg","contentUrl":"https:\/\/www.alovey.com\/wp-content\/uploads\/2026\/03\/3d-printed-lipstick-tube-with-hexagon-shape-3.jpg","width":750,"height":750,"caption":"3d printed lipstick tube with hexagon shape"},{"@type":"BreadcrumbList","@id":"https:\/\/www.alovey.com\/product\/3d-printed-lipstick-tube-with-hexagon-shape\/#breadcrumb","itemListElement":[{"@type":"ListItem","position":1,"name":"\u9996\u9875","item":"https:\/\/www.alovey.com\/"},{"@type":"ListItem","position":2,"name":"Products","item":"https:\/\/www.alovey.com\/products\/"},{"@type":"ListItem","position":3,"name":"3d printed lipstick tube with hexagon shape"}]},{"@type":"WebSite","@id":"https:\/\/www.alovey.com\/#website","url":"https:\/\/www.alovey.com\/","name":"Best Cosmetic Packaging Manufacture","description":"Alovey Cosmetic Packaging S.L.","publisher":{"@id":"https:\/\/www.alovey.com\/#organization"},"potentialAction":[{"@type":"SearchAction","target":{"@type":"EntryPoint","urlTemplate":"https:\/\/www.alovey.com\/?s={search_term_string}"},"query-input":{"@type":"PropertyValueSpecification","valueRequired":true,"valueName":"search_term_string"}}],"inLanguage":"es"},{"@type":"Organization","@id":"https:\/\/www.alovey.com\/#organization","name":"Best Cosmetic Packaging Manufacture","url":"https:\/\/www.alovey.com\/","logo":{"@type":"ImageObject","inLanguage":"es","@id":"https:\/\/www.alovey.com\/#\/schema\/logo\/image\/","url":"https:\/\/www.alovey.com\/wp-content\/uploads\/2023\/03\/logo.png","contentUrl":"https:\/\/www.alovey.com\/wp-content\/uploads\/2023\/03\/logo.png","width":505,"height":180,"caption":"Best  Cosmetic Packaging Manufacture"},"image":{"@id":"https:\/\/www.alovey.com\/#\/schema\/logo\/image\/"}}]}},"_links":{"self":[{"href":"https:\/\/www.alovey.com\/es\/wp-json\/wp\/v2\/product\/12632"}],"collection":[{"href":"https:\/\/www.alovey.com\/es\/wp-json\/wp\/v2\/product"}],"about":[{"href":"https:\/\/www.alovey.com\/es\/wp-json\/wp\/v2\/types\/product"}],"wp:featuredmedia":[{"embeddable":true,"href":"https:\/\/www.alovey.com\/es\/wp-json\/wp\/v2\/media\/12633"}],"wp:attachment":[{"href":"https:\/\/www.alovey.com\/es\/wp-json\/wp\/v2\/media?parent=12632"}],"wp:term":[{"taxonomy":"product_brand","embeddable":true,"href":"https:\/\/www.alovey.com\/es\/wp-json\/wp\/v2\/product_brand?post=12632"},{"taxonomy":"product_cat","embeddable":true,"href":"https:\/\/www.alovey.com\/es\/wp-json\/wp\/v2\/product_cat?post=12632"},{"taxonomy":"product_tag","embeddable":true,"href":"https:\/\/www.alovey.com\/es\/wp-json\/wp\/v2\/product_tag?post=12632"}],"curies":[{"name":"wp","href":"https:\/\/api.w.org\/{rel}","templated":true}]}}