{"id":12575,"date":"2026-02-11T06:41:12","date_gmt":"2026-02-11T06:41:12","guid":{"rendered":"https:\/\/www.alovey.com\/?post_type=product&#038;p=12575"},"modified":"2026-02-11T07:09:10","modified_gmt":"2026-02-11T07:09:10","slug":"empty-lipstick-packaging-with-bottom-click-open","status":"publish","type":"product","link":"https:\/\/www.alovey.com\/es\/producto\/empty-lipstick-packaging-with-bottom-click-open\/","title":{"rendered":"Empty lipstick packaging with bottom click open"},"content":{"rendered":"<p><strong>This empty lipstick packaging\u00a0is round and bottom click open function.<\/strong><\/p>\n<p><strong>It features a stylish gradient glitter finish, delivering a modern and eye-catching appearance that enhances shelf appeal and brand differentiation. Made from high-quality plastic material, this lipstick tube offers durability, smooth operation, and a premium hand feel suitable for daily use and retail display.<\/strong><\/p>\n<p><strong>This empty lipstick packaging is compatible with lipstick molds with inner diameters of 12.1mm and 12.7mm, making it suitable for a wide range of standard lipstick formulations. The click-open design\u00a0allows for convenient one-handed use while ensuring secure closure.<\/strong><\/p>\n<p><strong>Each empty lipstick packaging \u00a0is equipped with a tight-fitting lid\u00a0that effectively prevents air exposure, helping to maintain product freshness and hygiene. The sealed structure minimizes contamination and protects the lipstick from dust and external elements, making it a clean and reliable packaging solution.<\/strong><\/p>\n<p><strong>Alovey, como fabricante profesional chino de envases para cosm\u00e9ticos, produce una exquisita gama de envases personalizados para cosm\u00e9ticos, meticulosamente elaborados para elevar su marca. Nuestra variada selecci\u00f3n de materiales de primera calidad, combinada con delicadas t\u00e9cnicas de acabado superficial como la serigraf\u00eda, la estampaci\u00f3n en caliente y la pulverizaci\u00f3n mate, garantiza que cada envase sea una obra maestra \u00fanica.<\/strong><\/p>\n<p>&nbsp;<\/p>\n<p><img fetchpriority=\"high\" decoding=\"async\" class=\"size-full wp-image-12582\" src=\"https:\/\/www.alovey.com\/wp-content\/uploads\/2026\/02\/Empty-lipstick-packaging-with-bottom-click-open-5.jpg\" alt=\"empty lipstick packaging\" width=\"750\" height=\"750\" srcset=\"https:\/\/www.alovey.com\/wp-content\/uploads\/2026\/02\/Empty-lipstick-packaging-with-bottom-click-open-5.jpg 750w, https:\/\/www.alovey.com\/wp-content\/uploads\/2026\/02\/Empty-lipstick-packaging-with-bottom-click-open-5-300x300.jpg 300w, https:\/\/www.alovey.com\/wp-content\/uploads\/2026\/02\/Empty-lipstick-packaging-with-bottom-click-open-5-150x150.jpg 150w, https:\/\/www.alovey.com\/wp-content\/uploads\/2026\/02\/Empty-lipstick-packaging-with-bottom-click-open-5-12x12.jpg 12w, https:\/\/www.alovey.com\/wp-content\/uploads\/2026\/02\/Empty-lipstick-packaging-with-bottom-click-open-5-600x600.jpg 600w, https:\/\/www.alovey.com\/wp-content\/uploads\/2026\/02\/Empty-lipstick-packaging-with-bottom-click-open-5-100x100.jpg 100w\" sizes=\"(max-width: 750px) 100vw, 750px\" \/> <img decoding=\"async\" class=\"size-full wp-image-12581\" src=\"https:\/\/www.alovey.com\/wp-content\/uploads\/2026\/02\/Empty-lipstick-packaging-with-bottom-click-open-4.jpg\" alt=\"empty lipstick packaging\" width=\"750\" height=\"750\" srcset=\"https:\/\/www.alovey.com\/wp-content\/uploads\/2026\/02\/Empty-lipstick-packaging-with-bottom-click-open-4.jpg 750w, https:\/\/www.alovey.com\/wp-content\/uploads\/2026\/02\/Empty-lipstick-packaging-with-bottom-click-open-4-300x300.jpg 300w, https:\/\/www.alovey.com\/wp-content\/uploads\/2026\/02\/Empty-lipstick-packaging-with-bottom-click-open-4-150x150.jpg 150w, https:\/\/www.alovey.com\/wp-content\/uploads\/2026\/02\/Empty-lipstick-packaging-with-bottom-click-open-4-12x12.jpg 12w, https:\/\/www.alovey.com\/wp-content\/uploads\/2026\/02\/Empty-lipstick-packaging-with-bottom-click-open-4-600x600.jpg 600w, https:\/\/www.alovey.com\/wp-content\/uploads\/2026\/02\/Empty-lipstick-packaging-with-bottom-click-open-4-100x100.jpg 100w\" sizes=\"(max-width: 750px) 100vw, 750px\" \/> <img decoding=\"async\" class=\"size-full wp-image-12580\" src=\"https:\/\/www.alovey.com\/wp-content\/uploads\/2026\/02\/Empty-lipstick-packaging-with-bottom-click-open-3.jpg\" alt=\"empty lipstick packaging\" width=\"750\" height=\"750\" srcset=\"https:\/\/www.alovey.com\/wp-content\/uploads\/2026\/02\/Empty-lipstick-packaging-with-bottom-click-open-3.jpg 750w, https:\/\/www.alovey.com\/wp-content\/uploads\/2026\/02\/Empty-lipstick-packaging-with-bottom-click-open-3-300x300.jpg 300w, https:\/\/www.alovey.com\/wp-content\/uploads\/2026\/02\/Empty-lipstick-packaging-with-bottom-click-open-3-150x150.jpg 150w, https:\/\/www.alovey.com\/wp-content\/uploads\/2026\/02\/Empty-lipstick-packaging-with-bottom-click-open-3-12x12.jpg 12w, https:\/\/www.alovey.com\/wp-content\/uploads\/2026\/02\/Empty-lipstick-packaging-with-bottom-click-open-3-600x600.jpg 600w, https:\/\/www.alovey.com\/wp-content\/uploads\/2026\/02\/Empty-lipstick-packaging-with-bottom-click-open-3-100x100.jpg 100w\" sizes=\"(max-width: 750px) 100vw, 750px\" \/> <img loading=\"lazy\" decoding=\"async\" class=\"size-full wp-image-12579\" src=\"https:\/\/www.alovey.com\/wp-content\/uploads\/2026\/02\/Empty-lipstick-packaging-with-bottom-click-open-2.jpg\" alt=\"empty lipstick packaging\" width=\"750\" height=\"750\" srcset=\"https:\/\/www.alovey.com\/wp-content\/uploads\/2026\/02\/Empty-lipstick-packaging-with-bottom-click-open-2.jpg 750w, https:\/\/www.alovey.com\/wp-content\/uploads\/2026\/02\/Empty-lipstick-packaging-with-bottom-click-open-2-300x300.jpg 300w, https:\/\/www.alovey.com\/wp-content\/uploads\/2026\/02\/Empty-lipstick-packaging-with-bottom-click-open-2-150x150.jpg 150w, https:\/\/www.alovey.com\/wp-content\/uploads\/2026\/02\/Empty-lipstick-packaging-with-bottom-click-open-2-12x12.jpg 12w, https:\/\/www.alovey.com\/wp-content\/uploads\/2026\/02\/Empty-lipstick-packaging-with-bottom-click-open-2-600x600.jpg 600w, https:\/\/www.alovey.com\/wp-content\/uploads\/2026\/02\/Empty-lipstick-packaging-with-bottom-click-open-2-100x100.jpg 100w\" sizes=\"(max-width: 750px) 100vw, 750px\" \/> <img loading=\"lazy\" decoding=\"async\" class=\"size-full wp-image-12577\" src=\"https:\/\/www.alovey.com\/wp-content\/uploads\/2026\/02\/Empty-lipstick-packaging-with-bottom-click-open-7.jpg\" alt=\"\" width=\"750\" height=\"750\" srcset=\"https:\/\/www.alovey.com\/wp-content\/uploads\/2026\/02\/Empty-lipstick-packaging-with-bottom-click-open-7.jpg 750w, https:\/\/www.alovey.com\/wp-content\/uploads\/2026\/02\/Empty-lipstick-packaging-with-bottom-click-open-7-300x300.jpg 300w, https:\/\/www.alovey.com\/wp-content\/uploads\/2026\/02\/Empty-lipstick-packaging-with-bottom-click-open-7-150x150.jpg 150w, https:\/\/www.alovey.com\/wp-content\/uploads\/2026\/02\/Empty-lipstick-packaging-with-bottom-click-open-7-12x12.jpg 12w, https:\/\/www.alovey.com\/wp-content\/uploads\/2026\/02\/Empty-lipstick-packaging-with-bottom-click-open-7-600x600.jpg 600w, https:\/\/www.alovey.com\/wp-content\/uploads\/2026\/02\/Empty-lipstick-packaging-with-bottom-click-open-7-100x100.jpg 100w\" sizes=\"(max-width: 750px) 100vw, 750px\" \/><\/p>\n<figure id=\"attachment_12576\" aria-describedby=\"caption-attachment-12576\" style=\"width: 750px\" class=\"wp-caption alignnone\"><img loading=\"lazy\" decoding=\"async\" class=\"size-full wp-image-12576\" src=\"https:\/\/www.alovey.com\/wp-content\/uploads\/2026\/02\/Empty-lipstick-packaging-with-bottom-click-open-6.jpg\" alt=\"empty lipstick packaging\" width=\"750\" height=\"750\" srcset=\"https:\/\/www.alovey.com\/wp-content\/uploads\/2026\/02\/Empty-lipstick-packaging-with-bottom-click-open-6.jpg 750w, https:\/\/www.alovey.com\/wp-content\/uploads\/2026\/02\/Empty-lipstick-packaging-with-bottom-click-open-6-300x300.jpg 300w, https:\/\/www.alovey.com\/wp-content\/uploads\/2026\/02\/Empty-lipstick-packaging-with-bottom-click-open-6-150x150.jpg 150w, https:\/\/www.alovey.com\/wp-content\/uploads\/2026\/02\/Empty-lipstick-packaging-with-bottom-click-open-6-12x12.jpg 12w, https:\/\/www.alovey.com\/wp-content\/uploads\/2026\/02\/Empty-lipstick-packaging-with-bottom-click-open-6-600x600.jpg 600w, https:\/\/www.alovey.com\/wp-content\/uploads\/2026\/02\/Empty-lipstick-packaging-with-bottom-click-open-6-100x100.jpg 100w\" sizes=\"(max-width: 750px) 100vw, 750px\" \/><figcaption id=\"caption-attachment-12576\" class=\"wp-caption-text\"><img loading=\"lazy\" decoding=\"async\" class=\"size-full wp-image-12578\" style=\"font-size: 16px;\" src=\"https:\/\/www.alovey.com\/wp-content\/uploads\/2026\/02\/Empty-lipstick-packaging-with-bottom-click-open-1.jpg\" alt=\"\" width=\"750\" height=\"750\" srcset=\"https:\/\/www.alovey.com\/wp-content\/uploads\/2026\/02\/Empty-lipstick-packaging-with-bottom-click-open-1.jpg 750w, https:\/\/www.alovey.com\/wp-content\/uploads\/2026\/02\/Empty-lipstick-packaging-with-bottom-click-open-1-300x300.jpg 300w, https:\/\/www.alovey.com\/wp-content\/uploads\/2026\/02\/Empty-lipstick-packaging-with-bottom-click-open-1-150x150.jpg 150w, https:\/\/www.alovey.com\/wp-content\/uploads\/2026\/02\/Empty-lipstick-packaging-with-bottom-click-open-1-12x12.jpg 12w, https:\/\/www.alovey.com\/wp-content\/uploads\/2026\/02\/Empty-lipstick-packaging-with-bottom-click-open-1-600x600.jpg 600w, https:\/\/www.alovey.com\/wp-content\/uploads\/2026\/02\/Empty-lipstick-packaging-with-bottom-click-open-1-100x100.jpg 100w\" sizes=\"(max-width: 750px) 100vw, 750px\" \/><\/figcaption><\/figure>\n<p>&nbsp;<\/p>\n<p>&nbsp;<\/p>\n<p>&nbsp;<\/p>\n<p>&nbsp;<\/p>\n<p>&nbsp;<\/p>\n<p>&nbsp;<\/p>\n<p>&nbsp;<\/p>\n<p>&nbsp;<\/p>\n<p>&nbsp;<\/p>\n<p>&nbsp;<\/p>\n<p>&nbsp;<\/p>\n<p>&nbsp;<\/p>\n<p>&nbsp;<\/p>\n<p>&nbsp;<\/p>\n<p>&nbsp;<\/p>\n<p>&nbsp;<\/p>\n<p>&nbsp;<\/p>\n<p>&nbsp;<\/p>\n<p>&nbsp;<\/p>\n<p>&nbsp;<\/p>\n<p>&nbsp;<\/p>\n<p>&nbsp;<\/p>\n<p>&nbsp;<\/p>\n<p>&nbsp;<\/p>\n<p>&nbsp;<\/p>\n<p>&nbsp;<\/p>\n<p>&nbsp;<\/p>\n<p>&nbsp;<\/p>\n<p>&nbsp;<\/p>\n<p>&nbsp;<\/p>\n<p>&nbsp;<\/p>\n<p>&nbsp;<\/p>\n<p>&nbsp;<\/p>\n<p>&nbsp;<\/p>\n<p>&nbsp;<\/p>\n<p>&nbsp;<\/p>\n<p>&nbsp;<\/p>\n<p>&nbsp;<\/p>\n<p>&nbsp;<\/p>\n<p>&nbsp;<\/p>\n<p>&nbsp;<\/p>\n<p>&nbsp;<\/p>\n<p>&nbsp;<\/p>\n<p>&nbsp;<\/p>\n<p>&nbsp;<\/p>\n<p>&nbsp;<\/p>\n<p>&nbsp;<\/p>\n<p>&nbsp;<\/p>\n<p>&nbsp;<\/p>\n<p>&nbsp;<\/p>\n<p>&nbsp;<\/p>\n<p>&nbsp;<\/p>\n<p>&nbsp;<\/p>\n<p>&nbsp;<\/p>\n<p>&nbsp;<\/p>\n<p>&nbsp;<\/p>\n<p>&nbsp;<\/p>\n<p>&nbsp;<\/p>\n<p>&nbsp;<\/p>\n<p>&nbsp;<\/p>\n<p>&nbsp;<\/p>\n<p>&nbsp;<\/p>\n<p>&nbsp;<\/p>\n<p>&nbsp;<\/p>\n<p>&nbsp;<\/p>\n<p>&nbsp;<\/p>\n<p>&nbsp;<\/p>\n<p>&nbsp;<\/p>\n<p>&nbsp;<\/p>\n<p>&nbsp;<\/p>\n<p>&nbsp;<\/p>\n<p>&nbsp;<\/p>\n<p>&nbsp;<\/p>\n<p>&nbsp;<\/p>\n<p>&nbsp;<\/p>\n<p>&nbsp;<\/p>\n<p>&nbsp;<\/p>\n<p>&nbsp;<\/p>\n<p>&nbsp;<\/p>\n<p>&nbsp;<\/p>\n<p>&nbsp;<\/p>\n<p>&nbsp;<\/p>\n<p>&nbsp;<\/p>\n<p>&nbsp;<\/p>\n<p>&nbsp;<\/p>\n<p>&nbsp;<\/p>\n<p>&nbsp;<\/p>\n<p>&nbsp;<\/p>\n<p>&nbsp;<\/p>\n<p>&nbsp;<\/p>\n<p>&nbsp;<\/p>\n<p>&nbsp;<\/p>\n<p>&nbsp;<\/p>\n<p>&nbsp;<\/p>\n<p>&nbsp;<\/p>\n<p>&nbsp;<\/p>\n<p>&nbsp;<\/p>\n<p>&nbsp;<\/p>\n<p>&nbsp;<\/p>\n<p>&nbsp;<\/p>\n<p>&nbsp;<\/p>\n<p>&nbsp;<\/p>\n<p>&nbsp;<\/p>\n<p>&nbsp;<\/p>\n<p>&nbsp;<\/p>\n<p>&nbsp;<\/p>\n<p>&nbsp;<\/p>\n<p>&nbsp;<\/p>\n<p>&nbsp;<\/p>\n<p>&nbsp;<\/p>","protected":false},"excerpt":{"rendered":"<ul>\n<li>Item No:LS-0163B<\/li>\n<li>Material:\u00a0Plastic<\/li>\n<li>Size:\u00a0D21*H75.5MM<\/li>\n<li>Aplicaciones: Productos de belleza<\/li>\n<li>MOQ: 12.000 piezas<\/li>\n<li>Color: Color personalizado<\/li>\n<li>Surface treatment: Injection\/Matte\/Metalization\/UV coating<\/li>\n<li>Nombre de marca: OEM\/ODM<\/li>\n<li>Logotipo: Logotipo del cliente<\/li>\n<li>Capacidad de suministro: 100.000 piezas al mes<\/li>\n<\/ul>\n<p>&nbsp;<\/p>\n<p>&nbsp;<\/p>","protected":false},"featured_media":12579,"template":"","meta":{"_acf_changed":false},"product_brand":[],"product_cat":[373],"product_tag":[389,404],"class_list":{"0":"post-12575","1":"product","2":"type-product","3":"status-publish","4":"has-post-thumbnail","6":"product_cat-professional-lipstick-tube-supplier","7":"product_tag-lip-stick-tube","8":"product_tag-unique-cosmetic-packaging","10":"first","11":"instock","12":"shipping-taxable","13":"product-type-simple"},"acf":[],"yoast_head":"<!-- This site is optimized with the Yoast SEO plugin v24.1 - https:\/\/yoast.com\/wordpress\/plugins\/seo\/ -->\n<title>Empty lipstick packaging with bottom click open<\/title>\n<meta name=\"description\" content=\"This empty lipstick packaging is with with gradient glitter finish,fits 12.1mm and 12.7mm lipstick molds. Tight lid design for clean, hygienic packaging.\" \/>\n<meta name=\"robots\" content=\"index, follow, max-snippet:-1, max-image-preview:large, max-video-preview:-1\" \/>\n<link rel=\"canonical\" href=\"https:\/\/www.alovey.com\/es\/producto\/empty-lipstick-packaging-with-bottom-click-open\/\" \/>\n<meta property=\"og:locale\" content=\"es_ES\" \/>\n<meta property=\"og:type\" content=\"article\" \/>\n<meta property=\"og:title\" content=\"Empty lipstick packaging with bottom click open\" \/>\n<meta property=\"og:description\" content=\"This empty lipstick packaging is with with gradient glitter finish,fits 12.1mm and 12.7mm lipstick molds. Tight lid design for clean, hygienic packaging.\" \/>\n<meta property=\"og:url\" content=\"https:\/\/www.alovey.com\/es\/producto\/empty-lipstick-packaging-with-bottom-click-open\/\" \/>\n<meta property=\"og:site_name\" content=\"Best Cosmetic Packaging Manufacture\" \/>\n<meta property=\"article:modified_time\" content=\"2026-02-11T07:09:10+00:00\" \/>\n<meta property=\"og:image\" content=\"https:\/\/www.alovey.com\/wp-content\/uploads\/2026\/02\/Empty-lipstick-packaging-with-bottom-click-open-2.jpg\" \/>\n\t<meta property=\"og:image:width\" content=\"750\" \/>\n\t<meta property=\"og:image:height\" content=\"750\" \/>\n\t<meta property=\"og:image:type\" content=\"image\/jpeg\" \/>\n<meta name=\"twitter:card\" content=\"summary_large_image\" \/>\n<meta name=\"twitter:label1\" content=\"Tiempo de lectura\" \/>\n\t<meta name=\"twitter:data1\" content=\"3 minutos\" \/>\n<script type=\"application\/ld+json\" class=\"yoast-schema-graph\">{\"@context\":\"https:\/\/schema.org\",\"@graph\":[{\"@type\":\"WebPage\",\"@id\":\"https:\/\/www.alovey.com\/product\/empty-lipstick-packaging-with-bottom-click-open\/\",\"url\":\"https:\/\/www.alovey.com\/product\/empty-lipstick-packaging-with-bottom-click-open\/\",\"name\":\"Empty lipstick packaging with bottom click open\",\"isPartOf\":{\"@id\":\"https:\/\/www.alovey.com\/#website\"},\"primaryImageOfPage\":{\"@id\":\"https:\/\/www.alovey.com\/product\/empty-lipstick-packaging-with-bottom-click-open\/#primaryimage\"},\"image\":{\"@id\":\"https:\/\/www.alovey.com\/product\/empty-lipstick-packaging-with-bottom-click-open\/#primaryimage\"},\"thumbnailUrl\":\"https:\/\/www.alovey.com\/wp-content\/uploads\/2026\/02\/Empty-lipstick-packaging-with-bottom-click-open-2.jpg\",\"datePublished\":\"2026-02-11T06:41:12+00:00\",\"dateModified\":\"2026-02-11T07:09:10+00:00\",\"description\":\"This empty lipstick packaging is with with gradient glitter finish,fits 12.1mm and 12.7mm lipstick molds. Tight lid design for clean, hygienic packaging.\",\"breadcrumb\":{\"@id\":\"https:\/\/www.alovey.com\/product\/empty-lipstick-packaging-with-bottom-click-open\/#breadcrumb\"},\"inLanguage\":\"es\",\"potentialAction\":[{\"@type\":\"ReadAction\",\"target\":[\"https:\/\/www.alovey.com\/product\/empty-lipstick-packaging-with-bottom-click-open\/\"]}]},{\"@type\":\"ImageObject\",\"inLanguage\":\"es\",\"@id\":\"https:\/\/www.alovey.com\/product\/empty-lipstick-packaging-with-bottom-click-open\/#primaryimage\",\"url\":\"https:\/\/www.alovey.com\/wp-content\/uploads\/2026\/02\/Empty-lipstick-packaging-with-bottom-click-open-2.jpg\",\"contentUrl\":\"https:\/\/www.alovey.com\/wp-content\/uploads\/2026\/02\/Empty-lipstick-packaging-with-bottom-click-open-2.jpg\",\"width\":750,\"height\":750,\"caption\":\"Empty lipstick packaging with bottom click open\"},{\"@type\":\"BreadcrumbList\",\"@id\":\"https:\/\/www.alovey.com\/product\/empty-lipstick-packaging-with-bottom-click-open\/#breadcrumb\",\"itemListElement\":[{\"@type\":\"ListItem\",\"position\":1,\"name\":\"\u9996\u9875\",\"item\":\"https:\/\/www.alovey.com\/\"},{\"@type\":\"ListItem\",\"position\":2,\"name\":\"Products\",\"item\":\"https:\/\/www.alovey.com\/products\/\"},{\"@type\":\"ListItem\",\"position\":3,\"name\":\"Empty lipstick packaging with bottom click open\"}]},{\"@type\":\"WebSite\",\"@id\":\"https:\/\/www.alovey.com\/#website\",\"url\":\"https:\/\/www.alovey.com\/\",\"name\":\"Best Cosmetic Packaging Manufacture\",\"description\":\"Alovey Cosmetic Packaging Co.,Ltd\",\"publisher\":{\"@id\":\"https:\/\/www.alovey.com\/#organization\"},\"potentialAction\":[{\"@type\":\"SearchAction\",\"target\":{\"@type\":\"EntryPoint\",\"urlTemplate\":\"https:\/\/www.alovey.com\/?s={search_term_string}\"},\"query-input\":{\"@type\":\"PropertyValueSpecification\",\"valueRequired\":true,\"valueName\":\"search_term_string\"}}],\"inLanguage\":\"es\"},{\"@type\":\"Organization\",\"@id\":\"https:\/\/www.alovey.com\/#organization\",\"name\":\"Best Cosmetic Packaging Manufacture\",\"url\":\"https:\/\/www.alovey.com\/\",\"logo\":{\"@type\":\"ImageObject\",\"inLanguage\":\"es\",\"@id\":\"https:\/\/www.alovey.com\/#\/schema\/logo\/image\/\",\"url\":\"https:\/\/www.alovey.com\/wp-content\/uploads\/2023\/03\/logo.png\",\"contentUrl\":\"https:\/\/www.alovey.com\/wp-content\/uploads\/2023\/03\/logo.png\",\"width\":505,\"height\":180,\"caption\":\"Best  Cosmetic Packaging Manufacture\"},\"image\":{\"@id\":\"https:\/\/www.alovey.com\/#\/schema\/logo\/image\/\"}}]}<\/script>\n<!-- \/ Yoast SEO plugin. -->","yoast_head_json":{"title":"Empty lipstick packaging with bottom click open","description":"This empty lipstick packaging is with with gradient glitter finish,fits 12.1mm and 12.7mm lipstick molds. Tight lid design for clean, hygienic packaging.","robots":{"index":"index","follow":"follow","max-snippet":"max-snippet:-1","max-image-preview":"max-image-preview:large","max-video-preview":"max-video-preview:-1"},"canonical":"https:\/\/www.alovey.com\/es\/producto\/empty-lipstick-packaging-with-bottom-click-open\/","og_locale":"es_ES","og_type":"article","og_title":"Empty lipstick packaging with bottom click open","og_description":"This empty lipstick packaging is with with gradient glitter finish,fits 12.1mm and 12.7mm lipstick molds. Tight lid design for clean, hygienic packaging.","og_url":"https:\/\/www.alovey.com\/es\/producto\/empty-lipstick-packaging-with-bottom-click-open\/","og_site_name":"Best Cosmetic Packaging Manufacture","article_modified_time":"2026-02-11T07:09:10+00:00","og_image":[{"width":750,"height":750,"url":"https:\/\/www.alovey.com\/wp-content\/uploads\/2026\/02\/Empty-lipstick-packaging-with-bottom-click-open-2.jpg","type":"image\/jpeg"}],"twitter_card":"summary_large_image","twitter_misc":{"Tiempo de lectura":"3 minutos"},"schema":{"@context":"https:\/\/schema.org","@graph":[{"@type":"WebPage","@id":"https:\/\/www.alovey.com\/product\/empty-lipstick-packaging-with-bottom-click-open\/","url":"https:\/\/www.alovey.com\/product\/empty-lipstick-packaging-with-bottom-click-open\/","name":"Empty lipstick packaging with bottom click open","isPartOf":{"@id":"https:\/\/www.alovey.com\/#website"},"primaryImageOfPage":{"@id":"https:\/\/www.alovey.com\/product\/empty-lipstick-packaging-with-bottom-click-open\/#primaryimage"},"image":{"@id":"https:\/\/www.alovey.com\/product\/empty-lipstick-packaging-with-bottom-click-open\/#primaryimage"},"thumbnailUrl":"https:\/\/www.alovey.com\/wp-content\/uploads\/2026\/02\/Empty-lipstick-packaging-with-bottom-click-open-2.jpg","datePublished":"2026-02-11T06:41:12+00:00","dateModified":"2026-02-11T07:09:10+00:00","description":"This empty lipstick packaging is with with gradient glitter finish,fits 12.1mm and 12.7mm lipstick molds. Tight lid design for clean, hygienic packaging.","breadcrumb":{"@id":"https:\/\/www.alovey.com\/product\/empty-lipstick-packaging-with-bottom-click-open\/#breadcrumb"},"inLanguage":"es","potentialAction":[{"@type":"ReadAction","target":["https:\/\/www.alovey.com\/product\/empty-lipstick-packaging-with-bottom-click-open\/"]}]},{"@type":"ImageObject","inLanguage":"es","@id":"https:\/\/www.alovey.com\/product\/empty-lipstick-packaging-with-bottom-click-open\/#primaryimage","url":"https:\/\/www.alovey.com\/wp-content\/uploads\/2026\/02\/Empty-lipstick-packaging-with-bottom-click-open-2.jpg","contentUrl":"https:\/\/www.alovey.com\/wp-content\/uploads\/2026\/02\/Empty-lipstick-packaging-with-bottom-click-open-2.jpg","width":750,"height":750,"caption":"Empty lipstick packaging with bottom click open"},{"@type":"BreadcrumbList","@id":"https:\/\/www.alovey.com\/product\/empty-lipstick-packaging-with-bottom-click-open\/#breadcrumb","itemListElement":[{"@type":"ListItem","position":1,"name":"\u9996\u9875","item":"https:\/\/www.alovey.com\/"},{"@type":"ListItem","position":2,"name":"Products","item":"https:\/\/www.alovey.com\/products\/"},{"@type":"ListItem","position":3,"name":"Empty lipstick packaging with bottom click open"}]},{"@type":"WebSite","@id":"https:\/\/www.alovey.com\/#website","url":"https:\/\/www.alovey.com\/","name":"Best Cosmetic Packaging Manufacture","description":"Alovey Cosmetic Packaging S.L.","publisher":{"@id":"https:\/\/www.alovey.com\/#organization"},"potentialAction":[{"@type":"SearchAction","target":{"@type":"EntryPoint","urlTemplate":"https:\/\/www.alovey.com\/?s={search_term_string}"},"query-input":{"@type":"PropertyValueSpecification","valueRequired":true,"valueName":"search_term_string"}}],"inLanguage":"es"},{"@type":"Organization","@id":"https:\/\/www.alovey.com\/#organization","name":"Best Cosmetic Packaging Manufacture","url":"https:\/\/www.alovey.com\/","logo":{"@type":"ImageObject","inLanguage":"es","@id":"https:\/\/www.alovey.com\/#\/schema\/logo\/image\/","url":"https:\/\/www.alovey.com\/wp-content\/uploads\/2023\/03\/logo.png","contentUrl":"https:\/\/www.alovey.com\/wp-content\/uploads\/2023\/03\/logo.png","width":505,"height":180,"caption":"Best  Cosmetic Packaging Manufacture"},"image":{"@id":"https:\/\/www.alovey.com\/#\/schema\/logo\/image\/"}}]}},"_links":{"self":[{"href":"https:\/\/www.alovey.com\/es\/wp-json\/wp\/v2\/product\/12575"}],"collection":[{"href":"https:\/\/www.alovey.com\/es\/wp-json\/wp\/v2\/product"}],"about":[{"href":"https:\/\/www.alovey.com\/es\/wp-json\/wp\/v2\/types\/product"}],"wp:featuredmedia":[{"embeddable":true,"href":"https:\/\/www.alovey.com\/es\/wp-json\/wp\/v2\/media\/12579"}],"wp:attachment":[{"href":"https:\/\/www.alovey.com\/es\/wp-json\/wp\/v2\/media?parent=12575"}],"wp:term":[{"taxonomy":"product_brand","embeddable":true,"href":"https:\/\/www.alovey.com\/es\/wp-json\/wp\/v2\/product_brand?post=12575"},{"taxonomy":"product_cat","embeddable":true,"href":"https:\/\/www.alovey.com\/es\/wp-json\/wp\/v2\/product_cat?post=12575"},{"taxonomy":"product_tag","embeddable":true,"href":"https:\/\/www.alovey.com\/es\/wp-json\/wp\/v2\/product_tag?post=12575"}],"curies":[{"name":"wp","href":"https:\/\/api.w.org\/{rel}","templated":true}]}}