{"id":12452,"date":"2026-01-21T01:59:10","date_gmt":"2026-01-21T01:59:10","guid":{"rendered":"https:\/\/www.alovey.com\/?post_type=product&#038;p=12452"},"modified":"2026-01-21T04:11:15","modified_gmt":"2026-01-21T04:11:15","slug":"wholesale-squeeze-lotion-bottles-with-pp-materials-35ml","status":"publish","type":"product","link":"https:\/\/www.alovey.com\/es\/producto\/wholesale-squeeze-lotion-bottles-with-pp-materials-35ml\/","title":{"rendered":"Wholesale squeeze lotion bottles with PP materials 35ml"},"content":{"rendered":"<p><strong>We wholesale squeeze lotion bottles,\u00a0crafted from high-quality PP (polypropylene)\u00a0material \u2014 lightweight yet durable with a soft, smooth squeeze action.<\/strong><\/p>\n<p><strong>Designed for sunscreen, body lotion, hand cream, and skincare emulsions, this 35 ml squeeze lotion bottles \u00a0deliver\u00a0\u00a0a premium feel with modern minimal design, ideal for travel-size products and luxury cosmetic lines.<\/strong><\/p>\n<p><strong>Key Features:<\/strong><\/p>\n<p><strong>Premium PP Material\u00a0\u2014 durable, recyclable, and compatible with a wide range of cosmetic formulas<\/strong><\/p>\n<p><strong>35 ml Capacity\u00a0\u2014 perfect for SPF, lotion, or cream without bulk<\/strong><\/p>\n<p><strong>Easy Squeeze Design\u00a0\u2014 precise dosing and smooth dispensing<\/strong><\/p>\n<p><strong>\u00a0Customizable\u00a0\u2014 color options, printed labels, and caps available<\/strong><\/p>\n<p><strong>\u00a0Travel-Friendly Size\u00a0\u2014 TSA-friendly and great for retail, gift sets, or promotional products<\/strong><\/p>\n<p><b>\u00a0<\/b><strong>Alovey, como fabricante profesional chino de envases para cosm\u00e9ticos, produce una exquisita gama de envases personalizados para cosm\u00e9ticos, meticulosamente elaborados para elevar su marca. Nuestra variada selecci\u00f3n de materiales de primera calidad, combinada con delicadas t\u00e9cnicas de acabado superficial como la serigraf\u00eda, la estampaci\u00f3n en caliente y la pulverizaci\u00f3n mate, garantiza que cada envase sea una obra maestra \u00fanica.<\/strong><\/p>\n<p><img fetchpriority=\"high\" decoding=\"async\" class=\"size-full wp-image-12458\" src=\"https:\/\/www.alovey.com\/wp-content\/uploads\/2026\/01\/Wholesale-squeeze-lotion-bottles-with-PP-materials-35ml-7.jpg\" alt=\"Wholesale squeeze lotion bottles\" width=\"750\" height=\"750\" srcset=\"https:\/\/www.alovey.com\/wp-content\/uploads\/2026\/01\/Wholesale-squeeze-lotion-bottles-with-PP-materials-35ml-7.jpg 750w, https:\/\/www.alovey.com\/wp-content\/uploads\/2026\/01\/Wholesale-squeeze-lotion-bottles-with-PP-materials-35ml-7-300x300.jpg 300w, https:\/\/www.alovey.com\/wp-content\/uploads\/2026\/01\/Wholesale-squeeze-lotion-bottles-with-PP-materials-35ml-7-150x150.jpg 150w, https:\/\/www.alovey.com\/wp-content\/uploads\/2026\/01\/Wholesale-squeeze-lotion-bottles-with-PP-materials-35ml-7-12x12.jpg 12w, https:\/\/www.alovey.com\/wp-content\/uploads\/2026\/01\/Wholesale-squeeze-lotion-bottles-with-PP-materials-35ml-7-600x600.jpg 600w, https:\/\/www.alovey.com\/wp-content\/uploads\/2026\/01\/Wholesale-squeeze-lotion-bottles-with-PP-materials-35ml-7-100x100.jpg 100w\" sizes=\"(max-width: 750px) 100vw, 750px\" \/><\/p>\n<p><img decoding=\"async\" class=\"size-full wp-image-12456\" src=\"https:\/\/www.alovey.com\/wp-content\/uploads\/2026\/01\/Wholesale-squeeze-lotion-bottles-with-PP-materials-35ml-5.jpg\" alt=\"Wholesale squeeze lotion bottles\" width=\"750\" height=\"750\" srcset=\"https:\/\/www.alovey.com\/wp-content\/uploads\/2026\/01\/Wholesale-squeeze-lotion-bottles-with-PP-materials-35ml-5.jpg 750w, https:\/\/www.alovey.com\/wp-content\/uploads\/2026\/01\/Wholesale-squeeze-lotion-bottles-with-PP-materials-35ml-5-300x300.jpg 300w, https:\/\/www.alovey.com\/wp-content\/uploads\/2026\/01\/Wholesale-squeeze-lotion-bottles-with-PP-materials-35ml-5-150x150.jpg 150w, https:\/\/www.alovey.com\/wp-content\/uploads\/2026\/01\/Wholesale-squeeze-lotion-bottles-with-PP-materials-35ml-5-12x12.jpg 12w, https:\/\/www.alovey.com\/wp-content\/uploads\/2026\/01\/Wholesale-squeeze-lotion-bottles-with-PP-materials-35ml-5-600x600.jpg 600w, https:\/\/www.alovey.com\/wp-content\/uploads\/2026\/01\/Wholesale-squeeze-lotion-bottles-with-PP-materials-35ml-5-100x100.jpg 100w\" sizes=\"(max-width: 750px) 100vw, 750px\" \/><\/p>\n<p><img decoding=\"async\" class=\"size-full wp-image-12455\" src=\"https:\/\/www.alovey.com\/wp-content\/uploads\/2026\/01\/Wholesale-squeeze-lotion-bottles-with-PP-materials-35ml-4.jpg\" alt=\"Wholesale squeeze lotion bottles\" width=\"750\" height=\"750\" srcset=\"https:\/\/www.alovey.com\/wp-content\/uploads\/2026\/01\/Wholesale-squeeze-lotion-bottles-with-PP-materials-35ml-4.jpg 750w, https:\/\/www.alovey.com\/wp-content\/uploads\/2026\/01\/Wholesale-squeeze-lotion-bottles-with-PP-materials-35ml-4-300x300.jpg 300w, https:\/\/www.alovey.com\/wp-content\/uploads\/2026\/01\/Wholesale-squeeze-lotion-bottles-with-PP-materials-35ml-4-150x150.jpg 150w, https:\/\/www.alovey.com\/wp-content\/uploads\/2026\/01\/Wholesale-squeeze-lotion-bottles-with-PP-materials-35ml-4-12x12.jpg 12w, https:\/\/www.alovey.com\/wp-content\/uploads\/2026\/01\/Wholesale-squeeze-lotion-bottles-with-PP-materials-35ml-4-600x600.jpg 600w, https:\/\/www.alovey.com\/wp-content\/uploads\/2026\/01\/Wholesale-squeeze-lotion-bottles-with-PP-materials-35ml-4-100x100.jpg 100w\" sizes=\"(max-width: 750px) 100vw, 750px\" \/><\/p>\n<p><img loading=\"lazy\" decoding=\"async\" class=\"size-full wp-image-12454\" src=\"https:\/\/www.alovey.com\/wp-content\/uploads\/2026\/01\/Wholesale-squeeze-lotion-bottles-with-PP-materials-35ml-3.jpg\" alt=\"Wholesale squeeze lotion bottles\" width=\"750\" height=\"750\" srcset=\"https:\/\/www.alovey.com\/wp-content\/uploads\/2026\/01\/Wholesale-squeeze-lotion-bottles-with-PP-materials-35ml-3.jpg 750w, https:\/\/www.alovey.com\/wp-content\/uploads\/2026\/01\/Wholesale-squeeze-lotion-bottles-with-PP-materials-35ml-3-300x300.jpg 300w, https:\/\/www.alovey.com\/wp-content\/uploads\/2026\/01\/Wholesale-squeeze-lotion-bottles-with-PP-materials-35ml-3-150x150.jpg 150w, https:\/\/www.alovey.com\/wp-content\/uploads\/2026\/01\/Wholesale-squeeze-lotion-bottles-with-PP-materials-35ml-3-12x12.jpg 12w, https:\/\/www.alovey.com\/wp-content\/uploads\/2026\/01\/Wholesale-squeeze-lotion-bottles-with-PP-materials-35ml-3-600x600.jpg 600w, https:\/\/www.alovey.com\/wp-content\/uploads\/2026\/01\/Wholesale-squeeze-lotion-bottles-with-PP-materials-35ml-3-100x100.jpg 100w\" sizes=\"(max-width: 750px) 100vw, 750px\" \/><\/p>\n<p><img loading=\"lazy\" decoding=\"async\" class=\"size-full wp-image-12453\" src=\"https:\/\/www.alovey.com\/wp-content\/uploads\/2026\/01\/Wholesale-squeeze-lotion-bottles-with-PP-materials-35ml-2.jpg\" alt=\"Wholesale squeeze lotion bottles\" width=\"750\" height=\"750\" srcset=\"https:\/\/www.alovey.com\/wp-content\/uploads\/2026\/01\/Wholesale-squeeze-lotion-bottles-with-PP-materials-35ml-2.jpg 750w, https:\/\/www.alovey.com\/wp-content\/uploads\/2026\/01\/Wholesale-squeeze-lotion-bottles-with-PP-materials-35ml-2-300x300.jpg 300w, https:\/\/www.alovey.com\/wp-content\/uploads\/2026\/01\/Wholesale-squeeze-lotion-bottles-with-PP-materials-35ml-2-150x150.jpg 150w, https:\/\/www.alovey.com\/wp-content\/uploads\/2026\/01\/Wholesale-squeeze-lotion-bottles-with-PP-materials-35ml-2-12x12.jpg 12w, https:\/\/www.alovey.com\/wp-content\/uploads\/2026\/01\/Wholesale-squeeze-lotion-bottles-with-PP-materials-35ml-2-600x600.jpg 600w, https:\/\/www.alovey.com\/wp-content\/uploads\/2026\/01\/Wholesale-squeeze-lotion-bottles-with-PP-materials-35ml-2-100x100.jpg 100w\" sizes=\"(max-width: 750px) 100vw, 750px\" \/><\/p>\n<p><img loading=\"lazy\" decoding=\"async\" class=\"size-full wp-image-12457\" src=\"https:\/\/www.alovey.com\/wp-content\/uploads\/2026\/01\/Wholesale-squeeze-lotion-bottles-with-PP-materials-35ml-6.jpg\" alt=\"Wholesale squeeze lotion bottles\" width=\"630\" height=\"630\" srcset=\"https:\/\/www.alovey.com\/wp-content\/uploads\/2026\/01\/Wholesale-squeeze-lotion-bottles-with-PP-materials-35ml-6.jpg 630w, https:\/\/www.alovey.com\/wp-content\/uploads\/2026\/01\/Wholesale-squeeze-lotion-bottles-with-PP-materials-35ml-6-300x300.jpg 300w, https:\/\/www.alovey.com\/wp-content\/uploads\/2026\/01\/Wholesale-squeeze-lotion-bottles-with-PP-materials-35ml-6-150x150.jpg 150w, https:\/\/www.alovey.com\/wp-content\/uploads\/2026\/01\/Wholesale-squeeze-lotion-bottles-with-PP-materials-35ml-6-12x12.jpg 12w, https:\/\/www.alovey.com\/wp-content\/uploads\/2026\/01\/Wholesale-squeeze-lotion-bottles-with-PP-materials-35ml-6-600x600.jpg 600w, https:\/\/www.alovey.com\/wp-content\/uploads\/2026\/01\/Wholesale-squeeze-lotion-bottles-with-PP-materials-35ml-6-100x100.jpg 100w\" sizes=\"(max-width: 630px) 100vw, 630px\" \/><\/p>\n<p>&nbsp;<\/p>\n<p>&nbsp;<\/p>\n<p>&nbsp;<\/p>\n<p>&nbsp;<\/p>\n<p>&nbsp;<\/p>\n<p>&nbsp;<\/p>\n<p>&nbsp;<\/p>\n<p>&nbsp;<\/p>\n<p>&nbsp;<\/p>\n<p>&nbsp;<\/p>\n<p>&nbsp;<\/p>\n<p>&nbsp;<\/p>\n<p>&nbsp;<\/p>\n<p>&nbsp;<\/p>\n<p>&nbsp;<\/p>\n<p>&nbsp;<\/p>\n<p>&nbsp;<\/p>\n<p>&nbsp;<\/p>\n<p>&nbsp;<\/p>\n<p>&nbsp;<\/p>\n<p>&nbsp;<\/p>\n<p>&nbsp;<\/p>\n<p>&nbsp;<\/p>\n<p>&nbsp;<\/p>\n<p>&nbsp;<\/p>\n<p>&nbsp;<\/p>\n<p>&nbsp;<\/p>\n<p>&nbsp;<\/p>\n<p>&nbsp;<\/p>\n<p>&nbsp;<\/p>\n<p>&nbsp;<\/p>\n<p>&nbsp;<\/p>\n<p>&nbsp;<\/p>\n<p>&nbsp;<\/p>\n<p>&nbsp;<\/p>\n<p>&nbsp;<\/p>\n<p>&nbsp;<\/p>\n<p>&nbsp;<\/p>\n<p>&nbsp;<\/p>\n<p>&nbsp;<\/p>\n<p>&nbsp;<\/p>\n<p>&nbsp;<\/p>\n<p>&nbsp;<\/p>\n<p>&nbsp;<\/p>\n<p>&nbsp;<\/p>\n<p>&nbsp;<\/p>\n<p>&nbsp;<\/p>\n<p>&nbsp;<\/p>\n<p>&nbsp;<\/p>\n<p>&nbsp;<\/p>\n<p>&nbsp;<\/p>\n<p>&nbsp;<\/p>\n<p>&nbsp;<\/p>\n<p>&nbsp;<\/p>\n<p>&nbsp;<\/p>\n<p>&nbsp;<\/p>\n<p>&nbsp;<\/p>\n<p>&nbsp;<\/p>\n<p>&nbsp;<\/p>\n<p>&nbsp;<\/p>\n<p>&nbsp;<\/p>\n<p>&nbsp;<\/p>\n<p>&nbsp;<\/p>\n<p>&nbsp;<\/p>\n<p>&nbsp;<\/p>\n<p>&nbsp;<\/p>\n<p>&nbsp;<\/p>\n<p>&nbsp;<\/p>\n<p>&nbsp;<\/p>\n<p>&nbsp;<\/p>\n<p>&nbsp;<\/p>\n<p>&nbsp;<\/p>\n<p>&nbsp;<\/p>\n<p>&nbsp;<\/p>\n<p>&nbsp;<\/p>\n<p>&nbsp;<\/p>\n<p>&nbsp;<\/p>\n<p>&nbsp;<\/p>\n<p>&nbsp;<\/p>\n<p>&nbsp;<\/p>\n<p>&nbsp;<\/p>\n<p>&nbsp;<\/p>\n<p>&nbsp;<\/p>\n<p>&nbsp;<\/p>\n<p>&nbsp;<\/p>\n<p>&nbsp;<\/p>\n<p>&nbsp;<\/p>\n<p>&nbsp;<\/p>\n<p>&nbsp;<\/p>\n<p>&nbsp;<\/p>\n<p>&nbsp;<\/p>\n<p>&nbsp;<\/p>\n<p>&nbsp;<\/p>\n<p>&nbsp;<\/p>\n<p>&nbsp;<\/p>\n<p>&nbsp;<\/p>","protected":false},"excerpt":{"rendered":"<ul>\n<li>Item No: B-P066A<\/li>\n<li>Material:\u00a0Plastic<\/li>\n<li>Capacity: 35ml<\/li>\n<li>Size:\u00a0D45.5*H86MM<\/li>\n<li>Aplicaciones: Productos de belleza<\/li>\n<li>MOQ: 12.000 piezas<\/li>\n<li>Color: Color personalizado<\/li>\n<li>Surface treatment: Injection\/Matte\/Materialization\/UV coating<\/li>\n<li>Nombre de marca: OEM\/ODM<\/li>\n<li>Logotipo: Logotipo del cliente<\/li>\n<li>Capacidad de suministro: 100.000 piezas al mes<\/li>\n<\/ul>","protected":false},"featured_media":12455,"template":"","meta":{"_acf_changed":false},"product_brand":[],"product_cat":[382],"product_tag":[390,458],"class_list":{"0":"post-12452","1":"product","2":"type-product","3":"status-publish","4":"has-post-thumbnail","6":"product_cat-wholesale-cosmetic-bottles-containers","7":"product_tag-cosmetic-bottle","8":"product_tag-sunscreen-bottle","10":"first","11":"instock","12":"shipping-taxable","13":"product-type-simple"},"acf":[],"yoast_head":"<!-- This site is optimized with the Yoast SEO plugin v24.1 - https:\/\/yoast.com\/wordpress\/plugins\/seo\/ -->\n<title>Wholesale squeeze lotion bottles with PP materials 35ml<\/title>\n<meta name=\"description\" content=\"We wholesale squeeze lotion bottles, crafted from high-quality PP material \u2014 lightweight yet durable with a soft, smooth squeeze action.\" \/>\n<meta name=\"robots\" content=\"index, follow, max-snippet:-1, max-image-preview:large, max-video-preview:-1\" \/>\n<link rel=\"canonical\" href=\"https:\/\/www.alovey.com\/es\/producto\/wholesale-squeeze-lotion-bottles-with-pp-materials-35ml\/\" \/>\n<meta property=\"og:locale\" content=\"es_ES\" \/>\n<meta property=\"og:type\" content=\"article\" \/>\n<meta property=\"og:title\" content=\"Wholesale squeeze lotion bottles with PP materials 35ml\" \/>\n<meta property=\"og:description\" content=\"We wholesale squeeze lotion bottles, crafted from high-quality PP material \u2014 lightweight yet durable with a soft, smooth squeeze action.\" \/>\n<meta property=\"og:url\" content=\"https:\/\/www.alovey.com\/es\/producto\/wholesale-squeeze-lotion-bottles-with-pp-materials-35ml\/\" \/>\n<meta property=\"og:site_name\" content=\"Best Cosmetic Packaging Manufacture\" \/>\n<meta property=\"article:modified_time\" content=\"2026-01-21T04:11:15+00:00\" \/>\n<meta property=\"og:image\" content=\"https:\/\/www.alovey.com\/wp-content\/uploads\/2026\/01\/Wholesale-squeeze-lotion-bottles-with-PP-materials-35ml-4.jpg\" \/>\n\t<meta property=\"og:image:width\" content=\"750\" \/>\n\t<meta property=\"og:image:height\" content=\"750\" \/>\n\t<meta property=\"og:image:type\" content=\"image\/jpeg\" \/>\n<meta name=\"twitter:card\" content=\"summary_large_image\" \/>\n<meta name=\"twitter:label1\" content=\"Tiempo de lectura\" \/>\n\t<meta name=\"twitter:data1\" content=\"3 minutos\" \/>\n<script type=\"application\/ld+json\" class=\"yoast-schema-graph\">{\"@context\":\"https:\/\/schema.org\",\"@graph\":[{\"@type\":\"WebPage\",\"@id\":\"https:\/\/www.alovey.com\/product\/wholesale-squeeze-lotion-bottles-with-pp-materials-35ml\/\",\"url\":\"https:\/\/www.alovey.com\/product\/wholesale-squeeze-lotion-bottles-with-pp-materials-35ml\/\",\"name\":\"Wholesale squeeze lotion bottles with PP materials 35ml\",\"isPartOf\":{\"@id\":\"https:\/\/www.alovey.com\/#website\"},\"primaryImageOfPage\":{\"@id\":\"https:\/\/www.alovey.com\/product\/wholesale-squeeze-lotion-bottles-with-pp-materials-35ml\/#primaryimage\"},\"image\":{\"@id\":\"https:\/\/www.alovey.com\/product\/wholesale-squeeze-lotion-bottles-with-pp-materials-35ml\/#primaryimage\"},\"thumbnailUrl\":\"https:\/\/www.alovey.com\/wp-content\/uploads\/2026\/01\/Wholesale-squeeze-lotion-bottles-with-PP-materials-35ml-4.jpg\",\"datePublished\":\"2026-01-21T01:59:10+00:00\",\"dateModified\":\"2026-01-21T04:11:15+00:00\",\"description\":\"We wholesale squeeze lotion bottles, crafted from high-quality PP material \u2014 lightweight yet durable with a soft, smooth squeeze action.\",\"breadcrumb\":{\"@id\":\"https:\/\/www.alovey.com\/product\/wholesale-squeeze-lotion-bottles-with-pp-materials-35ml\/#breadcrumb\"},\"inLanguage\":\"es\",\"potentialAction\":[{\"@type\":\"ReadAction\",\"target\":[\"https:\/\/www.alovey.com\/product\/wholesale-squeeze-lotion-bottles-with-pp-materials-35ml\/\"]}]},{\"@type\":\"ImageObject\",\"inLanguage\":\"es\",\"@id\":\"https:\/\/www.alovey.com\/product\/wholesale-squeeze-lotion-bottles-with-pp-materials-35ml\/#primaryimage\",\"url\":\"https:\/\/www.alovey.com\/wp-content\/uploads\/2026\/01\/Wholesale-squeeze-lotion-bottles-with-PP-materials-35ml-4.jpg\",\"contentUrl\":\"https:\/\/www.alovey.com\/wp-content\/uploads\/2026\/01\/Wholesale-squeeze-lotion-bottles-with-PP-materials-35ml-4.jpg\",\"width\":750,\"height\":750,\"caption\":\"Wholesale squeeze lotion bottles with PP materials 35ml\"},{\"@type\":\"BreadcrumbList\",\"@id\":\"https:\/\/www.alovey.com\/product\/wholesale-squeeze-lotion-bottles-with-pp-materials-35ml\/#breadcrumb\",\"itemListElement\":[{\"@type\":\"ListItem\",\"position\":1,\"name\":\"\u9996\u9875\",\"item\":\"https:\/\/www.alovey.com\/\"},{\"@type\":\"ListItem\",\"position\":2,\"name\":\"Products\",\"item\":\"https:\/\/www.alovey.com\/products\/\"},{\"@type\":\"ListItem\",\"position\":3,\"name\":\"Wholesale squeeze lotion bottles with PP materials 35ml\"}]},{\"@type\":\"WebSite\",\"@id\":\"https:\/\/www.alovey.com\/#website\",\"url\":\"https:\/\/www.alovey.com\/\",\"name\":\"Best Cosmetic Packaging Manufacture\",\"description\":\"Alovey Cosmetic Packaging Co.,Ltd\",\"publisher\":{\"@id\":\"https:\/\/www.alovey.com\/#organization\"},\"potentialAction\":[{\"@type\":\"SearchAction\",\"target\":{\"@type\":\"EntryPoint\",\"urlTemplate\":\"https:\/\/www.alovey.com\/?s={search_term_string}\"},\"query-input\":{\"@type\":\"PropertyValueSpecification\",\"valueRequired\":true,\"valueName\":\"search_term_string\"}}],\"inLanguage\":\"es\"},{\"@type\":\"Organization\",\"@id\":\"https:\/\/www.alovey.com\/#organization\",\"name\":\"Best Cosmetic Packaging Manufacture\",\"url\":\"https:\/\/www.alovey.com\/\",\"logo\":{\"@type\":\"ImageObject\",\"inLanguage\":\"es\",\"@id\":\"https:\/\/www.alovey.com\/#\/schema\/logo\/image\/\",\"url\":\"https:\/\/www.alovey.com\/wp-content\/uploads\/2023\/03\/logo.png\",\"contentUrl\":\"https:\/\/www.alovey.com\/wp-content\/uploads\/2023\/03\/logo.png\",\"width\":505,\"height\":180,\"caption\":\"Best  Cosmetic Packaging Manufacture\"},\"image\":{\"@id\":\"https:\/\/www.alovey.com\/#\/schema\/logo\/image\/\"}}]}<\/script>\n<!-- \/ Yoast SEO plugin. -->","yoast_head_json":{"title":"Wholesale squeeze lotion bottles with PP materials 35ml","description":"We wholesale squeeze lotion bottles, crafted from high-quality PP material \u2014 lightweight yet durable with a soft, smooth squeeze action.","robots":{"index":"index","follow":"follow","max-snippet":"max-snippet:-1","max-image-preview":"max-image-preview:large","max-video-preview":"max-video-preview:-1"},"canonical":"https:\/\/www.alovey.com\/es\/producto\/wholesale-squeeze-lotion-bottles-with-pp-materials-35ml\/","og_locale":"es_ES","og_type":"article","og_title":"Wholesale squeeze lotion bottles with PP materials 35ml","og_description":"We wholesale squeeze lotion bottles, crafted from high-quality PP material \u2014 lightweight yet durable with a soft, smooth squeeze action.","og_url":"https:\/\/www.alovey.com\/es\/producto\/wholesale-squeeze-lotion-bottles-with-pp-materials-35ml\/","og_site_name":"Best Cosmetic Packaging Manufacture","article_modified_time":"2026-01-21T04:11:15+00:00","og_image":[{"width":750,"height":750,"url":"https:\/\/www.alovey.com\/wp-content\/uploads\/2026\/01\/Wholesale-squeeze-lotion-bottles-with-PP-materials-35ml-4.jpg","type":"image\/jpeg"}],"twitter_card":"summary_large_image","twitter_misc":{"Tiempo de lectura":"3 minutos"},"schema":{"@context":"https:\/\/schema.org","@graph":[{"@type":"WebPage","@id":"https:\/\/www.alovey.com\/product\/wholesale-squeeze-lotion-bottles-with-pp-materials-35ml\/","url":"https:\/\/www.alovey.com\/product\/wholesale-squeeze-lotion-bottles-with-pp-materials-35ml\/","name":"Wholesale squeeze lotion bottles with PP materials 35ml","isPartOf":{"@id":"https:\/\/www.alovey.com\/#website"},"primaryImageOfPage":{"@id":"https:\/\/www.alovey.com\/product\/wholesale-squeeze-lotion-bottles-with-pp-materials-35ml\/#primaryimage"},"image":{"@id":"https:\/\/www.alovey.com\/product\/wholesale-squeeze-lotion-bottles-with-pp-materials-35ml\/#primaryimage"},"thumbnailUrl":"https:\/\/www.alovey.com\/wp-content\/uploads\/2026\/01\/Wholesale-squeeze-lotion-bottles-with-PP-materials-35ml-4.jpg","datePublished":"2026-01-21T01:59:10+00:00","dateModified":"2026-01-21T04:11:15+00:00","description":"We wholesale squeeze lotion bottles, crafted from high-quality PP material \u2014 lightweight yet durable with a soft, smooth squeeze action.","breadcrumb":{"@id":"https:\/\/www.alovey.com\/product\/wholesale-squeeze-lotion-bottles-with-pp-materials-35ml\/#breadcrumb"},"inLanguage":"es","potentialAction":[{"@type":"ReadAction","target":["https:\/\/www.alovey.com\/product\/wholesale-squeeze-lotion-bottles-with-pp-materials-35ml\/"]}]},{"@type":"ImageObject","inLanguage":"es","@id":"https:\/\/www.alovey.com\/product\/wholesale-squeeze-lotion-bottles-with-pp-materials-35ml\/#primaryimage","url":"https:\/\/www.alovey.com\/wp-content\/uploads\/2026\/01\/Wholesale-squeeze-lotion-bottles-with-PP-materials-35ml-4.jpg","contentUrl":"https:\/\/www.alovey.com\/wp-content\/uploads\/2026\/01\/Wholesale-squeeze-lotion-bottles-with-PP-materials-35ml-4.jpg","width":750,"height":750,"caption":"Wholesale squeeze lotion bottles with PP materials 35ml"},{"@type":"BreadcrumbList","@id":"https:\/\/www.alovey.com\/product\/wholesale-squeeze-lotion-bottles-with-pp-materials-35ml\/#breadcrumb","itemListElement":[{"@type":"ListItem","position":1,"name":"\u9996\u9875","item":"https:\/\/www.alovey.com\/"},{"@type":"ListItem","position":2,"name":"Products","item":"https:\/\/www.alovey.com\/products\/"},{"@type":"ListItem","position":3,"name":"Wholesale squeeze lotion bottles with PP materials 35ml"}]},{"@type":"WebSite","@id":"https:\/\/www.alovey.com\/#website","url":"https:\/\/www.alovey.com\/","name":"Best Cosmetic Packaging Manufacture","description":"Alovey Cosmetic Packaging S.L.","publisher":{"@id":"https:\/\/www.alovey.com\/#organization"},"potentialAction":[{"@type":"SearchAction","target":{"@type":"EntryPoint","urlTemplate":"https:\/\/www.alovey.com\/?s={search_term_string}"},"query-input":{"@type":"PropertyValueSpecification","valueRequired":true,"valueName":"search_term_string"}}],"inLanguage":"es"},{"@type":"Organization","@id":"https:\/\/www.alovey.com\/#organization","name":"Best Cosmetic Packaging Manufacture","url":"https:\/\/www.alovey.com\/","logo":{"@type":"ImageObject","inLanguage":"es","@id":"https:\/\/www.alovey.com\/#\/schema\/logo\/image\/","url":"https:\/\/www.alovey.com\/wp-content\/uploads\/2023\/03\/logo.png","contentUrl":"https:\/\/www.alovey.com\/wp-content\/uploads\/2023\/03\/logo.png","width":505,"height":180,"caption":"Best  Cosmetic Packaging Manufacture"},"image":{"@id":"https:\/\/www.alovey.com\/#\/schema\/logo\/image\/"}}]}},"_links":{"self":[{"href":"https:\/\/www.alovey.com\/es\/wp-json\/wp\/v2\/product\/12452"}],"collection":[{"href":"https:\/\/www.alovey.com\/es\/wp-json\/wp\/v2\/product"}],"about":[{"href":"https:\/\/www.alovey.com\/es\/wp-json\/wp\/v2\/types\/product"}],"wp:featuredmedia":[{"embeddable":true,"href":"https:\/\/www.alovey.com\/es\/wp-json\/wp\/v2\/media\/12455"}],"wp:attachment":[{"href":"https:\/\/www.alovey.com\/es\/wp-json\/wp\/v2\/media?parent=12452"}],"wp:term":[{"taxonomy":"product_brand","embeddable":true,"href":"https:\/\/www.alovey.com\/es\/wp-json\/wp\/v2\/product_brand?post=12452"},{"taxonomy":"product_cat","embeddable":true,"href":"https:\/\/www.alovey.com\/es\/wp-json\/wp\/v2\/product_cat?post=12452"},{"taxonomy":"product_tag","embeddable":true,"href":"https:\/\/www.alovey.com\/es\/wp-json\/wp\/v2\/product_tag?post=12452"}],"curies":[{"name":"wp","href":"https:\/\/api.w.org\/{rel}","templated":true}]}}