{"id":12423,"date":"2026-01-17T07:47:49","date_gmt":"2026-01-17T07:47:49","guid":{"rendered":"https:\/\/www.alovey.com\/?post_type=product&#038;p=12423"},"modified":"2026-01-17T08:14:44","modified_gmt":"2026-01-17T08:14:44","slug":"round-metallic-pink-lip-gloss-tube-with-collar-4ml","status":"publish","type":"product","link":"https:\/\/www.alovey.com\/es\/producto\/round-metallic-pink-lip-gloss-tube-with-collar-4ml\/","title":{"rendered":"Round Metallic Pink Lip Gloss Tube with Collar 4ml"},"content":{"rendered":"<p><strong>This round metallic pink lip gloss tube measures approximately 18 \u00d7 109 mm\u00a0and features a sleek cylindrical design with a matching collar.<\/strong><\/p>\n<p><strong>Lightweight and portable, it fits easily into pockets or makeup bags without taking up extra space.<\/strong><\/p>\n<p><strong>Its cute, elegant shape makes it ideal for on-the-go use while adding a stylish touch to any cosmetic line.<\/strong><\/p>\n<p><strong>Alovey, como fabricante profesional chino de envases para cosm\u00e9ticos, produce una exquisita gama de envases personalizados para cosm\u00e9ticos, meticulosamente elaborados para elevar su marca. Nuestra variada selecci\u00f3n de materiales de primera calidad, combinada con delicadas t\u00e9cnicas de acabado superficial como la serigraf\u00eda, la estampaci\u00f3n en caliente y la pulverizaci\u00f3n mate, garantiza que cada envase sea una obra maestra \u00fanica.<\/strong><\/p>\n<p><img fetchpriority=\"high\" decoding=\"async\" class=\"size-full wp-image-12435\" src=\"https:\/\/www.alovey.com\/wp-content\/uploads\/2026\/01\/Round-Metallic-Pink-Lip-Gloss-Tube-with-Collar-4ml-5-1.jpg\" alt=\"pink lip gloss tube\" width=\"750\" height=\"750\" srcset=\"https:\/\/www.alovey.com\/wp-content\/uploads\/2026\/01\/Round-Metallic-Pink-Lip-Gloss-Tube-with-Collar-4ml-5-1.jpg 750w, https:\/\/www.alovey.com\/wp-content\/uploads\/2026\/01\/Round-Metallic-Pink-Lip-Gloss-Tube-with-Collar-4ml-5-1-300x300.jpg 300w, https:\/\/www.alovey.com\/wp-content\/uploads\/2026\/01\/Round-Metallic-Pink-Lip-Gloss-Tube-with-Collar-4ml-5-1-150x150.jpg 150w, https:\/\/www.alovey.com\/wp-content\/uploads\/2026\/01\/Round-Metallic-Pink-Lip-Gloss-Tube-with-Collar-4ml-5-1-12x12.jpg 12w, https:\/\/www.alovey.com\/wp-content\/uploads\/2026\/01\/Round-Metallic-Pink-Lip-Gloss-Tube-with-Collar-4ml-5-1-600x600.jpg 600w, https:\/\/www.alovey.com\/wp-content\/uploads\/2026\/01\/Round-Metallic-Pink-Lip-Gloss-Tube-with-Collar-4ml-5-1-100x100.jpg 100w\" sizes=\"(max-width: 750px) 100vw, 750px\" \/> <img decoding=\"async\" class=\"size-full wp-image-12434\" src=\"https:\/\/www.alovey.com\/wp-content\/uploads\/2026\/01\/Round-Metallic-Pink-Lip-Gloss-Tube-with-Collar-4ml-4-1.jpg\" alt=\"pink lip gloss tube\" width=\"750\" height=\"750\" srcset=\"https:\/\/www.alovey.com\/wp-content\/uploads\/2026\/01\/Round-Metallic-Pink-Lip-Gloss-Tube-with-Collar-4ml-4-1.jpg 750w, https:\/\/www.alovey.com\/wp-content\/uploads\/2026\/01\/Round-Metallic-Pink-Lip-Gloss-Tube-with-Collar-4ml-4-1-300x300.jpg 300w, https:\/\/www.alovey.com\/wp-content\/uploads\/2026\/01\/Round-Metallic-Pink-Lip-Gloss-Tube-with-Collar-4ml-4-1-150x150.jpg 150w, https:\/\/www.alovey.com\/wp-content\/uploads\/2026\/01\/Round-Metallic-Pink-Lip-Gloss-Tube-with-Collar-4ml-4-1-12x12.jpg 12w, https:\/\/www.alovey.com\/wp-content\/uploads\/2026\/01\/Round-Metallic-Pink-Lip-Gloss-Tube-with-Collar-4ml-4-1-600x600.jpg 600w, https:\/\/www.alovey.com\/wp-content\/uploads\/2026\/01\/Round-Metallic-Pink-Lip-Gloss-Tube-with-Collar-4ml-4-1-100x100.jpg 100w\" sizes=\"(max-width: 750px) 100vw, 750px\" \/> <img decoding=\"async\" class=\"size-full wp-image-12433\" src=\"https:\/\/www.alovey.com\/wp-content\/uploads\/2026\/01\/Round-Metallic-Pink-Lip-Gloss-Tube-with-Collar-4ml-3-1.jpg\" alt=\"pink lip gloss tube\" width=\"750\" height=\"750\" srcset=\"https:\/\/www.alovey.com\/wp-content\/uploads\/2026\/01\/Round-Metallic-Pink-Lip-Gloss-Tube-with-Collar-4ml-3-1.jpg 750w, https:\/\/www.alovey.com\/wp-content\/uploads\/2026\/01\/Round-Metallic-Pink-Lip-Gloss-Tube-with-Collar-4ml-3-1-300x300.jpg 300w, https:\/\/www.alovey.com\/wp-content\/uploads\/2026\/01\/Round-Metallic-Pink-Lip-Gloss-Tube-with-Collar-4ml-3-1-150x150.jpg 150w, https:\/\/www.alovey.com\/wp-content\/uploads\/2026\/01\/Round-Metallic-Pink-Lip-Gloss-Tube-with-Collar-4ml-3-1-12x12.jpg 12w, https:\/\/www.alovey.com\/wp-content\/uploads\/2026\/01\/Round-Metallic-Pink-Lip-Gloss-Tube-with-Collar-4ml-3-1-600x600.jpg 600w, https:\/\/www.alovey.com\/wp-content\/uploads\/2026\/01\/Round-Metallic-Pink-Lip-Gloss-Tube-with-Collar-4ml-3-1-100x100.jpg 100w\" sizes=\"(max-width: 750px) 100vw, 750px\" \/> <img loading=\"lazy\" decoding=\"async\" class=\"size-full wp-image-12432\" src=\"https:\/\/www.alovey.com\/wp-content\/uploads\/2026\/01\/Round-Metallic-Pink-Lip-Gloss-Tube-with-Collar-4ml-2-1.jpg\" alt=\"pink lip gloss tube\" width=\"750\" height=\"750\" srcset=\"https:\/\/www.alovey.com\/wp-content\/uploads\/2026\/01\/Round-Metallic-Pink-Lip-Gloss-Tube-with-Collar-4ml-2-1.jpg 750w, https:\/\/www.alovey.com\/wp-content\/uploads\/2026\/01\/Round-Metallic-Pink-Lip-Gloss-Tube-with-Collar-4ml-2-1-300x300.jpg 300w, https:\/\/www.alovey.com\/wp-content\/uploads\/2026\/01\/Round-Metallic-Pink-Lip-Gloss-Tube-with-Collar-4ml-2-1-150x150.jpg 150w, https:\/\/www.alovey.com\/wp-content\/uploads\/2026\/01\/Round-Metallic-Pink-Lip-Gloss-Tube-with-Collar-4ml-2-1-12x12.jpg 12w, https:\/\/www.alovey.com\/wp-content\/uploads\/2026\/01\/Round-Metallic-Pink-Lip-Gloss-Tube-with-Collar-4ml-2-1-600x600.jpg 600w, https:\/\/www.alovey.com\/wp-content\/uploads\/2026\/01\/Round-Metallic-Pink-Lip-Gloss-Tube-with-Collar-4ml-2-1-100x100.jpg 100w\" sizes=\"(max-width: 750px) 100vw, 750px\" \/> <img loading=\"lazy\" decoding=\"async\" class=\"size-full wp-image-12431\" src=\"https:\/\/www.alovey.com\/wp-content\/uploads\/2026\/01\/Round-Metallic-Pink-Lip-Gloss-Tube-with-Collar-4ml-1-1.jpg\" alt=\"pink lip gloss tube\" width=\"750\" height=\"750\" srcset=\"https:\/\/www.alovey.com\/wp-content\/uploads\/2026\/01\/Round-Metallic-Pink-Lip-Gloss-Tube-with-Collar-4ml-1-1.jpg 750w, https:\/\/www.alovey.com\/wp-content\/uploads\/2026\/01\/Round-Metallic-Pink-Lip-Gloss-Tube-with-Collar-4ml-1-1-300x300.jpg 300w, https:\/\/www.alovey.com\/wp-content\/uploads\/2026\/01\/Round-Metallic-Pink-Lip-Gloss-Tube-with-Collar-4ml-1-1-150x150.jpg 150w, https:\/\/www.alovey.com\/wp-content\/uploads\/2026\/01\/Round-Metallic-Pink-Lip-Gloss-Tube-with-Collar-4ml-1-1-12x12.jpg 12w, https:\/\/www.alovey.com\/wp-content\/uploads\/2026\/01\/Round-Metallic-Pink-Lip-Gloss-Tube-with-Collar-4ml-1-1-600x600.jpg 600w, https:\/\/www.alovey.com\/wp-content\/uploads\/2026\/01\/Round-Metallic-Pink-Lip-Gloss-Tube-with-Collar-4ml-1-1-100x100.jpg 100w\" sizes=\"(max-width: 750px) 100vw, 750px\" \/> <img loading=\"lazy\" decoding=\"async\" class=\"size-full wp-image-12430\" src=\"https:\/\/www.alovey.com\/wp-content\/uploads\/2026\/01\/Round-Metallic-Pink-Lip-Gloss-Tube-with-Collar-4ml-6-1.jpg\" alt=\"pink lip gloss tube\" width=\"750\" height=\"750\" srcset=\"https:\/\/www.alovey.com\/wp-content\/uploads\/2026\/01\/Round-Metallic-Pink-Lip-Gloss-Tube-with-Collar-4ml-6-1.jpg 750w, https:\/\/www.alovey.com\/wp-content\/uploads\/2026\/01\/Round-Metallic-Pink-Lip-Gloss-Tube-with-Collar-4ml-6-1-300x300.jpg 300w, https:\/\/www.alovey.com\/wp-content\/uploads\/2026\/01\/Round-Metallic-Pink-Lip-Gloss-Tube-with-Collar-4ml-6-1-150x150.jpg 150w, https:\/\/www.alovey.com\/wp-content\/uploads\/2026\/01\/Round-Metallic-Pink-Lip-Gloss-Tube-with-Collar-4ml-6-1-12x12.jpg 12w, https:\/\/www.alovey.com\/wp-content\/uploads\/2026\/01\/Round-Metallic-Pink-Lip-Gloss-Tube-with-Collar-4ml-6-1-600x600.jpg 600w, https:\/\/www.alovey.com\/wp-content\/uploads\/2026\/01\/Round-Metallic-Pink-Lip-Gloss-Tube-with-Collar-4ml-6-1-100x100.jpg 100w\" sizes=\"(max-width: 750px) 100vw, 750px\" \/><\/p>\n<p>&nbsp;<\/p>\n<p>&nbsp;<\/p>\n<p>&nbsp;<\/p>\n<p>&nbsp;<\/p>\n<p>&nbsp;<\/p>\n<p>&nbsp;<\/p>\n<p>&nbsp;<\/p>\n<p>&nbsp;<\/p>\n<p>&nbsp;<\/p>\n<p>&nbsp;<\/p>\n<p>&nbsp;<\/p>\n<p>&nbsp;<\/p>\n<p>&nbsp;<\/p>\n<p>&nbsp;<\/p>\n<p>&nbsp;<\/p>\n<p>&nbsp;<\/p>\n<p>&nbsp;<\/p>\n<p>&nbsp;<\/p>\n<p>&nbsp;<\/p>\n<p>&nbsp;<\/p>\n<p>&nbsp;<\/p>\n<p>&nbsp;<\/p>\n<p>&nbsp;<\/p>\n<p>&nbsp;<\/p>\n<p>&nbsp;<\/p>\n<p>&nbsp;<\/p>\n<p>&nbsp;<\/p>\n<p>&nbsp;<\/p>\n<p>&nbsp;<\/p>\n<p>&nbsp;<\/p>\n<p>&nbsp;<\/p>\n<p>&nbsp;<\/p>\n<p>&nbsp;<\/p>\n<p>&nbsp;<\/p>\n<p>&nbsp;<\/p>\n<p>&nbsp;<\/p>\n<p>&nbsp;<\/p>\n<p>&nbsp;<\/p>\n<p>&nbsp;<\/p>\n<p>&nbsp;<\/p>\n<p>&nbsp;<\/p>\n<p>&nbsp;<\/p>\n<p>&nbsp;<\/p>\n<p>&nbsp;<\/p>\n<p>&nbsp;<\/p>\n<p>&nbsp;<\/p>\n<p>&nbsp;<\/p>\n<p>&nbsp;<\/p>\n<p>&nbsp;<\/p>\n<p>&nbsp;<\/p>\n<p>&nbsp;<\/p>\n<p>&nbsp;<\/p>\n<p>&nbsp;<\/p>\n<p>&nbsp;<\/p>\n<p>&nbsp;<\/p>\n<p>&nbsp;<\/p>\n<p>&nbsp;<\/p>\n<p>&nbsp;<\/p>\n<p>&nbsp;<\/p>\n<p>&nbsp;<\/p>\n<p>&nbsp;<\/p>\n<p>&nbsp;<\/p>\n<p>&nbsp;<\/p>\n<p>&nbsp;<\/p>\n<p>&nbsp;<\/p>\n<p>&nbsp;<\/p>\n<p>&nbsp;<\/p>\n<p>&nbsp;<\/p>\n<p>&nbsp;<\/p>\n<p>&nbsp;<\/p>\n<p>&nbsp;<\/p>\n<p>&nbsp;<\/p>\n<p>&nbsp;<\/p>\n<p>&nbsp;<\/p>\n<p>&nbsp;<\/p>\n<p>&nbsp;<\/p>\n<p>&nbsp;<\/p>\n<p>&nbsp;<\/p>\n<p>&nbsp;<\/p>\n<p>&nbsp;<\/p>\n<p>&nbsp;<\/p>\n<p>&nbsp;<\/p>\n<p>&nbsp;<\/p>\n<p>&nbsp;<\/p>\n<p>&nbsp;<\/p>\n<p>&nbsp;<\/p>\n<p>&nbsp;<\/p>\n<p>&nbsp;<\/p>\n<p>&nbsp;<\/p>\n<p>&nbsp;<\/p>\n<p>&nbsp;<\/p>\n<p>&nbsp;<\/p>\n<p>&nbsp;<\/p>\n<p>&nbsp;<\/p>\n<p>&nbsp;<\/p>\n<p>&nbsp;<\/p>\n<p>&nbsp;<\/p>\n<p>&nbsp;<\/p>\n<p>&nbsp;<\/p>\n<p>&nbsp;<\/p>\n<p>&nbsp;<\/p>\n<p>&nbsp;<\/p>\n<p>&nbsp;<\/p>\n<p>&nbsp;<\/p>\n<p>&nbsp;<\/p>\n<p>&nbsp;<\/p>\n<p>&nbsp;<\/p>\n<p>&nbsp;<\/p>\n<p>&nbsp;<\/p>\n<p>&nbsp;<\/p>\n<p>&nbsp;<\/p>\n<p>&nbsp;<\/p>\n<p>&nbsp;<\/p>\n<p>&nbsp;<\/p>\n<p>&nbsp;<\/p>\n<p>&nbsp;<\/p>\n<p>&nbsp;<\/p>\n<p>&nbsp;<\/p>\n<p>&nbsp;<\/p>\n<p>&nbsp;<\/p>\n<p>&nbsp;<\/p>\n<p>&nbsp;<\/p>\n<p>&nbsp;<\/p>\n<p>&nbsp;<\/p>\n<p>&nbsp;<\/p>\n<p>&nbsp;<\/p>\n<p>&nbsp;<\/p>\n<p>&nbsp;<\/p>","protected":false},"excerpt":{"rendered":"<ul>\n<li>Item No: LG-0605A<\/li>\n<li>Material:\u00a0Plastic<\/li>\n<li>Capacity: 4ml<\/li>\n<li>Size:\u00a0D18*H109MM<\/li>\n<li>Aplicaciones: Productos de belleza<\/li>\n<li>MOQ: 12.000 piezas<\/li>\n<li>Color: Color personalizado<\/li>\n<li>Surface treatment: Injection\/Matte\/Metalization\/UV coating<\/li>\n<li>Nombre de marca: OEM\/ODM<\/li>\n<li>Logotipo: Logotipo del cliente<\/li>\n<li>Capacidad de suministro: 100.000 piezas al mes<\/li>\n<\/ul>\n<p>&nbsp;<\/p>","protected":false},"featured_media":12431,"template":"","meta":{"_acf_changed":false},"product_brand":[],"product_cat":[15,372],"product_tag":[388],"class_list":{"0":"post-12423","1":"product","2":"type-product","3":"status-publish","4":"has-post-thumbnail","6":"product_cat-wholesale-lip-cosmetic-packaging","7":"product_cat-lipgloss-tube","8":"product_tag-lip-gloss-tube","10":"first","11":"instock","12":"shipping-taxable","13":"product-type-simple"},"acf":[],"yoast_head":"<!-- This site is optimized with the Yoast SEO plugin v24.1 - https:\/\/yoast.com\/wordpress\/plugins\/seo\/ -->\n<title>Round Metallic Pink Lip Gloss Tube with Collar 4ml<\/title>\n<meta name=\"description\" content=\"This round metallic pink lip gloss tube measures approximately 18 \u00d7 109 mm and features a sleek cylindrical design with a matching collar.\" \/>\n<meta name=\"robots\" content=\"index, follow, max-snippet:-1, max-image-preview:large, max-video-preview:-1\" \/>\n<link rel=\"canonical\" href=\"https:\/\/www.alovey.com\/es\/producto\/round-metallic-pink-lip-gloss-tube-with-collar-4ml\/\" \/>\n<meta property=\"og:locale\" content=\"es_ES\" \/>\n<meta property=\"og:type\" content=\"article\" \/>\n<meta property=\"og:title\" content=\"Round Metallic Pink Lip Gloss Tube with Collar 4ml\" \/>\n<meta property=\"og:description\" content=\"This round metallic pink lip gloss tube measures approximately 18 \u00d7 109 mm and features a sleek cylindrical design with a matching collar.\" \/>\n<meta property=\"og:url\" content=\"https:\/\/www.alovey.com\/es\/producto\/round-metallic-pink-lip-gloss-tube-with-collar-4ml\/\" \/>\n<meta property=\"og:site_name\" content=\"Best Cosmetic Packaging Manufacture\" \/>\n<meta property=\"article:modified_time\" content=\"2026-01-17T08:14:44+00:00\" \/>\n<meta property=\"og:image\" content=\"https:\/\/www.alovey.com\/wp-content\/uploads\/2026\/01\/Round-Metallic-Pink-Lip-Gloss-Tube-with-Collar-4ml-1-1.jpg\" \/>\n\t<meta property=\"og:image:width\" content=\"750\" \/>\n\t<meta property=\"og:image:height\" content=\"750\" \/>\n\t<meta property=\"og:image:type\" content=\"image\/jpeg\" \/>\n<meta name=\"twitter:card\" content=\"summary_large_image\" \/>\n<meta name=\"twitter:label1\" content=\"Tiempo de lectura\" \/>\n\t<meta name=\"twitter:data1\" content=\"2 minutos\" \/>\n<script type=\"application\/ld+json\" class=\"yoast-schema-graph\">{\"@context\":\"https:\/\/schema.org\",\"@graph\":[{\"@type\":\"WebPage\",\"@id\":\"https:\/\/www.alovey.com\/product\/round-metallic-pink-lip-gloss-tube-with-collar-4ml\/\",\"url\":\"https:\/\/www.alovey.com\/product\/round-metallic-pink-lip-gloss-tube-with-collar-4ml\/\",\"name\":\"Round Metallic Pink Lip Gloss Tube with Collar 4ml\",\"isPartOf\":{\"@id\":\"https:\/\/www.alovey.com\/#website\"},\"primaryImageOfPage\":{\"@id\":\"https:\/\/www.alovey.com\/product\/round-metallic-pink-lip-gloss-tube-with-collar-4ml\/#primaryimage\"},\"image\":{\"@id\":\"https:\/\/www.alovey.com\/product\/round-metallic-pink-lip-gloss-tube-with-collar-4ml\/#primaryimage\"},\"thumbnailUrl\":\"https:\/\/www.alovey.com\/wp-content\/uploads\/2026\/01\/Round-Metallic-Pink-Lip-Gloss-Tube-with-Collar-4ml-1-1.jpg\",\"datePublished\":\"2026-01-17T07:47:49+00:00\",\"dateModified\":\"2026-01-17T08:14:44+00:00\",\"description\":\"This round metallic pink lip gloss tube measures approximately 18 \u00d7 109 mm and features a sleek cylindrical design with a matching collar.\",\"breadcrumb\":{\"@id\":\"https:\/\/www.alovey.com\/product\/round-metallic-pink-lip-gloss-tube-with-collar-4ml\/#breadcrumb\"},\"inLanguage\":\"es\",\"potentialAction\":[{\"@type\":\"ReadAction\",\"target\":[\"https:\/\/www.alovey.com\/product\/round-metallic-pink-lip-gloss-tube-with-collar-4ml\/\"]}]},{\"@type\":\"ImageObject\",\"inLanguage\":\"es\",\"@id\":\"https:\/\/www.alovey.com\/product\/round-metallic-pink-lip-gloss-tube-with-collar-4ml\/#primaryimage\",\"url\":\"https:\/\/www.alovey.com\/wp-content\/uploads\/2026\/01\/Round-Metallic-Pink-Lip-Gloss-Tube-with-Collar-4ml-1-1.jpg\",\"contentUrl\":\"https:\/\/www.alovey.com\/wp-content\/uploads\/2026\/01\/Round-Metallic-Pink-Lip-Gloss-Tube-with-Collar-4ml-1-1.jpg\",\"width\":750,\"height\":750,\"caption\":\"Round Metallic Pink Lip Gloss Tube with Collar 4ml\"},{\"@type\":\"BreadcrumbList\",\"@id\":\"https:\/\/www.alovey.com\/product\/round-metallic-pink-lip-gloss-tube-with-collar-4ml\/#breadcrumb\",\"itemListElement\":[{\"@type\":\"ListItem\",\"position\":1,\"name\":\"\u9996\u9875\",\"item\":\"https:\/\/www.alovey.com\/\"},{\"@type\":\"ListItem\",\"position\":2,\"name\":\"Products\",\"item\":\"https:\/\/www.alovey.com\/products\/\"},{\"@type\":\"ListItem\",\"position\":3,\"name\":\"Round Metallic Pink Lip Gloss Tube with Collar 4ml\"}]},{\"@type\":\"WebSite\",\"@id\":\"https:\/\/www.alovey.com\/#website\",\"url\":\"https:\/\/www.alovey.com\/\",\"name\":\"Best Cosmetic Packaging Manufacture\",\"description\":\"Alovey Cosmetic Packaging Co.,Ltd\",\"publisher\":{\"@id\":\"https:\/\/www.alovey.com\/#organization\"},\"potentialAction\":[{\"@type\":\"SearchAction\",\"target\":{\"@type\":\"EntryPoint\",\"urlTemplate\":\"https:\/\/www.alovey.com\/?s={search_term_string}\"},\"query-input\":{\"@type\":\"PropertyValueSpecification\",\"valueRequired\":true,\"valueName\":\"search_term_string\"}}],\"inLanguage\":\"es\"},{\"@type\":\"Organization\",\"@id\":\"https:\/\/www.alovey.com\/#organization\",\"name\":\"Best Cosmetic Packaging Manufacture\",\"url\":\"https:\/\/www.alovey.com\/\",\"logo\":{\"@type\":\"ImageObject\",\"inLanguage\":\"es\",\"@id\":\"https:\/\/www.alovey.com\/#\/schema\/logo\/image\/\",\"url\":\"https:\/\/www.alovey.com\/wp-content\/uploads\/2023\/03\/logo.png\",\"contentUrl\":\"https:\/\/www.alovey.com\/wp-content\/uploads\/2023\/03\/logo.png\",\"width\":505,\"height\":180,\"caption\":\"Best  Cosmetic Packaging Manufacture\"},\"image\":{\"@id\":\"https:\/\/www.alovey.com\/#\/schema\/logo\/image\/\"}}]}<\/script>\n<!-- \/ Yoast SEO plugin. -->","yoast_head_json":{"title":"Round Metallic Pink Lip Gloss Tube with Collar 4ml","description":"This round metallic pink lip gloss tube measures approximately 18 \u00d7 109 mm and features a sleek cylindrical design with a matching collar.","robots":{"index":"index","follow":"follow","max-snippet":"max-snippet:-1","max-image-preview":"max-image-preview:large","max-video-preview":"max-video-preview:-1"},"canonical":"https:\/\/www.alovey.com\/es\/producto\/round-metallic-pink-lip-gloss-tube-with-collar-4ml\/","og_locale":"es_ES","og_type":"article","og_title":"Round Metallic Pink Lip Gloss Tube with Collar 4ml","og_description":"This round metallic pink lip gloss tube measures approximately 18 \u00d7 109 mm and features a sleek cylindrical design with a matching collar.","og_url":"https:\/\/www.alovey.com\/es\/producto\/round-metallic-pink-lip-gloss-tube-with-collar-4ml\/","og_site_name":"Best Cosmetic Packaging Manufacture","article_modified_time":"2026-01-17T08:14:44+00:00","og_image":[{"width":750,"height":750,"url":"https:\/\/www.alovey.com\/wp-content\/uploads\/2026\/01\/Round-Metallic-Pink-Lip-Gloss-Tube-with-Collar-4ml-1-1.jpg","type":"image\/jpeg"}],"twitter_card":"summary_large_image","twitter_misc":{"Tiempo de lectura":"2 minutos"},"schema":{"@context":"https:\/\/schema.org","@graph":[{"@type":"WebPage","@id":"https:\/\/www.alovey.com\/product\/round-metallic-pink-lip-gloss-tube-with-collar-4ml\/","url":"https:\/\/www.alovey.com\/product\/round-metallic-pink-lip-gloss-tube-with-collar-4ml\/","name":"Round Metallic Pink Lip Gloss Tube with Collar 4ml","isPartOf":{"@id":"https:\/\/www.alovey.com\/#website"},"primaryImageOfPage":{"@id":"https:\/\/www.alovey.com\/product\/round-metallic-pink-lip-gloss-tube-with-collar-4ml\/#primaryimage"},"image":{"@id":"https:\/\/www.alovey.com\/product\/round-metallic-pink-lip-gloss-tube-with-collar-4ml\/#primaryimage"},"thumbnailUrl":"https:\/\/www.alovey.com\/wp-content\/uploads\/2026\/01\/Round-Metallic-Pink-Lip-Gloss-Tube-with-Collar-4ml-1-1.jpg","datePublished":"2026-01-17T07:47:49+00:00","dateModified":"2026-01-17T08:14:44+00:00","description":"This round metallic pink lip gloss tube measures approximately 18 \u00d7 109 mm and features a sleek cylindrical design with a matching collar.","breadcrumb":{"@id":"https:\/\/www.alovey.com\/product\/round-metallic-pink-lip-gloss-tube-with-collar-4ml\/#breadcrumb"},"inLanguage":"es","potentialAction":[{"@type":"ReadAction","target":["https:\/\/www.alovey.com\/product\/round-metallic-pink-lip-gloss-tube-with-collar-4ml\/"]}]},{"@type":"ImageObject","inLanguage":"es","@id":"https:\/\/www.alovey.com\/product\/round-metallic-pink-lip-gloss-tube-with-collar-4ml\/#primaryimage","url":"https:\/\/www.alovey.com\/wp-content\/uploads\/2026\/01\/Round-Metallic-Pink-Lip-Gloss-Tube-with-Collar-4ml-1-1.jpg","contentUrl":"https:\/\/www.alovey.com\/wp-content\/uploads\/2026\/01\/Round-Metallic-Pink-Lip-Gloss-Tube-with-Collar-4ml-1-1.jpg","width":750,"height":750,"caption":"Round Metallic Pink Lip Gloss Tube with Collar 4ml"},{"@type":"BreadcrumbList","@id":"https:\/\/www.alovey.com\/product\/round-metallic-pink-lip-gloss-tube-with-collar-4ml\/#breadcrumb","itemListElement":[{"@type":"ListItem","position":1,"name":"\u9996\u9875","item":"https:\/\/www.alovey.com\/"},{"@type":"ListItem","position":2,"name":"Products","item":"https:\/\/www.alovey.com\/products\/"},{"@type":"ListItem","position":3,"name":"Round Metallic Pink Lip Gloss Tube with Collar 4ml"}]},{"@type":"WebSite","@id":"https:\/\/www.alovey.com\/#website","url":"https:\/\/www.alovey.com\/","name":"Best Cosmetic Packaging Manufacture","description":"Alovey Cosmetic Packaging S.L.","publisher":{"@id":"https:\/\/www.alovey.com\/#organization"},"potentialAction":[{"@type":"SearchAction","target":{"@type":"EntryPoint","urlTemplate":"https:\/\/www.alovey.com\/?s={search_term_string}"},"query-input":{"@type":"PropertyValueSpecification","valueRequired":true,"valueName":"search_term_string"}}],"inLanguage":"es"},{"@type":"Organization","@id":"https:\/\/www.alovey.com\/#organization","name":"Best Cosmetic Packaging Manufacture","url":"https:\/\/www.alovey.com\/","logo":{"@type":"ImageObject","inLanguage":"es","@id":"https:\/\/www.alovey.com\/#\/schema\/logo\/image\/","url":"https:\/\/www.alovey.com\/wp-content\/uploads\/2023\/03\/logo.png","contentUrl":"https:\/\/www.alovey.com\/wp-content\/uploads\/2023\/03\/logo.png","width":505,"height":180,"caption":"Best  Cosmetic Packaging Manufacture"},"image":{"@id":"https:\/\/www.alovey.com\/#\/schema\/logo\/image\/"}}]}},"_links":{"self":[{"href":"https:\/\/www.alovey.com\/es\/wp-json\/wp\/v2\/product\/12423"}],"collection":[{"href":"https:\/\/www.alovey.com\/es\/wp-json\/wp\/v2\/product"}],"about":[{"href":"https:\/\/www.alovey.com\/es\/wp-json\/wp\/v2\/types\/product"}],"wp:featuredmedia":[{"embeddable":true,"href":"https:\/\/www.alovey.com\/es\/wp-json\/wp\/v2\/media\/12431"}],"wp:attachment":[{"href":"https:\/\/www.alovey.com\/es\/wp-json\/wp\/v2\/media?parent=12423"}],"wp:term":[{"taxonomy":"product_brand","embeddable":true,"href":"https:\/\/www.alovey.com\/es\/wp-json\/wp\/v2\/product_brand?post=12423"},{"taxonomy":"product_cat","embeddable":true,"href":"https:\/\/www.alovey.com\/es\/wp-json\/wp\/v2\/product_cat?post=12423"},{"taxonomy":"product_tag","embeddable":true,"href":"https:\/\/www.alovey.com\/es\/wp-json\/wp\/v2\/product_tag?post=12423"}],"curies":[{"name":"wp","href":"https:\/\/api.w.org\/{rel}","templated":true}]}}