{"id":12241,"date":"2025-12-19T10:01:37","date_gmt":"2025-12-19T10:01:37","guid":{"rendered":"https:\/\/www.alovey.com\/?post_type=product&#038;p=12241"},"modified":"2025-12-22T02:45:31","modified_gmt":"2025-12-22T02:45:31","slug":"oem-blush-compact-case-with-dual-cream-pan","status":"publish","type":"product","link":"https:\/\/www.alovey.com\/es\/producto\/oem-blush-compact-case-with-dual-cream-pan\/","title":{"rendered":"OEM Blush Compact Case with Dual Cream Pan"},"content":{"rendered":"<p><strong>We welcome oem blush compact case .<\/strong><\/p>\n<p><strong>This OEM\u00a0blush compact case\u00a0features a smart 2-in-1 layout\u00a0designed to hold two cream blush shades\u00a0in one compact.<\/strong><\/p>\n<p><strong>Ideal for contouring, highlighting, or mixing tones, it delivers both functionality and a premium look for modern cosmetic brands.<\/strong><\/p>\n<p><strong>Key Features<\/strong><\/p>\n<p><strong>2 in-1 Dual Pan Design: Holds two cream blush formulas in one compact<\/strong><\/p>\n<p><strong>Cream-Formula Friendly Structure: Smooth inner surface for easy filling and clean application<\/strong><\/p>\n<p><strong>Compact &amp; Travel-Friendly: Slim profile, perfect for daily use and on-the-go touch-ups<\/strong><\/p>\n<p><strong>Secure Closure: Protects formulas from leakage and contamination<\/strong><\/p>\n<p><strong>OEM Customization Available: Logo printing, custom colors, finishes, pan sizes, and materials<\/strong><\/p>\n<p><strong>Benefits for Brands<\/strong><\/p>\n<p><strong>Perfect for shade pairing, contour + blush, or blush + highlight\u00a0concepts<\/strong><\/p>\n<p><strong>Supports OEM \/ private label development\u00a0with flexible MOQ<\/strong><\/p>\n<p><strong>Enhances product value while keeping packaging cost-efficient<\/strong><\/p>\n<p><strong>A versatile and trend-driven packaging solution that helps brands create multi-use cream blush products\u00a0with strong shelf and social appeal.<\/strong><\/p>\n<p><strong>Alovey, como fabricante profesional chino de envases para cosm\u00e9ticos, produce una exquisita gama de envases personalizados para cosm\u00e9ticos, meticulosamente elaborados para elevar su marca. Nuestra variada selecci\u00f3n de materiales de primera calidad, combinada con delicadas t\u00e9cnicas de acabado superficial como la serigraf\u00eda, la estampaci\u00f3n en caliente y la pulverizaci\u00f3n mate, garantiza que cada envase sea una obra maestra \u00fanica.<\/strong><\/p>\n<p><img fetchpriority=\"high\" decoding=\"async\" class=\"size-full wp-image-12245\" src=\"https:\/\/www.alovey.com\/wp-content\/uploads\/2025\/12\/OEM-Blush-Compact-Case-with-Dual-Cream-Pan-5.jpg\" alt=\"oem blush compact case\" width=\"750\" height=\"750\" srcset=\"https:\/\/www.alovey.com\/wp-content\/uploads\/2025\/12\/OEM-Blush-Compact-Case-with-Dual-Cream-Pan-5.jpg 750w, https:\/\/www.alovey.com\/wp-content\/uploads\/2025\/12\/OEM-Blush-Compact-Case-with-Dual-Cream-Pan-5-300x300.jpg 300w, https:\/\/www.alovey.com\/wp-content\/uploads\/2025\/12\/OEM-Blush-Compact-Case-with-Dual-Cream-Pan-5-150x150.jpg 150w, https:\/\/www.alovey.com\/wp-content\/uploads\/2025\/12\/OEM-Blush-Compact-Case-with-Dual-Cream-Pan-5-12x12.jpg 12w, https:\/\/www.alovey.com\/wp-content\/uploads\/2025\/12\/OEM-Blush-Compact-Case-with-Dual-Cream-Pan-5-600x600.jpg 600w, https:\/\/www.alovey.com\/wp-content\/uploads\/2025\/12\/OEM-Blush-Compact-Case-with-Dual-Cream-Pan-5-100x100.jpg 100w\" sizes=\"(max-width: 750px) 100vw, 750px\" \/><\/p>\n<p><img decoding=\"async\" class=\"size-full wp-image-12244\" src=\"https:\/\/www.alovey.com\/wp-content\/uploads\/2025\/12\/OEM-Blush-Compact-Case-with-Dual-Cream-Pan-4.jpg\" alt=\"oem blush compact case\" width=\"750\" height=\"750\" srcset=\"https:\/\/www.alovey.com\/wp-content\/uploads\/2025\/12\/OEM-Blush-Compact-Case-with-Dual-Cream-Pan-4.jpg 750w, https:\/\/www.alovey.com\/wp-content\/uploads\/2025\/12\/OEM-Blush-Compact-Case-with-Dual-Cream-Pan-4-300x300.jpg 300w, https:\/\/www.alovey.com\/wp-content\/uploads\/2025\/12\/OEM-Blush-Compact-Case-with-Dual-Cream-Pan-4-150x150.jpg 150w, https:\/\/www.alovey.com\/wp-content\/uploads\/2025\/12\/OEM-Blush-Compact-Case-with-Dual-Cream-Pan-4-12x12.jpg 12w, https:\/\/www.alovey.com\/wp-content\/uploads\/2025\/12\/OEM-Blush-Compact-Case-with-Dual-Cream-Pan-4-600x600.jpg 600w, https:\/\/www.alovey.com\/wp-content\/uploads\/2025\/12\/OEM-Blush-Compact-Case-with-Dual-Cream-Pan-4-100x100.jpg 100w\" sizes=\"(max-width: 750px) 100vw, 750px\" \/><\/p>\n<p><img decoding=\"async\" class=\"size-full wp-image-12243\" src=\"https:\/\/www.alovey.com\/wp-content\/uploads\/2025\/12\/OEM-Blush-Compact-Case-with-Dual-Cream-Pan-3.jpg\" alt=\"oem blush compact case\" width=\"750\" height=\"750\" srcset=\"https:\/\/www.alovey.com\/wp-content\/uploads\/2025\/12\/OEM-Blush-Compact-Case-with-Dual-Cream-Pan-3.jpg 750w, https:\/\/www.alovey.com\/wp-content\/uploads\/2025\/12\/OEM-Blush-Compact-Case-with-Dual-Cream-Pan-3-300x300.jpg 300w, https:\/\/www.alovey.com\/wp-content\/uploads\/2025\/12\/OEM-Blush-Compact-Case-with-Dual-Cream-Pan-3-150x150.jpg 150w, https:\/\/www.alovey.com\/wp-content\/uploads\/2025\/12\/OEM-Blush-Compact-Case-with-Dual-Cream-Pan-3-12x12.jpg 12w, https:\/\/www.alovey.com\/wp-content\/uploads\/2025\/12\/OEM-Blush-Compact-Case-with-Dual-Cream-Pan-3-600x600.jpg 600w, https:\/\/www.alovey.com\/wp-content\/uploads\/2025\/12\/OEM-Blush-Compact-Case-with-Dual-Cream-Pan-3-100x100.jpg 100w\" sizes=\"(max-width: 750px) 100vw, 750px\" \/><\/p>\n<p><img loading=\"lazy\" decoding=\"async\" class=\"size-full wp-image-12246\" src=\"https:\/\/www.alovey.com\/wp-content\/uploads\/2025\/12\/OEM-Blush-Compact-Case-with-Dual-Cream-Pan-6.jpg\" alt=\"oem blush compact case\" width=\"750\" height=\"750\" srcset=\"https:\/\/www.alovey.com\/wp-content\/uploads\/2025\/12\/OEM-Blush-Compact-Case-with-Dual-Cream-Pan-6.jpg 750w, https:\/\/www.alovey.com\/wp-content\/uploads\/2025\/12\/OEM-Blush-Compact-Case-with-Dual-Cream-Pan-6-300x300.jpg 300w, https:\/\/www.alovey.com\/wp-content\/uploads\/2025\/12\/OEM-Blush-Compact-Case-with-Dual-Cream-Pan-6-150x150.jpg 150w, https:\/\/www.alovey.com\/wp-content\/uploads\/2025\/12\/OEM-Blush-Compact-Case-with-Dual-Cream-Pan-6-12x12.jpg 12w, https:\/\/www.alovey.com\/wp-content\/uploads\/2025\/12\/OEM-Blush-Compact-Case-with-Dual-Cream-Pan-6-600x600.jpg 600w, https:\/\/www.alovey.com\/wp-content\/uploads\/2025\/12\/OEM-Blush-Compact-Case-with-Dual-Cream-Pan-6-100x100.jpg 100w\" sizes=\"(max-width: 750px) 100vw, 750px\" \/><\/p>\n<p><img loading=\"lazy\" decoding=\"async\" class=\"size-full wp-image-12247\" src=\"https:\/\/www.alovey.com\/wp-content\/uploads\/2025\/12\/OEM-Blush-Compact-Case-with-Dual-Cream-Pan-7.jpg\" alt=\"oem blush compact case\" width=\"630\" height=\"630\" srcset=\"https:\/\/www.alovey.com\/wp-content\/uploads\/2025\/12\/OEM-Blush-Compact-Case-with-Dual-Cream-Pan-7.jpg 630w, https:\/\/www.alovey.com\/wp-content\/uploads\/2025\/12\/OEM-Blush-Compact-Case-with-Dual-Cream-Pan-7-300x300.jpg 300w, https:\/\/www.alovey.com\/wp-content\/uploads\/2025\/12\/OEM-Blush-Compact-Case-with-Dual-Cream-Pan-7-150x150.jpg 150w, https:\/\/www.alovey.com\/wp-content\/uploads\/2025\/12\/OEM-Blush-Compact-Case-with-Dual-Cream-Pan-7-12x12.jpg 12w, https:\/\/www.alovey.com\/wp-content\/uploads\/2025\/12\/OEM-Blush-Compact-Case-with-Dual-Cream-Pan-7-600x600.jpg 600w, https:\/\/www.alovey.com\/wp-content\/uploads\/2025\/12\/OEM-Blush-Compact-Case-with-Dual-Cream-Pan-7-100x100.jpg 100w\" sizes=\"(max-width: 630px) 100vw, 630px\" \/><\/p>\n<p>&nbsp;<\/p>\n<p>&nbsp;<\/p>\n<p>&nbsp;<\/p>\n<p>&nbsp;<\/p>\n<p>&nbsp;<\/p>\n<p>&nbsp;<\/p>\n<p>&nbsp;<\/p>\n<p>&nbsp;<\/p>\n<p>&nbsp;<\/p>\n<p>&nbsp;<\/p>\n<p>&nbsp;<\/p>\n<p>&nbsp;<\/p>\n<p>&nbsp;<\/p>\n<p>&nbsp;<\/p>\n<p>&nbsp;<\/p>\n<p>&nbsp;<\/p>\n<p>&nbsp;<\/p>\n<p>&nbsp;<\/p>\n<p>&nbsp;<\/p>\n<p>&nbsp;<\/p>\n<p>&nbsp;<\/p>\n<p>&nbsp;<\/p>\n<p>&nbsp;<\/p>\n<p>&nbsp;<\/p>\n<p>&nbsp;<\/p>\n<p>&nbsp;<\/p>\n<p>&nbsp;<\/p>\n<p>&nbsp;<\/p>\n<p>&nbsp;<\/p>\n<p>&nbsp;<\/p>\n<p>&nbsp;<\/p>\n<p>&nbsp;<\/p>\n<p>&nbsp;<\/p>\n<p>&nbsp;<\/p>\n<p>&nbsp;<\/p>\n<p>&nbsp;<\/p>\n<p>&nbsp;<\/p>\n<p>&nbsp;<\/p>\n<p>&nbsp;<\/p>\n<p>&nbsp;<\/p>\n<p>&nbsp;<\/p>\n<p>&nbsp;<\/p>\n<p>&nbsp;<\/p>\n<p>&nbsp;<\/p>\n<p>&nbsp;<\/p>\n<p>&nbsp;<\/p>\n<p>&nbsp;<\/p>\n<p>&nbsp;<\/p>\n<p>&nbsp;<\/p>\n<p>&nbsp;<\/p>\n<p>&nbsp;<\/p>\n<p>&nbsp;<\/p>\n<p>&nbsp;<\/p>\n<p>&nbsp;<\/p>\n<p>&nbsp;<\/p>\n<p>&nbsp;<\/p>\n<p>&nbsp;<\/p>\n<p>&nbsp;<\/p>\n<p>&nbsp;<\/p>\n<p>&nbsp;<\/p>\n<p>&nbsp;<\/p>\n<p>&nbsp;<\/p>\n<p>&nbsp;<\/p>\n<p>&nbsp;<\/p>\n<p>&nbsp;<\/p>\n<p>&nbsp;<\/p>\n<p>&nbsp;<\/p>\n<p>&nbsp;<\/p>\n<p>&nbsp;<\/p>\n<p>&nbsp;<\/p>\n<p>&nbsp;<\/p>\n<p>&nbsp;<\/p>\n<p>&nbsp;<\/p>\n<p>&nbsp;<\/p>\n<p>&nbsp;<\/p>\n<p>&nbsp;<\/p>\n<p>&nbsp;<\/p>\n<p>&nbsp;<\/p>\n<p>&nbsp;<\/p>\n<p>&nbsp;<\/p>\n<p>&nbsp;<\/p>\n<p>&nbsp;<\/p>\n<p>&nbsp;<\/p>\n<p>&nbsp;<\/p>\n<p>&nbsp;<\/p>\n<p>&nbsp;<\/p>\n<p>&nbsp;<\/p>\n<p>&nbsp;<\/p>\n<p>&nbsp;<\/p>\n<p>&nbsp;<\/p>\n<p>&nbsp;<\/p>\n<p>&nbsp;<\/p>\n<p>&nbsp;<\/p>\n<p>&nbsp;<\/p>\n<p>&nbsp;<\/p>\n<p>&nbsp;<\/p>\n<p>&nbsp;<\/p>\n<p>&nbsp;<\/p>\n<p>&nbsp;<\/p>\n<p>&nbsp;<\/p>\n<p>&nbsp;<\/p>\n<p>&nbsp;<\/p>\n<p>&nbsp;<\/p>\n<p>&nbsp;<\/p>\n<p>&nbsp;<\/p>\n<p>&nbsp;<\/p>\n<p>&nbsp;<\/p>\n<p>&nbsp;<\/p>\n<p>&nbsp;<\/p>\n<p>&nbsp;<\/p>\n<p>&nbsp;<\/p>\n<p>&nbsp;<\/p>\n<p>&nbsp;<\/p>\n<p>&nbsp;<\/p>\n<p>&nbsp;<\/p>\n<p>&nbsp;<\/p>\n<p>&nbsp;<\/p>\n<p>&nbsp;<\/p>\n<p>&nbsp;<\/p>\n<p>&nbsp;<\/p>\n<p>&nbsp;<\/p>\n<p>&nbsp;<\/p>\n<p>&nbsp;<\/p>\n<p>&nbsp;<\/p>\n<p>&nbsp;<\/p>\n<p>&nbsp;<\/p>\n<p>&nbsp;<\/p>\n<p>&nbsp;<\/p>\n<p>&nbsp;<\/p>\n<p>&nbsp;<\/p>\n<p>&nbsp;<\/p>\n<p>&nbsp;<\/p>\n<p>&nbsp;<\/p>\n<p>&nbsp;<\/p>\n<p>&nbsp;<\/p>\n<p>&nbsp;<\/p>\n<p>&nbsp;<\/p>\n<p>&nbsp;<\/p>\n<p>&nbsp;<\/p>\n<p>&nbsp;<\/p>\n<p>&nbsp;<\/p>\n<p>&nbsp;<\/p>\n<p>&nbsp;<\/p>\n<p>&nbsp;<\/p>\n<p>&nbsp;<\/p>\n<p>&nbsp;<\/p>\n<p>&nbsp;<\/p>\n<p>&nbsp;<\/p>\n<p>&nbsp;<\/p>\n<p>&nbsp;<\/p>\n<p>&nbsp;<\/p>\n<p>&nbsp;<\/p>\n<p>&nbsp;<\/p>\n<p>&nbsp;<\/p>\n<p>&nbsp;<\/p>\n<p>&nbsp;<\/p>\n<p>&nbsp;<\/p>\n<p>&nbsp;<\/p>\n<p>&nbsp;<\/p>\n<p>&nbsp;<\/p>\n<p>&nbsp;<\/p>\n<p>&nbsp;<\/p>\n<p>&nbsp;<\/p>","protected":false},"excerpt":{"rendered":"<ul>\n<li>Item No: E-0536B<\/li>\n<li>Material:\u00a0Plastic<\/li>\n<li>Size:\u00a0L68*36*H11mm(d23.5)<\/li>\n<li>Aplicaciones: Productos de belleza<\/li>\n<li>MOQ: 12.000 piezas<\/li>\n<li>Color: Color personalizado<\/li>\n<li>Surface treatment: Injection\/Matte\/Materialization\/UV coating<\/li>\n<li>Nombre de marca: OEM\/ODM<\/li>\n<li>Logotipo: Logotipo del cliente<\/li>\n<li>Capacidad de suministro: 100.000 piezas al mes<\/li>\n<\/ul>","protected":false},"featured_media":12243,"template":"","meta":{"_acf_changed":false},"product_brand":[],"product_cat":[380],"product_tag":[448,387],"class_list":{"0":"post-12241","1":"product","2":"type-product","3":"status-publish","4":"has-post-thumbnail","6":"product_cat-cosmetic-compact-powder-cases","7":"product_tag-2-in-1cosmetic-tube","8":"product_tag-compact-powder-case","10":"first","11":"instock","12":"shipping-taxable","13":"product-type-simple"},"acf":[],"yoast_head":"<!-- This site is optimized with the Yoast SEO plugin v24.1 - https:\/\/yoast.com\/wordpress\/plugins\/seo\/ -->\n<title>OEM Blush Compact Case with Dual Cream Pan<\/title>\n<meta name=\"description\" content=\"We welcome oem blush compact caseThis OEM blush compact case features a smart 2-in-1 layout designed to hold two cream blush shades in one compact.\" \/>\n<meta name=\"robots\" content=\"index, follow, max-snippet:-1, max-image-preview:large, max-video-preview:-1\" \/>\n<link rel=\"canonical\" href=\"https:\/\/www.alovey.com\/es\/producto\/oem-blush-compact-case-with-dual-cream-pan\/\" \/>\n<meta property=\"og:locale\" content=\"es_ES\" \/>\n<meta property=\"og:type\" content=\"article\" \/>\n<meta property=\"og:title\" content=\"OEM Blush Compact Case with Dual Cream Pan\" \/>\n<meta property=\"og:description\" content=\"We welcome oem blush compact caseThis OEM blush compact case features a smart 2-in-1 layout designed to hold two cream blush shades in one compact.\" \/>\n<meta property=\"og:url\" content=\"https:\/\/www.alovey.com\/es\/producto\/oem-blush-compact-case-with-dual-cream-pan\/\" \/>\n<meta property=\"og:site_name\" content=\"Best Cosmetic Packaging Manufacture\" \/>\n<meta property=\"article:modified_time\" content=\"2025-12-22T02:45:31+00:00\" \/>\n<meta property=\"og:image\" content=\"https:\/\/www.alovey.com\/wp-content\/uploads\/2025\/12\/OEM-Blush-Compact-Case-with-Dual-Cream-Pan-3.jpg\" \/>\n\t<meta property=\"og:image:width\" content=\"750\" \/>\n\t<meta property=\"og:image:height\" content=\"750\" \/>\n\t<meta property=\"og:image:type\" content=\"image\/jpeg\" \/>\n<meta name=\"twitter:card\" content=\"summary_large_image\" \/>\n<meta name=\"twitter:label1\" content=\"Tiempo de lectura\" \/>\n\t<meta name=\"twitter:data1\" content=\"3 minutos\" \/>\n<script type=\"application\/ld+json\" class=\"yoast-schema-graph\">{\"@context\":\"https:\/\/schema.org\",\"@graph\":[{\"@type\":\"WebPage\",\"@id\":\"https:\/\/www.alovey.com\/product\/oem-blush-compact-case-with-dual-cream-pan\/\",\"url\":\"https:\/\/www.alovey.com\/product\/oem-blush-compact-case-with-dual-cream-pan\/\",\"name\":\"OEM Blush Compact Case with Dual Cream Pan\",\"isPartOf\":{\"@id\":\"https:\/\/www.alovey.com\/#website\"},\"primaryImageOfPage\":{\"@id\":\"https:\/\/www.alovey.com\/product\/oem-blush-compact-case-with-dual-cream-pan\/#primaryimage\"},\"image\":{\"@id\":\"https:\/\/www.alovey.com\/product\/oem-blush-compact-case-with-dual-cream-pan\/#primaryimage\"},\"thumbnailUrl\":\"https:\/\/www.alovey.com\/wp-content\/uploads\/2025\/12\/OEM-Blush-Compact-Case-with-Dual-Cream-Pan-3.jpg\",\"datePublished\":\"2025-12-19T10:01:37+00:00\",\"dateModified\":\"2025-12-22T02:45:31+00:00\",\"description\":\"We welcome oem blush compact caseThis OEM blush compact case features a smart 2-in-1 layout designed to hold two cream blush shades in one compact.\",\"breadcrumb\":{\"@id\":\"https:\/\/www.alovey.com\/product\/oem-blush-compact-case-with-dual-cream-pan\/#breadcrumb\"},\"inLanguage\":\"es\",\"potentialAction\":[{\"@type\":\"ReadAction\",\"target\":[\"https:\/\/www.alovey.com\/product\/oem-blush-compact-case-with-dual-cream-pan\/\"]}]},{\"@type\":\"ImageObject\",\"inLanguage\":\"es\",\"@id\":\"https:\/\/www.alovey.com\/product\/oem-blush-compact-case-with-dual-cream-pan\/#primaryimage\",\"url\":\"https:\/\/www.alovey.com\/wp-content\/uploads\/2025\/12\/OEM-Blush-Compact-Case-with-Dual-Cream-Pan-3.jpg\",\"contentUrl\":\"https:\/\/www.alovey.com\/wp-content\/uploads\/2025\/12\/OEM-Blush-Compact-Case-with-Dual-Cream-Pan-3.jpg\",\"width\":750,\"height\":750,\"caption\":\"oem blush compact case\"},{\"@type\":\"BreadcrumbList\",\"@id\":\"https:\/\/www.alovey.com\/product\/oem-blush-compact-case-with-dual-cream-pan\/#breadcrumb\",\"itemListElement\":[{\"@type\":\"ListItem\",\"position\":1,\"name\":\"\u9996\u9875\",\"item\":\"https:\/\/www.alovey.com\/\"},{\"@type\":\"ListItem\",\"position\":2,\"name\":\"Products\",\"item\":\"https:\/\/www.alovey.com\/products\/\"},{\"@type\":\"ListItem\",\"position\":3,\"name\":\"OEM Blush Compact Case with Dual Cream Pan\"}]},{\"@type\":\"WebSite\",\"@id\":\"https:\/\/www.alovey.com\/#website\",\"url\":\"https:\/\/www.alovey.com\/\",\"name\":\"Best Cosmetic Packaging Manufacture\",\"description\":\"Alovey Cosmetic Packaging Co.,Ltd\",\"publisher\":{\"@id\":\"https:\/\/www.alovey.com\/#organization\"},\"potentialAction\":[{\"@type\":\"SearchAction\",\"target\":{\"@type\":\"EntryPoint\",\"urlTemplate\":\"https:\/\/www.alovey.com\/?s={search_term_string}\"},\"query-input\":{\"@type\":\"PropertyValueSpecification\",\"valueRequired\":true,\"valueName\":\"search_term_string\"}}],\"inLanguage\":\"es\"},{\"@type\":\"Organization\",\"@id\":\"https:\/\/www.alovey.com\/#organization\",\"name\":\"Best Cosmetic Packaging Manufacture\",\"url\":\"https:\/\/www.alovey.com\/\",\"logo\":{\"@type\":\"ImageObject\",\"inLanguage\":\"es\",\"@id\":\"https:\/\/www.alovey.com\/#\/schema\/logo\/image\/\",\"url\":\"https:\/\/www.alovey.com\/wp-content\/uploads\/2023\/03\/logo.png\",\"contentUrl\":\"https:\/\/www.alovey.com\/wp-content\/uploads\/2023\/03\/logo.png\",\"width\":505,\"height\":180,\"caption\":\"Best  Cosmetic Packaging Manufacture\"},\"image\":{\"@id\":\"https:\/\/www.alovey.com\/#\/schema\/logo\/image\/\"}}]}<\/script>\n<!-- \/ Yoast SEO plugin. -->","yoast_head_json":{"title":"OEM Blush Compact Case with Dual Cream Pan","description":"We welcome oem blush compact caseThis OEM blush compact case features a smart 2-in-1 layout designed to hold two cream blush shades in one compact.","robots":{"index":"index","follow":"follow","max-snippet":"max-snippet:-1","max-image-preview":"max-image-preview:large","max-video-preview":"max-video-preview:-1"},"canonical":"https:\/\/www.alovey.com\/es\/producto\/oem-blush-compact-case-with-dual-cream-pan\/","og_locale":"es_ES","og_type":"article","og_title":"OEM Blush Compact Case with Dual Cream Pan","og_description":"We welcome oem blush compact caseThis OEM blush compact case features a smart 2-in-1 layout designed to hold two cream blush shades in one compact.","og_url":"https:\/\/www.alovey.com\/es\/producto\/oem-blush-compact-case-with-dual-cream-pan\/","og_site_name":"Best Cosmetic Packaging Manufacture","article_modified_time":"2025-12-22T02:45:31+00:00","og_image":[{"width":750,"height":750,"url":"https:\/\/www.alovey.com\/wp-content\/uploads\/2025\/12\/OEM-Blush-Compact-Case-with-Dual-Cream-Pan-3.jpg","type":"image\/jpeg"}],"twitter_card":"summary_large_image","twitter_misc":{"Tiempo de lectura":"3 minutos"},"schema":{"@context":"https:\/\/schema.org","@graph":[{"@type":"WebPage","@id":"https:\/\/www.alovey.com\/product\/oem-blush-compact-case-with-dual-cream-pan\/","url":"https:\/\/www.alovey.com\/product\/oem-blush-compact-case-with-dual-cream-pan\/","name":"OEM Blush Compact Case with Dual Cream Pan","isPartOf":{"@id":"https:\/\/www.alovey.com\/#website"},"primaryImageOfPage":{"@id":"https:\/\/www.alovey.com\/product\/oem-blush-compact-case-with-dual-cream-pan\/#primaryimage"},"image":{"@id":"https:\/\/www.alovey.com\/product\/oem-blush-compact-case-with-dual-cream-pan\/#primaryimage"},"thumbnailUrl":"https:\/\/www.alovey.com\/wp-content\/uploads\/2025\/12\/OEM-Blush-Compact-Case-with-Dual-Cream-Pan-3.jpg","datePublished":"2025-12-19T10:01:37+00:00","dateModified":"2025-12-22T02:45:31+00:00","description":"We welcome oem blush compact caseThis OEM blush compact case features a smart 2-in-1 layout designed to hold two cream blush shades in one compact.","breadcrumb":{"@id":"https:\/\/www.alovey.com\/product\/oem-blush-compact-case-with-dual-cream-pan\/#breadcrumb"},"inLanguage":"es","potentialAction":[{"@type":"ReadAction","target":["https:\/\/www.alovey.com\/product\/oem-blush-compact-case-with-dual-cream-pan\/"]}]},{"@type":"ImageObject","inLanguage":"es","@id":"https:\/\/www.alovey.com\/product\/oem-blush-compact-case-with-dual-cream-pan\/#primaryimage","url":"https:\/\/www.alovey.com\/wp-content\/uploads\/2025\/12\/OEM-Blush-Compact-Case-with-Dual-Cream-Pan-3.jpg","contentUrl":"https:\/\/www.alovey.com\/wp-content\/uploads\/2025\/12\/OEM-Blush-Compact-Case-with-Dual-Cream-Pan-3.jpg","width":750,"height":750,"caption":"oem blush compact case"},{"@type":"BreadcrumbList","@id":"https:\/\/www.alovey.com\/product\/oem-blush-compact-case-with-dual-cream-pan\/#breadcrumb","itemListElement":[{"@type":"ListItem","position":1,"name":"\u9996\u9875","item":"https:\/\/www.alovey.com\/"},{"@type":"ListItem","position":2,"name":"Products","item":"https:\/\/www.alovey.com\/products\/"},{"@type":"ListItem","position":3,"name":"OEM Blush Compact Case with Dual Cream Pan"}]},{"@type":"WebSite","@id":"https:\/\/www.alovey.com\/#website","url":"https:\/\/www.alovey.com\/","name":"Best Cosmetic Packaging Manufacture","description":"Alovey Cosmetic Packaging S.L.","publisher":{"@id":"https:\/\/www.alovey.com\/#organization"},"potentialAction":[{"@type":"SearchAction","target":{"@type":"EntryPoint","urlTemplate":"https:\/\/www.alovey.com\/?s={search_term_string}"},"query-input":{"@type":"PropertyValueSpecification","valueRequired":true,"valueName":"search_term_string"}}],"inLanguage":"es"},{"@type":"Organization","@id":"https:\/\/www.alovey.com\/#organization","name":"Best Cosmetic Packaging Manufacture","url":"https:\/\/www.alovey.com\/","logo":{"@type":"ImageObject","inLanguage":"es","@id":"https:\/\/www.alovey.com\/#\/schema\/logo\/image\/","url":"https:\/\/www.alovey.com\/wp-content\/uploads\/2023\/03\/logo.png","contentUrl":"https:\/\/www.alovey.com\/wp-content\/uploads\/2023\/03\/logo.png","width":505,"height":180,"caption":"Best  Cosmetic Packaging Manufacture"},"image":{"@id":"https:\/\/www.alovey.com\/#\/schema\/logo\/image\/"}}]}},"_links":{"self":[{"href":"https:\/\/www.alovey.com\/es\/wp-json\/wp\/v2\/product\/12241"}],"collection":[{"href":"https:\/\/www.alovey.com\/es\/wp-json\/wp\/v2\/product"}],"about":[{"href":"https:\/\/www.alovey.com\/es\/wp-json\/wp\/v2\/types\/product"}],"wp:featuredmedia":[{"embeddable":true,"href":"https:\/\/www.alovey.com\/es\/wp-json\/wp\/v2\/media\/12243"}],"wp:attachment":[{"href":"https:\/\/www.alovey.com\/es\/wp-json\/wp\/v2\/media?parent=12241"}],"wp:term":[{"taxonomy":"product_brand","embeddable":true,"href":"https:\/\/www.alovey.com\/es\/wp-json\/wp\/v2\/product_brand?post=12241"},{"taxonomy":"product_cat","embeddable":true,"href":"https:\/\/www.alovey.com\/es\/wp-json\/wp\/v2\/product_cat?post=12241"},{"taxonomy":"product_tag","embeddable":true,"href":"https:\/\/www.alovey.com\/es\/wp-json\/wp\/v2\/product_tag?post=12241"}],"curies":[{"name":"wp","href":"https:\/\/api.w.org\/{rel}","templated":true}]}}